{"id":101432,"date":"2020-06-30T11:45:42","date_gmt":"2020-06-30T09:45:42","guid":{"rendered":"https:\/\/www.vetorino.com\/boutique\/product\/recharge-spray-pour-collier-deducation-spray-petsafe-col796\/"},"modified":"2025-11-12T09:41:37","modified_gmt":"2025-11-12T08:41:37","slug":"recharge-spray-pour-collier-deducation-spray-petsafe-col796","status":"publish","type":"product","link":"https:\/\/www.vetorino.com\/veterinaire\/confolens-16500\/boutique\/product\/recharge-spray-pour-collier-deducation-spray-petsafe-col796\/","title":{"rendered":"Recharge spray inodore \/ citronnelle"},"content":{"rendered":"<div class=\"hidden\">MATERIEL<\/div>\n<div class=\"hidden\">Chiens<\/div>\n<p>Les cartouches de recharge pour spray PetSafe\u00ae sont faciles \u00e0 remplacer, sans d\u00e9g\u00e2ts. Il vous suffit de retirer la cartouche vide et de la remplacer par une cartouche neuve. Les cartouches de recharge inodores sont id\u00e9ales pour les chiens sensibles &#8211; un petit jet sur le museau sans ajout d\u2019huiles parfum\u00e9es ni de parfums. La cartouche de recharge pour spray PetSafe\u00ae est recyclable \u00e0 100 % et sans danger pour vous et votre chien !<\/p>\n<ul>\n<li>Colliers compatibles &#8211; La recharge pour spray PetSafe\u00ae &#8211; Citronelle est destin\u00e9e aux colliers de dressage \u00e0 jet PetSafe\u00ae COL796.<\/li>\n<li>Facile \u00e0 remplacer &#8211; Les cartouches de recharge sont faciles \u00e0 remplacer; il vous suffit de retirer la cartouche vide et de la remplacer par une cartouche de recharge neuve.<\/li>\n<li>Recyclable \u00e0 100% \u2013 Les cartouches de recharge pour spray PetSafe\u00ae jetables sont recyclables \u00e0 100%.<\/li>\n<\/ul>\n","protected":false},"excerpt":{"rendered":"<p>Cette recharge de spray inodore \/ citronnelle a \u00e9t\u00e9 con\u00e7ue sp\u00e9cialement pour les syst\u00e8mes anti-aboiements PetSafe et les syst\u00e8mes de dressage PetSafe.<\/p>\n<p>Caract\u00e9ristiques &#8211; Recharge spray inodore PetSafe :<br \/>\n&#8211; 300-400 jets suppl\u00e9mentaires par recharge<br \/>\n&#8211; Ne tache pas<br \/>\n&#8211; Sans danger pour l&#8217;environnement<br \/>\n&#8211; Compatible avec tout collier anti-aboiements \u00e0 jet ou syst\u00e8me de dressage \u00e0 jet PetSafe\u00ae<\/p>\n<p>Ces accessoires ne n\u00e9cessite pas de pile<\/p>\n","protected":false},"featured_media":624733,"template":"","meta":[],"product_cat":[2698,2789],"product_tag":[],"class_list":{"0":"post-101432","1":"product","2":"type-product","3":"status-publish","4":"has-post-thumbnail","6":"product_cat-chien","7":"product_cat-systemes-anti-aboiements","8":"pa_marque-petsafe","10":"first","11":"instock","12":"taxable","13":"shipping-taxable","14":"purchasable","15":"product-type-variable"},"yoast_head":"<!-- This site is optimized with the Yoast SEO plugin v27.3 - https:\/\/yoast.com\/product\/yoast-seo-wordpress\/ -->\n<title>Recharge spray inodore \/ citronnelle PetSafe - V\u00e9torino<\/title>\n<meta name=\"description\" content=\"Cette recharge de spray inodore \/ citronnelle a \u00e9t\u00e9 con\u00e7ue sp\u00e9cialement pour les syst\u00e8mes anti-aboiements PetSafe et les syst\u00e8mes de dressage PetSafe.  Caract\u00e9ristiques - Recharge spray inodore PetSafe : - 300-400 jets suppl\u00e9mentaires par recharge - Ne tache pas - Sans danger pour l&#039;environnement - Compatible avec tout collier anti-aboiements \u00e0 jet ou syst\u00e8me de dressage \u00e0 jet PetSafe\u00ae  Ces accessoires ne n\u00e9cessite pas de pile\" \/>\n<meta name=\"robots\" content=\"noindex, nofollow\" \/>\n<meta property=\"og:locale\" content=\"fr_FR\" \/>\n<meta property=\"og:type\" content=\"article\" \/>\n<meta property=\"og:title\" content=\"Recharge spray inodore \/ citronnelle PetSafe - V\u00e9torino\" \/>\n<meta property=\"og:description\" content=\"Cette recharge de spray inodore \/ citronnelle a \u00e9t\u00e9 con\u00e7ue sp\u00e9cialement pour les syst\u00e8mes anti-aboiements PetSafe et les syst\u00e8mes de dressage PetSafe.  Caract\u00e9ristiques - Recharge spray inodore PetSafe : - 300-400 jets suppl\u00e9mentaires par recharge - Ne tache pas - Sans danger pour l&#039;environnement - Compatible avec tout collier anti-aboiements \u00e0 jet ou syst\u00e8me de dressage \u00e0 jet PetSafe\u00ae  Ces accessoires ne n\u00e9cessite pas de pile\" \/>\n<meta property=\"og:url\" content=\"https:\/\/www.vetorino.com\/veterinaire\/confolens-16500\/boutique\/product\/recharge-spray-pour-collier-deducation-spray-petsafe-col796\/\" \/>\n<meta property=\"og:site_name\" content=\"V\u00e9torino\" \/>\n<meta property=\"article:publisher\" content=\"https:\/\/www.facebook.com\/Vetorino\/\" \/>\n<meta property=\"article:modified_time\" content=\"2025-11-12T08:41:37+00:00\" \/>\n<meta property=\"og:image\" content=\"https:\/\/www.vetorino.com\/boutique\/wp-content\/uploads\/2020\/06\/pet-safe-recharge-spray-citronnelle-1.jpg\" \/>\n\t<meta property=\"og:image:width\" content=\"700\" \/>\n\t<meta property=\"og:image:height\" content=\"700\" \/>\n\t<meta property=\"og:image:type\" content=\"image\/jpeg\" \/>\n<meta name=\"twitter:card\" content=\"summary_large_image\" \/>\n<meta name=\"twitter:label1\" content=\"Disponibilit\u00e9\" \/>\n\t<meta name=\"twitter:data1\" content=\"En stock\" \/>\n<script type=\"application\/ld+json\" class=\"yoast-schema-graph\">{\"@context\":\"https:\\\/\\\/schema.org\",\"@graph\":[{\"@type\":\"WebPage\",\"@id\":\"https:\\\/\\\/www.vetorino.com\\\/boutique\\\/product\\\/recharge-spray-pour-collier-deducation-spray-petsafe-col796\\\/\",\"url\":\"https:\\\/\\\/www.vetorino.com\\\/boutique\\\/product\\\/recharge-spray-pour-collier-deducation-spray-petsafe-col796\\\/\",\"name\":\"Recharge spray inodore \\\/ citronnelle PetSafe - V\u00e9torino\",\"isPartOf\":{\"@id\":\"https:\\\/\\\/www.vetorino.com\\\/boutique\\\/#website\"},\"primaryImageOfPage\":{\"@id\":\"https:\\\/\\\/www.vetorino.com\\\/boutique\\\/product\\\/recharge-spray-pour-collier-deducation-spray-petsafe-col796\\\/#primaryimage\"},\"image\":{\"@id\":\"https:\\\/\\\/www.vetorino.com\\\/boutique\\\/product\\\/recharge-spray-pour-collier-deducation-spray-petsafe-col796\\\/#primaryimage\"},\"thumbnailUrl\":\"https:\\\/\\\/www.vetorino.com\\\/boutique\\\/wp-content\\\/uploads\\\/2020\\\/06\\\/pet-safe-recharge-spray-citronnelle-1.jpg\",\"datePublished\":\"2020-06-30T09:45:42+00:00\",\"dateModified\":\"2025-11-12T08:41:37+00:00\",\"description\":\"Cette recharge de spray inodore \\\/ citronnelle a \u00e9t\u00e9 con\u00e7ue sp\u00e9cialement pour les syst\u00e8mes anti-aboiements PetSafe et les syst\u00e8mes de dressage PetSafe. Caract\u00e9ristiques - Recharge spray inodore PetSafe : - 300-400 jets suppl\u00e9mentaires par recharge - Ne tache pas - Sans danger pour l'environnement - Compatible avec tout collier anti-aboiements \u00e0 jet ou syst\u00e8me de dressage \u00e0 jet PetSafe\u00ae Ces accessoires ne n\u00e9cessite pas de pile\",\"breadcrumb\":{\"@id\":\"https:\\\/\\\/www.vetorino.com\\\/boutique\\\/product\\\/recharge-spray-pour-collier-deducation-spray-petsafe-col796\\\/#breadcrumb\"},\"inLanguage\":\"fr-FR\",\"potentialAction\":[{\"@type\":\"ReadAction\",\"target\":[\"https:\\\/\\\/www.vetorino.com\\\/boutique\\\/product\\\/recharge-spray-pour-collier-deducation-spray-petsafe-col796\\\/\"]}]},{\"@type\":\"ImageObject\",\"inLanguage\":\"fr-FR\",\"@id\":\"https:\\\/\\\/www.vetorino.com\\\/boutique\\\/product\\\/recharge-spray-pour-collier-deducation-spray-petsafe-col796\\\/#primaryimage\",\"url\":\"https:\\\/\\\/www.vetorino.com\\\/boutique\\\/wp-content\\\/uploads\\\/2020\\\/06\\\/pet-safe-recharge-spray-citronnelle-1.jpg\",\"contentUrl\":\"https:\\\/\\\/www.vetorino.com\\\/boutique\\\/wp-content\\\/uploads\\\/2020\\\/06\\\/pet-safe-recharge-spray-citronnelle-1.jpg\",\"width\":700,\"height\":700},{\"@type\":\"BreadcrumbList\",\"@id\":\"https:\\\/\\\/www.vetorino.com\\\/boutique\\\/product\\\/recharge-spray-pour-collier-deducation-spray-petsafe-col796\\\/#breadcrumb\",\"itemListElement\":[{\"@type\":\"ListItem\",\"position\":1,\"name\":\"Accueil\",\"item\":\"https:\\\/\\\/www.vetorino.com\\\/boutique\\\/\"},{\"@type\":\"ListItem\",\"position\":2,\"name\":\"Produits\",\"item\":\"https:\\\/\\\/www.vetorino.com\\\/boutique\\\/\"},{\"@type\":\"ListItem\",\"position\":3,\"name\":\"Recharge spray inodore \\\/ citronnelle\"}]},{\"@type\":\"WebSite\",\"@id\":\"https:\\\/\\\/www.vetorino.com\\\/boutique\\\/#website\",\"url\":\"https:\\\/\\\/www.vetorino.com\\\/boutique\\\/\",\"name\":\"V\u00e9torino\",\"description\":\"\",\"publisher\":{\"@id\":\"https:\\\/\\\/www.vetorino.com\\\/boutique\\\/#organization\"},\"potentialAction\":[{\"@type\":\"SearchAction\",\"target\":{\"@type\":\"EntryPoint\",\"urlTemplate\":\"https:\\\/\\\/www.vetorino.com\\\/boutique\\\/?s={search_term_string}\"},\"query-input\":{\"@type\":\"PropertyValueSpecification\",\"valueRequired\":true,\"valueName\":\"search_term_string\"}}],\"inLanguage\":\"fr-FR\"},{\"@type\":\"Organization\",\"@id\":\"https:\\\/\\\/www.vetorino.com\\\/boutique\\\/#organization\",\"name\":\"V\u00e9torino\",\"url\":\"https:\\\/\\\/www.vetorino.com\\\/boutique\\\/\",\"logo\":{\"@type\":\"ImageObject\",\"inLanguage\":\"fr-FR\",\"@id\":\"https:\\\/\\\/www.vetorino.com\\\/boutique\\\/#\\\/schema\\\/logo\\\/image\\\/\",\"url\":\"https:\\\/\\\/www.vetorino.com\\\/boutique\\\/wp-content\\\/uploads\\\/2024\\\/10\\\/logo.jpg\",\"contentUrl\":\"https:\\\/\\\/www.vetorino.com\\\/boutique\\\/wp-content\\\/uploads\\\/2024\\\/10\\\/logo.jpg\",\"width\":1200,\"height\":610,\"caption\":\"V\u00e9torino\"},\"image\":{\"@id\":\"https:\\\/\\\/www.vetorino.com\\\/boutique\\\/#\\\/schema\\\/logo\\\/image\\\/\"},\"sameAs\":[\"https:\\\/\\\/www.facebook.com\\\/Vetorino\\\/\",\"https:\\\/\\\/www.instagram.com\\\/vetorino_off\\\/\",\"https:\\\/\\\/www.linkedin.com\\\/company\\\/vtorino\\\/\"]}]}<\/script>\n<meta property=\"product:brand\" content=\"PetSafe\" \/>\n<meta property=\"og:availability\" content=\"instock\" \/>\n<meta property=\"product:availability\" content=\"instock\" \/>\n<meta property=\"product:condition\" content=\"new\" \/>\n<!-- \/ Yoast SEO plugin. -->","yoast_head_json":{"title":"Recharge spray inodore \/ citronnelle PetSafe - V\u00e9torino","description":"Cette recharge de spray inodore \/ citronnelle a \u00e9t\u00e9 con\u00e7ue sp\u00e9cialement pour les syst\u00e8mes anti-aboiements PetSafe et les syst\u00e8mes de dressage PetSafe.  Caract\u00e9ristiques - Recharge spray inodore PetSafe : - 300-400 jets suppl\u00e9mentaires par recharge - Ne tache pas - Sans danger pour l'environnement - Compatible avec tout collier anti-aboiements \u00e0 jet ou syst\u00e8me de dressage \u00e0 jet PetSafe\u00ae  Ces accessoires ne n\u00e9cessite pas de pile","robots":{"index":"noindex","follow":"nofollow"},"og_locale":"fr_FR","og_type":"article","og_title":"Recharge spray inodore \/ citronnelle PetSafe - V\u00e9torino","og_description":"Cette recharge de spray inodore \/ citronnelle a \u00e9t\u00e9 con\u00e7ue sp\u00e9cialement pour les syst\u00e8mes anti-aboiements PetSafe et les syst\u00e8mes de dressage PetSafe.  Caract\u00e9ristiques - Recharge spray inodore PetSafe : - 300-400 jets suppl\u00e9mentaires par recharge - Ne tache pas - Sans danger pour l'environnement - Compatible avec tout collier anti-aboiements \u00e0 jet ou syst\u00e8me de dressage \u00e0 jet PetSafe\u00ae  Ces accessoires ne n\u00e9cessite pas de pile","og_url":"https:\/\/www.vetorino.com\/veterinaire\/confolens-16500\/boutique\/product\/recharge-spray-pour-collier-deducation-spray-petsafe-col796\/","og_site_name":"V\u00e9torino","article_publisher":"https:\/\/www.facebook.com\/Vetorino\/","article_modified_time":"2025-11-12T08:41:37+00:00","og_image":[{"width":700,"height":700,"url":"https:\/\/www.vetorino.com\/boutique\/wp-content\/uploads\/2020\/06\/pet-safe-recharge-spray-citronnelle-1.jpg","type":"image\/jpeg"}],"twitter_card":"summary_large_image","twitter_misc":{"Disponibilit\u00e9":"En stock"},"schema":{"@context":"https:\/\/schema.org","@graph":[{"@type":"WebPage","@id":"https:\/\/www.vetorino.com\/boutique\/product\/recharge-spray-pour-collier-deducation-spray-petsafe-col796\/","url":"https:\/\/www.vetorino.com\/boutique\/product\/recharge-spray-pour-collier-deducation-spray-petsafe-col796\/","name":"Recharge spray inodore \/ citronnelle PetSafe - V\u00e9torino","isPartOf":{"@id":"https:\/\/www.vetorino.com\/boutique\/#website"},"primaryImageOfPage":{"@id":"https:\/\/www.vetorino.com\/boutique\/product\/recharge-spray-pour-collier-deducation-spray-petsafe-col796\/#primaryimage"},"image":{"@id":"https:\/\/www.vetorino.com\/boutique\/product\/recharge-spray-pour-collier-deducation-spray-petsafe-col796\/#primaryimage"},"thumbnailUrl":"https:\/\/www.vetorino.com\/boutique\/wp-content\/uploads\/2020\/06\/pet-safe-recharge-spray-citronnelle-1.jpg","datePublished":"2020-06-30T09:45:42+00:00","dateModified":"2025-11-12T08:41:37+00:00","description":"Cette recharge de spray inodore \/ citronnelle a \u00e9t\u00e9 con\u00e7ue sp\u00e9cialement pour les syst\u00e8mes anti-aboiements PetSafe et les syst\u00e8mes de dressage PetSafe. Caract\u00e9ristiques - Recharge spray inodore PetSafe : - 300-400 jets suppl\u00e9mentaires par recharge - Ne tache pas - Sans danger pour l'environnement - Compatible avec tout collier anti-aboiements \u00e0 jet ou syst\u00e8me de dressage \u00e0 jet PetSafe\u00ae Ces accessoires ne n\u00e9cessite pas de pile","breadcrumb":{"@id":"https:\/\/www.vetorino.com\/boutique\/product\/recharge-spray-pour-collier-deducation-spray-petsafe-col796\/#breadcrumb"},"inLanguage":"fr-FR","potentialAction":[{"@type":"ReadAction","target":["https:\/\/www.vetorino.com\/boutique\/product\/recharge-spray-pour-collier-deducation-spray-petsafe-col796\/"]}]},{"@type":"ImageObject","inLanguage":"fr-FR","@id":"https:\/\/www.vetorino.com\/boutique\/product\/recharge-spray-pour-collier-deducation-spray-petsafe-col796\/#primaryimage","url":"https:\/\/www.vetorino.com\/boutique\/wp-content\/uploads\/2020\/06\/pet-safe-recharge-spray-citronnelle-1.jpg","contentUrl":"https:\/\/www.vetorino.com\/boutique\/wp-content\/uploads\/2020\/06\/pet-safe-recharge-spray-citronnelle-1.jpg","width":700,"height":700},{"@type":"BreadcrumbList","@id":"https:\/\/www.vetorino.com\/boutique\/product\/recharge-spray-pour-collier-deducation-spray-petsafe-col796\/#breadcrumb","itemListElement":[{"@type":"ListItem","position":1,"name":"Accueil","item":"https:\/\/www.vetorino.com\/boutique\/"},{"@type":"ListItem","position":2,"name":"Produits","item":"https:\/\/www.vetorino.com\/boutique\/"},{"@type":"ListItem","position":3,"name":"Recharge spray inodore \/ citronnelle"}]},{"@type":"WebSite","@id":"https:\/\/www.vetorino.com\/boutique\/#website","url":"https:\/\/www.vetorino.com\/boutique\/","name":"V\u00e9torino","description":"","publisher":{"@id":"https:\/\/www.vetorino.com\/boutique\/#organization"},"potentialAction":[{"@type":"SearchAction","target":{"@type":"EntryPoint","urlTemplate":"https:\/\/www.vetorino.com\/boutique\/?s={search_term_string}"},"query-input":{"@type":"PropertyValueSpecification","valueRequired":true,"valueName":"search_term_string"}}],"inLanguage":"fr-FR"},{"@type":"Organization","@id":"https:\/\/www.vetorino.com\/boutique\/#organization","name":"V\u00e9torino","url":"https:\/\/www.vetorino.com\/boutique\/","logo":{"@type":"ImageObject","inLanguage":"fr-FR","@id":"https:\/\/www.vetorino.com\/boutique\/#\/schema\/logo\/image\/","url":"https:\/\/www.vetorino.com\/boutique\/wp-content\/uploads\/2024\/10\/logo.jpg","contentUrl":"https:\/\/www.vetorino.com\/boutique\/wp-content\/uploads\/2024\/10\/logo.jpg","width":1200,"height":610,"caption":"V\u00e9torino"},"image":{"@id":"https:\/\/www.vetorino.com\/boutique\/#\/schema\/logo\/image\/"},"sameAs":["https:\/\/www.facebook.com\/Vetorino\/","https:\/\/www.instagram.com\/vetorino_off\/","https:\/\/www.linkedin.com\/company\/vtorino\/"]}]},"product_brand":"PetSafe","og_availability":"instock","product_availability":"instock","product_condition":"new"},"_links":{"self":[{"href":"https:\/\/www.vetorino.com\/veterinaire\/confolens-16500\/boutique\/wp-json\/wp\/v2\/product\/101432","targetHints":{"allow":["GET"]}}],"collection":[{"href":"https:\/\/www.vetorino.com\/veterinaire\/confolens-16500\/boutique\/wp-json\/wp\/v2\/product"}],"about":[{"href":"https:\/\/www.vetorino.com\/veterinaire\/confolens-16500\/boutique\/wp-json\/wp\/v2\/types\/product"}],"wp:featuredmedia":[{"embeddable":true,"href":"https:\/\/www.vetorino.com\/veterinaire\/confolens-16500\/boutique\/wp-json\/wp\/v2\/media\/624733"}],"wp:attachment":[{"href":"https:\/\/www.vetorino.com\/veterinaire\/confolens-16500\/boutique\/wp-json\/wp\/v2\/media?parent=101432"}],"wp:term":[{"taxonomy":"product_cat","embeddable":true,"href":"https:\/\/www.vetorino.com\/veterinaire\/confolens-16500\/boutique\/wp-json\/wp\/v2\/product_cat?post=101432"},{"taxonomy":"product_tag","embeddable":true,"href":"https:\/\/www.vetorino.com\/veterinaire\/confolens-16500\/boutique\/wp-json\/wp\/v2\/product_tag?post=101432"}],"curies":[{"name":"wp","href":"https:\/\/api.w.org\/{rel}","templated":true}]}}