{"id":101551,"date":"2020-06-30T11:48:26","date_gmt":"2020-06-30T09:48:26","guid":{"rendered":"https:\/\/www.vetorino.com\/boutique\/product\/repas-complet-cochon-dinde-motri\/"},"modified":"2024-08-28T02:42:09","modified_gmt":"2024-08-28T00:42:09","slug":"repas-complet-cochon-dinde-motri","status":"publish","type":"product","link":"https:\/\/www.vetorino.com\/veterinaire\/confolens-16500\/boutique\/product\/repas-complet-cochon-dinde-motri\/","title":{"rendered":"Repas Complet Cochon d&#8217;Inde Motri"},"content":{"rendered":"<div class='hidden'>HAMI FORM SARL SOCEC<\/div>\n<div class='hidden'>Rongeurs<\/div>\n<div class='hidden'>Sec<\/div>\n<div class='hidden'>Granul\u00e9s<\/div>\n<div class='hidden'>Cochon d&#8217;inde &#8211; Adulte<\/div>\n<p>Le Cochon d&#8217;Inde Motri a \u00e9t\u00e9 sp\u00e9cifiquement \u00e9tudi\u00e9 pour am\u00e9liorer et entretenir la bonne condition physique de votre animal de compagnie. Afin de lui donner les \u00e9l\u00e9ments indispensables \u00e0 son \u00e9quilibre int\u00e9rieur, ce repas a \u00e9t\u00e9 soigneusement dos\u00e9 en Vitamine C &amp; E, et en acides amin\u00e9s k\u00e9lat\u00e9s.<br \/>Gr\u00e2ce \u00e0 l&#8217;importante diversit\u00e9 et au grand nombre de ses composants (gramin\u00e9es, l\u00e9gumineux, ombellif\u00e8res, plantes aromatiques et autres issus du c&#338;ur de foin), le Cochon d&#8217;Inde Motri rappelle par son go\u00fbt et son odeur ce que votre rongeur aurait instinctivement cherch\u00e9 dans la nature. Votre animal de compagnie retrouve les \u00e9l\u00e9ments naturels essentiels \u00e0 l&#8217;am\u00e9lioration et au maintien d&#8217;une bonne sant\u00e9.<\/p>\n","protected":false},"excerpt":{"rendered":"<p>HAMI FORM SARL SOCEC Rongeurs Sec Granul\u00e9s Cochon d&#8217;inde &#8211; Adulte Le Cochon d&#8217;Inde Motri a \u00e9t\u00e9 sp\u00e9cifiquement \u00e9tudi\u00e9 pour am\u00e9liorer et entretenir la bonne condition physique de votre animal de compagnie. Afin de lui donner les \u00e9l\u00e9ments indispensables \u00e0 son \u00e9quilibre int\u00e9rieur, ce repas a \u00e9t\u00e9 soigneusement dos\u00e9 en Vitamine C &amp; E, et [&hellip;]<\/p>\n","protected":false},"featured_media":101550,"template":"","meta":[],"product_cat":[6892,2727,12570],"product_tag":[],"class_list":{"0":"post-101551","1":"product","2":"type-product","3":"status-publish","4":"has-post-thumbnail","6":"product_cat-cochons-dinde","7":"product_cat-nac","8":"product_cat-rongeur","9":"pa_marque-hami-form-sarl-socec","11":"first","12":"outofstock","13":"taxable","14":"shipping-taxable","15":"purchasable","16":"product-type-simple"},"yoast_head":"<!-- This site is optimized with the Yoast SEO plugin v27.3 - https:\/\/yoast.com\/product\/yoast-seo-wordpress\/ -->\n<title>Repas Complet Cochon d&#039;Inde Motri HAMI FORM SARL SOCEC - V\u00e9torino<\/title>\n<meta name=\"description\" content=\"HAMI FORM SARL SOCECRongeursSecGranul\u00e9sCochon d&#039;inde - AdulteLe Cochon d&#039;Inde Motri a \u00e9t\u00e9 sp\u00e9cifiquement \u00e9tudi\u00e9 pour am\u00e9liorer et entretenir la bonne\" \/>\n<meta name=\"robots\" content=\"noindex, nofollow\" \/>\n<meta property=\"og:locale\" content=\"fr_FR\" \/>\n<meta property=\"og:type\" content=\"article\" \/>\n<meta property=\"og:title\" content=\"Repas Complet Cochon d&#039;Inde Motri HAMI FORM SARL SOCEC - V\u00e9torino\" \/>\n<meta property=\"og:description\" content=\"HAMI FORM SARL SOCECRongeursSecGranul\u00e9sCochon d&#039;inde - AdulteLe Cochon d&#039;Inde Motri a \u00e9t\u00e9 sp\u00e9cifiquement \u00e9tudi\u00e9 pour am\u00e9liorer et entretenir la bonne\" \/>\n<meta property=\"og:url\" content=\"https:\/\/www.vetorino.com\/veterinaire\/confolens-16500\/boutique\/product\/repas-complet-cochon-dinde-motri\/\" \/>\n<meta property=\"og:site_name\" content=\"V\u00e9torino\" \/>\n<meta property=\"article:publisher\" content=\"https:\/\/www.facebook.com\/Vetorino\/\" \/>\n<meta property=\"article:modified_time\" content=\"2024-08-28T00:42:09+00:00\" \/>\n<meta property=\"og:image\" content=\"https:\/\/www.vetorino.com\/boutique\/wp-content\/uploads\/2020\/06\/FilsREP031FormatMediumTypeIM.png\" \/>\n\t<meta property=\"og:image:width\" content=\"400\" \/>\n\t<meta property=\"og:image:height\" content=\"400\" \/>\n\t<meta property=\"og:image:type\" content=\"image\/png\" \/>\n<meta name=\"twitter:card\" content=\"summary_large_image\" \/>\n<meta name=\"twitter:label1\" content=\"Prix\" \/>\n\t<meta name=\"twitter:data1\" content=\"5,89&euro;\" \/>\n\t<meta name=\"twitter:label2\" content=\"Disponibilit\u00e9\" \/>\n\t<meta name=\"twitter:data2\" content=\"Rupture de stock\" \/>\n<script type=\"application\/ld+json\" class=\"yoast-schema-graph\">{\"@context\":\"https:\\\/\\\/schema.org\",\"@graph\":[{\"@type\":\"WebPage\",\"@id\":\"https:\\\/\\\/www.vetorino.com\\\/boutique\\\/product\\\/repas-complet-cochon-dinde-motri\\\/\",\"url\":\"https:\\\/\\\/www.vetorino.com\\\/boutique\\\/product\\\/repas-complet-cochon-dinde-motri\\\/\",\"name\":\"Repas Complet Cochon d'Inde Motri HAMI FORM SARL SOCEC - V\u00e9torino\",\"isPartOf\":{\"@id\":\"https:\\\/\\\/www.vetorino.com\\\/boutique\\\/#website\"},\"primaryImageOfPage\":{\"@id\":\"https:\\\/\\\/www.vetorino.com\\\/boutique\\\/product\\\/repas-complet-cochon-dinde-motri\\\/#primaryimage\"},\"image\":{\"@id\":\"https:\\\/\\\/www.vetorino.com\\\/boutique\\\/product\\\/repas-complet-cochon-dinde-motri\\\/#primaryimage\"},\"thumbnailUrl\":\"https:\\\/\\\/www.vetorino.com\\\/boutique\\\/wp-content\\\/uploads\\\/2020\\\/06\\\/FilsREP031FormatMediumTypeIM.png\",\"datePublished\":\"2020-06-30T09:48:26+00:00\",\"dateModified\":\"2024-08-28T00:42:09+00:00\",\"description\":\"HAMI FORM SARL SOCECRongeursSecGranul\u00e9sCochon d'inde - AdulteLe Cochon d'Inde Motri a \u00e9t\u00e9 sp\u00e9cifiquement \u00e9tudi\u00e9 pour am\u00e9liorer et entretenir la bonne\",\"breadcrumb\":{\"@id\":\"https:\\\/\\\/www.vetorino.com\\\/boutique\\\/product\\\/repas-complet-cochon-dinde-motri\\\/#breadcrumb\"},\"inLanguage\":\"fr-FR\",\"potentialAction\":[{\"@type\":\"ReadAction\",\"target\":[\"https:\\\/\\\/www.vetorino.com\\\/boutique\\\/product\\\/repas-complet-cochon-dinde-motri\\\/\"]}]},{\"@type\":\"ImageObject\",\"inLanguage\":\"fr-FR\",\"@id\":\"https:\\\/\\\/www.vetorino.com\\\/boutique\\\/product\\\/repas-complet-cochon-dinde-motri\\\/#primaryimage\",\"url\":\"https:\\\/\\\/www.vetorino.com\\\/boutique\\\/wp-content\\\/uploads\\\/2020\\\/06\\\/FilsREP031FormatMediumTypeIM.png\",\"contentUrl\":\"https:\\\/\\\/www.vetorino.com\\\/boutique\\\/wp-content\\\/uploads\\\/2020\\\/06\\\/FilsREP031FormatMediumTypeIM.png\",\"width\":400,\"height\":400},{\"@type\":\"BreadcrumbList\",\"@id\":\"https:\\\/\\\/www.vetorino.com\\\/boutique\\\/product\\\/repas-complet-cochon-dinde-motri\\\/#breadcrumb\",\"itemListElement\":[{\"@type\":\"ListItem\",\"position\":1,\"name\":\"Accueil\",\"item\":\"https:\\\/\\\/www.vetorino.com\\\/boutique\\\/\"},{\"@type\":\"ListItem\",\"position\":2,\"name\":\"Produits\",\"item\":\"https:\\\/\\\/www.vetorino.com\\\/boutique\\\/\"},{\"@type\":\"ListItem\",\"position\":3,\"name\":\"Repas Complet Cochon d&#8217;Inde Motri\"}]},{\"@type\":\"WebSite\",\"@id\":\"https:\\\/\\\/www.vetorino.com\\\/boutique\\\/#website\",\"url\":\"https:\\\/\\\/www.vetorino.com\\\/boutique\\\/\",\"name\":\"V\u00e9torino\",\"description\":\"\",\"publisher\":{\"@id\":\"https:\\\/\\\/www.vetorino.com\\\/boutique\\\/#organization\"},\"potentialAction\":[{\"@type\":\"SearchAction\",\"target\":{\"@type\":\"EntryPoint\",\"urlTemplate\":\"https:\\\/\\\/www.vetorino.com\\\/boutique\\\/?s={search_term_string}\"},\"query-input\":{\"@type\":\"PropertyValueSpecification\",\"valueRequired\":true,\"valueName\":\"search_term_string\"}}],\"inLanguage\":\"fr-FR\"},{\"@type\":\"Organization\",\"@id\":\"https:\\\/\\\/www.vetorino.com\\\/boutique\\\/#organization\",\"name\":\"V\u00e9torino\",\"url\":\"https:\\\/\\\/www.vetorino.com\\\/boutique\\\/\",\"logo\":{\"@type\":\"ImageObject\",\"inLanguage\":\"fr-FR\",\"@id\":\"https:\\\/\\\/www.vetorino.com\\\/boutique\\\/#\\\/schema\\\/logo\\\/image\\\/\",\"url\":\"https:\\\/\\\/www.vetorino.com\\\/boutique\\\/wp-content\\\/uploads\\\/2024\\\/10\\\/logo.jpg\",\"contentUrl\":\"https:\\\/\\\/www.vetorino.com\\\/boutique\\\/wp-content\\\/uploads\\\/2024\\\/10\\\/logo.jpg\",\"width\":1200,\"height\":610,\"caption\":\"V\u00e9torino\"},\"image\":{\"@id\":\"https:\\\/\\\/www.vetorino.com\\\/boutique\\\/#\\\/schema\\\/logo\\\/image\\\/\"},\"sameAs\":[\"https:\\\/\\\/www.facebook.com\\\/Vetorino\\\/\",\"https:\\\/\\\/www.instagram.com\\\/vetorino_off\\\/\",\"https:\\\/\\\/www.linkedin.com\\\/company\\\/vtorino\\\/\"]}]}<\/script>\n<meta property=\"product:brand\" content=\"HAMI FORM SARL SOCEC\" \/>\n<meta property=\"product:price:amount\" content=\"5.89\" \/>\n<meta property=\"product:price:currency\" content=\"EUR\" \/>\n<meta property=\"og:availability\" content=\"out of stock\" \/>\n<meta property=\"product:availability\" content=\"out of stock\" \/>\n<meta property=\"product:retailer_item_id\" content=\"C-REP031\" \/>\n<meta property=\"product:condition\" content=\"new\" \/>\n<!-- \/ Yoast SEO plugin. -->","yoast_head_json":{"title":"Repas Complet Cochon d'Inde Motri HAMI FORM SARL SOCEC - V\u00e9torino","description":"HAMI FORM SARL SOCECRongeursSecGranul\u00e9sCochon d'inde - AdulteLe Cochon d'Inde Motri a \u00e9t\u00e9 sp\u00e9cifiquement \u00e9tudi\u00e9 pour am\u00e9liorer et entretenir la bonne","robots":{"index":"noindex","follow":"nofollow"},"og_locale":"fr_FR","og_type":"article","og_title":"Repas Complet Cochon d'Inde Motri HAMI FORM SARL SOCEC - V\u00e9torino","og_description":"HAMI FORM SARL SOCECRongeursSecGranul\u00e9sCochon d'inde - AdulteLe Cochon d'Inde Motri a \u00e9t\u00e9 sp\u00e9cifiquement \u00e9tudi\u00e9 pour am\u00e9liorer et entretenir la bonne","og_url":"https:\/\/www.vetorino.com\/veterinaire\/confolens-16500\/boutique\/product\/repas-complet-cochon-dinde-motri\/","og_site_name":"V\u00e9torino","article_publisher":"https:\/\/www.facebook.com\/Vetorino\/","article_modified_time":"2024-08-28T00:42:09+00:00","og_image":[{"width":400,"height":400,"url":"https:\/\/www.vetorino.com\/boutique\/wp-content\/uploads\/2020\/06\/FilsREP031FormatMediumTypeIM.png","type":"image\/png"}],"twitter_card":"summary_large_image","twitter_misc":{"Prix":"5,89&euro;","Disponibilit\u00e9":"Rupture de stock"},"schema":{"@context":"https:\/\/schema.org","@graph":[{"@type":"WebPage","@id":"https:\/\/www.vetorino.com\/boutique\/product\/repas-complet-cochon-dinde-motri\/","url":"https:\/\/www.vetorino.com\/boutique\/product\/repas-complet-cochon-dinde-motri\/","name":"Repas Complet Cochon d'Inde Motri HAMI FORM SARL SOCEC - V\u00e9torino","isPartOf":{"@id":"https:\/\/www.vetorino.com\/boutique\/#website"},"primaryImageOfPage":{"@id":"https:\/\/www.vetorino.com\/boutique\/product\/repas-complet-cochon-dinde-motri\/#primaryimage"},"image":{"@id":"https:\/\/www.vetorino.com\/boutique\/product\/repas-complet-cochon-dinde-motri\/#primaryimage"},"thumbnailUrl":"https:\/\/www.vetorino.com\/boutique\/wp-content\/uploads\/2020\/06\/FilsREP031FormatMediumTypeIM.png","datePublished":"2020-06-30T09:48:26+00:00","dateModified":"2024-08-28T00:42:09+00:00","description":"HAMI FORM SARL SOCECRongeursSecGranul\u00e9sCochon d'inde - AdulteLe Cochon d'Inde Motri a \u00e9t\u00e9 sp\u00e9cifiquement \u00e9tudi\u00e9 pour am\u00e9liorer et entretenir la bonne","breadcrumb":{"@id":"https:\/\/www.vetorino.com\/boutique\/product\/repas-complet-cochon-dinde-motri\/#breadcrumb"},"inLanguage":"fr-FR","potentialAction":[{"@type":"ReadAction","target":["https:\/\/www.vetorino.com\/boutique\/product\/repas-complet-cochon-dinde-motri\/"]}]},{"@type":"ImageObject","inLanguage":"fr-FR","@id":"https:\/\/www.vetorino.com\/boutique\/product\/repas-complet-cochon-dinde-motri\/#primaryimage","url":"https:\/\/www.vetorino.com\/boutique\/wp-content\/uploads\/2020\/06\/FilsREP031FormatMediumTypeIM.png","contentUrl":"https:\/\/www.vetorino.com\/boutique\/wp-content\/uploads\/2020\/06\/FilsREP031FormatMediumTypeIM.png","width":400,"height":400},{"@type":"BreadcrumbList","@id":"https:\/\/www.vetorino.com\/boutique\/product\/repas-complet-cochon-dinde-motri\/#breadcrumb","itemListElement":[{"@type":"ListItem","position":1,"name":"Accueil","item":"https:\/\/www.vetorino.com\/boutique\/"},{"@type":"ListItem","position":2,"name":"Produits","item":"https:\/\/www.vetorino.com\/boutique\/"},{"@type":"ListItem","position":3,"name":"Repas Complet Cochon d&#8217;Inde Motri"}]},{"@type":"WebSite","@id":"https:\/\/www.vetorino.com\/boutique\/#website","url":"https:\/\/www.vetorino.com\/boutique\/","name":"V\u00e9torino","description":"","publisher":{"@id":"https:\/\/www.vetorino.com\/boutique\/#organization"},"potentialAction":[{"@type":"SearchAction","target":{"@type":"EntryPoint","urlTemplate":"https:\/\/www.vetorino.com\/boutique\/?s={search_term_string}"},"query-input":{"@type":"PropertyValueSpecification","valueRequired":true,"valueName":"search_term_string"}}],"inLanguage":"fr-FR"},{"@type":"Organization","@id":"https:\/\/www.vetorino.com\/boutique\/#organization","name":"V\u00e9torino","url":"https:\/\/www.vetorino.com\/boutique\/","logo":{"@type":"ImageObject","inLanguage":"fr-FR","@id":"https:\/\/www.vetorino.com\/boutique\/#\/schema\/logo\/image\/","url":"https:\/\/www.vetorino.com\/boutique\/wp-content\/uploads\/2024\/10\/logo.jpg","contentUrl":"https:\/\/www.vetorino.com\/boutique\/wp-content\/uploads\/2024\/10\/logo.jpg","width":1200,"height":610,"caption":"V\u00e9torino"},"image":{"@id":"https:\/\/www.vetorino.com\/boutique\/#\/schema\/logo\/image\/"},"sameAs":["https:\/\/www.facebook.com\/Vetorino\/","https:\/\/www.instagram.com\/vetorino_off\/","https:\/\/www.linkedin.com\/company\/vtorino\/"]}]},"product_brand":"HAMI FORM SARL SOCEC","product_price_amount":"5.89","product_price_currency":"EUR","og_availability":"out of stock","product_availability":"out of stock","product_retailer_item_id":"C-REP031","product_condition":"new"},"_links":{"self":[{"href":"https:\/\/www.vetorino.com\/veterinaire\/confolens-16500\/boutique\/wp-json\/wp\/v2\/product\/101551","targetHints":{"allow":["GET"]}}],"collection":[{"href":"https:\/\/www.vetorino.com\/veterinaire\/confolens-16500\/boutique\/wp-json\/wp\/v2\/product"}],"about":[{"href":"https:\/\/www.vetorino.com\/veterinaire\/confolens-16500\/boutique\/wp-json\/wp\/v2\/types\/product"}],"wp:featuredmedia":[{"embeddable":true,"href":"https:\/\/www.vetorino.com\/veterinaire\/confolens-16500\/boutique\/wp-json\/wp\/v2\/media\/101550"}],"wp:attachment":[{"href":"https:\/\/www.vetorino.com\/veterinaire\/confolens-16500\/boutique\/wp-json\/wp\/v2\/media?parent=101551"}],"wp:term":[{"taxonomy":"product_cat","embeddable":true,"href":"https:\/\/www.vetorino.com\/veterinaire\/confolens-16500\/boutique\/wp-json\/wp\/v2\/product_cat?post=101551"},{"taxonomy":"product_tag","embeddable":true,"href":"https:\/\/www.vetorino.com\/veterinaire\/confolens-16500\/boutique\/wp-json\/wp\/v2\/product_tag?post=101551"}],"curies":[{"name":"wp","href":"https:\/\/api.w.org\/{rel}","templated":true}]}}