{"id":101658,"date":"2020-06-30T11:50:08","date_gmt":"2020-06-30T09:50:08","guid":{"rendered":"https:\/\/www.vetorino.com\/boutique\/product\/rumiflash\/"},"modified":"2026-03-03T09:41:53","modified_gmt":"2026-03-03T08:41:53","slug":"rumiflash","status":"publish","type":"product","link":"https:\/\/www.vetorino.com\/veterinaire\/confolens-16500\/boutique\/product\/rumiflash\/","title":{"rendered":"Rumi&#8217;Flash"},"content":{"rendered":"<p>RumiFlash est un <strong>aliment compl\u00e9mentaire<\/strong> pour ruminants adultes <strong>pour relancer le rumen.<\/strong><\/p>\n<p><strong>Caract\u00e9ristiques :<\/strong><\/p>\n<ul>\n<li>Les vitamines B1, B9 et B12, contenues dans RumiFlash et dont la synth\u00e8se est tr\u00e8s limit\u00e9e lors d\u2019acidose, jouent un r\u00f4le important dans le m\u00e9tabolisme \u00e9nerg\u00e9tique et prot\u00e9ique.<\/li>\n<li>Sa teneur en huiles essentielles, extraits\u00a0v\u00e9g\u00e9taux (Gentiane) et en Saponine, stimule la production de salive qui am\u00e9liore la digestion des nutriments.<\/li>\n<li>L\u2019apport \u00e9nerg\u00e9tique est assur\u00e9 par le Propionate de Sodium.<\/li>\n<li>Sorbitol, Choline Rumino-prot\u00e9g\u00e9e et Silymarin viennent compl\u00e9ter la formulation.<\/li>\n<\/ul>\n","protected":false},"excerpt":{"rendered":"<p>RumiFlash est un <strong>aliment compl\u00e9mentaire<\/strong> pour ruminants adultes <strong>pour relancer le rumen.<\/strong><\/p>\n<p><strong>Caract\u00e9ristiques :<\/strong><\/p>\n<ul>\n<li>Les vitamines B1, B9 et B12, contenues dans RumiFlash et dont la synth\u00e8se est tr\u00e8s limit\u00e9e lors d\u2019acidose, jouent un r\u00f4le important dans le m\u00e9tabolisme \u00e9nerg\u00e9tique et prot\u00e9ique.<\/li>\n<li>Sa teneur en huiles essentielles, extraits\u00a0v\u00e9g\u00e9taux (Gentiane) et en Saponine, stimule la production de salive qui am\u00e9liore la digestion des nutriments.<\/li>\n<li>L\u2019apport \u00e9nerg\u00e9tique est assur\u00e9 par le Propionate de Sodium.<\/li>\n<li>Sorbitol, Choline Rumino-prot\u00e9g\u00e9e et Silymarin viennent compl\u00e9ter la formulation.<\/li>\n<\/ul>\n","protected":false},"featured_media":1435331,"template":"","meta":[],"product_cat":[6864,6870,6871,6873],"product_tag":[],"class_list":{"0":"post-101658","1":"product","2":"type-product","3":"status-publish","4":"has-post-thumbnail","6":"product_cat-animaux-delevage","7":"product_cat-bovins","8":"product_cat-caprins","9":"product_cat-ovins","10":"pa_marque-nutri-science","12":"first","13":"instock","14":"taxable","15":"shipping-taxable","16":"purchasable","17":"product-type-simple"},"yoast_head":"<!-- This site is optimized with the Yoast SEO plugin v27.3 - https:\/\/yoast.com\/product\/yoast-seo-wordpress\/ -->\n<title>Rumi&#039;Flash Obione - V\u00e9torino<\/title>\n<meta name=\"description\" content=\"RumiFlash est un aliment compl\u00e9mentaire pour ruminants adultes pour relancer le rumen.  Caract\u00e9ristiques :   Les vitamines B1, B9 et B12, contenues dans RumiFlash et dont la synth\u00e8se est tr\u00e8s limit\u00e9e lors d\u2019acidose, jouent un r\u00f4le important dans le m\u00e9tabolisme \u00e9nerg\u00e9tique et prot\u00e9ique.  Sa teneur en huiles essentielles, extraits\u00a0v\u00e9g\u00e9taux (Gentiane) et en Saponine, stimule la production de salive qui am\u00e9liore la digestion des nutriments.  L\u2019apport \u00e9nerg\u00e9tique est assur\u00e9 par le Propionate de Sodium.  Sorbitol, Choline Rumino-prot\u00e9g\u00e9e et Silymarin viennent compl\u00e9ter la formulation.\" \/>\n<meta name=\"robots\" content=\"noindex, nofollow\" \/>\n<meta property=\"og:locale\" content=\"fr_FR\" \/>\n<meta property=\"og:type\" content=\"article\" \/>\n<meta property=\"og:title\" content=\"Rumi&#039;Flash Obione - V\u00e9torino\" \/>\n<meta property=\"og:description\" content=\"RumiFlash est un aliment compl\u00e9mentaire pour ruminants adultes pour relancer le rumen.  Caract\u00e9ristiques :   Les vitamines B1, B9 et B12, contenues dans RumiFlash et dont la synth\u00e8se est tr\u00e8s limit\u00e9e lors d\u2019acidose, jouent un r\u00f4le important dans le m\u00e9tabolisme \u00e9nerg\u00e9tique et prot\u00e9ique.  Sa teneur en huiles essentielles, extraits\u00a0v\u00e9g\u00e9taux (Gentiane) et en Saponine, stimule la production de salive qui am\u00e9liore la digestion des nutriments.  L\u2019apport \u00e9nerg\u00e9tique est assur\u00e9 par le Propionate de Sodium.  Sorbitol, Choline Rumino-prot\u00e9g\u00e9e et Silymarin viennent compl\u00e9ter la formulation.\" \/>\n<meta property=\"og:url\" content=\"https:\/\/www.vetorino.com\/veterinaire\/confolens-16500\/boutique\/product\/rumiflash\/\" \/>\n<meta property=\"og:site_name\" content=\"V\u00e9torino\" \/>\n<meta property=\"article:publisher\" content=\"https:\/\/www.facebook.com\/Vetorino\/\" \/>\n<meta property=\"article:modified_time\" content=\"2026-03-03T08:41:53+00:00\" \/>\n<meta property=\"og:image\" content=\"https:\/\/www.vetorino.com\/boutique\/wp-content\/uploads\/2020\/06\/Rumiflash-sachet-03.2024-1.webp\" \/>\n\t<meta property=\"og:image:width\" content=\"1024\" \/>\n\t<meta property=\"og:image:height\" content=\"1024\" \/>\n\t<meta property=\"og:image:type\" content=\"image\/webp\" \/>\n<meta name=\"twitter:card\" content=\"summary_large_image\" \/>\n<meta name=\"twitter:label1\" content=\"Prix\" \/>\n\t<meta name=\"twitter:data1\" content=\"107,71&euro;\" \/>\n\t<meta name=\"twitter:label2\" content=\"Disponibilit\u00e9\" \/>\n\t<meta name=\"twitter:data2\" content=\"En stock\" \/>\n<script type=\"application\/ld+json\" class=\"yoast-schema-graph\">{\"@context\":\"https:\\\/\\\/schema.org\",\"@graph\":[{\"@type\":\"WebPage\",\"@id\":\"https:\\\/\\\/www.vetorino.com\\\/boutique\\\/product\\\/rumiflash\\\/\",\"url\":\"https:\\\/\\\/www.vetorino.com\\\/boutique\\\/product\\\/rumiflash\\\/\",\"name\":\"Rumi'Flash Obione - V\u00e9torino\",\"isPartOf\":{\"@id\":\"https:\\\/\\\/www.vetorino.com\\\/boutique\\\/#website\"},\"primaryImageOfPage\":{\"@id\":\"https:\\\/\\\/www.vetorino.com\\\/boutique\\\/product\\\/rumiflash\\\/#primaryimage\"},\"image\":{\"@id\":\"https:\\\/\\\/www.vetorino.com\\\/boutique\\\/product\\\/rumiflash\\\/#primaryimage\"},\"thumbnailUrl\":\"https:\\\/\\\/www.vetorino.com\\\/boutique\\\/wp-content\\\/uploads\\\/2020\\\/06\\\/Rumiflash-sachet-03.2024-1.webp\",\"datePublished\":\"2020-06-30T09:50:08+00:00\",\"dateModified\":\"2026-03-03T08:41:53+00:00\",\"description\":\"RumiFlash est un aliment compl\u00e9mentaire pour ruminants adultes pour relancer le rumen. Caract\u00e9ristiques : Les vitamines B1, B9 et B12, contenues dans RumiFlash et dont la synth\u00e8se est tr\u00e8s limit\u00e9e lors d\u2019acidose, jouent un r\u00f4le important dans le m\u00e9tabolisme \u00e9nerg\u00e9tique et prot\u00e9ique. Sa teneur en huiles essentielles, extraits\u00a0v\u00e9g\u00e9taux (Gentiane) et en Saponine, stimule la production de salive qui am\u00e9liore la digestion des nutriments. L\u2019apport \u00e9nerg\u00e9tique est assur\u00e9 par le Propionate de Sodium. Sorbitol, Choline Rumino-prot\u00e9g\u00e9e et Silymarin viennent compl\u00e9ter la formulation.\",\"breadcrumb\":{\"@id\":\"https:\\\/\\\/www.vetorino.com\\\/boutique\\\/product\\\/rumiflash\\\/#breadcrumb\"},\"inLanguage\":\"fr-FR\",\"potentialAction\":[{\"@type\":\"ReadAction\",\"target\":[\"https:\\\/\\\/www.vetorino.com\\\/boutique\\\/product\\\/rumiflash\\\/\"]}]},{\"@type\":\"ImageObject\",\"inLanguage\":\"fr-FR\",\"@id\":\"https:\\\/\\\/www.vetorino.com\\\/boutique\\\/product\\\/rumiflash\\\/#primaryimage\",\"url\":\"https:\\\/\\\/www.vetorino.com\\\/boutique\\\/wp-content\\\/uploads\\\/2020\\\/06\\\/Rumiflash-sachet-03.2024-1.webp\",\"contentUrl\":\"https:\\\/\\\/www.vetorino.com\\\/boutique\\\/wp-content\\\/uploads\\\/2020\\\/06\\\/Rumiflash-sachet-03.2024-1.webp\",\"width\":1024,\"height\":1024},{\"@type\":\"BreadcrumbList\",\"@id\":\"https:\\\/\\\/www.vetorino.com\\\/boutique\\\/product\\\/rumiflash\\\/#breadcrumb\",\"itemListElement\":[{\"@type\":\"ListItem\",\"position\":1,\"name\":\"Accueil\",\"item\":\"https:\\\/\\\/www.vetorino.com\\\/boutique\\\/\"},{\"@type\":\"ListItem\",\"position\":2,\"name\":\"Produits\",\"item\":\"https:\\\/\\\/www.vetorino.com\\\/boutique\\\/\"},{\"@type\":\"ListItem\",\"position\":3,\"name\":\"Rumi&#8217;Flash\"}]},{\"@type\":\"WebSite\",\"@id\":\"https:\\\/\\\/www.vetorino.com\\\/boutique\\\/#website\",\"url\":\"https:\\\/\\\/www.vetorino.com\\\/boutique\\\/\",\"name\":\"V\u00e9torino\",\"description\":\"\",\"publisher\":{\"@id\":\"https:\\\/\\\/www.vetorino.com\\\/boutique\\\/#organization\"},\"potentialAction\":[{\"@type\":\"SearchAction\",\"target\":{\"@type\":\"EntryPoint\",\"urlTemplate\":\"https:\\\/\\\/www.vetorino.com\\\/boutique\\\/?s={search_term_string}\"},\"query-input\":{\"@type\":\"PropertyValueSpecification\",\"valueRequired\":true,\"valueName\":\"search_term_string\"}}],\"inLanguage\":\"fr-FR\"},{\"@type\":\"Organization\",\"@id\":\"https:\\\/\\\/www.vetorino.com\\\/boutique\\\/#organization\",\"name\":\"V\u00e9torino\",\"url\":\"https:\\\/\\\/www.vetorino.com\\\/boutique\\\/\",\"logo\":{\"@type\":\"ImageObject\",\"inLanguage\":\"fr-FR\",\"@id\":\"https:\\\/\\\/www.vetorino.com\\\/boutique\\\/#\\\/schema\\\/logo\\\/image\\\/\",\"url\":\"https:\\\/\\\/www.vetorino.com\\\/boutique\\\/wp-content\\\/uploads\\\/2024\\\/10\\\/logo.jpg\",\"contentUrl\":\"https:\\\/\\\/www.vetorino.com\\\/boutique\\\/wp-content\\\/uploads\\\/2024\\\/10\\\/logo.jpg\",\"width\":1200,\"height\":610,\"caption\":\"V\u00e9torino\"},\"image\":{\"@id\":\"https:\\\/\\\/www.vetorino.com\\\/boutique\\\/#\\\/schema\\\/logo\\\/image\\\/\"},\"sameAs\":[\"https:\\\/\\\/www.facebook.com\\\/Vetorino\\\/\",\"https:\\\/\\\/www.instagram.com\\\/vetorino_off\\\/\",\"https:\\\/\\\/www.linkedin.com\\\/company\\\/vtorino\\\/\"]}]}<\/script>\n<meta property=\"product:brand\" content=\"Obione\" \/>\n<meta property=\"product:price:amount\" content=\"107.71\" \/>\n<meta property=\"product:price:currency\" content=\"EUR\" \/>\n<meta property=\"og:availability\" content=\"instock\" \/>\n<meta property=\"product:availability\" content=\"instock\" \/>\n<meta property=\"product:retailer_item_id\" content=\"C-RUM019\" \/>\n<meta property=\"product:condition\" content=\"new\" \/>\n<!-- \/ Yoast SEO plugin. -->","yoast_head_json":{"title":"Rumi'Flash Obione - V\u00e9torino","description":"RumiFlash est un aliment compl\u00e9mentaire pour ruminants adultes pour relancer le rumen.  Caract\u00e9ristiques :   Les vitamines B1, B9 et B12, contenues dans RumiFlash et dont la synth\u00e8se est tr\u00e8s limit\u00e9e lors d\u2019acidose, jouent un r\u00f4le important dans le m\u00e9tabolisme \u00e9nerg\u00e9tique et prot\u00e9ique.  Sa teneur en huiles essentielles, extraits\u00a0v\u00e9g\u00e9taux (Gentiane) et en Saponine, stimule la production de salive qui am\u00e9liore la digestion des nutriments.  L\u2019apport \u00e9nerg\u00e9tique est assur\u00e9 par le Propionate de Sodium.  Sorbitol, Choline Rumino-prot\u00e9g\u00e9e et Silymarin viennent compl\u00e9ter la formulation.","robots":{"index":"noindex","follow":"nofollow"},"og_locale":"fr_FR","og_type":"article","og_title":"Rumi'Flash Obione - V\u00e9torino","og_description":"RumiFlash est un aliment compl\u00e9mentaire pour ruminants adultes pour relancer le rumen.  Caract\u00e9ristiques :   Les vitamines B1, B9 et B12, contenues dans RumiFlash et dont la synth\u00e8se est tr\u00e8s limit\u00e9e lors d\u2019acidose, jouent un r\u00f4le important dans le m\u00e9tabolisme \u00e9nerg\u00e9tique et prot\u00e9ique.  Sa teneur en huiles essentielles, extraits\u00a0v\u00e9g\u00e9taux (Gentiane) et en Saponine, stimule la production de salive qui am\u00e9liore la digestion des nutriments.  L\u2019apport \u00e9nerg\u00e9tique est assur\u00e9 par le Propionate de Sodium.  Sorbitol, Choline Rumino-prot\u00e9g\u00e9e et Silymarin viennent compl\u00e9ter la formulation.","og_url":"https:\/\/www.vetorino.com\/veterinaire\/confolens-16500\/boutique\/product\/rumiflash\/","og_site_name":"V\u00e9torino","article_publisher":"https:\/\/www.facebook.com\/Vetorino\/","article_modified_time":"2026-03-03T08:41:53+00:00","og_image":[{"width":1024,"height":1024,"url":"https:\/\/www.vetorino.com\/boutique\/wp-content\/uploads\/2020\/06\/Rumiflash-sachet-03.2024-1.webp","type":"image\/webp"}],"twitter_card":"summary_large_image","twitter_misc":{"Prix":"107,71&euro;","Disponibilit\u00e9":"En stock"},"schema":{"@context":"https:\/\/schema.org","@graph":[{"@type":"WebPage","@id":"https:\/\/www.vetorino.com\/boutique\/product\/rumiflash\/","url":"https:\/\/www.vetorino.com\/boutique\/product\/rumiflash\/","name":"Rumi'Flash Obione - V\u00e9torino","isPartOf":{"@id":"https:\/\/www.vetorino.com\/boutique\/#website"},"primaryImageOfPage":{"@id":"https:\/\/www.vetorino.com\/boutique\/product\/rumiflash\/#primaryimage"},"image":{"@id":"https:\/\/www.vetorino.com\/boutique\/product\/rumiflash\/#primaryimage"},"thumbnailUrl":"https:\/\/www.vetorino.com\/boutique\/wp-content\/uploads\/2020\/06\/Rumiflash-sachet-03.2024-1.webp","datePublished":"2020-06-30T09:50:08+00:00","dateModified":"2026-03-03T08:41:53+00:00","description":"RumiFlash est un aliment compl\u00e9mentaire pour ruminants adultes pour relancer le rumen. Caract\u00e9ristiques : Les vitamines B1, B9 et B12, contenues dans RumiFlash et dont la synth\u00e8se est tr\u00e8s limit\u00e9e lors d\u2019acidose, jouent un r\u00f4le important dans le m\u00e9tabolisme \u00e9nerg\u00e9tique et prot\u00e9ique. Sa teneur en huiles essentielles, extraits\u00a0v\u00e9g\u00e9taux (Gentiane) et en Saponine, stimule la production de salive qui am\u00e9liore la digestion des nutriments. L\u2019apport \u00e9nerg\u00e9tique est assur\u00e9 par le Propionate de Sodium. Sorbitol, Choline Rumino-prot\u00e9g\u00e9e et Silymarin viennent compl\u00e9ter la formulation.","breadcrumb":{"@id":"https:\/\/www.vetorino.com\/boutique\/product\/rumiflash\/#breadcrumb"},"inLanguage":"fr-FR","potentialAction":[{"@type":"ReadAction","target":["https:\/\/www.vetorino.com\/boutique\/product\/rumiflash\/"]}]},{"@type":"ImageObject","inLanguage":"fr-FR","@id":"https:\/\/www.vetorino.com\/boutique\/product\/rumiflash\/#primaryimage","url":"https:\/\/www.vetorino.com\/boutique\/wp-content\/uploads\/2020\/06\/Rumiflash-sachet-03.2024-1.webp","contentUrl":"https:\/\/www.vetorino.com\/boutique\/wp-content\/uploads\/2020\/06\/Rumiflash-sachet-03.2024-1.webp","width":1024,"height":1024},{"@type":"BreadcrumbList","@id":"https:\/\/www.vetorino.com\/boutique\/product\/rumiflash\/#breadcrumb","itemListElement":[{"@type":"ListItem","position":1,"name":"Accueil","item":"https:\/\/www.vetorino.com\/boutique\/"},{"@type":"ListItem","position":2,"name":"Produits","item":"https:\/\/www.vetorino.com\/boutique\/"},{"@type":"ListItem","position":3,"name":"Rumi&#8217;Flash"}]},{"@type":"WebSite","@id":"https:\/\/www.vetorino.com\/boutique\/#website","url":"https:\/\/www.vetorino.com\/boutique\/","name":"V\u00e9torino","description":"","publisher":{"@id":"https:\/\/www.vetorino.com\/boutique\/#organization"},"potentialAction":[{"@type":"SearchAction","target":{"@type":"EntryPoint","urlTemplate":"https:\/\/www.vetorino.com\/boutique\/?s={search_term_string}"},"query-input":{"@type":"PropertyValueSpecification","valueRequired":true,"valueName":"search_term_string"}}],"inLanguage":"fr-FR"},{"@type":"Organization","@id":"https:\/\/www.vetorino.com\/boutique\/#organization","name":"V\u00e9torino","url":"https:\/\/www.vetorino.com\/boutique\/","logo":{"@type":"ImageObject","inLanguage":"fr-FR","@id":"https:\/\/www.vetorino.com\/boutique\/#\/schema\/logo\/image\/","url":"https:\/\/www.vetorino.com\/boutique\/wp-content\/uploads\/2024\/10\/logo.jpg","contentUrl":"https:\/\/www.vetorino.com\/boutique\/wp-content\/uploads\/2024\/10\/logo.jpg","width":1200,"height":610,"caption":"V\u00e9torino"},"image":{"@id":"https:\/\/www.vetorino.com\/boutique\/#\/schema\/logo\/image\/"},"sameAs":["https:\/\/www.facebook.com\/Vetorino\/","https:\/\/www.instagram.com\/vetorino_off\/","https:\/\/www.linkedin.com\/company\/vtorino\/"]}]},"product_brand":"Obione","product_price_amount":"107.71","product_price_currency":"EUR","og_availability":"instock","product_availability":"instock","product_retailer_item_id":"C-RUM019","product_condition":"new"},"_links":{"self":[{"href":"https:\/\/www.vetorino.com\/veterinaire\/confolens-16500\/boutique\/wp-json\/wp\/v2\/product\/101658","targetHints":{"allow":["GET"]}}],"collection":[{"href":"https:\/\/www.vetorino.com\/veterinaire\/confolens-16500\/boutique\/wp-json\/wp\/v2\/product"}],"about":[{"href":"https:\/\/www.vetorino.com\/veterinaire\/confolens-16500\/boutique\/wp-json\/wp\/v2\/types\/product"}],"wp:featuredmedia":[{"embeddable":true,"href":"https:\/\/www.vetorino.com\/veterinaire\/confolens-16500\/boutique\/wp-json\/wp\/v2\/media\/1435331"}],"wp:attachment":[{"href":"https:\/\/www.vetorino.com\/veterinaire\/confolens-16500\/boutique\/wp-json\/wp\/v2\/media?parent=101658"}],"wp:term":[{"taxonomy":"product_cat","embeddable":true,"href":"https:\/\/www.vetorino.com\/veterinaire\/confolens-16500\/boutique\/wp-json\/wp\/v2\/product_cat?post=101658"},{"taxonomy":"product_tag","embeddable":true,"href":"https:\/\/www.vetorino.com\/veterinaire\/confolens-16500\/boutique\/wp-json\/wp\/v2\/product_tag?post=101658"}],"curies":[{"name":"wp","href":"https:\/\/api.w.org\/{rel}","templated":true}]}}