{"id":102004,"date":"2020-06-30T12:36:01","date_gmt":"2020-06-30T10:36:01","guid":{"rendered":"https:\/\/www.vetorino.com\/boutique\/product\/shampoing-purifiant\/"},"modified":"2026-03-07T02:42:50","modified_gmt":"2026-03-07T01:42:50","slug":"shampoing-purifiant","status":"publish","type":"product","link":"https:\/\/www.vetorino.com\/veterinaire\/confolens-16500\/boutique\/product\/shampoing-purifiant\/","title":{"rendered":"Shampooing Purifiant"},"content":{"rendered":"<div class=\"hidden\">Le shampooing \u00e0 objectif sp\u00e9cial <strong>purifiant<\/strong> est con\u00e7u pour le <strong>nettoyage tout en douceur de la peau ab\u00eem\u00e9e ou l\u00e9s\u00e9e des chiens et des chats.<\/strong><\/div>\n<div><\/div>\n<div>Flacon en PE 100% v\u00e9g\u00e9tal de 250 ml<\/div>\n<div><\/div>\n<div><strong>Mode d&#8217;emploi :\u00a0<\/strong><\/div>\n<div>\n<ul>\n<li>Mouiller la totalit\u00e9 du corps de l\u2019animal en impr\u00e9gnant totalement le sous-poil et la peau.<\/li>\n<li>Verser les premi\u00e8res doses sur le dos, r\u00e9partir sur la totalit\u00e9 du corps.<\/li>\n<li>Rincer.<\/li>\n<li>Proc\u00e9der \u00e0 une seconde application.<\/li>\n<li>Laisser agir 2 \u00e0 4 minutes, puis rincer soigneusement.<\/li>\n<li>S\u00e9cher l\u2019animal sans frotter.<\/li>\n<\/ul>\n<p>Fr\u00e9quence : 1 \u00e0 2 lavages par semaine, jusqu\u2019\u00e0 am\u00e9lioration.<\/p>\n<\/div>\n","protected":false},"excerpt":{"rendered":"<p>Le shampooing \u00e0 objectif sp\u00e9cial <strong>purifiant<\/strong> est con\u00e7u pour le <strong>nettoyage tout en douceur de la peau ab\u00eem\u00e9e ou l\u00e9s\u00e9e<\/strong>, lors de <strong>plaies superficielles<\/strong>, d\u2019<strong>affections cutan\u00e9es<\/strong>, <strong>d\u2019\u00e9corchures<\/strong>&#8230;<\/p>\n<ul>\n<li>Shampooing naturel<\/li>\n<li>Base lavante tr\u00e8s douce<\/li>\n<li>Action assainissante<\/li>\n<li>Effet adoucissant<\/li>\n<\/ul>\n","protected":false},"featured_media":1719056,"template":"","meta":[],"product_cat":[2697,2698,12611,12612,12560,12561],"product_tag":[],"class_list":{"0":"post-102004","1":"product","2":"type-product","3":"status-publish","4":"has-post-thumbnail","6":"product_cat-chat","7":"product_cat-chien","8":"product_cat-hygiene-de-la-peau-et-du-pelage-du-chat","9":"product_cat-hygiene-de-la-peau-et-du-pelage-du-chien","10":"product_cat-hygiene-du-chat","11":"product_cat-hygiene-du-chien","12":"pa_marque-greenvet","14":"first","15":"instock","16":"taxable","17":"shipping-taxable","18":"purchasable","19":"product-type-simple"},"yoast_head":"<!-- This site is optimized with the Yoast SEO plugin v27.3 - https:\/\/yoast.com\/product\/yoast-seo-wordpress\/ -->\n<title>Shampooing Purifiant Greenvet - V\u00e9torino<\/title>\n<meta name=\"description\" content=\"Le shampooing \u00e0 objectif sp\u00e9cial purifiant est con\u00e7u pour le nettoyage tout en douceur de la peau ab\u00eem\u00e9e ou l\u00e9s\u00e9e, lors de plaies superficielles, d\u2019affections cutan\u00e9es, d\u2019\u00e9corchures...   Shampooing naturel  Base lavante tr\u00e8s douce  Action assainissante  Effet adoucissant\" \/>\n<meta name=\"robots\" content=\"noindex, nofollow\" \/>\n<meta property=\"og:locale\" content=\"fr_FR\" \/>\n<meta property=\"og:type\" content=\"article\" \/>\n<meta property=\"og:title\" content=\"Shampooing Purifiant Greenvet - V\u00e9torino\" \/>\n<meta property=\"og:description\" content=\"Le shampooing \u00e0 objectif sp\u00e9cial purifiant est con\u00e7u pour le nettoyage tout en douceur de la peau ab\u00eem\u00e9e ou l\u00e9s\u00e9e, lors de plaies superficielles, d\u2019affections cutan\u00e9es, d\u2019\u00e9corchures...   Shampooing naturel  Base lavante tr\u00e8s douce  Action assainissante  Effet adoucissant\" \/>\n<meta property=\"og:url\" content=\"https:\/\/www.vetorino.com\/veterinaire\/confolens-16500\/boutique\/product\/shampoing-purifiant\/\" \/>\n<meta property=\"og:site_name\" content=\"V\u00e9torino\" \/>\n<meta property=\"article:publisher\" content=\"https:\/\/www.facebook.com\/Vetorino\/\" \/>\n<meta property=\"article:modified_time\" content=\"2026-03-07T01:42:50+00:00\" \/>\n<meta property=\"og:image\" content=\"https:\/\/www.vetorino.com\/boutique\/wp-content\/uploads\/2020\/03\/shampoing-purifiant-greenvet.png\" \/>\n\t<meta property=\"og:image:width\" content=\"600\" \/>\n\t<meta property=\"og:image:height\" content=\"692\" \/>\n\t<meta property=\"og:image:type\" content=\"image\/png\" \/>\n<meta name=\"twitter:card\" content=\"summary_large_image\" \/>\n<meta name=\"twitter:label1\" content=\"Prix\" \/>\n\t<meta name=\"twitter:data1\" content=\"14,69&euro;\" \/>\n\t<meta name=\"twitter:label2\" content=\"Disponibilit\u00e9\" \/>\n\t<meta name=\"twitter:data2\" content=\"En stock\" \/>\n<script type=\"application\/ld+json\" class=\"yoast-schema-graph\">{\"@context\":\"https:\\\/\\\/schema.org\",\"@graph\":[{\"@type\":\"WebPage\",\"@id\":\"https:\\\/\\\/www.vetorino.com\\\/boutique\\\/product\\\/shampoing-purifiant\\\/\",\"url\":\"https:\\\/\\\/www.vetorino.com\\\/boutique\\\/product\\\/shampoing-purifiant\\\/\",\"name\":\"Shampooing Purifiant Greenvet - V\u00e9torino\",\"isPartOf\":{\"@id\":\"https:\\\/\\\/www.vetorino.com\\\/boutique\\\/#website\"},\"primaryImageOfPage\":{\"@id\":\"https:\\\/\\\/www.vetorino.com\\\/boutique\\\/product\\\/shampoing-purifiant\\\/#primaryimage\"},\"image\":{\"@id\":\"https:\\\/\\\/www.vetorino.com\\\/boutique\\\/product\\\/shampoing-purifiant\\\/#primaryimage\"},\"thumbnailUrl\":\"https:\\\/\\\/www.vetorino.com\\\/boutique\\\/wp-content\\\/uploads\\\/2020\\\/03\\\/shampoing-purifiant-greenvet.png\",\"datePublished\":\"2020-06-30T10:36:01+00:00\",\"dateModified\":\"2026-03-07T01:42:50+00:00\",\"description\":\"Le shampooing \u00e0 objectif sp\u00e9cial purifiant est con\u00e7u pour le nettoyage tout en douceur de la peau ab\u00eem\u00e9e ou l\u00e9s\u00e9e, lors de plaies superficielles, d\u2019affections cutan\u00e9es, d\u2019\u00e9corchures... Shampooing naturel Base lavante tr\u00e8s douce Action assainissante Effet adoucissant\",\"breadcrumb\":{\"@id\":\"https:\\\/\\\/www.vetorino.com\\\/boutique\\\/product\\\/shampoing-purifiant\\\/#breadcrumb\"},\"inLanguage\":\"fr-FR\",\"potentialAction\":[{\"@type\":\"ReadAction\",\"target\":[\"https:\\\/\\\/www.vetorino.com\\\/boutique\\\/product\\\/shampoing-purifiant\\\/\"]}]},{\"@type\":\"ImageObject\",\"inLanguage\":\"fr-FR\",\"@id\":\"https:\\\/\\\/www.vetorino.com\\\/boutique\\\/product\\\/shampoing-purifiant\\\/#primaryimage\",\"url\":\"https:\\\/\\\/www.vetorino.com\\\/boutique\\\/wp-content\\\/uploads\\\/2020\\\/03\\\/shampoing-purifiant-greenvet.png\",\"contentUrl\":\"https:\\\/\\\/www.vetorino.com\\\/boutique\\\/wp-content\\\/uploads\\\/2020\\\/03\\\/shampoing-purifiant-greenvet.png\",\"width\":600,\"height\":692},{\"@type\":\"BreadcrumbList\",\"@id\":\"https:\\\/\\\/www.vetorino.com\\\/boutique\\\/product\\\/shampoing-purifiant\\\/#breadcrumb\",\"itemListElement\":[{\"@type\":\"ListItem\",\"position\":1,\"name\":\"Accueil\",\"item\":\"https:\\\/\\\/www.vetorino.com\\\/boutique\\\/\"},{\"@type\":\"ListItem\",\"position\":2,\"name\":\"Produits\",\"item\":\"https:\\\/\\\/www.vetorino.com\\\/boutique\\\/\"},{\"@type\":\"ListItem\",\"position\":3,\"name\":\"Shampooing Purifiant\"}]},{\"@type\":\"WebSite\",\"@id\":\"https:\\\/\\\/www.vetorino.com\\\/boutique\\\/#website\",\"url\":\"https:\\\/\\\/www.vetorino.com\\\/boutique\\\/\",\"name\":\"V\u00e9torino\",\"description\":\"\",\"publisher\":{\"@id\":\"https:\\\/\\\/www.vetorino.com\\\/boutique\\\/#organization\"},\"potentialAction\":[{\"@type\":\"SearchAction\",\"target\":{\"@type\":\"EntryPoint\",\"urlTemplate\":\"https:\\\/\\\/www.vetorino.com\\\/boutique\\\/?s={search_term_string}\"},\"query-input\":{\"@type\":\"PropertyValueSpecification\",\"valueRequired\":true,\"valueName\":\"search_term_string\"}}],\"inLanguage\":\"fr-FR\"},{\"@type\":\"Organization\",\"@id\":\"https:\\\/\\\/www.vetorino.com\\\/boutique\\\/#organization\",\"name\":\"V\u00e9torino\",\"url\":\"https:\\\/\\\/www.vetorino.com\\\/boutique\\\/\",\"logo\":{\"@type\":\"ImageObject\",\"inLanguage\":\"fr-FR\",\"@id\":\"https:\\\/\\\/www.vetorino.com\\\/boutique\\\/#\\\/schema\\\/logo\\\/image\\\/\",\"url\":\"https:\\\/\\\/www.vetorino.com\\\/boutique\\\/wp-content\\\/uploads\\\/2024\\\/10\\\/logo.jpg\",\"contentUrl\":\"https:\\\/\\\/www.vetorino.com\\\/boutique\\\/wp-content\\\/uploads\\\/2024\\\/10\\\/logo.jpg\",\"width\":1200,\"height\":610,\"caption\":\"V\u00e9torino\"},\"image\":{\"@id\":\"https:\\\/\\\/www.vetorino.com\\\/boutique\\\/#\\\/schema\\\/logo\\\/image\\\/\"},\"sameAs\":[\"https:\\\/\\\/www.facebook.com\\\/Vetorino\\\/\",\"https:\\\/\\\/www.instagram.com\\\/vetorino_off\\\/\",\"https:\\\/\\\/www.linkedin.com\\\/company\\\/vtorino\\\/\"]}]}<\/script>\n<meta property=\"product:brand\" content=\"Greenvet\" \/>\n<meta property=\"product:price:amount\" content=\"14.69\" \/>\n<meta property=\"product:price:currency\" content=\"EUR\" \/>\n<meta property=\"og:availability\" content=\"instock\" \/>\n<meta property=\"product:availability\" content=\"instock\" \/>\n<meta property=\"product:retailer_item_id\" content=\"C-SHA024\" \/>\n<meta property=\"product:condition\" content=\"new\" \/>\n<!-- \/ Yoast SEO plugin. -->","yoast_head_json":{"title":"Shampooing Purifiant Greenvet - V\u00e9torino","description":"Le shampooing \u00e0 objectif sp\u00e9cial purifiant est con\u00e7u pour le nettoyage tout en douceur de la peau ab\u00eem\u00e9e ou l\u00e9s\u00e9e, lors de plaies superficielles, d\u2019affections cutan\u00e9es, d\u2019\u00e9corchures...   Shampooing naturel  Base lavante tr\u00e8s douce  Action assainissante  Effet adoucissant","robots":{"index":"noindex","follow":"nofollow"},"og_locale":"fr_FR","og_type":"article","og_title":"Shampooing Purifiant Greenvet - V\u00e9torino","og_description":"Le shampooing \u00e0 objectif sp\u00e9cial purifiant est con\u00e7u pour le nettoyage tout en douceur de la peau ab\u00eem\u00e9e ou l\u00e9s\u00e9e, lors de plaies superficielles, d\u2019affections cutan\u00e9es, d\u2019\u00e9corchures...   Shampooing naturel  Base lavante tr\u00e8s douce  Action assainissante  Effet adoucissant","og_url":"https:\/\/www.vetorino.com\/veterinaire\/confolens-16500\/boutique\/product\/shampoing-purifiant\/","og_site_name":"V\u00e9torino","article_publisher":"https:\/\/www.facebook.com\/Vetorino\/","article_modified_time":"2026-03-07T01:42:50+00:00","og_image":[{"width":600,"height":692,"url":"https:\/\/www.vetorino.com\/boutique\/wp-content\/uploads\/2020\/03\/shampoing-purifiant-greenvet.png","type":"image\/png"}],"twitter_card":"summary_large_image","twitter_misc":{"Prix":"14,69&euro;","Disponibilit\u00e9":"En stock"},"schema":{"@context":"https:\/\/schema.org","@graph":[{"@type":"WebPage","@id":"https:\/\/www.vetorino.com\/boutique\/product\/shampoing-purifiant\/","url":"https:\/\/www.vetorino.com\/boutique\/product\/shampoing-purifiant\/","name":"Shampooing Purifiant Greenvet - V\u00e9torino","isPartOf":{"@id":"https:\/\/www.vetorino.com\/boutique\/#website"},"primaryImageOfPage":{"@id":"https:\/\/www.vetorino.com\/boutique\/product\/shampoing-purifiant\/#primaryimage"},"image":{"@id":"https:\/\/www.vetorino.com\/boutique\/product\/shampoing-purifiant\/#primaryimage"},"thumbnailUrl":"https:\/\/www.vetorino.com\/boutique\/wp-content\/uploads\/2020\/03\/shampoing-purifiant-greenvet.png","datePublished":"2020-06-30T10:36:01+00:00","dateModified":"2026-03-07T01:42:50+00:00","description":"Le shampooing \u00e0 objectif sp\u00e9cial purifiant est con\u00e7u pour le nettoyage tout en douceur de la peau ab\u00eem\u00e9e ou l\u00e9s\u00e9e, lors de plaies superficielles, d\u2019affections cutan\u00e9es, d\u2019\u00e9corchures... Shampooing naturel Base lavante tr\u00e8s douce Action assainissante Effet adoucissant","breadcrumb":{"@id":"https:\/\/www.vetorino.com\/boutique\/product\/shampoing-purifiant\/#breadcrumb"},"inLanguage":"fr-FR","potentialAction":[{"@type":"ReadAction","target":["https:\/\/www.vetorino.com\/boutique\/product\/shampoing-purifiant\/"]}]},{"@type":"ImageObject","inLanguage":"fr-FR","@id":"https:\/\/www.vetorino.com\/boutique\/product\/shampoing-purifiant\/#primaryimage","url":"https:\/\/www.vetorino.com\/boutique\/wp-content\/uploads\/2020\/03\/shampoing-purifiant-greenvet.png","contentUrl":"https:\/\/www.vetorino.com\/boutique\/wp-content\/uploads\/2020\/03\/shampoing-purifiant-greenvet.png","width":600,"height":692},{"@type":"BreadcrumbList","@id":"https:\/\/www.vetorino.com\/boutique\/product\/shampoing-purifiant\/#breadcrumb","itemListElement":[{"@type":"ListItem","position":1,"name":"Accueil","item":"https:\/\/www.vetorino.com\/boutique\/"},{"@type":"ListItem","position":2,"name":"Produits","item":"https:\/\/www.vetorino.com\/boutique\/"},{"@type":"ListItem","position":3,"name":"Shampooing Purifiant"}]},{"@type":"WebSite","@id":"https:\/\/www.vetorino.com\/boutique\/#website","url":"https:\/\/www.vetorino.com\/boutique\/","name":"V\u00e9torino","description":"","publisher":{"@id":"https:\/\/www.vetorino.com\/boutique\/#organization"},"potentialAction":[{"@type":"SearchAction","target":{"@type":"EntryPoint","urlTemplate":"https:\/\/www.vetorino.com\/boutique\/?s={search_term_string}"},"query-input":{"@type":"PropertyValueSpecification","valueRequired":true,"valueName":"search_term_string"}}],"inLanguage":"fr-FR"},{"@type":"Organization","@id":"https:\/\/www.vetorino.com\/boutique\/#organization","name":"V\u00e9torino","url":"https:\/\/www.vetorino.com\/boutique\/","logo":{"@type":"ImageObject","inLanguage":"fr-FR","@id":"https:\/\/www.vetorino.com\/boutique\/#\/schema\/logo\/image\/","url":"https:\/\/www.vetorino.com\/boutique\/wp-content\/uploads\/2024\/10\/logo.jpg","contentUrl":"https:\/\/www.vetorino.com\/boutique\/wp-content\/uploads\/2024\/10\/logo.jpg","width":1200,"height":610,"caption":"V\u00e9torino"},"image":{"@id":"https:\/\/www.vetorino.com\/boutique\/#\/schema\/logo\/image\/"},"sameAs":["https:\/\/www.facebook.com\/Vetorino\/","https:\/\/www.instagram.com\/vetorino_off\/","https:\/\/www.linkedin.com\/company\/vtorino\/"]}]},"product_brand":"Greenvet","product_price_amount":"14.69","product_price_currency":"EUR","og_availability":"instock","product_availability":"instock","product_retailer_item_id":"C-SHA024","product_condition":"new"},"_links":{"self":[{"href":"https:\/\/www.vetorino.com\/veterinaire\/confolens-16500\/boutique\/wp-json\/wp\/v2\/product\/102004","targetHints":{"allow":["GET"]}}],"collection":[{"href":"https:\/\/www.vetorino.com\/veterinaire\/confolens-16500\/boutique\/wp-json\/wp\/v2\/product"}],"about":[{"href":"https:\/\/www.vetorino.com\/veterinaire\/confolens-16500\/boutique\/wp-json\/wp\/v2\/types\/product"}],"wp:featuredmedia":[{"embeddable":true,"href":"https:\/\/www.vetorino.com\/veterinaire\/confolens-16500\/boutique\/wp-json\/wp\/v2\/media\/1719056"}],"wp:attachment":[{"href":"https:\/\/www.vetorino.com\/veterinaire\/confolens-16500\/boutique\/wp-json\/wp\/v2\/media?parent=102004"}],"wp:term":[{"taxonomy":"product_cat","embeddable":true,"href":"https:\/\/www.vetorino.com\/veterinaire\/confolens-16500\/boutique\/wp-json\/wp\/v2\/product_cat?post=102004"},{"taxonomy":"product_tag","embeddable":true,"href":"https:\/\/www.vetorino.com\/veterinaire\/confolens-16500\/boutique\/wp-json\/wp\/v2\/product_tag?post=102004"}],"curies":[{"name":"wp","href":"https:\/\/api.w.org\/{rel}","templated":true}]}}