{"id":102018,"date":"2020-06-30T12:36:11","date_gmt":"2020-06-30T10:36:11","guid":{"rendered":"https:\/\/www.vetorino.com\/boutique\/product\/shampoing-pelage-clair\/"},"modified":"2026-01-23T02:42:17","modified_gmt":"2026-01-23T01:42:17","slug":"shampoing-pelage-clair","status":"publish","type":"product","link":"https:\/\/www.vetorino.com\/veterinaire\/confolens-16500\/boutique\/product\/shampoing-pelage-clair\/","title":{"rendered":"Shampoing pelage clair"},"content":{"rendered":"<div class='hidden'>SAVETIS<\/div>\n<div class='hidden'>Chiens<\/div>\n<div class='hidden'>Peau\/pelage<\/div>\n<p>Ce shampoing permet par sa concentration en base lavante douce un lavage en profondeur de votre animal.<br \/>Il nourrit et embellit le pelage du chien en lui apportant vitalit\u00e9, reflets dor\u00e9s et brillance.<br \/>Sa formule aux extraits d&#8217;ortie blanche, reconnue pour ses qualit\u00e9s adoucissantes et protectrices am\u00e8ne \u00e0 recommander ce shampoing pour les chiens \u00e0 pelage clair et les animaux \u00e0 peau sensible.<\/p>\n","protected":false},"excerpt":{"rendered":"<p>SAVETIS Chiens Peau\/pelage Ce shampoing permet par sa concentration en base lavante douce un lavage en profondeur de votre animal.Il nourrit et embellit le pelage du chien en lui apportant vitalit\u00e9, reflets dor\u00e9s et brillance.Sa formule aux extraits d&#8217;ortie blanche, reconnue pour ses qualit\u00e9s adoucissantes et protectrices am\u00e8ne \u00e0 recommander ce shampoing pour les chiens [&hellip;]<\/p>\n","protected":false},"featured_media":102017,"template":"","meta":[],"product_cat":[2698],"product_tag":[],"class_list":{"0":"post-102018","1":"product","2":"type-product","3":"status-publish","4":"has-post-thumbnail","6":"product_cat-chien","7":"pa_marque-savetis","9":"first","10":"instock","11":"taxable","12":"shipping-taxable","13":"purchasable","14":"product-type-simple"},"yoast_head":"<!-- This site is optimized with the Yoast SEO plugin v27.3 - https:\/\/yoast.com\/product\/yoast-seo-wordpress\/ -->\n<title>Shampoing pelage clair Savetis - V\u00e9torino<\/title>\n<meta name=\"description\" content=\"SAVETISChiensPeau\/pelageCe shampoing permet par sa concentration en base lavante douce un lavage en profondeur de votre animal.Il nourrit et embellit le\" \/>\n<meta name=\"robots\" content=\"noindex, nofollow\" \/>\n<meta property=\"og:locale\" content=\"fr_FR\" \/>\n<meta property=\"og:type\" content=\"article\" \/>\n<meta property=\"og:title\" content=\"Shampoing pelage clair Savetis - V\u00e9torino\" \/>\n<meta property=\"og:description\" content=\"SAVETISChiensPeau\/pelageCe shampoing permet par sa concentration en base lavante douce un lavage en profondeur de votre animal.Il nourrit et embellit le\" \/>\n<meta property=\"og:url\" content=\"https:\/\/www.vetorino.com\/veterinaire\/confolens-16500\/boutique\/product\/shampoing-pelage-clair\/\" \/>\n<meta property=\"og:site_name\" content=\"V\u00e9torino\" \/>\n<meta property=\"article:publisher\" content=\"https:\/\/www.facebook.com\/Vetorino\/\" \/>\n<meta property=\"article:modified_time\" content=\"2026-01-23T01:42:17+00:00\" \/>\n<meta property=\"og:image\" content=\"https:\/\/www.vetorino.com\/boutique\/wp-content\/uploads\/2020\/06\/FilsSHA402FormatMediumTypeIM.png\" \/>\n\t<meta property=\"og:image:width\" content=\"400\" \/>\n\t<meta property=\"og:image:height\" content=\"400\" \/>\n\t<meta property=\"og:image:type\" content=\"image\/png\" \/>\n<meta name=\"twitter:card\" content=\"summary_large_image\" \/>\n<meta name=\"twitter:label1\" content=\"Prix\" \/>\n\t<meta name=\"twitter:data1\" content=\"11,80&euro;\" \/>\n\t<meta name=\"twitter:label2\" content=\"Disponibilit\u00e9\" \/>\n\t<meta name=\"twitter:data2\" content=\"En stock\" \/>\n<script type=\"application\/ld+json\" class=\"yoast-schema-graph\">{\"@context\":\"https:\\\/\\\/schema.org\",\"@graph\":[{\"@type\":\"WebPage\",\"@id\":\"https:\\\/\\\/www.vetorino.com\\\/veterinaire\\\/champs-sur-marne-77420\\\/boutique\\\/product\\\/shampoing-pelage-clair\\\/\",\"url\":\"https:\\\/\\\/www.vetorino.com\\\/veterinaire\\\/champs-sur-marne-77420\\\/boutique\\\/product\\\/shampoing-pelage-clair\\\/\",\"name\":\"Shampoing pelage clair Savetis - V\u00e9torino\",\"isPartOf\":{\"@id\":\"https:\\\/\\\/www.vetorino.com\\\/boutique\\\/#website\"},\"primaryImageOfPage\":{\"@id\":\"https:\\\/\\\/www.vetorino.com\\\/veterinaire\\\/champs-sur-marne-77420\\\/boutique\\\/product\\\/shampoing-pelage-clair\\\/#primaryimage\"},\"image\":{\"@id\":\"https:\\\/\\\/www.vetorino.com\\\/veterinaire\\\/champs-sur-marne-77420\\\/boutique\\\/product\\\/shampoing-pelage-clair\\\/#primaryimage\"},\"thumbnailUrl\":\"https:\\\/\\\/www.vetorino.com\\\/boutique\\\/wp-content\\\/uploads\\\/2020\\\/06\\\/FilsSHA402FormatMediumTypeIM.png\",\"datePublished\":\"2020-06-30T10:36:11+00:00\",\"dateModified\":\"2026-01-23T01:42:17+00:00\",\"description\":\"SAVETISChiensPeau\\\/pelageCe shampoing permet par sa concentration en base lavante douce un lavage en profondeur de votre animal.Il nourrit et embellit le\",\"breadcrumb\":{\"@id\":\"https:\\\/\\\/www.vetorino.com\\\/veterinaire\\\/champs-sur-marne-77420\\\/boutique\\\/product\\\/shampoing-pelage-clair\\\/#breadcrumb\"},\"inLanguage\":\"fr-FR\",\"potentialAction\":[{\"@type\":\"ReadAction\",\"target\":[\"https:\\\/\\\/www.vetorino.com\\\/veterinaire\\\/champs-sur-marne-77420\\\/boutique\\\/product\\\/shampoing-pelage-clair\\\/\"]}]},{\"@type\":\"ImageObject\",\"inLanguage\":\"fr-FR\",\"@id\":\"https:\\\/\\\/www.vetorino.com\\\/veterinaire\\\/champs-sur-marne-77420\\\/boutique\\\/product\\\/shampoing-pelage-clair\\\/#primaryimage\",\"url\":\"https:\\\/\\\/www.vetorino.com\\\/boutique\\\/wp-content\\\/uploads\\\/2020\\\/06\\\/FilsSHA402FormatMediumTypeIM.png\",\"contentUrl\":\"https:\\\/\\\/www.vetorino.com\\\/boutique\\\/wp-content\\\/uploads\\\/2020\\\/06\\\/FilsSHA402FormatMediumTypeIM.png\",\"width\":400,\"height\":400},{\"@type\":\"BreadcrumbList\",\"@id\":\"https:\\\/\\\/www.vetorino.com\\\/veterinaire\\\/champs-sur-marne-77420\\\/boutique\\\/product\\\/shampoing-pelage-clair\\\/#breadcrumb\",\"itemListElement\":[{\"@type\":\"ListItem\",\"position\":1,\"name\":\"Accueil\",\"item\":\"https:\\\/\\\/www.vetorino.com\\\/boutique\\\/\"},{\"@type\":\"ListItem\",\"position\":2,\"name\":\"Produits\",\"item\":\"https:\\\/\\\/www.vetorino.com\\\/boutique\\\/\"},{\"@type\":\"ListItem\",\"position\":3,\"name\":\"Shampoing pelage clair\"}]},{\"@type\":\"WebSite\",\"@id\":\"https:\\\/\\\/www.vetorino.com\\\/boutique\\\/#website\",\"url\":\"https:\\\/\\\/www.vetorino.com\\\/boutique\\\/\",\"name\":\"V\u00e9torino\",\"description\":\"\",\"publisher\":{\"@id\":\"https:\\\/\\\/www.vetorino.com\\\/boutique\\\/#organization\"},\"potentialAction\":[{\"@type\":\"SearchAction\",\"target\":{\"@type\":\"EntryPoint\",\"urlTemplate\":\"https:\\\/\\\/www.vetorino.com\\\/boutique\\\/?s={search_term_string}\"},\"query-input\":{\"@type\":\"PropertyValueSpecification\",\"valueRequired\":true,\"valueName\":\"search_term_string\"}}],\"inLanguage\":\"fr-FR\"},{\"@type\":\"Organization\",\"@id\":\"https:\\\/\\\/www.vetorino.com\\\/boutique\\\/#organization\",\"name\":\"V\u00e9torino\",\"url\":\"https:\\\/\\\/www.vetorino.com\\\/boutique\\\/\",\"logo\":{\"@type\":\"ImageObject\",\"inLanguage\":\"fr-FR\",\"@id\":\"https:\\\/\\\/www.vetorino.com\\\/boutique\\\/#\\\/schema\\\/logo\\\/image\\\/\",\"url\":\"https:\\\/\\\/www.vetorino.com\\\/boutique\\\/wp-content\\\/uploads\\\/2024\\\/10\\\/logo.jpg\",\"contentUrl\":\"https:\\\/\\\/www.vetorino.com\\\/boutique\\\/wp-content\\\/uploads\\\/2024\\\/10\\\/logo.jpg\",\"width\":1200,\"height\":610,\"caption\":\"V\u00e9torino\"},\"image\":{\"@id\":\"https:\\\/\\\/www.vetorino.com\\\/boutique\\\/#\\\/schema\\\/logo\\\/image\\\/\"},\"sameAs\":[\"https:\\\/\\\/www.facebook.com\\\/Vetorino\\\/\",\"https:\\\/\\\/www.instagram.com\\\/vetorino_off\\\/\",\"https:\\\/\\\/www.linkedin.com\\\/company\\\/vtorino\\\/\"]}]}<\/script>\n<meta property=\"product:brand\" content=\"Savetis\" \/>\n<meta property=\"product:price:amount\" content=\"11.80\" \/>\n<meta property=\"product:price:currency\" content=\"EUR\" \/>\n<meta property=\"og:availability\" content=\"instock\" \/>\n<meta property=\"product:availability\" content=\"instock\" \/>\n<meta property=\"product:retailer_item_id\" content=\"C-SHA402\" \/>\n<meta property=\"product:condition\" content=\"new\" \/>\n<!-- \/ Yoast SEO plugin. -->","yoast_head_json":{"title":"Shampoing pelage clair Savetis - V\u00e9torino","description":"SAVETISChiensPeau\/pelageCe shampoing permet par sa concentration en base lavante douce un lavage en profondeur de votre animal.Il nourrit et embellit le","robots":{"index":"noindex","follow":"nofollow"},"og_locale":"fr_FR","og_type":"article","og_title":"Shampoing pelage clair Savetis - V\u00e9torino","og_description":"SAVETISChiensPeau\/pelageCe shampoing permet par sa concentration en base lavante douce un lavage en profondeur de votre animal.Il nourrit et embellit le","og_url":"https:\/\/www.vetorino.com\/veterinaire\/confolens-16500\/boutique\/product\/shampoing-pelage-clair\/","og_site_name":"V\u00e9torino","article_publisher":"https:\/\/www.facebook.com\/Vetorino\/","article_modified_time":"2026-01-23T01:42:17+00:00","og_image":[{"width":400,"height":400,"url":"https:\/\/www.vetorino.com\/boutique\/wp-content\/uploads\/2020\/06\/FilsSHA402FormatMediumTypeIM.png","type":"image\/png"}],"twitter_card":"summary_large_image","twitter_misc":{"Prix":"11,80&euro;","Disponibilit\u00e9":"En stock"},"schema":{"@context":"https:\/\/schema.org","@graph":[{"@type":"WebPage","@id":"https:\/\/www.vetorino.com\/veterinaire\/champs-sur-marne-77420\/boutique\/product\/shampoing-pelage-clair\/","url":"https:\/\/www.vetorino.com\/veterinaire\/champs-sur-marne-77420\/boutique\/product\/shampoing-pelage-clair\/","name":"Shampoing pelage clair Savetis - V\u00e9torino","isPartOf":{"@id":"https:\/\/www.vetorino.com\/boutique\/#website"},"primaryImageOfPage":{"@id":"https:\/\/www.vetorino.com\/veterinaire\/champs-sur-marne-77420\/boutique\/product\/shampoing-pelage-clair\/#primaryimage"},"image":{"@id":"https:\/\/www.vetorino.com\/veterinaire\/champs-sur-marne-77420\/boutique\/product\/shampoing-pelage-clair\/#primaryimage"},"thumbnailUrl":"https:\/\/www.vetorino.com\/boutique\/wp-content\/uploads\/2020\/06\/FilsSHA402FormatMediumTypeIM.png","datePublished":"2020-06-30T10:36:11+00:00","dateModified":"2026-01-23T01:42:17+00:00","description":"SAVETISChiensPeau\/pelageCe shampoing permet par sa concentration en base lavante douce un lavage en profondeur de votre animal.Il nourrit et embellit le","breadcrumb":{"@id":"https:\/\/www.vetorino.com\/veterinaire\/champs-sur-marne-77420\/boutique\/product\/shampoing-pelage-clair\/#breadcrumb"},"inLanguage":"fr-FR","potentialAction":[{"@type":"ReadAction","target":["https:\/\/www.vetorino.com\/veterinaire\/champs-sur-marne-77420\/boutique\/product\/shampoing-pelage-clair\/"]}]},{"@type":"ImageObject","inLanguage":"fr-FR","@id":"https:\/\/www.vetorino.com\/veterinaire\/champs-sur-marne-77420\/boutique\/product\/shampoing-pelage-clair\/#primaryimage","url":"https:\/\/www.vetorino.com\/boutique\/wp-content\/uploads\/2020\/06\/FilsSHA402FormatMediumTypeIM.png","contentUrl":"https:\/\/www.vetorino.com\/boutique\/wp-content\/uploads\/2020\/06\/FilsSHA402FormatMediumTypeIM.png","width":400,"height":400},{"@type":"BreadcrumbList","@id":"https:\/\/www.vetorino.com\/veterinaire\/champs-sur-marne-77420\/boutique\/product\/shampoing-pelage-clair\/#breadcrumb","itemListElement":[{"@type":"ListItem","position":1,"name":"Accueil","item":"https:\/\/www.vetorino.com\/boutique\/"},{"@type":"ListItem","position":2,"name":"Produits","item":"https:\/\/www.vetorino.com\/boutique\/"},{"@type":"ListItem","position":3,"name":"Shampoing pelage clair"}]},{"@type":"WebSite","@id":"https:\/\/www.vetorino.com\/boutique\/#website","url":"https:\/\/www.vetorino.com\/boutique\/","name":"V\u00e9torino","description":"","publisher":{"@id":"https:\/\/www.vetorino.com\/boutique\/#organization"},"potentialAction":[{"@type":"SearchAction","target":{"@type":"EntryPoint","urlTemplate":"https:\/\/www.vetorino.com\/boutique\/?s={search_term_string}"},"query-input":{"@type":"PropertyValueSpecification","valueRequired":true,"valueName":"search_term_string"}}],"inLanguage":"fr-FR"},{"@type":"Organization","@id":"https:\/\/www.vetorino.com\/boutique\/#organization","name":"V\u00e9torino","url":"https:\/\/www.vetorino.com\/boutique\/","logo":{"@type":"ImageObject","inLanguage":"fr-FR","@id":"https:\/\/www.vetorino.com\/boutique\/#\/schema\/logo\/image\/","url":"https:\/\/www.vetorino.com\/boutique\/wp-content\/uploads\/2024\/10\/logo.jpg","contentUrl":"https:\/\/www.vetorino.com\/boutique\/wp-content\/uploads\/2024\/10\/logo.jpg","width":1200,"height":610,"caption":"V\u00e9torino"},"image":{"@id":"https:\/\/www.vetorino.com\/boutique\/#\/schema\/logo\/image\/"},"sameAs":["https:\/\/www.facebook.com\/Vetorino\/","https:\/\/www.instagram.com\/vetorino_off\/","https:\/\/www.linkedin.com\/company\/vtorino\/"]}]},"product_brand":"Savetis","product_price_amount":"11.80","product_price_currency":"EUR","og_availability":"instock","product_availability":"instock","product_retailer_item_id":"C-SHA402","product_condition":"new"},"_links":{"self":[{"href":"https:\/\/www.vetorino.com\/veterinaire\/confolens-16500\/boutique\/wp-json\/wp\/v2\/product\/102018","targetHints":{"allow":["GET"]}}],"collection":[{"href":"https:\/\/www.vetorino.com\/veterinaire\/confolens-16500\/boutique\/wp-json\/wp\/v2\/product"}],"about":[{"href":"https:\/\/www.vetorino.com\/veterinaire\/confolens-16500\/boutique\/wp-json\/wp\/v2\/types\/product"}],"wp:featuredmedia":[{"embeddable":true,"href":"https:\/\/www.vetorino.com\/veterinaire\/confolens-16500\/boutique\/wp-json\/wp\/v2\/media\/102017"}],"wp:attachment":[{"href":"https:\/\/www.vetorino.com\/veterinaire\/confolens-16500\/boutique\/wp-json\/wp\/v2\/media?parent=102018"}],"wp:term":[{"taxonomy":"product_cat","embeddable":true,"href":"https:\/\/www.vetorino.com\/veterinaire\/confolens-16500\/boutique\/wp-json\/wp\/v2\/product_cat?post=102018"},{"taxonomy":"product_tag","embeddable":true,"href":"https:\/\/www.vetorino.com\/veterinaire\/confolens-16500\/boutique\/wp-json\/wp\/v2\/product_tag?post=102018"}],"curies":[{"name":"wp","href":"https:\/\/api.w.org\/{rel}","templated":true}]}}