{"id":102618,"date":"2020-06-30T16:11:18","date_gmt":"2020-06-30T14:11:18","guid":{"rendered":"https:\/\/www.vetorino.com\/boutique\/product\/harnais-handy-canis-pour-chien-paralyse-du-train-arriere\/"},"modified":"2026-04-03T03:12:50","modified_gmt":"2026-04-03T01:12:50","slug":"harnais-handy-canis-pour-chien-paralyse-du-train-arriere","status":"publish","type":"product","link":"https:\/\/www.vetorino.com\/veterinaire\/confolens-16500\/boutique\/product\/harnais-handy-canis-pour-chien-paralyse-du-train-arriere\/","title":{"rendered":"Harnais Handy-Canis pour chien paralys\u00e9 du train arri\u00e8re"},"content":{"rendered":"<p>Handy Canis soulage l&#8217;animal dans ses d\u00e9placements et notamment pour le franchissement d&#8217;obstacles (trottoirs, marches,&#8230;)<br \/>\nHandy Canis est en n\u00e9opr\u00e8ne \u00e9lastique tr\u00e8s r\u00e9sistant et enti\u00e8rement lavable. Bandes velcro et sangles ajustables. D\u00e9gagement au niveau des parties g\u00e9nitales.<\/p>\n<p><strong>Avantages :\u00a0<\/strong><\/p>\n<ul>\n<li>Mati\u00e8re tr\u00e8s r\u00e9sistante : n\u00e9opr\u00e8ne.<\/li>\n<li>Mati\u00e8re \u00e9lastique pour un meilleur confort et ajustement.<\/li>\n<li>Totalement lavable.<\/li>\n<li>Ajustement \u00e0 la morphologie de l&#8217;animal gr\u00e2ce aux bandes velcro et sangles r\u00e9glables.<\/li>\n<li>Sangles de levage r\u00e9glables afin d&#8217;ajuster la longueur en fonction de la taille du chien et du ma\u00eetre.<\/li>\n<li>Poign\u00e9e de confort pour maintenir ensemble les sangles (A).<\/li>\n<li>Transformable en harnais complet. Les sangles des mod\u00e8les avant et arri\u00e8re<br \/>\npeuvent \u00eatre r\u00e9unies gr\u00e2ce \u00e0 la poign\u00e9e confort pour obtenir un harnais complet (avant et arri\u00e8re).<\/li>\n<\/ul>\n","protected":false},"excerpt":{"rendered":"<p><strong>Handy Canis<\/strong> est un harnais de maintien dans le cas d&#8217;immobilisation ou de paralysie, l\u00e9g\u00e8re ou s\u00e9v\u00e8re, permanente ou temporaire des pattes avant ou arri\u00e8res des chiens et des chats.<\/p>\n<ul>\n<li>Pour chiens handicap\u00e9s du train arri\u00e8re<\/li>\n<li>Con\u00e7u pour soulager le chien de son poids<\/li>\n<li>Facilite les d\u00e9placements du chien<\/li>\n<\/ul>\n","protected":false},"featured_media":476346,"template":"","meta":[],"product_cat":[12550,2698,2777],"product_tag":[],"class_list":{"0":"post-102618","1":"product","2":"type-product","3":"status-publish","4":"has-post-thumbnail","6":"product_cat-accessoires-du-chien","7":"product_cat-chien","8":"product_cat-colliers-laisses-et-harnais-pour-chien","9":"pa_marque-genia","11":"first","12":"instock","13":"taxable","14":"shipping-taxable","15":"purchasable","16":"product-type-variable"},"yoast_head":"<!-- This site is optimized with the Yoast SEO plugin v27.3 - https:\/\/yoast.com\/product\/yoast-seo-wordpress\/ -->\n<title>Harnais Handy-Canis pour chien paralys\u00e9 du train arri\u00e8re Genia - V\u00e9torino<\/title>\n<meta name=\"description\" content=\"Handy Canis est un harnais de maintien dans le cas d&#039;immobilisation ou de paralysie, l\u00e9g\u00e8re ou s\u00e9v\u00e8re, permanente ou temporaire des pattes avant ou arri\u00e8res des chiens et des chats.   Pour chiens handicap\u00e9s du train arri\u00e8re  Con\u00e7u pour soulager le chien de son poids  Facilite les d\u00e9placements du chien\" \/>\n<meta name=\"robots\" content=\"noindex, nofollow\" \/>\n<meta property=\"og:locale\" content=\"fr_FR\" \/>\n<meta property=\"og:type\" content=\"article\" \/>\n<meta property=\"og:title\" content=\"Harnais Handy-Canis pour chien paralys\u00e9 du train arri\u00e8re Genia - V\u00e9torino\" \/>\n<meta property=\"og:description\" content=\"Handy Canis est un harnais de maintien dans le cas d&#039;immobilisation ou de paralysie, l\u00e9g\u00e8re ou s\u00e9v\u00e8re, permanente ou temporaire des pattes avant ou arri\u00e8res des chiens et des chats.   Pour chiens handicap\u00e9s du train arri\u00e8re  Con\u00e7u pour soulager le chien de son poids  Facilite les d\u00e9placements du chien\" \/>\n<meta property=\"og:url\" content=\"https:\/\/www.vetorino.com\/veterinaire\/confolens-16500\/boutique\/product\/harnais-handy-canis-pour-chien-paralyse-du-train-arriere\/\" \/>\n<meta property=\"og:site_name\" content=\"V\u00e9torino\" \/>\n<meta property=\"article:publisher\" content=\"https:\/\/www.facebook.com\/Vetorino\/\" \/>\n<meta property=\"article:modified_time\" content=\"2026-04-03T01:12:50+00:00\" \/>\n<meta property=\"og:image\" content=\"https:\/\/www.vetorino.com\/boutique\/wp-content\/uploads\/2022\/07\/handy-canis-baudrier-posterieur-portage-chien-et-chat-handicapes-5cdd19f4211e2.jpeg\" \/>\n\t<meta property=\"og:image:width\" content=\"650\" \/>\n\t<meta property=\"og:image:height\" content=\"650\" \/>\n\t<meta property=\"og:image:type\" content=\"image\/jpeg\" \/>\n<meta name=\"twitter:card\" content=\"summary_large_image\" \/>\n<meta name=\"twitter:label1\" content=\"Disponibilit\u00e9\" \/>\n\t<meta name=\"twitter:data1\" content=\"En stock\" \/>\n<script type=\"application\/ld+json\" class=\"yoast-schema-graph\">{\"@context\":\"https:\\\/\\\/schema.org\",\"@graph\":[{\"@type\":\"WebPage\",\"@id\":\"https:\\\/\\\/www.vetorino.com\\\/boutique\\\/product\\\/harnais-handy-canis-pour-chien-paralyse-du-train-arriere\\\/\",\"url\":\"https:\\\/\\\/www.vetorino.com\\\/boutique\\\/product\\\/harnais-handy-canis-pour-chien-paralyse-du-train-arriere\\\/\",\"name\":\"Harnais Handy-Canis pour chien paralys\u00e9 du train arri\u00e8re Genia - V\u00e9torino\",\"isPartOf\":{\"@id\":\"https:\\\/\\\/www.vetorino.com\\\/boutique\\\/#website\"},\"primaryImageOfPage\":{\"@id\":\"https:\\\/\\\/www.vetorino.com\\\/boutique\\\/product\\\/harnais-handy-canis-pour-chien-paralyse-du-train-arriere\\\/#primaryimage\"},\"image\":{\"@id\":\"https:\\\/\\\/www.vetorino.com\\\/boutique\\\/product\\\/harnais-handy-canis-pour-chien-paralyse-du-train-arriere\\\/#primaryimage\"},\"thumbnailUrl\":\"https:\\\/\\\/www.vetorino.com\\\/boutique\\\/wp-content\\\/uploads\\\/2022\\\/07\\\/handy-canis-baudrier-posterieur-portage-chien-et-chat-handicapes-5cdd19f4211e2.jpeg\",\"datePublished\":\"2020-06-30T14:11:18+00:00\",\"dateModified\":\"2026-04-03T01:12:50+00:00\",\"description\":\"Handy Canis est un harnais de maintien dans le cas d'immobilisation ou de paralysie, l\u00e9g\u00e8re ou s\u00e9v\u00e8re, permanente ou temporaire des pattes avant ou arri\u00e8res des chiens et des chats. Pour chiens handicap\u00e9s du train arri\u00e8re Con\u00e7u pour soulager le chien de son poids Facilite les d\u00e9placements du chien\",\"breadcrumb\":{\"@id\":\"https:\\\/\\\/www.vetorino.com\\\/boutique\\\/product\\\/harnais-handy-canis-pour-chien-paralyse-du-train-arriere\\\/#breadcrumb\"},\"inLanguage\":\"fr-FR\",\"potentialAction\":[{\"@type\":\"ReadAction\",\"target\":[\"https:\\\/\\\/www.vetorino.com\\\/boutique\\\/product\\\/harnais-handy-canis-pour-chien-paralyse-du-train-arriere\\\/\"]}]},{\"@type\":\"ImageObject\",\"inLanguage\":\"fr-FR\",\"@id\":\"https:\\\/\\\/www.vetorino.com\\\/boutique\\\/product\\\/harnais-handy-canis-pour-chien-paralyse-du-train-arriere\\\/#primaryimage\",\"url\":\"https:\\\/\\\/www.vetorino.com\\\/boutique\\\/wp-content\\\/uploads\\\/2022\\\/07\\\/handy-canis-baudrier-posterieur-portage-chien-et-chat-handicapes-5cdd19f4211e2.jpeg\",\"contentUrl\":\"https:\\\/\\\/www.vetorino.com\\\/boutique\\\/wp-content\\\/uploads\\\/2022\\\/07\\\/handy-canis-baudrier-posterieur-portage-chien-et-chat-handicapes-5cdd19f4211e2.jpeg\",\"width\":650,\"height\":650,\"caption\":\"handy canis harnais chien\"},{\"@type\":\"BreadcrumbList\",\"@id\":\"https:\\\/\\\/www.vetorino.com\\\/boutique\\\/product\\\/harnais-handy-canis-pour-chien-paralyse-du-train-arriere\\\/#breadcrumb\",\"itemListElement\":[{\"@type\":\"ListItem\",\"position\":1,\"name\":\"Accueil\",\"item\":\"https:\\\/\\\/www.vetorino.com\\\/boutique\\\/\"},{\"@type\":\"ListItem\",\"position\":2,\"name\":\"Produits\",\"item\":\"https:\\\/\\\/www.vetorino.com\\\/boutique\\\/\"},{\"@type\":\"ListItem\",\"position\":3,\"name\":\"Harnais Handy-Canis pour chien paralys\u00e9 du train arri\u00e8re\"}]},{\"@type\":\"WebSite\",\"@id\":\"https:\\\/\\\/www.vetorino.com\\\/boutique\\\/#website\",\"url\":\"https:\\\/\\\/www.vetorino.com\\\/boutique\\\/\",\"name\":\"V\u00e9torino\",\"description\":\"\",\"publisher\":{\"@id\":\"https:\\\/\\\/www.vetorino.com\\\/boutique\\\/#organization\"},\"potentialAction\":[{\"@type\":\"SearchAction\",\"target\":{\"@type\":\"EntryPoint\",\"urlTemplate\":\"https:\\\/\\\/www.vetorino.com\\\/boutique\\\/?s={search_term_string}\"},\"query-input\":{\"@type\":\"PropertyValueSpecification\",\"valueRequired\":true,\"valueName\":\"search_term_string\"}}],\"inLanguage\":\"fr-FR\"},{\"@type\":\"Organization\",\"@id\":\"https:\\\/\\\/www.vetorino.com\\\/boutique\\\/#organization\",\"name\":\"V\u00e9torino\",\"url\":\"https:\\\/\\\/www.vetorino.com\\\/boutique\\\/\",\"logo\":{\"@type\":\"ImageObject\",\"inLanguage\":\"fr-FR\",\"@id\":\"https:\\\/\\\/www.vetorino.com\\\/boutique\\\/#\\\/schema\\\/logo\\\/image\\\/\",\"url\":\"https:\\\/\\\/www.vetorino.com\\\/boutique\\\/wp-content\\\/uploads\\\/2024\\\/10\\\/logo.jpg\",\"contentUrl\":\"https:\\\/\\\/www.vetorino.com\\\/boutique\\\/wp-content\\\/uploads\\\/2024\\\/10\\\/logo.jpg\",\"width\":1200,\"height\":610,\"caption\":\"V\u00e9torino\"},\"image\":{\"@id\":\"https:\\\/\\\/www.vetorino.com\\\/boutique\\\/#\\\/schema\\\/logo\\\/image\\\/\"},\"sameAs\":[\"https:\\\/\\\/www.facebook.com\\\/Vetorino\\\/\",\"https:\\\/\\\/www.instagram.com\\\/vetorino_off\\\/\",\"https:\\\/\\\/www.linkedin.com\\\/company\\\/vtorino\\\/\"]}]}<\/script>\n<meta property=\"product:brand\" content=\"Genia\" \/>\n<meta property=\"og:availability\" content=\"instock\" \/>\n<meta property=\"product:availability\" content=\"instock\" \/>\n<meta property=\"product:condition\" content=\"new\" \/>\n<!-- \/ Yoast SEO plugin. -->","yoast_head_json":{"title":"Harnais Handy-Canis pour chien paralys\u00e9 du train arri\u00e8re Genia - V\u00e9torino","description":"Handy Canis est un harnais de maintien dans le cas d'immobilisation ou de paralysie, l\u00e9g\u00e8re ou s\u00e9v\u00e8re, permanente ou temporaire des pattes avant ou arri\u00e8res des chiens et des chats.   Pour chiens handicap\u00e9s du train arri\u00e8re  Con\u00e7u pour soulager le chien de son poids  Facilite les d\u00e9placements du chien","robots":{"index":"noindex","follow":"nofollow"},"og_locale":"fr_FR","og_type":"article","og_title":"Harnais Handy-Canis pour chien paralys\u00e9 du train arri\u00e8re Genia - V\u00e9torino","og_description":"Handy Canis est un harnais de maintien dans le cas d'immobilisation ou de paralysie, l\u00e9g\u00e8re ou s\u00e9v\u00e8re, permanente ou temporaire des pattes avant ou arri\u00e8res des chiens et des chats.   Pour chiens handicap\u00e9s du train arri\u00e8re  Con\u00e7u pour soulager le chien de son poids  Facilite les d\u00e9placements du chien","og_url":"https:\/\/www.vetorino.com\/veterinaire\/confolens-16500\/boutique\/product\/harnais-handy-canis-pour-chien-paralyse-du-train-arriere\/","og_site_name":"V\u00e9torino","article_publisher":"https:\/\/www.facebook.com\/Vetorino\/","article_modified_time":"2026-04-03T01:12:50+00:00","og_image":[{"width":650,"height":650,"url":"https:\/\/www.vetorino.com\/boutique\/wp-content\/uploads\/2022\/07\/handy-canis-baudrier-posterieur-portage-chien-et-chat-handicapes-5cdd19f4211e2.jpeg","type":"image\/jpeg"}],"twitter_card":"summary_large_image","twitter_misc":{"Disponibilit\u00e9":"En stock"},"schema":{"@context":"https:\/\/schema.org","@graph":[{"@type":"WebPage","@id":"https:\/\/www.vetorino.com\/boutique\/product\/harnais-handy-canis-pour-chien-paralyse-du-train-arriere\/","url":"https:\/\/www.vetorino.com\/boutique\/product\/harnais-handy-canis-pour-chien-paralyse-du-train-arriere\/","name":"Harnais Handy-Canis pour chien paralys\u00e9 du train arri\u00e8re Genia - V\u00e9torino","isPartOf":{"@id":"https:\/\/www.vetorino.com\/boutique\/#website"},"primaryImageOfPage":{"@id":"https:\/\/www.vetorino.com\/boutique\/product\/harnais-handy-canis-pour-chien-paralyse-du-train-arriere\/#primaryimage"},"image":{"@id":"https:\/\/www.vetorino.com\/boutique\/product\/harnais-handy-canis-pour-chien-paralyse-du-train-arriere\/#primaryimage"},"thumbnailUrl":"https:\/\/www.vetorino.com\/boutique\/wp-content\/uploads\/2022\/07\/handy-canis-baudrier-posterieur-portage-chien-et-chat-handicapes-5cdd19f4211e2.jpeg","datePublished":"2020-06-30T14:11:18+00:00","dateModified":"2026-04-03T01:12:50+00:00","description":"Handy Canis est un harnais de maintien dans le cas d'immobilisation ou de paralysie, l\u00e9g\u00e8re ou s\u00e9v\u00e8re, permanente ou temporaire des pattes avant ou arri\u00e8res des chiens et des chats. Pour chiens handicap\u00e9s du train arri\u00e8re Con\u00e7u pour soulager le chien de son poids Facilite les d\u00e9placements du chien","breadcrumb":{"@id":"https:\/\/www.vetorino.com\/boutique\/product\/harnais-handy-canis-pour-chien-paralyse-du-train-arriere\/#breadcrumb"},"inLanguage":"fr-FR","potentialAction":[{"@type":"ReadAction","target":["https:\/\/www.vetorino.com\/boutique\/product\/harnais-handy-canis-pour-chien-paralyse-du-train-arriere\/"]}]},{"@type":"ImageObject","inLanguage":"fr-FR","@id":"https:\/\/www.vetorino.com\/boutique\/product\/harnais-handy-canis-pour-chien-paralyse-du-train-arriere\/#primaryimage","url":"https:\/\/www.vetorino.com\/boutique\/wp-content\/uploads\/2022\/07\/handy-canis-baudrier-posterieur-portage-chien-et-chat-handicapes-5cdd19f4211e2.jpeg","contentUrl":"https:\/\/www.vetorino.com\/boutique\/wp-content\/uploads\/2022\/07\/handy-canis-baudrier-posterieur-portage-chien-et-chat-handicapes-5cdd19f4211e2.jpeg","width":650,"height":650,"caption":"handy canis harnais chien"},{"@type":"BreadcrumbList","@id":"https:\/\/www.vetorino.com\/boutique\/product\/harnais-handy-canis-pour-chien-paralyse-du-train-arriere\/#breadcrumb","itemListElement":[{"@type":"ListItem","position":1,"name":"Accueil","item":"https:\/\/www.vetorino.com\/boutique\/"},{"@type":"ListItem","position":2,"name":"Produits","item":"https:\/\/www.vetorino.com\/boutique\/"},{"@type":"ListItem","position":3,"name":"Harnais Handy-Canis pour chien paralys\u00e9 du train arri\u00e8re"}]},{"@type":"WebSite","@id":"https:\/\/www.vetorino.com\/boutique\/#website","url":"https:\/\/www.vetorino.com\/boutique\/","name":"V\u00e9torino","description":"","publisher":{"@id":"https:\/\/www.vetorino.com\/boutique\/#organization"},"potentialAction":[{"@type":"SearchAction","target":{"@type":"EntryPoint","urlTemplate":"https:\/\/www.vetorino.com\/boutique\/?s={search_term_string}"},"query-input":{"@type":"PropertyValueSpecification","valueRequired":true,"valueName":"search_term_string"}}],"inLanguage":"fr-FR"},{"@type":"Organization","@id":"https:\/\/www.vetorino.com\/boutique\/#organization","name":"V\u00e9torino","url":"https:\/\/www.vetorino.com\/boutique\/","logo":{"@type":"ImageObject","inLanguage":"fr-FR","@id":"https:\/\/www.vetorino.com\/boutique\/#\/schema\/logo\/image\/","url":"https:\/\/www.vetorino.com\/boutique\/wp-content\/uploads\/2024\/10\/logo.jpg","contentUrl":"https:\/\/www.vetorino.com\/boutique\/wp-content\/uploads\/2024\/10\/logo.jpg","width":1200,"height":610,"caption":"V\u00e9torino"},"image":{"@id":"https:\/\/www.vetorino.com\/boutique\/#\/schema\/logo\/image\/"},"sameAs":["https:\/\/www.facebook.com\/Vetorino\/","https:\/\/www.instagram.com\/vetorino_off\/","https:\/\/www.linkedin.com\/company\/vtorino\/"]}]},"product_brand":"Genia","og_availability":"instock","product_availability":"instock","product_condition":"new"},"_links":{"self":[{"href":"https:\/\/www.vetorino.com\/veterinaire\/confolens-16500\/boutique\/wp-json\/wp\/v2\/product\/102618","targetHints":{"allow":["GET"]}}],"collection":[{"href":"https:\/\/www.vetorino.com\/veterinaire\/confolens-16500\/boutique\/wp-json\/wp\/v2\/product"}],"about":[{"href":"https:\/\/www.vetorino.com\/veterinaire\/confolens-16500\/boutique\/wp-json\/wp\/v2\/types\/product"}],"wp:featuredmedia":[{"embeddable":true,"href":"https:\/\/www.vetorino.com\/veterinaire\/confolens-16500\/boutique\/wp-json\/wp\/v2\/media\/476346"}],"wp:attachment":[{"href":"https:\/\/www.vetorino.com\/veterinaire\/confolens-16500\/boutique\/wp-json\/wp\/v2\/media?parent=102618"}],"wp:term":[{"taxonomy":"product_cat","embeddable":true,"href":"https:\/\/www.vetorino.com\/veterinaire\/confolens-16500\/boutique\/wp-json\/wp\/v2\/product_cat?post=102618"},{"taxonomy":"product_tag","embeddable":true,"href":"https:\/\/www.vetorino.com\/veterinaire\/confolens-16500\/boutique\/wp-json\/wp\/v2\/product_tag?post=102618"}],"curies":[{"name":"wp","href":"https:\/\/api.w.org\/{rel}","templated":true}]}}