{"id":102794,"date":"2020-06-30T16:27:38","date_gmt":"2020-06-30T14:27:38","guid":{"rendered":"https:\/\/www.vetorino.com\/boutique\/product\/thermometre-electronique-digital-economique\/"},"modified":"2026-02-17T02:42:09","modified_gmt":"2026-02-17T01:42:09","slug":"thermometre-electronique-digital-economique","status":"publish","type":"product","link":"https:\/\/www.vetorino.com\/veterinaire\/confolens-16500\/boutique\/product\/thermometre-electronique-digital-economique\/","title":{"rendered":"Thermom\u00e8tre \u00e9lectronique digital \u00e9conomique"},"content":{"rendered":"<div class='hidden'>MATERIEL<\/div>\n<div class='hidden'>Bovins<\/div>\n<ul>\n<li>Mesure : 32 &agrave; 42,9&deg;C.<\/li>\n<li>Pr&eacute;cision : + 0,1&deg;C.<\/li>\n<li>Stockage de la derni&egrave;re valeur mesur&eacute;e.<\/li>\n<li>Affichage : &eacute;cran &agrave; cristaux liquides &agrave; 3 chiffres.<\/li>\n<li>Alarme : bip indiquant le pic de temp&eacute;rature.<\/li>\n<li>Arr&ecirc;t automatique apr&egrave;s 9 minutes.<\/li>\n<li>Indicateur de batterie.<\/li>\n<li>Pile : LR41 dur&eacute;e de vie en continue 100 heures ou 18 mois pour 10 mn par jour. Ne peut-&ecirc;tre remplac&eacute;e.<\/li>\n<li>Poids :&nbsp;23 g.<\/li>\n<li>Dimensions : 188 x&nbsp;26 x 11 mm.<\/li>\n<li>Etanche IP22 : ne pas immerger : laver avec un tissu imbib&eacute; de savon et rincer avec un tissu imbib&eacute;&nbsp;d&#039;eau.<\/li>\n<li>Certifi&eacute; CE selon les directives europ&eacute;ennes CE0197.<\/li>\n<\/ul>\n","protected":false},"excerpt":{"rendered":"<p>MATERIEL Bovins Mesure : 32 &agrave; 42,9&deg;C. Pr&eacute;cision : + 0,1&deg;C. Stockage de la derni&egrave;re valeur mesur&eacute;e. Affichage : &eacute;cran &agrave; cristaux liquides &agrave; 3 chiffres. Alarme : bip indiquant le pic de temp&eacute;rature. Arr&ecirc;t automatique apr&egrave;s 9 minutes. Indicateur de batterie. Pile : LR41 dur&eacute;e de vie en continue 100 heures ou 18 mois [&hellip;]<\/p>\n","protected":false},"featured_media":102793,"template":"","meta":[],"product_cat":[12547],"product_tag":[],"class_list":{"0":"post-102794","1":"product","2":"type-product","3":"status-publish","4":"has-post-thumbnail","6":"product_cat-cheval","7":"pa_marque-materiel","9":"first","10":"instock","11":"taxable","12":"shipping-taxable","13":"purchasable","14":"product-type-simple"},"yoast_head":"<!-- This site is optimized with the Yoast SEO plugin v27.3 - https:\/\/yoast.com\/product\/yoast-seo-wordpress\/ -->\n<title>Thermom\u00e8tre \u00e9lectronique digital \u00e9conomique Mat\u00e9riel - V\u00e9torino<\/title>\n<meta name=\"description\" content=\"MATERIELBovins Mesure : 32 &agrave; 42,9&deg;C. Pr&eacute;cision : + 0,1&deg;C. Stockage de la derni&egrave;re valeur mesur&eacute;e. Affichage :\" \/>\n<meta name=\"robots\" content=\"noindex, nofollow\" \/>\n<meta property=\"og:locale\" content=\"fr_FR\" \/>\n<meta property=\"og:type\" content=\"article\" \/>\n<meta property=\"og:title\" content=\"Thermom\u00e8tre \u00e9lectronique digital \u00e9conomique Mat\u00e9riel - V\u00e9torino\" \/>\n<meta property=\"og:description\" content=\"MATERIELBovins Mesure : 32 &agrave; 42,9&deg;C. Pr&eacute;cision : + 0,1&deg;C. Stockage de la derni&egrave;re valeur mesur&eacute;e. Affichage :\" \/>\n<meta property=\"og:url\" content=\"https:\/\/www.vetorino.com\/veterinaire\/confolens-16500\/boutique\/product\/thermometre-electronique-digital-economique\/\" \/>\n<meta property=\"og:site_name\" content=\"V\u00e9torino\" \/>\n<meta property=\"article:publisher\" content=\"https:\/\/www.facebook.com\/Vetorino\/\" \/>\n<meta property=\"article:modified_time\" content=\"2026-02-17T01:42:09+00:00\" \/>\n<meta property=\"og:image\" content=\"https:\/\/www.vetorino.com\/boutique\/wp-content\/uploads\/2020\/06\/FilsTHE731FormatMediumTypeIM.png\" \/>\n\t<meta property=\"og:image:width\" content=\"282\" \/>\n\t<meta property=\"og:image:height\" content=\"400\" \/>\n\t<meta property=\"og:image:type\" content=\"image\/png\" \/>\n<meta name=\"twitter:card\" content=\"summary_large_image\" \/>\n<meta name=\"twitter:label1\" content=\"Prix\" \/>\n\t<meta name=\"twitter:data1\" content=\"7,22&euro;\" \/>\n\t<meta name=\"twitter:label2\" content=\"Disponibilit\u00e9\" \/>\n\t<meta name=\"twitter:data2\" content=\"En stock\" \/>\n<script type=\"application\/ld+json\" class=\"yoast-schema-graph\">{\"@context\":\"https:\\\/\\\/schema.org\",\"@graph\":[{\"@type\":\"WebPage\",\"@id\":\"https:\\\/\\\/www.vetorino.com\\\/boutique\\\/product\\\/thermometre-electronique-digital-economique\\\/\",\"url\":\"https:\\\/\\\/www.vetorino.com\\\/boutique\\\/product\\\/thermometre-electronique-digital-economique\\\/\",\"name\":\"Thermom\u00e8tre \u00e9lectronique digital \u00e9conomique Mat\u00e9riel - V\u00e9torino\",\"isPartOf\":{\"@id\":\"https:\\\/\\\/www.vetorino.com\\\/boutique\\\/#website\"},\"primaryImageOfPage\":{\"@id\":\"https:\\\/\\\/www.vetorino.com\\\/boutique\\\/product\\\/thermometre-electronique-digital-economique\\\/#primaryimage\"},\"image\":{\"@id\":\"https:\\\/\\\/www.vetorino.com\\\/boutique\\\/product\\\/thermometre-electronique-digital-economique\\\/#primaryimage\"},\"thumbnailUrl\":\"https:\\\/\\\/www.vetorino.com\\\/boutique\\\/wp-content\\\/uploads\\\/2020\\\/06\\\/FilsTHE731FormatMediumTypeIM.png\",\"datePublished\":\"2020-06-30T14:27:38+00:00\",\"dateModified\":\"2026-02-17T01:42:09+00:00\",\"description\":\"MATERIELBovins Mesure : 32 &agrave; 42,9&deg;C. Pr&eacute;cision : + 0,1&deg;C. Stockage de la derni&egrave;re valeur mesur&eacute;e. Affichage :\",\"breadcrumb\":{\"@id\":\"https:\\\/\\\/www.vetorino.com\\\/boutique\\\/product\\\/thermometre-electronique-digital-economique\\\/#breadcrumb\"},\"inLanguage\":\"fr-FR\",\"potentialAction\":[{\"@type\":\"ReadAction\",\"target\":[\"https:\\\/\\\/www.vetorino.com\\\/boutique\\\/product\\\/thermometre-electronique-digital-economique\\\/\"]}]},{\"@type\":\"ImageObject\",\"inLanguage\":\"fr-FR\",\"@id\":\"https:\\\/\\\/www.vetorino.com\\\/boutique\\\/product\\\/thermometre-electronique-digital-economique\\\/#primaryimage\",\"url\":\"https:\\\/\\\/www.vetorino.com\\\/boutique\\\/wp-content\\\/uploads\\\/2020\\\/06\\\/FilsTHE731FormatMediumTypeIM.png\",\"contentUrl\":\"https:\\\/\\\/www.vetorino.com\\\/boutique\\\/wp-content\\\/uploads\\\/2020\\\/06\\\/FilsTHE731FormatMediumTypeIM.png\",\"width\":282,\"height\":400},{\"@type\":\"BreadcrumbList\",\"@id\":\"https:\\\/\\\/www.vetorino.com\\\/boutique\\\/product\\\/thermometre-electronique-digital-economique\\\/#breadcrumb\",\"itemListElement\":[{\"@type\":\"ListItem\",\"position\":1,\"name\":\"Accueil\",\"item\":\"https:\\\/\\\/www.vetorino.com\\\/boutique\\\/\"},{\"@type\":\"ListItem\",\"position\":2,\"name\":\"Produits\",\"item\":\"https:\\\/\\\/www.vetorino.com\\\/boutique\\\/\"},{\"@type\":\"ListItem\",\"position\":3,\"name\":\"Thermom\u00e8tre \u00e9lectronique digital \u00e9conomique\"}]},{\"@type\":\"WebSite\",\"@id\":\"https:\\\/\\\/www.vetorino.com\\\/boutique\\\/#website\",\"url\":\"https:\\\/\\\/www.vetorino.com\\\/boutique\\\/\",\"name\":\"V\u00e9torino\",\"description\":\"\",\"publisher\":{\"@id\":\"https:\\\/\\\/www.vetorino.com\\\/boutique\\\/#organization\"},\"potentialAction\":[{\"@type\":\"SearchAction\",\"target\":{\"@type\":\"EntryPoint\",\"urlTemplate\":\"https:\\\/\\\/www.vetorino.com\\\/boutique\\\/?s={search_term_string}\"},\"query-input\":{\"@type\":\"PropertyValueSpecification\",\"valueRequired\":true,\"valueName\":\"search_term_string\"}}],\"inLanguage\":\"fr-FR\"},{\"@type\":\"Organization\",\"@id\":\"https:\\\/\\\/www.vetorino.com\\\/boutique\\\/#organization\",\"name\":\"V\u00e9torino\",\"url\":\"https:\\\/\\\/www.vetorino.com\\\/boutique\\\/\",\"logo\":{\"@type\":\"ImageObject\",\"inLanguage\":\"fr-FR\",\"@id\":\"https:\\\/\\\/www.vetorino.com\\\/boutique\\\/#\\\/schema\\\/logo\\\/image\\\/\",\"url\":\"https:\\\/\\\/www.vetorino.com\\\/boutique\\\/wp-content\\\/uploads\\\/2024\\\/10\\\/logo.jpg\",\"contentUrl\":\"https:\\\/\\\/www.vetorino.com\\\/boutique\\\/wp-content\\\/uploads\\\/2024\\\/10\\\/logo.jpg\",\"width\":1200,\"height\":610,\"caption\":\"V\u00e9torino\"},\"image\":{\"@id\":\"https:\\\/\\\/www.vetorino.com\\\/boutique\\\/#\\\/schema\\\/logo\\\/image\\\/\"},\"sameAs\":[\"https:\\\/\\\/www.facebook.com\\\/Vetorino\\\/\",\"https:\\\/\\\/www.instagram.com\\\/vetorino_off\\\/\",\"https:\\\/\\\/www.linkedin.com\\\/company\\\/vtorino\\\/\"]}]}<\/script>\n<meta property=\"product:brand\" content=\"Mat\u00e9riel\" \/>\n<meta property=\"product:price:amount\" content=\"7.22\" \/>\n<meta property=\"product:price:currency\" content=\"EUR\" \/>\n<meta property=\"og:availability\" content=\"instock\" \/>\n<meta property=\"product:availability\" content=\"instock\" \/>\n<meta property=\"product:retailer_item_id\" content=\"C-THE731\" \/>\n<meta property=\"product:condition\" content=\"new\" \/>\n<!-- \/ Yoast SEO plugin. -->","yoast_head_json":{"title":"Thermom\u00e8tre \u00e9lectronique digital \u00e9conomique Mat\u00e9riel - V\u00e9torino","description":"MATERIELBovins Mesure : 32 &agrave; 42,9&deg;C. Pr&eacute;cision : + 0,1&deg;C. Stockage de la derni&egrave;re valeur mesur&eacute;e. Affichage :","robots":{"index":"noindex","follow":"nofollow"},"og_locale":"fr_FR","og_type":"article","og_title":"Thermom\u00e8tre \u00e9lectronique digital \u00e9conomique Mat\u00e9riel - V\u00e9torino","og_description":"MATERIELBovins Mesure : 32 &agrave; 42,9&deg;C. Pr&eacute;cision : + 0,1&deg;C. Stockage de la derni&egrave;re valeur mesur&eacute;e. Affichage :","og_url":"https:\/\/www.vetorino.com\/veterinaire\/confolens-16500\/boutique\/product\/thermometre-electronique-digital-economique\/","og_site_name":"V\u00e9torino","article_publisher":"https:\/\/www.facebook.com\/Vetorino\/","article_modified_time":"2026-02-17T01:42:09+00:00","og_image":[{"width":282,"height":400,"url":"https:\/\/www.vetorino.com\/boutique\/wp-content\/uploads\/2020\/06\/FilsTHE731FormatMediumTypeIM.png","type":"image\/png"}],"twitter_card":"summary_large_image","twitter_misc":{"Prix":"7,22&euro;","Disponibilit\u00e9":"En stock"},"schema":{"@context":"https:\/\/schema.org","@graph":[{"@type":"WebPage","@id":"https:\/\/www.vetorino.com\/boutique\/product\/thermometre-electronique-digital-economique\/","url":"https:\/\/www.vetorino.com\/boutique\/product\/thermometre-electronique-digital-economique\/","name":"Thermom\u00e8tre \u00e9lectronique digital \u00e9conomique Mat\u00e9riel - V\u00e9torino","isPartOf":{"@id":"https:\/\/www.vetorino.com\/boutique\/#website"},"primaryImageOfPage":{"@id":"https:\/\/www.vetorino.com\/boutique\/product\/thermometre-electronique-digital-economique\/#primaryimage"},"image":{"@id":"https:\/\/www.vetorino.com\/boutique\/product\/thermometre-electronique-digital-economique\/#primaryimage"},"thumbnailUrl":"https:\/\/www.vetorino.com\/boutique\/wp-content\/uploads\/2020\/06\/FilsTHE731FormatMediumTypeIM.png","datePublished":"2020-06-30T14:27:38+00:00","dateModified":"2026-02-17T01:42:09+00:00","description":"MATERIELBovins Mesure : 32 &agrave; 42,9&deg;C. Pr&eacute;cision : + 0,1&deg;C. Stockage de la derni&egrave;re valeur mesur&eacute;e. Affichage :","breadcrumb":{"@id":"https:\/\/www.vetorino.com\/boutique\/product\/thermometre-electronique-digital-economique\/#breadcrumb"},"inLanguage":"fr-FR","potentialAction":[{"@type":"ReadAction","target":["https:\/\/www.vetorino.com\/boutique\/product\/thermometre-electronique-digital-economique\/"]}]},{"@type":"ImageObject","inLanguage":"fr-FR","@id":"https:\/\/www.vetorino.com\/boutique\/product\/thermometre-electronique-digital-economique\/#primaryimage","url":"https:\/\/www.vetorino.com\/boutique\/wp-content\/uploads\/2020\/06\/FilsTHE731FormatMediumTypeIM.png","contentUrl":"https:\/\/www.vetorino.com\/boutique\/wp-content\/uploads\/2020\/06\/FilsTHE731FormatMediumTypeIM.png","width":282,"height":400},{"@type":"BreadcrumbList","@id":"https:\/\/www.vetorino.com\/boutique\/product\/thermometre-electronique-digital-economique\/#breadcrumb","itemListElement":[{"@type":"ListItem","position":1,"name":"Accueil","item":"https:\/\/www.vetorino.com\/boutique\/"},{"@type":"ListItem","position":2,"name":"Produits","item":"https:\/\/www.vetorino.com\/boutique\/"},{"@type":"ListItem","position":3,"name":"Thermom\u00e8tre \u00e9lectronique digital \u00e9conomique"}]},{"@type":"WebSite","@id":"https:\/\/www.vetorino.com\/boutique\/#website","url":"https:\/\/www.vetorino.com\/boutique\/","name":"V\u00e9torino","description":"","publisher":{"@id":"https:\/\/www.vetorino.com\/boutique\/#organization"},"potentialAction":[{"@type":"SearchAction","target":{"@type":"EntryPoint","urlTemplate":"https:\/\/www.vetorino.com\/boutique\/?s={search_term_string}"},"query-input":{"@type":"PropertyValueSpecification","valueRequired":true,"valueName":"search_term_string"}}],"inLanguage":"fr-FR"},{"@type":"Organization","@id":"https:\/\/www.vetorino.com\/boutique\/#organization","name":"V\u00e9torino","url":"https:\/\/www.vetorino.com\/boutique\/","logo":{"@type":"ImageObject","inLanguage":"fr-FR","@id":"https:\/\/www.vetorino.com\/boutique\/#\/schema\/logo\/image\/","url":"https:\/\/www.vetorino.com\/boutique\/wp-content\/uploads\/2024\/10\/logo.jpg","contentUrl":"https:\/\/www.vetorino.com\/boutique\/wp-content\/uploads\/2024\/10\/logo.jpg","width":1200,"height":610,"caption":"V\u00e9torino"},"image":{"@id":"https:\/\/www.vetorino.com\/boutique\/#\/schema\/logo\/image\/"},"sameAs":["https:\/\/www.facebook.com\/Vetorino\/","https:\/\/www.instagram.com\/vetorino_off\/","https:\/\/www.linkedin.com\/company\/vtorino\/"]}]},"product_brand":"Mat\u00e9riel","product_price_amount":"7.22","product_price_currency":"EUR","og_availability":"instock","product_availability":"instock","product_retailer_item_id":"C-THE731","product_condition":"new"},"_links":{"self":[{"href":"https:\/\/www.vetorino.com\/veterinaire\/confolens-16500\/boutique\/wp-json\/wp\/v2\/product\/102794","targetHints":{"allow":["GET"]}}],"collection":[{"href":"https:\/\/www.vetorino.com\/veterinaire\/confolens-16500\/boutique\/wp-json\/wp\/v2\/product"}],"about":[{"href":"https:\/\/www.vetorino.com\/veterinaire\/confolens-16500\/boutique\/wp-json\/wp\/v2\/types\/product"}],"wp:featuredmedia":[{"embeddable":true,"href":"https:\/\/www.vetorino.com\/veterinaire\/confolens-16500\/boutique\/wp-json\/wp\/v2\/media\/102793"}],"wp:attachment":[{"href":"https:\/\/www.vetorino.com\/veterinaire\/confolens-16500\/boutique\/wp-json\/wp\/v2\/media?parent=102794"}],"wp:term":[{"taxonomy":"product_cat","embeddable":true,"href":"https:\/\/www.vetorino.com\/veterinaire\/confolens-16500\/boutique\/wp-json\/wp\/v2\/product_cat?post=102794"},{"taxonomy":"product_tag","embeddable":true,"href":"https:\/\/www.vetorino.com\/veterinaire\/confolens-16500\/boutique\/wp-json\/wp\/v2\/product_tag?post=102794"}],"curies":[{"name":"wp","href":"https:\/\/api.w.org\/{rel}","templated":true}]}}