{"id":103147,"date":"2020-06-30T17:19:59","date_gmt":"2020-06-30T15:19:59","guid":{"rendered":"https:\/\/www.vetorino.com\/boutique\/product\/uterophyt\/"},"modified":"2026-02-18T02:42:09","modified_gmt":"2026-02-18T01:42:09","slug":"uterophyt","status":"publish","type":"product","link":"https:\/\/www.vetorino.com\/veterinaire\/confolens-16500\/boutique\/product\/uterophyt\/","title":{"rendered":"UteroPhyt"},"content":{"rendered":"<p>Aliment compl\u00e9mentaire <strong>pour la reproduction et la mise bas<\/strong> des ovins et bovins<strong> \u00e0 base de plantes<\/strong> <strong>en poudre et mac\u00e9r\u00e9es<\/strong> (dont aun\u00e9e, menthe poivr\u00e9e, origan, ortie, pissenlit, romarin, thym&#8230;)<\/p>\n<p><strong>Mode d&#8217;emploi :<\/strong><\/p>\n<div class=\"texte_bloc\">\n<ul>\n<li><strong>Vaches :\u00a0<\/strong>100 ml, 1 \u00e0 2 fois par jour, pendant 3 \u00e0 6 jours, selon les besoins de l&#8217;animal<\/li>\n<li><strong>Brebis ou ch\u00e8vre (70 kg) : <\/strong>30 ml matin et soir, pendant 3 jours, puis 1 fois par jour les 2 jours suivants.<\/li>\n<\/ul>\n<\/div>\n<p><em>Administrer par voie orale \u00e0 l&#8217;aide d&#8217;une seringue doseuse.<\/em><\/p>\n","protected":false},"excerpt":{"rendered":"<p>Aliment compl\u00e9mentaire <strong>pour la reproduction et la mise bas<\/strong> des ovins et bovins<strong> \u00e0 base de plantes<\/strong> <strong>en poudre et mac\u00e9r\u00e9es<\/strong> (dont aun\u00e9e, menthe poivr\u00e9e, origan, ortie, pissenlit, romarin, thym&#8230;)<\/p>\n<p><strong>Mode d&#8217;emploi :<\/strong><\/p>\n<div class=\"texte_bloc\">\n<ul>\n<li><strong>Vaches :\u00a0<\/strong>100 ml, 1 \u00e0 2 fois par jour, pendant 3 \u00e0 6 jours, selon les besoins de l&#8217;animal<\/li>\n<li><strong>Brebis ou ch\u00e8vre (70 kg) : <\/strong>30 ml matin et soir, pendant 3 jours, puis 1 fois par jour les 2 jours suivants.<\/li>\n<\/ul>\n<\/div>\n<p><em>Administrer par voie orale \u00e0 l&#8217;aide d&#8217;une seringue doseuse.<\/em><\/p>\n","protected":false},"featured_media":1433845,"template":"","meta":[],"product_cat":[6864,6870,6871,6873],"product_tag":[],"class_list":{"0":"post-103147","1":"product","2":"type-product","3":"status-publish","4":"has-post-thumbnail","6":"product_cat-animaux-delevage","7":"product_cat-bovins","8":"product_cat-caprins","9":"product_cat-ovins","10":"pa_marque-savetis","12":"first","13":"instock","14":"taxable","15":"shipping-taxable","16":"purchasable","17":"product-type-simple"},"yoast_head":"<!-- This site is optimized with the Yoast SEO plugin v27.3 - https:\/\/yoast.com\/product\/yoast-seo-wordpress\/ -->\n<title>UteroPhyt Savetis - V\u00e9torino<\/title>\n<meta name=\"description\" content=\"Aliment compl\u00e9mentaire pour la reproduction et la mise bas des ovins et bovins \u00e0 base de plantes en poudre et mac\u00e9r\u00e9es (dont aun\u00e9e, menthe poivr\u00e9e, origan, ortie, pissenlit, romarin, thym...)  Mode d&#039;emploi :    Vaches :\u00a0100 ml, 1 \u00e0 2 fois par jour, pendant 3 \u00e0 6 jours, selon les besoins de l&#039;animal  Brebis ou ch\u00e8vre (70 kg) : 30 ml matin et soir, pendant 3 jours, puis 1 fois par jour les 2 jours suivants.   Administrer par voie orale \u00e0 l&#039;aide d&#039;une seringue doseuse.\" \/>\n<meta name=\"robots\" content=\"noindex, nofollow\" \/>\n<meta property=\"og:locale\" content=\"fr_FR\" \/>\n<meta property=\"og:type\" content=\"article\" \/>\n<meta property=\"og:title\" content=\"UteroPhyt Savetis - V\u00e9torino\" \/>\n<meta property=\"og:description\" content=\"Aliment compl\u00e9mentaire pour la reproduction et la mise bas des ovins et bovins \u00e0 base de plantes en poudre et mac\u00e9r\u00e9es (dont aun\u00e9e, menthe poivr\u00e9e, origan, ortie, pissenlit, romarin, thym...)  Mode d&#039;emploi :    Vaches :\u00a0100 ml, 1 \u00e0 2 fois par jour, pendant 3 \u00e0 6 jours, selon les besoins de l&#039;animal  Brebis ou ch\u00e8vre (70 kg) : 30 ml matin et soir, pendant 3 jours, puis 1 fois par jour les 2 jours suivants.   Administrer par voie orale \u00e0 l&#039;aide d&#039;une seringue doseuse.\" \/>\n<meta property=\"og:url\" content=\"https:\/\/www.vetorino.com\/veterinaire\/confolens-16500\/boutique\/product\/uterophyt\/\" \/>\n<meta property=\"og:site_name\" content=\"V\u00e9torino\" \/>\n<meta property=\"article:publisher\" content=\"https:\/\/www.facebook.com\/Vetorino\/\" \/>\n<meta property=\"article:modified_time\" content=\"2026-02-18T01:42:09+00:00\" \/>\n<meta property=\"og:image\" content=\"https:\/\/www.vetorino.com\/boutique\/wp-content\/uploads\/2022\/11\/uterophyt-savetis.png\" \/>\n\t<meta property=\"og:image:width\" content=\"600\" \/>\n\t<meta property=\"og:image:height\" content=\"532\" \/>\n\t<meta property=\"og:image:type\" content=\"image\/png\" \/>\n<meta name=\"twitter:card\" content=\"summary_large_image\" \/>\n<meta name=\"twitter:label1\" content=\"Prix\" \/>\n\t<meta name=\"twitter:data1\" content=\"24,70&euro;\" \/>\n\t<meta name=\"twitter:label2\" content=\"Disponibilit\u00e9\" \/>\n\t<meta name=\"twitter:data2\" content=\"En stock\" \/>\n<script type=\"application\/ld+json\" class=\"yoast-schema-graph\">{\"@context\":\"https:\\\/\\\/schema.org\",\"@graph\":[{\"@type\":\"WebPage\",\"@id\":\"https:\\\/\\\/www.vetorino.com\\\/boutique\\\/product\\\/uterophyt\\\/\",\"url\":\"https:\\\/\\\/www.vetorino.com\\\/boutique\\\/product\\\/uterophyt\\\/\",\"name\":\"UteroPhyt Savetis - V\u00e9torino\",\"isPartOf\":{\"@id\":\"https:\\\/\\\/www.vetorino.com\\\/boutique\\\/#website\"},\"primaryImageOfPage\":{\"@id\":\"https:\\\/\\\/www.vetorino.com\\\/boutique\\\/product\\\/uterophyt\\\/#primaryimage\"},\"image\":{\"@id\":\"https:\\\/\\\/www.vetorino.com\\\/boutique\\\/product\\\/uterophyt\\\/#primaryimage\"},\"thumbnailUrl\":\"https:\\\/\\\/www.vetorino.com\\\/boutique\\\/wp-content\\\/uploads\\\/2022\\\/11\\\/uterophyt-savetis.png\",\"datePublished\":\"2020-06-30T15:19:59+00:00\",\"dateModified\":\"2026-02-18T01:42:09+00:00\",\"description\":\"Aliment compl\u00e9mentaire pour la reproduction et la mise bas des ovins et bovins \u00e0 base de plantes en poudre et mac\u00e9r\u00e9es (dont aun\u00e9e, menthe poivr\u00e9e, origan, ortie, pissenlit, romarin, thym...) Mode d'emploi : Vaches :\u00a0100 ml, 1 \u00e0 2 fois par jour, pendant 3 \u00e0 6 jours, selon les besoins de l'animal Brebis ou ch\u00e8vre (70 kg) : 30 ml matin et soir, pendant 3 jours, puis 1 fois par jour les 2 jours suivants. Administrer par voie orale \u00e0 l'aide d'une seringue doseuse.\",\"breadcrumb\":{\"@id\":\"https:\\\/\\\/www.vetorino.com\\\/boutique\\\/product\\\/uterophyt\\\/#breadcrumb\"},\"inLanguage\":\"fr-FR\",\"potentialAction\":[{\"@type\":\"ReadAction\",\"target\":[\"https:\\\/\\\/www.vetorino.com\\\/boutique\\\/product\\\/uterophyt\\\/\"]}]},{\"@type\":\"ImageObject\",\"inLanguage\":\"fr-FR\",\"@id\":\"https:\\\/\\\/www.vetorino.com\\\/boutique\\\/product\\\/uterophyt\\\/#primaryimage\",\"url\":\"https:\\\/\\\/www.vetorino.com\\\/boutique\\\/wp-content\\\/uploads\\\/2022\\\/11\\\/uterophyt-savetis.png\",\"contentUrl\":\"https:\\\/\\\/www.vetorino.com\\\/boutique\\\/wp-content\\\/uploads\\\/2022\\\/11\\\/uterophyt-savetis.png\",\"width\":600,\"height\":532},{\"@type\":\"BreadcrumbList\",\"@id\":\"https:\\\/\\\/www.vetorino.com\\\/boutique\\\/product\\\/uterophyt\\\/#breadcrumb\",\"itemListElement\":[{\"@type\":\"ListItem\",\"position\":1,\"name\":\"Accueil\",\"item\":\"https:\\\/\\\/www.vetorino.com\\\/boutique\\\/\"},{\"@type\":\"ListItem\",\"position\":2,\"name\":\"Produits\",\"item\":\"https:\\\/\\\/www.vetorino.com\\\/boutique\\\/\"},{\"@type\":\"ListItem\",\"position\":3,\"name\":\"UteroPhyt\"}]},{\"@type\":\"WebSite\",\"@id\":\"https:\\\/\\\/www.vetorino.com\\\/boutique\\\/#website\",\"url\":\"https:\\\/\\\/www.vetorino.com\\\/boutique\\\/\",\"name\":\"V\u00e9torino\",\"description\":\"\",\"publisher\":{\"@id\":\"https:\\\/\\\/www.vetorino.com\\\/boutique\\\/#organization\"},\"potentialAction\":[{\"@type\":\"SearchAction\",\"target\":{\"@type\":\"EntryPoint\",\"urlTemplate\":\"https:\\\/\\\/www.vetorino.com\\\/boutique\\\/?s={search_term_string}\"},\"query-input\":{\"@type\":\"PropertyValueSpecification\",\"valueRequired\":true,\"valueName\":\"search_term_string\"}}],\"inLanguage\":\"fr-FR\"},{\"@type\":\"Organization\",\"@id\":\"https:\\\/\\\/www.vetorino.com\\\/boutique\\\/#organization\",\"name\":\"V\u00e9torino\",\"url\":\"https:\\\/\\\/www.vetorino.com\\\/boutique\\\/\",\"logo\":{\"@type\":\"ImageObject\",\"inLanguage\":\"fr-FR\",\"@id\":\"https:\\\/\\\/www.vetorino.com\\\/boutique\\\/#\\\/schema\\\/logo\\\/image\\\/\",\"url\":\"https:\\\/\\\/www.vetorino.com\\\/boutique\\\/wp-content\\\/uploads\\\/2024\\\/10\\\/logo.jpg\",\"contentUrl\":\"https:\\\/\\\/www.vetorino.com\\\/boutique\\\/wp-content\\\/uploads\\\/2024\\\/10\\\/logo.jpg\",\"width\":1200,\"height\":610,\"caption\":\"V\u00e9torino\"},\"image\":{\"@id\":\"https:\\\/\\\/www.vetorino.com\\\/boutique\\\/#\\\/schema\\\/logo\\\/image\\\/\"},\"sameAs\":[\"https:\\\/\\\/www.facebook.com\\\/Vetorino\\\/\",\"https:\\\/\\\/www.instagram.com\\\/vetorino_off\\\/\",\"https:\\\/\\\/www.linkedin.com\\\/company\\\/vtorino\\\/\"]}]}<\/script>\n<meta property=\"product:brand\" content=\"Savetis\" \/>\n<meta property=\"product:price:amount\" content=\"24.70\" \/>\n<meta property=\"product:price:currency\" content=\"EUR\" \/>\n<meta property=\"og:availability\" content=\"instock\" \/>\n<meta property=\"product:availability\" content=\"instock\" \/>\n<meta property=\"product:retailer_item_id\" content=\"C-UTE007\" \/>\n<meta property=\"product:condition\" content=\"new\" \/>\n<!-- \/ Yoast SEO plugin. -->","yoast_head_json":{"title":"UteroPhyt Savetis - V\u00e9torino","description":"Aliment compl\u00e9mentaire pour la reproduction et la mise bas des ovins et bovins \u00e0 base de plantes en poudre et mac\u00e9r\u00e9es (dont aun\u00e9e, menthe poivr\u00e9e, origan, ortie, pissenlit, romarin, thym...)  Mode d'emploi :    Vaches :\u00a0100 ml, 1 \u00e0 2 fois par jour, pendant 3 \u00e0 6 jours, selon les besoins de l'animal  Brebis ou ch\u00e8vre (70 kg) : 30 ml matin et soir, pendant 3 jours, puis 1 fois par jour les 2 jours suivants.   Administrer par voie orale \u00e0 l'aide d'une seringue doseuse.","robots":{"index":"noindex","follow":"nofollow"},"og_locale":"fr_FR","og_type":"article","og_title":"UteroPhyt Savetis - V\u00e9torino","og_description":"Aliment compl\u00e9mentaire pour la reproduction et la mise bas des ovins et bovins \u00e0 base de plantes en poudre et mac\u00e9r\u00e9es (dont aun\u00e9e, menthe poivr\u00e9e, origan, ortie, pissenlit, romarin, thym...)  Mode d'emploi :    Vaches :\u00a0100 ml, 1 \u00e0 2 fois par jour, pendant 3 \u00e0 6 jours, selon les besoins de l'animal  Brebis ou ch\u00e8vre (70 kg) : 30 ml matin et soir, pendant 3 jours, puis 1 fois par jour les 2 jours suivants.   Administrer par voie orale \u00e0 l'aide d'une seringue doseuse.","og_url":"https:\/\/www.vetorino.com\/veterinaire\/confolens-16500\/boutique\/product\/uterophyt\/","og_site_name":"V\u00e9torino","article_publisher":"https:\/\/www.facebook.com\/Vetorino\/","article_modified_time":"2026-02-18T01:42:09+00:00","og_image":[{"width":600,"height":532,"url":"https:\/\/www.vetorino.com\/boutique\/wp-content\/uploads\/2022\/11\/uterophyt-savetis.png","type":"image\/png"}],"twitter_card":"summary_large_image","twitter_misc":{"Prix":"24,70&euro;","Disponibilit\u00e9":"En stock"},"schema":{"@context":"https:\/\/schema.org","@graph":[{"@type":"WebPage","@id":"https:\/\/www.vetorino.com\/boutique\/product\/uterophyt\/","url":"https:\/\/www.vetorino.com\/boutique\/product\/uterophyt\/","name":"UteroPhyt Savetis - V\u00e9torino","isPartOf":{"@id":"https:\/\/www.vetorino.com\/boutique\/#website"},"primaryImageOfPage":{"@id":"https:\/\/www.vetorino.com\/boutique\/product\/uterophyt\/#primaryimage"},"image":{"@id":"https:\/\/www.vetorino.com\/boutique\/product\/uterophyt\/#primaryimage"},"thumbnailUrl":"https:\/\/www.vetorino.com\/boutique\/wp-content\/uploads\/2022\/11\/uterophyt-savetis.png","datePublished":"2020-06-30T15:19:59+00:00","dateModified":"2026-02-18T01:42:09+00:00","description":"Aliment compl\u00e9mentaire pour la reproduction et la mise bas des ovins et bovins \u00e0 base de plantes en poudre et mac\u00e9r\u00e9es (dont aun\u00e9e, menthe poivr\u00e9e, origan, ortie, pissenlit, romarin, thym...) Mode d'emploi : Vaches :\u00a0100 ml, 1 \u00e0 2 fois par jour, pendant 3 \u00e0 6 jours, selon les besoins de l'animal Brebis ou ch\u00e8vre (70 kg) : 30 ml matin et soir, pendant 3 jours, puis 1 fois par jour les 2 jours suivants. Administrer par voie orale \u00e0 l'aide d'une seringue doseuse.","breadcrumb":{"@id":"https:\/\/www.vetorino.com\/boutique\/product\/uterophyt\/#breadcrumb"},"inLanguage":"fr-FR","potentialAction":[{"@type":"ReadAction","target":["https:\/\/www.vetorino.com\/boutique\/product\/uterophyt\/"]}]},{"@type":"ImageObject","inLanguage":"fr-FR","@id":"https:\/\/www.vetorino.com\/boutique\/product\/uterophyt\/#primaryimage","url":"https:\/\/www.vetorino.com\/boutique\/wp-content\/uploads\/2022\/11\/uterophyt-savetis.png","contentUrl":"https:\/\/www.vetorino.com\/boutique\/wp-content\/uploads\/2022\/11\/uterophyt-savetis.png","width":600,"height":532},{"@type":"BreadcrumbList","@id":"https:\/\/www.vetorino.com\/boutique\/product\/uterophyt\/#breadcrumb","itemListElement":[{"@type":"ListItem","position":1,"name":"Accueil","item":"https:\/\/www.vetorino.com\/boutique\/"},{"@type":"ListItem","position":2,"name":"Produits","item":"https:\/\/www.vetorino.com\/boutique\/"},{"@type":"ListItem","position":3,"name":"UteroPhyt"}]},{"@type":"WebSite","@id":"https:\/\/www.vetorino.com\/boutique\/#website","url":"https:\/\/www.vetorino.com\/boutique\/","name":"V\u00e9torino","description":"","publisher":{"@id":"https:\/\/www.vetorino.com\/boutique\/#organization"},"potentialAction":[{"@type":"SearchAction","target":{"@type":"EntryPoint","urlTemplate":"https:\/\/www.vetorino.com\/boutique\/?s={search_term_string}"},"query-input":{"@type":"PropertyValueSpecification","valueRequired":true,"valueName":"search_term_string"}}],"inLanguage":"fr-FR"},{"@type":"Organization","@id":"https:\/\/www.vetorino.com\/boutique\/#organization","name":"V\u00e9torino","url":"https:\/\/www.vetorino.com\/boutique\/","logo":{"@type":"ImageObject","inLanguage":"fr-FR","@id":"https:\/\/www.vetorino.com\/boutique\/#\/schema\/logo\/image\/","url":"https:\/\/www.vetorino.com\/boutique\/wp-content\/uploads\/2024\/10\/logo.jpg","contentUrl":"https:\/\/www.vetorino.com\/boutique\/wp-content\/uploads\/2024\/10\/logo.jpg","width":1200,"height":610,"caption":"V\u00e9torino"},"image":{"@id":"https:\/\/www.vetorino.com\/boutique\/#\/schema\/logo\/image\/"},"sameAs":["https:\/\/www.facebook.com\/Vetorino\/","https:\/\/www.instagram.com\/vetorino_off\/","https:\/\/www.linkedin.com\/company\/vtorino\/"]}]},"product_brand":"Savetis","product_price_amount":"24.70","product_price_currency":"EUR","og_availability":"instock","product_availability":"instock","product_retailer_item_id":"C-UTE007","product_condition":"new"},"_links":{"self":[{"href":"https:\/\/www.vetorino.com\/veterinaire\/confolens-16500\/boutique\/wp-json\/wp\/v2\/product\/103147","targetHints":{"allow":["GET"]}}],"collection":[{"href":"https:\/\/www.vetorino.com\/veterinaire\/confolens-16500\/boutique\/wp-json\/wp\/v2\/product"}],"about":[{"href":"https:\/\/www.vetorino.com\/veterinaire\/confolens-16500\/boutique\/wp-json\/wp\/v2\/types\/product"}],"wp:featuredmedia":[{"embeddable":true,"href":"https:\/\/www.vetorino.com\/veterinaire\/confolens-16500\/boutique\/wp-json\/wp\/v2\/media\/1433845"}],"wp:attachment":[{"href":"https:\/\/www.vetorino.com\/veterinaire\/confolens-16500\/boutique\/wp-json\/wp\/v2\/media?parent=103147"}],"wp:term":[{"taxonomy":"product_cat","embeddable":true,"href":"https:\/\/www.vetorino.com\/veterinaire\/confolens-16500\/boutique\/wp-json\/wp\/v2\/product_cat?post=103147"},{"taxonomy":"product_tag","embeddable":true,"href":"https:\/\/www.vetorino.com\/veterinaire\/confolens-16500\/boutique\/wp-json\/wp\/v2\/product_tag?post=103147"}],"curies":[{"name":"wp","href":"https:\/\/api.w.org\/{rel}","templated":true}]}}