{"id":106806,"date":"2020-07-09T17:58:03","date_gmt":"2020-07-09T15:58:03","guid":{"rendered":"https:\/\/www.vetorino.com\/boutique\/product\/bo-yea-sacc-ultra-2\/"},"modified":"2024-03-22T10:08:52","modified_gmt":"2024-03-22T09:08:52","slug":"bo-yea-sacc-ultra-2","status":"publish","type":"product","link":"https:\/\/www.vetorino.com\/veterinaire\/confolens-16500\/boutique\/product\/bo-yea-sacc-ultra-2\/","title":{"rendered":"Bo Yea Sacc Ultra"},"content":{"rendered":"<p>Audevard Bo Yea Sacc Ultra est un compl\u00e9ment alimentaire pour chevaux destin\u00e9 \u00e0 s\u00e9curiser la performance nutritionnelle. BO YEA SACC ULTRA apporte des pr\u00e9- et probiotiques ainsi qu&#8217;un capteur de mycotoxines alimentaires sp\u00e9cifique.<\/p>\n<p><strong><br \/>\nUtilisation :<\/strong><\/p>\n<ul>\n<li>En \u00e9levage, permet d\u2019optimiser l\u2019assimilation des min\u00e9raux chez la poulini\u00e8re et le poulain tout en stabilisant la flore intestinale.<\/li>\n<li>En comp\u00e9tition, permet de r\u00e9duire les effets des\u00a0stress digestifs du cheval athl\u00e8te am\u00e9liorant la disponibilit\u00e9 du cheval pour l\u2019effort.<\/li>\n<\/ul>\n<p>Boite de 1,2 kg. Permet jusqu\u2019\u00e0 60 jours d\u2019utilisation chez le cheval adulte.<\/p>\n<p><em>Mode d&#8217;emploi:<\/em><\/p>\n<ul>\n<li>Poulain : 1\/2 mesure par jour.<\/li>\n<li>Yearling : 1 mesure par jour.<\/li>\n<li>Adulte : 2 mesures par jour.<\/li>\n<li>Besoins accrus ou p\u00e9riode d\u2019effort intensif (adultes) : 4 mesures par jour.<\/li>\n<\/ul>\n","protected":false},"excerpt":{"rendered":"<p><strong>Audevard Bo Yea Sacc Ultra<\/strong> est un compl\u00e9ment alimentaire pour chevaux destin\u00e9 \u00e0 s\u00e9curiser la performance nutritionnelle. <strong>BO YEA SACC ULTRA<\/strong> apporte des pr\u00e9- et probiotiques ainsi qu&#8217;un capteur de mycotoxines alimentaires sp\u00e9cifique.<\/p>\n","protected":false},"featured_media":176990,"template":"","meta":[],"product_cat":[12547,12758],"product_tag":[],"class_list":{"0":"post-106806","1":"product","2":"type-product","3":"status-publish","4":"has-post-thumbnail","6":"product_cat-cheval","7":"product_cat-elevage-et-lait-maternise-pour-cheval","8":"pa_marque-audevard","10":"first","11":"instock","12":"taxable","13":"shipping-taxable","14":"purchasable","15":"product-type-variable"},"yoast_head":"<!-- This site is optimized with the Yoast SEO plugin v27.3 - https:\/\/yoast.com\/product\/yoast-seo-wordpress\/ -->\n<title>Bo Yea Sacc Ultra Audevard - V\u00e9torino<\/title>\n<meta name=\"description\" content=\"Audevard Bo Yea Sacc Ultra est un compl\u00e9ment alimentaire pour chevaux destin\u00e9 \u00e0 s\u00e9curiser la performance nutritionnelle. BO YEA SACC ULTRA apporte des pr\u00e9- et probiotiques ainsi qu&#039;un capteur de mycotoxines alimentaires sp\u00e9cifique.\" \/>\n<meta name=\"robots\" content=\"noindex, nofollow\" \/>\n<meta property=\"og:locale\" content=\"fr_FR\" \/>\n<meta property=\"og:type\" content=\"article\" \/>\n<meta property=\"og:title\" content=\"Bo Yea Sacc Ultra Audevard - V\u00e9torino\" \/>\n<meta property=\"og:description\" content=\"Audevard Bo Yea Sacc Ultra est un compl\u00e9ment alimentaire pour chevaux destin\u00e9 \u00e0 s\u00e9curiser la performance nutritionnelle. BO YEA SACC ULTRA apporte des pr\u00e9- et probiotiques ainsi qu&#039;un capteur de mycotoxines alimentaires sp\u00e9cifique.\" \/>\n<meta property=\"og:url\" content=\"https:\/\/www.vetorino.com\/veterinaire\/confolens-16500\/boutique\/product\/bo-yea-sacc-ultra-2\/\" \/>\n<meta property=\"og:site_name\" content=\"V\u00e9torino\" \/>\n<meta property=\"article:publisher\" content=\"https:\/\/www.facebook.com\/Vetorino\/\" \/>\n<meta property=\"article:modified_time\" content=\"2024-03-22T09:08:52+00:00\" \/>\n<meta property=\"og:image\" content=\"https:\/\/www.vetorino.com\/boutique\/wp-content\/uploads\/2021\/05\/AUDEV-8135099.jpg\" \/>\n\t<meta property=\"og:image:width\" content=\"255\" \/>\n\t<meta property=\"og:image:height\" content=\"255\" \/>\n\t<meta property=\"og:image:type\" content=\"image\/jpeg\" \/>\n<meta name=\"twitter:card\" content=\"summary_large_image\" \/>\n<meta name=\"twitter:label1\" content=\"Disponibilit\u00e9\" \/>\n\t<meta name=\"twitter:data1\" content=\"En stock\" \/>\n<script type=\"application\/ld+json\" class=\"yoast-schema-graph\">{\"@context\":\"https:\\\/\\\/schema.org\",\"@graph\":[{\"@type\":\"WebPage\",\"@id\":\"https:\\\/\\\/www.vetorino.com\\\/veterinaire\\\/champs-sur-marne-77420\\\/boutique\\\/product\\\/bo-yea-sacc-ultra-2\\\/\",\"url\":\"https:\\\/\\\/www.vetorino.com\\\/veterinaire\\\/champs-sur-marne-77420\\\/boutique\\\/product\\\/bo-yea-sacc-ultra-2\\\/\",\"name\":\"Bo Yea Sacc Ultra Audevard - V\u00e9torino\",\"isPartOf\":{\"@id\":\"https:\\\/\\\/www.vetorino.com\\\/boutique\\\/#website\"},\"primaryImageOfPage\":{\"@id\":\"https:\\\/\\\/www.vetorino.com\\\/veterinaire\\\/champs-sur-marne-77420\\\/boutique\\\/product\\\/bo-yea-sacc-ultra-2\\\/#primaryimage\"},\"image\":{\"@id\":\"https:\\\/\\\/www.vetorino.com\\\/veterinaire\\\/champs-sur-marne-77420\\\/boutique\\\/product\\\/bo-yea-sacc-ultra-2\\\/#primaryimage\"},\"thumbnailUrl\":\"https:\\\/\\\/www.vetorino.com\\\/boutique\\\/wp-content\\\/uploads\\\/2021\\\/05\\\/AUDEV-8135099.jpg\",\"datePublished\":\"2020-07-09T15:58:03+00:00\",\"dateModified\":\"2024-03-22T09:08:52+00:00\",\"description\":\"Audevard Bo Yea Sacc Ultra est un compl\u00e9ment alimentaire pour chevaux destin\u00e9 \u00e0 s\u00e9curiser la performance nutritionnelle. BO YEA SACC ULTRA apporte des pr\u00e9- et probiotiques ainsi qu'un capteur de mycotoxines alimentaires sp\u00e9cifique.\",\"breadcrumb\":{\"@id\":\"https:\\\/\\\/www.vetorino.com\\\/veterinaire\\\/champs-sur-marne-77420\\\/boutique\\\/product\\\/bo-yea-sacc-ultra-2\\\/#breadcrumb\"},\"inLanguage\":\"fr-FR\",\"potentialAction\":[{\"@type\":\"ReadAction\",\"target\":[\"https:\\\/\\\/www.vetorino.com\\\/veterinaire\\\/champs-sur-marne-77420\\\/boutique\\\/product\\\/bo-yea-sacc-ultra-2\\\/\"]}]},{\"@type\":\"ImageObject\",\"inLanguage\":\"fr-FR\",\"@id\":\"https:\\\/\\\/www.vetorino.com\\\/veterinaire\\\/champs-sur-marne-77420\\\/boutique\\\/product\\\/bo-yea-sacc-ultra-2\\\/#primaryimage\",\"url\":\"https:\\\/\\\/www.vetorino.com\\\/boutique\\\/wp-content\\\/uploads\\\/2021\\\/05\\\/AUDEV-8135099.jpg\",\"contentUrl\":\"https:\\\/\\\/www.vetorino.com\\\/boutique\\\/wp-content\\\/uploads\\\/2021\\\/05\\\/AUDEV-8135099.jpg\",\"width\":255,\"height\":255},{\"@type\":\"BreadcrumbList\",\"@id\":\"https:\\\/\\\/www.vetorino.com\\\/veterinaire\\\/champs-sur-marne-77420\\\/boutique\\\/product\\\/bo-yea-sacc-ultra-2\\\/#breadcrumb\",\"itemListElement\":[{\"@type\":\"ListItem\",\"position\":1,\"name\":\"Accueil\",\"item\":\"https:\\\/\\\/www.vetorino.com\\\/boutique\\\/\"},{\"@type\":\"ListItem\",\"position\":2,\"name\":\"Produits\",\"item\":\"https:\\\/\\\/www.vetorino.com\\\/boutique\\\/\"},{\"@type\":\"ListItem\",\"position\":3,\"name\":\"Bo Yea Sacc Ultra\"}]},{\"@type\":\"WebSite\",\"@id\":\"https:\\\/\\\/www.vetorino.com\\\/boutique\\\/#website\",\"url\":\"https:\\\/\\\/www.vetorino.com\\\/boutique\\\/\",\"name\":\"V\u00e9torino\",\"description\":\"\",\"publisher\":{\"@id\":\"https:\\\/\\\/www.vetorino.com\\\/boutique\\\/#organization\"},\"potentialAction\":[{\"@type\":\"SearchAction\",\"target\":{\"@type\":\"EntryPoint\",\"urlTemplate\":\"https:\\\/\\\/www.vetorino.com\\\/boutique\\\/?s={search_term_string}\"},\"query-input\":{\"@type\":\"PropertyValueSpecification\",\"valueRequired\":true,\"valueName\":\"search_term_string\"}}],\"inLanguage\":\"fr-FR\"},{\"@type\":\"Organization\",\"@id\":\"https:\\\/\\\/www.vetorino.com\\\/boutique\\\/#organization\",\"name\":\"V\u00e9torino\",\"url\":\"https:\\\/\\\/www.vetorino.com\\\/boutique\\\/\",\"logo\":{\"@type\":\"ImageObject\",\"inLanguage\":\"fr-FR\",\"@id\":\"https:\\\/\\\/www.vetorino.com\\\/boutique\\\/#\\\/schema\\\/logo\\\/image\\\/\",\"url\":\"https:\\\/\\\/www.vetorino.com\\\/boutique\\\/wp-content\\\/uploads\\\/2024\\\/10\\\/logo.jpg\",\"contentUrl\":\"https:\\\/\\\/www.vetorino.com\\\/boutique\\\/wp-content\\\/uploads\\\/2024\\\/10\\\/logo.jpg\",\"width\":1200,\"height\":610,\"caption\":\"V\u00e9torino\"},\"image\":{\"@id\":\"https:\\\/\\\/www.vetorino.com\\\/boutique\\\/#\\\/schema\\\/logo\\\/image\\\/\"},\"sameAs\":[\"https:\\\/\\\/www.facebook.com\\\/Vetorino\\\/\",\"https:\\\/\\\/www.instagram.com\\\/vetorino_off\\\/\",\"https:\\\/\\\/www.linkedin.com\\\/company\\\/vtorino\\\/\"]}]}<\/script>\n<meta property=\"product:brand\" content=\"Audevard\" \/>\n<meta property=\"og:availability\" content=\"instock\" \/>\n<meta property=\"product:availability\" content=\"instock\" \/>\n<meta property=\"product:condition\" content=\"new\" \/>\n<!-- \/ Yoast SEO plugin. -->","yoast_head_json":{"title":"Bo Yea Sacc Ultra Audevard - V\u00e9torino","description":"Audevard Bo Yea Sacc Ultra est un compl\u00e9ment alimentaire pour chevaux destin\u00e9 \u00e0 s\u00e9curiser la performance nutritionnelle. BO YEA SACC ULTRA apporte des pr\u00e9- et probiotiques ainsi qu'un capteur de mycotoxines alimentaires sp\u00e9cifique.","robots":{"index":"noindex","follow":"nofollow"},"og_locale":"fr_FR","og_type":"article","og_title":"Bo Yea Sacc Ultra Audevard - V\u00e9torino","og_description":"Audevard Bo Yea Sacc Ultra est un compl\u00e9ment alimentaire pour chevaux destin\u00e9 \u00e0 s\u00e9curiser la performance nutritionnelle. BO YEA SACC ULTRA apporte des pr\u00e9- et probiotiques ainsi qu'un capteur de mycotoxines alimentaires sp\u00e9cifique.","og_url":"https:\/\/www.vetorino.com\/veterinaire\/confolens-16500\/boutique\/product\/bo-yea-sacc-ultra-2\/","og_site_name":"V\u00e9torino","article_publisher":"https:\/\/www.facebook.com\/Vetorino\/","article_modified_time":"2024-03-22T09:08:52+00:00","og_image":[{"width":255,"height":255,"url":"https:\/\/www.vetorino.com\/boutique\/wp-content\/uploads\/2021\/05\/AUDEV-8135099.jpg","type":"image\/jpeg"}],"twitter_card":"summary_large_image","twitter_misc":{"Disponibilit\u00e9":"En stock"},"schema":{"@context":"https:\/\/schema.org","@graph":[{"@type":"WebPage","@id":"https:\/\/www.vetorino.com\/veterinaire\/champs-sur-marne-77420\/boutique\/product\/bo-yea-sacc-ultra-2\/","url":"https:\/\/www.vetorino.com\/veterinaire\/champs-sur-marne-77420\/boutique\/product\/bo-yea-sacc-ultra-2\/","name":"Bo Yea Sacc Ultra Audevard - V\u00e9torino","isPartOf":{"@id":"https:\/\/www.vetorino.com\/boutique\/#website"},"primaryImageOfPage":{"@id":"https:\/\/www.vetorino.com\/veterinaire\/champs-sur-marne-77420\/boutique\/product\/bo-yea-sacc-ultra-2\/#primaryimage"},"image":{"@id":"https:\/\/www.vetorino.com\/veterinaire\/champs-sur-marne-77420\/boutique\/product\/bo-yea-sacc-ultra-2\/#primaryimage"},"thumbnailUrl":"https:\/\/www.vetorino.com\/boutique\/wp-content\/uploads\/2021\/05\/AUDEV-8135099.jpg","datePublished":"2020-07-09T15:58:03+00:00","dateModified":"2024-03-22T09:08:52+00:00","description":"Audevard Bo Yea Sacc Ultra est un compl\u00e9ment alimentaire pour chevaux destin\u00e9 \u00e0 s\u00e9curiser la performance nutritionnelle. BO YEA SACC ULTRA apporte des pr\u00e9- et probiotiques ainsi qu'un capteur de mycotoxines alimentaires sp\u00e9cifique.","breadcrumb":{"@id":"https:\/\/www.vetorino.com\/veterinaire\/champs-sur-marne-77420\/boutique\/product\/bo-yea-sacc-ultra-2\/#breadcrumb"},"inLanguage":"fr-FR","potentialAction":[{"@type":"ReadAction","target":["https:\/\/www.vetorino.com\/veterinaire\/champs-sur-marne-77420\/boutique\/product\/bo-yea-sacc-ultra-2\/"]}]},{"@type":"ImageObject","inLanguage":"fr-FR","@id":"https:\/\/www.vetorino.com\/veterinaire\/champs-sur-marne-77420\/boutique\/product\/bo-yea-sacc-ultra-2\/#primaryimage","url":"https:\/\/www.vetorino.com\/boutique\/wp-content\/uploads\/2021\/05\/AUDEV-8135099.jpg","contentUrl":"https:\/\/www.vetorino.com\/boutique\/wp-content\/uploads\/2021\/05\/AUDEV-8135099.jpg","width":255,"height":255},{"@type":"BreadcrumbList","@id":"https:\/\/www.vetorino.com\/veterinaire\/champs-sur-marne-77420\/boutique\/product\/bo-yea-sacc-ultra-2\/#breadcrumb","itemListElement":[{"@type":"ListItem","position":1,"name":"Accueil","item":"https:\/\/www.vetorino.com\/boutique\/"},{"@type":"ListItem","position":2,"name":"Produits","item":"https:\/\/www.vetorino.com\/boutique\/"},{"@type":"ListItem","position":3,"name":"Bo Yea Sacc Ultra"}]},{"@type":"WebSite","@id":"https:\/\/www.vetorino.com\/boutique\/#website","url":"https:\/\/www.vetorino.com\/boutique\/","name":"V\u00e9torino","description":"","publisher":{"@id":"https:\/\/www.vetorino.com\/boutique\/#organization"},"potentialAction":[{"@type":"SearchAction","target":{"@type":"EntryPoint","urlTemplate":"https:\/\/www.vetorino.com\/boutique\/?s={search_term_string}"},"query-input":{"@type":"PropertyValueSpecification","valueRequired":true,"valueName":"search_term_string"}}],"inLanguage":"fr-FR"},{"@type":"Organization","@id":"https:\/\/www.vetorino.com\/boutique\/#organization","name":"V\u00e9torino","url":"https:\/\/www.vetorino.com\/boutique\/","logo":{"@type":"ImageObject","inLanguage":"fr-FR","@id":"https:\/\/www.vetorino.com\/boutique\/#\/schema\/logo\/image\/","url":"https:\/\/www.vetorino.com\/boutique\/wp-content\/uploads\/2024\/10\/logo.jpg","contentUrl":"https:\/\/www.vetorino.com\/boutique\/wp-content\/uploads\/2024\/10\/logo.jpg","width":1200,"height":610,"caption":"V\u00e9torino"},"image":{"@id":"https:\/\/www.vetorino.com\/boutique\/#\/schema\/logo\/image\/"},"sameAs":["https:\/\/www.facebook.com\/Vetorino\/","https:\/\/www.instagram.com\/vetorino_off\/","https:\/\/www.linkedin.com\/company\/vtorino\/"]}]},"product_brand":"Audevard","og_availability":"instock","product_availability":"instock","product_condition":"new"},"_links":{"self":[{"href":"https:\/\/www.vetorino.com\/veterinaire\/confolens-16500\/boutique\/wp-json\/wp\/v2\/product\/106806","targetHints":{"allow":["GET"]}}],"collection":[{"href":"https:\/\/www.vetorino.com\/veterinaire\/confolens-16500\/boutique\/wp-json\/wp\/v2\/product"}],"about":[{"href":"https:\/\/www.vetorino.com\/veterinaire\/confolens-16500\/boutique\/wp-json\/wp\/v2\/types\/product"}],"wp:featuredmedia":[{"embeddable":true,"href":"https:\/\/www.vetorino.com\/veterinaire\/confolens-16500\/boutique\/wp-json\/wp\/v2\/media\/176990"}],"wp:attachment":[{"href":"https:\/\/www.vetorino.com\/veterinaire\/confolens-16500\/boutique\/wp-json\/wp\/v2\/media?parent=106806"}],"wp:term":[{"taxonomy":"product_cat","embeddable":true,"href":"https:\/\/www.vetorino.com\/veterinaire\/confolens-16500\/boutique\/wp-json\/wp\/v2\/product_cat?post=106806"},{"taxonomy":"product_tag","embeddable":true,"href":"https:\/\/www.vetorino.com\/veterinaire\/confolens-16500\/boutique\/wp-json\/wp\/v2\/product_tag?post=106806"}],"curies":[{"name":"wp","href":"https:\/\/api.w.org\/{rel}","templated":true}]}}