{"id":107591,"date":"2020-07-09T21:16:02","date_gmt":"2020-07-09T19:16:02","guid":{"rendered":"https:\/\/www.vetorino.com\/boutique\/product\/distributeur-automatique-nourriture-smart-feed-petsafe\/"},"modified":"2026-03-27T02:42:06","modified_gmt":"2026-03-27T01:42:06","slug":"distributeur-automatique-nourriture-smart-feed-petsafe","status":"publish","type":"product","link":"https:\/\/www.vetorino.com\/veterinaire\/confolens-16500\/boutique\/product\/distributeur-automatique-nourriture-smart-feed-petsafe\/","title":{"rendered":"Distributeur automatique nourriture Smart Feed Petsafe"},"content":{"rendered":"<div class=\"hidden\">MATERIEL<\/div>\n<div class=\"hidden\">Chiens<\/div>\n<div class=\"hidden\">Sec<\/div>\n<div class=\"hidden\">Croquettes<\/div>\n<div class=\"hidden\">Dinde<\/div>\n<div class=\"hidden\">Proplan Cat<\/div>\n<p>Se connecte au Wi-Fi et vous permet de programmer ainsi que de surveiller les repas de votre animal o\u00f9 que vous soyez directement depuis votre smartphone !<\/p>\n<ul>\n<li>Envoie des notifications sur votre smartphone lorsqu&#8217;il a \u00e9t\u00e9 nourri et lorsque le niveau de nourriture est faible ou quand le conteneur est vide.<\/li>\n<li>Planifie et ajustez les repas de votre animal ou nourrissez-le \u00e0 distance.<\/li>\n<li>Pratique et rassurant, il vous permet de tenir \u00e0 l\u2019oeil les repas de votre animal o\u00f9 que vous soyez.<\/li>\n<li>Programmez jusqu\u2019\u00e0 12 repas avec des portions allant de 29 ml \u00e0 946 ml (1\/8 tasse \u00e0 4 tasses).<\/li>\n<li>La fonction \u00ab Feed Now \u00bb (Nourrir maintenant) sur le produit et l\u2019application permet de donner instantan\u00e9ment une friandise ou un repas suppl\u00e9mentaire<\/li>\n<li>L\u2019option \u00ab Slow Feed \u00bb (Distribution lente) a \u00e9t\u00e9 con\u00e7ue pour les animaux de compagnie qui engloutissent ou mangent trop rapidement.<\/li>\n<li>Grand conteneur pouvant comporter environ 5 678 ml (24 tasses) d\u2019aliments secs ou semi-humides pour moins de recharges.<\/li>\n<li>Distributeur qui emp\u00eache les animaux d\u2019acc\u00e9der aux aliments avec les pattes.<\/li>\n<li>Couvercle de verrouillage pour maintenir les aliments au frais en toute s\u00e9curit\u00e9.<\/li>\n<li>Bol amovible en acier inoxydable : plus hygi\u00e9nique et lavable au lave-vaisselle.<\/li>\n<\/ul>\n","protected":false},"excerpt":{"rendered":"<p>Distributeur connect\u00e9 Smart Feed pour programmer \u00e0 l&#8217;aide de votre smartphone les repas de votre animal que vous soyez chez vous ou non.<\/p>\n","protected":false},"featured_media":624705,"template":"","meta":[],"product_cat":[2698,12607,2804,12621],"product_tag":[],"class_list":{"0":"post-107591","1":"product","2":"type-product","3":"status-publish","4":"has-post-thumbnail","6":"product_cat-chien","7":"product_cat-gamelles-pour-chien","8":"product_cat-jouets-distributeurs-pour-chien","9":"product_cat-jeux-educatifs-pour-chien","10":"pa_marque-petsafe","12":"first","13":"instock","14":"taxable","15":"shipping-taxable","16":"purchasable","17":"product-type-simple"},"yoast_head":"<!-- This site is optimized with the Yoast SEO plugin v27.3 - https:\/\/yoast.com\/product\/yoast-seo-wordpress\/ -->\n<title>Distributeur automatique nourriture Smart Feed Petsafe PetSafe - V\u00e9torino<\/title>\n<meta name=\"description\" content=\"Distributeur connect\u00e9 Smart Feed pour programmer \u00e0 l&#039;aide de votre smartphone les repas de votre animal que vous soyez chez vous ou non.\" \/>\n<meta name=\"robots\" content=\"noindex, nofollow\" \/>\n<meta property=\"og:locale\" content=\"fr_FR\" \/>\n<meta property=\"og:type\" content=\"article\" \/>\n<meta property=\"og:title\" content=\"Distributeur automatique nourriture Smart Feed Petsafe PetSafe - V\u00e9torino\" \/>\n<meta property=\"og:description\" content=\"Distributeur connect\u00e9 Smart Feed pour programmer \u00e0 l&#039;aide de votre smartphone les repas de votre animal que vous soyez chez vous ou non.\" \/>\n<meta property=\"og:url\" content=\"https:\/\/www.vetorino.com\/veterinaire\/confolens-16500\/boutique\/product\/distributeur-automatique-nourriture-smart-feed-petsafe\/\" \/>\n<meta property=\"og:site_name\" content=\"V\u00e9torino\" \/>\n<meta property=\"article:publisher\" content=\"https:\/\/www.facebook.com\/Vetorino\/\" \/>\n<meta property=\"article:modified_time\" content=\"2026-03-27T01:42:06+00:00\" \/>\n<meta property=\"og:image\" content=\"https:\/\/www.vetorino.com\/boutique\/wp-content\/uploads\/2020\/07\/distributeur-connecte-smart-feed-repas-petsafe.jpg\" \/>\n\t<meta property=\"og:image:width\" content=\"1900\" \/>\n\t<meta property=\"og:image:height\" content=\"1900\" \/>\n\t<meta property=\"og:image:type\" content=\"image\/jpeg\" \/>\n<meta name=\"twitter:card\" content=\"summary_large_image\" \/>\n<meta name=\"twitter:label1\" content=\"Prix\" \/>\n\t<meta name=\"twitter:data1\" content=\"206,26&euro;\" \/>\n\t<meta name=\"twitter:label2\" content=\"Disponibilit\u00e9\" \/>\n\t<meta name=\"twitter:data2\" content=\"En stock\" \/>\n<script type=\"application\/ld+json\" class=\"yoast-schema-graph\">{\"@context\":\"https:\\\/\\\/schema.org\",\"@graph\":[{\"@type\":\"WebPage\",\"@id\":\"https:\\\/\\\/www.vetorino.com\\\/boutique\\\/product\\\/distributeur-automatique-nourriture-smart-feed-petsafe\\\/\",\"url\":\"https:\\\/\\\/www.vetorino.com\\\/boutique\\\/product\\\/distributeur-automatique-nourriture-smart-feed-petsafe\\\/\",\"name\":\"Distributeur automatique nourriture Smart Feed Petsafe PetSafe - V\u00e9torino\",\"isPartOf\":{\"@id\":\"https:\\\/\\\/www.vetorino.com\\\/boutique\\\/#website\"},\"primaryImageOfPage\":{\"@id\":\"https:\\\/\\\/www.vetorino.com\\\/boutique\\\/product\\\/distributeur-automatique-nourriture-smart-feed-petsafe\\\/#primaryimage\"},\"image\":{\"@id\":\"https:\\\/\\\/www.vetorino.com\\\/boutique\\\/product\\\/distributeur-automatique-nourriture-smart-feed-petsafe\\\/#primaryimage\"},\"thumbnailUrl\":\"https:\\\/\\\/www.vetorino.com\\\/boutique\\\/wp-content\\\/uploads\\\/2020\\\/07\\\/distributeur-connecte-smart-feed-repas-petsafe.jpg\",\"datePublished\":\"2020-07-09T19:16:02+00:00\",\"dateModified\":\"2026-03-27T01:42:06+00:00\",\"description\":\"Distributeur connect\u00e9 Smart Feed pour programmer \u00e0 l'aide de votre smartphone les repas de votre animal que vous soyez chez vous ou non.\",\"breadcrumb\":{\"@id\":\"https:\\\/\\\/www.vetorino.com\\\/boutique\\\/product\\\/distributeur-automatique-nourriture-smart-feed-petsafe\\\/#breadcrumb\"},\"inLanguage\":\"fr-FR\",\"potentialAction\":[{\"@type\":\"ReadAction\",\"target\":[\"https:\\\/\\\/www.vetorino.com\\\/boutique\\\/product\\\/distributeur-automatique-nourriture-smart-feed-petsafe\\\/\"]}]},{\"@type\":\"ImageObject\",\"inLanguage\":\"fr-FR\",\"@id\":\"https:\\\/\\\/www.vetorino.com\\\/boutique\\\/product\\\/distributeur-automatique-nourriture-smart-feed-petsafe\\\/#primaryimage\",\"url\":\"https:\\\/\\\/www.vetorino.com\\\/boutique\\\/wp-content\\\/uploads\\\/2020\\\/07\\\/distributeur-connecte-smart-feed-repas-petsafe.jpg\",\"contentUrl\":\"https:\\\/\\\/www.vetorino.com\\\/boutique\\\/wp-content\\\/uploads\\\/2020\\\/07\\\/distributeur-connecte-smart-feed-repas-petsafe.jpg\",\"width\":1900,\"height\":1900},{\"@type\":\"BreadcrumbList\",\"@id\":\"https:\\\/\\\/www.vetorino.com\\\/boutique\\\/product\\\/distributeur-automatique-nourriture-smart-feed-petsafe\\\/#breadcrumb\",\"itemListElement\":[{\"@type\":\"ListItem\",\"position\":1,\"name\":\"Accueil\",\"item\":\"https:\\\/\\\/www.vetorino.com\\\/boutique\\\/\"},{\"@type\":\"ListItem\",\"position\":2,\"name\":\"Produits\",\"item\":\"https:\\\/\\\/www.vetorino.com\\\/boutique\\\/\"},{\"@type\":\"ListItem\",\"position\":3,\"name\":\"Distributeur automatique nourriture Smart Feed Petsafe\"}]},{\"@type\":\"WebSite\",\"@id\":\"https:\\\/\\\/www.vetorino.com\\\/boutique\\\/#website\",\"url\":\"https:\\\/\\\/www.vetorino.com\\\/boutique\\\/\",\"name\":\"V\u00e9torino\",\"description\":\"\",\"publisher\":{\"@id\":\"https:\\\/\\\/www.vetorino.com\\\/boutique\\\/#organization\"},\"potentialAction\":[{\"@type\":\"SearchAction\",\"target\":{\"@type\":\"EntryPoint\",\"urlTemplate\":\"https:\\\/\\\/www.vetorino.com\\\/boutique\\\/?s={search_term_string}\"},\"query-input\":{\"@type\":\"PropertyValueSpecification\",\"valueRequired\":true,\"valueName\":\"search_term_string\"}}],\"inLanguage\":\"fr-FR\"},{\"@type\":\"Organization\",\"@id\":\"https:\\\/\\\/www.vetorino.com\\\/boutique\\\/#organization\",\"name\":\"V\u00e9torino\",\"url\":\"https:\\\/\\\/www.vetorino.com\\\/boutique\\\/\",\"logo\":{\"@type\":\"ImageObject\",\"inLanguage\":\"fr-FR\",\"@id\":\"https:\\\/\\\/www.vetorino.com\\\/boutique\\\/#\\\/schema\\\/logo\\\/image\\\/\",\"url\":\"https:\\\/\\\/www.vetorino.com\\\/boutique\\\/wp-content\\\/uploads\\\/2024\\\/10\\\/logo.jpg\",\"contentUrl\":\"https:\\\/\\\/www.vetorino.com\\\/boutique\\\/wp-content\\\/uploads\\\/2024\\\/10\\\/logo.jpg\",\"width\":1200,\"height\":610,\"caption\":\"V\u00e9torino\"},\"image\":{\"@id\":\"https:\\\/\\\/www.vetorino.com\\\/boutique\\\/#\\\/schema\\\/logo\\\/image\\\/\"},\"sameAs\":[\"https:\\\/\\\/www.facebook.com\\\/Vetorino\\\/\",\"https:\\\/\\\/www.instagram.com\\\/vetorino_off\\\/\",\"https:\\\/\\\/www.linkedin.com\\\/company\\\/vtorino\\\/\"]}]}<\/script>\n<meta property=\"product:brand\" content=\"PetSafe\" \/>\n<meta property=\"product:price:amount\" content=\"206.26\" \/>\n<meta property=\"product:price:currency\" content=\"EUR\" \/>\n<meta property=\"og:availability\" content=\"instock\" \/>\n<meta property=\"product:availability\" content=\"instock\" \/>\n<meta property=\"product:retailer_item_id\" content=\"C-DIS771\" \/>\n<meta property=\"product:condition\" content=\"new\" \/>\n<!-- \/ Yoast SEO plugin. -->","yoast_head_json":{"title":"Distributeur automatique nourriture Smart Feed Petsafe PetSafe - V\u00e9torino","description":"Distributeur connect\u00e9 Smart Feed pour programmer \u00e0 l'aide de votre smartphone les repas de votre animal que vous soyez chez vous ou non.","robots":{"index":"noindex","follow":"nofollow"},"og_locale":"fr_FR","og_type":"article","og_title":"Distributeur automatique nourriture Smart Feed Petsafe PetSafe - V\u00e9torino","og_description":"Distributeur connect\u00e9 Smart Feed pour programmer \u00e0 l'aide de votre smartphone les repas de votre animal que vous soyez chez vous ou non.","og_url":"https:\/\/www.vetorino.com\/veterinaire\/confolens-16500\/boutique\/product\/distributeur-automatique-nourriture-smart-feed-petsafe\/","og_site_name":"V\u00e9torino","article_publisher":"https:\/\/www.facebook.com\/Vetorino\/","article_modified_time":"2026-03-27T01:42:06+00:00","og_image":[{"width":1900,"height":1900,"url":"https:\/\/www.vetorino.com\/boutique\/wp-content\/uploads\/2020\/07\/distributeur-connecte-smart-feed-repas-petsafe.jpg","type":"image\/jpeg"}],"twitter_card":"summary_large_image","twitter_misc":{"Prix":"206,26&euro;","Disponibilit\u00e9":"En stock"},"schema":{"@context":"https:\/\/schema.org","@graph":[{"@type":"WebPage","@id":"https:\/\/www.vetorino.com\/boutique\/product\/distributeur-automatique-nourriture-smart-feed-petsafe\/","url":"https:\/\/www.vetorino.com\/boutique\/product\/distributeur-automatique-nourriture-smart-feed-petsafe\/","name":"Distributeur automatique nourriture Smart Feed Petsafe PetSafe - V\u00e9torino","isPartOf":{"@id":"https:\/\/www.vetorino.com\/boutique\/#website"},"primaryImageOfPage":{"@id":"https:\/\/www.vetorino.com\/boutique\/product\/distributeur-automatique-nourriture-smart-feed-petsafe\/#primaryimage"},"image":{"@id":"https:\/\/www.vetorino.com\/boutique\/product\/distributeur-automatique-nourriture-smart-feed-petsafe\/#primaryimage"},"thumbnailUrl":"https:\/\/www.vetorino.com\/boutique\/wp-content\/uploads\/2020\/07\/distributeur-connecte-smart-feed-repas-petsafe.jpg","datePublished":"2020-07-09T19:16:02+00:00","dateModified":"2026-03-27T01:42:06+00:00","description":"Distributeur connect\u00e9 Smart Feed pour programmer \u00e0 l'aide de votre smartphone les repas de votre animal que vous soyez chez vous ou non.","breadcrumb":{"@id":"https:\/\/www.vetorino.com\/boutique\/product\/distributeur-automatique-nourriture-smart-feed-petsafe\/#breadcrumb"},"inLanguage":"fr-FR","potentialAction":[{"@type":"ReadAction","target":["https:\/\/www.vetorino.com\/boutique\/product\/distributeur-automatique-nourriture-smart-feed-petsafe\/"]}]},{"@type":"ImageObject","inLanguage":"fr-FR","@id":"https:\/\/www.vetorino.com\/boutique\/product\/distributeur-automatique-nourriture-smart-feed-petsafe\/#primaryimage","url":"https:\/\/www.vetorino.com\/boutique\/wp-content\/uploads\/2020\/07\/distributeur-connecte-smart-feed-repas-petsafe.jpg","contentUrl":"https:\/\/www.vetorino.com\/boutique\/wp-content\/uploads\/2020\/07\/distributeur-connecte-smart-feed-repas-petsafe.jpg","width":1900,"height":1900},{"@type":"BreadcrumbList","@id":"https:\/\/www.vetorino.com\/boutique\/product\/distributeur-automatique-nourriture-smart-feed-petsafe\/#breadcrumb","itemListElement":[{"@type":"ListItem","position":1,"name":"Accueil","item":"https:\/\/www.vetorino.com\/boutique\/"},{"@type":"ListItem","position":2,"name":"Produits","item":"https:\/\/www.vetorino.com\/boutique\/"},{"@type":"ListItem","position":3,"name":"Distributeur automatique nourriture Smart Feed Petsafe"}]},{"@type":"WebSite","@id":"https:\/\/www.vetorino.com\/boutique\/#website","url":"https:\/\/www.vetorino.com\/boutique\/","name":"V\u00e9torino","description":"","publisher":{"@id":"https:\/\/www.vetorino.com\/boutique\/#organization"},"potentialAction":[{"@type":"SearchAction","target":{"@type":"EntryPoint","urlTemplate":"https:\/\/www.vetorino.com\/boutique\/?s={search_term_string}"},"query-input":{"@type":"PropertyValueSpecification","valueRequired":true,"valueName":"search_term_string"}}],"inLanguage":"fr-FR"},{"@type":"Organization","@id":"https:\/\/www.vetorino.com\/boutique\/#organization","name":"V\u00e9torino","url":"https:\/\/www.vetorino.com\/boutique\/","logo":{"@type":"ImageObject","inLanguage":"fr-FR","@id":"https:\/\/www.vetorino.com\/boutique\/#\/schema\/logo\/image\/","url":"https:\/\/www.vetorino.com\/boutique\/wp-content\/uploads\/2024\/10\/logo.jpg","contentUrl":"https:\/\/www.vetorino.com\/boutique\/wp-content\/uploads\/2024\/10\/logo.jpg","width":1200,"height":610,"caption":"V\u00e9torino"},"image":{"@id":"https:\/\/www.vetorino.com\/boutique\/#\/schema\/logo\/image\/"},"sameAs":["https:\/\/www.facebook.com\/Vetorino\/","https:\/\/www.instagram.com\/vetorino_off\/","https:\/\/www.linkedin.com\/company\/vtorino\/"]}]},"product_brand":"PetSafe","product_price_amount":"206.26","product_price_currency":"EUR","og_availability":"instock","product_availability":"instock","product_retailer_item_id":"C-DIS771","product_condition":"new"},"_links":{"self":[{"href":"https:\/\/www.vetorino.com\/veterinaire\/confolens-16500\/boutique\/wp-json\/wp\/v2\/product\/107591","targetHints":{"allow":["GET"]}}],"collection":[{"href":"https:\/\/www.vetorino.com\/veterinaire\/confolens-16500\/boutique\/wp-json\/wp\/v2\/product"}],"about":[{"href":"https:\/\/www.vetorino.com\/veterinaire\/confolens-16500\/boutique\/wp-json\/wp\/v2\/types\/product"}],"wp:featuredmedia":[{"embeddable":true,"href":"https:\/\/www.vetorino.com\/veterinaire\/confolens-16500\/boutique\/wp-json\/wp\/v2\/media\/624705"}],"wp:attachment":[{"href":"https:\/\/www.vetorino.com\/veterinaire\/confolens-16500\/boutique\/wp-json\/wp\/v2\/media?parent=107591"}],"wp:term":[{"taxonomy":"product_cat","embeddable":true,"href":"https:\/\/www.vetorino.com\/veterinaire\/confolens-16500\/boutique\/wp-json\/wp\/v2\/product_cat?post=107591"},{"taxonomy":"product_tag","embeddable":true,"href":"https:\/\/www.vetorino.com\/veterinaire\/confolens-16500\/boutique\/wp-json\/wp\/v2\/product_tag?post=107591"}],"curies":[{"name":"wp","href":"https:\/\/api.w.org\/{rel}","templated":true}]}}