{"id":107618,"date":"2020-07-09T21:16:33","date_gmt":"2020-07-09T19:16:33","guid":{"rendered":"https:\/\/www.vetorino.com\/boutique\/product\/ensemble-harnais-laisse-chat-bobby-safe\/"},"modified":"2026-03-31T02:42:10","modified_gmt":"2026-03-31T00:42:10","slug":"ensemble-harnais-laisse-chat-bobby-safe","status":"publish","type":"product","link":"https:\/\/www.vetorino.com\/veterinaire\/confolens-16500\/boutique\/product\/ensemble-harnais-laisse-chat-bobby-safe\/","title":{"rendered":"Ensemble harnais\/laisse chat Bobby Safe"},"content":{"rendered":"<p><strong>SAFE <\/strong>&#8211; Le kit harnais et laisse assortie SAFE est l&#8217;atout s\u00e9curit\u00e9 des balades nocturnes du chat! De couleur vive et surpiqu\u00e9 d&#8217;un point sellier r\u00e9fl\u00e9chissant, il permettra \u00e0 votre animal d&#8217;\u00eatre vu facilement.<\/p>\n<p><strong>Composition :<\/strong> 100% nylon.<br \/>\n<strong><br \/>\nEntretien :<\/strong> Lavable en machine (30\u00b0). Retirer le grelot pour le lavage.<\/p>\n<p><strong>Le + produit : <\/strong><\/p>\n<ul>\n<li>Produit r\u00e9fl\u00e9chissant.<\/li>\n<li>Harnais orn\u00e9 d&#8217;un grelot.<\/li>\n<\/ul>\n<p>Laisse mesure 1m20.<\/p>\n","protected":false},"excerpt":{"rendered":"<p>Partez en balade nocturne, avec votre compagnon \u00e0 quatre pattes en toute s\u00e9curit\u00e9 avec ce kit complet harnais et laisse pour chat r\u00e9fl\u00e9chissant de la gamme Safe. Ce kit se compose d\u2019une laisse bleue longue de 1 m\u00e8tre et d\u2019un harnais bleu r\u00e9glable \u00e0 la morphologie de votre animal. Il convient pour tous les chats dont le tour de cou est compris entre 18 et 28 cm, et le tour de poitrail entre 25 et 38 cm.<\/p>\n","protected":false},"featured_media":76727,"template":"","meta":[],"product_cat":[12548,2697,12631],"product_tag":[],"class_list":{"0":"post-107618","1":"product","2":"type-product","3":"status-publish","4":"has-post-thumbnail","6":"product_cat-accessoire-du-chat","7":"product_cat-chat","8":"product_cat-sortie-du-chat","9":"pa_marque-bobby","11":"first","12":"instock","13":"taxable","14":"shipping-taxable","15":"purchasable","16":"product-type-variable"},"yoast_head":"<!-- This site is optimized with the Yoast SEO plugin v27.3 - https:\/\/yoast.com\/product\/yoast-seo-wordpress\/ -->\n<title>Ensemble harnais\/laisse chat Bobby Safe Bobby - V\u00e9torino<\/title>\n<meta name=\"description\" content=\"Partez en balade nocturne, avec votre compagnon \u00e0 quatre pattes en toute s\u00e9curit\u00e9 avec ce kit complet harnais et laisse pour chat r\u00e9fl\u00e9chissant de la gamme Safe. Ce kit se compose d\u2019une laisse bleue longue de 1 m\u00e8tre et d\u2019un harnais bleu r\u00e9glable \u00e0 la morphologie de votre animal. Il convient pour tous les chats dont le tour de cou est compris entre 18 et 28 cm, et le tour de poitrail entre 25 et 38 cm.\" \/>\n<meta name=\"robots\" content=\"noindex, nofollow\" \/>\n<meta property=\"og:locale\" content=\"fr_FR\" \/>\n<meta property=\"og:type\" content=\"article\" \/>\n<meta property=\"og:title\" content=\"Ensemble harnais\/laisse chat Bobby Safe Bobby - V\u00e9torino\" \/>\n<meta property=\"og:description\" content=\"Partez en balade nocturne, avec votre compagnon \u00e0 quatre pattes en toute s\u00e9curit\u00e9 avec ce kit complet harnais et laisse pour chat r\u00e9fl\u00e9chissant de la gamme Safe. Ce kit se compose d\u2019une laisse bleue longue de 1 m\u00e8tre et d\u2019un harnais bleu r\u00e9glable \u00e0 la morphologie de votre animal. Il convient pour tous les chats dont le tour de cou est compris entre 18 et 28 cm, et le tour de poitrail entre 25 et 38 cm.\" \/>\n<meta property=\"og:url\" content=\"https:\/\/www.vetorino.com\/veterinaire\/confolens-16500\/boutique\/product\/ensemble-harnais-laisse-chat-bobby-safe\/\" \/>\n<meta property=\"og:site_name\" content=\"V\u00e9torino\" \/>\n<meta property=\"article:publisher\" content=\"https:\/\/www.facebook.com\/Vetorino\/\" \/>\n<meta property=\"article:modified_time\" content=\"2026-03-31T00:42:10+00:00\" \/>\n<meta property=\"og:image\" content=\"https:\/\/www.vetorino.com\/boutique\/wp-content\/uploads\/2020\/07\/FilsENS727FormatMediumTypeIM.png\" \/>\n\t<meta property=\"og:image:width\" content=\"400\" \/>\n\t<meta property=\"og:image:height\" content=\"400\" \/>\n\t<meta property=\"og:image:type\" content=\"image\/png\" \/>\n<meta name=\"twitter:card\" content=\"summary_large_image\" \/>\n<meta name=\"twitter:label1\" content=\"Disponibilit\u00e9\" \/>\n\t<meta name=\"twitter:data1\" content=\"En stock\" \/>\n<script type=\"application\/ld+json\" class=\"yoast-schema-graph\">{\"@context\":\"https:\\\/\\\/schema.org\",\"@graph\":[{\"@type\":\"WebPage\",\"@id\":\"https:\\\/\\\/www.vetorino.com\\\/boutique\\\/product\\\/ensemble-harnais-laisse-chat-bobby-safe\\\/\",\"url\":\"https:\\\/\\\/www.vetorino.com\\\/boutique\\\/product\\\/ensemble-harnais-laisse-chat-bobby-safe\\\/\",\"name\":\"Ensemble harnais\\\/laisse chat Bobby Safe Bobby - V\u00e9torino\",\"isPartOf\":{\"@id\":\"https:\\\/\\\/www.vetorino.com\\\/boutique\\\/#website\"},\"primaryImageOfPage\":{\"@id\":\"https:\\\/\\\/www.vetorino.com\\\/boutique\\\/product\\\/ensemble-harnais-laisse-chat-bobby-safe\\\/#primaryimage\"},\"image\":{\"@id\":\"https:\\\/\\\/www.vetorino.com\\\/boutique\\\/product\\\/ensemble-harnais-laisse-chat-bobby-safe\\\/#primaryimage\"},\"thumbnailUrl\":\"https:\\\/\\\/www.vetorino.com\\\/boutique\\\/wp-content\\\/uploads\\\/2020\\\/03\\\/harnaislaisse-chat-safe-fus-10mmx25-38cm-15.jpg\",\"datePublished\":\"2020-07-09T19:16:33+00:00\",\"dateModified\":\"2026-03-31T00:42:10+00:00\",\"description\":\"Partez en balade nocturne, avec votre compagnon \u00e0 quatre pattes en toute s\u00e9curit\u00e9 avec ce kit complet harnais et laisse pour chat r\u00e9fl\u00e9chissant de la gamme Safe. Ce kit se compose d\u2019une laisse bleue longue de 1 m\u00e8tre et d\u2019un harnais bleu r\u00e9glable \u00e0 la morphologie de votre animal. Il convient pour tous les chats dont le tour de cou est compris entre 18 et 28 cm, et le tour de poitrail entre 25 et 38 cm.\",\"breadcrumb\":{\"@id\":\"https:\\\/\\\/www.vetorino.com\\\/boutique\\\/product\\\/ensemble-harnais-laisse-chat-bobby-safe\\\/#breadcrumb\"},\"inLanguage\":\"fr-FR\",\"potentialAction\":[{\"@type\":\"ReadAction\",\"target\":[\"https:\\\/\\\/www.vetorino.com\\\/boutique\\\/product\\\/ensemble-harnais-laisse-chat-bobby-safe\\\/\"]}]},{\"@type\":\"ImageObject\",\"inLanguage\":\"fr-FR\",\"@id\":\"https:\\\/\\\/www.vetorino.com\\\/boutique\\\/product\\\/ensemble-harnais-laisse-chat-bobby-safe\\\/#primaryimage\",\"url\":\"https:\\\/\\\/www.vetorino.com\\\/boutique\\\/wp-content\\\/uploads\\\/2020\\\/03\\\/harnaislaisse-chat-safe-fus-10mmx25-38cm-15.jpg\",\"contentUrl\":\"https:\\\/\\\/www.vetorino.com\\\/boutique\\\/wp-content\\\/uploads\\\/2020\\\/03\\\/harnaislaisse-chat-safe-fus-10mmx25-38cm-15.jpg\",\"width\":800,\"height\":800},{\"@type\":\"BreadcrumbList\",\"@id\":\"https:\\\/\\\/www.vetorino.com\\\/boutique\\\/product\\\/ensemble-harnais-laisse-chat-bobby-safe\\\/#breadcrumb\",\"itemListElement\":[{\"@type\":\"ListItem\",\"position\":1,\"name\":\"Accueil\",\"item\":\"https:\\\/\\\/www.vetorino.com\\\/boutique\\\/\"},{\"@type\":\"ListItem\",\"position\":2,\"name\":\"Produits\",\"item\":\"https:\\\/\\\/www.vetorino.com\\\/boutique\\\/\"},{\"@type\":\"ListItem\",\"position\":3,\"name\":\"Ensemble harnais\\\/laisse chat Bobby Safe\"}]},{\"@type\":\"WebSite\",\"@id\":\"https:\\\/\\\/www.vetorino.com\\\/boutique\\\/#website\",\"url\":\"https:\\\/\\\/www.vetorino.com\\\/boutique\\\/\",\"name\":\"V\u00e9torino\",\"description\":\"\",\"publisher\":{\"@id\":\"https:\\\/\\\/www.vetorino.com\\\/boutique\\\/#organization\"},\"potentialAction\":[{\"@type\":\"SearchAction\",\"target\":{\"@type\":\"EntryPoint\",\"urlTemplate\":\"https:\\\/\\\/www.vetorino.com\\\/boutique\\\/?s={search_term_string}\"},\"query-input\":{\"@type\":\"PropertyValueSpecification\",\"valueRequired\":true,\"valueName\":\"search_term_string\"}}],\"inLanguage\":\"fr-FR\"},{\"@type\":\"Organization\",\"@id\":\"https:\\\/\\\/www.vetorino.com\\\/boutique\\\/#organization\",\"name\":\"V\u00e9torino\",\"url\":\"https:\\\/\\\/www.vetorino.com\\\/boutique\\\/\",\"logo\":{\"@type\":\"ImageObject\",\"inLanguage\":\"fr-FR\",\"@id\":\"https:\\\/\\\/www.vetorino.com\\\/boutique\\\/#\\\/schema\\\/logo\\\/image\\\/\",\"url\":\"https:\\\/\\\/www.vetorino.com\\\/boutique\\\/wp-content\\\/uploads\\\/2024\\\/10\\\/logo.jpg\",\"contentUrl\":\"https:\\\/\\\/www.vetorino.com\\\/boutique\\\/wp-content\\\/uploads\\\/2024\\\/10\\\/logo.jpg\",\"width\":1200,\"height\":610,\"caption\":\"V\u00e9torino\"},\"image\":{\"@id\":\"https:\\\/\\\/www.vetorino.com\\\/boutique\\\/#\\\/schema\\\/logo\\\/image\\\/\"},\"sameAs\":[\"https:\\\/\\\/www.facebook.com\\\/Vetorino\\\/\",\"https:\\\/\\\/www.instagram.com\\\/vetorino_off\\\/\",\"https:\\\/\\\/www.linkedin.com\\\/company\\\/vtorino\\\/\"]}]}<\/script>\n<meta property=\"product:brand\" content=\"Bobby\" \/>\n<meta property=\"og:availability\" content=\"instock\" \/>\n<meta property=\"product:availability\" content=\"instock\" \/>\n<meta property=\"product:condition\" content=\"new\" \/>\n<!-- \/ Yoast SEO plugin. -->","yoast_head_json":{"title":"Ensemble harnais\/laisse chat Bobby Safe Bobby - V\u00e9torino","description":"Partez en balade nocturne, avec votre compagnon \u00e0 quatre pattes en toute s\u00e9curit\u00e9 avec ce kit complet harnais et laisse pour chat r\u00e9fl\u00e9chissant de la gamme Safe. Ce kit se compose d\u2019une laisse bleue longue de 1 m\u00e8tre et d\u2019un harnais bleu r\u00e9glable \u00e0 la morphologie de votre animal. Il convient pour tous les chats dont le tour de cou est compris entre 18 et 28 cm, et le tour de poitrail entre 25 et 38 cm.","robots":{"index":"noindex","follow":"nofollow"},"og_locale":"fr_FR","og_type":"article","og_title":"Ensemble harnais\/laisse chat Bobby Safe Bobby - V\u00e9torino","og_description":"Partez en balade nocturne, avec votre compagnon \u00e0 quatre pattes en toute s\u00e9curit\u00e9 avec ce kit complet harnais et laisse pour chat r\u00e9fl\u00e9chissant de la gamme Safe. Ce kit se compose d\u2019une laisse bleue longue de 1 m\u00e8tre et d\u2019un harnais bleu r\u00e9glable \u00e0 la morphologie de votre animal. Il convient pour tous les chats dont le tour de cou est compris entre 18 et 28 cm, et le tour de poitrail entre 25 et 38 cm.","og_url":"https:\/\/www.vetorino.com\/veterinaire\/confolens-16500\/boutique\/product\/ensemble-harnais-laisse-chat-bobby-safe\/","og_site_name":"V\u00e9torino","article_publisher":"https:\/\/www.facebook.com\/Vetorino\/","article_modified_time":"2026-03-31T00:42:10+00:00","og_image":[{"width":400,"height":400,"url":"https:\/\/www.vetorino.com\/boutique\/wp-content\/uploads\/2020\/07\/FilsENS727FormatMediumTypeIM.png","type":"image\/png"}],"twitter_card":"summary_large_image","twitter_misc":{"Disponibilit\u00e9":"En stock"},"schema":{"@context":"https:\/\/schema.org","@graph":[{"@type":"WebPage","@id":"https:\/\/www.vetorino.com\/boutique\/product\/ensemble-harnais-laisse-chat-bobby-safe\/","url":"https:\/\/www.vetorino.com\/boutique\/product\/ensemble-harnais-laisse-chat-bobby-safe\/","name":"Ensemble harnais\/laisse chat Bobby Safe Bobby - V\u00e9torino","isPartOf":{"@id":"https:\/\/www.vetorino.com\/boutique\/#website"},"primaryImageOfPage":{"@id":"https:\/\/www.vetorino.com\/boutique\/product\/ensemble-harnais-laisse-chat-bobby-safe\/#primaryimage"},"image":{"@id":"https:\/\/www.vetorino.com\/boutique\/product\/ensemble-harnais-laisse-chat-bobby-safe\/#primaryimage"},"thumbnailUrl":"https:\/\/www.vetorino.com\/boutique\/wp-content\/uploads\/2020\/03\/harnaislaisse-chat-safe-fus-10mmx25-38cm-15.jpg","datePublished":"2020-07-09T19:16:33+00:00","dateModified":"2026-03-31T00:42:10+00:00","description":"Partez en balade nocturne, avec votre compagnon \u00e0 quatre pattes en toute s\u00e9curit\u00e9 avec ce kit complet harnais et laisse pour chat r\u00e9fl\u00e9chissant de la gamme Safe. Ce kit se compose d\u2019une laisse bleue longue de 1 m\u00e8tre et d\u2019un harnais bleu r\u00e9glable \u00e0 la morphologie de votre animal. Il convient pour tous les chats dont le tour de cou est compris entre 18 et 28 cm, et le tour de poitrail entre 25 et 38 cm.","breadcrumb":{"@id":"https:\/\/www.vetorino.com\/boutique\/product\/ensemble-harnais-laisse-chat-bobby-safe\/#breadcrumb"},"inLanguage":"fr-FR","potentialAction":[{"@type":"ReadAction","target":["https:\/\/www.vetorino.com\/boutique\/product\/ensemble-harnais-laisse-chat-bobby-safe\/"]}]},{"@type":"ImageObject","inLanguage":"fr-FR","@id":"https:\/\/www.vetorino.com\/boutique\/product\/ensemble-harnais-laisse-chat-bobby-safe\/#primaryimage","url":"https:\/\/www.vetorino.com\/boutique\/wp-content\/uploads\/2020\/03\/harnaislaisse-chat-safe-fus-10mmx25-38cm-15.jpg","contentUrl":"https:\/\/www.vetorino.com\/boutique\/wp-content\/uploads\/2020\/03\/harnaislaisse-chat-safe-fus-10mmx25-38cm-15.jpg","width":800,"height":800},{"@type":"BreadcrumbList","@id":"https:\/\/www.vetorino.com\/boutique\/product\/ensemble-harnais-laisse-chat-bobby-safe\/#breadcrumb","itemListElement":[{"@type":"ListItem","position":1,"name":"Accueil","item":"https:\/\/www.vetorino.com\/boutique\/"},{"@type":"ListItem","position":2,"name":"Produits","item":"https:\/\/www.vetorino.com\/boutique\/"},{"@type":"ListItem","position":3,"name":"Ensemble harnais\/laisse chat Bobby Safe"}]},{"@type":"WebSite","@id":"https:\/\/www.vetorino.com\/boutique\/#website","url":"https:\/\/www.vetorino.com\/boutique\/","name":"V\u00e9torino","description":"","publisher":{"@id":"https:\/\/www.vetorino.com\/boutique\/#organization"},"potentialAction":[{"@type":"SearchAction","target":{"@type":"EntryPoint","urlTemplate":"https:\/\/www.vetorino.com\/boutique\/?s={search_term_string}"},"query-input":{"@type":"PropertyValueSpecification","valueRequired":true,"valueName":"search_term_string"}}],"inLanguage":"fr-FR"},{"@type":"Organization","@id":"https:\/\/www.vetorino.com\/boutique\/#organization","name":"V\u00e9torino","url":"https:\/\/www.vetorino.com\/boutique\/","logo":{"@type":"ImageObject","inLanguage":"fr-FR","@id":"https:\/\/www.vetorino.com\/boutique\/#\/schema\/logo\/image\/","url":"https:\/\/www.vetorino.com\/boutique\/wp-content\/uploads\/2024\/10\/logo.jpg","contentUrl":"https:\/\/www.vetorino.com\/boutique\/wp-content\/uploads\/2024\/10\/logo.jpg","width":1200,"height":610,"caption":"V\u00e9torino"},"image":{"@id":"https:\/\/www.vetorino.com\/boutique\/#\/schema\/logo\/image\/"},"sameAs":["https:\/\/www.facebook.com\/Vetorino\/","https:\/\/www.instagram.com\/vetorino_off\/","https:\/\/www.linkedin.com\/company\/vtorino\/"]}]},"product_brand":"Bobby","og_availability":"instock","product_availability":"instock","product_condition":"new"},"_links":{"self":[{"href":"https:\/\/www.vetorino.com\/veterinaire\/confolens-16500\/boutique\/wp-json\/wp\/v2\/product\/107618","targetHints":{"allow":["GET"]}}],"collection":[{"href":"https:\/\/www.vetorino.com\/veterinaire\/confolens-16500\/boutique\/wp-json\/wp\/v2\/product"}],"about":[{"href":"https:\/\/www.vetorino.com\/veterinaire\/confolens-16500\/boutique\/wp-json\/wp\/v2\/types\/product"}],"wp:featuredmedia":[{"embeddable":true,"href":"https:\/\/www.vetorino.com\/veterinaire\/confolens-16500\/boutique\/wp-json\/wp\/v2\/media\/76727"}],"wp:attachment":[{"href":"https:\/\/www.vetorino.com\/veterinaire\/confolens-16500\/boutique\/wp-json\/wp\/v2\/media?parent=107618"}],"wp:term":[{"taxonomy":"product_cat","embeddable":true,"href":"https:\/\/www.vetorino.com\/veterinaire\/confolens-16500\/boutique\/wp-json\/wp\/v2\/product_cat?post=107618"},{"taxonomy":"product_tag","embeddable":true,"href":"https:\/\/www.vetorino.com\/veterinaire\/confolens-16500\/boutique\/wp-json\/wp\/v2\/product_tag?post=107618"}],"curies":[{"name":"wp","href":"https:\/\/api.w.org\/{rel}","templated":true}]}}