{"id":107725,"date":"2020-07-09T21:20:35","date_gmt":"2020-07-09T19:20:35","guid":{"rendered":"https:\/\/www.vetorino.com\/boutique\/product\/gant-ramasse-poils\/"},"modified":"2026-03-12T02:42:19","modified_gmt":"2026-03-12T01:42:19","slug":"gant-ramasse-poils","status":"publish","type":"product","link":"https:\/\/www.vetorino.com\/veterinaire\/confolens-16500\/boutique\/product\/gant-ramasse-poils\/","title":{"rendered":"Gant 5 doigts Brandy \u00e0 picots caoutchouc"},"content":{"rendered":"<div class='hidden'>MATERIEL<\/div>\n<div class='hidden'>Chiens<\/div>\n<p>Optez pour le gant magique de Wouapy qui attire et ramasse tous les poils en un clin d&#039;oeil.<br \/>\nIdeal pour entretenir le pelage de votre&nbsp;animal ! En le caressant, vous lui &ocirc;terez ses poils morts en toute facilit&eacute;.<br \/>\nCon&ccedil;u avec 5 doigts pour brosser tout le corps de l&#039;animal, m&ecirc;me les endroits plus difficiles d&#039;acc&egrave;s avec une brosse habituelle, comme l&#039;arri&egrave;re des pattes, la queue ou la t&ecirc;te.<\/p>\n<ul>\n<li>Pour tous les types de pelages, toutes les tailles de chiens ou chats !<\/li>\n<li>Peut s&#039;utiliser pour vos v&ecirc;tements, le canap&eacute; ou les si&egrave;ges de la voiture.<\/li>\n<li>Tissu&nbsp;: 70% polyester et 30% coton.<\/li>\n<li>Caoutchouc 100% TPR.<\/li>\n<\/ul>\n","protected":false},"excerpt":{"rendered":"<p>MATERIEL Chiens Optez pour le gant magique de Wouapy qui attire et ramasse tous les poils en un clin d&#039;oeil. Ideal pour entretenir le pelage de votre&nbsp;animal ! En le caressant, vous lui &ocirc;terez ses poils morts en toute facilit&eacute;. Con&ccedil;u avec 5 doigts pour brosser tout le corps de l&#039;animal, m&ecirc;me les endroits plus [&hellip;]<\/p>\n","protected":false},"featured_media":107723,"template":"","meta":[],"product_cat":[2698],"product_tag":[],"class_list":{"0":"post-107725","1":"product","2":"type-product","3":"status-publish","4":"has-post-thumbnail","6":"product_cat-chien","7":"pa_marque-materiel","9":"first","10":"instock","11":"taxable","12":"shipping-taxable","13":"purchasable","14":"product-type-variable"},"yoast_head":"<!-- This site is optimized with the Yoast SEO plugin v27.3 - https:\/\/yoast.com\/product\/yoast-seo-wordpress\/ -->\n<title>Gant 5 doigts Brandy \u00e0 picots caoutchouc Mat\u00e9riel - V\u00e9torino<\/title>\n<meta name=\"description\" content=\"MATERIELChiensOptez pour le gant magique de Wouapy qui attire et ramasse tous les poils en un clin d&#039;oeil. Ideal pour entretenir le pelage de\" \/>\n<meta name=\"robots\" content=\"noindex, nofollow\" \/>\n<meta property=\"og:locale\" content=\"fr_FR\" \/>\n<meta property=\"og:type\" content=\"article\" \/>\n<meta property=\"og:title\" content=\"Gant 5 doigts Brandy \u00e0 picots caoutchouc Mat\u00e9riel - V\u00e9torino\" \/>\n<meta property=\"og:description\" content=\"MATERIELChiensOptez pour le gant magique de Wouapy qui attire et ramasse tous les poils en un clin d&#039;oeil. Ideal pour entretenir le pelage de\" \/>\n<meta property=\"og:url\" content=\"https:\/\/www.vetorino.com\/veterinaire\/confolens-16500\/boutique\/product\/gant-ramasse-poils\/\" \/>\n<meta property=\"og:site_name\" content=\"V\u00e9torino\" \/>\n<meta property=\"article:publisher\" content=\"https:\/\/www.facebook.com\/Vetorino\/\" \/>\n<meta property=\"article:modified_time\" content=\"2026-03-12T01:42:19+00:00\" \/>\n<meta property=\"og:image\" content=\"https:\/\/www.vetorino.com\/boutique\/wp-content\/uploads\/2020\/07\/FilsGAN707FormatMediumTypeIM.png\" \/>\n\t<meta property=\"og:image:width\" content=\"303\" \/>\n\t<meta property=\"og:image:height\" content=\"303\" \/>\n\t<meta property=\"og:image:type\" content=\"image\/png\" \/>\n<meta name=\"twitter:card\" content=\"summary_large_image\" \/>\n<meta name=\"twitter:label1\" content=\"Disponibilit\u00e9\" \/>\n\t<meta name=\"twitter:data1\" content=\"En stock\" \/>\n<script type=\"application\/ld+json\" class=\"yoast-schema-graph\">{\"@context\":\"https:\\\/\\\/schema.org\",\"@graph\":[{\"@type\":\"WebPage\",\"@id\":\"https:\\\/\\\/www.vetorino.com\\\/boutique\\\/product\\\/gant-ramasse-poils\\\/\",\"url\":\"https:\\\/\\\/www.vetorino.com\\\/boutique\\\/product\\\/gant-ramasse-poils\\\/\",\"name\":\"Gant 5 doigts Brandy \u00e0 picots caoutchouc Mat\u00e9riel - V\u00e9torino\",\"isPartOf\":{\"@id\":\"https:\\\/\\\/www.vetorino.com\\\/boutique\\\/#website\"},\"primaryImageOfPage\":{\"@id\":\"https:\\\/\\\/www.vetorino.com\\\/boutique\\\/product\\\/gant-ramasse-poils\\\/#primaryimage\"},\"image\":{\"@id\":\"https:\\\/\\\/www.vetorino.com\\\/boutique\\\/product\\\/gant-ramasse-poils\\\/#primaryimage\"},\"thumbnailUrl\":\"https:\\\/\\\/www.vetorino.com\\\/boutique\\\/wp-content\\\/uploads\\\/2020\\\/07\\\/FilsGAN707FormatMediumTypeIM.png\",\"datePublished\":\"2020-07-09T19:20:35+00:00\",\"dateModified\":\"2026-03-12T01:42:19+00:00\",\"description\":\"MATERIELChiensOptez pour le gant magique de Wouapy qui attire et ramasse tous les poils en un clin d&#039;oeil. Ideal pour entretenir le pelage de\",\"breadcrumb\":{\"@id\":\"https:\\\/\\\/www.vetorino.com\\\/boutique\\\/product\\\/gant-ramasse-poils\\\/#breadcrumb\"},\"inLanguage\":\"fr-FR\",\"potentialAction\":[{\"@type\":\"ReadAction\",\"target\":[\"https:\\\/\\\/www.vetorino.com\\\/boutique\\\/product\\\/gant-ramasse-poils\\\/\"]}]},{\"@type\":\"ImageObject\",\"inLanguage\":\"fr-FR\",\"@id\":\"https:\\\/\\\/www.vetorino.com\\\/boutique\\\/product\\\/gant-ramasse-poils\\\/#primaryimage\",\"url\":\"https:\\\/\\\/www.vetorino.com\\\/boutique\\\/wp-content\\\/uploads\\\/2020\\\/07\\\/FilsGAN707FormatMediumTypeIM.png\",\"contentUrl\":\"https:\\\/\\\/www.vetorino.com\\\/boutique\\\/wp-content\\\/uploads\\\/2020\\\/07\\\/FilsGAN707FormatMediumTypeIM.png\",\"width\":303,\"height\":303},{\"@type\":\"BreadcrumbList\",\"@id\":\"https:\\\/\\\/www.vetorino.com\\\/boutique\\\/product\\\/gant-ramasse-poils\\\/#breadcrumb\",\"itemListElement\":[{\"@type\":\"ListItem\",\"position\":1,\"name\":\"Accueil\",\"item\":\"https:\\\/\\\/www.vetorino.com\\\/boutique\\\/\"},{\"@type\":\"ListItem\",\"position\":2,\"name\":\"Produits\",\"item\":\"https:\\\/\\\/www.vetorino.com\\\/boutique\\\/\"},{\"@type\":\"ListItem\",\"position\":3,\"name\":\"Gant 5 doigts Brandy \u00e0 picots caoutchouc\"}]},{\"@type\":\"WebSite\",\"@id\":\"https:\\\/\\\/www.vetorino.com\\\/boutique\\\/#website\",\"url\":\"https:\\\/\\\/www.vetorino.com\\\/boutique\\\/\",\"name\":\"V\u00e9torino\",\"description\":\"\",\"publisher\":{\"@id\":\"https:\\\/\\\/www.vetorino.com\\\/boutique\\\/#organization\"},\"potentialAction\":[{\"@type\":\"SearchAction\",\"target\":{\"@type\":\"EntryPoint\",\"urlTemplate\":\"https:\\\/\\\/www.vetorino.com\\\/boutique\\\/?s={search_term_string}\"},\"query-input\":{\"@type\":\"PropertyValueSpecification\",\"valueRequired\":true,\"valueName\":\"search_term_string\"}}],\"inLanguage\":\"fr-FR\"},{\"@type\":\"Organization\",\"@id\":\"https:\\\/\\\/www.vetorino.com\\\/boutique\\\/#organization\",\"name\":\"V\u00e9torino\",\"url\":\"https:\\\/\\\/www.vetorino.com\\\/boutique\\\/\",\"logo\":{\"@type\":\"ImageObject\",\"inLanguage\":\"fr-FR\",\"@id\":\"https:\\\/\\\/www.vetorino.com\\\/boutique\\\/#\\\/schema\\\/logo\\\/image\\\/\",\"url\":\"https:\\\/\\\/www.vetorino.com\\\/boutique\\\/wp-content\\\/uploads\\\/2024\\\/10\\\/logo.jpg\",\"contentUrl\":\"https:\\\/\\\/www.vetorino.com\\\/boutique\\\/wp-content\\\/uploads\\\/2024\\\/10\\\/logo.jpg\",\"width\":1200,\"height\":610,\"caption\":\"V\u00e9torino\"},\"image\":{\"@id\":\"https:\\\/\\\/www.vetorino.com\\\/boutique\\\/#\\\/schema\\\/logo\\\/image\\\/\"},\"sameAs\":[\"https:\\\/\\\/www.facebook.com\\\/Vetorino\\\/\",\"https:\\\/\\\/www.instagram.com\\\/vetorino_off\\\/\",\"https:\\\/\\\/www.linkedin.com\\\/company\\\/vtorino\\\/\"]}]}<\/script>\n<meta property=\"product:brand\" content=\"Mat\u00e9riel\" \/>\n<meta property=\"og:availability\" content=\"instock\" \/>\n<meta property=\"product:availability\" content=\"instock\" \/>\n<meta property=\"product:condition\" content=\"new\" \/>\n<!-- \/ Yoast SEO plugin. -->","yoast_head_json":{"title":"Gant 5 doigts Brandy \u00e0 picots caoutchouc Mat\u00e9riel - V\u00e9torino","description":"MATERIELChiensOptez pour le gant magique de Wouapy qui attire et ramasse tous les poils en un clin d&#039;oeil. Ideal pour entretenir le pelage de","robots":{"index":"noindex","follow":"nofollow"},"og_locale":"fr_FR","og_type":"article","og_title":"Gant 5 doigts Brandy \u00e0 picots caoutchouc Mat\u00e9riel - V\u00e9torino","og_description":"MATERIELChiensOptez pour le gant magique de Wouapy qui attire et ramasse tous les poils en un clin d&#039;oeil. Ideal pour entretenir le pelage de","og_url":"https:\/\/www.vetorino.com\/veterinaire\/confolens-16500\/boutique\/product\/gant-ramasse-poils\/","og_site_name":"V\u00e9torino","article_publisher":"https:\/\/www.facebook.com\/Vetorino\/","article_modified_time":"2026-03-12T01:42:19+00:00","og_image":[{"width":303,"height":303,"url":"https:\/\/www.vetorino.com\/boutique\/wp-content\/uploads\/2020\/07\/FilsGAN707FormatMediumTypeIM.png","type":"image\/png"}],"twitter_card":"summary_large_image","twitter_misc":{"Disponibilit\u00e9":"En stock"},"schema":{"@context":"https:\/\/schema.org","@graph":[{"@type":"WebPage","@id":"https:\/\/www.vetorino.com\/boutique\/product\/gant-ramasse-poils\/","url":"https:\/\/www.vetorino.com\/boutique\/product\/gant-ramasse-poils\/","name":"Gant 5 doigts Brandy \u00e0 picots caoutchouc Mat\u00e9riel - V\u00e9torino","isPartOf":{"@id":"https:\/\/www.vetorino.com\/boutique\/#website"},"primaryImageOfPage":{"@id":"https:\/\/www.vetorino.com\/boutique\/product\/gant-ramasse-poils\/#primaryimage"},"image":{"@id":"https:\/\/www.vetorino.com\/boutique\/product\/gant-ramasse-poils\/#primaryimage"},"thumbnailUrl":"https:\/\/www.vetorino.com\/boutique\/wp-content\/uploads\/2020\/07\/FilsGAN707FormatMediumTypeIM.png","datePublished":"2020-07-09T19:20:35+00:00","dateModified":"2026-03-12T01:42:19+00:00","description":"MATERIELChiensOptez pour le gant magique de Wouapy qui attire et ramasse tous les poils en un clin d&#039;oeil. Ideal pour entretenir le pelage de","breadcrumb":{"@id":"https:\/\/www.vetorino.com\/boutique\/product\/gant-ramasse-poils\/#breadcrumb"},"inLanguage":"fr-FR","potentialAction":[{"@type":"ReadAction","target":["https:\/\/www.vetorino.com\/boutique\/product\/gant-ramasse-poils\/"]}]},{"@type":"ImageObject","inLanguage":"fr-FR","@id":"https:\/\/www.vetorino.com\/boutique\/product\/gant-ramasse-poils\/#primaryimage","url":"https:\/\/www.vetorino.com\/boutique\/wp-content\/uploads\/2020\/07\/FilsGAN707FormatMediumTypeIM.png","contentUrl":"https:\/\/www.vetorino.com\/boutique\/wp-content\/uploads\/2020\/07\/FilsGAN707FormatMediumTypeIM.png","width":303,"height":303},{"@type":"BreadcrumbList","@id":"https:\/\/www.vetorino.com\/boutique\/product\/gant-ramasse-poils\/#breadcrumb","itemListElement":[{"@type":"ListItem","position":1,"name":"Accueil","item":"https:\/\/www.vetorino.com\/boutique\/"},{"@type":"ListItem","position":2,"name":"Produits","item":"https:\/\/www.vetorino.com\/boutique\/"},{"@type":"ListItem","position":3,"name":"Gant 5 doigts Brandy \u00e0 picots caoutchouc"}]},{"@type":"WebSite","@id":"https:\/\/www.vetorino.com\/boutique\/#website","url":"https:\/\/www.vetorino.com\/boutique\/","name":"V\u00e9torino","description":"","publisher":{"@id":"https:\/\/www.vetorino.com\/boutique\/#organization"},"potentialAction":[{"@type":"SearchAction","target":{"@type":"EntryPoint","urlTemplate":"https:\/\/www.vetorino.com\/boutique\/?s={search_term_string}"},"query-input":{"@type":"PropertyValueSpecification","valueRequired":true,"valueName":"search_term_string"}}],"inLanguage":"fr-FR"},{"@type":"Organization","@id":"https:\/\/www.vetorino.com\/boutique\/#organization","name":"V\u00e9torino","url":"https:\/\/www.vetorino.com\/boutique\/","logo":{"@type":"ImageObject","inLanguage":"fr-FR","@id":"https:\/\/www.vetorino.com\/boutique\/#\/schema\/logo\/image\/","url":"https:\/\/www.vetorino.com\/boutique\/wp-content\/uploads\/2024\/10\/logo.jpg","contentUrl":"https:\/\/www.vetorino.com\/boutique\/wp-content\/uploads\/2024\/10\/logo.jpg","width":1200,"height":610,"caption":"V\u00e9torino"},"image":{"@id":"https:\/\/www.vetorino.com\/boutique\/#\/schema\/logo\/image\/"},"sameAs":["https:\/\/www.facebook.com\/Vetorino\/","https:\/\/www.instagram.com\/vetorino_off\/","https:\/\/www.linkedin.com\/company\/vtorino\/"]}]},"product_brand":"Mat\u00e9riel","og_availability":"instock","product_availability":"instock","product_condition":"new"},"_links":{"self":[{"href":"https:\/\/www.vetorino.com\/veterinaire\/confolens-16500\/boutique\/wp-json\/wp\/v2\/product\/107725","targetHints":{"allow":["GET"]}}],"collection":[{"href":"https:\/\/www.vetorino.com\/veterinaire\/confolens-16500\/boutique\/wp-json\/wp\/v2\/product"}],"about":[{"href":"https:\/\/www.vetorino.com\/veterinaire\/confolens-16500\/boutique\/wp-json\/wp\/v2\/types\/product"}],"wp:featuredmedia":[{"embeddable":true,"href":"https:\/\/www.vetorino.com\/veterinaire\/confolens-16500\/boutique\/wp-json\/wp\/v2\/media\/107723"}],"wp:attachment":[{"href":"https:\/\/www.vetorino.com\/veterinaire\/confolens-16500\/boutique\/wp-json\/wp\/v2\/media?parent=107725"}],"wp:term":[{"taxonomy":"product_cat","embeddable":true,"href":"https:\/\/www.vetorino.com\/veterinaire\/confolens-16500\/boutique\/wp-json\/wp\/v2\/product_cat?post=107725"},{"taxonomy":"product_tag","embeddable":true,"href":"https:\/\/www.vetorino.com\/veterinaire\/confolens-16500\/boutique\/wp-json\/wp\/v2\/product_tag?post=107725"}],"curies":[{"name":"wp","href":"https:\/\/api.w.org\/{rel}","templated":true}]}}