{"id":1112483,"date":"2024-11-27T09:40:44","date_gmt":"2024-11-27T08:40:44","guid":{"rendered":"https:\/\/www.vetorino.com\/boutique\/product\/gastro-supp-2\/"},"modified":"2026-03-31T21:51:08","modified_gmt":"2026-03-31T19:51:08","slug":"gastro-supp-2","status":"publish","type":"product","link":"https:\/\/www.vetorino.com\/veterinaire\/confolens-16500\/boutique\/product\/gastro-supp-2\/","title":{"rendered":"Gastro Supp"},"content":{"rendered":"<p><strong>Gastro Supp de Miloa<\/strong>\u00a0est un aliment compl\u00e9mentaire pour les chiens et les chats qui a \u00e9t\u00e9 con\u00e7u afin de<strong>\u00a0prot\u00e9ger et d&#8217;apaiser les estomacs sensibles<\/strong>\u00a0de nos animaux.<\/p>\n<p>Il a \u00e9t\u00e9 \u00e9labor\u00e9 avec 8 ingr\u00e9dients dont l&#8217;action synergique permet d&#8217;aider votre compagnon \u00e0\u00a0<strong>retrouver un \u00e9quilibre digestif optimal.\u00a0<\/strong><\/p>\n<p>Il contient :<\/p>\n<ul>\n<li>Du gigembre (3%)<\/li>\n<li>Du mastic (7%)<\/li>\n<li>Du fucus v\u00e9siculeux<\/li>\n<li>Du lithothamme<\/li>\n<li>Du curcuma<\/li>\n<li>Du r\u00e9glisse<\/li>\n<li>De la m\u00e9lisse<\/li>\n<li>De la camomille<\/li>\n<\/ul>\n<p>Ces ingr\u00e9dients sont connus pour leurs nombreuses propri\u00e9t\u00e9s sur l&#8217;organisme.<\/p>\n<ul>\n<li>Le gingembre et le mastic participent \u00e0<strong>\u00a0att\u00e9nuer les d\u00e9sagr\u00e9ments digestifs passagers.<\/strong><\/li>\n<li>Le fucus v\u00e9siculeux contient des alginates qui vont former un gel qui flottera \u00e0 la surface et formera une barri\u00e8re m\u00e9canique.<\/li>\n<li>Le lithothamne contient du carbonate de calcium qui va contribuer \u00e0 <strong>r\u00e9duire l&#8217;hyperacidit\u00e9<\/strong>.<\/li>\n<\/ul>\n<p><strong>Gastro Supp\u2122 est \u00e0 utiliser en compl\u00e9ment d\u2019une alimentation adapt\u00e9e.<\/strong><\/p>\n<p>Les comprim\u00e9s sont tr\u00e8s app\u00e9tents et accept\u00e9s spontan\u00e9ment par la majorit\u00e9 des chiens et des chats. Ils peuvent \u00e9galement \u00eatre \u00e9miett\u00e9s et m\u00e9lang\u00e9s \u00e0 la nourriture. \u00c0 r\u00e9partir avant le repas ou les repas principaux.<\/p>\n<p><strong>Les plus du produit :<\/strong><\/p>\n<ul>\n<li>Fabriqu\u00e9 en France<\/li>\n<li>Expertise 100% v\u00e9to<\/li>\n<li>Fonctionne avec la synergie d&#8217;ingr\u00e9dients naturels<\/li>\n<li>Apaise et prot\u00e8ge les estomacs sensibles<\/li>\n<\/ul>\n","protected":false},"excerpt":{"rendered":"<p>Ce compl\u00e9ment alimentaire est un alli\u00e9 efficace pour ceux qui cherchent \u00e0 <strong>am\u00e9liorer le confort digestif de leur chiens et chats.<\/strong><\/p>\n<p>Sa formule \u00e0 base d&#8217;<strong>ingr\u00e9dients naturels<\/strong>, soigneusement s\u00e9lectionn\u00e9s pour leurs vertus apaisantes et protectrices, permet de lutter contre les troubles digestifs tout en favorisant un \u00e9quilibre acido-basique optimal.<\/p>\n","protected":false},"featured_media":1112739,"template":"","meta":[],"product_cat":[12551,12552,2730,2738,2697,2698,12567,12568],"product_tag":[],"class_list":{"0":"post-1112483","1":"product","2":"type-product","3":"status-publish","4":"has-post-thumbnail","6":"product_cat-alimentation-du-chat","7":"product_cat-alimentation-du-chien","8":"product_cat-aliments-complementaires-pour-chat","9":"product_cat-aliments-complementaires-pour-chien","10":"product_cat-chat","11":"product_cat-chien","12":"product_cat-produit-veterinaire-du-chat","13":"product_cat-produit-veterinaire-du-chien","14":"pa_marque-miloa","16":"first","17":"instock","18":"taxable","19":"shipping-taxable","20":"purchasable","21":"product-type-simple"},"yoast_head":"<!-- This site is optimized with the Yoast SEO plugin v27.3 - https:\/\/yoast.com\/product\/yoast-seo-wordpress\/ -->\n<title>Gastro Supp Miloa - V\u00e9torino<\/title>\n<meta name=\"description\" content=\"Ce compl\u00e9ment alimentaire est un alli\u00e9 efficace pour ceux qui cherchent \u00e0 am\u00e9liorer le confort digestif de leur chiens et chats.  Sa formule \u00e0 base d&#039;ingr\u00e9dients naturels, soigneusement s\u00e9lectionn\u00e9s pour leurs vertus apaisantes et protectrices, permet de lutter contre les troubles digestifs tout en favorisant un \u00e9quilibre acido-basique optimal.\" \/>\n<meta name=\"robots\" content=\"noindex, nofollow\" \/>\n<meta property=\"og:locale\" content=\"fr_FR\" \/>\n<meta property=\"og:type\" content=\"article\" \/>\n<meta property=\"og:title\" content=\"Gastro Supp Miloa - V\u00e9torino\" \/>\n<meta property=\"og:description\" content=\"Ce compl\u00e9ment alimentaire est un alli\u00e9 efficace pour ceux qui cherchent \u00e0 am\u00e9liorer le confort digestif de leur chiens et chats.  Sa formule \u00e0 base d&#039;ingr\u00e9dients naturels, soigneusement s\u00e9lectionn\u00e9s pour leurs vertus apaisantes et protectrices, permet de lutter contre les troubles digestifs tout en favorisant un \u00e9quilibre acido-basique optimal.\" \/>\n<meta property=\"og:url\" content=\"https:\/\/www.vetorino.com\/veterinaire\/confolens-16500\/boutique\/product\/gastro-supp-2\/\" \/>\n<meta property=\"og:site_name\" content=\"V\u00e9torino\" \/>\n<meta property=\"article:publisher\" content=\"https:\/\/www.facebook.com\/Vetorino\/\" \/>\n<meta property=\"article:modified_time\" content=\"2026-03-31T19:51:08+00:00\" \/>\n<meta property=\"og:image\" content=\"https:\/\/www.vetorino.com\/boutique\/wp-content\/uploads\/2024\/11\/Capture-decran-2024-11-27-a-14.22.25-copie.png\" \/>\n\t<meta property=\"og:image:width\" content=\"930\" \/>\n\t<meta property=\"og:image:height\" content=\"902\" \/>\n\t<meta property=\"og:image:type\" content=\"image\/png\" \/>\n<meta name=\"twitter:card\" content=\"summary_large_image\" \/>\n<meta name=\"twitter:label1\" content=\"Prix\" \/>\n\t<meta name=\"twitter:data1\" content=\"44,86&euro;\" \/>\n\t<meta name=\"twitter:label2\" content=\"Disponibilit\u00e9\" \/>\n\t<meta name=\"twitter:data2\" content=\"En stock\" \/>\n<script type=\"application\/ld+json\" class=\"yoast-schema-graph\">{\"@context\":\"https:\\\/\\\/schema.org\",\"@graph\":[{\"@type\":\"WebPage\",\"@id\":\"https:\\\/\\\/www.vetorino.com\\\/boutique\\\/product\\\/gastro-supp-2\\\/\",\"url\":\"https:\\\/\\\/www.vetorino.com\\\/boutique\\\/product\\\/gastro-supp-2\\\/\",\"name\":\"Gastro Supp Miloa - V\u00e9torino\",\"isPartOf\":{\"@id\":\"https:\\\/\\\/www.vetorino.com\\\/boutique\\\/#website\"},\"primaryImageOfPage\":{\"@id\":\"https:\\\/\\\/www.vetorino.com\\\/boutique\\\/product\\\/gastro-supp-2\\\/#primaryimage\"},\"image\":{\"@id\":\"https:\\\/\\\/www.vetorino.com\\\/boutique\\\/product\\\/gastro-supp-2\\\/#primaryimage\"},\"thumbnailUrl\":\"https:\\\/\\\/www.vetorino.com\\\/boutique\\\/wp-content\\\/uploads\\\/2024\\\/11\\\/Capture-decran-2024-11-27-a-14.22.25-copie.png\",\"datePublished\":\"2024-11-27T08:40:44+00:00\",\"dateModified\":\"2026-03-31T19:51:08+00:00\",\"description\":\"Ce compl\u00e9ment alimentaire est un alli\u00e9 efficace pour ceux qui cherchent \u00e0 am\u00e9liorer le confort digestif de leur chiens et chats. Sa formule \u00e0 base d'ingr\u00e9dients naturels, soigneusement s\u00e9lectionn\u00e9s pour leurs vertus apaisantes et protectrices, permet de lutter contre les troubles digestifs tout en favorisant un \u00e9quilibre acido-basique optimal.\",\"breadcrumb\":{\"@id\":\"https:\\\/\\\/www.vetorino.com\\\/boutique\\\/product\\\/gastro-supp-2\\\/#breadcrumb\"},\"inLanguage\":\"fr-FR\",\"potentialAction\":[{\"@type\":\"ReadAction\",\"target\":[\"https:\\\/\\\/www.vetorino.com\\\/boutique\\\/product\\\/gastro-supp-2\\\/\"]}]},{\"@type\":\"ImageObject\",\"inLanguage\":\"fr-FR\",\"@id\":\"https:\\\/\\\/www.vetorino.com\\\/boutique\\\/product\\\/gastro-supp-2\\\/#primaryimage\",\"url\":\"https:\\\/\\\/www.vetorino.com\\\/boutique\\\/wp-content\\\/uploads\\\/2024\\\/11\\\/Capture-decran-2024-11-27-a-14.22.25-copie.png\",\"contentUrl\":\"https:\\\/\\\/www.vetorino.com\\\/boutique\\\/wp-content\\\/uploads\\\/2024\\\/11\\\/Capture-decran-2024-11-27-a-14.22.25-copie.png\",\"width\":930,\"height\":902},{\"@type\":\"BreadcrumbList\",\"@id\":\"https:\\\/\\\/www.vetorino.com\\\/boutique\\\/product\\\/gastro-supp-2\\\/#breadcrumb\",\"itemListElement\":[{\"@type\":\"ListItem\",\"position\":1,\"name\":\"Accueil\",\"item\":\"https:\\\/\\\/www.vetorino.com\\\/boutique\\\/\"},{\"@type\":\"ListItem\",\"position\":2,\"name\":\"Produits\",\"item\":\"https:\\\/\\\/www.vetorino.com\\\/boutique\\\/\"},{\"@type\":\"ListItem\",\"position\":3,\"name\":\"Gastro Supp\"}]},{\"@type\":\"WebSite\",\"@id\":\"https:\\\/\\\/www.vetorino.com\\\/boutique\\\/#website\",\"url\":\"https:\\\/\\\/www.vetorino.com\\\/boutique\\\/\",\"name\":\"V\u00e9torino\",\"description\":\"\",\"publisher\":{\"@id\":\"https:\\\/\\\/www.vetorino.com\\\/boutique\\\/#organization\"},\"potentialAction\":[{\"@type\":\"SearchAction\",\"target\":{\"@type\":\"EntryPoint\",\"urlTemplate\":\"https:\\\/\\\/www.vetorino.com\\\/boutique\\\/?s={search_term_string}\"},\"query-input\":{\"@type\":\"PropertyValueSpecification\",\"valueRequired\":true,\"valueName\":\"search_term_string\"}}],\"inLanguage\":\"fr-FR\"},{\"@type\":\"Organization\",\"@id\":\"https:\\\/\\\/www.vetorino.com\\\/boutique\\\/#organization\",\"name\":\"V\u00e9torino\",\"url\":\"https:\\\/\\\/www.vetorino.com\\\/boutique\\\/\",\"logo\":{\"@type\":\"ImageObject\",\"inLanguage\":\"fr-FR\",\"@id\":\"https:\\\/\\\/www.vetorino.com\\\/boutique\\\/#\\\/schema\\\/logo\\\/image\\\/\",\"url\":\"https:\\\/\\\/www.vetorino.com\\\/boutique\\\/wp-content\\\/uploads\\\/2024\\\/10\\\/logo.jpg\",\"contentUrl\":\"https:\\\/\\\/www.vetorino.com\\\/boutique\\\/wp-content\\\/uploads\\\/2024\\\/10\\\/logo.jpg\",\"width\":1200,\"height\":610,\"caption\":\"V\u00e9torino\"},\"image\":{\"@id\":\"https:\\\/\\\/www.vetorino.com\\\/boutique\\\/#\\\/schema\\\/logo\\\/image\\\/\"},\"sameAs\":[\"https:\\\/\\\/www.facebook.com\\\/Vetorino\\\/\",\"https:\\\/\\\/www.instagram.com\\\/vetorino_off\\\/\",\"https:\\\/\\\/www.linkedin.com\\\/company\\\/vtorino\\\/\"]}]}<\/script>\n<meta property=\"product:brand\" content=\"Miloa\" \/>\n<meta property=\"product:price:amount\" content=\"44.86\" \/>\n<meta property=\"product:price:currency\" content=\"EUR\" \/>\n<meta property=\"og:availability\" content=\"instock\" \/>\n<meta property=\"product:availability\" content=\"instock\" \/>\n<meta property=\"product:retailer_item_id\" content=\"C-GAS015\" \/>\n<meta property=\"product:condition\" content=\"new\" \/>\n<!-- \/ Yoast SEO plugin. -->","yoast_head_json":{"title":"Gastro Supp Miloa - V\u00e9torino","description":"Ce compl\u00e9ment alimentaire est un alli\u00e9 efficace pour ceux qui cherchent \u00e0 am\u00e9liorer le confort digestif de leur chiens et chats.  Sa formule \u00e0 base d'ingr\u00e9dients naturels, soigneusement s\u00e9lectionn\u00e9s pour leurs vertus apaisantes et protectrices, permet de lutter contre les troubles digestifs tout en favorisant un \u00e9quilibre acido-basique optimal.","robots":{"index":"noindex","follow":"nofollow"},"og_locale":"fr_FR","og_type":"article","og_title":"Gastro Supp Miloa - V\u00e9torino","og_description":"Ce compl\u00e9ment alimentaire est un alli\u00e9 efficace pour ceux qui cherchent \u00e0 am\u00e9liorer le confort digestif de leur chiens et chats.  Sa formule \u00e0 base d'ingr\u00e9dients naturels, soigneusement s\u00e9lectionn\u00e9s pour leurs vertus apaisantes et protectrices, permet de lutter contre les troubles digestifs tout en favorisant un \u00e9quilibre acido-basique optimal.","og_url":"https:\/\/www.vetorino.com\/veterinaire\/confolens-16500\/boutique\/product\/gastro-supp-2\/","og_site_name":"V\u00e9torino","article_publisher":"https:\/\/www.facebook.com\/Vetorino\/","article_modified_time":"2026-03-31T19:51:08+00:00","og_image":[{"width":930,"height":902,"url":"https:\/\/www.vetorino.com\/boutique\/wp-content\/uploads\/2024\/11\/Capture-decran-2024-11-27-a-14.22.25-copie.png","type":"image\/png"}],"twitter_card":"summary_large_image","twitter_misc":{"Prix":"44,86&euro;","Disponibilit\u00e9":"En stock"},"schema":{"@context":"https:\/\/schema.org","@graph":[{"@type":"WebPage","@id":"https:\/\/www.vetorino.com\/boutique\/product\/gastro-supp-2\/","url":"https:\/\/www.vetorino.com\/boutique\/product\/gastro-supp-2\/","name":"Gastro Supp Miloa - V\u00e9torino","isPartOf":{"@id":"https:\/\/www.vetorino.com\/boutique\/#website"},"primaryImageOfPage":{"@id":"https:\/\/www.vetorino.com\/boutique\/product\/gastro-supp-2\/#primaryimage"},"image":{"@id":"https:\/\/www.vetorino.com\/boutique\/product\/gastro-supp-2\/#primaryimage"},"thumbnailUrl":"https:\/\/www.vetorino.com\/boutique\/wp-content\/uploads\/2024\/11\/Capture-decran-2024-11-27-a-14.22.25-copie.png","datePublished":"2024-11-27T08:40:44+00:00","dateModified":"2026-03-31T19:51:08+00:00","description":"Ce compl\u00e9ment alimentaire est un alli\u00e9 efficace pour ceux qui cherchent \u00e0 am\u00e9liorer le confort digestif de leur chiens et chats. Sa formule \u00e0 base d'ingr\u00e9dients naturels, soigneusement s\u00e9lectionn\u00e9s pour leurs vertus apaisantes et protectrices, permet de lutter contre les troubles digestifs tout en favorisant un \u00e9quilibre acido-basique optimal.","breadcrumb":{"@id":"https:\/\/www.vetorino.com\/boutique\/product\/gastro-supp-2\/#breadcrumb"},"inLanguage":"fr-FR","potentialAction":[{"@type":"ReadAction","target":["https:\/\/www.vetorino.com\/boutique\/product\/gastro-supp-2\/"]}]},{"@type":"ImageObject","inLanguage":"fr-FR","@id":"https:\/\/www.vetorino.com\/boutique\/product\/gastro-supp-2\/#primaryimage","url":"https:\/\/www.vetorino.com\/boutique\/wp-content\/uploads\/2024\/11\/Capture-decran-2024-11-27-a-14.22.25-copie.png","contentUrl":"https:\/\/www.vetorino.com\/boutique\/wp-content\/uploads\/2024\/11\/Capture-decran-2024-11-27-a-14.22.25-copie.png","width":930,"height":902},{"@type":"BreadcrumbList","@id":"https:\/\/www.vetorino.com\/boutique\/product\/gastro-supp-2\/#breadcrumb","itemListElement":[{"@type":"ListItem","position":1,"name":"Accueil","item":"https:\/\/www.vetorino.com\/boutique\/"},{"@type":"ListItem","position":2,"name":"Produits","item":"https:\/\/www.vetorino.com\/boutique\/"},{"@type":"ListItem","position":3,"name":"Gastro Supp"}]},{"@type":"WebSite","@id":"https:\/\/www.vetorino.com\/boutique\/#website","url":"https:\/\/www.vetorino.com\/boutique\/","name":"V\u00e9torino","description":"","publisher":{"@id":"https:\/\/www.vetorino.com\/boutique\/#organization"},"potentialAction":[{"@type":"SearchAction","target":{"@type":"EntryPoint","urlTemplate":"https:\/\/www.vetorino.com\/boutique\/?s={search_term_string}"},"query-input":{"@type":"PropertyValueSpecification","valueRequired":true,"valueName":"search_term_string"}}],"inLanguage":"fr-FR"},{"@type":"Organization","@id":"https:\/\/www.vetorino.com\/boutique\/#organization","name":"V\u00e9torino","url":"https:\/\/www.vetorino.com\/boutique\/","logo":{"@type":"ImageObject","inLanguage":"fr-FR","@id":"https:\/\/www.vetorino.com\/boutique\/#\/schema\/logo\/image\/","url":"https:\/\/www.vetorino.com\/boutique\/wp-content\/uploads\/2024\/10\/logo.jpg","contentUrl":"https:\/\/www.vetorino.com\/boutique\/wp-content\/uploads\/2024\/10\/logo.jpg","width":1200,"height":610,"caption":"V\u00e9torino"},"image":{"@id":"https:\/\/www.vetorino.com\/boutique\/#\/schema\/logo\/image\/"},"sameAs":["https:\/\/www.facebook.com\/Vetorino\/","https:\/\/www.instagram.com\/vetorino_off\/","https:\/\/www.linkedin.com\/company\/vtorino\/"]}]},"product_brand":"Miloa","product_price_amount":"44.86","product_price_currency":"EUR","og_availability":"instock","product_availability":"instock","product_retailer_item_id":"C-GAS015","product_condition":"new"},"_links":{"self":[{"href":"https:\/\/www.vetorino.com\/veterinaire\/confolens-16500\/boutique\/wp-json\/wp\/v2\/product\/1112483","targetHints":{"allow":["GET"]}}],"collection":[{"href":"https:\/\/www.vetorino.com\/veterinaire\/confolens-16500\/boutique\/wp-json\/wp\/v2\/product"}],"about":[{"href":"https:\/\/www.vetorino.com\/veterinaire\/confolens-16500\/boutique\/wp-json\/wp\/v2\/types\/product"}],"wp:featuredmedia":[{"embeddable":true,"href":"https:\/\/www.vetorino.com\/veterinaire\/confolens-16500\/boutique\/wp-json\/wp\/v2\/media\/1112739"}],"wp:attachment":[{"href":"https:\/\/www.vetorino.com\/veterinaire\/confolens-16500\/boutique\/wp-json\/wp\/v2\/media?parent=1112483"}],"wp:term":[{"taxonomy":"product_cat","embeddable":true,"href":"https:\/\/www.vetorino.com\/veterinaire\/confolens-16500\/boutique\/wp-json\/wp\/v2\/product_cat?post=1112483"},{"taxonomy":"product_tag","embeddable":true,"href":"https:\/\/www.vetorino.com\/veterinaire\/confolens-16500\/boutique\/wp-json\/wp\/v2\/product_tag?post=1112483"}],"curies":[{"name":"wp","href":"https:\/\/api.w.org\/{rel}","templated":true}]}}