{"id":129855,"date":"2020-11-25T19:51:15","date_gmt":"2020-11-25T18:51:15","guid":{"rendered":"https:\/\/www.vetorino.com\/boutique\/product\/kong-cat-crackles-tweetz\/"},"modified":"2022-01-19T08:45:29","modified_gmt":"2022-01-19T07:45:29","slug":"kong-cat-crackles-tweetz","status":"publish","type":"product","link":"https:\/\/www.vetorino.com\/veterinaire\/confolens-16500\/boutique\/product\/kong-cat-crackles-tweetz\/","title":{"rendered":"Kong Cat Crackles Tweetz"},"content":{"rendered":"<p>Les chats ne r\u00e9sisteront pas \u00e0 l\u2019appel du KONG CracklesTweetz avec ses bruits de froissement et ses ailes \u00e9clatantes qui \u00e9veillent les besoins naturels de bondir.<br \/>\nBien qu\u2019il ne puisse s\u2019envoler, cet oiseau solide suscitera un tourbillon d\u2019amusement de coup de pattes et de capture.<br \/>\nParticuli\u00e8rement doux \u00e0 blottir entre les pattes, avec de l\u2019herbe-\u00e0-chat KONG nord-am\u00e9ricaine de premi\u00e8re qualit\u00e9 pour que les chats continuent \u00e0 jouer joyeusement.<\/p>\n<ul>\n<li>Les bruits de craquements stimulent les instincts pour les coups de pattes.<\/li>\n<li>Corps rembourr\u00e9 pour s\u2019amuser \u00e0 bondir dessus.<\/li>\n<li>Corps doux et moelleux, id\u00e9al pour les c\u00e2lins.<\/li>\n<li>Contient de l&#8217;herbe-\u00e0-chat KONG nord-am\u00e9ricaine de premi\u00e8re qualit\u00e9 pour un int\u00e9r\u00eat continuel.<\/li>\n<li>Jouet id\u00e9al pour les longues s\u00e9ances de jeu d\u2019int\u00e9rieur.<\/li>\n<\/ul>\n","protected":false},"excerpt":{"rendered":"<p>Les <strong>chats<\/strong> ne r\u00e9sisteront pas \u00e0 l\u2019appel du <strong>KONG CracklesTweetz<\/strong> avec ses bruits de froissement et ses ailes \u00e9clatantes qui \u00e9veillent les besoins naturels de bondir.<br \/>\nBien qu\u2019il ne puisse s\u2019envoler, cet oiseau solide suscitera un tourbillon d\u2019amusement de coup de pattes et de capture.<\/p>\n","protected":false},"featured_media":157207,"template":"","meta":[],"product_cat":[12548,2697,12620],"product_tag":[],"class_list":{"0":"post-129855","1":"product","2":"type-product","3":"status-publish","4":"has-post-thumbnail","6":"product_cat-accessoire-du-chat","7":"product_cat-chat","8":"product_cat-jeux-educatifs-pour-chat","9":"pa_marque-kong","11":"first","12":"outofstock","13":"taxable","14":"shipping-taxable","15":"purchasable","16":"product-type-simple"},"yoast_head":"<!-- This site is optimized with the Yoast SEO plugin v27.3 - https:\/\/yoast.com\/product\/yoast-seo-wordpress\/ -->\n<title>Kong Cat Crackles Tweetz Kong - V\u00e9torino<\/title>\n<meta name=\"description\" content=\"Les chats ne r\u00e9sisteront pas \u00e0 l\u2019appel du KONG CracklesTweetz avec ses bruits de froissement et ses ailes \u00e9clatantes qui \u00e9veillent les besoins naturels de bondir. Bien qu\u2019il ne puisse s\u2019envoler, cet oiseau solide suscitera un tourbillon d\u2019amusement de coup de pattes et de capture.\" \/>\n<meta name=\"robots\" content=\"noindex, nofollow\" \/>\n<meta property=\"og:locale\" content=\"fr_FR\" \/>\n<meta property=\"og:type\" content=\"article\" \/>\n<meta property=\"og:title\" content=\"Kong Cat Crackles Tweetz Kong - V\u00e9torino\" \/>\n<meta property=\"og:description\" content=\"Les chats ne r\u00e9sisteront pas \u00e0 l\u2019appel du KONG CracklesTweetz avec ses bruits de froissement et ses ailes \u00e9clatantes qui \u00e9veillent les besoins naturels de bondir. Bien qu\u2019il ne puisse s\u2019envoler, cet oiseau solide suscitera un tourbillon d\u2019amusement de coup de pattes et de capture.\" \/>\n<meta property=\"og:url\" content=\"https:\/\/www.vetorino.com\/veterinaire\/confolens-16500\/boutique\/product\/kong-cat-crackles-tweetz\/\" \/>\n<meta property=\"og:site_name\" content=\"V\u00e9torino\" \/>\n<meta property=\"article:publisher\" content=\"https:\/\/www.facebook.com\/Vetorino\/\" \/>\n<meta property=\"article:modified_time\" content=\"2022-01-19T07:45:29+00:00\" \/>\n<meta property=\"og:image\" content=\"https:\/\/www.vetorino.com\/boutique\/wp-content\/uploads\/2020\/11\/jouet-kong-crackles-tweetz-bird.jpg\" \/>\n\t<meta property=\"og:image:width\" content=\"500\" \/>\n\t<meta property=\"og:image:height\" content=\"500\" \/>\n\t<meta property=\"og:image:type\" content=\"image\/jpeg\" \/>\n<meta name=\"twitter:card\" content=\"summary_large_image\" \/>\n<meta name=\"twitter:label1\" content=\"Prix\" \/>\n\t<meta name=\"twitter:data1\" content=\"4,83&euro;\" \/>\n\t<meta name=\"twitter:label2\" content=\"Disponibilit\u00e9\" \/>\n\t<meta name=\"twitter:data2\" content=\"Rupture de stock\" \/>\n<script type=\"application\/ld+json\" class=\"yoast-schema-graph\">{\"@context\":\"https:\\\/\\\/schema.org\",\"@graph\":[{\"@type\":\"WebPage\",\"@id\":\"https:\\\/\\\/www.vetorino.com\\\/boutique\\\/product\\\/kong-cat-crackles-tweetz\\\/\",\"url\":\"https:\\\/\\\/www.vetorino.com\\\/boutique\\\/product\\\/kong-cat-crackles-tweetz\\\/\",\"name\":\"Kong Cat Crackles Tweetz Kong - V\u00e9torino\",\"isPartOf\":{\"@id\":\"https:\\\/\\\/www.vetorino.com\\\/boutique\\\/#website\"},\"primaryImageOfPage\":{\"@id\":\"https:\\\/\\\/www.vetorino.com\\\/boutique\\\/product\\\/kong-cat-crackles-tweetz\\\/#primaryimage\"},\"image\":{\"@id\":\"https:\\\/\\\/www.vetorino.com\\\/boutique\\\/product\\\/kong-cat-crackles-tweetz\\\/#primaryimage\"},\"thumbnailUrl\":\"https:\\\/\\\/www.vetorino.com\\\/boutique\\\/wp-content\\\/uploads\\\/2020\\\/11\\\/jouet-kong-crackles-tweetz-bird.jpg\",\"datePublished\":\"2020-11-25T18:51:15+00:00\",\"dateModified\":\"2022-01-19T07:45:29+00:00\",\"description\":\"Les chats ne r\u00e9sisteront pas \u00e0 l\u2019appel du KONG CracklesTweetz avec ses bruits de froissement et ses ailes \u00e9clatantes qui \u00e9veillent les besoins naturels de bondir. Bien qu\u2019il ne puisse s\u2019envoler, cet oiseau solide suscitera un tourbillon d\u2019amusement de coup de pattes et de capture.\",\"breadcrumb\":{\"@id\":\"https:\\\/\\\/www.vetorino.com\\\/boutique\\\/product\\\/kong-cat-crackles-tweetz\\\/#breadcrumb\"},\"inLanguage\":\"fr-FR\",\"potentialAction\":[{\"@type\":\"ReadAction\",\"target\":[\"https:\\\/\\\/www.vetorino.com\\\/boutique\\\/product\\\/kong-cat-crackles-tweetz\\\/\"]}]},{\"@type\":\"ImageObject\",\"inLanguage\":\"fr-FR\",\"@id\":\"https:\\\/\\\/www.vetorino.com\\\/boutique\\\/product\\\/kong-cat-crackles-tweetz\\\/#primaryimage\",\"url\":\"https:\\\/\\\/www.vetorino.com\\\/boutique\\\/wp-content\\\/uploads\\\/2020\\\/11\\\/jouet-kong-crackles-tweetz-bird.jpg\",\"contentUrl\":\"https:\\\/\\\/www.vetorino.com\\\/boutique\\\/wp-content\\\/uploads\\\/2020\\\/11\\\/jouet-kong-crackles-tweetz-bird.jpg\",\"width\":500,\"height\":500},{\"@type\":\"BreadcrumbList\",\"@id\":\"https:\\\/\\\/www.vetorino.com\\\/boutique\\\/product\\\/kong-cat-crackles-tweetz\\\/#breadcrumb\",\"itemListElement\":[{\"@type\":\"ListItem\",\"position\":1,\"name\":\"Accueil\",\"item\":\"https:\\\/\\\/www.vetorino.com\\\/boutique\\\/\"},{\"@type\":\"ListItem\",\"position\":2,\"name\":\"Produits\",\"item\":\"https:\\\/\\\/www.vetorino.com\\\/boutique\\\/\"},{\"@type\":\"ListItem\",\"position\":3,\"name\":\"Kong Cat Crackles Tweetz\"}]},{\"@type\":\"WebSite\",\"@id\":\"https:\\\/\\\/www.vetorino.com\\\/boutique\\\/#website\",\"url\":\"https:\\\/\\\/www.vetorino.com\\\/boutique\\\/\",\"name\":\"V\u00e9torino\",\"description\":\"\",\"publisher\":{\"@id\":\"https:\\\/\\\/www.vetorino.com\\\/boutique\\\/#organization\"},\"potentialAction\":[{\"@type\":\"SearchAction\",\"target\":{\"@type\":\"EntryPoint\",\"urlTemplate\":\"https:\\\/\\\/www.vetorino.com\\\/boutique\\\/?s={search_term_string}\"},\"query-input\":{\"@type\":\"PropertyValueSpecification\",\"valueRequired\":true,\"valueName\":\"search_term_string\"}}],\"inLanguage\":\"fr-FR\"},{\"@type\":\"Organization\",\"@id\":\"https:\\\/\\\/www.vetorino.com\\\/boutique\\\/#organization\",\"name\":\"V\u00e9torino\",\"url\":\"https:\\\/\\\/www.vetorino.com\\\/boutique\\\/\",\"logo\":{\"@type\":\"ImageObject\",\"inLanguage\":\"fr-FR\",\"@id\":\"https:\\\/\\\/www.vetorino.com\\\/boutique\\\/#\\\/schema\\\/logo\\\/image\\\/\",\"url\":\"https:\\\/\\\/www.vetorino.com\\\/boutique\\\/wp-content\\\/uploads\\\/2024\\\/10\\\/logo.jpg\",\"contentUrl\":\"https:\\\/\\\/www.vetorino.com\\\/boutique\\\/wp-content\\\/uploads\\\/2024\\\/10\\\/logo.jpg\",\"width\":1200,\"height\":610,\"caption\":\"V\u00e9torino\"},\"image\":{\"@id\":\"https:\\\/\\\/www.vetorino.com\\\/boutique\\\/#\\\/schema\\\/logo\\\/image\\\/\"},\"sameAs\":[\"https:\\\/\\\/www.facebook.com\\\/Vetorino\\\/\",\"https:\\\/\\\/www.instagram.com\\\/vetorino_off\\\/\",\"https:\\\/\\\/www.linkedin.com\\\/company\\\/vtorino\\\/\"]}]}<\/script>\n<meta property=\"product:brand\" content=\"Kong\" \/>\n<meta property=\"product:price:amount\" content=\"4.83\" \/>\n<meta property=\"product:price:currency\" content=\"EUR\" \/>\n<meta property=\"og:availability\" content=\"out of stock\" \/>\n<meta property=\"product:availability\" content=\"out of stock\" \/>\n<meta property=\"product:retailer_item_id\" content=\"C-KON622\" \/>\n<meta property=\"product:condition\" content=\"new\" \/>\n<!-- \/ Yoast SEO plugin. -->","yoast_head_json":{"title":"Kong Cat Crackles Tweetz Kong - V\u00e9torino","description":"Les chats ne r\u00e9sisteront pas \u00e0 l\u2019appel du KONG CracklesTweetz avec ses bruits de froissement et ses ailes \u00e9clatantes qui \u00e9veillent les besoins naturels de bondir. Bien qu\u2019il ne puisse s\u2019envoler, cet oiseau solide suscitera un tourbillon d\u2019amusement de coup de pattes et de capture.","robots":{"index":"noindex","follow":"nofollow"},"og_locale":"fr_FR","og_type":"article","og_title":"Kong Cat Crackles Tweetz Kong - V\u00e9torino","og_description":"Les chats ne r\u00e9sisteront pas \u00e0 l\u2019appel du KONG CracklesTweetz avec ses bruits de froissement et ses ailes \u00e9clatantes qui \u00e9veillent les besoins naturels de bondir. Bien qu\u2019il ne puisse s\u2019envoler, cet oiseau solide suscitera un tourbillon d\u2019amusement de coup de pattes et de capture.","og_url":"https:\/\/www.vetorino.com\/veterinaire\/confolens-16500\/boutique\/product\/kong-cat-crackles-tweetz\/","og_site_name":"V\u00e9torino","article_publisher":"https:\/\/www.facebook.com\/Vetorino\/","article_modified_time":"2022-01-19T07:45:29+00:00","og_image":[{"width":500,"height":500,"url":"https:\/\/www.vetorino.com\/boutique\/wp-content\/uploads\/2020\/11\/jouet-kong-crackles-tweetz-bird.jpg","type":"image\/jpeg"}],"twitter_card":"summary_large_image","twitter_misc":{"Prix":"4,83&euro;","Disponibilit\u00e9":"Rupture de stock"},"schema":{"@context":"https:\/\/schema.org","@graph":[{"@type":"WebPage","@id":"https:\/\/www.vetorino.com\/boutique\/product\/kong-cat-crackles-tweetz\/","url":"https:\/\/www.vetorino.com\/boutique\/product\/kong-cat-crackles-tweetz\/","name":"Kong Cat Crackles Tweetz Kong - V\u00e9torino","isPartOf":{"@id":"https:\/\/www.vetorino.com\/boutique\/#website"},"primaryImageOfPage":{"@id":"https:\/\/www.vetorino.com\/boutique\/product\/kong-cat-crackles-tweetz\/#primaryimage"},"image":{"@id":"https:\/\/www.vetorino.com\/boutique\/product\/kong-cat-crackles-tweetz\/#primaryimage"},"thumbnailUrl":"https:\/\/www.vetorino.com\/boutique\/wp-content\/uploads\/2020\/11\/jouet-kong-crackles-tweetz-bird.jpg","datePublished":"2020-11-25T18:51:15+00:00","dateModified":"2022-01-19T07:45:29+00:00","description":"Les chats ne r\u00e9sisteront pas \u00e0 l\u2019appel du KONG CracklesTweetz avec ses bruits de froissement et ses ailes \u00e9clatantes qui \u00e9veillent les besoins naturels de bondir. Bien qu\u2019il ne puisse s\u2019envoler, cet oiseau solide suscitera un tourbillon d\u2019amusement de coup de pattes et de capture.","breadcrumb":{"@id":"https:\/\/www.vetorino.com\/boutique\/product\/kong-cat-crackles-tweetz\/#breadcrumb"},"inLanguage":"fr-FR","potentialAction":[{"@type":"ReadAction","target":["https:\/\/www.vetorino.com\/boutique\/product\/kong-cat-crackles-tweetz\/"]}]},{"@type":"ImageObject","inLanguage":"fr-FR","@id":"https:\/\/www.vetorino.com\/boutique\/product\/kong-cat-crackles-tweetz\/#primaryimage","url":"https:\/\/www.vetorino.com\/boutique\/wp-content\/uploads\/2020\/11\/jouet-kong-crackles-tweetz-bird.jpg","contentUrl":"https:\/\/www.vetorino.com\/boutique\/wp-content\/uploads\/2020\/11\/jouet-kong-crackles-tweetz-bird.jpg","width":500,"height":500},{"@type":"BreadcrumbList","@id":"https:\/\/www.vetorino.com\/boutique\/product\/kong-cat-crackles-tweetz\/#breadcrumb","itemListElement":[{"@type":"ListItem","position":1,"name":"Accueil","item":"https:\/\/www.vetorino.com\/boutique\/"},{"@type":"ListItem","position":2,"name":"Produits","item":"https:\/\/www.vetorino.com\/boutique\/"},{"@type":"ListItem","position":3,"name":"Kong Cat Crackles Tweetz"}]},{"@type":"WebSite","@id":"https:\/\/www.vetorino.com\/boutique\/#website","url":"https:\/\/www.vetorino.com\/boutique\/","name":"V\u00e9torino","description":"","publisher":{"@id":"https:\/\/www.vetorino.com\/boutique\/#organization"},"potentialAction":[{"@type":"SearchAction","target":{"@type":"EntryPoint","urlTemplate":"https:\/\/www.vetorino.com\/boutique\/?s={search_term_string}"},"query-input":{"@type":"PropertyValueSpecification","valueRequired":true,"valueName":"search_term_string"}}],"inLanguage":"fr-FR"},{"@type":"Organization","@id":"https:\/\/www.vetorino.com\/boutique\/#organization","name":"V\u00e9torino","url":"https:\/\/www.vetorino.com\/boutique\/","logo":{"@type":"ImageObject","inLanguage":"fr-FR","@id":"https:\/\/www.vetorino.com\/boutique\/#\/schema\/logo\/image\/","url":"https:\/\/www.vetorino.com\/boutique\/wp-content\/uploads\/2024\/10\/logo.jpg","contentUrl":"https:\/\/www.vetorino.com\/boutique\/wp-content\/uploads\/2024\/10\/logo.jpg","width":1200,"height":610,"caption":"V\u00e9torino"},"image":{"@id":"https:\/\/www.vetorino.com\/boutique\/#\/schema\/logo\/image\/"},"sameAs":["https:\/\/www.facebook.com\/Vetorino\/","https:\/\/www.instagram.com\/vetorino_off\/","https:\/\/www.linkedin.com\/company\/vtorino\/"]}]},"product_brand":"Kong","product_price_amount":"4.83","product_price_currency":"EUR","og_availability":"out of stock","product_availability":"out of stock","product_retailer_item_id":"C-KON622","product_condition":"new"},"_links":{"self":[{"href":"https:\/\/www.vetorino.com\/veterinaire\/confolens-16500\/boutique\/wp-json\/wp\/v2\/product\/129855","targetHints":{"allow":["GET"]}}],"collection":[{"href":"https:\/\/www.vetorino.com\/veterinaire\/confolens-16500\/boutique\/wp-json\/wp\/v2\/product"}],"about":[{"href":"https:\/\/www.vetorino.com\/veterinaire\/confolens-16500\/boutique\/wp-json\/wp\/v2\/types\/product"}],"wp:featuredmedia":[{"embeddable":true,"href":"https:\/\/www.vetorino.com\/veterinaire\/confolens-16500\/boutique\/wp-json\/wp\/v2\/media\/157207"}],"wp:attachment":[{"href":"https:\/\/www.vetorino.com\/veterinaire\/confolens-16500\/boutique\/wp-json\/wp\/v2\/media?parent=129855"}],"wp:term":[{"taxonomy":"product_cat","embeddable":true,"href":"https:\/\/www.vetorino.com\/veterinaire\/confolens-16500\/boutique\/wp-json\/wp\/v2\/product_cat?post=129855"},{"taxonomy":"product_tag","embeddable":true,"href":"https:\/\/www.vetorino.com\/veterinaire\/confolens-16500\/boutique\/wp-json\/wp\/v2\/product_tag?post=129855"}],"curies":[{"name":"wp","href":"https:\/\/api.w.org\/{rel}","templated":true}]}}