{"id":129877,"date":"2020-11-25T19:51:45","date_gmt":"2020-11-25T18:51:45","guid":{"rendered":"https:\/\/www.vetorino.com\/boutique\/product\/laisse-zolux-imao-taiga\/"},"modified":"2026-04-01T09:41:23","modified_gmt":"2026-04-01T07:41:23","slug":"laisse-zolux-imao-taiga","status":"publish","type":"product","link":"https:\/\/www.vetorino.com\/veterinaire\/confolens-16500\/boutique\/product\/laisse-zolux-imao-taiga\/","title":{"rendered":"Laisse Zolux Imao Taiga"},"content":{"rendered":"<p>Vous cherchez une belle\u00a0laisse pour que votre chien\u00a0puisse profiter de l\u2019air frais ? La laisse IMAO Taiga de la marque Zolux est\u00a0id\u00e9ale pour promener votre chien\u00a0en toute qui\u00e9tude.<\/p>\n<p>Les chiens\u00a0doivent \u00eatre tenus en laisse lors des balades en ext\u00e9rieur. Cet accessoire indispensable emp\u00eachera votre compagnon \u00e0 quatre pattes de se sauver lors des promenades ou encore de faire peur aux autres animaux qui se trouvent sur son passage.<\/p>\n<p>Cette laisse sign\u00e9e\u00a0Zolux\u00a0est fabriqu\u00e9e avec du polyester et du coton.\u00a0Elle procure un confort maximal au chien\u00a0et \u00e0 son ma\u00eetre. Tr\u00e8s \u00e9l\u00e9gante, elle arbore un mousqueton \u00e0 aspect cuivr\u00e9 et un empi\u00e8cement en cuir sur lequel est inscrit \u00ab Imao \u00bb. Elle est propos\u00e9e dans une couleur chocolat tr\u00e8s neutre, qui se mariera parfaitement avec tous les types de fourrures. Vous pouvez facilement\u00a0associer cette laisse \u00e0 un beau collier de la marque Zolux\u00a0si un nouveau membre \u00e0 quatre pattes int\u00e8gre votre famille.<\/p>\n<p>LES + PRODUIT :<\/p>\n<ul>\n<li>Laisse en polyester et coton pour plus de confort<\/li>\n<li>S\u00e9curise les promenades en pr\u00e9venant les fugues<\/li>\n<li>Couleur neutre et tr\u00e8s \u00e9l\u00e9gante<\/li>\n<li>Offre un contr\u00f4le optimal sur le chien<\/li>\n<li>Permet de garder l\u2019animal \u00e0 proximit\u00e9 du ma\u00eetre<\/li>\n<li>Offre une prise en main id\u00e9ale<\/li>\n<li>Pas encombrant<\/li>\n<\/ul>\n","protected":false},"excerpt":{"rendered":"<p>Pour assortir au\u00a0collier r\u00e9glable Imao Taiga, en polyester et coton.<\/p>\n<ul>\n<li>Les boucles sont quant \u00e0 elle en m\u00e9tal cuivr\u00e9 et plastique, et l&#8217;inscription de la marque ZOLUX se trouve sur le passant de la boucle en m\u00e9tal.<\/li>\n<\/ul>\n<p>Disponible en 2 coloris : bleu et chocolat et en\u00a02 largeurs de sangle.<\/p>\n","protected":false},"featured_media":625335,"template":"","meta":[],"product_cat":[12550,2698,2777],"product_tag":[],"class_list":{"0":"post-129877","1":"product","2":"type-product","3":"status-publish","4":"has-post-thumbnail","6":"product_cat-accessoires-du-chien","7":"product_cat-chien","8":"product_cat-colliers-laisses-et-harnais-pour-chien","9":"pa_marque-zolux","11":"first","12":"instock","13":"taxable","14":"shipping-taxable","15":"purchasable","16":"product-type-variable"},"yoast_head":"<!-- This site is optimized with the Yoast SEO plugin v27.3 - https:\/\/yoast.com\/product\/yoast-seo-wordpress\/ -->\n<title>Laisse Zolux Imao Taiga Zolux - V\u00e9torino<\/title>\n<meta name=\"description\" content=\"Pour assortir au\u00a0collier r\u00e9glable Imao Taiga, en polyester et coton.   Les boucles sont quant \u00e0 elle en m\u00e9tal cuivr\u00e9 et plastique, et l&#039;inscription de la marque ZOLUX se trouve sur le passant de la boucle en m\u00e9tal.  Disponible en 2 coloris : bleu et chocolat et en\u00a02 largeurs de sangle.\" \/>\n<meta name=\"robots\" content=\"noindex, nofollow\" \/>\n<meta property=\"og:locale\" content=\"fr_FR\" \/>\n<meta property=\"og:type\" content=\"article\" \/>\n<meta property=\"og:title\" content=\"Laisse Zolux Imao Taiga Zolux - V\u00e9torino\" \/>\n<meta property=\"og:description\" content=\"Pour assortir au\u00a0collier r\u00e9glable Imao Taiga, en polyester et coton.   Les boucles sont quant \u00e0 elle en m\u00e9tal cuivr\u00e9 et plastique, et l&#039;inscription de la marque ZOLUX se trouve sur le passant de la boucle en m\u00e9tal.  Disponible en 2 coloris : bleu et chocolat et en\u00a02 largeurs de sangle.\" \/>\n<meta property=\"og:url\" content=\"https:\/\/www.vetorino.com\/veterinaire\/confolens-16500\/boutique\/product\/laisse-zolux-imao-taiga\/\" \/>\n<meta property=\"og:site_name\" content=\"V\u00e9torino\" \/>\n<meta property=\"article:publisher\" content=\"https:\/\/www.facebook.com\/Vetorino\/\" \/>\n<meta property=\"article:modified_time\" content=\"2026-04-01T07:41:23+00:00\" \/>\n<meta property=\"og:image\" content=\"https:\/\/www.vetorino.com\/boutique\/wp-content\/uploads\/2020\/11\/647605.jpg\" \/>\n\t<meta property=\"og:image:width\" content=\"1980\" \/>\n\t<meta property=\"og:image:height\" content=\"1980\" \/>\n\t<meta property=\"og:image:type\" content=\"image\/jpeg\" \/>\n<meta name=\"twitter:card\" content=\"summary_large_image\" \/>\n<meta name=\"twitter:label1\" content=\"Disponibilit\u00e9\" \/>\n\t<meta name=\"twitter:data1\" content=\"En stock\" \/>\n<script type=\"application\/ld+json\" class=\"yoast-schema-graph\">{\"@context\":\"https:\\\/\\\/schema.org\",\"@graph\":[{\"@type\":\"WebPage\",\"@id\":\"https:\\\/\\\/www.vetorino.com\\\/veterinaire\\\/nivillac-56130\\\/boutique\\\/product\\\/laisse-zolux-imao-taiga\\\/\",\"url\":\"https:\\\/\\\/www.vetorino.com\\\/veterinaire\\\/nivillac-56130\\\/boutique\\\/product\\\/laisse-zolux-imao-taiga\\\/\",\"name\":\"Laisse Zolux Imao Taiga Zolux - V\u00e9torino\",\"isPartOf\":{\"@id\":\"https:\\\/\\\/www.vetorino.com\\\/boutique\\\/#website\"},\"primaryImageOfPage\":{\"@id\":\"https:\\\/\\\/www.vetorino.com\\\/veterinaire\\\/nivillac-56130\\\/boutique\\\/product\\\/laisse-zolux-imao-taiga\\\/#primaryimage\"},\"image\":{\"@id\":\"https:\\\/\\\/www.vetorino.com\\\/veterinaire\\\/nivillac-56130\\\/boutique\\\/product\\\/laisse-zolux-imao-taiga\\\/#primaryimage\"},\"thumbnailUrl\":\"https:\\\/\\\/www.vetorino.com\\\/boutique\\\/wp-content\\\/uploads\\\/2020\\\/11\\\/647605.jpg\",\"datePublished\":\"2020-11-25T18:51:45+00:00\",\"dateModified\":\"2026-04-01T07:41:23+00:00\",\"description\":\"Pour assortir au\u00a0collier r\u00e9glable Imao Taiga, en polyester et coton. Les boucles sont quant \u00e0 elle en m\u00e9tal cuivr\u00e9 et plastique, et l'inscription de la marque ZOLUX se trouve sur le passant de la boucle en m\u00e9tal. Disponible en 2 coloris : bleu et chocolat et en\u00a02 largeurs de sangle.\",\"breadcrumb\":{\"@id\":\"https:\\\/\\\/www.vetorino.com\\\/veterinaire\\\/nivillac-56130\\\/boutique\\\/product\\\/laisse-zolux-imao-taiga\\\/#breadcrumb\"},\"inLanguage\":\"fr-FR\",\"potentialAction\":[{\"@type\":\"ReadAction\",\"target\":[\"https:\\\/\\\/www.vetorino.com\\\/veterinaire\\\/nivillac-56130\\\/boutique\\\/product\\\/laisse-zolux-imao-taiga\\\/\"]}]},{\"@type\":\"ImageObject\",\"inLanguage\":\"fr-FR\",\"@id\":\"https:\\\/\\\/www.vetorino.com\\\/veterinaire\\\/nivillac-56130\\\/boutique\\\/product\\\/laisse-zolux-imao-taiga\\\/#primaryimage\",\"url\":\"https:\\\/\\\/www.vetorino.com\\\/boutique\\\/wp-content\\\/uploads\\\/2020\\\/11\\\/647605.jpg\",\"contentUrl\":\"https:\\\/\\\/www.vetorino.com\\\/boutique\\\/wp-content\\\/uploads\\\/2020\\\/11\\\/647605.jpg\",\"width\":1980,\"height\":1980},{\"@type\":\"BreadcrumbList\",\"@id\":\"https:\\\/\\\/www.vetorino.com\\\/veterinaire\\\/nivillac-56130\\\/boutique\\\/product\\\/laisse-zolux-imao-taiga\\\/#breadcrumb\",\"itemListElement\":[{\"@type\":\"ListItem\",\"position\":1,\"name\":\"Accueil\",\"item\":\"https:\\\/\\\/www.vetorino.com\\\/boutique\\\/\"},{\"@type\":\"ListItem\",\"position\":2,\"name\":\"Produits\",\"item\":\"https:\\\/\\\/www.vetorino.com\\\/boutique\\\/\"},{\"@type\":\"ListItem\",\"position\":3,\"name\":\"Laisse Zolux Imao Taiga\"}]},{\"@type\":\"WebSite\",\"@id\":\"https:\\\/\\\/www.vetorino.com\\\/boutique\\\/#website\",\"url\":\"https:\\\/\\\/www.vetorino.com\\\/boutique\\\/\",\"name\":\"V\u00e9torino\",\"description\":\"\",\"publisher\":{\"@id\":\"https:\\\/\\\/www.vetorino.com\\\/boutique\\\/#organization\"},\"potentialAction\":[{\"@type\":\"SearchAction\",\"target\":{\"@type\":\"EntryPoint\",\"urlTemplate\":\"https:\\\/\\\/www.vetorino.com\\\/boutique\\\/?s={search_term_string}\"},\"query-input\":{\"@type\":\"PropertyValueSpecification\",\"valueRequired\":true,\"valueName\":\"search_term_string\"}}],\"inLanguage\":\"fr-FR\"},{\"@type\":\"Organization\",\"@id\":\"https:\\\/\\\/www.vetorino.com\\\/boutique\\\/#organization\",\"name\":\"V\u00e9torino\",\"url\":\"https:\\\/\\\/www.vetorino.com\\\/boutique\\\/\",\"logo\":{\"@type\":\"ImageObject\",\"inLanguage\":\"fr-FR\",\"@id\":\"https:\\\/\\\/www.vetorino.com\\\/boutique\\\/#\\\/schema\\\/logo\\\/image\\\/\",\"url\":\"https:\\\/\\\/www.vetorino.com\\\/boutique\\\/wp-content\\\/uploads\\\/2024\\\/10\\\/logo.jpg\",\"contentUrl\":\"https:\\\/\\\/www.vetorino.com\\\/boutique\\\/wp-content\\\/uploads\\\/2024\\\/10\\\/logo.jpg\",\"width\":1200,\"height\":610,\"caption\":\"V\u00e9torino\"},\"image\":{\"@id\":\"https:\\\/\\\/www.vetorino.com\\\/boutique\\\/#\\\/schema\\\/logo\\\/image\\\/\"},\"sameAs\":[\"https:\\\/\\\/www.facebook.com\\\/Vetorino\\\/\",\"https:\\\/\\\/www.instagram.com\\\/vetorino_off\\\/\",\"https:\\\/\\\/www.linkedin.com\\\/company\\\/vtorino\\\/\"]}]}<\/script>\n<meta property=\"product:brand\" content=\"Zolux\" \/>\n<meta property=\"og:availability\" content=\"instock\" \/>\n<meta property=\"product:availability\" content=\"instock\" \/>\n<meta property=\"product:condition\" content=\"new\" \/>\n<!-- \/ Yoast SEO plugin. -->","yoast_head_json":{"title":"Laisse Zolux Imao Taiga Zolux - V\u00e9torino","description":"Pour assortir au\u00a0collier r\u00e9glable Imao Taiga, en polyester et coton.   Les boucles sont quant \u00e0 elle en m\u00e9tal cuivr\u00e9 et plastique, et l'inscription de la marque ZOLUX se trouve sur le passant de la boucle en m\u00e9tal.  Disponible en 2 coloris : bleu et chocolat et en\u00a02 largeurs de sangle.","robots":{"index":"noindex","follow":"nofollow"},"og_locale":"fr_FR","og_type":"article","og_title":"Laisse Zolux Imao Taiga Zolux - V\u00e9torino","og_description":"Pour assortir au\u00a0collier r\u00e9glable Imao Taiga, en polyester et coton.   Les boucles sont quant \u00e0 elle en m\u00e9tal cuivr\u00e9 et plastique, et l'inscription de la marque ZOLUX se trouve sur le passant de la boucle en m\u00e9tal.  Disponible en 2 coloris : bleu et chocolat et en\u00a02 largeurs de sangle.","og_url":"https:\/\/www.vetorino.com\/veterinaire\/confolens-16500\/boutique\/product\/laisse-zolux-imao-taiga\/","og_site_name":"V\u00e9torino","article_publisher":"https:\/\/www.facebook.com\/Vetorino\/","article_modified_time":"2026-04-01T07:41:23+00:00","og_image":[{"width":1980,"height":1980,"url":"https:\/\/www.vetorino.com\/boutique\/wp-content\/uploads\/2020\/11\/647605.jpg","type":"image\/jpeg"}],"twitter_card":"summary_large_image","twitter_misc":{"Disponibilit\u00e9":"En stock"},"schema":{"@context":"https:\/\/schema.org","@graph":[{"@type":"WebPage","@id":"https:\/\/www.vetorino.com\/veterinaire\/nivillac-56130\/boutique\/product\/laisse-zolux-imao-taiga\/","url":"https:\/\/www.vetorino.com\/veterinaire\/nivillac-56130\/boutique\/product\/laisse-zolux-imao-taiga\/","name":"Laisse Zolux Imao Taiga Zolux - V\u00e9torino","isPartOf":{"@id":"https:\/\/www.vetorino.com\/boutique\/#website"},"primaryImageOfPage":{"@id":"https:\/\/www.vetorino.com\/veterinaire\/nivillac-56130\/boutique\/product\/laisse-zolux-imao-taiga\/#primaryimage"},"image":{"@id":"https:\/\/www.vetorino.com\/veterinaire\/nivillac-56130\/boutique\/product\/laisse-zolux-imao-taiga\/#primaryimage"},"thumbnailUrl":"https:\/\/www.vetorino.com\/boutique\/wp-content\/uploads\/2020\/11\/647605.jpg","datePublished":"2020-11-25T18:51:45+00:00","dateModified":"2026-04-01T07:41:23+00:00","description":"Pour assortir au\u00a0collier r\u00e9glable Imao Taiga, en polyester et coton. Les boucles sont quant \u00e0 elle en m\u00e9tal cuivr\u00e9 et plastique, et l'inscription de la marque ZOLUX se trouve sur le passant de la boucle en m\u00e9tal. Disponible en 2 coloris : bleu et chocolat et en\u00a02 largeurs de sangle.","breadcrumb":{"@id":"https:\/\/www.vetorino.com\/veterinaire\/nivillac-56130\/boutique\/product\/laisse-zolux-imao-taiga\/#breadcrumb"},"inLanguage":"fr-FR","potentialAction":[{"@type":"ReadAction","target":["https:\/\/www.vetorino.com\/veterinaire\/nivillac-56130\/boutique\/product\/laisse-zolux-imao-taiga\/"]}]},{"@type":"ImageObject","inLanguage":"fr-FR","@id":"https:\/\/www.vetorino.com\/veterinaire\/nivillac-56130\/boutique\/product\/laisse-zolux-imao-taiga\/#primaryimage","url":"https:\/\/www.vetorino.com\/boutique\/wp-content\/uploads\/2020\/11\/647605.jpg","contentUrl":"https:\/\/www.vetorino.com\/boutique\/wp-content\/uploads\/2020\/11\/647605.jpg","width":1980,"height":1980},{"@type":"BreadcrumbList","@id":"https:\/\/www.vetorino.com\/veterinaire\/nivillac-56130\/boutique\/product\/laisse-zolux-imao-taiga\/#breadcrumb","itemListElement":[{"@type":"ListItem","position":1,"name":"Accueil","item":"https:\/\/www.vetorino.com\/boutique\/"},{"@type":"ListItem","position":2,"name":"Produits","item":"https:\/\/www.vetorino.com\/boutique\/"},{"@type":"ListItem","position":3,"name":"Laisse Zolux Imao Taiga"}]},{"@type":"WebSite","@id":"https:\/\/www.vetorino.com\/boutique\/#website","url":"https:\/\/www.vetorino.com\/boutique\/","name":"V\u00e9torino","description":"","publisher":{"@id":"https:\/\/www.vetorino.com\/boutique\/#organization"},"potentialAction":[{"@type":"SearchAction","target":{"@type":"EntryPoint","urlTemplate":"https:\/\/www.vetorino.com\/boutique\/?s={search_term_string}"},"query-input":{"@type":"PropertyValueSpecification","valueRequired":true,"valueName":"search_term_string"}}],"inLanguage":"fr-FR"},{"@type":"Organization","@id":"https:\/\/www.vetorino.com\/boutique\/#organization","name":"V\u00e9torino","url":"https:\/\/www.vetorino.com\/boutique\/","logo":{"@type":"ImageObject","inLanguage":"fr-FR","@id":"https:\/\/www.vetorino.com\/boutique\/#\/schema\/logo\/image\/","url":"https:\/\/www.vetorino.com\/boutique\/wp-content\/uploads\/2024\/10\/logo.jpg","contentUrl":"https:\/\/www.vetorino.com\/boutique\/wp-content\/uploads\/2024\/10\/logo.jpg","width":1200,"height":610,"caption":"V\u00e9torino"},"image":{"@id":"https:\/\/www.vetorino.com\/boutique\/#\/schema\/logo\/image\/"},"sameAs":["https:\/\/www.facebook.com\/Vetorino\/","https:\/\/www.instagram.com\/vetorino_off\/","https:\/\/www.linkedin.com\/company\/vtorino\/"]}]},"product_brand":"Zolux","og_availability":"instock","product_availability":"instock","product_condition":"new"},"_links":{"self":[{"href":"https:\/\/www.vetorino.com\/veterinaire\/confolens-16500\/boutique\/wp-json\/wp\/v2\/product\/129877","targetHints":{"allow":["GET"]}}],"collection":[{"href":"https:\/\/www.vetorino.com\/veterinaire\/confolens-16500\/boutique\/wp-json\/wp\/v2\/product"}],"about":[{"href":"https:\/\/www.vetorino.com\/veterinaire\/confolens-16500\/boutique\/wp-json\/wp\/v2\/types\/product"}],"wp:featuredmedia":[{"embeddable":true,"href":"https:\/\/www.vetorino.com\/veterinaire\/confolens-16500\/boutique\/wp-json\/wp\/v2\/media\/625335"}],"wp:attachment":[{"href":"https:\/\/www.vetorino.com\/veterinaire\/confolens-16500\/boutique\/wp-json\/wp\/v2\/media?parent=129877"}],"wp:term":[{"taxonomy":"product_cat","embeddable":true,"href":"https:\/\/www.vetorino.com\/veterinaire\/confolens-16500\/boutique\/wp-json\/wp\/v2\/product_cat?post=129877"},{"taxonomy":"product_tag","embeddable":true,"href":"https:\/\/www.vetorino.com\/veterinaire\/confolens-16500\/boutique\/wp-json\/wp\/v2\/product_tag?post=129877"}],"curies":[{"name":"wp","href":"https:\/\/api.w.org\/{rel}","templated":true}]}}