{"id":130027,"date":"2020-11-25T19:58:24","date_gmt":"2020-11-25T18:58:24","guid":{"rendered":"https:\/\/www.vetorino.com\/boutique\/product\/lampe-de-securite-usb-hunter\/"},"modified":"2024-07-16T15:12:24","modified_gmt":"2024-07-16T13:12:24","slug":"lampe-de-securite-usb-hunter","status":"publish","type":"product","link":"https:\/\/www.vetorino.com\/veterinaire\/confolens-16500\/boutique\/product\/lampe-de-securite-usb-hunter\/","title":{"rendered":"Lampe de s\u00e9curit\u00e9 USB Hunter"},"content":{"rendered":"<p>Gr\u00e2ce \u00e0 la boucle en silicone attach\u00e9e,\u00a0cette lampe\u00a0peut \u00eatre attach\u00e9 \u00e0 un collier, un harnais ou une laisse en un rien de temps.<br \/>\nAvec la lumi\u00e8re continue, le clignotement rapide et lent, il peut s&#8217;adapter \u00e0 toutes les situations et peut \u00eatre recharg\u00e9 apr\u00e8s utilisation avec le c\u00e2ble USB fourni.<\/p>\n<ul>\n<li>LED tr\u00e8s lumineuses.<\/li>\n<li>Trois modes de clignotement : lumi\u00e8re continue, clignotement rapide, clignotement lent.<\/li>\n<li>Petite taille, faible poids.<\/li>\n<li>Peut \u00eatre facilement attach\u00e9 \u00e0 un collier, un harnais ou une laisse avec la boucle en silicone<\/li>\n<li>Batterie rechargeable.<\/li>\n<li>C\u00e2ble USB (inclus).<\/li>\n<\/ul>\n","protected":false},"excerpt":{"rendered":"<p>Gr\u00e2ce \u00e0 la boucle en silicone attach\u00e9e,\u00a0cette lampe\u00a0peut \u00eatre attach\u00e9 \u00e0 un collier, un harnais ou une laisse en un rien de temps. Avec la lumi\u00e8re continue, le clignotement rapide et lent, il peut s&#8217;adapter \u00e0 toutes les situations et peut \u00eatre recharg\u00e9 apr\u00e8s utilisation avec le c\u00e2ble USB fourni. LED tr\u00e8s lumineuses. Trois modes [&hellip;]<\/p>\n","protected":false},"featured_media":130026,"template":"","meta":[],"product_cat":[2698,2777],"product_tag":[],"class_list":{"0":"post-130027","1":"product","2":"type-product","3":"status-publish","4":"has-post-thumbnail","6":"product_cat-chien","7":"product_cat-colliers-laisses-et-harnais-pour-chien","8":"pa_marque-hunter","10":"first","11":"outofstock","12":"taxable","13":"shipping-taxable","14":"purchasable","15":"product-type-simple"},"yoast_head":"<!-- This site is optimized with the Yoast SEO plugin v27.3 - https:\/\/yoast.com\/product\/yoast-seo-wordpress\/ -->\n<title>Lampe de s\u00e9curit\u00e9 USB Hunter Hunter - V\u00e9torino<\/title>\n<meta name=\"description\" content=\"Gr\u00e2ce \u00e0 la boucle en silicone attach\u00e9e,\u00a0cette lampe\u00a0peut \u00eatre attach\u00e9 \u00e0 un collier, un harnais ou une laisse en un rien de temps. Avec la lumi\u00e8re\" \/>\n<meta name=\"robots\" content=\"noindex, nofollow\" \/>\n<meta property=\"og:locale\" content=\"fr_FR\" \/>\n<meta property=\"og:type\" content=\"article\" \/>\n<meta property=\"og:title\" content=\"Lampe de s\u00e9curit\u00e9 USB Hunter Hunter - V\u00e9torino\" \/>\n<meta property=\"og:description\" content=\"Gr\u00e2ce \u00e0 la boucle en silicone attach\u00e9e,\u00a0cette lampe\u00a0peut \u00eatre attach\u00e9 \u00e0 un collier, un harnais ou une laisse en un rien de temps. Avec la lumi\u00e8re\" \/>\n<meta property=\"og:url\" content=\"https:\/\/www.vetorino.com\/veterinaire\/confolens-16500\/boutique\/product\/lampe-de-securite-usb-hunter\/\" \/>\n<meta property=\"og:site_name\" content=\"V\u00e9torino\" \/>\n<meta property=\"article:publisher\" content=\"https:\/\/www.facebook.com\/Vetorino\/\" \/>\n<meta property=\"article:modified_time\" content=\"2024-07-16T13:12:24+00:00\" \/>\n<meta property=\"og:image\" content=\"https:\/\/www.vetorino.com\/boutique\/wp-content\/uploads\/2020\/11\/FilsLAM763FormatMediumTypeIM.png\" \/>\n\t<meta property=\"og:image:width\" content=\"400\" \/>\n\t<meta property=\"og:image:height\" content=\"400\" \/>\n\t<meta property=\"og:image:type\" content=\"image\/png\" \/>\n<meta name=\"twitter:card\" content=\"summary_large_image\" \/>\n<meta name=\"twitter:label1\" content=\"Prix\" \/>\n\t<meta name=\"twitter:data1\" content=\"8,05&euro;\" \/>\n\t<meta name=\"twitter:label2\" content=\"Disponibilit\u00e9\" \/>\n\t<meta name=\"twitter:data2\" content=\"Rupture de stock\" \/>\n<script type=\"application\/ld+json\" class=\"yoast-schema-graph\">{\"@context\":\"https:\\\/\\\/schema.org\",\"@graph\":[{\"@type\":\"WebPage\",\"@id\":\"https:\\\/\\\/www.vetorino.com\\\/boutique\\\/product\\\/lampe-de-securite-usb-hunter\\\/\",\"url\":\"https:\\\/\\\/www.vetorino.com\\\/boutique\\\/product\\\/lampe-de-securite-usb-hunter\\\/\",\"name\":\"Lampe de s\u00e9curit\u00e9 USB Hunter Hunter - V\u00e9torino\",\"isPartOf\":{\"@id\":\"https:\\\/\\\/www.vetorino.com\\\/boutique\\\/#website\"},\"primaryImageOfPage\":{\"@id\":\"https:\\\/\\\/www.vetorino.com\\\/boutique\\\/product\\\/lampe-de-securite-usb-hunter\\\/#primaryimage\"},\"image\":{\"@id\":\"https:\\\/\\\/www.vetorino.com\\\/boutique\\\/product\\\/lampe-de-securite-usb-hunter\\\/#primaryimage\"},\"thumbnailUrl\":\"https:\\\/\\\/www.vetorino.com\\\/boutique\\\/wp-content\\\/uploads\\\/2020\\\/11\\\/FilsLAM763FormatMediumTypeIM.png\",\"datePublished\":\"2020-11-25T18:58:24+00:00\",\"dateModified\":\"2024-07-16T13:12:24+00:00\",\"description\":\"Gr\u00e2ce \u00e0 la boucle en silicone attach\u00e9e,\u00a0cette lampe\u00a0peut \u00eatre attach\u00e9 \u00e0 un collier, un harnais ou une laisse en un rien de temps. Avec la lumi\u00e8re\",\"breadcrumb\":{\"@id\":\"https:\\\/\\\/www.vetorino.com\\\/boutique\\\/product\\\/lampe-de-securite-usb-hunter\\\/#breadcrumb\"},\"inLanguage\":\"fr-FR\",\"potentialAction\":[{\"@type\":\"ReadAction\",\"target\":[\"https:\\\/\\\/www.vetorino.com\\\/boutique\\\/product\\\/lampe-de-securite-usb-hunter\\\/\"]}]},{\"@type\":\"ImageObject\",\"inLanguage\":\"fr-FR\",\"@id\":\"https:\\\/\\\/www.vetorino.com\\\/boutique\\\/product\\\/lampe-de-securite-usb-hunter\\\/#primaryimage\",\"url\":\"https:\\\/\\\/www.vetorino.com\\\/boutique\\\/wp-content\\\/uploads\\\/2020\\\/11\\\/FilsLAM763FormatMediumTypeIM.png\",\"contentUrl\":\"https:\\\/\\\/www.vetorino.com\\\/boutique\\\/wp-content\\\/uploads\\\/2020\\\/11\\\/FilsLAM763FormatMediumTypeIM.png\",\"width\":400,\"height\":400},{\"@type\":\"BreadcrumbList\",\"@id\":\"https:\\\/\\\/www.vetorino.com\\\/boutique\\\/product\\\/lampe-de-securite-usb-hunter\\\/#breadcrumb\",\"itemListElement\":[{\"@type\":\"ListItem\",\"position\":1,\"name\":\"Accueil\",\"item\":\"https:\\\/\\\/www.vetorino.com\\\/boutique\\\/\"},{\"@type\":\"ListItem\",\"position\":2,\"name\":\"Produits\",\"item\":\"https:\\\/\\\/www.vetorino.com\\\/boutique\\\/\"},{\"@type\":\"ListItem\",\"position\":3,\"name\":\"Lampe de s\u00e9curit\u00e9 USB Hunter\"}]},{\"@type\":\"WebSite\",\"@id\":\"https:\\\/\\\/www.vetorino.com\\\/boutique\\\/#website\",\"url\":\"https:\\\/\\\/www.vetorino.com\\\/boutique\\\/\",\"name\":\"V\u00e9torino\",\"description\":\"\",\"publisher\":{\"@id\":\"https:\\\/\\\/www.vetorino.com\\\/boutique\\\/#organization\"},\"potentialAction\":[{\"@type\":\"SearchAction\",\"target\":{\"@type\":\"EntryPoint\",\"urlTemplate\":\"https:\\\/\\\/www.vetorino.com\\\/boutique\\\/?s={search_term_string}\"},\"query-input\":{\"@type\":\"PropertyValueSpecification\",\"valueRequired\":true,\"valueName\":\"search_term_string\"}}],\"inLanguage\":\"fr-FR\"},{\"@type\":\"Organization\",\"@id\":\"https:\\\/\\\/www.vetorino.com\\\/boutique\\\/#organization\",\"name\":\"V\u00e9torino\",\"url\":\"https:\\\/\\\/www.vetorino.com\\\/boutique\\\/\",\"logo\":{\"@type\":\"ImageObject\",\"inLanguage\":\"fr-FR\",\"@id\":\"https:\\\/\\\/www.vetorino.com\\\/boutique\\\/#\\\/schema\\\/logo\\\/image\\\/\",\"url\":\"https:\\\/\\\/www.vetorino.com\\\/boutique\\\/wp-content\\\/uploads\\\/2024\\\/10\\\/logo.jpg\",\"contentUrl\":\"https:\\\/\\\/www.vetorino.com\\\/boutique\\\/wp-content\\\/uploads\\\/2024\\\/10\\\/logo.jpg\",\"width\":1200,\"height\":610,\"caption\":\"V\u00e9torino\"},\"image\":{\"@id\":\"https:\\\/\\\/www.vetorino.com\\\/boutique\\\/#\\\/schema\\\/logo\\\/image\\\/\"},\"sameAs\":[\"https:\\\/\\\/www.facebook.com\\\/Vetorino\\\/\",\"https:\\\/\\\/www.instagram.com\\\/vetorino_off\\\/\",\"https:\\\/\\\/www.linkedin.com\\\/company\\\/vtorino\\\/\"]}]}<\/script>\n<meta property=\"product:brand\" content=\"Hunter\" \/>\n<meta property=\"product:price:amount\" content=\"8.05\" \/>\n<meta property=\"product:price:currency\" content=\"EUR\" \/>\n<meta property=\"og:availability\" content=\"out of stock\" \/>\n<meta property=\"product:availability\" content=\"out of stock\" \/>\n<meta property=\"product:retailer_item_id\" content=\"C-LAM763\" \/>\n<meta property=\"product:condition\" content=\"new\" \/>\n<!-- \/ Yoast SEO plugin. -->","yoast_head_json":{"title":"Lampe de s\u00e9curit\u00e9 USB Hunter Hunter - V\u00e9torino","description":"Gr\u00e2ce \u00e0 la boucle en silicone attach\u00e9e,\u00a0cette lampe\u00a0peut \u00eatre attach\u00e9 \u00e0 un collier, un harnais ou une laisse en un rien de temps. Avec la lumi\u00e8re","robots":{"index":"noindex","follow":"nofollow"},"og_locale":"fr_FR","og_type":"article","og_title":"Lampe de s\u00e9curit\u00e9 USB Hunter Hunter - V\u00e9torino","og_description":"Gr\u00e2ce \u00e0 la boucle en silicone attach\u00e9e,\u00a0cette lampe\u00a0peut \u00eatre attach\u00e9 \u00e0 un collier, un harnais ou une laisse en un rien de temps. Avec la lumi\u00e8re","og_url":"https:\/\/www.vetorino.com\/veterinaire\/confolens-16500\/boutique\/product\/lampe-de-securite-usb-hunter\/","og_site_name":"V\u00e9torino","article_publisher":"https:\/\/www.facebook.com\/Vetorino\/","article_modified_time":"2024-07-16T13:12:24+00:00","og_image":[{"width":400,"height":400,"url":"https:\/\/www.vetorino.com\/boutique\/wp-content\/uploads\/2020\/11\/FilsLAM763FormatMediumTypeIM.png","type":"image\/png"}],"twitter_card":"summary_large_image","twitter_misc":{"Prix":"8,05&euro;","Disponibilit\u00e9":"Rupture de stock"},"schema":{"@context":"https:\/\/schema.org","@graph":[{"@type":"WebPage","@id":"https:\/\/www.vetorino.com\/boutique\/product\/lampe-de-securite-usb-hunter\/","url":"https:\/\/www.vetorino.com\/boutique\/product\/lampe-de-securite-usb-hunter\/","name":"Lampe de s\u00e9curit\u00e9 USB Hunter Hunter - V\u00e9torino","isPartOf":{"@id":"https:\/\/www.vetorino.com\/boutique\/#website"},"primaryImageOfPage":{"@id":"https:\/\/www.vetorino.com\/boutique\/product\/lampe-de-securite-usb-hunter\/#primaryimage"},"image":{"@id":"https:\/\/www.vetorino.com\/boutique\/product\/lampe-de-securite-usb-hunter\/#primaryimage"},"thumbnailUrl":"https:\/\/www.vetorino.com\/boutique\/wp-content\/uploads\/2020\/11\/FilsLAM763FormatMediumTypeIM.png","datePublished":"2020-11-25T18:58:24+00:00","dateModified":"2024-07-16T13:12:24+00:00","description":"Gr\u00e2ce \u00e0 la boucle en silicone attach\u00e9e,\u00a0cette lampe\u00a0peut \u00eatre attach\u00e9 \u00e0 un collier, un harnais ou une laisse en un rien de temps. Avec la lumi\u00e8re","breadcrumb":{"@id":"https:\/\/www.vetorino.com\/boutique\/product\/lampe-de-securite-usb-hunter\/#breadcrumb"},"inLanguage":"fr-FR","potentialAction":[{"@type":"ReadAction","target":["https:\/\/www.vetorino.com\/boutique\/product\/lampe-de-securite-usb-hunter\/"]}]},{"@type":"ImageObject","inLanguage":"fr-FR","@id":"https:\/\/www.vetorino.com\/boutique\/product\/lampe-de-securite-usb-hunter\/#primaryimage","url":"https:\/\/www.vetorino.com\/boutique\/wp-content\/uploads\/2020\/11\/FilsLAM763FormatMediumTypeIM.png","contentUrl":"https:\/\/www.vetorino.com\/boutique\/wp-content\/uploads\/2020\/11\/FilsLAM763FormatMediumTypeIM.png","width":400,"height":400},{"@type":"BreadcrumbList","@id":"https:\/\/www.vetorino.com\/boutique\/product\/lampe-de-securite-usb-hunter\/#breadcrumb","itemListElement":[{"@type":"ListItem","position":1,"name":"Accueil","item":"https:\/\/www.vetorino.com\/boutique\/"},{"@type":"ListItem","position":2,"name":"Produits","item":"https:\/\/www.vetorino.com\/boutique\/"},{"@type":"ListItem","position":3,"name":"Lampe de s\u00e9curit\u00e9 USB Hunter"}]},{"@type":"WebSite","@id":"https:\/\/www.vetorino.com\/boutique\/#website","url":"https:\/\/www.vetorino.com\/boutique\/","name":"V\u00e9torino","description":"","publisher":{"@id":"https:\/\/www.vetorino.com\/boutique\/#organization"},"potentialAction":[{"@type":"SearchAction","target":{"@type":"EntryPoint","urlTemplate":"https:\/\/www.vetorino.com\/boutique\/?s={search_term_string}"},"query-input":{"@type":"PropertyValueSpecification","valueRequired":true,"valueName":"search_term_string"}}],"inLanguage":"fr-FR"},{"@type":"Organization","@id":"https:\/\/www.vetorino.com\/boutique\/#organization","name":"V\u00e9torino","url":"https:\/\/www.vetorino.com\/boutique\/","logo":{"@type":"ImageObject","inLanguage":"fr-FR","@id":"https:\/\/www.vetorino.com\/boutique\/#\/schema\/logo\/image\/","url":"https:\/\/www.vetorino.com\/boutique\/wp-content\/uploads\/2024\/10\/logo.jpg","contentUrl":"https:\/\/www.vetorino.com\/boutique\/wp-content\/uploads\/2024\/10\/logo.jpg","width":1200,"height":610,"caption":"V\u00e9torino"},"image":{"@id":"https:\/\/www.vetorino.com\/boutique\/#\/schema\/logo\/image\/"},"sameAs":["https:\/\/www.facebook.com\/Vetorino\/","https:\/\/www.instagram.com\/vetorino_off\/","https:\/\/www.linkedin.com\/company\/vtorino\/"]}]},"product_brand":"Hunter","product_price_amount":"8.05","product_price_currency":"EUR","og_availability":"out of stock","product_availability":"out of stock","product_retailer_item_id":"C-LAM763","product_condition":"new"},"_links":{"self":[{"href":"https:\/\/www.vetorino.com\/veterinaire\/confolens-16500\/boutique\/wp-json\/wp\/v2\/product\/130027","targetHints":{"allow":["GET"]}}],"collection":[{"href":"https:\/\/www.vetorino.com\/veterinaire\/confolens-16500\/boutique\/wp-json\/wp\/v2\/product"}],"about":[{"href":"https:\/\/www.vetorino.com\/veterinaire\/confolens-16500\/boutique\/wp-json\/wp\/v2\/types\/product"}],"wp:featuredmedia":[{"embeddable":true,"href":"https:\/\/www.vetorino.com\/veterinaire\/confolens-16500\/boutique\/wp-json\/wp\/v2\/media\/130026"}],"wp:attachment":[{"href":"https:\/\/www.vetorino.com\/veterinaire\/confolens-16500\/boutique\/wp-json\/wp\/v2\/media?parent=130027"}],"wp:term":[{"taxonomy":"product_cat","embeddable":true,"href":"https:\/\/www.vetorino.com\/veterinaire\/confolens-16500\/boutique\/wp-json\/wp\/v2\/product_cat?post=130027"},{"taxonomy":"product_tag","embeddable":true,"href":"https:\/\/www.vetorino.com\/veterinaire\/confolens-16500\/boutique\/wp-json\/wp\/v2\/product_tag?post=130027"}],"curies":[{"name":"wp","href":"https:\/\/api.w.org\/{rel}","templated":true}]}}