{"id":1432518,"date":"2025-07-29T15:36:10","date_gmt":"2025-07-29T13:36:10","guid":{"rendered":"https:\/\/www.vetorino.com\/boutique\/product\/jouet-chien-canvas-ornithorynque\/"},"modified":"2026-02-05T18:16:10","modified_gmt":"2026-02-05T17:16:10","slug":"jouet-chien-canvas-ornithorynque","status":"publish","type":"product","link":"https:\/\/www.vetorino.com\/veterinaire\/confolens-16500\/boutique\/product\/jouet-chien-canvas-ornithorynque\/","title":{"rendered":"Jouet Ornithorynque &#8211; chien"},"content":{"rendered":"<p>Le\u00a0<strong data-start=\"54\" data-end=\"88\">Jouet avec couineur Ornithorynque pour chien<\/strong>\u00a0est un jouet \u00e0 la fois dr\u00f4le et fonctionnel, con\u00e7u pour \u00e9veiller la curiosit\u00e9 de votre compagnon tout en l\u2019amusant durablement. Avec son look naturel et son design fantaisiste, ce\u00a0<strong data-start=\"269\" data-end=\"289\">jouet pour chien<\/strong> est parfait pour les moments de jeu, d\u2019interaction ou de repos.<\/p>\n<p>Sa forme rigolote et ses textures vari\u00e9es stimulent les sens du chien tout en lui offrant une occupation s\u00fbre.<\/p>\n<p><strong>Caract\u00e9ristiques :\u00a0<\/strong><\/p>\n<ul>\n<li>Pour les chiens de toutes tailles<\/li>\n<li>Mat\u00e9riaux : canevas, polyester, laine<\/li>\n<li>Couineur int\u00e9gr\u00e9<\/li>\n<li>Lavable \u00e0 30\u00b0C<\/li>\n<li>Coutures renforc\u00e9es et finitions soign\u00e9es<\/li>\n<li>Solide<\/li>\n<li>Forme originale et amusante<\/li>\n<\/ul>\n","protected":false},"excerpt":{"rendered":"<p>Le\u00a0<strong data-start=\"54\" data-end=\"88\">Jouet avec couineur Ornithorynque pour chien<\/strong>\u00a0est un jouet \u00e0 la fois dr\u00f4le et fonctionnel, con\u00e7u pour \u00e9veiller la curiosit\u00e9 de votre compagnon tout en l\u2019amusant durablement. Avec son look naturel et son design fantaisiste, ce\u00a0<strong data-start=\"269\" data-end=\"289\">jouet pour chien<\/strong> est parfait pour les moments de jeu, d\u2019interaction ou de repos.<\/p>\n<p>Sa forme rigolote et ses textures vari\u00e9es stimulent les sens du chien tout en lui offrant une occupation s\u00fbre.<\/p>\n<p><strong>Caract\u00e9ristiques :\u00a0<\/strong><\/p>\n<ul>\n<li>Pour les chiens de toutes tailles<\/li>\n<li>Mat\u00e9riaux : canevas, polyester, laine<\/li>\n<li>Couineur int\u00e9gr\u00e9<\/li>\n<li>Lavable \u00e0 30\u00b0C<\/li>\n<li>Coutures renforc\u00e9es et finitions soign\u00e9es<\/li>\n<li>Solide<\/li>\n<li>Forme originale et amusante<\/li>\n<\/ul>\n","protected":false},"featured_media":1432519,"template":"","meta":[],"product_cat":[12550,2698,12621,2805],"product_tag":[],"class_list":{"0":"post-1432518","1":"product","2":"type-product","3":"status-publish","4":"has-post-thumbnail","6":"product_cat-accessoires-du-chien","7":"product_cat-chien","8":"product_cat-jeux-educatifs-pour-chien","9":"product_cat-peluches-pour-chien","10":"pa_marque-materiel","12":"first","13":"outofstock","14":"taxable","15":"shipping-taxable","16":"purchasable","17":"product-type-simple"},"yoast_head":"<!-- This site is optimized with the Yoast SEO plugin v27.3 - https:\/\/yoast.com\/product\/yoast-seo-wordpress\/ -->\n<title>Jouet Ornithorynque - chien Mat\u00e9riel - V\u00e9torino<\/title>\n<meta name=\"description\" content=\"Le\u00a0Jouet avec couineur Ornithorynque pour chien\u00a0est un jouet \u00e0 la fois dr\u00f4le et fonctionnel, con\u00e7u pour \u00e9veiller la curiosit\u00e9 de votre compagnon tout en l\u2019amusant durablement. Avec son look naturel et son design fantaisiste, ce\u00a0jouet pour chien est parfait pour les moments de jeu, d\u2019interaction ou de repos.  Sa forme rigolote et ses textures vari\u00e9es stimulent les sens du chien tout en lui offrant une occupation s\u00fbre.  Caract\u00e9ristiques :\u00a0   Pour les chiens de toutes tailles  Mat\u00e9riaux : canevas, polyester, laine  Couineur int\u00e9gr\u00e9  Lavable \u00e0 30\u00b0C  Coutures renforc\u00e9es et finitions soign\u00e9es  Solide  Forme originale et amusante\" \/>\n<meta name=\"robots\" content=\"noindex, nofollow\" \/>\n<meta property=\"og:locale\" content=\"fr_FR\" \/>\n<meta property=\"og:type\" content=\"article\" \/>\n<meta property=\"og:title\" content=\"Jouet Ornithorynque - chien Mat\u00e9riel - V\u00e9torino\" \/>\n<meta property=\"og:description\" content=\"Le\u00a0Jouet avec couineur Ornithorynque pour chien\u00a0est un jouet \u00e0 la fois dr\u00f4le et fonctionnel, con\u00e7u pour \u00e9veiller la curiosit\u00e9 de votre compagnon tout en l\u2019amusant durablement. Avec son look naturel et son design fantaisiste, ce\u00a0jouet pour chien est parfait pour les moments de jeu, d\u2019interaction ou de repos.  Sa forme rigolote et ses textures vari\u00e9es stimulent les sens du chien tout en lui offrant une occupation s\u00fbre.  Caract\u00e9ristiques :\u00a0   Pour les chiens de toutes tailles  Mat\u00e9riaux : canevas, polyester, laine  Couineur int\u00e9gr\u00e9  Lavable \u00e0 30\u00b0C  Coutures renforc\u00e9es et finitions soign\u00e9es  Solide  Forme originale et amusante\" \/>\n<meta property=\"og:url\" content=\"https:\/\/www.vetorino.com\/veterinaire\/confolens-16500\/boutique\/product\/jouet-chien-canvas-ornithorynque\/\" \/>\n<meta property=\"og:site_name\" content=\"V\u00e9torino\" \/>\n<meta property=\"article:publisher\" content=\"https:\/\/www.facebook.com\/Vetorino\/\" \/>\n<meta property=\"article:modified_time\" content=\"2026-02-05T17:16:10+00:00\" \/>\n<meta property=\"og:image\" content=\"https:\/\/www.vetorino.com\/boutique\/wp-content\/uploads\/2025\/07\/jouet-chien-peluche-ornithorynque.webp\" \/>\n\t<meta property=\"og:image:width\" content=\"1080\" \/>\n\t<meta property=\"og:image:height\" content=\"1080\" \/>\n\t<meta property=\"og:image:type\" content=\"image\/webp\" \/>\n<meta name=\"twitter:card\" content=\"summary_large_image\" \/>\n<meta name=\"twitter:label1\" content=\"Prix\" \/>\n\t<meta name=\"twitter:data1\" content=\"10,38&euro;\" \/>\n\t<meta name=\"twitter:label2\" content=\"Disponibilit\u00e9\" \/>\n\t<meta name=\"twitter:data2\" content=\"Rupture de stock\" \/>\n<script type=\"application\/ld+json\" class=\"yoast-schema-graph\">{\"@context\":\"https:\\\/\\\/schema.org\",\"@graph\":[{\"@type\":\"WebPage\",\"@id\":\"https:\\\/\\\/www.vetorino.com\\\/boutique\\\/product\\\/jouet-chien-canvas-ornithorynque\\\/\",\"url\":\"https:\\\/\\\/www.vetorino.com\\\/boutique\\\/product\\\/jouet-chien-canvas-ornithorynque\\\/\",\"name\":\"Jouet Ornithorynque - chien Mat\u00e9riel - V\u00e9torino\",\"isPartOf\":{\"@id\":\"https:\\\/\\\/www.vetorino.com\\\/boutique\\\/#website\"},\"primaryImageOfPage\":{\"@id\":\"https:\\\/\\\/www.vetorino.com\\\/boutique\\\/product\\\/jouet-chien-canvas-ornithorynque\\\/#primaryimage\"},\"image\":{\"@id\":\"https:\\\/\\\/www.vetorino.com\\\/boutique\\\/product\\\/jouet-chien-canvas-ornithorynque\\\/#primaryimage\"},\"thumbnailUrl\":\"https:\\\/\\\/www.vetorino.com\\\/boutique\\\/wp-content\\\/uploads\\\/2025\\\/07\\\/jouet-chien-peluche-ornithorynque.webp\",\"datePublished\":\"2025-07-29T13:36:10+00:00\",\"dateModified\":\"2026-02-05T17:16:10+00:00\",\"description\":\"Le\u00a0Jouet avec couineur Ornithorynque pour chien\u00a0est un jouet \u00e0 la fois dr\u00f4le et fonctionnel, con\u00e7u pour \u00e9veiller la curiosit\u00e9 de votre compagnon tout en l\u2019amusant durablement. Avec son look naturel et son design fantaisiste, ce\u00a0jouet pour chien est parfait pour les moments de jeu, d\u2019interaction ou de repos. Sa forme rigolote et ses textures vari\u00e9es stimulent les sens du chien tout en lui offrant une occupation s\u00fbre. Caract\u00e9ristiques :\u00a0 Pour les chiens de toutes tailles Mat\u00e9riaux : canevas, polyester, laine Couineur int\u00e9gr\u00e9 Lavable \u00e0 30\u00b0C Coutures renforc\u00e9es et finitions soign\u00e9es Solide Forme originale et amusante\",\"breadcrumb\":{\"@id\":\"https:\\\/\\\/www.vetorino.com\\\/boutique\\\/product\\\/jouet-chien-canvas-ornithorynque\\\/#breadcrumb\"},\"inLanguage\":\"fr-FR\",\"potentialAction\":[{\"@type\":\"ReadAction\",\"target\":[\"https:\\\/\\\/www.vetorino.com\\\/boutique\\\/product\\\/jouet-chien-canvas-ornithorynque\\\/\"]}]},{\"@type\":\"ImageObject\",\"inLanguage\":\"fr-FR\",\"@id\":\"https:\\\/\\\/www.vetorino.com\\\/boutique\\\/product\\\/jouet-chien-canvas-ornithorynque\\\/#primaryimage\",\"url\":\"https:\\\/\\\/www.vetorino.com\\\/boutique\\\/wp-content\\\/uploads\\\/2025\\\/07\\\/jouet-chien-peluche-ornithorynque.webp\",\"contentUrl\":\"https:\\\/\\\/www.vetorino.com\\\/boutique\\\/wp-content\\\/uploads\\\/2025\\\/07\\\/jouet-chien-peluche-ornithorynque.webp\",\"width\":1080,\"height\":1080},{\"@type\":\"BreadcrumbList\",\"@id\":\"https:\\\/\\\/www.vetorino.com\\\/boutique\\\/product\\\/jouet-chien-canvas-ornithorynque\\\/#breadcrumb\",\"itemListElement\":[{\"@type\":\"ListItem\",\"position\":1,\"name\":\"Accueil\",\"item\":\"https:\\\/\\\/www.vetorino.com\\\/boutique\\\/\"},{\"@type\":\"ListItem\",\"position\":2,\"name\":\"Produits\",\"item\":\"https:\\\/\\\/www.vetorino.com\\\/boutique\\\/\"},{\"@type\":\"ListItem\",\"position\":3,\"name\":\"Jouet Ornithorynque &#8211; chien\"}]},{\"@type\":\"WebSite\",\"@id\":\"https:\\\/\\\/www.vetorino.com\\\/boutique\\\/#website\",\"url\":\"https:\\\/\\\/www.vetorino.com\\\/boutique\\\/\",\"name\":\"V\u00e9torino\",\"description\":\"\",\"publisher\":{\"@id\":\"https:\\\/\\\/www.vetorino.com\\\/boutique\\\/#organization\"},\"potentialAction\":[{\"@type\":\"SearchAction\",\"target\":{\"@type\":\"EntryPoint\",\"urlTemplate\":\"https:\\\/\\\/www.vetorino.com\\\/boutique\\\/?s={search_term_string}\"},\"query-input\":{\"@type\":\"PropertyValueSpecification\",\"valueRequired\":true,\"valueName\":\"search_term_string\"}}],\"inLanguage\":\"fr-FR\"},{\"@type\":\"Organization\",\"@id\":\"https:\\\/\\\/www.vetorino.com\\\/boutique\\\/#organization\",\"name\":\"V\u00e9torino\",\"url\":\"https:\\\/\\\/www.vetorino.com\\\/boutique\\\/\",\"logo\":{\"@type\":\"ImageObject\",\"inLanguage\":\"fr-FR\",\"@id\":\"https:\\\/\\\/www.vetorino.com\\\/boutique\\\/#\\\/schema\\\/logo\\\/image\\\/\",\"url\":\"https:\\\/\\\/www.vetorino.com\\\/boutique\\\/wp-content\\\/uploads\\\/2024\\\/10\\\/logo.jpg\",\"contentUrl\":\"https:\\\/\\\/www.vetorino.com\\\/boutique\\\/wp-content\\\/uploads\\\/2024\\\/10\\\/logo.jpg\",\"width\":1200,\"height\":610,\"caption\":\"V\u00e9torino\"},\"image\":{\"@id\":\"https:\\\/\\\/www.vetorino.com\\\/boutique\\\/#\\\/schema\\\/logo\\\/image\\\/\"},\"sameAs\":[\"https:\\\/\\\/www.facebook.com\\\/Vetorino\\\/\",\"https:\\\/\\\/www.instagram.com\\\/vetorino_off\\\/\",\"https:\\\/\\\/www.linkedin.com\\\/company\\\/vtorino\\\/\"]}]}<\/script>\n<meta property=\"product:brand\" content=\"Mat\u00e9riel\" \/>\n<meta property=\"product:price:amount\" content=\"10.38\" \/>\n<meta property=\"product:price:currency\" content=\"EUR\" \/>\n<meta property=\"og:availability\" content=\"out of stock\" \/>\n<meta property=\"product:availability\" content=\"out of stock\" \/>\n<meta property=\"product:retailer_item_id\" content=\"C-JO0752\" \/>\n<meta property=\"product:condition\" content=\"new\" \/>\n<!-- \/ Yoast SEO plugin. -->","yoast_head_json":{"title":"Jouet Ornithorynque - chien Mat\u00e9riel - V\u00e9torino","description":"Le\u00a0Jouet avec couineur Ornithorynque pour chien\u00a0est un jouet \u00e0 la fois dr\u00f4le et fonctionnel, con\u00e7u pour \u00e9veiller la curiosit\u00e9 de votre compagnon tout en l\u2019amusant durablement. Avec son look naturel et son design fantaisiste, ce\u00a0jouet pour chien est parfait pour les moments de jeu, d\u2019interaction ou de repos.  Sa forme rigolote et ses textures vari\u00e9es stimulent les sens du chien tout en lui offrant une occupation s\u00fbre.  Caract\u00e9ristiques :\u00a0   Pour les chiens de toutes tailles  Mat\u00e9riaux : canevas, polyester, laine  Couineur int\u00e9gr\u00e9  Lavable \u00e0 30\u00b0C  Coutures renforc\u00e9es et finitions soign\u00e9es  Solide  Forme originale et amusante","robots":{"index":"noindex","follow":"nofollow"},"og_locale":"fr_FR","og_type":"article","og_title":"Jouet Ornithorynque - chien Mat\u00e9riel - V\u00e9torino","og_description":"Le\u00a0Jouet avec couineur Ornithorynque pour chien\u00a0est un jouet \u00e0 la fois dr\u00f4le et fonctionnel, con\u00e7u pour \u00e9veiller la curiosit\u00e9 de votre compagnon tout en l\u2019amusant durablement. Avec son look naturel et son design fantaisiste, ce\u00a0jouet pour chien est parfait pour les moments de jeu, d\u2019interaction ou de repos.  Sa forme rigolote et ses textures vari\u00e9es stimulent les sens du chien tout en lui offrant une occupation s\u00fbre.  Caract\u00e9ristiques :\u00a0   Pour les chiens de toutes tailles  Mat\u00e9riaux : canevas, polyester, laine  Couineur int\u00e9gr\u00e9  Lavable \u00e0 30\u00b0C  Coutures renforc\u00e9es et finitions soign\u00e9es  Solide  Forme originale et amusante","og_url":"https:\/\/www.vetorino.com\/veterinaire\/confolens-16500\/boutique\/product\/jouet-chien-canvas-ornithorynque\/","og_site_name":"V\u00e9torino","article_publisher":"https:\/\/www.facebook.com\/Vetorino\/","article_modified_time":"2026-02-05T17:16:10+00:00","og_image":[{"width":1080,"height":1080,"url":"https:\/\/www.vetorino.com\/boutique\/wp-content\/uploads\/2025\/07\/jouet-chien-peluche-ornithorynque.webp","type":"image\/webp"}],"twitter_card":"summary_large_image","twitter_misc":{"Prix":"10,38&euro;","Disponibilit\u00e9":"Rupture de stock"},"schema":{"@context":"https:\/\/schema.org","@graph":[{"@type":"WebPage","@id":"https:\/\/www.vetorino.com\/boutique\/product\/jouet-chien-canvas-ornithorynque\/","url":"https:\/\/www.vetorino.com\/boutique\/product\/jouet-chien-canvas-ornithorynque\/","name":"Jouet Ornithorynque - chien Mat\u00e9riel - V\u00e9torino","isPartOf":{"@id":"https:\/\/www.vetorino.com\/boutique\/#website"},"primaryImageOfPage":{"@id":"https:\/\/www.vetorino.com\/boutique\/product\/jouet-chien-canvas-ornithorynque\/#primaryimage"},"image":{"@id":"https:\/\/www.vetorino.com\/boutique\/product\/jouet-chien-canvas-ornithorynque\/#primaryimage"},"thumbnailUrl":"https:\/\/www.vetorino.com\/boutique\/wp-content\/uploads\/2025\/07\/jouet-chien-peluche-ornithorynque.webp","datePublished":"2025-07-29T13:36:10+00:00","dateModified":"2026-02-05T17:16:10+00:00","description":"Le\u00a0Jouet avec couineur Ornithorynque pour chien\u00a0est un jouet \u00e0 la fois dr\u00f4le et fonctionnel, con\u00e7u pour \u00e9veiller la curiosit\u00e9 de votre compagnon tout en l\u2019amusant durablement. Avec son look naturel et son design fantaisiste, ce\u00a0jouet pour chien est parfait pour les moments de jeu, d\u2019interaction ou de repos. Sa forme rigolote et ses textures vari\u00e9es stimulent les sens du chien tout en lui offrant une occupation s\u00fbre. Caract\u00e9ristiques :\u00a0 Pour les chiens de toutes tailles Mat\u00e9riaux : canevas, polyester, laine Couineur int\u00e9gr\u00e9 Lavable \u00e0 30\u00b0C Coutures renforc\u00e9es et finitions soign\u00e9es Solide Forme originale et amusante","breadcrumb":{"@id":"https:\/\/www.vetorino.com\/boutique\/product\/jouet-chien-canvas-ornithorynque\/#breadcrumb"},"inLanguage":"fr-FR","potentialAction":[{"@type":"ReadAction","target":["https:\/\/www.vetorino.com\/boutique\/product\/jouet-chien-canvas-ornithorynque\/"]}]},{"@type":"ImageObject","inLanguage":"fr-FR","@id":"https:\/\/www.vetorino.com\/boutique\/product\/jouet-chien-canvas-ornithorynque\/#primaryimage","url":"https:\/\/www.vetorino.com\/boutique\/wp-content\/uploads\/2025\/07\/jouet-chien-peluche-ornithorynque.webp","contentUrl":"https:\/\/www.vetorino.com\/boutique\/wp-content\/uploads\/2025\/07\/jouet-chien-peluche-ornithorynque.webp","width":1080,"height":1080},{"@type":"BreadcrumbList","@id":"https:\/\/www.vetorino.com\/boutique\/product\/jouet-chien-canvas-ornithorynque\/#breadcrumb","itemListElement":[{"@type":"ListItem","position":1,"name":"Accueil","item":"https:\/\/www.vetorino.com\/boutique\/"},{"@type":"ListItem","position":2,"name":"Produits","item":"https:\/\/www.vetorino.com\/boutique\/"},{"@type":"ListItem","position":3,"name":"Jouet Ornithorynque &#8211; chien"}]},{"@type":"WebSite","@id":"https:\/\/www.vetorino.com\/boutique\/#website","url":"https:\/\/www.vetorino.com\/boutique\/","name":"V\u00e9torino","description":"","publisher":{"@id":"https:\/\/www.vetorino.com\/boutique\/#organization"},"potentialAction":[{"@type":"SearchAction","target":{"@type":"EntryPoint","urlTemplate":"https:\/\/www.vetorino.com\/boutique\/?s={search_term_string}"},"query-input":{"@type":"PropertyValueSpecification","valueRequired":true,"valueName":"search_term_string"}}],"inLanguage":"fr-FR"},{"@type":"Organization","@id":"https:\/\/www.vetorino.com\/boutique\/#organization","name":"V\u00e9torino","url":"https:\/\/www.vetorino.com\/boutique\/","logo":{"@type":"ImageObject","inLanguage":"fr-FR","@id":"https:\/\/www.vetorino.com\/boutique\/#\/schema\/logo\/image\/","url":"https:\/\/www.vetorino.com\/boutique\/wp-content\/uploads\/2024\/10\/logo.jpg","contentUrl":"https:\/\/www.vetorino.com\/boutique\/wp-content\/uploads\/2024\/10\/logo.jpg","width":1200,"height":610,"caption":"V\u00e9torino"},"image":{"@id":"https:\/\/www.vetorino.com\/boutique\/#\/schema\/logo\/image\/"},"sameAs":["https:\/\/www.facebook.com\/Vetorino\/","https:\/\/www.instagram.com\/vetorino_off\/","https:\/\/www.linkedin.com\/company\/vtorino\/"]}]},"product_brand":"Mat\u00e9riel","product_price_amount":"10.38","product_price_currency":"EUR","og_availability":"out of stock","product_availability":"out of stock","product_retailer_item_id":"C-JO0752","product_condition":"new"},"_links":{"self":[{"href":"https:\/\/www.vetorino.com\/veterinaire\/confolens-16500\/boutique\/wp-json\/wp\/v2\/product\/1432518","targetHints":{"allow":["GET"]}}],"collection":[{"href":"https:\/\/www.vetorino.com\/veterinaire\/confolens-16500\/boutique\/wp-json\/wp\/v2\/product"}],"about":[{"href":"https:\/\/www.vetorino.com\/veterinaire\/confolens-16500\/boutique\/wp-json\/wp\/v2\/types\/product"}],"wp:featuredmedia":[{"embeddable":true,"href":"https:\/\/www.vetorino.com\/veterinaire\/confolens-16500\/boutique\/wp-json\/wp\/v2\/media\/1432519"}],"wp:attachment":[{"href":"https:\/\/www.vetorino.com\/veterinaire\/confolens-16500\/boutique\/wp-json\/wp\/v2\/media?parent=1432518"}],"wp:term":[{"taxonomy":"product_cat","embeddable":true,"href":"https:\/\/www.vetorino.com\/veterinaire\/confolens-16500\/boutique\/wp-json\/wp\/v2\/product_cat?post=1432518"},{"taxonomy":"product_tag","embeddable":true,"href":"https:\/\/www.vetorino.com\/veterinaire\/confolens-16500\/boutique\/wp-json\/wp\/v2\/product_tag?post=1432518"}],"curies":[{"name":"wp","href":"https:\/\/api.w.org\/{rel}","templated":true}]}}