{"id":1439780,"date":"2025-08-04T14:43:44","date_gmt":"2025-08-04T12:43:44","guid":{"rendered":"https:\/\/www.vetorino.com\/boutique\/product\/colospur-premium-3\/"},"modified":"2025-10-20T15:14:01","modified_gmt":"2025-10-20T13:14:01","slug":"colospur-premium-3","status":"publish","type":"product","link":"https:\/\/www.vetorino.com\/veterinaire\/confolens-16500\/boutique\/product\/colospur-premium-3\/","title":{"rendered":"ColosPur Premium Poudre"},"content":{"rendered":"<p><strong>Aliment compl\u00e9mentaire riche en colostrum<\/strong> sous forme de poudre orale, destin\u00e9 aux ruminants nouveaux-n\u00e9s (veaux, agneaux et chevreaux).<\/p>\n<p><strong>Caract\u00e9ristiques :<\/strong><\/p>\n<ul>\n<li>App\u00e9tent<\/li>\n<li>Apport d\u2019anticorps essentiels au d\u00e9marrage du veau<\/li>\n<li>160g d\u2019immunoglobulines bovines par seau de 400g, soit 40g d\u2019lgG garantis pour lOOg<\/li>\n<li>Certifi\u00e9 I BR n\u00e9gatif<\/li>\n<\/ul>\n<p><strong>Mode d&#8217;emploi :\u00a0<\/strong><\/p>\n<p><em>Diluer 1 dosette de 20 g, soit 5 g d\u2019IgG, dans 100 ml d\u2019eau \u00e0 40\u00b0C (id\u00e9alement dans 100 ml de lait \u00e0 40\u00b0C ou associ\u00e9 \u00e0 Colostrum Plus\u00ae).<\/em><\/p>\n","protected":false},"excerpt":{"rendered":"<p><strong>Aliment compl\u00e9mentaire riche en colostrum<\/strong> sous forme de poudre orale, destin\u00e9 aux veaux, agneaux et chevreaux.<\/p>\n<p><strong>Caract\u00e9ristiques :<\/strong><\/p>\n<ul>\n<li>App\u00e9tent<\/li>\n<li>Apport d\u2019anticorps essentiels au d\u00e9marrage du veau<\/li>\n<li>160g d\u2019immunoglobulines bovines par seau de 400g, soit 40g d\u2019lgG garantis pour lOOg<\/li>\n<li>Certifi\u00e9 I BR n\u00e9gatif<\/li>\n<\/ul>\n<p>&nbsp;<\/p>\n","protected":false},"featured_media":1439774,"template":"","meta":[],"product_cat":[6864,6870,6871,6873],"product_tag":[],"class_list":{"0":"post-1439780","1":"product","2":"type-product","3":"status-publish","4":"has-post-thumbnail","6":"product_cat-animaux-delevage","7":"product_cat-bovins","8":"product_cat-caprins","9":"product_cat-ovins","10":"pa_marque-vetalis","12":"first","13":"outofstock","14":"taxable","15":"shipping-taxable","16":"purchasable","17":"product-type-simple"},"yoast_head":"<!-- This site is optimized with the Yoast SEO plugin v27.3 - https:\/\/yoast.com\/product\/yoast-seo-wordpress\/ -->\n<title>ColosPur Premium Poudre Vetalis - V\u00e9torino<\/title>\n<meta name=\"description\" content=\"Aliment compl\u00e9mentaire riche en colostrum sous forme de poudre orale, destin\u00e9 aux veaux, agneaux et chevreaux.  Caract\u00e9ristiques :   App\u00e9tent  Apport d\u2019anticorps essentiels au d\u00e9marrage du veau  160g d\u2019immunoglobulines bovines par seau de 400g, soit 40g d\u2019lgG garantis pour lOOg  Certifi\u00e9 I BR n\u00e9gatif  &nbsp;\" \/>\n<meta name=\"robots\" content=\"noindex, nofollow\" \/>\n<meta property=\"og:locale\" content=\"fr_FR\" \/>\n<meta property=\"og:type\" content=\"article\" \/>\n<meta property=\"og:title\" content=\"ColosPur Premium Poudre Vetalis - V\u00e9torino\" \/>\n<meta property=\"og:description\" content=\"Aliment compl\u00e9mentaire riche en colostrum sous forme de poudre orale, destin\u00e9 aux veaux, agneaux et chevreaux.  Caract\u00e9ristiques :   App\u00e9tent  Apport d\u2019anticorps essentiels au d\u00e9marrage du veau  160g d\u2019immunoglobulines bovines par seau de 400g, soit 40g d\u2019lgG garantis pour lOOg  Certifi\u00e9 I BR n\u00e9gatif  &nbsp;\" \/>\n<meta property=\"og:url\" content=\"https:\/\/www.vetorino.com\/veterinaire\/confolens-16500\/boutique\/product\/colospur-premium-3\/\" \/>\n<meta property=\"og:site_name\" content=\"V\u00e9torino\" \/>\n<meta property=\"article:publisher\" content=\"https:\/\/www.facebook.com\/Vetorino\/\" \/>\n<meta property=\"article:modified_time\" content=\"2025-10-20T13:14:01+00:00\" \/>\n<meta property=\"og:image\" content=\"https:\/\/www.vetorino.com\/boutique\/wp-content\/uploads\/2025\/08\/VETALIs-4741638.jpg\" \/>\n\t<meta property=\"og:image:width\" content=\"300\" \/>\n\t<meta property=\"og:image:height\" content=\"300\" \/>\n\t<meta property=\"og:image:type\" content=\"image\/jpeg\" \/>\n<meta name=\"twitter:card\" content=\"summary_large_image\" \/>\n<meta name=\"twitter:label1\" content=\"Prix\" \/>\n\t<meta name=\"twitter:data1\" content=\"363,86&euro;\" \/>\n\t<meta name=\"twitter:label2\" content=\"Disponibilit\u00e9\" \/>\n\t<meta name=\"twitter:data2\" content=\"Rupture de stock\" \/>\n<script type=\"application\/ld+json\" class=\"yoast-schema-graph\">{\"@context\":\"https:\\\/\\\/schema.org\",\"@graph\":[{\"@type\":\"WebPage\",\"@id\":\"https:\\\/\\\/www.vetorino.com\\\/boutique\\\/product\\\/colospur-premium-3\\\/\",\"url\":\"https:\\\/\\\/www.vetorino.com\\\/boutique\\\/product\\\/colospur-premium-3\\\/\",\"name\":\"ColosPur Premium Poudre Vetalis - V\u00e9torino\",\"isPartOf\":{\"@id\":\"https:\\\/\\\/www.vetorino.com\\\/boutique\\\/#website\"},\"primaryImageOfPage\":{\"@id\":\"https:\\\/\\\/www.vetorino.com\\\/boutique\\\/product\\\/colospur-premium-3\\\/#primaryimage\"},\"image\":{\"@id\":\"https:\\\/\\\/www.vetorino.com\\\/boutique\\\/product\\\/colospur-premium-3\\\/#primaryimage\"},\"thumbnailUrl\":\"https:\\\/\\\/www.vetorino.com\\\/boutique\\\/wp-content\\\/uploads\\\/2025\\\/08\\\/VETALIs-4741638.jpg\",\"datePublished\":\"2025-08-04T12:43:44+00:00\",\"dateModified\":\"2025-10-20T13:14:01+00:00\",\"description\":\"Aliment compl\u00e9mentaire riche en colostrum sous forme de poudre orale, destin\u00e9 aux veaux, agneaux et chevreaux. Caract\u00e9ristiques : App\u00e9tent Apport d\u2019anticorps essentiels au d\u00e9marrage du veau 160g d\u2019immunoglobulines bovines par seau de 400g, soit 40g d\u2019lgG garantis pour lOOg Certifi\u00e9 I BR n\u00e9gatif &nbsp;\",\"breadcrumb\":{\"@id\":\"https:\\\/\\\/www.vetorino.com\\\/boutique\\\/product\\\/colospur-premium-3\\\/#breadcrumb\"},\"inLanguage\":\"fr-FR\",\"potentialAction\":[{\"@type\":\"ReadAction\",\"target\":[\"https:\\\/\\\/www.vetorino.com\\\/boutique\\\/product\\\/colospur-premium-3\\\/\"]}]},{\"@type\":\"ImageObject\",\"inLanguage\":\"fr-FR\",\"@id\":\"https:\\\/\\\/www.vetorino.com\\\/boutique\\\/product\\\/colospur-premium-3\\\/#primaryimage\",\"url\":\"https:\\\/\\\/www.vetorino.com\\\/boutique\\\/wp-content\\\/uploads\\\/2025\\\/08\\\/VETALIs-4741638.jpg\",\"contentUrl\":\"https:\\\/\\\/www.vetorino.com\\\/boutique\\\/wp-content\\\/uploads\\\/2025\\\/08\\\/VETALIs-4741638.jpg\",\"width\":300,\"height\":300},{\"@type\":\"BreadcrumbList\",\"@id\":\"https:\\\/\\\/www.vetorino.com\\\/boutique\\\/product\\\/colospur-premium-3\\\/#breadcrumb\",\"itemListElement\":[{\"@type\":\"ListItem\",\"position\":1,\"name\":\"Accueil\",\"item\":\"https:\\\/\\\/www.vetorino.com\\\/boutique\\\/\"},{\"@type\":\"ListItem\",\"position\":2,\"name\":\"Produits\",\"item\":\"https:\\\/\\\/www.vetorino.com\\\/boutique\\\/\"},{\"@type\":\"ListItem\",\"position\":3,\"name\":\"ColosPur Premium Poudre\"}]},{\"@type\":\"WebSite\",\"@id\":\"https:\\\/\\\/www.vetorino.com\\\/boutique\\\/#website\",\"url\":\"https:\\\/\\\/www.vetorino.com\\\/boutique\\\/\",\"name\":\"V\u00e9torino\",\"description\":\"\",\"publisher\":{\"@id\":\"https:\\\/\\\/www.vetorino.com\\\/boutique\\\/#organization\"},\"potentialAction\":[{\"@type\":\"SearchAction\",\"target\":{\"@type\":\"EntryPoint\",\"urlTemplate\":\"https:\\\/\\\/www.vetorino.com\\\/boutique\\\/?s={search_term_string}\"},\"query-input\":{\"@type\":\"PropertyValueSpecification\",\"valueRequired\":true,\"valueName\":\"search_term_string\"}}],\"inLanguage\":\"fr-FR\"},{\"@type\":\"Organization\",\"@id\":\"https:\\\/\\\/www.vetorino.com\\\/boutique\\\/#organization\",\"name\":\"V\u00e9torino\",\"url\":\"https:\\\/\\\/www.vetorino.com\\\/boutique\\\/\",\"logo\":{\"@type\":\"ImageObject\",\"inLanguage\":\"fr-FR\",\"@id\":\"https:\\\/\\\/www.vetorino.com\\\/boutique\\\/#\\\/schema\\\/logo\\\/image\\\/\",\"url\":\"https:\\\/\\\/www.vetorino.com\\\/boutique\\\/wp-content\\\/uploads\\\/2024\\\/10\\\/logo.jpg\",\"contentUrl\":\"https:\\\/\\\/www.vetorino.com\\\/boutique\\\/wp-content\\\/uploads\\\/2024\\\/10\\\/logo.jpg\",\"width\":1200,\"height\":610,\"caption\":\"V\u00e9torino\"},\"image\":{\"@id\":\"https:\\\/\\\/www.vetorino.com\\\/boutique\\\/#\\\/schema\\\/logo\\\/image\\\/\"},\"sameAs\":[\"https:\\\/\\\/www.facebook.com\\\/Vetorino\\\/\",\"https:\\\/\\\/www.instagram.com\\\/vetorino_off\\\/\",\"https:\\\/\\\/www.linkedin.com\\\/company\\\/vtorino\\\/\"]}]}<\/script>\n<meta property=\"product:brand\" content=\"Vetalis\" \/>\n<meta property=\"product:price:amount\" content=\"363.86\" \/>\n<meta property=\"product:price:currency\" content=\"EUR\" \/>\n<meta property=\"og:availability\" content=\"out of stock\" \/>\n<meta property=\"product:availability\" content=\"out of stock\" \/>\n<meta property=\"product:retailer_item_id\" content=\"C-COL017\" \/>\n<meta property=\"product:condition\" content=\"new\" \/>\n<!-- \/ Yoast SEO plugin. -->","yoast_head_json":{"title":"ColosPur Premium Poudre Vetalis - V\u00e9torino","description":"Aliment compl\u00e9mentaire riche en colostrum sous forme de poudre orale, destin\u00e9 aux veaux, agneaux et chevreaux.  Caract\u00e9ristiques :   App\u00e9tent  Apport d\u2019anticorps essentiels au d\u00e9marrage du veau  160g d\u2019immunoglobulines bovines par seau de 400g, soit 40g d\u2019lgG garantis pour lOOg  Certifi\u00e9 I BR n\u00e9gatif  &nbsp;","robots":{"index":"noindex","follow":"nofollow"},"og_locale":"fr_FR","og_type":"article","og_title":"ColosPur Premium Poudre Vetalis - V\u00e9torino","og_description":"Aliment compl\u00e9mentaire riche en colostrum sous forme de poudre orale, destin\u00e9 aux veaux, agneaux et chevreaux.  Caract\u00e9ristiques :   App\u00e9tent  Apport d\u2019anticorps essentiels au d\u00e9marrage du veau  160g d\u2019immunoglobulines bovines par seau de 400g, soit 40g d\u2019lgG garantis pour lOOg  Certifi\u00e9 I BR n\u00e9gatif  &nbsp;","og_url":"https:\/\/www.vetorino.com\/veterinaire\/confolens-16500\/boutique\/product\/colospur-premium-3\/","og_site_name":"V\u00e9torino","article_publisher":"https:\/\/www.facebook.com\/Vetorino\/","article_modified_time":"2025-10-20T13:14:01+00:00","og_image":[{"width":300,"height":300,"url":"https:\/\/www.vetorino.com\/boutique\/wp-content\/uploads\/2025\/08\/VETALIs-4741638.jpg","type":"image\/jpeg"}],"twitter_card":"summary_large_image","twitter_misc":{"Prix":"363,86&euro;","Disponibilit\u00e9":"Rupture de stock"},"schema":{"@context":"https:\/\/schema.org","@graph":[{"@type":"WebPage","@id":"https:\/\/www.vetorino.com\/boutique\/product\/colospur-premium-3\/","url":"https:\/\/www.vetorino.com\/boutique\/product\/colospur-premium-3\/","name":"ColosPur Premium Poudre Vetalis - V\u00e9torino","isPartOf":{"@id":"https:\/\/www.vetorino.com\/boutique\/#website"},"primaryImageOfPage":{"@id":"https:\/\/www.vetorino.com\/boutique\/product\/colospur-premium-3\/#primaryimage"},"image":{"@id":"https:\/\/www.vetorino.com\/boutique\/product\/colospur-premium-3\/#primaryimage"},"thumbnailUrl":"https:\/\/www.vetorino.com\/boutique\/wp-content\/uploads\/2025\/08\/VETALIs-4741638.jpg","datePublished":"2025-08-04T12:43:44+00:00","dateModified":"2025-10-20T13:14:01+00:00","description":"Aliment compl\u00e9mentaire riche en colostrum sous forme de poudre orale, destin\u00e9 aux veaux, agneaux et chevreaux. Caract\u00e9ristiques : App\u00e9tent Apport d\u2019anticorps essentiels au d\u00e9marrage du veau 160g d\u2019immunoglobulines bovines par seau de 400g, soit 40g d\u2019lgG garantis pour lOOg Certifi\u00e9 I BR n\u00e9gatif &nbsp;","breadcrumb":{"@id":"https:\/\/www.vetorino.com\/boutique\/product\/colospur-premium-3\/#breadcrumb"},"inLanguage":"fr-FR","potentialAction":[{"@type":"ReadAction","target":["https:\/\/www.vetorino.com\/boutique\/product\/colospur-premium-3\/"]}]},{"@type":"ImageObject","inLanguage":"fr-FR","@id":"https:\/\/www.vetorino.com\/boutique\/product\/colospur-premium-3\/#primaryimage","url":"https:\/\/www.vetorino.com\/boutique\/wp-content\/uploads\/2025\/08\/VETALIs-4741638.jpg","contentUrl":"https:\/\/www.vetorino.com\/boutique\/wp-content\/uploads\/2025\/08\/VETALIs-4741638.jpg","width":300,"height":300},{"@type":"BreadcrumbList","@id":"https:\/\/www.vetorino.com\/boutique\/product\/colospur-premium-3\/#breadcrumb","itemListElement":[{"@type":"ListItem","position":1,"name":"Accueil","item":"https:\/\/www.vetorino.com\/boutique\/"},{"@type":"ListItem","position":2,"name":"Produits","item":"https:\/\/www.vetorino.com\/boutique\/"},{"@type":"ListItem","position":3,"name":"ColosPur Premium Poudre"}]},{"@type":"WebSite","@id":"https:\/\/www.vetorino.com\/boutique\/#website","url":"https:\/\/www.vetorino.com\/boutique\/","name":"V\u00e9torino","description":"","publisher":{"@id":"https:\/\/www.vetorino.com\/boutique\/#organization"},"potentialAction":[{"@type":"SearchAction","target":{"@type":"EntryPoint","urlTemplate":"https:\/\/www.vetorino.com\/boutique\/?s={search_term_string}"},"query-input":{"@type":"PropertyValueSpecification","valueRequired":true,"valueName":"search_term_string"}}],"inLanguage":"fr-FR"},{"@type":"Organization","@id":"https:\/\/www.vetorino.com\/boutique\/#organization","name":"V\u00e9torino","url":"https:\/\/www.vetorino.com\/boutique\/","logo":{"@type":"ImageObject","inLanguage":"fr-FR","@id":"https:\/\/www.vetorino.com\/boutique\/#\/schema\/logo\/image\/","url":"https:\/\/www.vetorino.com\/boutique\/wp-content\/uploads\/2024\/10\/logo.jpg","contentUrl":"https:\/\/www.vetorino.com\/boutique\/wp-content\/uploads\/2024\/10\/logo.jpg","width":1200,"height":610,"caption":"V\u00e9torino"},"image":{"@id":"https:\/\/www.vetorino.com\/boutique\/#\/schema\/logo\/image\/"},"sameAs":["https:\/\/www.facebook.com\/Vetorino\/","https:\/\/www.instagram.com\/vetorino_off\/","https:\/\/www.linkedin.com\/company\/vtorino\/"]}]},"product_brand":"Vetalis","product_price_amount":"363.86","product_price_currency":"EUR","og_availability":"out of stock","product_availability":"out of stock","product_retailer_item_id":"C-COL017","product_condition":"new"},"_links":{"self":[{"href":"https:\/\/www.vetorino.com\/veterinaire\/confolens-16500\/boutique\/wp-json\/wp\/v2\/product\/1439780","targetHints":{"allow":["GET"]}}],"collection":[{"href":"https:\/\/www.vetorino.com\/veterinaire\/confolens-16500\/boutique\/wp-json\/wp\/v2\/product"}],"about":[{"href":"https:\/\/www.vetorino.com\/veterinaire\/confolens-16500\/boutique\/wp-json\/wp\/v2\/types\/product"}],"wp:featuredmedia":[{"embeddable":true,"href":"https:\/\/www.vetorino.com\/veterinaire\/confolens-16500\/boutique\/wp-json\/wp\/v2\/media\/1439774"}],"wp:attachment":[{"href":"https:\/\/www.vetorino.com\/veterinaire\/confolens-16500\/boutique\/wp-json\/wp\/v2\/media?parent=1439780"}],"wp:term":[{"taxonomy":"product_cat","embeddable":true,"href":"https:\/\/www.vetorino.com\/veterinaire\/confolens-16500\/boutique\/wp-json\/wp\/v2\/product_cat?post=1439780"},{"taxonomy":"product_tag","embeddable":true,"href":"https:\/\/www.vetorino.com\/veterinaire\/confolens-16500\/boutique\/wp-json\/wp\/v2\/product_tag?post=1439780"}],"curies":[{"name":"wp","href":"https:\/\/api.w.org\/{rel}","templated":true}]}}