{"id":1443705,"date":"2025-08-07T14:37:00","date_gmt":"2025-08-07T12:37:00","guid":{"rendered":"https:\/\/www.vetorino.com\/boutique\/product\/le-pre-vert-oxylis\/"},"modified":"2026-03-31T09:41:14","modified_gmt":"2026-03-31T07:41:14","slug":"le-pre-vert-oxylis","status":"publish","type":"product","link":"https:\/\/www.vetorino.com\/veterinaire\/confolens-16500\/boutique\/product\/le-pre-vert-oxylis\/","title":{"rendered":"Oxylis"},"content":{"rendered":"<p><strong>Produit \u00e0 vis\u00e9e r\u00e9pulsive.<\/strong> Le r\u00e9pulsif bio Oxylis Bovins\u00a0agit naturellement <strong>contre les mouches, les tiques, les poux et les gales.<\/strong> Spray contre les parasites externes des bovins.<\/p>\n<p><strong>Protocole :\u00a0<\/strong><\/p>\n<p>40-50ml par bovin<\/p>\n<p>L\u2019utilisation est possible sur les jeunes animaux (&gt;100kg) \u00e0 raison de 20-30 ml en spray.<\/p>\n<p><strong>Mouches, tiques, poux, moucherons<\/strong><\/p>\n<ul>\n<li>Application en\u00a0<strong>spray<\/strong>\u00a0(zones de localisation pr\u00e9f\u00e9rentielle des parasites).<\/li>\n<li>Adapter la fr\u00e9quence de renouvellement \u00e0 la pression parasitaire.<\/li>\n<\/ul>\n<p><strong>Acariens de la gale<\/strong><\/p>\n<ul>\n<li>Application en\u00a0<strong>spray<\/strong>\u00a0(sur les d\u00e9pilations).<\/li>\n<li>2 fois \u00e0 15 jours d\u2019intervalle<\/li>\n<\/ul>\n","protected":false},"excerpt":{"rendered":"<p><strong>Produit \u00e0 vis\u00e9e r\u00e9pulsive.<\/strong> Le r\u00e9pulsif bio Oxylis Bovins\u00a0agit naturellement <strong>contre les mouches, les tiques, les poux et les gales.<\/strong><\/p>\n<p>Spray contre les parasites externes des bovins.<\/p>\n","protected":false},"featured_media":1447896,"template":"","meta":[],"product_cat":[6864,6870],"product_tag":[],"class_list":{"0":"post-1443705","1":"product","2":"type-product","3":"status-publish","4":"has-post-thumbnail","6":"product_cat-animaux-delevage","7":"product_cat-bovins","8":"pa_marque-vetalis","10":"first","11":"instock","12":"taxable","13":"shipping-taxable","14":"purchasable","15":"product-type-variable"},"yoast_head":"<!-- This site is optimized with the Yoast SEO plugin v27.3 - https:\/\/yoast.com\/product\/yoast-seo-wordpress\/ -->\n<title>Oxylis Vetalis - V\u00e9torino<\/title>\n<meta name=\"description\" content=\"Produit \u00e0 vis\u00e9e r\u00e9pulsive. Le r\u00e9pulsif bio Oxylis Bovins\u00a0agit naturellement contre les mouches, les tiques, les poux et les gales.  Spray contre les parasites externes des bovins.\" \/>\n<meta name=\"robots\" content=\"noindex, nofollow\" \/>\n<meta property=\"og:locale\" content=\"fr_FR\" \/>\n<meta property=\"og:type\" content=\"article\" \/>\n<meta property=\"og:title\" content=\"Oxylis Vetalis - V\u00e9torino\" \/>\n<meta property=\"og:description\" content=\"Produit \u00e0 vis\u00e9e r\u00e9pulsive. Le r\u00e9pulsif bio Oxylis Bovins\u00a0agit naturellement contre les mouches, les tiques, les poux et les gales.  Spray contre les parasites externes des bovins.\" \/>\n<meta property=\"og:url\" content=\"https:\/\/www.vetorino.com\/veterinaire\/confolens-16500\/boutique\/product\/le-pre-vert-oxylis\/\" \/>\n<meta property=\"og:site_name\" content=\"V\u00e9torino\" \/>\n<meta property=\"article:publisher\" content=\"https:\/\/www.facebook.com\/Vetorino\/\" \/>\n<meta property=\"article:modified_time\" content=\"2026-03-31T07:41:14+00:00\" \/>\n<meta property=\"og:image\" content=\"https:\/\/www.vetorino.com\/boutique\/wp-content\/uploads\/2025\/08\/oxylis-repulsif-le-pre-vert-vetalis-25l-et-1l-1.png\" \/>\n\t<meta property=\"og:image:width\" content=\"500\" \/>\n\t<meta property=\"og:image:height\" content=\"500\" \/>\n\t<meta property=\"og:image:type\" content=\"image\/png\" \/>\n<meta name=\"twitter:card\" content=\"summary_large_image\" \/>\n<meta name=\"twitter:label1\" content=\"Disponibilit\u00e9\" \/>\n\t<meta name=\"twitter:data1\" content=\"En stock\" \/>\n<script type=\"application\/ld+json\" class=\"yoast-schema-graph\">{\"@context\":\"https:\\\/\\\/schema.org\",\"@graph\":[{\"@type\":\"WebPage\",\"@id\":\"https:\\\/\\\/www.vetorino.com\\\/boutique\\\/product\\\/le-pre-vert-oxylis\\\/\",\"url\":\"https:\\\/\\\/www.vetorino.com\\\/boutique\\\/product\\\/le-pre-vert-oxylis\\\/\",\"name\":\"Oxylis Vetalis - V\u00e9torino\",\"isPartOf\":{\"@id\":\"https:\\\/\\\/www.vetorino.com\\\/boutique\\\/#website\"},\"primaryImageOfPage\":{\"@id\":\"https:\\\/\\\/www.vetorino.com\\\/boutique\\\/product\\\/le-pre-vert-oxylis\\\/#primaryimage\"},\"image\":{\"@id\":\"https:\\\/\\\/www.vetorino.com\\\/boutique\\\/product\\\/le-pre-vert-oxylis\\\/#primaryimage\"},\"thumbnailUrl\":\"https:\\\/\\\/www.vetorino.com\\\/boutique\\\/wp-content\\\/uploads\\\/2025\\\/08\\\/oxylis-repulsif-le-pre-vert-vetalis-25l-et-1l-1.png\",\"datePublished\":\"2025-08-07T12:37:00+00:00\",\"dateModified\":\"2026-03-31T07:41:14+00:00\",\"description\":\"Produit \u00e0 vis\u00e9e r\u00e9pulsive. Le r\u00e9pulsif bio Oxylis Bovins\u00a0agit naturellement contre les mouches, les tiques, les poux et les gales. Spray contre les parasites externes des bovins.\",\"breadcrumb\":{\"@id\":\"https:\\\/\\\/www.vetorino.com\\\/boutique\\\/product\\\/le-pre-vert-oxylis\\\/#breadcrumb\"},\"inLanguage\":\"fr-FR\",\"potentialAction\":[{\"@type\":\"ReadAction\",\"target\":[\"https:\\\/\\\/www.vetorino.com\\\/boutique\\\/product\\\/le-pre-vert-oxylis\\\/\"]}]},{\"@type\":\"ImageObject\",\"inLanguage\":\"fr-FR\",\"@id\":\"https:\\\/\\\/www.vetorino.com\\\/boutique\\\/product\\\/le-pre-vert-oxylis\\\/#primaryimage\",\"url\":\"https:\\\/\\\/www.vetorino.com\\\/boutique\\\/wp-content\\\/uploads\\\/2025\\\/08\\\/oxylis-repulsif-le-pre-vert-vetalis-25l-et-1l-1.png\",\"contentUrl\":\"https:\\\/\\\/www.vetorino.com\\\/boutique\\\/wp-content\\\/uploads\\\/2025\\\/08\\\/oxylis-repulsif-le-pre-vert-vetalis-25l-et-1l-1.png\",\"width\":500,\"height\":500},{\"@type\":\"BreadcrumbList\",\"@id\":\"https:\\\/\\\/www.vetorino.com\\\/boutique\\\/product\\\/le-pre-vert-oxylis\\\/#breadcrumb\",\"itemListElement\":[{\"@type\":\"ListItem\",\"position\":1,\"name\":\"Accueil\",\"item\":\"https:\\\/\\\/www.vetorino.com\\\/boutique\\\/\"},{\"@type\":\"ListItem\",\"position\":2,\"name\":\"Produits\",\"item\":\"https:\\\/\\\/www.vetorino.com\\\/boutique\\\/\"},{\"@type\":\"ListItem\",\"position\":3,\"name\":\"Oxylis\"}]},{\"@type\":\"WebSite\",\"@id\":\"https:\\\/\\\/www.vetorino.com\\\/boutique\\\/#website\",\"url\":\"https:\\\/\\\/www.vetorino.com\\\/boutique\\\/\",\"name\":\"V\u00e9torino\",\"description\":\"\",\"publisher\":{\"@id\":\"https:\\\/\\\/www.vetorino.com\\\/boutique\\\/#organization\"},\"potentialAction\":[{\"@type\":\"SearchAction\",\"target\":{\"@type\":\"EntryPoint\",\"urlTemplate\":\"https:\\\/\\\/www.vetorino.com\\\/boutique\\\/?s={search_term_string}\"},\"query-input\":{\"@type\":\"PropertyValueSpecification\",\"valueRequired\":true,\"valueName\":\"search_term_string\"}}],\"inLanguage\":\"fr-FR\"},{\"@type\":\"Organization\",\"@id\":\"https:\\\/\\\/www.vetorino.com\\\/boutique\\\/#organization\",\"name\":\"V\u00e9torino\",\"url\":\"https:\\\/\\\/www.vetorino.com\\\/boutique\\\/\",\"logo\":{\"@type\":\"ImageObject\",\"inLanguage\":\"fr-FR\",\"@id\":\"https:\\\/\\\/www.vetorino.com\\\/boutique\\\/#\\\/schema\\\/logo\\\/image\\\/\",\"url\":\"https:\\\/\\\/www.vetorino.com\\\/boutique\\\/wp-content\\\/uploads\\\/2024\\\/10\\\/logo.jpg\",\"contentUrl\":\"https:\\\/\\\/www.vetorino.com\\\/boutique\\\/wp-content\\\/uploads\\\/2024\\\/10\\\/logo.jpg\",\"width\":1200,\"height\":610,\"caption\":\"V\u00e9torino\"},\"image\":{\"@id\":\"https:\\\/\\\/www.vetorino.com\\\/boutique\\\/#\\\/schema\\\/logo\\\/image\\\/\"},\"sameAs\":[\"https:\\\/\\\/www.facebook.com\\\/Vetorino\\\/\",\"https:\\\/\\\/www.instagram.com\\\/vetorino_off\\\/\",\"https:\\\/\\\/www.linkedin.com\\\/company\\\/vtorino\\\/\"]}]}<\/script>\n<meta property=\"product:brand\" content=\"Vetalis\" \/>\n<meta property=\"og:availability\" content=\"instock\" \/>\n<meta property=\"product:availability\" content=\"instock\" \/>\n<meta property=\"product:condition\" content=\"new\" \/>\n<!-- \/ Yoast SEO plugin. -->","yoast_head_json":{"title":"Oxylis Vetalis - V\u00e9torino","description":"Produit \u00e0 vis\u00e9e r\u00e9pulsive. Le r\u00e9pulsif bio Oxylis Bovins\u00a0agit naturellement contre les mouches, les tiques, les poux et les gales.  Spray contre les parasites externes des bovins.","robots":{"index":"noindex","follow":"nofollow"},"og_locale":"fr_FR","og_type":"article","og_title":"Oxylis Vetalis - V\u00e9torino","og_description":"Produit \u00e0 vis\u00e9e r\u00e9pulsive. Le r\u00e9pulsif bio Oxylis Bovins\u00a0agit naturellement contre les mouches, les tiques, les poux et les gales.  Spray contre les parasites externes des bovins.","og_url":"https:\/\/www.vetorino.com\/veterinaire\/confolens-16500\/boutique\/product\/le-pre-vert-oxylis\/","og_site_name":"V\u00e9torino","article_publisher":"https:\/\/www.facebook.com\/Vetorino\/","article_modified_time":"2026-03-31T07:41:14+00:00","og_image":[{"width":500,"height":500,"url":"https:\/\/www.vetorino.com\/boutique\/wp-content\/uploads\/2025\/08\/oxylis-repulsif-le-pre-vert-vetalis-25l-et-1l-1.png","type":"image\/png"}],"twitter_card":"summary_large_image","twitter_misc":{"Disponibilit\u00e9":"En stock"},"schema":{"@context":"https:\/\/schema.org","@graph":[{"@type":"WebPage","@id":"https:\/\/www.vetorino.com\/boutique\/product\/le-pre-vert-oxylis\/","url":"https:\/\/www.vetorino.com\/boutique\/product\/le-pre-vert-oxylis\/","name":"Oxylis Vetalis - V\u00e9torino","isPartOf":{"@id":"https:\/\/www.vetorino.com\/boutique\/#website"},"primaryImageOfPage":{"@id":"https:\/\/www.vetorino.com\/boutique\/product\/le-pre-vert-oxylis\/#primaryimage"},"image":{"@id":"https:\/\/www.vetorino.com\/boutique\/product\/le-pre-vert-oxylis\/#primaryimage"},"thumbnailUrl":"https:\/\/www.vetorino.com\/boutique\/wp-content\/uploads\/2025\/08\/oxylis-repulsif-le-pre-vert-vetalis-25l-et-1l-1.png","datePublished":"2025-08-07T12:37:00+00:00","dateModified":"2026-03-31T07:41:14+00:00","description":"Produit \u00e0 vis\u00e9e r\u00e9pulsive. Le r\u00e9pulsif bio Oxylis Bovins\u00a0agit naturellement contre les mouches, les tiques, les poux et les gales. Spray contre les parasites externes des bovins.","breadcrumb":{"@id":"https:\/\/www.vetorino.com\/boutique\/product\/le-pre-vert-oxylis\/#breadcrumb"},"inLanguage":"fr-FR","potentialAction":[{"@type":"ReadAction","target":["https:\/\/www.vetorino.com\/boutique\/product\/le-pre-vert-oxylis\/"]}]},{"@type":"ImageObject","inLanguage":"fr-FR","@id":"https:\/\/www.vetorino.com\/boutique\/product\/le-pre-vert-oxylis\/#primaryimage","url":"https:\/\/www.vetorino.com\/boutique\/wp-content\/uploads\/2025\/08\/oxylis-repulsif-le-pre-vert-vetalis-25l-et-1l-1.png","contentUrl":"https:\/\/www.vetorino.com\/boutique\/wp-content\/uploads\/2025\/08\/oxylis-repulsif-le-pre-vert-vetalis-25l-et-1l-1.png","width":500,"height":500},{"@type":"BreadcrumbList","@id":"https:\/\/www.vetorino.com\/boutique\/product\/le-pre-vert-oxylis\/#breadcrumb","itemListElement":[{"@type":"ListItem","position":1,"name":"Accueil","item":"https:\/\/www.vetorino.com\/boutique\/"},{"@type":"ListItem","position":2,"name":"Produits","item":"https:\/\/www.vetorino.com\/boutique\/"},{"@type":"ListItem","position":3,"name":"Oxylis"}]},{"@type":"WebSite","@id":"https:\/\/www.vetorino.com\/boutique\/#website","url":"https:\/\/www.vetorino.com\/boutique\/","name":"V\u00e9torino","description":"","publisher":{"@id":"https:\/\/www.vetorino.com\/boutique\/#organization"},"potentialAction":[{"@type":"SearchAction","target":{"@type":"EntryPoint","urlTemplate":"https:\/\/www.vetorino.com\/boutique\/?s={search_term_string}"},"query-input":{"@type":"PropertyValueSpecification","valueRequired":true,"valueName":"search_term_string"}}],"inLanguage":"fr-FR"},{"@type":"Organization","@id":"https:\/\/www.vetorino.com\/boutique\/#organization","name":"V\u00e9torino","url":"https:\/\/www.vetorino.com\/boutique\/","logo":{"@type":"ImageObject","inLanguage":"fr-FR","@id":"https:\/\/www.vetorino.com\/boutique\/#\/schema\/logo\/image\/","url":"https:\/\/www.vetorino.com\/boutique\/wp-content\/uploads\/2024\/10\/logo.jpg","contentUrl":"https:\/\/www.vetorino.com\/boutique\/wp-content\/uploads\/2024\/10\/logo.jpg","width":1200,"height":610,"caption":"V\u00e9torino"},"image":{"@id":"https:\/\/www.vetorino.com\/boutique\/#\/schema\/logo\/image\/"},"sameAs":["https:\/\/www.facebook.com\/Vetorino\/","https:\/\/www.instagram.com\/vetorino_off\/","https:\/\/www.linkedin.com\/company\/vtorino\/"]}]},"product_brand":"Vetalis","og_availability":"instock","product_availability":"instock","product_condition":"new"},"_links":{"self":[{"href":"https:\/\/www.vetorino.com\/veterinaire\/confolens-16500\/boutique\/wp-json\/wp\/v2\/product\/1443705","targetHints":{"allow":["GET"]}}],"collection":[{"href":"https:\/\/www.vetorino.com\/veterinaire\/confolens-16500\/boutique\/wp-json\/wp\/v2\/product"}],"about":[{"href":"https:\/\/www.vetorino.com\/veterinaire\/confolens-16500\/boutique\/wp-json\/wp\/v2\/types\/product"}],"wp:featuredmedia":[{"embeddable":true,"href":"https:\/\/www.vetorino.com\/veterinaire\/confolens-16500\/boutique\/wp-json\/wp\/v2\/media\/1447896"}],"wp:attachment":[{"href":"https:\/\/www.vetorino.com\/veterinaire\/confolens-16500\/boutique\/wp-json\/wp\/v2\/media?parent=1443705"}],"wp:term":[{"taxonomy":"product_cat","embeddable":true,"href":"https:\/\/www.vetorino.com\/veterinaire\/confolens-16500\/boutique\/wp-json\/wp\/v2\/product_cat?post=1443705"},{"taxonomy":"product_tag","embeddable":true,"href":"https:\/\/www.vetorino.com\/veterinaire\/confolens-16500\/boutique\/wp-json\/wp\/v2\/product_tag?post=1443705"}],"curies":[{"name":"wp","href":"https:\/\/api.w.org\/{rel}","templated":true}]}}