{"id":1444929,"date":"2025-08-08T16:15:08","date_gmt":"2025-08-08T14:15:08","guid":{"rendered":"https:\/\/www.vetorino.com\/boutique\/product\/tapis-hunter-waterloo\/"},"modified":"2026-04-03T09:41:22","modified_gmt":"2026-04-03T07:41:22","slug":"tapis-hunter-waterloo","status":"publish","type":"product","link":"https:\/\/www.vetorino.com\/veterinaire\/confolens-16500\/boutique\/product\/tapis-hunter-waterloo\/","title":{"rendered":"Tapis Hunter Waterloo"},"content":{"rendered":"<p><strong>Le tapis de contr\u00f4le de la salet\u00e9 WATERLOO absorbe la salet\u00e9 et l&#8217;humidit\u00e9 de mani\u00e8re aussi fiable qu&#8217;une \u00e9ponge.<\/strong><\/p>\n<p>Ce qui colle \u00e0 la fourrure et aux pattes de l&#8217;ami \u00e0 quatre pattes et ne devrait pas entrer dans l&#8217;appartement ou la voiture propre est aspir\u00e9 par WATERLOO.<\/p>\n<p>Le tapis doux et \u00e9pais fonctionne parfaitement comme anti-salet\u00e9.<\/p>\n<p>Il absorbe plusieurs fois son propre poids et permet aux amis \u00e0 quatre pattes mouill\u00e9s de se s\u00e9cher apr\u00e8s une promenade par temps de pluie ou apr\u00e8s un &#8220;bain de boue&#8221; intentionnel ou non.<\/p>\n<p>Le tapis anti-salissures s&#8217;av\u00e8re \u00e9galement \u00eatre une aide pratique au quotidien en voyage, dans la bo\u00eete de transport ou dans le lit du chien \u00e0 la maison, fait gagner du temps et \u00e9pargne vos nerfs.<\/p>\n<p>Ainsi, les amis \u00e0 quatre pattes et les amis \u00e0 deux pattes peuvent profiter de tous les temps pendant que WATERLOO s&#8217;occupe du reste.<\/p>\n<p><strong>Caract\u00e9ristiques :<\/strong><\/p>\n<ul>\n<li>Fond antid\u00e9rapant et imperm\u00e9able.<\/li>\n<li>S\u00e9chage rapide.<\/li>\n<li>Lavable \u00e0 40 \u00b0C.<\/li>\n<li>Mat\u00e9riau sup\u00e9rieur : polyester.<\/li>\n<li>Mat\u00e9riau du fond : TPR.<\/li>\n<\/ul>\n<p><strong>3 dimensions :<\/strong><\/p>\n<ul>\n<li>L60 x P40 cm &#8211; Coloris : Gris<\/li>\n<li>L90 x P60 cm &#8211; Coloris : Gris<\/li>\n<li>L100 x P70 cm &#8211; Coloris : Anthracite<\/li>\n<\/ul>\n<p>&nbsp;<\/p>\n","protected":false},"excerpt":{"rendered":"<p><strong>Le tapis de contr\u00f4le de la salet\u00e9 WATERLOO absorbe la salet\u00e9 et l&#8217;humidit\u00e9 de mani\u00e8re aussi fiable qu&#8217;une \u00e9ponge.<\/strong><\/p>\n<p><strong>Caract\u00e9ristiques :<\/strong><\/p>\n<ul>\n<li>Fond antid\u00e9rapant et imperm\u00e9able.<\/li>\n<li>S\u00e9chage rapide.<\/li>\n<li>Lavable \u00e0 40 \u00b0C.<\/li>\n<\/ul>\n<p><strong>3 dimensions :<\/strong><\/p>\n<ul>\n<li>L60 x P40 cm &#8211; Coloris : Gris<\/li>\n<li>L90 x P60 cm &#8211; Coloris : Gris<\/li>\n<li>L100 x P70 cm &#8211; Coloris : Anthracite<\/li>\n<\/ul>\n","protected":false},"featured_media":1444936,"template":"","meta":[],"product_cat":[12573,12550,2698],"product_tag":[],"class_list":{"0":"post-1444929","1":"product","2":"type-product","3":"status-publish","4":"has-post-thumbnail","6":"product_cat-accessoire-pour-lhygiene-du-chien","7":"product_cat-accessoires-du-chien","8":"product_cat-chien","9":"pa_marque-materiel","11":"first","12":"instock","13":"taxable","14":"shipping-taxable","15":"purchasable","16":"product-type-variable"},"yoast_head":"<!-- This site is optimized with the Yoast SEO plugin v27.3 - https:\/\/yoast.com\/product\/yoast-seo-wordpress\/ -->\n<title>Tapis Hunter Waterloo Mat\u00e9riel - V\u00e9torino<\/title>\n<meta name=\"description\" content=\"Le tapis de contr\u00f4le de la salet\u00e9 WATERLOO absorbe la salet\u00e9 et l&#039;humidit\u00e9 de mani\u00e8re aussi fiable qu&#039;une \u00e9ponge.  Caract\u00e9ristiques :   Fond antid\u00e9rapant et imperm\u00e9able.  S\u00e9chage rapide.  Lavable \u00e0 40 \u00b0C.  3 dimensions :   L60 x P40 cm - Coloris : Gris  L90 x P60 cm - Coloris : Gris  L100 x P70 cm - Coloris : Anthracite\" \/>\n<meta name=\"robots\" content=\"noindex, nofollow\" \/>\n<meta property=\"og:locale\" content=\"fr_FR\" \/>\n<meta property=\"og:type\" content=\"article\" \/>\n<meta property=\"og:title\" content=\"Tapis Hunter Waterloo Mat\u00e9riel - V\u00e9torino\" \/>\n<meta property=\"og:description\" content=\"Le tapis de contr\u00f4le de la salet\u00e9 WATERLOO absorbe la salet\u00e9 et l&#039;humidit\u00e9 de mani\u00e8re aussi fiable qu&#039;une \u00e9ponge.  Caract\u00e9ristiques :   Fond antid\u00e9rapant et imperm\u00e9able.  S\u00e9chage rapide.  Lavable \u00e0 40 \u00b0C.  3 dimensions :   L60 x P40 cm - Coloris : Gris  L90 x P60 cm - Coloris : Gris  L100 x P70 cm - Coloris : Anthracite\" \/>\n<meta property=\"og:url\" content=\"https:\/\/www.vetorino.com\/veterinaire\/confolens-16500\/boutique\/product\/tapis-hunter-waterloo\/\" \/>\n<meta property=\"og:site_name\" content=\"V\u00e9torino\" \/>\n<meta property=\"article:publisher\" content=\"https:\/\/www.facebook.com\/Vetorino\/\" \/>\n<meta property=\"article:modified_time\" content=\"2026-04-03T07:41:22+00:00\" \/>\n<meta property=\"og:image\" content=\"https:\/\/www.vetorino.com\/boutique\/wp-content\/uploads\/2025\/08\/hunter-tapis-absorbant-waterloo-gris-90-x-60-cm-2052199-fr.jpg\" \/>\n\t<meta property=\"og:image:width\" content=\"800\" \/>\n\t<meta property=\"og:image:height\" content=\"311\" \/>\n\t<meta property=\"og:image:type\" content=\"image\/jpeg\" \/>\n<meta name=\"twitter:card\" content=\"summary_large_image\" \/>\n<meta name=\"twitter:label1\" content=\"Disponibilit\u00e9\" \/>\n\t<meta name=\"twitter:data1\" content=\"En stock\" \/>\n<script type=\"application\/ld+json\" class=\"yoast-schema-graph\">{\"@context\":\"https:\\\/\\\/schema.org\",\"@graph\":[{\"@type\":\"WebPage\",\"@id\":\"https:\\\/\\\/www.vetorino.com\\\/boutique\\\/product\\\/tapis-hunter-waterloo\\\/\",\"url\":\"https:\\\/\\\/www.vetorino.com\\\/boutique\\\/product\\\/tapis-hunter-waterloo\\\/\",\"name\":\"Tapis Hunter Waterloo Mat\u00e9riel - V\u00e9torino\",\"isPartOf\":{\"@id\":\"https:\\\/\\\/www.vetorino.com\\\/boutique\\\/#website\"},\"primaryImageOfPage\":{\"@id\":\"https:\\\/\\\/www.vetorino.com\\\/boutique\\\/product\\\/tapis-hunter-waterloo\\\/#primaryimage\"},\"image\":{\"@id\":\"https:\\\/\\\/www.vetorino.com\\\/boutique\\\/product\\\/tapis-hunter-waterloo\\\/#primaryimage\"},\"thumbnailUrl\":\"https:\\\/\\\/www.vetorino.com\\\/boutique\\\/wp-content\\\/uploads\\\/2025\\\/08\\\/hunter-tapis-absorbant-waterloo-gris-90-x-60-cm-2052199-fr.jpg\",\"datePublished\":\"2025-08-08T14:15:08+00:00\",\"dateModified\":\"2026-04-03T07:41:22+00:00\",\"description\":\"Le tapis de contr\u00f4le de la salet\u00e9 WATERLOO absorbe la salet\u00e9 et l'humidit\u00e9 de mani\u00e8re aussi fiable qu'une \u00e9ponge. Caract\u00e9ristiques : Fond antid\u00e9rapant et imperm\u00e9able. S\u00e9chage rapide. Lavable \u00e0 40 \u00b0C. 3 dimensions : L60 x P40 cm - Coloris : Gris L90 x P60 cm - Coloris : Gris L100 x P70 cm - Coloris : Anthracite\",\"breadcrumb\":{\"@id\":\"https:\\\/\\\/www.vetorino.com\\\/boutique\\\/product\\\/tapis-hunter-waterloo\\\/#breadcrumb\"},\"inLanguage\":\"fr-FR\",\"potentialAction\":[{\"@type\":\"ReadAction\",\"target\":[\"https:\\\/\\\/www.vetorino.com\\\/boutique\\\/product\\\/tapis-hunter-waterloo\\\/\"]}]},{\"@type\":\"ImageObject\",\"inLanguage\":\"fr-FR\",\"@id\":\"https:\\\/\\\/www.vetorino.com\\\/boutique\\\/product\\\/tapis-hunter-waterloo\\\/#primaryimage\",\"url\":\"https:\\\/\\\/www.vetorino.com\\\/boutique\\\/wp-content\\\/uploads\\\/2025\\\/08\\\/hunter-tapis-absorbant-waterloo-gris-90-x-60-cm-2052199-fr.jpg\",\"contentUrl\":\"https:\\\/\\\/www.vetorino.com\\\/boutique\\\/wp-content\\\/uploads\\\/2025\\\/08\\\/hunter-tapis-absorbant-waterloo-gris-90-x-60-cm-2052199-fr.jpg\",\"width\":800,\"height\":311},{\"@type\":\"BreadcrumbList\",\"@id\":\"https:\\\/\\\/www.vetorino.com\\\/boutique\\\/product\\\/tapis-hunter-waterloo\\\/#breadcrumb\",\"itemListElement\":[{\"@type\":\"ListItem\",\"position\":1,\"name\":\"Accueil\",\"item\":\"https:\\\/\\\/www.vetorino.com\\\/boutique\\\/\"},{\"@type\":\"ListItem\",\"position\":2,\"name\":\"Produits\",\"item\":\"https:\\\/\\\/www.vetorino.com\\\/boutique\\\/\"},{\"@type\":\"ListItem\",\"position\":3,\"name\":\"Tapis Hunter Waterloo\"}]},{\"@type\":\"WebSite\",\"@id\":\"https:\\\/\\\/www.vetorino.com\\\/boutique\\\/#website\",\"url\":\"https:\\\/\\\/www.vetorino.com\\\/boutique\\\/\",\"name\":\"V\u00e9torino\",\"description\":\"\",\"publisher\":{\"@id\":\"https:\\\/\\\/www.vetorino.com\\\/boutique\\\/#organization\"},\"potentialAction\":[{\"@type\":\"SearchAction\",\"target\":{\"@type\":\"EntryPoint\",\"urlTemplate\":\"https:\\\/\\\/www.vetorino.com\\\/boutique\\\/?s={search_term_string}\"},\"query-input\":{\"@type\":\"PropertyValueSpecification\",\"valueRequired\":true,\"valueName\":\"search_term_string\"}}],\"inLanguage\":\"fr-FR\"},{\"@type\":\"Organization\",\"@id\":\"https:\\\/\\\/www.vetorino.com\\\/boutique\\\/#organization\",\"name\":\"V\u00e9torino\",\"url\":\"https:\\\/\\\/www.vetorino.com\\\/boutique\\\/\",\"logo\":{\"@type\":\"ImageObject\",\"inLanguage\":\"fr-FR\",\"@id\":\"https:\\\/\\\/www.vetorino.com\\\/boutique\\\/#\\\/schema\\\/logo\\\/image\\\/\",\"url\":\"https:\\\/\\\/www.vetorino.com\\\/boutique\\\/wp-content\\\/uploads\\\/2024\\\/10\\\/logo.jpg\",\"contentUrl\":\"https:\\\/\\\/www.vetorino.com\\\/boutique\\\/wp-content\\\/uploads\\\/2024\\\/10\\\/logo.jpg\",\"width\":1200,\"height\":610,\"caption\":\"V\u00e9torino\"},\"image\":{\"@id\":\"https:\\\/\\\/www.vetorino.com\\\/boutique\\\/#\\\/schema\\\/logo\\\/image\\\/\"},\"sameAs\":[\"https:\\\/\\\/www.facebook.com\\\/Vetorino\\\/\",\"https:\\\/\\\/www.instagram.com\\\/vetorino_off\\\/\",\"https:\\\/\\\/www.linkedin.com\\\/company\\\/vtorino\\\/\"]}]}<\/script>\n<meta property=\"product:brand\" content=\"Mat\u00e9riel\" \/>\n<meta property=\"og:availability\" content=\"instock\" \/>\n<meta property=\"product:availability\" content=\"instock\" \/>\n<meta property=\"product:condition\" content=\"new\" \/>\n<!-- \/ Yoast SEO plugin. -->","yoast_head_json":{"title":"Tapis Hunter Waterloo Mat\u00e9riel - V\u00e9torino","description":"Le tapis de contr\u00f4le de la salet\u00e9 WATERLOO absorbe la salet\u00e9 et l'humidit\u00e9 de mani\u00e8re aussi fiable qu'une \u00e9ponge.  Caract\u00e9ristiques :   Fond antid\u00e9rapant et imperm\u00e9able.  S\u00e9chage rapide.  Lavable \u00e0 40 \u00b0C.  3 dimensions :   L60 x P40 cm - Coloris : Gris  L90 x P60 cm - Coloris : Gris  L100 x P70 cm - Coloris : Anthracite","robots":{"index":"noindex","follow":"nofollow"},"og_locale":"fr_FR","og_type":"article","og_title":"Tapis Hunter Waterloo Mat\u00e9riel - V\u00e9torino","og_description":"Le tapis de contr\u00f4le de la salet\u00e9 WATERLOO absorbe la salet\u00e9 et l'humidit\u00e9 de mani\u00e8re aussi fiable qu'une \u00e9ponge.  Caract\u00e9ristiques :   Fond antid\u00e9rapant et imperm\u00e9able.  S\u00e9chage rapide.  Lavable \u00e0 40 \u00b0C.  3 dimensions :   L60 x P40 cm - Coloris : Gris  L90 x P60 cm - Coloris : Gris  L100 x P70 cm - Coloris : Anthracite","og_url":"https:\/\/www.vetorino.com\/veterinaire\/confolens-16500\/boutique\/product\/tapis-hunter-waterloo\/","og_site_name":"V\u00e9torino","article_publisher":"https:\/\/www.facebook.com\/Vetorino\/","article_modified_time":"2026-04-03T07:41:22+00:00","og_image":[{"width":800,"height":311,"url":"https:\/\/www.vetorino.com\/boutique\/wp-content\/uploads\/2025\/08\/hunter-tapis-absorbant-waterloo-gris-90-x-60-cm-2052199-fr.jpg","type":"image\/jpeg"}],"twitter_card":"summary_large_image","twitter_misc":{"Disponibilit\u00e9":"En stock"},"schema":{"@context":"https:\/\/schema.org","@graph":[{"@type":"WebPage","@id":"https:\/\/www.vetorino.com\/boutique\/product\/tapis-hunter-waterloo\/","url":"https:\/\/www.vetorino.com\/boutique\/product\/tapis-hunter-waterloo\/","name":"Tapis Hunter Waterloo Mat\u00e9riel - V\u00e9torino","isPartOf":{"@id":"https:\/\/www.vetorino.com\/boutique\/#website"},"primaryImageOfPage":{"@id":"https:\/\/www.vetorino.com\/boutique\/product\/tapis-hunter-waterloo\/#primaryimage"},"image":{"@id":"https:\/\/www.vetorino.com\/boutique\/product\/tapis-hunter-waterloo\/#primaryimage"},"thumbnailUrl":"https:\/\/www.vetorino.com\/boutique\/wp-content\/uploads\/2025\/08\/hunter-tapis-absorbant-waterloo-gris-90-x-60-cm-2052199-fr.jpg","datePublished":"2025-08-08T14:15:08+00:00","dateModified":"2026-04-03T07:41:22+00:00","description":"Le tapis de contr\u00f4le de la salet\u00e9 WATERLOO absorbe la salet\u00e9 et l'humidit\u00e9 de mani\u00e8re aussi fiable qu'une \u00e9ponge. Caract\u00e9ristiques : Fond antid\u00e9rapant et imperm\u00e9able. S\u00e9chage rapide. Lavable \u00e0 40 \u00b0C. 3 dimensions : L60 x P40 cm - Coloris : Gris L90 x P60 cm - Coloris : Gris L100 x P70 cm - Coloris : Anthracite","breadcrumb":{"@id":"https:\/\/www.vetorino.com\/boutique\/product\/tapis-hunter-waterloo\/#breadcrumb"},"inLanguage":"fr-FR","potentialAction":[{"@type":"ReadAction","target":["https:\/\/www.vetorino.com\/boutique\/product\/tapis-hunter-waterloo\/"]}]},{"@type":"ImageObject","inLanguage":"fr-FR","@id":"https:\/\/www.vetorino.com\/boutique\/product\/tapis-hunter-waterloo\/#primaryimage","url":"https:\/\/www.vetorino.com\/boutique\/wp-content\/uploads\/2025\/08\/hunter-tapis-absorbant-waterloo-gris-90-x-60-cm-2052199-fr.jpg","contentUrl":"https:\/\/www.vetorino.com\/boutique\/wp-content\/uploads\/2025\/08\/hunter-tapis-absorbant-waterloo-gris-90-x-60-cm-2052199-fr.jpg","width":800,"height":311},{"@type":"BreadcrumbList","@id":"https:\/\/www.vetorino.com\/boutique\/product\/tapis-hunter-waterloo\/#breadcrumb","itemListElement":[{"@type":"ListItem","position":1,"name":"Accueil","item":"https:\/\/www.vetorino.com\/boutique\/"},{"@type":"ListItem","position":2,"name":"Produits","item":"https:\/\/www.vetorino.com\/boutique\/"},{"@type":"ListItem","position":3,"name":"Tapis Hunter Waterloo"}]},{"@type":"WebSite","@id":"https:\/\/www.vetorino.com\/boutique\/#website","url":"https:\/\/www.vetorino.com\/boutique\/","name":"V\u00e9torino","description":"","publisher":{"@id":"https:\/\/www.vetorino.com\/boutique\/#organization"},"potentialAction":[{"@type":"SearchAction","target":{"@type":"EntryPoint","urlTemplate":"https:\/\/www.vetorino.com\/boutique\/?s={search_term_string}"},"query-input":{"@type":"PropertyValueSpecification","valueRequired":true,"valueName":"search_term_string"}}],"inLanguage":"fr-FR"},{"@type":"Organization","@id":"https:\/\/www.vetorino.com\/boutique\/#organization","name":"V\u00e9torino","url":"https:\/\/www.vetorino.com\/boutique\/","logo":{"@type":"ImageObject","inLanguage":"fr-FR","@id":"https:\/\/www.vetorino.com\/boutique\/#\/schema\/logo\/image\/","url":"https:\/\/www.vetorino.com\/boutique\/wp-content\/uploads\/2024\/10\/logo.jpg","contentUrl":"https:\/\/www.vetorino.com\/boutique\/wp-content\/uploads\/2024\/10\/logo.jpg","width":1200,"height":610,"caption":"V\u00e9torino"},"image":{"@id":"https:\/\/www.vetorino.com\/boutique\/#\/schema\/logo\/image\/"},"sameAs":["https:\/\/www.facebook.com\/Vetorino\/","https:\/\/www.instagram.com\/vetorino_off\/","https:\/\/www.linkedin.com\/company\/vtorino\/"]}]},"product_brand":"Mat\u00e9riel","og_availability":"instock","product_availability":"instock","product_condition":"new"},"_links":{"self":[{"href":"https:\/\/www.vetorino.com\/veterinaire\/confolens-16500\/boutique\/wp-json\/wp\/v2\/product\/1444929","targetHints":{"allow":["GET"]}}],"collection":[{"href":"https:\/\/www.vetorino.com\/veterinaire\/confolens-16500\/boutique\/wp-json\/wp\/v2\/product"}],"about":[{"href":"https:\/\/www.vetorino.com\/veterinaire\/confolens-16500\/boutique\/wp-json\/wp\/v2\/types\/product"}],"wp:featuredmedia":[{"embeddable":true,"href":"https:\/\/www.vetorino.com\/veterinaire\/confolens-16500\/boutique\/wp-json\/wp\/v2\/media\/1444936"}],"wp:attachment":[{"href":"https:\/\/www.vetorino.com\/veterinaire\/confolens-16500\/boutique\/wp-json\/wp\/v2\/media?parent=1444929"}],"wp:term":[{"taxonomy":"product_cat","embeddable":true,"href":"https:\/\/www.vetorino.com\/veterinaire\/confolens-16500\/boutique\/wp-json\/wp\/v2\/product_cat?post=1444929"},{"taxonomy":"product_tag","embeddable":true,"href":"https:\/\/www.vetorino.com\/veterinaire\/confolens-16500\/boutique\/wp-json\/wp\/v2\/product_tag?post=1444929"}],"curies":[{"name":"wp","href":"https:\/\/api.w.org\/{rel}","templated":true}]}}