{"id":1455669,"date":"2025-08-18T09:35:09","date_gmt":"2025-08-18T07:35:09","guid":{"rendered":"https:\/\/www.vetorino.com\/boutique\/product\/corbeille-hunter-loppa\/"},"modified":"2026-02-26T17:59:46","modified_gmt":"2026-02-26T16:59:46","slug":"corbeille-hunter-loppa","status":"publish","type":"product","link":"https:\/\/www.vetorino.com\/veterinaire\/confolens-16500\/boutique\/product\/corbeille-hunter-loppa\/","title":{"rendered":"Corbeille Hunter Loppa"},"content":{"rendered":"<div class=\"text-sm prose\">\n<p>Le panier pour chiens et chats LOPPA est id\u00e9ale pour tous les amis \u00e0 quatre pattes. <strong>Il offre l&#8217;occasion id\u00e9ale de dormir, de se d\u00e9tendre et de se lover. <\/strong><\/p>\n<p>Si le coussin pour chien se salit, le rembourrage peut \u00eatre enti\u00e8rement retir\u00e9 gr\u00e2ce \u00e0 des fermetures \u00e9clair et la housse <strong>peut \u00eatre facilement nettoy\u00e9e dans la machine \u00e0 laver<\/strong> \u00e0 30\u00b0C.<\/p>\n<p><strong>Caract\u00e9ristiques :<\/strong><\/p>\n<\/div>\n<div class=\"pt-2 text-sm prose\">\n<ul>\n<li>Coussin pour chien et chat en peluche douce (polyester)<\/li>\n<li>L&#8217;endroit id\u00e9al pour dormir, se d\u00e9tendre et se blottir<\/li>\n<li>Le rembourrage peut \u00eatre enti\u00e8rement retir\u00e9 gr\u00e2ce aux fermetures \u00e9clair<\/li>\n<li>Avec un dessous antid\u00e9rapant<\/li>\n<li>Couverture lavable \u00e0 30\u00b0C<\/li>\n<li>D : 50 cm &#8211; Blanc<\/li>\n<\/ul>\n<\/div>\n","protected":false},"excerpt":{"rendered":"<div class=\"text-sm prose\">\n<p>Le panier pour chiens et chats LOPPA est id\u00e9ale pour tous les amis \u00e0 quatre pattes. <strong>Il offre l&#8217;occasion id\u00e9ale de dormir, de se d\u00e9tendre et de se lover.<\/strong><\/p>\n<p>Si le coussin pour chien se salit, le rembourrage peut \u00eatre enti\u00e8rement retir\u00e9 gr\u00e2ce \u00e0 des fermetures \u00e9clair et la housse<strong> peut \u00eatre facilement nettoy\u00e9e dans la machine \u00e0 laver<\/strong> \u00e0 30\u00b0C.<\/p>\n<p><strong>Caract\u00e9ristiques :<\/strong><\/p>\n<\/div>\n<div class=\"pt-2 text-sm prose\">\n<ul>\n<li>Coussin pour chien et chat en peluche douce (polyester)<\/li>\n<li>L&#8217;endroit id\u00e9al pour dormir, se d\u00e9tendre et se blottir<\/li>\n<li>Le rembourrage peut \u00eatre enti\u00e8rement retir\u00e9 gr\u00e2ce aux fermetures \u00e9clair<\/li>\n<li>Avec un dessous antid\u00e9rapant<\/li>\n<li>Couverture lavable \u00e0 30\u00b0C<\/li>\n<li>D : 50 cm &#8211; Blanc<\/li>\n<\/ul>\n<\/div>\n","protected":false},"featured_media":1455692,"template":"","meta":[],"product_cat":[12548,12550,2697,2698,12595,12596],"product_tag":[],"class_list":{"0":"post-1455669","1":"product","2":"type-product","3":"status-publish","4":"has-post-thumbnail","6":"product_cat-accessoire-du-chat","7":"product_cat-accessoires-du-chien","8":"product_cat-chat","9":"product_cat-chien","10":"product_cat-confort-du-chat","11":"product_cat-confort-du-chien","12":"pa_marque-materiel","14":"first","15":"instock","16":"taxable","17":"shipping-taxable","18":"purchasable","19":"product-type-simple"},"yoast_head":"<!-- This site is optimized with the Yoast SEO plugin v27.3 - https:\/\/yoast.com\/product\/yoast-seo-wordpress\/ -->\n<title>Corbeille Hunter Loppa Mat\u00e9riel - V\u00e9torino<\/title>\n<meta name=\"description\" content=\"Le panier pour chiens et chats LOPPA est id\u00e9ale pour tous les amis \u00e0 quatre pattes. Il offre l&#039;occasion id\u00e9ale de dormir, de se d\u00e9tendre et de se lover.  Si le coussin pour chien se salit, le rembourrage peut \u00eatre enti\u00e8rement retir\u00e9 gr\u00e2ce \u00e0 des fermetures \u00e9clair et la housse peut \u00eatre facilement nettoy\u00e9e dans la machine \u00e0 laver \u00e0 30\u00b0C.  Caract\u00e9ristiques :      Coussin pour chien et chat en peluche douce (polyester)  L&#039;endroit id\u00e9al pour dormir, se d\u00e9tendre et se blottir  Le rembourrage peut \u00eatre enti\u00e8rement retir\u00e9 gr\u00e2ce aux fermetures \u00e9clair  Avec un dessous antid\u00e9rapant  Couverture lavable \u00e0 30\u00b0C  D : 50 cm - Blanc\" \/>\n<meta name=\"robots\" content=\"noindex, nofollow\" \/>\n<meta property=\"og:locale\" content=\"fr_FR\" \/>\n<meta property=\"og:type\" content=\"article\" \/>\n<meta property=\"og:title\" content=\"Corbeille Hunter Loppa Mat\u00e9riel - V\u00e9torino\" \/>\n<meta property=\"og:description\" content=\"Le panier pour chiens et chats LOPPA est id\u00e9ale pour tous les amis \u00e0 quatre pattes. Il offre l&#039;occasion id\u00e9ale de dormir, de se d\u00e9tendre et de se lover.  Si le coussin pour chien se salit, le rembourrage peut \u00eatre enti\u00e8rement retir\u00e9 gr\u00e2ce \u00e0 des fermetures \u00e9clair et la housse peut \u00eatre facilement nettoy\u00e9e dans la machine \u00e0 laver \u00e0 30\u00b0C.  Caract\u00e9ristiques :      Coussin pour chien et chat en peluche douce (polyester)  L&#039;endroit id\u00e9al pour dormir, se d\u00e9tendre et se blottir  Le rembourrage peut \u00eatre enti\u00e8rement retir\u00e9 gr\u00e2ce aux fermetures \u00e9clair  Avec un dessous antid\u00e9rapant  Couverture lavable \u00e0 30\u00b0C  D : 50 cm - Blanc\" \/>\n<meta property=\"og:url\" content=\"https:\/\/www.vetorino.com\/veterinaire\/confolens-16500\/boutique\/product\/corbeille-hunter-loppa\/\" \/>\n<meta property=\"og:site_name\" content=\"V\u00e9torino\" \/>\n<meta property=\"article:publisher\" content=\"https:\/\/www.facebook.com\/Vetorino\/\" \/>\n<meta property=\"article:modified_time\" content=\"2026-02-26T16:59:46+00:00\" \/>\n<meta property=\"og:image\" content=\"https:\/\/www.vetorino.com\/boutique\/wp-content\/uploads\/2025\/08\/Capture-decran-2025-08-18-a-10.00.34.png\" \/>\n\t<meta property=\"og:image:width\" content=\"640\" \/>\n\t<meta property=\"og:image:height\" content=\"552\" \/>\n\t<meta property=\"og:image:type\" content=\"image\/png\" \/>\n<meta name=\"twitter:card\" content=\"summary_large_image\" \/>\n<meta name=\"twitter:label1\" content=\"Prix\" \/>\n\t<meta name=\"twitter:data1\" content=\"26,70&euro;\" \/>\n\t<meta name=\"twitter:label2\" content=\"Disponibilit\u00e9\" \/>\n\t<meta name=\"twitter:data2\" content=\"En stock\" \/>\n<script type=\"application\/ld+json\" class=\"yoast-schema-graph\">{\"@context\":\"https:\\\/\\\/schema.org\",\"@graph\":[{\"@type\":\"WebPage\",\"@id\":\"https:\\\/\\\/www.vetorino.com\\\/boutique\\\/product\\\/corbeille-hunter-loppa\\\/\",\"url\":\"https:\\\/\\\/www.vetorino.com\\\/boutique\\\/product\\\/corbeille-hunter-loppa\\\/\",\"name\":\"Corbeille Hunter Loppa Mat\u00e9riel - V\u00e9torino\",\"isPartOf\":{\"@id\":\"https:\\\/\\\/www.vetorino.com\\\/boutique\\\/#website\"},\"primaryImageOfPage\":{\"@id\":\"https:\\\/\\\/www.vetorino.com\\\/boutique\\\/product\\\/corbeille-hunter-loppa\\\/#primaryimage\"},\"image\":{\"@id\":\"https:\\\/\\\/www.vetorino.com\\\/boutique\\\/product\\\/corbeille-hunter-loppa\\\/#primaryimage\"},\"thumbnailUrl\":\"https:\\\/\\\/www.vetorino.com\\\/boutique\\\/wp-content\\\/uploads\\\/2025\\\/08\\\/Capture-decran-2025-08-18-a-10.00.34.png\",\"datePublished\":\"2025-08-18T07:35:09+00:00\",\"dateModified\":\"2026-02-26T16:59:46+00:00\",\"description\":\"Le panier pour chiens et chats LOPPA est id\u00e9ale pour tous les amis \u00e0 quatre pattes. Il offre l'occasion id\u00e9ale de dormir, de se d\u00e9tendre et de se lover. Si le coussin pour chien se salit, le rembourrage peut \u00eatre enti\u00e8rement retir\u00e9 gr\u00e2ce \u00e0 des fermetures \u00e9clair et la housse peut \u00eatre facilement nettoy\u00e9e dans la machine \u00e0 laver \u00e0 30\u00b0C. Caract\u00e9ristiques : Coussin pour chien et chat en peluche douce (polyester) L'endroit id\u00e9al pour dormir, se d\u00e9tendre et se blottir Le rembourrage peut \u00eatre enti\u00e8rement retir\u00e9 gr\u00e2ce aux fermetures \u00e9clair Avec un dessous antid\u00e9rapant Couverture lavable \u00e0 30\u00b0C D : 50 cm - Blanc\",\"breadcrumb\":{\"@id\":\"https:\\\/\\\/www.vetorino.com\\\/boutique\\\/product\\\/corbeille-hunter-loppa\\\/#breadcrumb\"},\"inLanguage\":\"fr-FR\",\"potentialAction\":[{\"@type\":\"ReadAction\",\"target\":[\"https:\\\/\\\/www.vetorino.com\\\/boutique\\\/product\\\/corbeille-hunter-loppa\\\/\"]}]},{\"@type\":\"ImageObject\",\"inLanguage\":\"fr-FR\",\"@id\":\"https:\\\/\\\/www.vetorino.com\\\/boutique\\\/product\\\/corbeille-hunter-loppa\\\/#primaryimage\",\"url\":\"https:\\\/\\\/www.vetorino.com\\\/boutique\\\/wp-content\\\/uploads\\\/2025\\\/08\\\/Capture-decran-2025-08-18-a-10.00.34.png\",\"contentUrl\":\"https:\\\/\\\/www.vetorino.com\\\/boutique\\\/wp-content\\\/uploads\\\/2025\\\/08\\\/Capture-decran-2025-08-18-a-10.00.34.png\",\"width\":640,\"height\":552},{\"@type\":\"BreadcrumbList\",\"@id\":\"https:\\\/\\\/www.vetorino.com\\\/boutique\\\/product\\\/corbeille-hunter-loppa\\\/#breadcrumb\",\"itemListElement\":[{\"@type\":\"ListItem\",\"position\":1,\"name\":\"Accueil\",\"item\":\"https:\\\/\\\/www.vetorino.com\\\/boutique\\\/\"},{\"@type\":\"ListItem\",\"position\":2,\"name\":\"Produits\",\"item\":\"https:\\\/\\\/www.vetorino.com\\\/boutique\\\/\"},{\"@type\":\"ListItem\",\"position\":3,\"name\":\"Corbeille Hunter Loppa\"}]},{\"@type\":\"WebSite\",\"@id\":\"https:\\\/\\\/www.vetorino.com\\\/boutique\\\/#website\",\"url\":\"https:\\\/\\\/www.vetorino.com\\\/boutique\\\/\",\"name\":\"V\u00e9torino\",\"description\":\"\",\"publisher\":{\"@id\":\"https:\\\/\\\/www.vetorino.com\\\/boutique\\\/#organization\"},\"potentialAction\":[{\"@type\":\"SearchAction\",\"target\":{\"@type\":\"EntryPoint\",\"urlTemplate\":\"https:\\\/\\\/www.vetorino.com\\\/boutique\\\/?s={search_term_string}\"},\"query-input\":{\"@type\":\"PropertyValueSpecification\",\"valueRequired\":true,\"valueName\":\"search_term_string\"}}],\"inLanguage\":\"fr-FR\"},{\"@type\":\"Organization\",\"@id\":\"https:\\\/\\\/www.vetorino.com\\\/boutique\\\/#organization\",\"name\":\"V\u00e9torino\",\"url\":\"https:\\\/\\\/www.vetorino.com\\\/boutique\\\/\",\"logo\":{\"@type\":\"ImageObject\",\"inLanguage\":\"fr-FR\",\"@id\":\"https:\\\/\\\/www.vetorino.com\\\/boutique\\\/#\\\/schema\\\/logo\\\/image\\\/\",\"url\":\"https:\\\/\\\/www.vetorino.com\\\/boutique\\\/wp-content\\\/uploads\\\/2024\\\/10\\\/logo.jpg\",\"contentUrl\":\"https:\\\/\\\/www.vetorino.com\\\/boutique\\\/wp-content\\\/uploads\\\/2024\\\/10\\\/logo.jpg\",\"width\":1200,\"height\":610,\"caption\":\"V\u00e9torino\"},\"image\":{\"@id\":\"https:\\\/\\\/www.vetorino.com\\\/boutique\\\/#\\\/schema\\\/logo\\\/image\\\/\"},\"sameAs\":[\"https:\\\/\\\/www.facebook.com\\\/Vetorino\\\/\",\"https:\\\/\\\/www.instagram.com\\\/vetorino_off\\\/\",\"https:\\\/\\\/www.linkedin.com\\\/company\\\/vtorino\\\/\"]}]}<\/script>\n<meta property=\"product:brand\" content=\"Mat\u00e9riel\" \/>\n<meta property=\"product:price:amount\" content=\"26.70\" \/>\n<meta property=\"product:price:currency\" content=\"EUR\" \/>\n<meta property=\"og:availability\" content=\"instock\" \/>\n<meta property=\"product:availability\" content=\"instock\" \/>\n<meta property=\"product:retailer_item_id\" content=\"C-COR865\" \/>\n<meta property=\"product:condition\" content=\"new\" \/>\n<!-- \/ Yoast SEO plugin. -->","yoast_head_json":{"title":"Corbeille Hunter Loppa Mat\u00e9riel - V\u00e9torino","description":"Le panier pour chiens et chats LOPPA est id\u00e9ale pour tous les amis \u00e0 quatre pattes. Il offre l'occasion id\u00e9ale de dormir, de se d\u00e9tendre et de se lover.  Si le coussin pour chien se salit, le rembourrage peut \u00eatre enti\u00e8rement retir\u00e9 gr\u00e2ce \u00e0 des fermetures \u00e9clair et la housse peut \u00eatre facilement nettoy\u00e9e dans la machine \u00e0 laver \u00e0 30\u00b0C.  Caract\u00e9ristiques :      Coussin pour chien et chat en peluche douce (polyester)  L'endroit id\u00e9al pour dormir, se d\u00e9tendre et se blottir  Le rembourrage peut \u00eatre enti\u00e8rement retir\u00e9 gr\u00e2ce aux fermetures \u00e9clair  Avec un dessous antid\u00e9rapant  Couverture lavable \u00e0 30\u00b0C  D : 50 cm - Blanc","robots":{"index":"noindex","follow":"nofollow"},"og_locale":"fr_FR","og_type":"article","og_title":"Corbeille Hunter Loppa Mat\u00e9riel - V\u00e9torino","og_description":"Le panier pour chiens et chats LOPPA est id\u00e9ale pour tous les amis \u00e0 quatre pattes. Il offre l'occasion id\u00e9ale de dormir, de se d\u00e9tendre et de se lover.  Si le coussin pour chien se salit, le rembourrage peut \u00eatre enti\u00e8rement retir\u00e9 gr\u00e2ce \u00e0 des fermetures \u00e9clair et la housse peut \u00eatre facilement nettoy\u00e9e dans la machine \u00e0 laver \u00e0 30\u00b0C.  Caract\u00e9ristiques :      Coussin pour chien et chat en peluche douce (polyester)  L'endroit id\u00e9al pour dormir, se d\u00e9tendre et se blottir  Le rembourrage peut \u00eatre enti\u00e8rement retir\u00e9 gr\u00e2ce aux fermetures \u00e9clair  Avec un dessous antid\u00e9rapant  Couverture lavable \u00e0 30\u00b0C  D : 50 cm - Blanc","og_url":"https:\/\/www.vetorino.com\/veterinaire\/confolens-16500\/boutique\/product\/corbeille-hunter-loppa\/","og_site_name":"V\u00e9torino","article_publisher":"https:\/\/www.facebook.com\/Vetorino\/","article_modified_time":"2026-02-26T16:59:46+00:00","og_image":[{"width":640,"height":552,"url":"https:\/\/www.vetorino.com\/boutique\/wp-content\/uploads\/2025\/08\/Capture-decran-2025-08-18-a-10.00.34.png","type":"image\/png"}],"twitter_card":"summary_large_image","twitter_misc":{"Prix":"26,70&euro;","Disponibilit\u00e9":"En stock"},"schema":{"@context":"https:\/\/schema.org","@graph":[{"@type":"WebPage","@id":"https:\/\/www.vetorino.com\/boutique\/product\/corbeille-hunter-loppa\/","url":"https:\/\/www.vetorino.com\/boutique\/product\/corbeille-hunter-loppa\/","name":"Corbeille Hunter Loppa Mat\u00e9riel - V\u00e9torino","isPartOf":{"@id":"https:\/\/www.vetorino.com\/boutique\/#website"},"primaryImageOfPage":{"@id":"https:\/\/www.vetorino.com\/boutique\/product\/corbeille-hunter-loppa\/#primaryimage"},"image":{"@id":"https:\/\/www.vetorino.com\/boutique\/product\/corbeille-hunter-loppa\/#primaryimage"},"thumbnailUrl":"https:\/\/www.vetorino.com\/boutique\/wp-content\/uploads\/2025\/08\/Capture-decran-2025-08-18-a-10.00.34.png","datePublished":"2025-08-18T07:35:09+00:00","dateModified":"2026-02-26T16:59:46+00:00","description":"Le panier pour chiens et chats LOPPA est id\u00e9ale pour tous les amis \u00e0 quatre pattes. Il offre l'occasion id\u00e9ale de dormir, de se d\u00e9tendre et de se lover. Si le coussin pour chien se salit, le rembourrage peut \u00eatre enti\u00e8rement retir\u00e9 gr\u00e2ce \u00e0 des fermetures \u00e9clair et la housse peut \u00eatre facilement nettoy\u00e9e dans la machine \u00e0 laver \u00e0 30\u00b0C. Caract\u00e9ristiques : Coussin pour chien et chat en peluche douce (polyester) L'endroit id\u00e9al pour dormir, se d\u00e9tendre et se blottir Le rembourrage peut \u00eatre enti\u00e8rement retir\u00e9 gr\u00e2ce aux fermetures \u00e9clair Avec un dessous antid\u00e9rapant Couverture lavable \u00e0 30\u00b0C D : 50 cm - Blanc","breadcrumb":{"@id":"https:\/\/www.vetorino.com\/boutique\/product\/corbeille-hunter-loppa\/#breadcrumb"},"inLanguage":"fr-FR","potentialAction":[{"@type":"ReadAction","target":["https:\/\/www.vetorino.com\/boutique\/product\/corbeille-hunter-loppa\/"]}]},{"@type":"ImageObject","inLanguage":"fr-FR","@id":"https:\/\/www.vetorino.com\/boutique\/product\/corbeille-hunter-loppa\/#primaryimage","url":"https:\/\/www.vetorino.com\/boutique\/wp-content\/uploads\/2025\/08\/Capture-decran-2025-08-18-a-10.00.34.png","contentUrl":"https:\/\/www.vetorino.com\/boutique\/wp-content\/uploads\/2025\/08\/Capture-decran-2025-08-18-a-10.00.34.png","width":640,"height":552},{"@type":"BreadcrumbList","@id":"https:\/\/www.vetorino.com\/boutique\/product\/corbeille-hunter-loppa\/#breadcrumb","itemListElement":[{"@type":"ListItem","position":1,"name":"Accueil","item":"https:\/\/www.vetorino.com\/boutique\/"},{"@type":"ListItem","position":2,"name":"Produits","item":"https:\/\/www.vetorino.com\/boutique\/"},{"@type":"ListItem","position":3,"name":"Corbeille Hunter Loppa"}]},{"@type":"WebSite","@id":"https:\/\/www.vetorino.com\/boutique\/#website","url":"https:\/\/www.vetorino.com\/boutique\/","name":"V\u00e9torino","description":"","publisher":{"@id":"https:\/\/www.vetorino.com\/boutique\/#organization"},"potentialAction":[{"@type":"SearchAction","target":{"@type":"EntryPoint","urlTemplate":"https:\/\/www.vetorino.com\/boutique\/?s={search_term_string}"},"query-input":{"@type":"PropertyValueSpecification","valueRequired":true,"valueName":"search_term_string"}}],"inLanguage":"fr-FR"},{"@type":"Organization","@id":"https:\/\/www.vetorino.com\/boutique\/#organization","name":"V\u00e9torino","url":"https:\/\/www.vetorino.com\/boutique\/","logo":{"@type":"ImageObject","inLanguage":"fr-FR","@id":"https:\/\/www.vetorino.com\/boutique\/#\/schema\/logo\/image\/","url":"https:\/\/www.vetorino.com\/boutique\/wp-content\/uploads\/2024\/10\/logo.jpg","contentUrl":"https:\/\/www.vetorino.com\/boutique\/wp-content\/uploads\/2024\/10\/logo.jpg","width":1200,"height":610,"caption":"V\u00e9torino"},"image":{"@id":"https:\/\/www.vetorino.com\/boutique\/#\/schema\/logo\/image\/"},"sameAs":["https:\/\/www.facebook.com\/Vetorino\/","https:\/\/www.instagram.com\/vetorino_off\/","https:\/\/www.linkedin.com\/company\/vtorino\/"]}]},"product_brand":"Mat\u00e9riel","product_price_amount":"26.70","product_price_currency":"EUR","og_availability":"instock","product_availability":"instock","product_retailer_item_id":"C-COR865","product_condition":"new"},"_links":{"self":[{"href":"https:\/\/www.vetorino.com\/veterinaire\/confolens-16500\/boutique\/wp-json\/wp\/v2\/product\/1455669","targetHints":{"allow":["GET"]}}],"collection":[{"href":"https:\/\/www.vetorino.com\/veterinaire\/confolens-16500\/boutique\/wp-json\/wp\/v2\/product"}],"about":[{"href":"https:\/\/www.vetorino.com\/veterinaire\/confolens-16500\/boutique\/wp-json\/wp\/v2\/types\/product"}],"wp:featuredmedia":[{"embeddable":true,"href":"https:\/\/www.vetorino.com\/veterinaire\/confolens-16500\/boutique\/wp-json\/wp\/v2\/media\/1455692"}],"wp:attachment":[{"href":"https:\/\/www.vetorino.com\/veterinaire\/confolens-16500\/boutique\/wp-json\/wp\/v2\/media?parent=1455669"}],"wp:term":[{"taxonomy":"product_cat","embeddable":true,"href":"https:\/\/www.vetorino.com\/veterinaire\/confolens-16500\/boutique\/wp-json\/wp\/v2\/product_cat?post=1455669"},{"taxonomy":"product_tag","embeddable":true,"href":"https:\/\/www.vetorino.com\/veterinaire\/confolens-16500\/boutique\/wp-json\/wp\/v2\/product_tag?post=1455669"}],"curies":[{"name":"wp","href":"https:\/\/api.w.org\/{rel}","templated":true}]}}