{"id":1633300,"date":"2025-12-30T10:01:20","date_gmt":"2025-12-30T09:01:20","guid":{"rendered":"https:\/\/www.vetorino.com\/boutique\/product\/osalim-skin-2\/"},"modified":"2026-02-19T02:42:12","modified_gmt":"2026-02-19T01:42:12","slug":"osalim-skin-2","status":"publish","type":"product","link":"https:\/\/www.vetorino.com\/veterinaire\/confolens-16500\/boutique\/product\/osalim-skin-2\/","title":{"rendered":"Osalim Skin + &#8211; chien, chat"},"content":{"rendered":"<div class=\"tabs product-tabs visible--desktop\">\n<div id=\"tab-content\" class=\"tab-content mb-4\">\n<div id=\"description\" class=\"tab-pane fade show active\" role=\"tabpanel\">\n<div class=\"product-description\">\n<p><strong>Osalim\u00ae Skin+ pour chien<\/strong>\u00a0a \u00e9t\u00e9 sp\u00e9cialement formul\u00e9 pour<strong> compl\u00e9ter les rations m\u00e9nag\u00e8res et mixtes. <\/strong><\/p>\n<p>Sa formule associe du zinc ch\u00e9lat\u00e9, des acides gras essentiels (om\u00e9ga 6, EPA, DHA) et de la vitamine B pour <strong>soutenir la barri\u00e8re cutan\u00e9e<\/strong> et <strong>contribuer au confort de la peau.<\/strong><\/p>\n<p>Osalim\u00ae Skin+ est formul\u00e9 <strong>sans prot\u00e9ines animales, sans allerg\u00e8nes, sans gluten<\/strong> pour convenir au plus grand nombre.<\/p>\n<p>La formule peut \u00eatre utilis\u00e9e chez le chat.<\/p>\n<\/div>\n<\/div>\n<\/div>\n<\/div>\n<section class=\"product-accessories mdc_accessories_block mt-3\"><\/section>\n","protected":false},"excerpt":{"rendered":"<p><strong>OSALIM\u00ae SKIN+\u00a0 peau sensible <\/strong>est un aliment compl\u00e9mentaire pour<strong> \u00e9quilibrer les rations m\u00e9nag\u00e8res et mixtes<\/strong>, destin\u00e9es aux<strong> chiens et aux chats adultes ayant une sensibilit\u00e9 cutan\u00e9e<\/strong>, notamment en lien avec leur alimentation ou l&#8217;environnement.<\/p>\n","protected":false},"featured_media":1641814,"template":"","meta":[],"product_cat":[2730,2738,2697,2698],"product_tag":[],"class_list":{"0":"post-1633300","1":"product","2":"type-product","3":"status-publish","4":"has-post-thumbnail","6":"product_cat-aliments-complementaires-pour-chat","7":"product_cat-aliments-complementaires-pour-chien","8":"product_cat-chat","9":"product_cat-chien","10":"pa_marque-osalia","12":"first","13":"instock","14":"taxable","15":"shipping-taxable","16":"purchasable","17":"product-type-simple"},"yoast_head":"<!-- This site is optimized with the Yoast SEO plugin v27.3 - https:\/\/yoast.com\/product\/yoast-seo-wordpress\/ -->\n<title>Osalim Osalim Skin + - chien, chat Osalia - V\u00e9torino<\/title>\n<meta name=\"description\" content=\"OSALIM\u00ae SKIN+\u00a0 peau sensible est un aliment compl\u00e9mentaire pour \u00e9quilibrer les rations m\u00e9nag\u00e8res et mixtes, destin\u00e9es aux chiens et aux chats adultes ayant une sensibilit\u00e9 cutan\u00e9e, notamment en lien avec leur alimentation ou l&#039;environnement.\" \/>\n<meta name=\"robots\" content=\"noindex, nofollow\" \/>\n<meta property=\"og:locale\" content=\"fr_FR\" \/>\n<meta property=\"og:type\" content=\"article\" \/>\n<meta property=\"og:title\" content=\"Osalim Osalim Skin + - chien, chat Osalia - V\u00e9torino\" \/>\n<meta property=\"og:description\" content=\"OSALIM\u00ae SKIN+\u00a0 peau sensible est un aliment compl\u00e9mentaire pour \u00e9quilibrer les rations m\u00e9nag\u00e8res et mixtes, destin\u00e9es aux chiens et aux chats adultes ayant une sensibilit\u00e9 cutan\u00e9e, notamment en lien avec leur alimentation ou l&#039;environnement.\" \/>\n<meta property=\"og:url\" content=\"https:\/\/www.vetorino.com\/veterinaire\/confolens-16500\/boutique\/product\/osalim-skin-2\/\" \/>\n<meta property=\"og:site_name\" content=\"V\u00e9torino\" \/>\n<meta property=\"article:publisher\" content=\"https:\/\/www.facebook.com\/Vetorino\/\" \/>\n<meta property=\"article:modified_time\" content=\"2026-02-19T01:42:12+00:00\" \/>\n<meta property=\"og:image\" content=\"https:\/\/www.vetorino.com\/boutique\/wp-content\/uploads\/2025\/12\/osalim-skin-complement-peau-sensible-chien-chat.webp\" \/>\n\t<meta property=\"og:image:width\" content=\"800\" \/>\n\t<meta property=\"og:image:height\" content=\"800\" \/>\n\t<meta property=\"og:image:type\" content=\"image\/webp\" \/>\n<meta name=\"twitter:card\" content=\"summary_large_image\" \/>\n<meta name=\"twitter:label1\" content=\"Prix\" \/>\n\t<meta name=\"twitter:data1\" content=\"31,46&euro;\" \/>\n\t<meta name=\"twitter:label2\" content=\"Disponibilit\u00e9\" \/>\n\t<meta name=\"twitter:data2\" content=\"En stock\" \/>\n<script type=\"application\/ld+json\" class=\"yoast-schema-graph\">{\"@context\":\"https:\\\/\\\/schema.org\",\"@graph\":[{\"@type\":\"WebPage\",\"@id\":\"https:\\\/\\\/www.vetorino.com\\\/boutique\\\/product\\\/osalim-skin-2\\\/\",\"url\":\"https:\\\/\\\/www.vetorino.com\\\/boutique\\\/product\\\/osalim-skin-2\\\/\",\"name\":\"Osalim Osalim Skin + - chien, chat Osalia - V\u00e9torino\",\"isPartOf\":{\"@id\":\"https:\\\/\\\/www.vetorino.com\\\/boutique\\\/#website\"},\"primaryImageOfPage\":{\"@id\":\"https:\\\/\\\/www.vetorino.com\\\/boutique\\\/product\\\/osalim-skin-2\\\/#primaryimage\"},\"image\":{\"@id\":\"https:\\\/\\\/www.vetorino.com\\\/boutique\\\/product\\\/osalim-skin-2\\\/#primaryimage\"},\"thumbnailUrl\":\"https:\\\/\\\/www.vetorino.com\\\/boutique\\\/wp-content\\\/uploads\\\/2025\\\/12\\\/osalim-skin-complement-peau-sensible-chien-chat.webp\",\"datePublished\":\"2025-12-30T09:01:20+00:00\",\"dateModified\":\"2026-02-19T01:42:12+00:00\",\"description\":\"OSALIM\u00ae SKIN+\u00a0 peau sensible est un aliment compl\u00e9mentaire pour \u00e9quilibrer les rations m\u00e9nag\u00e8res et mixtes, destin\u00e9es aux chiens et aux chats adultes ayant une sensibilit\u00e9 cutan\u00e9e, notamment en lien avec leur alimentation ou l'environnement.\",\"breadcrumb\":{\"@id\":\"https:\\\/\\\/www.vetorino.com\\\/boutique\\\/product\\\/osalim-skin-2\\\/#breadcrumb\"},\"inLanguage\":\"fr-FR\",\"potentialAction\":[{\"@type\":\"ReadAction\",\"target\":[\"https:\\\/\\\/www.vetorino.com\\\/boutique\\\/product\\\/osalim-skin-2\\\/\"]}]},{\"@type\":\"ImageObject\",\"inLanguage\":\"fr-FR\",\"@id\":\"https:\\\/\\\/www.vetorino.com\\\/boutique\\\/product\\\/osalim-skin-2\\\/#primaryimage\",\"url\":\"https:\\\/\\\/www.vetorino.com\\\/boutique\\\/wp-content\\\/uploads\\\/2025\\\/12\\\/osalim-skin-complement-peau-sensible-chien-chat.webp\",\"contentUrl\":\"https:\\\/\\\/www.vetorino.com\\\/boutique\\\/wp-content\\\/uploads\\\/2025\\\/12\\\/osalim-skin-complement-peau-sensible-chien-chat.webp\",\"width\":800,\"height\":800},{\"@type\":\"BreadcrumbList\",\"@id\":\"https:\\\/\\\/www.vetorino.com\\\/boutique\\\/product\\\/osalim-skin-2\\\/#breadcrumb\",\"itemListElement\":[{\"@type\":\"ListItem\",\"position\":1,\"name\":\"Accueil\",\"item\":\"https:\\\/\\\/www.vetorino.com\\\/boutique\\\/\"},{\"@type\":\"ListItem\",\"position\":2,\"name\":\"Produits\",\"item\":\"https:\\\/\\\/www.vetorino.com\\\/boutique\\\/\"},{\"@type\":\"ListItem\",\"position\":3,\"name\":\"Osalim Skin + &#8211; chien, chat\"}]},{\"@type\":\"WebSite\",\"@id\":\"https:\\\/\\\/www.vetorino.com\\\/boutique\\\/#website\",\"url\":\"https:\\\/\\\/www.vetorino.com\\\/boutique\\\/\",\"name\":\"V\u00e9torino\",\"description\":\"\",\"publisher\":{\"@id\":\"https:\\\/\\\/www.vetorino.com\\\/boutique\\\/#organization\"},\"potentialAction\":[{\"@type\":\"SearchAction\",\"target\":{\"@type\":\"EntryPoint\",\"urlTemplate\":\"https:\\\/\\\/www.vetorino.com\\\/boutique\\\/?s={search_term_string}\"},\"query-input\":{\"@type\":\"PropertyValueSpecification\",\"valueRequired\":true,\"valueName\":\"search_term_string\"}}],\"inLanguage\":\"fr-FR\"},{\"@type\":\"Organization\",\"@id\":\"https:\\\/\\\/www.vetorino.com\\\/boutique\\\/#organization\",\"name\":\"V\u00e9torino\",\"url\":\"https:\\\/\\\/www.vetorino.com\\\/boutique\\\/\",\"logo\":{\"@type\":\"ImageObject\",\"inLanguage\":\"fr-FR\",\"@id\":\"https:\\\/\\\/www.vetorino.com\\\/boutique\\\/#\\\/schema\\\/logo\\\/image\\\/\",\"url\":\"https:\\\/\\\/www.vetorino.com\\\/boutique\\\/wp-content\\\/uploads\\\/2024\\\/10\\\/logo.jpg\",\"contentUrl\":\"https:\\\/\\\/www.vetorino.com\\\/boutique\\\/wp-content\\\/uploads\\\/2024\\\/10\\\/logo.jpg\",\"width\":1200,\"height\":610,\"caption\":\"V\u00e9torino\"},\"image\":{\"@id\":\"https:\\\/\\\/www.vetorino.com\\\/boutique\\\/#\\\/schema\\\/logo\\\/image\\\/\"},\"sameAs\":[\"https:\\\/\\\/www.facebook.com\\\/Vetorino\\\/\",\"https:\\\/\\\/www.instagram.com\\\/vetorino_off\\\/\",\"https:\\\/\\\/www.linkedin.com\\\/company\\\/vtorino\\\/\"]}]}<\/script>\n<meta property=\"product:brand\" content=\"Osalia\" \/>\n<meta property=\"product:price:amount\" content=\"31.46\" \/>\n<meta property=\"product:price:currency\" content=\"EUR\" \/>\n<meta property=\"og:availability\" content=\"instock\" \/>\n<meta property=\"product:availability\" content=\"instock\" \/>\n<meta property=\"product:retailer_item_id\" content=\"C-OSA008\" \/>\n<meta property=\"product:condition\" content=\"new\" \/>\n<!-- \/ Yoast SEO plugin. -->","yoast_head_json":{"title":"Osalim Osalim Skin + - chien, chat Osalia - V\u00e9torino","description":"OSALIM\u00ae SKIN+\u00a0 peau sensible est un aliment compl\u00e9mentaire pour \u00e9quilibrer les rations m\u00e9nag\u00e8res et mixtes, destin\u00e9es aux chiens et aux chats adultes ayant une sensibilit\u00e9 cutan\u00e9e, notamment en lien avec leur alimentation ou l'environnement.","robots":{"index":"noindex","follow":"nofollow"},"og_locale":"fr_FR","og_type":"article","og_title":"Osalim Osalim Skin + - chien, chat Osalia - V\u00e9torino","og_description":"OSALIM\u00ae SKIN+\u00a0 peau sensible est un aliment compl\u00e9mentaire pour \u00e9quilibrer les rations m\u00e9nag\u00e8res et mixtes, destin\u00e9es aux chiens et aux chats adultes ayant une sensibilit\u00e9 cutan\u00e9e, notamment en lien avec leur alimentation ou l'environnement.","og_url":"https:\/\/www.vetorino.com\/veterinaire\/confolens-16500\/boutique\/product\/osalim-skin-2\/","og_site_name":"V\u00e9torino","article_publisher":"https:\/\/www.facebook.com\/Vetorino\/","article_modified_time":"2026-02-19T01:42:12+00:00","og_image":[{"width":800,"height":800,"url":"https:\/\/www.vetorino.com\/boutique\/wp-content\/uploads\/2025\/12\/osalim-skin-complement-peau-sensible-chien-chat.webp","type":"image\/webp"}],"twitter_card":"summary_large_image","twitter_misc":{"Prix":"31,46&euro;","Disponibilit\u00e9":"En stock"},"schema":{"@context":"https:\/\/schema.org","@graph":[{"@type":"WebPage","@id":"https:\/\/www.vetorino.com\/boutique\/product\/osalim-skin-2\/","url":"https:\/\/www.vetorino.com\/boutique\/product\/osalim-skin-2\/","name":"Osalim Osalim Skin + - chien, chat Osalia - V\u00e9torino","isPartOf":{"@id":"https:\/\/www.vetorino.com\/boutique\/#website"},"primaryImageOfPage":{"@id":"https:\/\/www.vetorino.com\/boutique\/product\/osalim-skin-2\/#primaryimage"},"image":{"@id":"https:\/\/www.vetorino.com\/boutique\/product\/osalim-skin-2\/#primaryimage"},"thumbnailUrl":"https:\/\/www.vetorino.com\/boutique\/wp-content\/uploads\/2025\/12\/osalim-skin-complement-peau-sensible-chien-chat.webp","datePublished":"2025-12-30T09:01:20+00:00","dateModified":"2026-02-19T01:42:12+00:00","description":"OSALIM\u00ae SKIN+\u00a0 peau sensible est un aliment compl\u00e9mentaire pour \u00e9quilibrer les rations m\u00e9nag\u00e8res et mixtes, destin\u00e9es aux chiens et aux chats adultes ayant une sensibilit\u00e9 cutan\u00e9e, notamment en lien avec leur alimentation ou l'environnement.","breadcrumb":{"@id":"https:\/\/www.vetorino.com\/boutique\/product\/osalim-skin-2\/#breadcrumb"},"inLanguage":"fr-FR","potentialAction":[{"@type":"ReadAction","target":["https:\/\/www.vetorino.com\/boutique\/product\/osalim-skin-2\/"]}]},{"@type":"ImageObject","inLanguage":"fr-FR","@id":"https:\/\/www.vetorino.com\/boutique\/product\/osalim-skin-2\/#primaryimage","url":"https:\/\/www.vetorino.com\/boutique\/wp-content\/uploads\/2025\/12\/osalim-skin-complement-peau-sensible-chien-chat.webp","contentUrl":"https:\/\/www.vetorino.com\/boutique\/wp-content\/uploads\/2025\/12\/osalim-skin-complement-peau-sensible-chien-chat.webp","width":800,"height":800},{"@type":"BreadcrumbList","@id":"https:\/\/www.vetorino.com\/boutique\/product\/osalim-skin-2\/#breadcrumb","itemListElement":[{"@type":"ListItem","position":1,"name":"Accueil","item":"https:\/\/www.vetorino.com\/boutique\/"},{"@type":"ListItem","position":2,"name":"Produits","item":"https:\/\/www.vetorino.com\/boutique\/"},{"@type":"ListItem","position":3,"name":"Osalim Skin + &#8211; chien, chat"}]},{"@type":"WebSite","@id":"https:\/\/www.vetorino.com\/boutique\/#website","url":"https:\/\/www.vetorino.com\/boutique\/","name":"V\u00e9torino","description":"","publisher":{"@id":"https:\/\/www.vetorino.com\/boutique\/#organization"},"potentialAction":[{"@type":"SearchAction","target":{"@type":"EntryPoint","urlTemplate":"https:\/\/www.vetorino.com\/boutique\/?s={search_term_string}"},"query-input":{"@type":"PropertyValueSpecification","valueRequired":true,"valueName":"search_term_string"}}],"inLanguage":"fr-FR"},{"@type":"Organization","@id":"https:\/\/www.vetorino.com\/boutique\/#organization","name":"V\u00e9torino","url":"https:\/\/www.vetorino.com\/boutique\/","logo":{"@type":"ImageObject","inLanguage":"fr-FR","@id":"https:\/\/www.vetorino.com\/boutique\/#\/schema\/logo\/image\/","url":"https:\/\/www.vetorino.com\/boutique\/wp-content\/uploads\/2024\/10\/logo.jpg","contentUrl":"https:\/\/www.vetorino.com\/boutique\/wp-content\/uploads\/2024\/10\/logo.jpg","width":1200,"height":610,"caption":"V\u00e9torino"},"image":{"@id":"https:\/\/www.vetorino.com\/boutique\/#\/schema\/logo\/image\/"},"sameAs":["https:\/\/www.facebook.com\/Vetorino\/","https:\/\/www.instagram.com\/vetorino_off\/","https:\/\/www.linkedin.com\/company\/vtorino\/"]}]},"product_brand":"Osalia","product_price_amount":"31.46","product_price_currency":"EUR","og_availability":"instock","product_availability":"instock","product_retailer_item_id":"C-OSA008","product_condition":"new"},"_links":{"self":[{"href":"https:\/\/www.vetorino.com\/veterinaire\/confolens-16500\/boutique\/wp-json\/wp\/v2\/product\/1633300","targetHints":{"allow":["GET"]}}],"collection":[{"href":"https:\/\/www.vetorino.com\/veterinaire\/confolens-16500\/boutique\/wp-json\/wp\/v2\/product"}],"about":[{"href":"https:\/\/www.vetorino.com\/veterinaire\/confolens-16500\/boutique\/wp-json\/wp\/v2\/types\/product"}],"wp:featuredmedia":[{"embeddable":true,"href":"https:\/\/www.vetorino.com\/veterinaire\/confolens-16500\/boutique\/wp-json\/wp\/v2\/media\/1641814"}],"wp:attachment":[{"href":"https:\/\/www.vetorino.com\/veterinaire\/confolens-16500\/boutique\/wp-json\/wp\/v2\/media?parent=1633300"}],"wp:term":[{"taxonomy":"product_cat","embeddable":true,"href":"https:\/\/www.vetorino.com\/veterinaire\/confolens-16500\/boutique\/wp-json\/wp\/v2\/product_cat?post=1633300"},{"taxonomy":"product_tag","embeddable":true,"href":"https:\/\/www.vetorino.com\/veterinaire\/confolens-16500\/boutique\/wp-json\/wp\/v2\/product_tag?post=1633300"}],"curies":[{"name":"wp","href":"https:\/\/api.w.org\/{rel}","templated":true}]}}