{"id":310444,"date":"2022-04-04T11:10:23","date_gmt":"2022-04-04T09:10:23","guid":{"rendered":"https:\/\/www.vetorino.com\/boutique\/product\/c-for-uterophyt\/"},"modified":"2026-03-26T09:42:05","modified_gmt":"2026-03-26T08:42:05","slug":"c-for-uterophyt","status":"publish","type":"product","link":"https:\/\/www.vetorino.com\/veterinaire\/confolens-16500\/boutique\/product\/c-for-uterophyt\/","title":{"rendered":"C for Ut\u00e9roPhyt"},"content":{"rendered":"<p><strong>C for Ut\u00e9roPhyt assure des suites favorables de la mise-bas et un d\u00e9marrage optimis\u00e9 de la lactation.<\/strong><\/p>\n<p><strong>Caract\u00e9ristiques :<\/strong><\/p>\n<ul>\n<li>Aliment compl\u00e9mentaire pour vaches laiti\u00e8res et vaches allaitantes en post partum imm\u00e9diat.<\/li>\n<li>Favorise la tonicit\u00e9 et la vidange ut\u00e9rine.<\/li>\n<li>Stimule la fonction h\u00e9patique de d\u00e9toxifacation et la fonction r\u00e9nale d&#8217;\u00e9limination des d\u00e9chets.<\/li>\n<li>Relance l&#8217;app\u00e9tit et soutient l&#8217;animal en p\u00e9riode de convalescence.<\/li>\n<\/ul>\n<p><em>Administrer par voie orale \u00e0 l&#8217;aide d&#8217;un lance-bolus universel Savetis, 1 bolus par jour, pendant 2 \u00e0 3 jours.<\/em><\/p>\n","protected":false},"excerpt":{"rendered":"<p><strong>C for Ut\u00e9roPhyt assure des suites favorables de la mise-bas et un d\u00e9marrage optimis\u00e9 de la lactation.<\/strong><\/p>\n<p><strong>Caract\u00e9ristiques :<\/strong><\/p>\n<ul>\n<li>Aliment compl\u00e9mentaire pour vaches laiti\u00e8res et vaches allaitantes en post partum imm\u00e9diat.<\/li>\n<li>Favorise la tonicit\u00e9 et la vidange ut\u00e9rine.<\/li>\n<li>Stimule la fonction h\u00e9patique de d\u00e9toxifacation et la fonction r\u00e9nale d&#8217;\u00e9limination des d\u00e9chets.<\/li>\n<li>Relance l&#8217;app\u00e9tit et soutient l&#8217;animal en p\u00e9riode de convalescence.<\/li>\n<\/ul>\n<p><em>Administrer par voie orale \u00e0 l&#8217;aide d&#8217;un lance-bolus universel Savetis, 1 bolus par jour, pendant 2 \u00e0 3 jours.<\/em><\/p>\n","protected":false},"featured_media":1432145,"template":"","meta":[],"product_cat":[6864,6870],"product_tag":[],"class_list":{"0":"post-310444","1":"product","2":"type-product","3":"status-publish","4":"has-post-thumbnail","6":"product_cat-animaux-delevage","7":"product_cat-bovins","8":"pa_marque-savetis","10":"first","11":"instock","12":"taxable","13":"shipping-taxable","14":"purchasable","15":"product-type-simple"},"yoast_head":"<!-- This site is optimized with the Yoast SEO plugin v27.3 - https:\/\/yoast.com\/product\/yoast-seo-wordpress\/ -->\n<title>C for Ut\u00e9roPhyt Savetis - V\u00e9torino<\/title>\n<meta name=\"description\" content=\"C for Ut\u00e9roPhyt assure des suites favorables de la mise-bas et un d\u00e9marrage optimis\u00e9 de la lactation.  Caract\u00e9ristiques :   Aliment compl\u00e9mentaire pour vaches laiti\u00e8res et vaches allaitantes en post partum imm\u00e9diat.  Favorise la tonicit\u00e9 et la vidange ut\u00e9rine.  Stimule la fonction h\u00e9patique de d\u00e9toxifacation et la fonction r\u00e9nale d&#039;\u00e9limination des d\u00e9chets.  Relance l&#039;app\u00e9tit et soutient l&#039;animal en p\u00e9riode de convalescence.  Administrer par voie orale \u00e0 l&#039;aide d&#039;un lance-bolus universel Savetis, 1 bolus par jour, pendant 2 \u00e0 3 jours.\" \/>\n<meta name=\"robots\" content=\"noindex, nofollow\" \/>\n<meta property=\"og:locale\" content=\"fr_FR\" \/>\n<meta property=\"og:type\" content=\"article\" \/>\n<meta property=\"og:title\" content=\"C for Ut\u00e9roPhyt Savetis - V\u00e9torino\" \/>\n<meta property=\"og:description\" content=\"C for Ut\u00e9roPhyt assure des suites favorables de la mise-bas et un d\u00e9marrage optimis\u00e9 de la lactation.  Caract\u00e9ristiques :   Aliment compl\u00e9mentaire pour vaches laiti\u00e8res et vaches allaitantes en post partum imm\u00e9diat.  Favorise la tonicit\u00e9 et la vidange ut\u00e9rine.  Stimule la fonction h\u00e9patique de d\u00e9toxifacation et la fonction r\u00e9nale d&#039;\u00e9limination des d\u00e9chets.  Relance l&#039;app\u00e9tit et soutient l&#039;animal en p\u00e9riode de convalescence.  Administrer par voie orale \u00e0 l&#039;aide d&#039;un lance-bolus universel Savetis, 1 bolus par jour, pendant 2 \u00e0 3 jours.\" \/>\n<meta property=\"og:url\" content=\"https:\/\/www.vetorino.com\/veterinaire\/confolens-16500\/boutique\/product\/c-for-uterophyt\/\" \/>\n<meta property=\"og:site_name\" content=\"V\u00e9torino\" \/>\n<meta property=\"article:publisher\" content=\"https:\/\/www.facebook.com\/Vetorino\/\" \/>\n<meta property=\"article:modified_time\" content=\"2026-03-26T08:42:05+00:00\" \/>\n<meta property=\"og:image\" content=\"https:\/\/www.vetorino.com\/boutique\/wp-content\/uploads\/2021\/12\/c-for-uterophyt.png\" \/>\n\t<meta property=\"og:image:width\" content=\"500\" \/>\n\t<meta property=\"og:image:height\" content=\"500\" \/>\n\t<meta property=\"og:image:type\" content=\"image\/png\" \/>\n<meta name=\"twitter:card\" content=\"summary_large_image\" \/>\n<meta name=\"twitter:label1\" content=\"Prix\" \/>\n\t<meta name=\"twitter:data1\" content=\"82,86&euro;\" \/>\n\t<meta name=\"twitter:label2\" content=\"Disponibilit\u00e9\" \/>\n\t<meta name=\"twitter:data2\" content=\"En stock\" \/>\n<script type=\"application\/ld+json\" class=\"yoast-schema-graph\">{\"@context\":\"https:\\\/\\\/schema.org\",\"@graph\":[{\"@type\":\"WebPage\",\"@id\":\"https:\\\/\\\/www.vetorino.com\\\/boutique\\\/product\\\/c-for-uterophyt\\\/\",\"url\":\"https:\\\/\\\/www.vetorino.com\\\/boutique\\\/product\\\/c-for-uterophyt\\\/\",\"name\":\"C for Ut\u00e9roPhyt Savetis - V\u00e9torino\",\"isPartOf\":{\"@id\":\"https:\\\/\\\/www.vetorino.com\\\/boutique\\\/#website\"},\"primaryImageOfPage\":{\"@id\":\"https:\\\/\\\/www.vetorino.com\\\/boutique\\\/product\\\/c-for-uterophyt\\\/#primaryimage\"},\"image\":{\"@id\":\"https:\\\/\\\/www.vetorino.com\\\/boutique\\\/product\\\/c-for-uterophyt\\\/#primaryimage\"},\"thumbnailUrl\":\"https:\\\/\\\/www.vetorino.com\\\/boutique\\\/wp-content\\\/uploads\\\/2021\\\/12\\\/c-for-uterophyt.png\",\"datePublished\":\"2022-04-04T09:10:23+00:00\",\"dateModified\":\"2026-03-26T08:42:05+00:00\",\"description\":\"C for Ut\u00e9roPhyt assure des suites favorables de la mise-bas et un d\u00e9marrage optimis\u00e9 de la lactation. Caract\u00e9ristiques : Aliment compl\u00e9mentaire pour vaches laiti\u00e8res et vaches allaitantes en post partum imm\u00e9diat. Favorise la tonicit\u00e9 et la vidange ut\u00e9rine. Stimule la fonction h\u00e9patique de d\u00e9toxifacation et la fonction r\u00e9nale d'\u00e9limination des d\u00e9chets. Relance l'app\u00e9tit et soutient l'animal en p\u00e9riode de convalescence. Administrer par voie orale \u00e0 l'aide d'un lance-bolus universel Savetis, 1 bolus par jour, pendant 2 \u00e0 3 jours.\",\"breadcrumb\":{\"@id\":\"https:\\\/\\\/www.vetorino.com\\\/boutique\\\/product\\\/c-for-uterophyt\\\/#breadcrumb\"},\"inLanguage\":\"fr-FR\",\"potentialAction\":[{\"@type\":\"ReadAction\",\"target\":[\"https:\\\/\\\/www.vetorino.com\\\/boutique\\\/product\\\/c-for-uterophyt\\\/\"]}]},{\"@type\":\"ImageObject\",\"inLanguage\":\"fr-FR\",\"@id\":\"https:\\\/\\\/www.vetorino.com\\\/boutique\\\/product\\\/c-for-uterophyt\\\/#primaryimage\",\"url\":\"https:\\\/\\\/www.vetorino.com\\\/boutique\\\/wp-content\\\/uploads\\\/2021\\\/12\\\/c-for-uterophyt.png\",\"contentUrl\":\"https:\\\/\\\/www.vetorino.com\\\/boutique\\\/wp-content\\\/uploads\\\/2021\\\/12\\\/c-for-uterophyt.png\",\"width\":500,\"height\":500},{\"@type\":\"BreadcrumbList\",\"@id\":\"https:\\\/\\\/www.vetorino.com\\\/boutique\\\/product\\\/c-for-uterophyt\\\/#breadcrumb\",\"itemListElement\":[{\"@type\":\"ListItem\",\"position\":1,\"name\":\"Accueil\",\"item\":\"https:\\\/\\\/www.vetorino.com\\\/boutique\\\/\"},{\"@type\":\"ListItem\",\"position\":2,\"name\":\"Produits\",\"item\":\"https:\\\/\\\/www.vetorino.com\\\/boutique\\\/\"},{\"@type\":\"ListItem\",\"position\":3,\"name\":\"C for Ut\u00e9roPhyt\"}]},{\"@type\":\"WebSite\",\"@id\":\"https:\\\/\\\/www.vetorino.com\\\/boutique\\\/#website\",\"url\":\"https:\\\/\\\/www.vetorino.com\\\/boutique\\\/\",\"name\":\"V\u00e9torino\",\"description\":\"\",\"publisher\":{\"@id\":\"https:\\\/\\\/www.vetorino.com\\\/boutique\\\/#organization\"},\"potentialAction\":[{\"@type\":\"SearchAction\",\"target\":{\"@type\":\"EntryPoint\",\"urlTemplate\":\"https:\\\/\\\/www.vetorino.com\\\/boutique\\\/?s={search_term_string}\"},\"query-input\":{\"@type\":\"PropertyValueSpecification\",\"valueRequired\":true,\"valueName\":\"search_term_string\"}}],\"inLanguage\":\"fr-FR\"},{\"@type\":\"Organization\",\"@id\":\"https:\\\/\\\/www.vetorino.com\\\/boutique\\\/#organization\",\"name\":\"V\u00e9torino\",\"url\":\"https:\\\/\\\/www.vetorino.com\\\/boutique\\\/\",\"logo\":{\"@type\":\"ImageObject\",\"inLanguage\":\"fr-FR\",\"@id\":\"https:\\\/\\\/www.vetorino.com\\\/boutique\\\/#\\\/schema\\\/logo\\\/image\\\/\",\"url\":\"https:\\\/\\\/www.vetorino.com\\\/boutique\\\/wp-content\\\/uploads\\\/2024\\\/10\\\/logo.jpg\",\"contentUrl\":\"https:\\\/\\\/www.vetorino.com\\\/boutique\\\/wp-content\\\/uploads\\\/2024\\\/10\\\/logo.jpg\",\"width\":1200,\"height\":610,\"caption\":\"V\u00e9torino\"},\"image\":{\"@id\":\"https:\\\/\\\/www.vetorino.com\\\/boutique\\\/#\\\/schema\\\/logo\\\/image\\\/\"},\"sameAs\":[\"https:\\\/\\\/www.facebook.com\\\/Vetorino\\\/\",\"https:\\\/\\\/www.instagram.com\\\/vetorino_off\\\/\",\"https:\\\/\\\/www.linkedin.com\\\/company\\\/vtorino\\\/\"]}]}<\/script>\n<meta property=\"product:brand\" content=\"Savetis\" \/>\n<meta property=\"product:price:amount\" content=\"82.86\" \/>\n<meta property=\"product:price:currency\" content=\"EUR\" \/>\n<meta property=\"og:availability\" content=\"instock\" \/>\n<meta property=\"product:availability\" content=\"instock\" \/>\n<meta property=\"product:retailer_item_id\" content=\"C-CFO015\" \/>\n<meta property=\"product:condition\" content=\"new\" \/>\n<!-- \/ Yoast SEO plugin. -->","yoast_head_json":{"title":"C for Ut\u00e9roPhyt Savetis - V\u00e9torino","description":"C for Ut\u00e9roPhyt assure des suites favorables de la mise-bas et un d\u00e9marrage optimis\u00e9 de la lactation.  Caract\u00e9ristiques :   Aliment compl\u00e9mentaire pour vaches laiti\u00e8res et vaches allaitantes en post partum imm\u00e9diat.  Favorise la tonicit\u00e9 et la vidange ut\u00e9rine.  Stimule la fonction h\u00e9patique de d\u00e9toxifacation et la fonction r\u00e9nale d'\u00e9limination des d\u00e9chets.  Relance l'app\u00e9tit et soutient l'animal en p\u00e9riode de convalescence.  Administrer par voie orale \u00e0 l'aide d'un lance-bolus universel Savetis, 1 bolus par jour, pendant 2 \u00e0 3 jours.","robots":{"index":"noindex","follow":"nofollow"},"og_locale":"fr_FR","og_type":"article","og_title":"C for Ut\u00e9roPhyt Savetis - V\u00e9torino","og_description":"C for Ut\u00e9roPhyt assure des suites favorables de la mise-bas et un d\u00e9marrage optimis\u00e9 de la lactation.  Caract\u00e9ristiques :   Aliment compl\u00e9mentaire pour vaches laiti\u00e8res et vaches allaitantes en post partum imm\u00e9diat.  Favorise la tonicit\u00e9 et la vidange ut\u00e9rine.  Stimule la fonction h\u00e9patique de d\u00e9toxifacation et la fonction r\u00e9nale d'\u00e9limination des d\u00e9chets.  Relance l'app\u00e9tit et soutient l'animal en p\u00e9riode de convalescence.  Administrer par voie orale \u00e0 l'aide d'un lance-bolus universel Savetis, 1 bolus par jour, pendant 2 \u00e0 3 jours.","og_url":"https:\/\/www.vetorino.com\/veterinaire\/confolens-16500\/boutique\/product\/c-for-uterophyt\/","og_site_name":"V\u00e9torino","article_publisher":"https:\/\/www.facebook.com\/Vetorino\/","article_modified_time":"2026-03-26T08:42:05+00:00","og_image":[{"width":500,"height":500,"url":"https:\/\/www.vetorino.com\/boutique\/wp-content\/uploads\/2021\/12\/c-for-uterophyt.png","type":"image\/png"}],"twitter_card":"summary_large_image","twitter_misc":{"Prix":"82,86&euro;","Disponibilit\u00e9":"En stock"},"schema":{"@context":"https:\/\/schema.org","@graph":[{"@type":"WebPage","@id":"https:\/\/www.vetorino.com\/boutique\/product\/c-for-uterophyt\/","url":"https:\/\/www.vetorino.com\/boutique\/product\/c-for-uterophyt\/","name":"C for Ut\u00e9roPhyt Savetis - V\u00e9torino","isPartOf":{"@id":"https:\/\/www.vetorino.com\/boutique\/#website"},"primaryImageOfPage":{"@id":"https:\/\/www.vetorino.com\/boutique\/product\/c-for-uterophyt\/#primaryimage"},"image":{"@id":"https:\/\/www.vetorino.com\/boutique\/product\/c-for-uterophyt\/#primaryimage"},"thumbnailUrl":"https:\/\/www.vetorino.com\/boutique\/wp-content\/uploads\/2021\/12\/c-for-uterophyt.png","datePublished":"2022-04-04T09:10:23+00:00","dateModified":"2026-03-26T08:42:05+00:00","description":"C for Ut\u00e9roPhyt assure des suites favorables de la mise-bas et un d\u00e9marrage optimis\u00e9 de la lactation. Caract\u00e9ristiques : Aliment compl\u00e9mentaire pour vaches laiti\u00e8res et vaches allaitantes en post partum imm\u00e9diat. Favorise la tonicit\u00e9 et la vidange ut\u00e9rine. Stimule la fonction h\u00e9patique de d\u00e9toxifacation et la fonction r\u00e9nale d'\u00e9limination des d\u00e9chets. Relance l'app\u00e9tit et soutient l'animal en p\u00e9riode de convalescence. Administrer par voie orale \u00e0 l'aide d'un lance-bolus universel Savetis, 1 bolus par jour, pendant 2 \u00e0 3 jours.","breadcrumb":{"@id":"https:\/\/www.vetorino.com\/boutique\/product\/c-for-uterophyt\/#breadcrumb"},"inLanguage":"fr-FR","potentialAction":[{"@type":"ReadAction","target":["https:\/\/www.vetorino.com\/boutique\/product\/c-for-uterophyt\/"]}]},{"@type":"ImageObject","inLanguage":"fr-FR","@id":"https:\/\/www.vetorino.com\/boutique\/product\/c-for-uterophyt\/#primaryimage","url":"https:\/\/www.vetorino.com\/boutique\/wp-content\/uploads\/2021\/12\/c-for-uterophyt.png","contentUrl":"https:\/\/www.vetorino.com\/boutique\/wp-content\/uploads\/2021\/12\/c-for-uterophyt.png","width":500,"height":500},{"@type":"BreadcrumbList","@id":"https:\/\/www.vetorino.com\/boutique\/product\/c-for-uterophyt\/#breadcrumb","itemListElement":[{"@type":"ListItem","position":1,"name":"Accueil","item":"https:\/\/www.vetorino.com\/boutique\/"},{"@type":"ListItem","position":2,"name":"Produits","item":"https:\/\/www.vetorino.com\/boutique\/"},{"@type":"ListItem","position":3,"name":"C for Ut\u00e9roPhyt"}]},{"@type":"WebSite","@id":"https:\/\/www.vetorino.com\/boutique\/#website","url":"https:\/\/www.vetorino.com\/boutique\/","name":"V\u00e9torino","description":"","publisher":{"@id":"https:\/\/www.vetorino.com\/boutique\/#organization"},"potentialAction":[{"@type":"SearchAction","target":{"@type":"EntryPoint","urlTemplate":"https:\/\/www.vetorino.com\/boutique\/?s={search_term_string}"},"query-input":{"@type":"PropertyValueSpecification","valueRequired":true,"valueName":"search_term_string"}}],"inLanguage":"fr-FR"},{"@type":"Organization","@id":"https:\/\/www.vetorino.com\/boutique\/#organization","name":"V\u00e9torino","url":"https:\/\/www.vetorino.com\/boutique\/","logo":{"@type":"ImageObject","inLanguage":"fr-FR","@id":"https:\/\/www.vetorino.com\/boutique\/#\/schema\/logo\/image\/","url":"https:\/\/www.vetorino.com\/boutique\/wp-content\/uploads\/2024\/10\/logo.jpg","contentUrl":"https:\/\/www.vetorino.com\/boutique\/wp-content\/uploads\/2024\/10\/logo.jpg","width":1200,"height":610,"caption":"V\u00e9torino"},"image":{"@id":"https:\/\/www.vetorino.com\/boutique\/#\/schema\/logo\/image\/"},"sameAs":["https:\/\/www.facebook.com\/Vetorino\/","https:\/\/www.instagram.com\/vetorino_off\/","https:\/\/www.linkedin.com\/company\/vtorino\/"]}]},"product_brand":"Savetis","product_price_amount":"82.86","product_price_currency":"EUR","og_availability":"instock","product_availability":"instock","product_retailer_item_id":"C-CFO015","product_condition":"new"},"_links":{"self":[{"href":"https:\/\/www.vetorino.com\/veterinaire\/confolens-16500\/boutique\/wp-json\/wp\/v2\/product\/310444","targetHints":{"allow":["GET"]}}],"collection":[{"href":"https:\/\/www.vetorino.com\/veterinaire\/confolens-16500\/boutique\/wp-json\/wp\/v2\/product"}],"about":[{"href":"https:\/\/www.vetorino.com\/veterinaire\/confolens-16500\/boutique\/wp-json\/wp\/v2\/types\/product"}],"wp:featuredmedia":[{"embeddable":true,"href":"https:\/\/www.vetorino.com\/veterinaire\/confolens-16500\/boutique\/wp-json\/wp\/v2\/media\/1432145"}],"wp:attachment":[{"href":"https:\/\/www.vetorino.com\/veterinaire\/confolens-16500\/boutique\/wp-json\/wp\/v2\/media?parent=310444"}],"wp:term":[{"taxonomy":"product_cat","embeddable":true,"href":"https:\/\/www.vetorino.com\/veterinaire\/confolens-16500\/boutique\/wp-json\/wp\/v2\/product_cat?post=310444"},{"taxonomy":"product_tag","embeddable":true,"href":"https:\/\/www.vetorino.com\/veterinaire\/confolens-16500\/boutique\/wp-json\/wp\/v2\/product_tag?post=310444"}],"curies":[{"name":"wp","href":"https:\/\/api.w.org\/{rel}","templated":true}]}}