{"id":310448,"date":"2022-04-04T11:10:45","date_gmt":"2022-04-04T09:10:45","guid":{"rendered":"https:\/\/www.vetorino.com\/boutique\/product\/adaptil-chew\/"},"modified":"2026-02-15T15:27:06","modified_gmt":"2026-02-15T14:27:06","slug":"adaptil-chew","status":"publish","type":"product","link":"https:\/\/www.vetorino.com\/veterinaire\/confolens-16500\/boutique\/product\/adaptil-chew\/","title":{"rendered":"Adaptil Chew"},"content":{"rendered":"<p>ADAPTIL Chew est un aliment compl\u00e9mentaire destin\u00e9 \u00e0 calmer rapidement les chiens lorsqu&#8217;ils font face \u00e0 des situations stressantes.<br \/>\nSa rapidit\u00e9 d&#8217;action est obtenue gr\u00e2ce \u00e0 la synergie de 4 ingr\u00e9dients d&#8217;origine naturelle aux propri\u00e9t\u00e9s apaisantes scientifiquement reconnues : colostrum, L-Th\u00e9anine, L-Tryptophane et vitamine B1.<\/p>\n<p>En cas de probl\u00e8me comportemental grave, demandez conseil \u00e0 un v\u00e9t\u00e9rinaire. L&#8217;association avec une th\u00e9rapie comportementale peut aider.<\/p>\n<ul>\n<li>Chien jusqu&#8217;\u00e0 15 kg : 1\/2 bouch\u00e9e par jour<\/li>\n<li>Chien\u00a0entre 16-30\u00a0kg : 1 bouch\u00e9e par jour<\/li>\n<li>Chien\u00a0de plus de 30\u00a0kg :\u00a02 bouch\u00e9es par jour<\/li>\n<\/ul>\n<p>Le nombre de bouch\u00e9es peut \u00eatre doubl\u00e9 lors de situations tr\u00e8s stressantes.<\/p>\n<p><strong>Avantages :<\/strong><\/p>\n<ul>\n<li>Adapt\u00e9es aux situations de stress long terme et ponctuelles comme les orages, les feux d&#8217;artifices, les trajets en voiture, les cours d&#8217;\u00e9ducation, les s\u00e9ances de toilettage et les consultations v\u00e9t\u00e9rinaires \u2026 R\u00e9duit les signes d&#8217;anxi\u00e9t\u00e9 : hypersalivation, malpropret\u00e9, pleurs, g\u00e9missements, destruction &#8230;<\/li>\n<li>Efficacit\u00e9 rapide : Effets visibles <strong>d\u00e8s 30 minutes<\/strong>.<\/li>\n<li>Solution naturelle scientifique prouv\u00e9e : Synergie de 4 ingr\u00e9dients naturels aux propri\u00e9t\u00e9s apaisantes <strong>scientifiquement d\u00e9montr\u00e9es<\/strong> : L-th\u00e9anine, Thiamine, L-tryptophane et colostrum.<\/li>\n<li>Bouch\u00e9es <strong>d\u00e9licieuses et peu caloriques<\/strong> : Appr\u00e9ci\u00e9es des chiens, faciles \u00e0 donner. Pr\u00e9serve le lien de complicit\u00e9 avec votre chien. Seulement 11 kcal\/bouch\u00e9e.<\/li>\n<li>Utilisation s\u00e9curis\u00e9e : peut s&#8217;utiliser sur le long terme. <strong>Ne provoque ni somnolence, ni accoutumance.<\/strong> Convient aux chiots d\u00e8s la fin du sevrage.<\/li>\n<li><strong>Facile \u00e0 couper<\/strong> : Bouch\u00e9es pouvant \u00eatre facilement divis\u00e9es en deux ou plus pour s&#8217;adapter aux besoins de toutes les tailles de chiens.<\/li>\n<\/ul>\n","protected":false},"excerpt":{"rendered":"<p><strong>Aliment compl\u00e9mentaire destin\u00e9 \u00e0 calmer rapidement les chiens lorsqu\u2019ils font face \u00e0 des situations stressantes.<\/strong><\/p>\n<p>Ne provoque ni somnolence, ni accoutumance.<\/p>\n<p><strong>Utilisation :<\/strong><\/p>\n<ul>\n<li>Chiens de toutes tailles et de tous \u00e2ges d\u00e8s la fin du sevrage<\/li>\n<\/ul>\n","protected":false},"featured_media":592575,"template":"","meta":[],"product_cat":[2786,2698],"product_tag":[],"class_list":{"0":"post-310448","1":"product","2":"type-product","3":"status-publish","4":"has-post-thumbnail","6":"product_cat-anti-stress-et-anxiete-du-chien","7":"product_cat-chien","8":"pa_marque-ceva","10":"first","11":"outofstock","12":"taxable","13":"shipping-taxable","14":"purchasable","15":"product-type-simple"},"yoast_head":"<!-- This site is optimized with the Yoast SEO plugin v27.3 - https:\/\/yoast.com\/product\/yoast-seo-wordpress\/ -->\n<title>Adaptil Adaptil Chew Ceva - V\u00e9torino<\/title>\n<meta name=\"description\" content=\"Aliment compl\u00e9mentaire destin\u00e9 \u00e0 calmer rapidement les chiens lorsqu\u2019ils font face \u00e0 des situations stressantes.  Ne provoque ni somnolence, ni accoutumance.  Utilisation :   Chiens de toutes tailles et de tous \u00e2ges d\u00e8s la fin du sevrage\" \/>\n<meta name=\"robots\" content=\"noindex, nofollow\" \/>\n<meta property=\"og:locale\" content=\"fr_FR\" \/>\n<meta property=\"og:type\" content=\"article\" \/>\n<meta property=\"og:title\" content=\"Adaptil Adaptil Chew Ceva - V\u00e9torino\" \/>\n<meta property=\"og:description\" content=\"Aliment compl\u00e9mentaire destin\u00e9 \u00e0 calmer rapidement les chiens lorsqu\u2019ils font face \u00e0 des situations stressantes.  Ne provoque ni somnolence, ni accoutumance.  Utilisation :   Chiens de toutes tailles et de tous \u00e2ges d\u00e8s la fin du sevrage\" \/>\n<meta property=\"og:url\" content=\"https:\/\/www.vetorino.com\/veterinaire\/confolens-16500\/boutique\/product\/adaptil-chew\/\" \/>\n<meta property=\"og:site_name\" content=\"V\u00e9torino\" \/>\n<meta property=\"article:publisher\" content=\"https:\/\/www.facebook.com\/Vetorino\/\" \/>\n<meta property=\"article:modified_time\" content=\"2026-02-15T14:27:06+00:00\" \/>\n<meta property=\"og:image\" content=\"https:\/\/www.vetorino.com\/boutique\/wp-content\/uploads\/2022\/04\/adaptil-chew.jpg.png\" \/>\n\t<meta property=\"og:image:width\" content=\"800\" \/>\n\t<meta property=\"og:image:height\" content=\"800\" \/>\n\t<meta property=\"og:image:type\" content=\"image\/png\" \/>\n<meta name=\"twitter:card\" content=\"summary_large_image\" \/>\n<meta name=\"twitter:label1\" content=\"Prix\" \/>\n\t<meta name=\"twitter:data1\" content=\"31,14&euro;\" \/>\n\t<meta name=\"twitter:label2\" content=\"Disponibilit\u00e9\" \/>\n\t<meta name=\"twitter:data2\" content=\"Rupture de stock\" \/>\n<script type=\"application\/ld+json\" class=\"yoast-schema-graph\">{\"@context\":\"https:\\\/\\\/schema.org\",\"@graph\":[{\"@type\":\"WebPage\",\"@id\":\"https:\\\/\\\/www.vetorino.com\\\/boutique\\\/product\\\/adaptil-chew\\\/\",\"url\":\"https:\\\/\\\/www.vetorino.com\\\/boutique\\\/product\\\/adaptil-chew\\\/\",\"name\":\"Adaptil Adaptil Chew Ceva - V\u00e9torino\",\"isPartOf\":{\"@id\":\"https:\\\/\\\/www.vetorino.com\\\/boutique\\\/#website\"},\"primaryImageOfPage\":{\"@id\":\"https:\\\/\\\/www.vetorino.com\\\/boutique\\\/product\\\/adaptil-chew\\\/#primaryimage\"},\"image\":{\"@id\":\"https:\\\/\\\/www.vetorino.com\\\/boutique\\\/product\\\/adaptil-chew\\\/#primaryimage\"},\"thumbnailUrl\":\"https:\\\/\\\/www.vetorino.com\\\/boutique\\\/wp-content\\\/uploads\\\/2022\\\/04\\\/adaptil-chew.jpg.png\",\"datePublished\":\"2022-04-04T09:10:45+00:00\",\"dateModified\":\"2026-02-15T14:27:06+00:00\",\"description\":\"Aliment compl\u00e9mentaire destin\u00e9 \u00e0 calmer rapidement les chiens lorsqu\u2019ils font face \u00e0 des situations stressantes. Ne provoque ni somnolence, ni accoutumance. Utilisation : Chiens de toutes tailles et de tous \u00e2ges d\u00e8s la fin du sevrage\",\"breadcrumb\":{\"@id\":\"https:\\\/\\\/www.vetorino.com\\\/boutique\\\/product\\\/adaptil-chew\\\/#breadcrumb\"},\"inLanguage\":\"fr-FR\",\"potentialAction\":[{\"@type\":\"ReadAction\",\"target\":[\"https:\\\/\\\/www.vetorino.com\\\/boutique\\\/product\\\/adaptil-chew\\\/\"]}]},{\"@type\":\"ImageObject\",\"inLanguage\":\"fr-FR\",\"@id\":\"https:\\\/\\\/www.vetorino.com\\\/boutique\\\/product\\\/adaptil-chew\\\/#primaryimage\",\"url\":\"https:\\\/\\\/www.vetorino.com\\\/boutique\\\/wp-content\\\/uploads\\\/2022\\\/04\\\/adaptil-chew.jpg.png\",\"contentUrl\":\"https:\\\/\\\/www.vetorino.com\\\/boutique\\\/wp-content\\\/uploads\\\/2022\\\/04\\\/adaptil-chew.jpg.png\",\"width\":800,\"height\":800},{\"@type\":\"BreadcrumbList\",\"@id\":\"https:\\\/\\\/www.vetorino.com\\\/boutique\\\/product\\\/adaptil-chew\\\/#breadcrumb\",\"itemListElement\":[{\"@type\":\"ListItem\",\"position\":1,\"name\":\"Accueil\",\"item\":\"https:\\\/\\\/www.vetorino.com\\\/boutique\\\/\"},{\"@type\":\"ListItem\",\"position\":2,\"name\":\"Produits\",\"item\":\"https:\\\/\\\/www.vetorino.com\\\/boutique\\\/\"},{\"@type\":\"ListItem\",\"position\":3,\"name\":\"Adaptil Chew\"}]},{\"@type\":\"WebSite\",\"@id\":\"https:\\\/\\\/www.vetorino.com\\\/boutique\\\/#website\",\"url\":\"https:\\\/\\\/www.vetorino.com\\\/boutique\\\/\",\"name\":\"V\u00e9torino\",\"description\":\"\",\"publisher\":{\"@id\":\"https:\\\/\\\/www.vetorino.com\\\/boutique\\\/#organization\"},\"potentialAction\":[{\"@type\":\"SearchAction\",\"target\":{\"@type\":\"EntryPoint\",\"urlTemplate\":\"https:\\\/\\\/www.vetorino.com\\\/boutique\\\/?s={search_term_string}\"},\"query-input\":{\"@type\":\"PropertyValueSpecification\",\"valueRequired\":true,\"valueName\":\"search_term_string\"}}],\"inLanguage\":\"fr-FR\"},{\"@type\":\"Organization\",\"@id\":\"https:\\\/\\\/www.vetorino.com\\\/boutique\\\/#organization\",\"name\":\"V\u00e9torino\",\"url\":\"https:\\\/\\\/www.vetorino.com\\\/boutique\\\/\",\"logo\":{\"@type\":\"ImageObject\",\"inLanguage\":\"fr-FR\",\"@id\":\"https:\\\/\\\/www.vetorino.com\\\/boutique\\\/#\\\/schema\\\/logo\\\/image\\\/\",\"url\":\"https:\\\/\\\/www.vetorino.com\\\/boutique\\\/wp-content\\\/uploads\\\/2024\\\/10\\\/logo.jpg\",\"contentUrl\":\"https:\\\/\\\/www.vetorino.com\\\/boutique\\\/wp-content\\\/uploads\\\/2024\\\/10\\\/logo.jpg\",\"width\":1200,\"height\":610,\"caption\":\"V\u00e9torino\"},\"image\":{\"@id\":\"https:\\\/\\\/www.vetorino.com\\\/boutique\\\/#\\\/schema\\\/logo\\\/image\\\/\"},\"sameAs\":[\"https:\\\/\\\/www.facebook.com\\\/Vetorino\\\/\",\"https:\\\/\\\/www.instagram.com\\\/vetorino_off\\\/\",\"https:\\\/\\\/www.linkedin.com\\\/company\\\/vtorino\\\/\"]}]}<\/script>\n<meta property=\"product:brand\" content=\"Ceva\" \/>\n<meta property=\"product:price:amount\" content=\"31.14\" \/>\n<meta property=\"product:price:currency\" content=\"EUR\" \/>\n<meta property=\"og:availability\" content=\"out of stock\" \/>\n<meta property=\"product:availability\" content=\"out of stock\" \/>\n<meta property=\"product:retailer_item_id\" content=\"C-ADA004\" \/>\n<meta property=\"product:condition\" content=\"new\" \/>\n<!-- \/ Yoast SEO plugin. -->","yoast_head_json":{"title":"Adaptil Adaptil Chew Ceva - V\u00e9torino","description":"Aliment compl\u00e9mentaire destin\u00e9 \u00e0 calmer rapidement les chiens lorsqu\u2019ils font face \u00e0 des situations stressantes.  Ne provoque ni somnolence, ni accoutumance.  Utilisation :   Chiens de toutes tailles et de tous \u00e2ges d\u00e8s la fin du sevrage","robots":{"index":"noindex","follow":"nofollow"},"og_locale":"fr_FR","og_type":"article","og_title":"Adaptil Adaptil Chew Ceva - V\u00e9torino","og_description":"Aliment compl\u00e9mentaire destin\u00e9 \u00e0 calmer rapidement les chiens lorsqu\u2019ils font face \u00e0 des situations stressantes.  Ne provoque ni somnolence, ni accoutumance.  Utilisation :   Chiens de toutes tailles et de tous \u00e2ges d\u00e8s la fin du sevrage","og_url":"https:\/\/www.vetorino.com\/veterinaire\/confolens-16500\/boutique\/product\/adaptil-chew\/","og_site_name":"V\u00e9torino","article_publisher":"https:\/\/www.facebook.com\/Vetorino\/","article_modified_time":"2026-02-15T14:27:06+00:00","og_image":[{"width":800,"height":800,"url":"https:\/\/www.vetorino.com\/boutique\/wp-content\/uploads\/2022\/04\/adaptil-chew.jpg.png","type":"image\/png"}],"twitter_card":"summary_large_image","twitter_misc":{"Prix":"31,14&euro;","Disponibilit\u00e9":"Rupture de stock"},"schema":{"@context":"https:\/\/schema.org","@graph":[{"@type":"WebPage","@id":"https:\/\/www.vetorino.com\/boutique\/product\/adaptil-chew\/","url":"https:\/\/www.vetorino.com\/boutique\/product\/adaptil-chew\/","name":"Adaptil Adaptil Chew Ceva - V\u00e9torino","isPartOf":{"@id":"https:\/\/www.vetorino.com\/boutique\/#website"},"primaryImageOfPage":{"@id":"https:\/\/www.vetorino.com\/boutique\/product\/adaptil-chew\/#primaryimage"},"image":{"@id":"https:\/\/www.vetorino.com\/boutique\/product\/adaptil-chew\/#primaryimage"},"thumbnailUrl":"https:\/\/www.vetorino.com\/boutique\/wp-content\/uploads\/2022\/04\/adaptil-chew.jpg.png","datePublished":"2022-04-04T09:10:45+00:00","dateModified":"2026-02-15T14:27:06+00:00","description":"Aliment compl\u00e9mentaire destin\u00e9 \u00e0 calmer rapidement les chiens lorsqu\u2019ils font face \u00e0 des situations stressantes. Ne provoque ni somnolence, ni accoutumance. Utilisation : Chiens de toutes tailles et de tous \u00e2ges d\u00e8s la fin du sevrage","breadcrumb":{"@id":"https:\/\/www.vetorino.com\/boutique\/product\/adaptil-chew\/#breadcrumb"},"inLanguage":"fr-FR","potentialAction":[{"@type":"ReadAction","target":["https:\/\/www.vetorino.com\/boutique\/product\/adaptil-chew\/"]}]},{"@type":"ImageObject","inLanguage":"fr-FR","@id":"https:\/\/www.vetorino.com\/boutique\/product\/adaptil-chew\/#primaryimage","url":"https:\/\/www.vetorino.com\/boutique\/wp-content\/uploads\/2022\/04\/adaptil-chew.jpg.png","contentUrl":"https:\/\/www.vetorino.com\/boutique\/wp-content\/uploads\/2022\/04\/adaptil-chew.jpg.png","width":800,"height":800},{"@type":"BreadcrumbList","@id":"https:\/\/www.vetorino.com\/boutique\/product\/adaptil-chew\/#breadcrumb","itemListElement":[{"@type":"ListItem","position":1,"name":"Accueil","item":"https:\/\/www.vetorino.com\/boutique\/"},{"@type":"ListItem","position":2,"name":"Produits","item":"https:\/\/www.vetorino.com\/boutique\/"},{"@type":"ListItem","position":3,"name":"Adaptil Chew"}]},{"@type":"WebSite","@id":"https:\/\/www.vetorino.com\/boutique\/#website","url":"https:\/\/www.vetorino.com\/boutique\/","name":"V\u00e9torino","description":"","publisher":{"@id":"https:\/\/www.vetorino.com\/boutique\/#organization"},"potentialAction":[{"@type":"SearchAction","target":{"@type":"EntryPoint","urlTemplate":"https:\/\/www.vetorino.com\/boutique\/?s={search_term_string}"},"query-input":{"@type":"PropertyValueSpecification","valueRequired":true,"valueName":"search_term_string"}}],"inLanguage":"fr-FR"},{"@type":"Organization","@id":"https:\/\/www.vetorino.com\/boutique\/#organization","name":"V\u00e9torino","url":"https:\/\/www.vetorino.com\/boutique\/","logo":{"@type":"ImageObject","inLanguage":"fr-FR","@id":"https:\/\/www.vetorino.com\/boutique\/#\/schema\/logo\/image\/","url":"https:\/\/www.vetorino.com\/boutique\/wp-content\/uploads\/2024\/10\/logo.jpg","contentUrl":"https:\/\/www.vetorino.com\/boutique\/wp-content\/uploads\/2024\/10\/logo.jpg","width":1200,"height":610,"caption":"V\u00e9torino"},"image":{"@id":"https:\/\/www.vetorino.com\/boutique\/#\/schema\/logo\/image\/"},"sameAs":["https:\/\/www.facebook.com\/Vetorino\/","https:\/\/www.instagram.com\/vetorino_off\/","https:\/\/www.linkedin.com\/company\/vtorino\/"]}]},"product_brand":"Ceva","product_price_amount":"31.14","product_price_currency":"EUR","og_availability":"out of stock","product_availability":"out of stock","product_retailer_item_id":"C-ADA004","product_condition":"new"},"_links":{"self":[{"href":"https:\/\/www.vetorino.com\/veterinaire\/confolens-16500\/boutique\/wp-json\/wp\/v2\/product\/310448","targetHints":{"allow":["GET"]}}],"collection":[{"href":"https:\/\/www.vetorino.com\/veterinaire\/confolens-16500\/boutique\/wp-json\/wp\/v2\/product"}],"about":[{"href":"https:\/\/www.vetorino.com\/veterinaire\/confolens-16500\/boutique\/wp-json\/wp\/v2\/types\/product"}],"wp:featuredmedia":[{"embeddable":true,"href":"https:\/\/www.vetorino.com\/veterinaire\/confolens-16500\/boutique\/wp-json\/wp\/v2\/media\/592575"}],"wp:attachment":[{"href":"https:\/\/www.vetorino.com\/veterinaire\/confolens-16500\/boutique\/wp-json\/wp\/v2\/media?parent=310448"}],"wp:term":[{"taxonomy":"product_cat","embeddable":true,"href":"https:\/\/www.vetorino.com\/veterinaire\/confolens-16500\/boutique\/wp-json\/wp\/v2\/product_cat?post=310448"},{"taxonomy":"product_tag","embeddable":true,"href":"https:\/\/www.vetorino.com\/veterinaire\/confolens-16500\/boutique\/wp-json\/wp\/v2\/product_tag?post=310448"}],"curies":[{"name":"wp","href":"https:\/\/api.w.org\/{rel}","templated":true}]}}