{"id":312583,"date":"2022-04-11T11:28:43","date_gmt":"2022-04-11T09:28:43","guid":{"rendered":"https:\/\/www.vetorino.com\/boutique\/product\/gps-tractive-cat-4-pour-chat\/"},"modified":"2023-08-20T09:41:31","modified_gmt":"2023-08-20T07:41:31","slug":"gps-tractive-cat-4-pour-chat","status":"publish","type":"product","link":"https:\/\/www.vetorino.com\/veterinaire\/confolens-16500\/boutique\/product\/gps-tractive-cat-4-pour-chat\/","title":{"rendered":"Collier GPS pour chat &#8211; Tractive GPS CAT 4"},"content":{"rendered":"<p>Avec le traceur GPS pour chats, vous pourrez suivre votre chat \u00e0 la trace, voir par o\u00f9 il est pass\u00e9 et surveiller son niveau d&#8217;activit\u00e9 physique \u00e0 tout moment. Achetez un traceur, choisissez un abonnement et lancez le suivi directement depuis l&#8217;application Tractive GPS gratuite. Une attache flexible s&#8217;adaptant \u00e0 la plupart des colliers est incluse.<\/p>\n<p><strong>Fonctions :<\/strong><\/p>\n<ul>\n<li><strong>Tranquillit\u00e9 d&#8217;esprit avec l\u2019abonnement\u00a0: <\/strong>pas de frais mobiles, ni de frais suppl\u00e9mentaires. Carte SIM int\u00e9gr\u00e9e &#8211; choisissez simplement un abonnement (mensuel ou sur 1, 2 ou 5 ans) et profitez d&#8217;un service couvrant l&#8217;Europe et une grande partie du monde.<\/li>\n<li><strong>Mode LIVE :<\/strong> suivez votre chat \u00e0 la trace, avec une mise \u00e0 jour de la localisation toutes les 2 \u00e0 3 secondes. Retrouvez votre chat, o\u00f9 qu&#8217;il aille. Port\u00e9e illimit\u00e9e.<\/li>\n<li><strong>Historique de localisation et partage\u00a0:<\/strong> passez en revue les aventures de votre chat. D\u00e9couvrez ses coins pr\u00e9f\u00e9r\u00e9s. Permettez \u00e0 vos amis, votre famille et \u00e0 d&#8217;autres personnes de confiance &#8211; un pet-sitter, par exemple &#8211; de suivre votre chat.<\/li>\n<li><strong>Cl\u00f4ture virtuelle :<\/strong> d\u00e9finissez des zones s\u00fbres, telles que votre jardin ou votre quartier. Vous recevrez une alerte d\u00e8s que votre chat en sort ou s&#8217;il rentre en toute s\u00e9curit\u00e9.<\/li>\n<li><strong>Suivi d&#8217;activit\u00e9 : <\/strong>veillez \u00e0 ce que votre chat reste en pleine forme. Surveillez ses heures de sommeil et d&#8217;activit\u00e9. Fixez des objectifs, suivez ses progr\u00e8s et comparez-le \u00e0 d&#8217;autres.<\/li>\n<\/ul>\n<p><strong>Caract\u00e9ristiques :<\/strong><\/p>\n<ul>\n<li>Petit,\u00a0solide et\u00a0l\u00e9ger.\u00a0Convient confortablement aux chats d\u00e8s 4 kg.<\/li>\n<li>100 % \u00e9tanche.<\/li>\n<li>Autonomie jusqu&#8217;\u00e0\u00a07 jours, chargement complet en 2 heures.<\/li>\n<li>L&#8217;attache incluse s&#8217;adapte \u00e0 la plupart des colliers.<\/li>\n<li>Application Android, iPhone et web gratuite.<\/li>\n<li>Garantie : 2 ans.<\/li>\n<\/ul>\n<p>Infos abonnements : <a href=\"https:\/\/tractive.com\/fr\/c\/plans\"><span style=\"color: #0066cc;\">https:\/\/tractive.com\/fr\/c\/plans<\/span><\/a>.<br \/>\nActivation traceur : <a href=\"https:\/\/my.tractive.com\"><span style=\"color: #0066cc;\">https:\/\/my.tractive.com<\/span><\/a>.<br \/>\nPlus d\u2019informations : <a href=\"https:\/\/help.tractive.com\"><span style=\"color: #0066cc;\">https:\/\/help.tractive.com<\/span><\/a>.<br \/>\nLe pack comprend : la balise GPS,\u00a0l&#8217;attache collier\u00a0et\u00a0un c\u00e2ble USB.<\/p>\n<ul>\n<li><strong>Abonnement requis &#8211; d\u00e8s 4 \u20ac par mois.* :\u00a0<\/strong>pas de frais mobiles, ni de frais suppl\u00e9mentaires. Carte SIM int\u00e9gr\u00e9e &#8211; choisissez simplement un abonnement (mensuel ou sur 1, 2 ou 5 ans) et profitez d&#8217;un service couvrant l&#8217;Europe et une grande partie du monde. *\u00c0 la base d&#8217;un abonnement sur 2 ans, payable \u00e0 l&#8217;avance.<\/li>\n<li><strong>Mode LIVE :<\/strong>\u00a0suivez votre chat \u00e0 la trace, avec une mise \u00e0 jour de la localisation toutes les 2 \u00e0 3 secondes. Retrouvez votre chat, o\u00f9 qu&#8217;il aille. Port\u00e9e illimit\u00e9e.<\/li>\n<li><strong>Historique de Localisation et Partage :<\/strong>\u00a0passez en revue les aventures de votre chat. D\u00e9couvrez ses coins pr\u00e9f\u00e9r\u00e9s. Permettez \u00e0 vos amis, votre famille et \u00e0 d&#8217;autres personnes de confiance &#8211; un pet-sitter, par exemple &#8211; de suivre votre chat.<\/li>\n<li><strong>Cl\u00f4ture Virtuelle :<\/strong>\u00a0d\u00e9finissez des zones s\u00fbres, telles que votre jardin ou votre quartier. Vous recevrez une alerte d\u00e8s que votre chat en sort ou s&#8217;il rentre en toute s\u00e9curit\u00e9.<\/li>\n<li><strong>Suivi D&#8217;activit\u00e9 :<\/strong>\u00a0veillez \u00e0 ce que votre chat reste en pleine forme. Surveillez ses heures de sommeil et d&#8217;activit\u00e9. Fixez des objectifs, suivez ses progr\u00e8s et comparez-le \u00e0 d&#8217;autres.<\/li>\n<li><strong>100 % \u00e9tanche, l\u00e9ger, jusqu&#8217;\u00e0 7 jours d&#8217;autonomie :<\/strong>\u00a0petit, mais solide. 100 % \u00e9tanche. Convient confortablement aux chats d\u00e8s 4 kg. L&#8217;attache incluse convient \u00e0 la plupart des colliers pour chats.<\/li>\n<\/ul>\n<p><strong>Sp\u00e9cifications techniques :<\/strong><\/p>\n<p>&#8211; Application Android, iPhone et web gratuite<\/p>\n<p>&#8211; Couleur du traceur : bleu nuit<\/p>\n<p>&#8211; Couleur de l&#8217;attache : bleu nuit<\/p>\n","protected":false},"excerpt":{"rendered":"<p>Traceur GPS chat avec un suivi en temps r\u00e9el, une port\u00e9e illimit\u00e9e. Le tout avec un abonnement d\u00e8s 4 \u20ac par mois.<strong> Jusqu&#8217;\u00e0 7 jours d&#8217;autonomie<\/strong>. L&#8217;attache incluse convient \u00e0 la plupart des colliers pour chat.<\/p>\n<ul>\n<li>Chats<\/li>\n<li>Se fixe au collier de votre compagnon<\/li>\n<li>Suivi d&#8217;activit\u00e9 via l&#8217;application mobile d\u00e9di\u00e9e<\/li>\n<li>Abonnement d\u00e8s 4\u20ac \/ mois<\/li>\n<\/ul>\n","protected":false},"featured_media":312813,"template":"","meta":[],"product_cat":[12548,2697,12631],"product_tag":[],"class_list":{"0":"post-312583","1":"product","2":"type-product","3":"status-publish","4":"has-post-thumbnail","6":"product_cat-accessoire-du-chat","7":"product_cat-chat","8":"product_cat-sortie-du-chat","9":"pa_marque-tractive","11":"first","12":"outofstock","13":"taxable","14":"shipping-taxable","15":"purchasable","16":"product-type-simple"},"yoast_head":"<!-- This site is optimized with the Yoast SEO plugin v27.3 - https:\/\/yoast.com\/product\/yoast-seo-wordpress\/ -->\n<title>Collier GPS pour chat - Tractive GPS CAT 4 Tractive - V\u00e9torino<\/title>\n<meta name=\"description\" content=\"Traceur GPS chat avec un suivi en temps r\u00e9el, une port\u00e9e illimit\u00e9e. Le tout avec un abonnement d\u00e8s 4 \u20ac par mois. Jusqu&#039;\u00e0 7 jours d&#039;autonomie. L&#039;attache incluse convient \u00e0 la plupart des colliers pour chat.   Chats  Se fixe au collier de votre compagnon  Suivi d&#039;activit\u00e9 via l&#039;application mobile d\u00e9di\u00e9e  Abonnement d\u00e8s 4\u20ac \/ mois\" \/>\n<meta name=\"robots\" content=\"noindex, nofollow\" \/>\n<meta property=\"og:locale\" content=\"fr_FR\" \/>\n<meta property=\"og:type\" content=\"article\" \/>\n<meta property=\"og:title\" content=\"Collier GPS pour chat - Tractive GPS CAT 4 Tractive - V\u00e9torino\" \/>\n<meta property=\"og:description\" content=\"Traceur GPS chat avec un suivi en temps r\u00e9el, une port\u00e9e illimit\u00e9e. Le tout avec un abonnement d\u00e8s 4 \u20ac par mois. Jusqu&#039;\u00e0 7 jours d&#039;autonomie. L&#039;attache incluse convient \u00e0 la plupart des colliers pour chat.   Chats  Se fixe au collier de votre compagnon  Suivi d&#039;activit\u00e9 via l&#039;application mobile d\u00e9di\u00e9e  Abonnement d\u00e8s 4\u20ac \/ mois\" \/>\n<meta property=\"og:url\" content=\"https:\/\/www.vetorino.com\/veterinaire\/confolens-16500\/boutique\/product\/gps-tractive-cat-4-pour-chat\/\" \/>\n<meta property=\"og:site_name\" content=\"V\u00e9torino\" \/>\n<meta property=\"article:publisher\" content=\"https:\/\/www.facebook.com\/Vetorino\/\" \/>\n<meta property=\"article:modified_time\" content=\"2023-08-20T07:41:31+00:00\" \/>\n<meta property=\"og:image\" content=\"https:\/\/www.vetorino.com\/boutique\/wp-content\/uploads\/2022\/04\/collier-gps-pour-chat-tractive-gps-cat-4-2.jpeg\" \/>\n\t<meta property=\"og:image:width\" content=\"540\" \/>\n\t<meta property=\"og:image:height\" content=\"540\" \/>\n\t<meta property=\"og:image:type\" content=\"image\/jpeg\" \/>\n<meta name=\"twitter:card\" content=\"summary_large_image\" \/>\n<meta name=\"twitter:label1\" content=\"Prix\" \/>\n\t<meta name=\"twitter:data1\" content=\"41,91&euro;\" \/>\n\t<meta name=\"twitter:label2\" content=\"Disponibilit\u00e9\" \/>\n\t<meta name=\"twitter:data2\" content=\"Rupture de stock\" \/>\n<script type=\"application\/ld+json\" class=\"yoast-schema-graph\">{\"@context\":\"https:\\\/\\\/schema.org\",\"@graph\":[{\"@type\":\"WebPage\",\"@id\":\"https:\\\/\\\/www.vetorino.com\\\/boutique\\\/product\\\/gps-tractive-cat-4-pour-chat\\\/\",\"url\":\"https:\\\/\\\/www.vetorino.com\\\/boutique\\\/product\\\/gps-tractive-cat-4-pour-chat\\\/\",\"name\":\"Collier GPS pour chat - Tractive GPS CAT 4 Tractive - V\u00e9torino\",\"isPartOf\":{\"@id\":\"https:\\\/\\\/www.vetorino.com\\\/boutique\\\/#website\"},\"primaryImageOfPage\":{\"@id\":\"https:\\\/\\\/www.vetorino.com\\\/boutique\\\/product\\\/gps-tractive-cat-4-pour-chat\\\/#primaryimage\"},\"image\":{\"@id\":\"https:\\\/\\\/www.vetorino.com\\\/boutique\\\/product\\\/gps-tractive-cat-4-pour-chat\\\/#primaryimage\"},\"thumbnailUrl\":\"https:\\\/\\\/www.vetorino.com\\\/boutique\\\/wp-content\\\/uploads\\\/2022\\\/04\\\/collier-gps-pour-chat-tractive-gps-cat-4-2.jpeg\",\"datePublished\":\"2022-04-11T09:28:43+00:00\",\"dateModified\":\"2023-08-20T07:41:31+00:00\",\"description\":\"Traceur GPS chat avec un suivi en temps r\u00e9el, une port\u00e9e illimit\u00e9e. Le tout avec un abonnement d\u00e8s 4 \u20ac par mois. Jusqu'\u00e0 7 jours d'autonomie. L'attache incluse convient \u00e0 la plupart des colliers pour chat. Chats Se fixe au collier de votre compagnon Suivi d'activit\u00e9 via l'application mobile d\u00e9di\u00e9e Abonnement d\u00e8s 4\u20ac \\\/ mois\",\"breadcrumb\":{\"@id\":\"https:\\\/\\\/www.vetorino.com\\\/boutique\\\/product\\\/gps-tractive-cat-4-pour-chat\\\/#breadcrumb\"},\"inLanguage\":\"fr-FR\",\"potentialAction\":[{\"@type\":\"ReadAction\",\"target\":[\"https:\\\/\\\/www.vetorino.com\\\/boutique\\\/product\\\/gps-tractive-cat-4-pour-chat\\\/\"]}]},{\"@type\":\"ImageObject\",\"inLanguage\":\"fr-FR\",\"@id\":\"https:\\\/\\\/www.vetorino.com\\\/boutique\\\/product\\\/gps-tractive-cat-4-pour-chat\\\/#primaryimage\",\"url\":\"https:\\\/\\\/www.vetorino.com\\\/boutique\\\/wp-content\\\/uploads\\\/2022\\\/04\\\/collier-gps-pour-chat-tractive-gps-cat-4-2.jpeg\",\"contentUrl\":\"https:\\\/\\\/www.vetorino.com\\\/boutique\\\/wp-content\\\/uploads\\\/2022\\\/04\\\/collier-gps-pour-chat-tractive-gps-cat-4-2.jpeg\",\"width\":540,\"height\":540},{\"@type\":\"BreadcrumbList\",\"@id\":\"https:\\\/\\\/www.vetorino.com\\\/boutique\\\/product\\\/gps-tractive-cat-4-pour-chat\\\/#breadcrumb\",\"itemListElement\":[{\"@type\":\"ListItem\",\"position\":1,\"name\":\"Accueil\",\"item\":\"https:\\\/\\\/www.vetorino.com\\\/boutique\\\/\"},{\"@type\":\"ListItem\",\"position\":2,\"name\":\"Produits\",\"item\":\"https:\\\/\\\/www.vetorino.com\\\/boutique\\\/\"},{\"@type\":\"ListItem\",\"position\":3,\"name\":\"Collier GPS pour chat &#8211; Tractive GPS CAT 4\"}]},{\"@type\":\"WebSite\",\"@id\":\"https:\\\/\\\/www.vetorino.com\\\/boutique\\\/#website\",\"url\":\"https:\\\/\\\/www.vetorino.com\\\/boutique\\\/\",\"name\":\"V\u00e9torino\",\"description\":\"\",\"publisher\":{\"@id\":\"https:\\\/\\\/www.vetorino.com\\\/boutique\\\/#organization\"},\"potentialAction\":[{\"@type\":\"SearchAction\",\"target\":{\"@type\":\"EntryPoint\",\"urlTemplate\":\"https:\\\/\\\/www.vetorino.com\\\/boutique\\\/?s={search_term_string}\"},\"query-input\":{\"@type\":\"PropertyValueSpecification\",\"valueRequired\":true,\"valueName\":\"search_term_string\"}}],\"inLanguage\":\"fr-FR\"},{\"@type\":\"Organization\",\"@id\":\"https:\\\/\\\/www.vetorino.com\\\/boutique\\\/#organization\",\"name\":\"V\u00e9torino\",\"url\":\"https:\\\/\\\/www.vetorino.com\\\/boutique\\\/\",\"logo\":{\"@type\":\"ImageObject\",\"inLanguage\":\"fr-FR\",\"@id\":\"https:\\\/\\\/www.vetorino.com\\\/boutique\\\/#\\\/schema\\\/logo\\\/image\\\/\",\"url\":\"https:\\\/\\\/www.vetorino.com\\\/boutique\\\/wp-content\\\/uploads\\\/2024\\\/10\\\/logo.jpg\",\"contentUrl\":\"https:\\\/\\\/www.vetorino.com\\\/boutique\\\/wp-content\\\/uploads\\\/2024\\\/10\\\/logo.jpg\",\"width\":1200,\"height\":610,\"caption\":\"V\u00e9torino\"},\"image\":{\"@id\":\"https:\\\/\\\/www.vetorino.com\\\/boutique\\\/#\\\/schema\\\/logo\\\/image\\\/\"},\"sameAs\":[\"https:\\\/\\\/www.facebook.com\\\/Vetorino\\\/\",\"https:\\\/\\\/www.instagram.com\\\/vetorino_off\\\/\",\"https:\\\/\\\/www.linkedin.com\\\/company\\\/vtorino\\\/\"]}]}<\/script>\n<meta property=\"product:brand\" content=\"Tractive\" \/>\n<meta property=\"product:price:amount\" content=\"41.91\" \/>\n<meta property=\"product:price:currency\" content=\"EUR\" \/>\n<meta property=\"og:availability\" content=\"out of stock\" \/>\n<meta property=\"product:availability\" content=\"out of stock\" \/>\n<meta property=\"product:retailer_item_id\" content=\"C-GPS703\" \/>\n<meta property=\"product:condition\" content=\"new\" \/>\n<!-- \/ Yoast SEO plugin. -->","yoast_head_json":{"title":"Collier GPS pour chat - Tractive GPS CAT 4 Tractive - V\u00e9torino","description":"Traceur GPS chat avec un suivi en temps r\u00e9el, une port\u00e9e illimit\u00e9e. Le tout avec un abonnement d\u00e8s 4 \u20ac par mois. Jusqu'\u00e0 7 jours d'autonomie. L'attache incluse convient \u00e0 la plupart des colliers pour chat.   Chats  Se fixe au collier de votre compagnon  Suivi d'activit\u00e9 via l'application mobile d\u00e9di\u00e9e  Abonnement d\u00e8s 4\u20ac \/ mois","robots":{"index":"noindex","follow":"nofollow"},"og_locale":"fr_FR","og_type":"article","og_title":"Collier GPS pour chat - Tractive GPS CAT 4 Tractive - V\u00e9torino","og_description":"Traceur GPS chat avec un suivi en temps r\u00e9el, une port\u00e9e illimit\u00e9e. Le tout avec un abonnement d\u00e8s 4 \u20ac par mois. Jusqu'\u00e0 7 jours d'autonomie. L'attache incluse convient \u00e0 la plupart des colliers pour chat.   Chats  Se fixe au collier de votre compagnon  Suivi d'activit\u00e9 via l'application mobile d\u00e9di\u00e9e  Abonnement d\u00e8s 4\u20ac \/ mois","og_url":"https:\/\/www.vetorino.com\/veterinaire\/confolens-16500\/boutique\/product\/gps-tractive-cat-4-pour-chat\/","og_site_name":"V\u00e9torino","article_publisher":"https:\/\/www.facebook.com\/Vetorino\/","article_modified_time":"2023-08-20T07:41:31+00:00","og_image":[{"width":540,"height":540,"url":"https:\/\/www.vetorino.com\/boutique\/wp-content\/uploads\/2022\/04\/collier-gps-pour-chat-tractive-gps-cat-4-2.jpeg","type":"image\/jpeg"}],"twitter_card":"summary_large_image","twitter_misc":{"Prix":"41,91&euro;","Disponibilit\u00e9":"Rupture de stock"},"schema":{"@context":"https:\/\/schema.org","@graph":[{"@type":"WebPage","@id":"https:\/\/www.vetorino.com\/boutique\/product\/gps-tractive-cat-4-pour-chat\/","url":"https:\/\/www.vetorino.com\/boutique\/product\/gps-tractive-cat-4-pour-chat\/","name":"Collier GPS pour chat - Tractive GPS CAT 4 Tractive - V\u00e9torino","isPartOf":{"@id":"https:\/\/www.vetorino.com\/boutique\/#website"},"primaryImageOfPage":{"@id":"https:\/\/www.vetorino.com\/boutique\/product\/gps-tractive-cat-4-pour-chat\/#primaryimage"},"image":{"@id":"https:\/\/www.vetorino.com\/boutique\/product\/gps-tractive-cat-4-pour-chat\/#primaryimage"},"thumbnailUrl":"https:\/\/www.vetorino.com\/boutique\/wp-content\/uploads\/2022\/04\/collier-gps-pour-chat-tractive-gps-cat-4-2.jpeg","datePublished":"2022-04-11T09:28:43+00:00","dateModified":"2023-08-20T07:41:31+00:00","description":"Traceur GPS chat avec un suivi en temps r\u00e9el, une port\u00e9e illimit\u00e9e. Le tout avec un abonnement d\u00e8s 4 \u20ac par mois. Jusqu'\u00e0 7 jours d'autonomie. L'attache incluse convient \u00e0 la plupart des colliers pour chat. Chats Se fixe au collier de votre compagnon Suivi d'activit\u00e9 via l'application mobile d\u00e9di\u00e9e Abonnement d\u00e8s 4\u20ac \/ mois","breadcrumb":{"@id":"https:\/\/www.vetorino.com\/boutique\/product\/gps-tractive-cat-4-pour-chat\/#breadcrumb"},"inLanguage":"fr-FR","potentialAction":[{"@type":"ReadAction","target":["https:\/\/www.vetorino.com\/boutique\/product\/gps-tractive-cat-4-pour-chat\/"]}]},{"@type":"ImageObject","inLanguage":"fr-FR","@id":"https:\/\/www.vetorino.com\/boutique\/product\/gps-tractive-cat-4-pour-chat\/#primaryimage","url":"https:\/\/www.vetorino.com\/boutique\/wp-content\/uploads\/2022\/04\/collier-gps-pour-chat-tractive-gps-cat-4-2.jpeg","contentUrl":"https:\/\/www.vetorino.com\/boutique\/wp-content\/uploads\/2022\/04\/collier-gps-pour-chat-tractive-gps-cat-4-2.jpeg","width":540,"height":540},{"@type":"BreadcrumbList","@id":"https:\/\/www.vetorino.com\/boutique\/product\/gps-tractive-cat-4-pour-chat\/#breadcrumb","itemListElement":[{"@type":"ListItem","position":1,"name":"Accueil","item":"https:\/\/www.vetorino.com\/boutique\/"},{"@type":"ListItem","position":2,"name":"Produits","item":"https:\/\/www.vetorino.com\/boutique\/"},{"@type":"ListItem","position":3,"name":"Collier GPS pour chat &#8211; Tractive GPS CAT 4"}]},{"@type":"WebSite","@id":"https:\/\/www.vetorino.com\/boutique\/#website","url":"https:\/\/www.vetorino.com\/boutique\/","name":"V\u00e9torino","description":"","publisher":{"@id":"https:\/\/www.vetorino.com\/boutique\/#organization"},"potentialAction":[{"@type":"SearchAction","target":{"@type":"EntryPoint","urlTemplate":"https:\/\/www.vetorino.com\/boutique\/?s={search_term_string}"},"query-input":{"@type":"PropertyValueSpecification","valueRequired":true,"valueName":"search_term_string"}}],"inLanguage":"fr-FR"},{"@type":"Organization","@id":"https:\/\/www.vetorino.com\/boutique\/#organization","name":"V\u00e9torino","url":"https:\/\/www.vetorino.com\/boutique\/","logo":{"@type":"ImageObject","inLanguage":"fr-FR","@id":"https:\/\/www.vetorino.com\/boutique\/#\/schema\/logo\/image\/","url":"https:\/\/www.vetorino.com\/boutique\/wp-content\/uploads\/2024\/10\/logo.jpg","contentUrl":"https:\/\/www.vetorino.com\/boutique\/wp-content\/uploads\/2024\/10\/logo.jpg","width":1200,"height":610,"caption":"V\u00e9torino"},"image":{"@id":"https:\/\/www.vetorino.com\/boutique\/#\/schema\/logo\/image\/"},"sameAs":["https:\/\/www.facebook.com\/Vetorino\/","https:\/\/www.instagram.com\/vetorino_off\/","https:\/\/www.linkedin.com\/company\/vtorino\/"]}]},"product_brand":"Tractive","product_price_amount":"41.91","product_price_currency":"EUR","og_availability":"out of stock","product_availability":"out of stock","product_retailer_item_id":"C-GPS703","product_condition":"new"},"_links":{"self":[{"href":"https:\/\/www.vetorino.com\/veterinaire\/confolens-16500\/boutique\/wp-json\/wp\/v2\/product\/312583","targetHints":{"allow":["GET"]}}],"collection":[{"href":"https:\/\/www.vetorino.com\/veterinaire\/confolens-16500\/boutique\/wp-json\/wp\/v2\/product"}],"about":[{"href":"https:\/\/www.vetorino.com\/veterinaire\/confolens-16500\/boutique\/wp-json\/wp\/v2\/types\/product"}],"wp:featuredmedia":[{"embeddable":true,"href":"https:\/\/www.vetorino.com\/veterinaire\/confolens-16500\/boutique\/wp-json\/wp\/v2\/media\/312813"}],"wp:attachment":[{"href":"https:\/\/www.vetorino.com\/veterinaire\/confolens-16500\/boutique\/wp-json\/wp\/v2\/media?parent=312583"}],"wp:term":[{"taxonomy":"product_cat","embeddable":true,"href":"https:\/\/www.vetorino.com\/veterinaire\/confolens-16500\/boutique\/wp-json\/wp\/v2\/product_cat?post=312583"},{"taxonomy":"product_tag","embeddable":true,"href":"https:\/\/www.vetorino.com\/veterinaire\/confolens-16500\/boutique\/wp-json\/wp\/v2\/product_tag?post=312583"}],"curies":[{"name":"wp","href":"https:\/\/api.w.org\/{rel}","templated":true}]}}