{"id":538920,"date":"2023-01-10T11:42:38","date_gmt":"2023-01-10T10:42:38","guid":{"rendered":"https:\/\/www.vetorino.com\/boutique\/product\/friandises-chat-trixie-creamy-snacks-volaille-saumon\/"},"modified":"2023-04-26T09:41:38","modified_gmt":"2023-04-26T07:41:38","slug":"friandises-chat-trixie-creamy-snacks-volaille-saumon","status":"publish","type":"product","link":"https:\/\/www.vetorino.com\/veterinaire\/confolens-16500\/boutique\/product\/friandises-chat-trixie-creamy-snacks-volaille-saumon\/","title":{"rendered":"Friandises Chat Trixie Creamy Snacks Volaille\/Saumon"},"content":{"rendered":"<p><strong>Une\u00a0friandise liquide pour chat id\u00e9ale comme\u00a0friandise ou pour agr\u00e9menter\/r\u00e9hydrater un aliment sec.<\/strong><br \/>\nPeut \u00e9galement \u00eatre utilis\u00e9e sur un tapis de l\u00e9chage\u00a0pour r\u00e9compenser\/divertir l&#8217;animal ou en m\u00e9dical training pour un soin particulier \u00e0 la maison ou chez le v\u00e9t\u00e9rinaire.<\/p>\n<ul>\n<li>2 saveurs assorties : saumon\/inuline et volaille\/foie\/biotine.<\/li>\n<li>L&#8217;inuline facilite la digestion et fortifie le syst\u00e8me immunitaire naturel.<\/li>\n<li>La biotine favorise le d\u00e9veloppement d&#8217;un beau pelage brillant.<\/li>\n<li>Favorise l&#8217;absorption de l&#8217;humidit\u00e9.<\/li>\n<li>Tr\u00e8s forte acceptation.<\/li>\n<li>Effet de grande r\u00e9compense.<\/li>\n<li>Sans sucres ajout\u00e9s.<\/li>\n<\/ul>\n","protected":false},"excerpt":{"rendered":"<p><strong>Les friandises Creamy de Trixie<\/strong> sont sp\u00e9cialement con\u00e7ues pour faire plaisir \u00e0 votre chat. Cette collation liquide sans gluten contient des vitamines b\u00e9n\u00e9fiques pour votre boule de poils et le r\u00e9galera tout en prenant soin de son bien-\u00eatre<\/p>\n","protected":false},"featured_media":596824,"template":"","meta":[],"product_cat":[12551,2697,2733],"product_tag":[],"class_list":{"0":"post-538920","1":"product","2":"type-product","3":"status-publish","4":"has-post-thumbnail","6":"product_cat-alimentation-du-chat","7":"product_cat-chat","8":"product_cat-friandises-pour-chat","9":"pa_marque-trixie","11":"first","12":"outofstock","13":"taxable","14":"shipping-taxable","15":"purchasable","16":"product-type-simple"},"yoast_head":"<!-- This site is optimized with the Yoast SEO plugin v27.3 - https:\/\/yoast.com\/product\/yoast-seo-wordpress\/ -->\n<title>Friandises Chat Trixie Creamy Snacks Volaille\/Saumon Trixie - V\u00e9torino<\/title>\n<meta name=\"description\" content=\"Les friandises Creamy de Trixie sont sp\u00e9cialement con\u00e7ues pour faire plaisir \u00e0 votre chat. Cette collation liquide sans gluten contient des vitamines b\u00e9n\u00e9fiques pour votre boule de poils et le r\u00e9galera tout en prenant soin de son bien-\u00eatre\" \/>\n<meta name=\"robots\" content=\"noindex, nofollow\" \/>\n<meta property=\"og:locale\" content=\"fr_FR\" \/>\n<meta property=\"og:type\" content=\"article\" \/>\n<meta property=\"og:title\" content=\"Friandises Chat Trixie Creamy Snacks Volaille\/Saumon Trixie - V\u00e9torino\" \/>\n<meta property=\"og:description\" content=\"Les friandises Creamy de Trixie sont sp\u00e9cialement con\u00e7ues pour faire plaisir \u00e0 votre chat. Cette collation liquide sans gluten contient des vitamines b\u00e9n\u00e9fiques pour votre boule de poils et le r\u00e9galera tout en prenant soin de son bien-\u00eatre\" \/>\n<meta property=\"og:url\" content=\"https:\/\/www.vetorino.com\/veterinaire\/confolens-16500\/boutique\/product\/friandises-chat-trixie-creamy-snacks-volaille-saumon\/\" \/>\n<meta property=\"og:site_name\" content=\"V\u00e9torino\" \/>\n<meta property=\"article:publisher\" content=\"https:\/\/www.facebook.com\/Vetorino\/\" \/>\n<meta property=\"article:modified_time\" content=\"2023-04-26T07:41:38+00:00\" \/>\n<meta property=\"og:image\" content=\"https:\/\/www.vetorino.com\/boutique\/wp-content\/uploads\/2023\/01\/friandises-chat-trixie-creamy-snacks-volaille-saumon.jpg\" \/>\n\t<meta property=\"og:image:width\" content=\"455\" \/>\n\t<meta property=\"og:image:height\" content=\"455\" \/>\n\t<meta property=\"og:image:type\" content=\"image\/jpeg\" \/>\n<meta name=\"twitter:card\" content=\"summary_large_image\" \/>\n<meta name=\"twitter:label1\" content=\"Prix\" \/>\n\t<meta name=\"twitter:data1\" content=\"2,33&euro;\" \/>\n\t<meta name=\"twitter:label2\" content=\"Disponibilit\u00e9\" \/>\n\t<meta name=\"twitter:data2\" content=\"Rupture de stock\" \/>\n<script type=\"application\/ld+json\" class=\"yoast-schema-graph\">{\"@context\":\"https:\\\/\\\/schema.org\",\"@graph\":[{\"@type\":\"WebPage\",\"@id\":\"https:\\\/\\\/www.vetorino.com\\\/veterinaire\\\/molsheim-67120\\\/boutique\\\/product\\\/friandises-chat-trixie-creamy-snacks-volaille-saumon\\\/\",\"url\":\"https:\\\/\\\/www.vetorino.com\\\/veterinaire\\\/molsheim-67120\\\/boutique\\\/product\\\/friandises-chat-trixie-creamy-snacks-volaille-saumon\\\/\",\"name\":\"Friandises Chat Trixie Creamy Snacks Volaille\\\/Saumon Trixie - V\u00e9torino\",\"isPartOf\":{\"@id\":\"https:\\\/\\\/www.vetorino.com\\\/boutique\\\/#website\"},\"primaryImageOfPage\":{\"@id\":\"https:\\\/\\\/www.vetorino.com\\\/veterinaire\\\/molsheim-67120\\\/boutique\\\/product\\\/friandises-chat-trixie-creamy-snacks-volaille-saumon\\\/#primaryimage\"},\"image\":{\"@id\":\"https:\\\/\\\/www.vetorino.com\\\/veterinaire\\\/molsheim-67120\\\/boutique\\\/product\\\/friandises-chat-trixie-creamy-snacks-volaille-saumon\\\/#primaryimage\"},\"thumbnailUrl\":\"https:\\\/\\\/www.vetorino.com\\\/boutique\\\/wp-content\\\/uploads\\\/2023\\\/01\\\/friandises-chat-trixie-creamy-snacks-volaille-saumon.jpg\",\"datePublished\":\"2023-01-10T10:42:38+00:00\",\"dateModified\":\"2023-04-26T07:41:38+00:00\",\"description\":\"Les friandises Creamy de Trixie sont sp\u00e9cialement con\u00e7ues pour faire plaisir \u00e0 votre chat. Cette collation liquide sans gluten contient des vitamines b\u00e9n\u00e9fiques pour votre boule de poils et le r\u00e9galera tout en prenant soin de son bien-\u00eatre\",\"breadcrumb\":{\"@id\":\"https:\\\/\\\/www.vetorino.com\\\/veterinaire\\\/molsheim-67120\\\/boutique\\\/product\\\/friandises-chat-trixie-creamy-snacks-volaille-saumon\\\/#breadcrumb\"},\"inLanguage\":\"fr-FR\",\"potentialAction\":[{\"@type\":\"ReadAction\",\"target\":[\"https:\\\/\\\/www.vetorino.com\\\/veterinaire\\\/molsheim-67120\\\/boutique\\\/product\\\/friandises-chat-trixie-creamy-snacks-volaille-saumon\\\/\"]}]},{\"@type\":\"ImageObject\",\"inLanguage\":\"fr-FR\",\"@id\":\"https:\\\/\\\/www.vetorino.com\\\/veterinaire\\\/molsheim-67120\\\/boutique\\\/product\\\/friandises-chat-trixie-creamy-snacks-volaille-saumon\\\/#primaryimage\",\"url\":\"https:\\\/\\\/www.vetorino.com\\\/boutique\\\/wp-content\\\/uploads\\\/2023\\\/01\\\/friandises-chat-trixie-creamy-snacks-volaille-saumon.jpg\",\"contentUrl\":\"https:\\\/\\\/www.vetorino.com\\\/boutique\\\/wp-content\\\/uploads\\\/2023\\\/01\\\/friandises-chat-trixie-creamy-snacks-volaille-saumon.jpg\",\"width\":455,\"height\":455},{\"@type\":\"BreadcrumbList\",\"@id\":\"https:\\\/\\\/www.vetorino.com\\\/veterinaire\\\/molsheim-67120\\\/boutique\\\/product\\\/friandises-chat-trixie-creamy-snacks-volaille-saumon\\\/#breadcrumb\",\"itemListElement\":[{\"@type\":\"ListItem\",\"position\":1,\"name\":\"Accueil\",\"item\":\"https:\\\/\\\/www.vetorino.com\\\/boutique\\\/\"},{\"@type\":\"ListItem\",\"position\":2,\"name\":\"Produits\",\"item\":\"https:\\\/\\\/www.vetorino.com\\\/boutique\\\/\"},{\"@type\":\"ListItem\",\"position\":3,\"name\":\"Friandises Chat Trixie Creamy Snacks Volaille\\\/Saumon\"}]},{\"@type\":\"WebSite\",\"@id\":\"https:\\\/\\\/www.vetorino.com\\\/boutique\\\/#website\",\"url\":\"https:\\\/\\\/www.vetorino.com\\\/boutique\\\/\",\"name\":\"V\u00e9torino\",\"description\":\"\",\"publisher\":{\"@id\":\"https:\\\/\\\/www.vetorino.com\\\/boutique\\\/#organization\"},\"potentialAction\":[{\"@type\":\"SearchAction\",\"target\":{\"@type\":\"EntryPoint\",\"urlTemplate\":\"https:\\\/\\\/www.vetorino.com\\\/boutique\\\/?s={search_term_string}\"},\"query-input\":{\"@type\":\"PropertyValueSpecification\",\"valueRequired\":true,\"valueName\":\"search_term_string\"}}],\"inLanguage\":\"fr-FR\"},{\"@type\":\"Organization\",\"@id\":\"https:\\\/\\\/www.vetorino.com\\\/boutique\\\/#organization\",\"name\":\"V\u00e9torino\",\"url\":\"https:\\\/\\\/www.vetorino.com\\\/boutique\\\/\",\"logo\":{\"@type\":\"ImageObject\",\"inLanguage\":\"fr-FR\",\"@id\":\"https:\\\/\\\/www.vetorino.com\\\/boutique\\\/#\\\/schema\\\/logo\\\/image\\\/\",\"url\":\"https:\\\/\\\/www.vetorino.com\\\/boutique\\\/wp-content\\\/uploads\\\/2024\\\/10\\\/logo.jpg\",\"contentUrl\":\"https:\\\/\\\/www.vetorino.com\\\/boutique\\\/wp-content\\\/uploads\\\/2024\\\/10\\\/logo.jpg\",\"width\":1200,\"height\":610,\"caption\":\"V\u00e9torino\"},\"image\":{\"@id\":\"https:\\\/\\\/www.vetorino.com\\\/boutique\\\/#\\\/schema\\\/logo\\\/image\\\/\"},\"sameAs\":[\"https:\\\/\\\/www.facebook.com\\\/Vetorino\\\/\",\"https:\\\/\\\/www.instagram.com\\\/vetorino_off\\\/\",\"https:\\\/\\\/www.linkedin.com\\\/company\\\/vtorino\\\/\"]}]}<\/script>\n<meta property=\"product:brand\" content=\"Trixie\" \/>\n<meta property=\"product:price:amount\" content=\"2.33\" \/>\n<meta property=\"product:price:currency\" content=\"EUR\" \/>\n<meta property=\"og:availability\" content=\"out of stock\" \/>\n<meta property=\"product:availability\" content=\"out of stock\" \/>\n<meta property=\"product:retailer_item_id\" content=\"C-FRI033\" \/>\n<meta property=\"product:condition\" content=\"new\" \/>\n<!-- \/ Yoast SEO plugin. -->","yoast_head_json":{"title":"Friandises Chat Trixie Creamy Snacks Volaille\/Saumon Trixie - V\u00e9torino","description":"Les friandises Creamy de Trixie sont sp\u00e9cialement con\u00e7ues pour faire plaisir \u00e0 votre chat. Cette collation liquide sans gluten contient des vitamines b\u00e9n\u00e9fiques pour votre boule de poils et le r\u00e9galera tout en prenant soin de son bien-\u00eatre","robots":{"index":"noindex","follow":"nofollow"},"og_locale":"fr_FR","og_type":"article","og_title":"Friandises Chat Trixie Creamy Snacks Volaille\/Saumon Trixie - V\u00e9torino","og_description":"Les friandises Creamy de Trixie sont sp\u00e9cialement con\u00e7ues pour faire plaisir \u00e0 votre chat. Cette collation liquide sans gluten contient des vitamines b\u00e9n\u00e9fiques pour votre boule de poils et le r\u00e9galera tout en prenant soin de son bien-\u00eatre","og_url":"https:\/\/www.vetorino.com\/veterinaire\/confolens-16500\/boutique\/product\/friandises-chat-trixie-creamy-snacks-volaille-saumon\/","og_site_name":"V\u00e9torino","article_publisher":"https:\/\/www.facebook.com\/Vetorino\/","article_modified_time":"2023-04-26T07:41:38+00:00","og_image":[{"width":455,"height":455,"url":"https:\/\/www.vetorino.com\/boutique\/wp-content\/uploads\/2023\/01\/friandises-chat-trixie-creamy-snacks-volaille-saumon.jpg","type":"image\/jpeg"}],"twitter_card":"summary_large_image","twitter_misc":{"Prix":"2,33&euro;","Disponibilit\u00e9":"Rupture de stock"},"schema":{"@context":"https:\/\/schema.org","@graph":[{"@type":"WebPage","@id":"https:\/\/www.vetorino.com\/veterinaire\/molsheim-67120\/boutique\/product\/friandises-chat-trixie-creamy-snacks-volaille-saumon\/","url":"https:\/\/www.vetorino.com\/veterinaire\/molsheim-67120\/boutique\/product\/friandises-chat-trixie-creamy-snacks-volaille-saumon\/","name":"Friandises Chat Trixie Creamy Snacks Volaille\/Saumon Trixie - V\u00e9torino","isPartOf":{"@id":"https:\/\/www.vetorino.com\/boutique\/#website"},"primaryImageOfPage":{"@id":"https:\/\/www.vetorino.com\/veterinaire\/molsheim-67120\/boutique\/product\/friandises-chat-trixie-creamy-snacks-volaille-saumon\/#primaryimage"},"image":{"@id":"https:\/\/www.vetorino.com\/veterinaire\/molsheim-67120\/boutique\/product\/friandises-chat-trixie-creamy-snacks-volaille-saumon\/#primaryimage"},"thumbnailUrl":"https:\/\/www.vetorino.com\/boutique\/wp-content\/uploads\/2023\/01\/friandises-chat-trixie-creamy-snacks-volaille-saumon.jpg","datePublished":"2023-01-10T10:42:38+00:00","dateModified":"2023-04-26T07:41:38+00:00","description":"Les friandises Creamy de Trixie sont sp\u00e9cialement con\u00e7ues pour faire plaisir \u00e0 votre chat. Cette collation liquide sans gluten contient des vitamines b\u00e9n\u00e9fiques pour votre boule de poils et le r\u00e9galera tout en prenant soin de son bien-\u00eatre","breadcrumb":{"@id":"https:\/\/www.vetorino.com\/veterinaire\/molsheim-67120\/boutique\/product\/friandises-chat-trixie-creamy-snacks-volaille-saumon\/#breadcrumb"},"inLanguage":"fr-FR","potentialAction":[{"@type":"ReadAction","target":["https:\/\/www.vetorino.com\/veterinaire\/molsheim-67120\/boutique\/product\/friandises-chat-trixie-creamy-snacks-volaille-saumon\/"]}]},{"@type":"ImageObject","inLanguage":"fr-FR","@id":"https:\/\/www.vetorino.com\/veterinaire\/molsheim-67120\/boutique\/product\/friandises-chat-trixie-creamy-snacks-volaille-saumon\/#primaryimage","url":"https:\/\/www.vetorino.com\/boutique\/wp-content\/uploads\/2023\/01\/friandises-chat-trixie-creamy-snacks-volaille-saumon.jpg","contentUrl":"https:\/\/www.vetorino.com\/boutique\/wp-content\/uploads\/2023\/01\/friandises-chat-trixie-creamy-snacks-volaille-saumon.jpg","width":455,"height":455},{"@type":"BreadcrumbList","@id":"https:\/\/www.vetorino.com\/veterinaire\/molsheim-67120\/boutique\/product\/friandises-chat-trixie-creamy-snacks-volaille-saumon\/#breadcrumb","itemListElement":[{"@type":"ListItem","position":1,"name":"Accueil","item":"https:\/\/www.vetorino.com\/boutique\/"},{"@type":"ListItem","position":2,"name":"Produits","item":"https:\/\/www.vetorino.com\/boutique\/"},{"@type":"ListItem","position":3,"name":"Friandises Chat Trixie Creamy Snacks Volaille\/Saumon"}]},{"@type":"WebSite","@id":"https:\/\/www.vetorino.com\/boutique\/#website","url":"https:\/\/www.vetorino.com\/boutique\/","name":"V\u00e9torino","description":"","publisher":{"@id":"https:\/\/www.vetorino.com\/boutique\/#organization"},"potentialAction":[{"@type":"SearchAction","target":{"@type":"EntryPoint","urlTemplate":"https:\/\/www.vetorino.com\/boutique\/?s={search_term_string}"},"query-input":{"@type":"PropertyValueSpecification","valueRequired":true,"valueName":"search_term_string"}}],"inLanguage":"fr-FR"},{"@type":"Organization","@id":"https:\/\/www.vetorino.com\/boutique\/#organization","name":"V\u00e9torino","url":"https:\/\/www.vetorino.com\/boutique\/","logo":{"@type":"ImageObject","inLanguage":"fr-FR","@id":"https:\/\/www.vetorino.com\/boutique\/#\/schema\/logo\/image\/","url":"https:\/\/www.vetorino.com\/boutique\/wp-content\/uploads\/2024\/10\/logo.jpg","contentUrl":"https:\/\/www.vetorino.com\/boutique\/wp-content\/uploads\/2024\/10\/logo.jpg","width":1200,"height":610,"caption":"V\u00e9torino"},"image":{"@id":"https:\/\/www.vetorino.com\/boutique\/#\/schema\/logo\/image\/"},"sameAs":["https:\/\/www.facebook.com\/Vetorino\/","https:\/\/www.instagram.com\/vetorino_off\/","https:\/\/www.linkedin.com\/company\/vtorino\/"]}]},"product_brand":"Trixie","product_price_amount":"2.33","product_price_currency":"EUR","og_availability":"out of stock","product_availability":"out of stock","product_retailer_item_id":"C-FRI033","product_condition":"new"},"_links":{"self":[{"href":"https:\/\/www.vetorino.com\/veterinaire\/confolens-16500\/boutique\/wp-json\/wp\/v2\/product\/538920","targetHints":{"allow":["GET"]}}],"collection":[{"href":"https:\/\/www.vetorino.com\/veterinaire\/confolens-16500\/boutique\/wp-json\/wp\/v2\/product"}],"about":[{"href":"https:\/\/www.vetorino.com\/veterinaire\/confolens-16500\/boutique\/wp-json\/wp\/v2\/types\/product"}],"wp:featuredmedia":[{"embeddable":true,"href":"https:\/\/www.vetorino.com\/veterinaire\/confolens-16500\/boutique\/wp-json\/wp\/v2\/media\/596824"}],"wp:attachment":[{"href":"https:\/\/www.vetorino.com\/veterinaire\/confolens-16500\/boutique\/wp-json\/wp\/v2\/media?parent=538920"}],"wp:term":[{"taxonomy":"product_cat","embeddable":true,"href":"https:\/\/www.vetorino.com\/veterinaire\/confolens-16500\/boutique\/wp-json\/wp\/v2\/product_cat?post=538920"},{"taxonomy":"product_tag","embeddable":true,"href":"https:\/\/www.vetorino.com\/veterinaire\/confolens-16500\/boutique\/wp-json\/wp\/v2\/product_tag?post=538920"}],"curies":[{"name":"wp","href":"https:\/\/api.w.org\/{rel}","templated":true}]}}