{"id":538927,"date":"2023-01-10T12:03:42","date_gmt":"2023-01-10T11:03:42","guid":{"rendered":"https:\/\/www.vetorino.com\/boutique\/product\/cage-travel-pop-pliable\/"},"modified":"2026-03-30T19:15:05","modified_gmt":"2026-03-30T17:15:05","slug":"cage-travel-pop-pliable","status":"publish","type":"product","link":"https:\/\/www.vetorino.com\/veterinaire\/confolens-16500\/boutique\/product\/cage-travel-pop-pliable\/","title":{"rendered":"Caisse Transport Pliable Travel Pop"},"content":{"rendered":"<p><strong>Cage de transport pliable en mati\u00e8re plastique rigide avec une grande ouverture sur le devant et une poign\u00e9e sur le dessus.<\/strong><\/p>\n<p><strong>Caract\u00e9ristiques :\u00a0<\/strong><\/p>\n<ul>\n<li>Syst\u00e8me de clips pour le montage.<\/li>\n<li>Stockage \u00e0 plat une fois repli\u00e9e, ne prend pas de place \u00e0 la maison.<\/li>\n<li>Utilisation simple, pliage facile et rapide.<\/li>\n<li>Porte sur l\u2019avant pour faire rentrer ou sortir l\u2019animal en toute s\u00e9curit\u00e9.<\/li>\n<li>Nettoyage facile \u00e0 l\u2019eau savonneuse.<\/li>\n<li>Convient aux animaux de compagnie (chats, petits chiens, lapins), jusqu\u2019\u00e0 5 kg.<\/li>\n<\/ul>\n","protected":false},"excerpt":{"rendered":"<p><strong>Cage de transport pliable en mati\u00e8re plastique rigide avec une grande ouverture sur le devant et une poign\u00e9e sur le dessus.<\/strong><\/p>\n<p><strong>Caract\u00e9ristiques :\u00a0<\/strong><\/p>\n<ul>\n<li>Syst\u00e8me de clips pour le montage.<\/li>\n<li>Stockage \u00e0 plat une fois repli\u00e9e, ne prend pas de place \u00e0 la maison.<\/li>\n<li>Utilisation simple, pliage facile et rapide.<\/li>\n<li>Porte sur l\u2019avant pour faire rentrer ou sortir l\u2019animal en toute s\u00e9curit\u00e9.<\/li>\n<li>Nettoyage facile \u00e0 l\u2019eau savonneuse.<\/li>\n<li>Convient aux animaux de compagnie (chats, petits chiens, lapins), jusqu\u2019\u00e0 5 kg.<\/li>\n<\/ul>\n","protected":false},"featured_media":590225,"template":"","meta":[],"product_cat":[12548,12574,12550,2814,2749,2776,2697,2698,2744,12563,2727,12570,15842,12631],"product_tag":[],"class_list":{"0":"post-538927","1":"product","2":"type-product","3":"status-publish","4":"has-post-thumbnail","6":"product_cat-accessoire-du-chat","7":"product_cat-accessoire-pour-lapin","8":"product_cat-accessoires-du-chien","9":"product_cat-cages-de-transports-pour-lapin-rongeur","10":"product_cat-cages-transport-pour-chat","11":"product_cat-cages-et-transport-pour-chien","12":"product_cat-chat","13":"product_cat-chien","14":"product_cat-furet","15":"product_cat-lapin","16":"product_cat-nac","17":"product_cat-rongeur","18":"product_cat-rongeurs","19":"product_cat-sortie-du-chat","20":"pa_marque-vetopop","22":"first","23":"instock","24":"taxable","25":"shipping-taxable","26":"purchasable","27":"product-type-simple"},"yoast_head":"<!-- This site is optimized with the Yoast SEO plugin v27.3 - https:\/\/yoast.com\/product\/yoast-seo-wordpress\/ -->\n<title>Caisse Transport Pliable Travel Pop V\u00e9topop - V\u00e9torino<\/title>\n<meta name=\"description\" content=\"Cage de transport pliable en mati\u00e8re plastique rigide avec une grande ouverture sur le devant et une poign\u00e9e sur le dessus.  Caract\u00e9ristiques :\u00a0   Syst\u00e8me de clips pour le montage.  Stockage \u00e0 plat une fois repli\u00e9e, ne prend pas de place \u00e0 la maison.  Utilisation simple, pliage facile et rapide.  Porte sur l\u2019avant pour faire rentrer ou sortir l\u2019animal en toute s\u00e9curit\u00e9.  Nettoyage facile \u00e0 l\u2019eau savonneuse.  Convient aux animaux de compagnie (chats, petits chiens, lapins), jusqu\u2019\u00e0 5 kg.\" \/>\n<meta name=\"robots\" content=\"noindex, nofollow\" \/>\n<meta property=\"og:locale\" content=\"fr_FR\" \/>\n<meta property=\"og:type\" content=\"article\" \/>\n<meta property=\"og:title\" content=\"Caisse Transport Pliable Travel Pop V\u00e9topop - V\u00e9torino\" \/>\n<meta property=\"og:description\" content=\"Cage de transport pliable en mati\u00e8re plastique rigide avec une grande ouverture sur le devant et une poign\u00e9e sur le dessus.  Caract\u00e9ristiques :\u00a0   Syst\u00e8me de clips pour le montage.  Stockage \u00e0 plat une fois repli\u00e9e, ne prend pas de place \u00e0 la maison.  Utilisation simple, pliage facile et rapide.  Porte sur l\u2019avant pour faire rentrer ou sortir l\u2019animal en toute s\u00e9curit\u00e9.  Nettoyage facile \u00e0 l\u2019eau savonneuse.  Convient aux animaux de compagnie (chats, petits chiens, lapins), jusqu\u2019\u00e0 5 kg.\" \/>\n<meta property=\"og:url\" content=\"https:\/\/www.vetorino.com\/veterinaire\/confolens-16500\/boutique\/product\/cage-travel-pop-pliable\/\" \/>\n<meta property=\"og:site_name\" content=\"V\u00e9torino\" \/>\n<meta property=\"article:publisher\" content=\"https:\/\/www.facebook.com\/Vetorino\/\" \/>\n<meta property=\"article:modified_time\" content=\"2026-03-30T17:15:05+00:00\" \/>\n<meta property=\"og:image\" content=\"https:\/\/www.vetorino.com\/boutique\/wp-content\/uploads\/2023\/01\/travel-pop.jpg\" \/>\n\t<meta property=\"og:image:width\" content=\"700\" \/>\n\t<meta property=\"og:image:height\" content=\"700\" \/>\n\t<meta property=\"og:image:type\" content=\"image\/jpeg\" \/>\n<meta name=\"twitter:card\" content=\"summary_large_image\" \/>\n<meta name=\"twitter:label1\" content=\"Prix\" \/>\n\t<meta name=\"twitter:data1\" content=\"29,91&euro;\" \/>\n\t<meta name=\"twitter:label2\" content=\"Disponibilit\u00e9\" \/>\n\t<meta name=\"twitter:data2\" content=\"En stock\" \/>\n<script type=\"application\/ld+json\" class=\"yoast-schema-graph\">{\"@context\":\"https:\\\/\\\/schema.org\",\"@graph\":[{\"@type\":\"WebPage\",\"@id\":\"https:\\\/\\\/www.vetorino.com\\\/veterinaire\\\/pontarlier-25300\\\/boutique\\\/product\\\/cage-travel-pop-pliable\\\/\",\"url\":\"https:\\\/\\\/www.vetorino.com\\\/veterinaire\\\/pontarlier-25300\\\/boutique\\\/product\\\/cage-travel-pop-pliable\\\/\",\"name\":\"Caisse Transport Pliable Travel Pop V\u00e9topop - V\u00e9torino\",\"isPartOf\":{\"@id\":\"https:\\\/\\\/www.vetorino.com\\\/boutique\\\/#website\"},\"primaryImageOfPage\":{\"@id\":\"https:\\\/\\\/www.vetorino.com\\\/veterinaire\\\/pontarlier-25300\\\/boutique\\\/product\\\/cage-travel-pop-pliable\\\/#primaryimage\"},\"image\":{\"@id\":\"https:\\\/\\\/www.vetorino.com\\\/veterinaire\\\/pontarlier-25300\\\/boutique\\\/product\\\/cage-travel-pop-pliable\\\/#primaryimage\"},\"thumbnailUrl\":\"https:\\\/\\\/www.vetorino.com\\\/boutique\\\/wp-content\\\/uploads\\\/2023\\\/01\\\/travel-pop.jpg\",\"datePublished\":\"2023-01-10T11:03:42+00:00\",\"dateModified\":\"2026-03-30T17:15:05+00:00\",\"description\":\"Cage de transport pliable en mati\u00e8re plastique rigide avec une grande ouverture sur le devant et une poign\u00e9e sur le dessus. Caract\u00e9ristiques :\u00a0 Syst\u00e8me de clips pour le montage. Stockage \u00e0 plat une fois repli\u00e9e, ne prend pas de place \u00e0 la maison. Utilisation simple, pliage facile et rapide. Porte sur l\u2019avant pour faire rentrer ou sortir l\u2019animal en toute s\u00e9curit\u00e9. Nettoyage facile \u00e0 l\u2019eau savonneuse. Convient aux animaux de compagnie (chats, petits chiens, lapins), jusqu\u2019\u00e0 5 kg.\",\"breadcrumb\":{\"@id\":\"https:\\\/\\\/www.vetorino.com\\\/veterinaire\\\/pontarlier-25300\\\/boutique\\\/product\\\/cage-travel-pop-pliable\\\/#breadcrumb\"},\"inLanguage\":\"fr-FR\",\"potentialAction\":[{\"@type\":\"ReadAction\",\"target\":[\"https:\\\/\\\/www.vetorino.com\\\/veterinaire\\\/pontarlier-25300\\\/boutique\\\/product\\\/cage-travel-pop-pliable\\\/\"]}]},{\"@type\":\"ImageObject\",\"inLanguage\":\"fr-FR\",\"@id\":\"https:\\\/\\\/www.vetorino.com\\\/veterinaire\\\/pontarlier-25300\\\/boutique\\\/product\\\/cage-travel-pop-pliable\\\/#primaryimage\",\"url\":\"https:\\\/\\\/www.vetorino.com\\\/boutique\\\/wp-content\\\/uploads\\\/2023\\\/01\\\/travel-pop.jpg\",\"contentUrl\":\"https:\\\/\\\/www.vetorino.com\\\/boutique\\\/wp-content\\\/uploads\\\/2023\\\/01\\\/travel-pop.jpg\",\"width\":700,\"height\":700},{\"@type\":\"BreadcrumbList\",\"@id\":\"https:\\\/\\\/www.vetorino.com\\\/veterinaire\\\/pontarlier-25300\\\/boutique\\\/product\\\/cage-travel-pop-pliable\\\/#breadcrumb\",\"itemListElement\":[{\"@type\":\"ListItem\",\"position\":1,\"name\":\"Accueil\",\"item\":\"https:\\\/\\\/www.vetorino.com\\\/boutique\\\/\"},{\"@type\":\"ListItem\",\"position\":2,\"name\":\"Produits\",\"item\":\"https:\\\/\\\/www.vetorino.com\\\/boutique\\\/\"},{\"@type\":\"ListItem\",\"position\":3,\"name\":\"Caisse Transport Pliable Travel Pop\"}]},{\"@type\":\"WebSite\",\"@id\":\"https:\\\/\\\/www.vetorino.com\\\/boutique\\\/#website\",\"url\":\"https:\\\/\\\/www.vetorino.com\\\/boutique\\\/\",\"name\":\"V\u00e9torino\",\"description\":\"\",\"publisher\":{\"@id\":\"https:\\\/\\\/www.vetorino.com\\\/boutique\\\/#organization\"},\"potentialAction\":[{\"@type\":\"SearchAction\",\"target\":{\"@type\":\"EntryPoint\",\"urlTemplate\":\"https:\\\/\\\/www.vetorino.com\\\/boutique\\\/?s={search_term_string}\"},\"query-input\":{\"@type\":\"PropertyValueSpecification\",\"valueRequired\":true,\"valueName\":\"search_term_string\"}}],\"inLanguage\":\"fr-FR\"},{\"@type\":\"Organization\",\"@id\":\"https:\\\/\\\/www.vetorino.com\\\/boutique\\\/#organization\",\"name\":\"V\u00e9torino\",\"url\":\"https:\\\/\\\/www.vetorino.com\\\/boutique\\\/\",\"logo\":{\"@type\":\"ImageObject\",\"inLanguage\":\"fr-FR\",\"@id\":\"https:\\\/\\\/www.vetorino.com\\\/boutique\\\/#\\\/schema\\\/logo\\\/image\\\/\",\"url\":\"https:\\\/\\\/www.vetorino.com\\\/boutique\\\/wp-content\\\/uploads\\\/2024\\\/10\\\/logo.jpg\",\"contentUrl\":\"https:\\\/\\\/www.vetorino.com\\\/boutique\\\/wp-content\\\/uploads\\\/2024\\\/10\\\/logo.jpg\",\"width\":1200,\"height\":610,\"caption\":\"V\u00e9torino\"},\"image\":{\"@id\":\"https:\\\/\\\/www.vetorino.com\\\/boutique\\\/#\\\/schema\\\/logo\\\/image\\\/\"},\"sameAs\":[\"https:\\\/\\\/www.facebook.com\\\/Vetorino\\\/\",\"https:\\\/\\\/www.instagram.com\\\/vetorino_off\\\/\",\"https:\\\/\\\/www.linkedin.com\\\/company\\\/vtorino\\\/\"]}]}<\/script>\n<meta property=\"product:brand\" content=\"V\u00e9topop\" \/>\n<meta property=\"product:price:amount\" content=\"29.91\" \/>\n<meta property=\"product:price:currency\" content=\"EUR\" \/>\n<meta property=\"og:availability\" content=\"instock\" \/>\n<meta property=\"product:availability\" content=\"instock\" \/>\n<meta property=\"product:retailer_item_id\" content=\"C-CAG734\" \/>\n<meta property=\"product:condition\" content=\"new\" \/>\n<!-- \/ Yoast SEO plugin. -->","yoast_head_json":{"title":"Caisse Transport Pliable Travel Pop V\u00e9topop - V\u00e9torino","description":"Cage de transport pliable en mati\u00e8re plastique rigide avec une grande ouverture sur le devant et une poign\u00e9e sur le dessus.  Caract\u00e9ristiques :\u00a0   Syst\u00e8me de clips pour le montage.  Stockage \u00e0 plat une fois repli\u00e9e, ne prend pas de place \u00e0 la maison.  Utilisation simple, pliage facile et rapide.  Porte sur l\u2019avant pour faire rentrer ou sortir l\u2019animal en toute s\u00e9curit\u00e9.  Nettoyage facile \u00e0 l\u2019eau savonneuse.  Convient aux animaux de compagnie (chats, petits chiens, lapins), jusqu\u2019\u00e0 5 kg.","robots":{"index":"noindex","follow":"nofollow"},"og_locale":"fr_FR","og_type":"article","og_title":"Caisse Transport Pliable Travel Pop V\u00e9topop - V\u00e9torino","og_description":"Cage de transport pliable en mati\u00e8re plastique rigide avec une grande ouverture sur le devant et une poign\u00e9e sur le dessus.  Caract\u00e9ristiques :\u00a0   Syst\u00e8me de clips pour le montage.  Stockage \u00e0 plat une fois repli\u00e9e, ne prend pas de place \u00e0 la maison.  Utilisation simple, pliage facile et rapide.  Porte sur l\u2019avant pour faire rentrer ou sortir l\u2019animal en toute s\u00e9curit\u00e9.  Nettoyage facile \u00e0 l\u2019eau savonneuse.  Convient aux animaux de compagnie (chats, petits chiens, lapins), jusqu\u2019\u00e0 5 kg.","og_url":"https:\/\/www.vetorino.com\/veterinaire\/confolens-16500\/boutique\/product\/cage-travel-pop-pliable\/","og_site_name":"V\u00e9torino","article_publisher":"https:\/\/www.facebook.com\/Vetorino\/","article_modified_time":"2026-03-30T17:15:05+00:00","og_image":[{"width":700,"height":700,"url":"https:\/\/www.vetorino.com\/boutique\/wp-content\/uploads\/2023\/01\/travel-pop.jpg","type":"image\/jpeg"}],"twitter_card":"summary_large_image","twitter_misc":{"Prix":"29,91&euro;","Disponibilit\u00e9":"En stock"},"schema":{"@context":"https:\/\/schema.org","@graph":[{"@type":"WebPage","@id":"https:\/\/www.vetorino.com\/veterinaire\/pontarlier-25300\/boutique\/product\/cage-travel-pop-pliable\/","url":"https:\/\/www.vetorino.com\/veterinaire\/pontarlier-25300\/boutique\/product\/cage-travel-pop-pliable\/","name":"Caisse Transport Pliable Travel Pop V\u00e9topop - V\u00e9torino","isPartOf":{"@id":"https:\/\/www.vetorino.com\/boutique\/#website"},"primaryImageOfPage":{"@id":"https:\/\/www.vetorino.com\/veterinaire\/pontarlier-25300\/boutique\/product\/cage-travel-pop-pliable\/#primaryimage"},"image":{"@id":"https:\/\/www.vetorino.com\/veterinaire\/pontarlier-25300\/boutique\/product\/cage-travel-pop-pliable\/#primaryimage"},"thumbnailUrl":"https:\/\/www.vetorino.com\/boutique\/wp-content\/uploads\/2023\/01\/travel-pop.jpg","datePublished":"2023-01-10T11:03:42+00:00","dateModified":"2026-03-30T17:15:05+00:00","description":"Cage de transport pliable en mati\u00e8re plastique rigide avec une grande ouverture sur le devant et une poign\u00e9e sur le dessus. Caract\u00e9ristiques :\u00a0 Syst\u00e8me de clips pour le montage. Stockage \u00e0 plat une fois repli\u00e9e, ne prend pas de place \u00e0 la maison. Utilisation simple, pliage facile et rapide. Porte sur l\u2019avant pour faire rentrer ou sortir l\u2019animal en toute s\u00e9curit\u00e9. Nettoyage facile \u00e0 l\u2019eau savonneuse. Convient aux animaux de compagnie (chats, petits chiens, lapins), jusqu\u2019\u00e0 5 kg.","breadcrumb":{"@id":"https:\/\/www.vetorino.com\/veterinaire\/pontarlier-25300\/boutique\/product\/cage-travel-pop-pliable\/#breadcrumb"},"inLanguage":"fr-FR","potentialAction":[{"@type":"ReadAction","target":["https:\/\/www.vetorino.com\/veterinaire\/pontarlier-25300\/boutique\/product\/cage-travel-pop-pliable\/"]}]},{"@type":"ImageObject","inLanguage":"fr-FR","@id":"https:\/\/www.vetorino.com\/veterinaire\/pontarlier-25300\/boutique\/product\/cage-travel-pop-pliable\/#primaryimage","url":"https:\/\/www.vetorino.com\/boutique\/wp-content\/uploads\/2023\/01\/travel-pop.jpg","contentUrl":"https:\/\/www.vetorino.com\/boutique\/wp-content\/uploads\/2023\/01\/travel-pop.jpg","width":700,"height":700},{"@type":"BreadcrumbList","@id":"https:\/\/www.vetorino.com\/veterinaire\/pontarlier-25300\/boutique\/product\/cage-travel-pop-pliable\/#breadcrumb","itemListElement":[{"@type":"ListItem","position":1,"name":"Accueil","item":"https:\/\/www.vetorino.com\/boutique\/"},{"@type":"ListItem","position":2,"name":"Produits","item":"https:\/\/www.vetorino.com\/boutique\/"},{"@type":"ListItem","position":3,"name":"Caisse Transport Pliable Travel Pop"}]},{"@type":"WebSite","@id":"https:\/\/www.vetorino.com\/boutique\/#website","url":"https:\/\/www.vetorino.com\/boutique\/","name":"V\u00e9torino","description":"","publisher":{"@id":"https:\/\/www.vetorino.com\/boutique\/#organization"},"potentialAction":[{"@type":"SearchAction","target":{"@type":"EntryPoint","urlTemplate":"https:\/\/www.vetorino.com\/boutique\/?s={search_term_string}"},"query-input":{"@type":"PropertyValueSpecification","valueRequired":true,"valueName":"search_term_string"}}],"inLanguage":"fr-FR"},{"@type":"Organization","@id":"https:\/\/www.vetorino.com\/boutique\/#organization","name":"V\u00e9torino","url":"https:\/\/www.vetorino.com\/boutique\/","logo":{"@type":"ImageObject","inLanguage":"fr-FR","@id":"https:\/\/www.vetorino.com\/boutique\/#\/schema\/logo\/image\/","url":"https:\/\/www.vetorino.com\/boutique\/wp-content\/uploads\/2024\/10\/logo.jpg","contentUrl":"https:\/\/www.vetorino.com\/boutique\/wp-content\/uploads\/2024\/10\/logo.jpg","width":1200,"height":610,"caption":"V\u00e9torino"},"image":{"@id":"https:\/\/www.vetorino.com\/boutique\/#\/schema\/logo\/image\/"},"sameAs":["https:\/\/www.facebook.com\/Vetorino\/","https:\/\/www.instagram.com\/vetorino_off\/","https:\/\/www.linkedin.com\/company\/vtorino\/"]}]},"product_brand":"V\u00e9topop","product_price_amount":"29.91","product_price_currency":"EUR","og_availability":"instock","product_availability":"instock","product_retailer_item_id":"C-CAG734","product_condition":"new"},"_links":{"self":[{"href":"https:\/\/www.vetorino.com\/veterinaire\/confolens-16500\/boutique\/wp-json\/wp\/v2\/product\/538927","targetHints":{"allow":["GET"]}}],"collection":[{"href":"https:\/\/www.vetorino.com\/veterinaire\/confolens-16500\/boutique\/wp-json\/wp\/v2\/product"}],"about":[{"href":"https:\/\/www.vetorino.com\/veterinaire\/confolens-16500\/boutique\/wp-json\/wp\/v2\/types\/product"}],"wp:featuredmedia":[{"embeddable":true,"href":"https:\/\/www.vetorino.com\/veterinaire\/confolens-16500\/boutique\/wp-json\/wp\/v2\/media\/590225"}],"wp:attachment":[{"href":"https:\/\/www.vetorino.com\/veterinaire\/confolens-16500\/boutique\/wp-json\/wp\/v2\/media?parent=538927"}],"wp:term":[{"taxonomy":"product_cat","embeddable":true,"href":"https:\/\/www.vetorino.com\/veterinaire\/confolens-16500\/boutique\/wp-json\/wp\/v2\/product_cat?post=538927"},{"taxonomy":"product_tag","embeddable":true,"href":"https:\/\/www.vetorino.com\/veterinaire\/confolens-16500\/boutique\/wp-json\/wp\/v2\/product_tag?post=538927"}],"curies":[{"name":"wp","href":"https:\/\/api.w.org\/{rel}","templated":true}]}}