{"id":549767,"date":"2023-01-31T12:17:45","date_gmt":"2023-01-31T11:17:45","guid":{"rendered":"https:\/\/www.vetorino.com\/boutique\/product\/balle-a-lecher-trixie-licknsnack\/"},"modified":"2024-09-04T02:42:06","modified_gmt":"2024-09-04T00:42:06","slug":"balle-a-lecher-trixie-licknsnack","status":"publish","type":"product","link":"https:\/\/www.vetorino.com\/veterinaire\/confolens-16500\/boutique\/product\/balle-a-lecher-trixie-licknsnack\/","title":{"rendered":"Balle \u00e0 l\u00e9cher Lick&#8217;n&#8217;Snack"},"content":{"rendered":"<p>Il est essentiel de donner de nouveaux d\u00e9fis \u00e0 votre chien pour occuper son esprit. La balle Lick&#8217;n&#8217;Snack de Trixie donnera du fil \u00e0 retordre \u00e0 votre chien pour obtenir ses friandises. La boule en TPR solide peut \u00eatre remplie de croquettes ou de friandises et votre chien devra essayer de les r\u00e9cup\u00e9rer \u00e0 travers les petites ouvertures.<\/p>\n<p>Ce <b>jouet d&#8217;intelligence<\/b>\u00a0<strong>occupera votre chien pendant un long moment<\/strong>\u00a0et <b>l&#8217;emp\u00eachera de se jeter sur sa nourriture<\/b>.\u00a0Les rainures sur les c\u00f4t\u00e9s conviennent parfaitement pour de la saucisse de foie, que votre chien se fera un plaisir de l\u00e9cher. Le l\u00e9chage a des vertus apaisantes et aidera votre chien \u00e0 se calmer apr\u00e8s s&#8217;\u00eatre d\u00e9foul\u00e9. Une ventouse permet de fixer la balle Lick\u2019n\u2019Snack de Trixie\u00a0sur une surface lisse.<\/p>\n<p><strong>Caract\u00e9ristiques de la balle Trixie Lick\u2019n\u2019Snack pour chien :<\/strong><\/p>\n<ul>\n<li>jouet d&#8217;intelligence\u00a0pour chien<\/li>\n<li><strong>aide le chien \u00e0 manger plus lentement :<\/strong> l&#8217;emp\u00eache de se jeter sur sa nourriture<\/li>\n<li><strong>occupe le chien pendant un moment : <\/strong>le chien doit essayer de r\u00e9cup\u00e9rer sa nourriture<\/li>\n<li><strong>\u00e0 remplir de friandises : <\/strong>pour des grandes friandises \u00e0 l&#8217;int\u00e9rieur, rainures sur les c\u00f4t\u00e9s pour les p\u00e2tes et les saucisses de foie<\/li>\n<li>grande ventouse : pour fixer la balle en toute s\u00e9curit\u00e9 sur des sols lisses<\/li>\n<li>encourage le chien \u00e0 l\u00e9cher : effet apaisant<\/li>\n<li>stimule l&#8217;esprit<\/li>\n<li><strong>coloris :<\/strong> blanc \/ vert<\/li>\n<li><strong>mat\u00e9riaux : <\/strong>TPR (caoutchouc thermoplastique) \/ plastique<\/li>\n<li><strong>dimensions :<\/strong>\n<ul>\n<li>dimensions totales :\u00a0H\u00a013 x 12 cm de diam\u00e8tre<\/li>\n<li>balle : 8 cm de diam\u00e8tre<\/li>\n<\/ul>\n<\/li>\n<li><strong>poids : <\/strong>275 g<\/li>\n<\/ul>\n<p><strong>Attention :<\/strong><br \/>\nveuillez toujours surveiller votre animal lorsqu&#8217;il s&#8217;amuse avec un jouet. Bien v\u00e9rifier que le jouet n\u2019est pas ab\u00eem\u00e9 ou que des petits morceaux n\u2019ont pas \u00e9t\u00e9 arrach\u00e9s. Si le jouet est endommag\u00e9, mettez-le aussit\u00f4t hors de port\u00e9e de votre animal. Nous vous conseillons fortement de remplacer imm\u00e9diatement le jouet afin d&#8217;\u00e9viter toute blessure.<\/p>\n","protected":false},"excerpt":{"rendered":"<p>Il est essentiel de donner de nouveaux d\u00e9fis \u00e0 votre chien pour occuper son esprit. La balle Lick&#8217;n&#8217;Snack de Trixie donnera du fil \u00e0 retordre \u00e0 votre chien pour obtenir ses friandises. La boule en TPR solide peut \u00eatre remplie de croquettes ou de friandises et votre chien devra essayer de les r\u00e9cup\u00e9rer \u00e0 travers les petites ouvertures.<\/p>\n","protected":false},"featured_media":912784,"template":"","meta":[],"product_cat":[2698,2804],"product_tag":[],"class_list":{"0":"post-549767","1":"product","2":"type-product","3":"status-publish","4":"has-post-thumbnail","6":"product_cat-chien","7":"product_cat-jouets-distributeurs-pour-chien","8":"pa_marque-trixie","10":"first","11":"outofstock","12":"taxable","13":"shipping-taxable","14":"purchasable","15":"product-type-simple"},"yoast_head":"<!-- This site is optimized with the Yoast SEO plugin v27.3 - https:\/\/yoast.com\/product\/yoast-seo-wordpress\/ -->\n<title>Balle \u00e0 l\u00e9cher Lick&#039;n&#039;Snack Trixie - V\u00e9torino<\/title>\n<meta name=\"description\" content=\"Il est essentiel de donner de nouveaux d\u00e9fis \u00e0 votre chien pour occuper son esprit. La balle Lick&#039;n&#039;Snack de Trixie donnera du fil \u00e0 retordre \u00e0 votre chien pour obtenir ses friandises. La boule en TPR solide peut \u00eatre remplie de croquettes ou de friandises et votre chien devra essayer de les r\u00e9cup\u00e9rer \u00e0 travers les petites ouvertures.\" \/>\n<meta name=\"robots\" content=\"noindex, nofollow\" \/>\n<meta property=\"og:locale\" content=\"fr_FR\" \/>\n<meta property=\"og:type\" content=\"article\" \/>\n<meta property=\"og:title\" content=\"Balle \u00e0 l\u00e9cher Lick&#039;n&#039;Snack Trixie - V\u00e9torino\" \/>\n<meta property=\"og:description\" content=\"Il est essentiel de donner de nouveaux d\u00e9fis \u00e0 votre chien pour occuper son esprit. La balle Lick&#039;n&#039;Snack de Trixie donnera du fil \u00e0 retordre \u00e0 votre chien pour obtenir ses friandises. La boule en TPR solide peut \u00eatre remplie de croquettes ou de friandises et votre chien devra essayer de les r\u00e9cup\u00e9rer \u00e0 travers les petites ouvertures.\" \/>\n<meta property=\"og:url\" content=\"https:\/\/www.vetorino.com\/veterinaire\/confolens-16500\/boutique\/product\/balle-a-lecher-trixie-licknsnack\/\" \/>\n<meta property=\"og:site_name\" content=\"V\u00e9torino\" \/>\n<meta property=\"article:publisher\" content=\"https:\/\/www.facebook.com\/Vetorino\/\" \/>\n<meta property=\"article:modified_time\" content=\"2024-09-04T00:42:06+00:00\" \/>\n<meta property=\"og:image\" content=\"https:\/\/www.vetorino.com\/boutique\/wp-content\/uploads\/2023\/01\/209078_pla_trixie_licknsnack_ball_hs_01_2.jpg\" \/>\n\t<meta property=\"og:image:width\" content=\"800\" \/>\n\t<meta property=\"og:image:height\" content=\"800\" \/>\n\t<meta property=\"og:image:type\" content=\"image\/jpeg\" \/>\n<meta name=\"twitter:card\" content=\"summary_large_image\" \/>\n<meta name=\"twitter:label1\" content=\"Prix\" \/>\n\t<meta name=\"twitter:data1\" content=\"14,55&euro;\" \/>\n\t<meta name=\"twitter:label2\" content=\"Disponibilit\u00e9\" \/>\n\t<meta name=\"twitter:data2\" content=\"Rupture de stock\" \/>\n<script type=\"application\/ld+json\" class=\"yoast-schema-graph\">{\"@context\":\"https:\\\/\\\/schema.org\",\"@graph\":[{\"@type\":\"WebPage\",\"@id\":\"https:\\\/\\\/www.vetorino.com\\\/veterinaire\\\/evry-91000\\\/boutique\\\/product\\\/balle-a-lecher-trixie-licknsnack\\\/\",\"url\":\"https:\\\/\\\/www.vetorino.com\\\/veterinaire\\\/evry-91000\\\/boutique\\\/product\\\/balle-a-lecher-trixie-licknsnack\\\/\",\"name\":\"Balle \u00e0 l\u00e9cher Lick'n'Snack Trixie - V\u00e9torino\",\"isPartOf\":{\"@id\":\"https:\\\/\\\/www.vetorino.com\\\/boutique\\\/#website\"},\"primaryImageOfPage\":{\"@id\":\"https:\\\/\\\/www.vetorino.com\\\/veterinaire\\\/evry-91000\\\/boutique\\\/product\\\/balle-a-lecher-trixie-licknsnack\\\/#primaryimage\"},\"image\":{\"@id\":\"https:\\\/\\\/www.vetorino.com\\\/veterinaire\\\/evry-91000\\\/boutique\\\/product\\\/balle-a-lecher-trixie-licknsnack\\\/#primaryimage\"},\"thumbnailUrl\":\"https:\\\/\\\/www.vetorino.com\\\/boutique\\\/wp-content\\\/uploads\\\/2023\\\/01\\\/209078_pla_trixie_licknsnack_ball_hs_01_2.jpg\",\"datePublished\":\"2023-01-31T11:17:45+00:00\",\"dateModified\":\"2024-09-04T00:42:06+00:00\",\"description\":\"Il est essentiel de donner de nouveaux d\u00e9fis \u00e0 votre chien pour occuper son esprit. La balle Lick'n'Snack de Trixie donnera du fil \u00e0 retordre \u00e0 votre chien pour obtenir ses friandises. La boule en TPR solide peut \u00eatre remplie de croquettes ou de friandises et votre chien devra essayer de les r\u00e9cup\u00e9rer \u00e0 travers les petites ouvertures.\",\"breadcrumb\":{\"@id\":\"https:\\\/\\\/www.vetorino.com\\\/veterinaire\\\/evry-91000\\\/boutique\\\/product\\\/balle-a-lecher-trixie-licknsnack\\\/#breadcrumb\"},\"inLanguage\":\"fr-FR\",\"potentialAction\":[{\"@type\":\"ReadAction\",\"target\":[\"https:\\\/\\\/www.vetorino.com\\\/veterinaire\\\/evry-91000\\\/boutique\\\/product\\\/balle-a-lecher-trixie-licknsnack\\\/\"]}]},{\"@type\":\"ImageObject\",\"inLanguage\":\"fr-FR\",\"@id\":\"https:\\\/\\\/www.vetorino.com\\\/veterinaire\\\/evry-91000\\\/boutique\\\/product\\\/balle-a-lecher-trixie-licknsnack\\\/#primaryimage\",\"url\":\"https:\\\/\\\/www.vetorino.com\\\/boutique\\\/wp-content\\\/uploads\\\/2023\\\/01\\\/209078_pla_trixie_licknsnack_ball_hs_01_2.jpg\",\"contentUrl\":\"https:\\\/\\\/www.vetorino.com\\\/boutique\\\/wp-content\\\/uploads\\\/2023\\\/01\\\/209078_pla_trixie_licknsnack_ball_hs_01_2.jpg\",\"width\":800,\"height\":800},{\"@type\":\"BreadcrumbList\",\"@id\":\"https:\\\/\\\/www.vetorino.com\\\/veterinaire\\\/evry-91000\\\/boutique\\\/product\\\/balle-a-lecher-trixie-licknsnack\\\/#breadcrumb\",\"itemListElement\":[{\"@type\":\"ListItem\",\"position\":1,\"name\":\"Accueil\",\"item\":\"https:\\\/\\\/www.vetorino.com\\\/boutique\\\/\"},{\"@type\":\"ListItem\",\"position\":2,\"name\":\"Produits\",\"item\":\"https:\\\/\\\/www.vetorino.com\\\/boutique\\\/\"},{\"@type\":\"ListItem\",\"position\":3,\"name\":\"Balle \u00e0 l\u00e9cher Lick&#8217;n&#8217;Snack\"}]},{\"@type\":\"WebSite\",\"@id\":\"https:\\\/\\\/www.vetorino.com\\\/boutique\\\/#website\",\"url\":\"https:\\\/\\\/www.vetorino.com\\\/boutique\\\/\",\"name\":\"V\u00e9torino\",\"description\":\"\",\"publisher\":{\"@id\":\"https:\\\/\\\/www.vetorino.com\\\/boutique\\\/#organization\"},\"potentialAction\":[{\"@type\":\"SearchAction\",\"target\":{\"@type\":\"EntryPoint\",\"urlTemplate\":\"https:\\\/\\\/www.vetorino.com\\\/boutique\\\/?s={search_term_string}\"},\"query-input\":{\"@type\":\"PropertyValueSpecification\",\"valueRequired\":true,\"valueName\":\"search_term_string\"}}],\"inLanguage\":\"fr-FR\"},{\"@type\":\"Organization\",\"@id\":\"https:\\\/\\\/www.vetorino.com\\\/boutique\\\/#organization\",\"name\":\"V\u00e9torino\",\"url\":\"https:\\\/\\\/www.vetorino.com\\\/boutique\\\/\",\"logo\":{\"@type\":\"ImageObject\",\"inLanguage\":\"fr-FR\",\"@id\":\"https:\\\/\\\/www.vetorino.com\\\/boutique\\\/#\\\/schema\\\/logo\\\/image\\\/\",\"url\":\"https:\\\/\\\/www.vetorino.com\\\/boutique\\\/wp-content\\\/uploads\\\/2024\\\/10\\\/logo.jpg\",\"contentUrl\":\"https:\\\/\\\/www.vetorino.com\\\/boutique\\\/wp-content\\\/uploads\\\/2024\\\/10\\\/logo.jpg\",\"width\":1200,\"height\":610,\"caption\":\"V\u00e9torino\"},\"image\":{\"@id\":\"https:\\\/\\\/www.vetorino.com\\\/boutique\\\/#\\\/schema\\\/logo\\\/image\\\/\"},\"sameAs\":[\"https:\\\/\\\/www.facebook.com\\\/Vetorino\\\/\",\"https:\\\/\\\/www.instagram.com\\\/vetorino_off\\\/\",\"https:\\\/\\\/www.linkedin.com\\\/company\\\/vtorino\\\/\"]}]}<\/script>\n<meta property=\"product:brand\" content=\"Trixie\" \/>\n<meta property=\"product:price:amount\" content=\"14.55\" \/>\n<meta property=\"product:price:currency\" content=\"EUR\" \/>\n<meta property=\"og:availability\" content=\"out of stock\" \/>\n<meta property=\"product:availability\" content=\"out of stock\" \/>\n<meta property=\"product:retailer_item_id\" content=\"C-BAL708\" \/>\n<meta property=\"product:condition\" content=\"new\" \/>\n<!-- \/ Yoast SEO plugin. -->","yoast_head_json":{"title":"Balle \u00e0 l\u00e9cher Lick'n'Snack Trixie - V\u00e9torino","description":"Il est essentiel de donner de nouveaux d\u00e9fis \u00e0 votre chien pour occuper son esprit. La balle Lick'n'Snack de Trixie donnera du fil \u00e0 retordre \u00e0 votre chien pour obtenir ses friandises. La boule en TPR solide peut \u00eatre remplie de croquettes ou de friandises et votre chien devra essayer de les r\u00e9cup\u00e9rer \u00e0 travers les petites ouvertures.","robots":{"index":"noindex","follow":"nofollow"},"og_locale":"fr_FR","og_type":"article","og_title":"Balle \u00e0 l\u00e9cher Lick'n'Snack Trixie - V\u00e9torino","og_description":"Il est essentiel de donner de nouveaux d\u00e9fis \u00e0 votre chien pour occuper son esprit. La balle Lick'n'Snack de Trixie donnera du fil \u00e0 retordre \u00e0 votre chien pour obtenir ses friandises. La boule en TPR solide peut \u00eatre remplie de croquettes ou de friandises et votre chien devra essayer de les r\u00e9cup\u00e9rer \u00e0 travers les petites ouvertures.","og_url":"https:\/\/www.vetorino.com\/veterinaire\/confolens-16500\/boutique\/product\/balle-a-lecher-trixie-licknsnack\/","og_site_name":"V\u00e9torino","article_publisher":"https:\/\/www.facebook.com\/Vetorino\/","article_modified_time":"2024-09-04T00:42:06+00:00","og_image":[{"width":800,"height":800,"url":"https:\/\/www.vetorino.com\/boutique\/wp-content\/uploads\/2023\/01\/209078_pla_trixie_licknsnack_ball_hs_01_2.jpg","type":"image\/jpeg"}],"twitter_card":"summary_large_image","twitter_misc":{"Prix":"14,55&euro;","Disponibilit\u00e9":"Rupture de stock"},"schema":{"@context":"https:\/\/schema.org","@graph":[{"@type":"WebPage","@id":"https:\/\/www.vetorino.com\/veterinaire\/evry-91000\/boutique\/product\/balle-a-lecher-trixie-licknsnack\/","url":"https:\/\/www.vetorino.com\/veterinaire\/evry-91000\/boutique\/product\/balle-a-lecher-trixie-licknsnack\/","name":"Balle \u00e0 l\u00e9cher Lick'n'Snack Trixie - V\u00e9torino","isPartOf":{"@id":"https:\/\/www.vetorino.com\/boutique\/#website"},"primaryImageOfPage":{"@id":"https:\/\/www.vetorino.com\/veterinaire\/evry-91000\/boutique\/product\/balle-a-lecher-trixie-licknsnack\/#primaryimage"},"image":{"@id":"https:\/\/www.vetorino.com\/veterinaire\/evry-91000\/boutique\/product\/balle-a-lecher-trixie-licknsnack\/#primaryimage"},"thumbnailUrl":"https:\/\/www.vetorino.com\/boutique\/wp-content\/uploads\/2023\/01\/209078_pla_trixie_licknsnack_ball_hs_01_2.jpg","datePublished":"2023-01-31T11:17:45+00:00","dateModified":"2024-09-04T00:42:06+00:00","description":"Il est essentiel de donner de nouveaux d\u00e9fis \u00e0 votre chien pour occuper son esprit. La balle Lick'n'Snack de Trixie donnera du fil \u00e0 retordre \u00e0 votre chien pour obtenir ses friandises. La boule en TPR solide peut \u00eatre remplie de croquettes ou de friandises et votre chien devra essayer de les r\u00e9cup\u00e9rer \u00e0 travers les petites ouvertures.","breadcrumb":{"@id":"https:\/\/www.vetorino.com\/veterinaire\/evry-91000\/boutique\/product\/balle-a-lecher-trixie-licknsnack\/#breadcrumb"},"inLanguage":"fr-FR","potentialAction":[{"@type":"ReadAction","target":["https:\/\/www.vetorino.com\/veterinaire\/evry-91000\/boutique\/product\/balle-a-lecher-trixie-licknsnack\/"]}]},{"@type":"ImageObject","inLanguage":"fr-FR","@id":"https:\/\/www.vetorino.com\/veterinaire\/evry-91000\/boutique\/product\/balle-a-lecher-trixie-licknsnack\/#primaryimage","url":"https:\/\/www.vetorino.com\/boutique\/wp-content\/uploads\/2023\/01\/209078_pla_trixie_licknsnack_ball_hs_01_2.jpg","contentUrl":"https:\/\/www.vetorino.com\/boutique\/wp-content\/uploads\/2023\/01\/209078_pla_trixie_licknsnack_ball_hs_01_2.jpg","width":800,"height":800},{"@type":"BreadcrumbList","@id":"https:\/\/www.vetorino.com\/veterinaire\/evry-91000\/boutique\/product\/balle-a-lecher-trixie-licknsnack\/#breadcrumb","itemListElement":[{"@type":"ListItem","position":1,"name":"Accueil","item":"https:\/\/www.vetorino.com\/boutique\/"},{"@type":"ListItem","position":2,"name":"Produits","item":"https:\/\/www.vetorino.com\/boutique\/"},{"@type":"ListItem","position":3,"name":"Balle \u00e0 l\u00e9cher Lick&#8217;n&#8217;Snack"}]},{"@type":"WebSite","@id":"https:\/\/www.vetorino.com\/boutique\/#website","url":"https:\/\/www.vetorino.com\/boutique\/","name":"V\u00e9torino","description":"","publisher":{"@id":"https:\/\/www.vetorino.com\/boutique\/#organization"},"potentialAction":[{"@type":"SearchAction","target":{"@type":"EntryPoint","urlTemplate":"https:\/\/www.vetorino.com\/boutique\/?s={search_term_string}"},"query-input":{"@type":"PropertyValueSpecification","valueRequired":true,"valueName":"search_term_string"}}],"inLanguage":"fr-FR"},{"@type":"Organization","@id":"https:\/\/www.vetorino.com\/boutique\/#organization","name":"V\u00e9torino","url":"https:\/\/www.vetorino.com\/boutique\/","logo":{"@type":"ImageObject","inLanguage":"fr-FR","@id":"https:\/\/www.vetorino.com\/boutique\/#\/schema\/logo\/image\/","url":"https:\/\/www.vetorino.com\/boutique\/wp-content\/uploads\/2024\/10\/logo.jpg","contentUrl":"https:\/\/www.vetorino.com\/boutique\/wp-content\/uploads\/2024\/10\/logo.jpg","width":1200,"height":610,"caption":"V\u00e9torino"},"image":{"@id":"https:\/\/www.vetorino.com\/boutique\/#\/schema\/logo\/image\/"},"sameAs":["https:\/\/www.facebook.com\/Vetorino\/","https:\/\/www.instagram.com\/vetorino_off\/","https:\/\/www.linkedin.com\/company\/vtorino\/"]}]},"product_brand":"Trixie","product_price_amount":"14.55","product_price_currency":"EUR","og_availability":"out of stock","product_availability":"out of stock","product_retailer_item_id":"C-BAL708","product_condition":"new"},"_links":{"self":[{"href":"https:\/\/www.vetorino.com\/veterinaire\/confolens-16500\/boutique\/wp-json\/wp\/v2\/product\/549767","targetHints":{"allow":["GET"]}}],"collection":[{"href":"https:\/\/www.vetorino.com\/veterinaire\/confolens-16500\/boutique\/wp-json\/wp\/v2\/product"}],"about":[{"href":"https:\/\/www.vetorino.com\/veterinaire\/confolens-16500\/boutique\/wp-json\/wp\/v2\/types\/product"}],"wp:featuredmedia":[{"embeddable":true,"href":"https:\/\/www.vetorino.com\/veterinaire\/confolens-16500\/boutique\/wp-json\/wp\/v2\/media\/912784"}],"wp:attachment":[{"href":"https:\/\/www.vetorino.com\/veterinaire\/confolens-16500\/boutique\/wp-json\/wp\/v2\/media?parent=549767"}],"wp:term":[{"taxonomy":"product_cat","embeddable":true,"href":"https:\/\/www.vetorino.com\/veterinaire\/confolens-16500\/boutique\/wp-json\/wp\/v2\/product_cat?post=549767"},{"taxonomy":"product_tag","embeddable":true,"href":"https:\/\/www.vetorino.com\/veterinaire\/confolens-16500\/boutique\/wp-json\/wp\/v2\/product_tag?post=549767"}],"curies":[{"name":"wp","href":"https:\/\/api.w.org\/{rel}","templated":true}]}}