{"id":549857,"date":"2023-01-31T14:35:25","date_gmt":"2023-01-31T13:35:25","guid":{"rendered":"https:\/\/www.vetorino.com\/boutique\/product\/grille-arriere-universelle-trixie-pour-voiture-2\/"},"modified":"2024-05-30T11:30:18","modified_gmt":"2024-05-30T09:30:18","slug":"grille-arriere-universelle-trixie-pour-voiture-2","status":"publish","type":"product","link":"https:\/\/www.vetorino.com\/veterinaire\/confolens-16500\/boutique\/product\/grille-arriere-universelle-trixie-pour-voiture-2\/","title":{"rendered":"Grille arri\u00e8re universelle pour voiture"},"content":{"rendered":"<p>Cette grille arri\u00e8re de voiture de la marque TRIXIE est con\u00e7ue pour garder votre chien en s\u00e9curit\u00e9 et pour \u00e9lever la hauteur de la barri\u00e8re pour chien dans des coffres de voiture hautes, par exemple des fourgonnettes, des SUV.<\/p>\n<p>La protection r\u00e9duit la distraction du conducteur et prot\u00e8ge les passagers des animaux de compagnie, des bagages ou des objets desserr\u00e9s qui volent vers l&#8217;avant lors de l&#8217;application des freins ou en cas de collision, rendant les voyages plus s\u00fbres. Elle comporte des angles r\u00e9glables, vous permettant de choisir la position appropri\u00e9e.<\/p>\n<h2 class=\"title heading-style--4\">Sp\u00e9cifications<\/h2>\n<div class=\"value content\">\n<ul>\n<li>Couleur : argent\u00e9 et noir<\/li>\n<li>Mat\u00e9riau : aluminium, plastique<\/li>\n<li>Dimensions : 92 x 27 x 4 cm (L x l x H)<\/li>\n<li>Angle r\u00e9glable en continu<\/li>\n<li>Soul\u00e8ve la hauteur de la barri\u00e8re pour chiens<\/li>\n<li>EAN : 4011905132020<\/li>\n<li>SKU : 434142<\/li>\n<li>Marque : TRIXIE<\/li>\n<\/ul>\n<\/div>\n","protected":false},"excerpt":{"rendered":"<p>Cette grille arri\u00e8re de voiture de la marque TRIXIE est con\u00e7ue pour garder votre chien en s\u00e9curit\u00e9 et pour \u00e9lever la hauteur de la barri\u00e8re pour chien dans des coffres de voiture hautes, par exemple des fourgonnettes, des SUV.<\/p>\n","protected":false},"featured_media":912791,"template":"","meta":[],"product_cat":[2698],"product_tag":[],"class_list":{"0":"post-549857","1":"product","2":"type-product","3":"status-publish","4":"has-post-thumbnail","6":"product_cat-chien","7":"pa_marque-trixie","9":"first","10":"outofstock","11":"taxable","12":"shipping-taxable","13":"purchasable","14":"product-type-simple"},"yoast_head":"<!-- This site is optimized with the Yoast SEO plugin v27.3 - https:\/\/yoast.com\/product\/yoast-seo-wordpress\/ -->\n<title>Grille arri\u00e8re universelle pour voiture Trixie - V\u00e9torino<\/title>\n<meta name=\"description\" content=\"Cette grille arri\u00e8re de voiture de la marque TRIXIE est con\u00e7ue pour garder votre chien en s\u00e9curit\u00e9 et pour \u00e9lever la hauteur de la barri\u00e8re pour chien dans des coffres de voiture hautes, par exemple des fourgonnettes, des SUV.\" \/>\n<meta name=\"robots\" content=\"noindex, nofollow\" \/>\n<meta property=\"og:locale\" content=\"fr_FR\" \/>\n<meta property=\"og:type\" content=\"article\" \/>\n<meta property=\"og:title\" content=\"Grille arri\u00e8re universelle pour voiture Trixie - V\u00e9torino\" \/>\n<meta property=\"og:description\" content=\"Cette grille arri\u00e8re de voiture de la marque TRIXIE est con\u00e7ue pour garder votre chien en s\u00e9curit\u00e9 et pour \u00e9lever la hauteur de la barri\u00e8re pour chien dans des coffres de voiture hautes, par exemple des fourgonnettes, des SUV.\" \/>\n<meta property=\"og:url\" content=\"https:\/\/www.vetorino.com\/veterinaire\/confolens-16500\/boutique\/product\/grille-arriere-universelle-trixie-pour-voiture-2\/\" \/>\n<meta property=\"og:site_name\" content=\"V\u00e9torino\" \/>\n<meta property=\"article:publisher\" content=\"https:\/\/www.facebook.com\/Vetorino\/\" \/>\n<meta property=\"article:modified_time\" content=\"2024-05-30T09:30:18+00:00\" \/>\n<meta property=\"og:image\" content=\"https:\/\/www.vetorino.com\/boutique\/wp-content\/uploads\/2023\/01\/image_2_434142.jpg\" \/>\n\t<meta property=\"og:image:width\" content=\"1024\" \/>\n\t<meta property=\"og:image:height\" content=\"1024\" \/>\n\t<meta property=\"og:image:type\" content=\"image\/jpeg\" \/>\n<meta name=\"twitter:card\" content=\"summary_large_image\" \/>\n<meta name=\"twitter:label1\" content=\"Prix\" \/>\n\t<meta name=\"twitter:data1\" content=\"30,23&euro;\" \/>\n\t<meta name=\"twitter:label2\" content=\"Disponibilit\u00e9\" \/>\n\t<meta name=\"twitter:data2\" content=\"Rupture de stock\" \/>\n<script type=\"application\/ld+json\" class=\"yoast-schema-graph\">{\"@context\":\"https:\\\/\\\/schema.org\",\"@graph\":[{\"@type\":\"WebPage\",\"@id\":\"https:\\\/\\\/www.vetorino.com\\\/veterinaire\\\/evry-91000\\\/boutique\\\/product\\\/grille-arriere-universelle-trixie-pour-voiture-2\\\/\",\"url\":\"https:\\\/\\\/www.vetorino.com\\\/veterinaire\\\/evry-91000\\\/boutique\\\/product\\\/grille-arriere-universelle-trixie-pour-voiture-2\\\/\",\"name\":\"Grille arri\u00e8re universelle pour voiture Trixie - V\u00e9torino\",\"isPartOf\":{\"@id\":\"https:\\\/\\\/www.vetorino.com\\\/boutique\\\/#website\"},\"primaryImageOfPage\":{\"@id\":\"https:\\\/\\\/www.vetorino.com\\\/veterinaire\\\/evry-91000\\\/boutique\\\/product\\\/grille-arriere-universelle-trixie-pour-voiture-2\\\/#primaryimage\"},\"image\":{\"@id\":\"https:\\\/\\\/www.vetorino.com\\\/veterinaire\\\/evry-91000\\\/boutique\\\/product\\\/grille-arriere-universelle-trixie-pour-voiture-2\\\/#primaryimage\"},\"thumbnailUrl\":\"https:\\\/\\\/www.vetorino.com\\\/boutique\\\/wp-content\\\/uploads\\\/2023\\\/01\\\/image_2_434142.jpg\",\"datePublished\":\"2023-01-31T13:35:25+00:00\",\"dateModified\":\"2024-05-30T09:30:18+00:00\",\"description\":\"Cette grille arri\u00e8re de voiture de la marque TRIXIE est con\u00e7ue pour garder votre chien en s\u00e9curit\u00e9 et pour \u00e9lever la hauteur de la barri\u00e8re pour chien dans des coffres de voiture hautes, par exemple des fourgonnettes, des SUV.\",\"breadcrumb\":{\"@id\":\"https:\\\/\\\/www.vetorino.com\\\/veterinaire\\\/evry-91000\\\/boutique\\\/product\\\/grille-arriere-universelle-trixie-pour-voiture-2\\\/#breadcrumb\"},\"inLanguage\":\"fr-FR\",\"potentialAction\":[{\"@type\":\"ReadAction\",\"target\":[\"https:\\\/\\\/www.vetorino.com\\\/veterinaire\\\/evry-91000\\\/boutique\\\/product\\\/grille-arriere-universelle-trixie-pour-voiture-2\\\/\"]}]},{\"@type\":\"ImageObject\",\"inLanguage\":\"fr-FR\",\"@id\":\"https:\\\/\\\/www.vetorino.com\\\/veterinaire\\\/evry-91000\\\/boutique\\\/product\\\/grille-arriere-universelle-trixie-pour-voiture-2\\\/#primaryimage\",\"url\":\"https:\\\/\\\/www.vetorino.com\\\/boutique\\\/wp-content\\\/uploads\\\/2023\\\/01\\\/image_2_434142.jpg\",\"contentUrl\":\"https:\\\/\\\/www.vetorino.com\\\/boutique\\\/wp-content\\\/uploads\\\/2023\\\/01\\\/image_2_434142.jpg\",\"width\":1024,\"height\":1024},{\"@type\":\"BreadcrumbList\",\"@id\":\"https:\\\/\\\/www.vetorino.com\\\/veterinaire\\\/evry-91000\\\/boutique\\\/product\\\/grille-arriere-universelle-trixie-pour-voiture-2\\\/#breadcrumb\",\"itemListElement\":[{\"@type\":\"ListItem\",\"position\":1,\"name\":\"Accueil\",\"item\":\"https:\\\/\\\/www.vetorino.com\\\/boutique\\\/\"},{\"@type\":\"ListItem\",\"position\":2,\"name\":\"Produits\",\"item\":\"https:\\\/\\\/www.vetorino.com\\\/boutique\\\/\"},{\"@type\":\"ListItem\",\"position\":3,\"name\":\"Grille arri\u00e8re universelle pour voiture\"}]},{\"@type\":\"WebSite\",\"@id\":\"https:\\\/\\\/www.vetorino.com\\\/boutique\\\/#website\",\"url\":\"https:\\\/\\\/www.vetorino.com\\\/boutique\\\/\",\"name\":\"V\u00e9torino\",\"description\":\"\",\"publisher\":{\"@id\":\"https:\\\/\\\/www.vetorino.com\\\/boutique\\\/#organization\"},\"potentialAction\":[{\"@type\":\"SearchAction\",\"target\":{\"@type\":\"EntryPoint\",\"urlTemplate\":\"https:\\\/\\\/www.vetorino.com\\\/boutique\\\/?s={search_term_string}\"},\"query-input\":{\"@type\":\"PropertyValueSpecification\",\"valueRequired\":true,\"valueName\":\"search_term_string\"}}],\"inLanguage\":\"fr-FR\"},{\"@type\":\"Organization\",\"@id\":\"https:\\\/\\\/www.vetorino.com\\\/boutique\\\/#organization\",\"name\":\"V\u00e9torino\",\"url\":\"https:\\\/\\\/www.vetorino.com\\\/boutique\\\/\",\"logo\":{\"@type\":\"ImageObject\",\"inLanguage\":\"fr-FR\",\"@id\":\"https:\\\/\\\/www.vetorino.com\\\/boutique\\\/#\\\/schema\\\/logo\\\/image\\\/\",\"url\":\"https:\\\/\\\/www.vetorino.com\\\/boutique\\\/wp-content\\\/uploads\\\/2024\\\/10\\\/logo.jpg\",\"contentUrl\":\"https:\\\/\\\/www.vetorino.com\\\/boutique\\\/wp-content\\\/uploads\\\/2024\\\/10\\\/logo.jpg\",\"width\":1200,\"height\":610,\"caption\":\"V\u00e9torino\"},\"image\":{\"@id\":\"https:\\\/\\\/www.vetorino.com\\\/boutique\\\/#\\\/schema\\\/logo\\\/image\\\/\"},\"sameAs\":[\"https:\\\/\\\/www.facebook.com\\\/Vetorino\\\/\",\"https:\\\/\\\/www.instagram.com\\\/vetorino_off\\\/\",\"https:\\\/\\\/www.linkedin.com\\\/company\\\/vtorino\\\/\"]}]}<\/script>\n<meta property=\"product:brand\" content=\"Trixie\" \/>\n<meta property=\"product:price:amount\" content=\"30.23\" \/>\n<meta property=\"product:price:currency\" content=\"EUR\" \/>\n<meta property=\"og:availability\" content=\"out of stock\" \/>\n<meta property=\"product:availability\" content=\"out of stock\" \/>\n<meta property=\"product:retailer_item_id\" content=\"C-GRI757\" \/>\n<meta property=\"product:condition\" content=\"new\" \/>\n<!-- \/ Yoast SEO plugin. -->","yoast_head_json":{"title":"Grille arri\u00e8re universelle pour voiture Trixie - V\u00e9torino","description":"Cette grille arri\u00e8re de voiture de la marque TRIXIE est con\u00e7ue pour garder votre chien en s\u00e9curit\u00e9 et pour \u00e9lever la hauteur de la barri\u00e8re pour chien dans des coffres de voiture hautes, par exemple des fourgonnettes, des SUV.","robots":{"index":"noindex","follow":"nofollow"},"og_locale":"fr_FR","og_type":"article","og_title":"Grille arri\u00e8re universelle pour voiture Trixie - V\u00e9torino","og_description":"Cette grille arri\u00e8re de voiture de la marque TRIXIE est con\u00e7ue pour garder votre chien en s\u00e9curit\u00e9 et pour \u00e9lever la hauteur de la barri\u00e8re pour chien dans des coffres de voiture hautes, par exemple des fourgonnettes, des SUV.","og_url":"https:\/\/www.vetorino.com\/veterinaire\/confolens-16500\/boutique\/product\/grille-arriere-universelle-trixie-pour-voiture-2\/","og_site_name":"V\u00e9torino","article_publisher":"https:\/\/www.facebook.com\/Vetorino\/","article_modified_time":"2024-05-30T09:30:18+00:00","og_image":[{"width":1024,"height":1024,"url":"https:\/\/www.vetorino.com\/boutique\/wp-content\/uploads\/2023\/01\/image_2_434142.jpg","type":"image\/jpeg"}],"twitter_card":"summary_large_image","twitter_misc":{"Prix":"30,23&euro;","Disponibilit\u00e9":"Rupture de stock"},"schema":{"@context":"https:\/\/schema.org","@graph":[{"@type":"WebPage","@id":"https:\/\/www.vetorino.com\/veterinaire\/evry-91000\/boutique\/product\/grille-arriere-universelle-trixie-pour-voiture-2\/","url":"https:\/\/www.vetorino.com\/veterinaire\/evry-91000\/boutique\/product\/grille-arriere-universelle-trixie-pour-voiture-2\/","name":"Grille arri\u00e8re universelle pour voiture Trixie - V\u00e9torino","isPartOf":{"@id":"https:\/\/www.vetorino.com\/boutique\/#website"},"primaryImageOfPage":{"@id":"https:\/\/www.vetorino.com\/veterinaire\/evry-91000\/boutique\/product\/grille-arriere-universelle-trixie-pour-voiture-2\/#primaryimage"},"image":{"@id":"https:\/\/www.vetorino.com\/veterinaire\/evry-91000\/boutique\/product\/grille-arriere-universelle-trixie-pour-voiture-2\/#primaryimage"},"thumbnailUrl":"https:\/\/www.vetorino.com\/boutique\/wp-content\/uploads\/2023\/01\/image_2_434142.jpg","datePublished":"2023-01-31T13:35:25+00:00","dateModified":"2024-05-30T09:30:18+00:00","description":"Cette grille arri\u00e8re de voiture de la marque TRIXIE est con\u00e7ue pour garder votre chien en s\u00e9curit\u00e9 et pour \u00e9lever la hauteur de la barri\u00e8re pour chien dans des coffres de voiture hautes, par exemple des fourgonnettes, des SUV.","breadcrumb":{"@id":"https:\/\/www.vetorino.com\/veterinaire\/evry-91000\/boutique\/product\/grille-arriere-universelle-trixie-pour-voiture-2\/#breadcrumb"},"inLanguage":"fr-FR","potentialAction":[{"@type":"ReadAction","target":["https:\/\/www.vetorino.com\/veterinaire\/evry-91000\/boutique\/product\/grille-arriere-universelle-trixie-pour-voiture-2\/"]}]},{"@type":"ImageObject","inLanguage":"fr-FR","@id":"https:\/\/www.vetorino.com\/veterinaire\/evry-91000\/boutique\/product\/grille-arriere-universelle-trixie-pour-voiture-2\/#primaryimage","url":"https:\/\/www.vetorino.com\/boutique\/wp-content\/uploads\/2023\/01\/image_2_434142.jpg","contentUrl":"https:\/\/www.vetorino.com\/boutique\/wp-content\/uploads\/2023\/01\/image_2_434142.jpg","width":1024,"height":1024},{"@type":"BreadcrumbList","@id":"https:\/\/www.vetorino.com\/veterinaire\/evry-91000\/boutique\/product\/grille-arriere-universelle-trixie-pour-voiture-2\/#breadcrumb","itemListElement":[{"@type":"ListItem","position":1,"name":"Accueil","item":"https:\/\/www.vetorino.com\/boutique\/"},{"@type":"ListItem","position":2,"name":"Produits","item":"https:\/\/www.vetorino.com\/boutique\/"},{"@type":"ListItem","position":3,"name":"Grille arri\u00e8re universelle pour voiture"}]},{"@type":"WebSite","@id":"https:\/\/www.vetorino.com\/boutique\/#website","url":"https:\/\/www.vetorino.com\/boutique\/","name":"V\u00e9torino","description":"","publisher":{"@id":"https:\/\/www.vetorino.com\/boutique\/#organization"},"potentialAction":[{"@type":"SearchAction","target":{"@type":"EntryPoint","urlTemplate":"https:\/\/www.vetorino.com\/boutique\/?s={search_term_string}"},"query-input":{"@type":"PropertyValueSpecification","valueRequired":true,"valueName":"search_term_string"}}],"inLanguage":"fr-FR"},{"@type":"Organization","@id":"https:\/\/www.vetorino.com\/boutique\/#organization","name":"V\u00e9torino","url":"https:\/\/www.vetorino.com\/boutique\/","logo":{"@type":"ImageObject","inLanguage":"fr-FR","@id":"https:\/\/www.vetorino.com\/boutique\/#\/schema\/logo\/image\/","url":"https:\/\/www.vetorino.com\/boutique\/wp-content\/uploads\/2024\/10\/logo.jpg","contentUrl":"https:\/\/www.vetorino.com\/boutique\/wp-content\/uploads\/2024\/10\/logo.jpg","width":1200,"height":610,"caption":"V\u00e9torino"},"image":{"@id":"https:\/\/www.vetorino.com\/boutique\/#\/schema\/logo\/image\/"},"sameAs":["https:\/\/www.facebook.com\/Vetorino\/","https:\/\/www.instagram.com\/vetorino_off\/","https:\/\/www.linkedin.com\/company\/vtorino\/"]}]},"product_brand":"Trixie","product_price_amount":"30.23","product_price_currency":"EUR","og_availability":"out of stock","product_availability":"out of stock","product_retailer_item_id":"C-GRI757","product_condition":"new"},"_links":{"self":[{"href":"https:\/\/www.vetorino.com\/veterinaire\/confolens-16500\/boutique\/wp-json\/wp\/v2\/product\/549857","targetHints":{"allow":["GET"]}}],"collection":[{"href":"https:\/\/www.vetorino.com\/veterinaire\/confolens-16500\/boutique\/wp-json\/wp\/v2\/product"}],"about":[{"href":"https:\/\/www.vetorino.com\/veterinaire\/confolens-16500\/boutique\/wp-json\/wp\/v2\/types\/product"}],"wp:featuredmedia":[{"embeddable":true,"href":"https:\/\/www.vetorino.com\/veterinaire\/confolens-16500\/boutique\/wp-json\/wp\/v2\/media\/912791"}],"wp:attachment":[{"href":"https:\/\/www.vetorino.com\/veterinaire\/confolens-16500\/boutique\/wp-json\/wp\/v2\/media?parent=549857"}],"wp:term":[{"taxonomy":"product_cat","embeddable":true,"href":"https:\/\/www.vetorino.com\/veterinaire\/confolens-16500\/boutique\/wp-json\/wp\/v2\/product_cat?post=549857"},{"taxonomy":"product_tag","embeddable":true,"href":"https:\/\/www.vetorino.com\/veterinaire\/confolens-16500\/boutique\/wp-json\/wp\/v2\/product_tag?post=549857"}],"curies":[{"name":"wp","href":"https:\/\/api.w.org\/{rel}","templated":true}]}}