{"id":549878,"date":"2023-01-31T14:41:00","date_gmt":"2023-01-31T13:41:00","guid":{"rendered":"https:\/\/www.vetorino.com\/boutique\/product\/set-de-table-trixie-en-silicone-avec-rebord\/"},"modified":"2026-04-03T09:41:22","modified_gmt":"2026-04-03T07:41:22","slug":"set-de-table-trixie-en-silicone-avec-rebord","status":"publish","type":"product","link":"https:\/\/www.vetorino.com\/veterinaire\/confolens-16500\/boutique\/product\/set-de-table-trixie-en-silicone-avec-rebord\/","title":{"rendered":"Set de table Trixie en silicone avec rebord"},"content":{"rendered":"<p>Le set de table Trixie prot\u00e9gera votre sol des \u00e9claboussures et des restes de nourriture. En effet, il poss\u00e8de un\u00a0<strong>poss\u00e8de un bord sur\u00e9lev\u00e9<\/strong> pour garder le coin repas de votre chien ou votre chat propre. Ce joli set de table, orn\u00e9 de\u00a0<strong>jolis motifs de pattes,\u00a0<\/strong><strong>passe au\u00a0lave-vaisselle. \u00a0<\/strong><\/p>\n<p><strong>Caract\u00e9ristiques du set de table Trixie, gris fonc\u00e9 pour chien et chat :<\/strong><\/p>\n<ul>\n<li>joli set de table\u00a0pour les gamelles d&#8217;un diam\u00e8tre allant jusqu&#8217;\u00e0 21 cm<\/li>\n<li><strong>en caoutchouc naturel :<\/strong>\u00a0antid\u00e9rapant m\u00eame sur les sols lisses<\/li>\n<li><strong>bord sur\u00e9lev\u00e9 :<\/strong>\u00a0pour garder le coin repas de votre animal propre<\/li>\n<li><strong>hygi\u00e9nique :<\/strong> facile \u00e0 nettoyer<\/li>\n<li>orn\u00e9 de jolis motifs de pattes<\/li>\n<li>suffisamment grand\u00a0pour 2 gamelles<\/li>\n<li><strong>coloris :<\/strong> gris, transparent<\/li>\n<li><strong>mat\u00e9riau :<\/strong> caoutchouc naturel<\/li>\n<li><strong>dimensions :<\/strong> L 45 x l\u00a025 cm<\/li>\n<li><strong>conseil d&#8217;entretien :<\/strong> r\u00e9siste au lave-vaisselle<\/li>\n<\/ul>\n","protected":false},"excerpt":{"rendered":"<p>Le set de table Trixie prot\u00e9gera votre sol des \u00e9claboussures et des restes de nourriture. En effet, il poss\u00e8de un\u00a0<strong>poss\u00e8de un bord sur\u00e9lev\u00e9<\/strong> pour garder le coin repas de votre chien ou votre chat propre. Ce joli set de table, orn\u00e9 de\u00a0<strong>jolis motifs de pattes,\u00a0<\/strong><strong>passe au\u00a0lave-vaisselle. \u00a0<\/strong><\/p>\n","protected":false},"featured_media":912538,"template":"","meta":[],"product_cat":[2698,12607],"product_tag":[],"class_list":{"0":"post-549878","1":"product","2":"type-product","3":"status-publish","4":"has-post-thumbnail","6":"product_cat-chien","7":"product_cat-gamelles-pour-chien","8":"pa_marque-trixie","10":"first","11":"instock","12":"taxable","13":"shipping-taxable","14":"purchasable","15":"product-type-variable"},"yoast_head":"<!-- This site is optimized with the Yoast SEO plugin v27.3 - https:\/\/yoast.com\/product\/yoast-seo-wordpress\/ -->\n<title>Set de table Trixie en silicone avec rebord Trixie - V\u00e9torino<\/title>\n<meta name=\"description\" content=\"Le set de table Trixie prot\u00e9gera votre sol des \u00e9claboussures et des restes de nourriture. En effet, il poss\u00e8de un\u00a0poss\u00e8de un bord sur\u00e9lev\u00e9 pour garder le coin repas de votre chien ou votre chat propre. Ce joli set de table, orn\u00e9 de\u00a0jolis motifs de pattes,\u00a0passe au\u00a0lave-vaisselle. \u00a0\" \/>\n<meta name=\"robots\" content=\"noindex, nofollow\" \/>\n<meta property=\"og:locale\" content=\"fr_FR\" \/>\n<meta property=\"og:type\" content=\"article\" \/>\n<meta property=\"og:title\" content=\"Set de table Trixie en silicone avec rebord Trixie - V\u00e9torino\" \/>\n<meta property=\"og:description\" content=\"Le set de table Trixie prot\u00e9gera votre sol des \u00e9claboussures et des restes de nourriture. En effet, il poss\u00e8de un\u00a0poss\u00e8de un bord sur\u00e9lev\u00e9 pour garder le coin repas de votre chien ou votre chat propre. Ce joli set de table, orn\u00e9 de\u00a0jolis motifs de pattes,\u00a0passe au\u00a0lave-vaisselle. \u00a0\" \/>\n<meta property=\"og:url\" content=\"https:\/\/www.vetorino.com\/veterinaire\/confolens-16500\/boutique\/product\/set-de-table-trixie-en-silicone-avec-rebord\/\" \/>\n<meta property=\"og:site_name\" content=\"V\u00e9torino\" \/>\n<meta property=\"article:publisher\" content=\"https:\/\/www.facebook.com\/Vetorino\/\" \/>\n<meta property=\"article:modified_time\" content=\"2026-04-03T07:41:22+00:00\" \/>\n<meta property=\"og:image\" content=\"https:\/\/www.vetorino.com\/boutique\/wp-content\/uploads\/2023\/01\/trixie-set-de-table-a-rebord.jpg\" \/>\n\t<meta property=\"og:image:width\" content=\"308\" \/>\n\t<meta property=\"og:image:height\" content=\"400\" \/>\n\t<meta property=\"og:image:type\" content=\"image\/jpeg\" \/>\n<meta name=\"twitter:card\" content=\"summary_large_image\" \/>\n<meta name=\"twitter:label1\" content=\"Disponibilit\u00e9\" \/>\n\t<meta name=\"twitter:data1\" content=\"En stock\" \/>\n<script type=\"application\/ld+json\" class=\"yoast-schema-graph\">{\"@context\":\"https:\\\/\\\/schema.org\",\"@graph\":[{\"@type\":\"WebPage\",\"@id\":\"https:\\\/\\\/www.vetorino.com\\\/veterinaire\\\/evry-91000\\\/boutique\\\/product\\\/set-de-table-trixie-en-silicone-avec-rebord\\\/\",\"url\":\"https:\\\/\\\/www.vetorino.com\\\/veterinaire\\\/evry-91000\\\/boutique\\\/product\\\/set-de-table-trixie-en-silicone-avec-rebord\\\/\",\"name\":\"Set de table Trixie en silicone avec rebord Trixie - V\u00e9torino\",\"isPartOf\":{\"@id\":\"https:\\\/\\\/www.vetorino.com\\\/boutique\\\/#website\"},\"primaryImageOfPage\":{\"@id\":\"https:\\\/\\\/www.vetorino.com\\\/veterinaire\\\/evry-91000\\\/boutique\\\/product\\\/set-de-table-trixie-en-silicone-avec-rebord\\\/#primaryimage\"},\"image\":{\"@id\":\"https:\\\/\\\/www.vetorino.com\\\/veterinaire\\\/evry-91000\\\/boutique\\\/product\\\/set-de-table-trixie-en-silicone-avec-rebord\\\/#primaryimage\"},\"thumbnailUrl\":\"https:\\\/\\\/www.vetorino.com\\\/boutique\\\/wp-content\\\/uploads\\\/2023\\\/01\\\/trixie-set-de-table-a-rebord.jpg\",\"datePublished\":\"2023-01-31T13:41:00+00:00\",\"dateModified\":\"2026-04-03T07:41:22+00:00\",\"description\":\"Le set de table Trixie prot\u00e9gera votre sol des \u00e9claboussures et des restes de nourriture. En effet, il poss\u00e8de un\u00a0poss\u00e8de un bord sur\u00e9lev\u00e9 pour garder le coin repas de votre chien ou votre chat propre. Ce joli set de table, orn\u00e9 de\u00a0jolis motifs de pattes,\u00a0passe au\u00a0lave-vaisselle. \u00a0\",\"breadcrumb\":{\"@id\":\"https:\\\/\\\/www.vetorino.com\\\/veterinaire\\\/evry-91000\\\/boutique\\\/product\\\/set-de-table-trixie-en-silicone-avec-rebord\\\/#breadcrumb\"},\"inLanguage\":\"fr-FR\",\"potentialAction\":[{\"@type\":\"ReadAction\",\"target\":[\"https:\\\/\\\/www.vetorino.com\\\/veterinaire\\\/evry-91000\\\/boutique\\\/product\\\/set-de-table-trixie-en-silicone-avec-rebord\\\/\"]}]},{\"@type\":\"ImageObject\",\"inLanguage\":\"fr-FR\",\"@id\":\"https:\\\/\\\/www.vetorino.com\\\/veterinaire\\\/evry-91000\\\/boutique\\\/product\\\/set-de-table-trixie-en-silicone-avec-rebord\\\/#primaryimage\",\"url\":\"https:\\\/\\\/www.vetorino.com\\\/boutique\\\/wp-content\\\/uploads\\\/2023\\\/01\\\/trixie-set-de-table-a-rebord.jpg\",\"contentUrl\":\"https:\\\/\\\/www.vetorino.com\\\/boutique\\\/wp-content\\\/uploads\\\/2023\\\/01\\\/trixie-set-de-table-a-rebord.jpg\",\"width\":308,\"height\":400},{\"@type\":\"BreadcrumbList\",\"@id\":\"https:\\\/\\\/www.vetorino.com\\\/veterinaire\\\/evry-91000\\\/boutique\\\/product\\\/set-de-table-trixie-en-silicone-avec-rebord\\\/#breadcrumb\",\"itemListElement\":[{\"@type\":\"ListItem\",\"position\":1,\"name\":\"Accueil\",\"item\":\"https:\\\/\\\/www.vetorino.com\\\/boutique\\\/\"},{\"@type\":\"ListItem\",\"position\":2,\"name\":\"Produits\",\"item\":\"https:\\\/\\\/www.vetorino.com\\\/boutique\\\/\"},{\"@type\":\"ListItem\",\"position\":3,\"name\":\"Set de table Trixie en silicone avec rebord\"}]},{\"@type\":\"WebSite\",\"@id\":\"https:\\\/\\\/www.vetorino.com\\\/boutique\\\/#website\",\"url\":\"https:\\\/\\\/www.vetorino.com\\\/boutique\\\/\",\"name\":\"V\u00e9torino\",\"description\":\"\",\"publisher\":{\"@id\":\"https:\\\/\\\/www.vetorino.com\\\/boutique\\\/#organization\"},\"potentialAction\":[{\"@type\":\"SearchAction\",\"target\":{\"@type\":\"EntryPoint\",\"urlTemplate\":\"https:\\\/\\\/www.vetorino.com\\\/boutique\\\/?s={search_term_string}\"},\"query-input\":{\"@type\":\"PropertyValueSpecification\",\"valueRequired\":true,\"valueName\":\"search_term_string\"}}],\"inLanguage\":\"fr-FR\"},{\"@type\":\"Organization\",\"@id\":\"https:\\\/\\\/www.vetorino.com\\\/boutique\\\/#organization\",\"name\":\"V\u00e9torino\",\"url\":\"https:\\\/\\\/www.vetorino.com\\\/boutique\\\/\",\"logo\":{\"@type\":\"ImageObject\",\"inLanguage\":\"fr-FR\",\"@id\":\"https:\\\/\\\/www.vetorino.com\\\/boutique\\\/#\\\/schema\\\/logo\\\/image\\\/\",\"url\":\"https:\\\/\\\/www.vetorino.com\\\/boutique\\\/wp-content\\\/uploads\\\/2024\\\/10\\\/logo.jpg\",\"contentUrl\":\"https:\\\/\\\/www.vetorino.com\\\/boutique\\\/wp-content\\\/uploads\\\/2024\\\/10\\\/logo.jpg\",\"width\":1200,\"height\":610,\"caption\":\"V\u00e9torino\"},\"image\":{\"@id\":\"https:\\\/\\\/www.vetorino.com\\\/boutique\\\/#\\\/schema\\\/logo\\\/image\\\/\"},\"sameAs\":[\"https:\\\/\\\/www.facebook.com\\\/Vetorino\\\/\",\"https:\\\/\\\/www.instagram.com\\\/vetorino_off\\\/\",\"https:\\\/\\\/www.linkedin.com\\\/company\\\/vtorino\\\/\"]}]}<\/script>\n<meta property=\"product:brand\" content=\"Trixie\" \/>\n<meta property=\"og:availability\" content=\"instock\" \/>\n<meta property=\"product:availability\" content=\"instock\" \/>\n<meta property=\"product:condition\" content=\"new\" \/>\n<!-- \/ Yoast SEO plugin. -->","yoast_head_json":{"title":"Set de table Trixie en silicone avec rebord Trixie - V\u00e9torino","description":"Le set de table Trixie prot\u00e9gera votre sol des \u00e9claboussures et des restes de nourriture. En effet, il poss\u00e8de un\u00a0poss\u00e8de un bord sur\u00e9lev\u00e9 pour garder le coin repas de votre chien ou votre chat propre. Ce joli set de table, orn\u00e9 de\u00a0jolis motifs de pattes,\u00a0passe au\u00a0lave-vaisselle. \u00a0","robots":{"index":"noindex","follow":"nofollow"},"og_locale":"fr_FR","og_type":"article","og_title":"Set de table Trixie en silicone avec rebord Trixie - V\u00e9torino","og_description":"Le set de table Trixie prot\u00e9gera votre sol des \u00e9claboussures et des restes de nourriture. En effet, il poss\u00e8de un\u00a0poss\u00e8de un bord sur\u00e9lev\u00e9 pour garder le coin repas de votre chien ou votre chat propre. Ce joli set de table, orn\u00e9 de\u00a0jolis motifs de pattes,\u00a0passe au\u00a0lave-vaisselle. \u00a0","og_url":"https:\/\/www.vetorino.com\/veterinaire\/confolens-16500\/boutique\/product\/set-de-table-trixie-en-silicone-avec-rebord\/","og_site_name":"V\u00e9torino","article_publisher":"https:\/\/www.facebook.com\/Vetorino\/","article_modified_time":"2026-04-03T07:41:22+00:00","og_image":[{"width":308,"height":400,"url":"https:\/\/www.vetorino.com\/boutique\/wp-content\/uploads\/2023\/01\/trixie-set-de-table-a-rebord.jpg","type":"image\/jpeg"}],"twitter_card":"summary_large_image","twitter_misc":{"Disponibilit\u00e9":"En stock"},"schema":{"@context":"https:\/\/schema.org","@graph":[{"@type":"WebPage","@id":"https:\/\/www.vetorino.com\/veterinaire\/evry-91000\/boutique\/product\/set-de-table-trixie-en-silicone-avec-rebord\/","url":"https:\/\/www.vetorino.com\/veterinaire\/evry-91000\/boutique\/product\/set-de-table-trixie-en-silicone-avec-rebord\/","name":"Set de table Trixie en silicone avec rebord Trixie - V\u00e9torino","isPartOf":{"@id":"https:\/\/www.vetorino.com\/boutique\/#website"},"primaryImageOfPage":{"@id":"https:\/\/www.vetorino.com\/veterinaire\/evry-91000\/boutique\/product\/set-de-table-trixie-en-silicone-avec-rebord\/#primaryimage"},"image":{"@id":"https:\/\/www.vetorino.com\/veterinaire\/evry-91000\/boutique\/product\/set-de-table-trixie-en-silicone-avec-rebord\/#primaryimage"},"thumbnailUrl":"https:\/\/www.vetorino.com\/boutique\/wp-content\/uploads\/2023\/01\/trixie-set-de-table-a-rebord.jpg","datePublished":"2023-01-31T13:41:00+00:00","dateModified":"2026-04-03T07:41:22+00:00","description":"Le set de table Trixie prot\u00e9gera votre sol des \u00e9claboussures et des restes de nourriture. En effet, il poss\u00e8de un\u00a0poss\u00e8de un bord sur\u00e9lev\u00e9 pour garder le coin repas de votre chien ou votre chat propre. Ce joli set de table, orn\u00e9 de\u00a0jolis motifs de pattes,\u00a0passe au\u00a0lave-vaisselle. \u00a0","breadcrumb":{"@id":"https:\/\/www.vetorino.com\/veterinaire\/evry-91000\/boutique\/product\/set-de-table-trixie-en-silicone-avec-rebord\/#breadcrumb"},"inLanguage":"fr-FR","potentialAction":[{"@type":"ReadAction","target":["https:\/\/www.vetorino.com\/veterinaire\/evry-91000\/boutique\/product\/set-de-table-trixie-en-silicone-avec-rebord\/"]}]},{"@type":"ImageObject","inLanguage":"fr-FR","@id":"https:\/\/www.vetorino.com\/veterinaire\/evry-91000\/boutique\/product\/set-de-table-trixie-en-silicone-avec-rebord\/#primaryimage","url":"https:\/\/www.vetorino.com\/boutique\/wp-content\/uploads\/2023\/01\/trixie-set-de-table-a-rebord.jpg","contentUrl":"https:\/\/www.vetorino.com\/boutique\/wp-content\/uploads\/2023\/01\/trixie-set-de-table-a-rebord.jpg","width":308,"height":400},{"@type":"BreadcrumbList","@id":"https:\/\/www.vetorino.com\/veterinaire\/evry-91000\/boutique\/product\/set-de-table-trixie-en-silicone-avec-rebord\/#breadcrumb","itemListElement":[{"@type":"ListItem","position":1,"name":"Accueil","item":"https:\/\/www.vetorino.com\/boutique\/"},{"@type":"ListItem","position":2,"name":"Produits","item":"https:\/\/www.vetorino.com\/boutique\/"},{"@type":"ListItem","position":3,"name":"Set de table Trixie en silicone avec rebord"}]},{"@type":"WebSite","@id":"https:\/\/www.vetorino.com\/boutique\/#website","url":"https:\/\/www.vetorino.com\/boutique\/","name":"V\u00e9torino","description":"","publisher":{"@id":"https:\/\/www.vetorino.com\/boutique\/#organization"},"potentialAction":[{"@type":"SearchAction","target":{"@type":"EntryPoint","urlTemplate":"https:\/\/www.vetorino.com\/boutique\/?s={search_term_string}"},"query-input":{"@type":"PropertyValueSpecification","valueRequired":true,"valueName":"search_term_string"}}],"inLanguage":"fr-FR"},{"@type":"Organization","@id":"https:\/\/www.vetorino.com\/boutique\/#organization","name":"V\u00e9torino","url":"https:\/\/www.vetorino.com\/boutique\/","logo":{"@type":"ImageObject","inLanguage":"fr-FR","@id":"https:\/\/www.vetorino.com\/boutique\/#\/schema\/logo\/image\/","url":"https:\/\/www.vetorino.com\/boutique\/wp-content\/uploads\/2024\/10\/logo.jpg","contentUrl":"https:\/\/www.vetorino.com\/boutique\/wp-content\/uploads\/2024\/10\/logo.jpg","width":1200,"height":610,"caption":"V\u00e9torino"},"image":{"@id":"https:\/\/www.vetorino.com\/boutique\/#\/schema\/logo\/image\/"},"sameAs":["https:\/\/www.facebook.com\/Vetorino\/","https:\/\/www.instagram.com\/vetorino_off\/","https:\/\/www.linkedin.com\/company\/vtorino\/"]}]},"product_brand":"Trixie","og_availability":"instock","product_availability":"instock","product_condition":"new"},"_links":{"self":[{"href":"https:\/\/www.vetorino.com\/veterinaire\/confolens-16500\/boutique\/wp-json\/wp\/v2\/product\/549878","targetHints":{"allow":["GET"]}}],"collection":[{"href":"https:\/\/www.vetorino.com\/veterinaire\/confolens-16500\/boutique\/wp-json\/wp\/v2\/product"}],"about":[{"href":"https:\/\/www.vetorino.com\/veterinaire\/confolens-16500\/boutique\/wp-json\/wp\/v2\/types\/product"}],"wp:featuredmedia":[{"embeddable":true,"href":"https:\/\/www.vetorino.com\/veterinaire\/confolens-16500\/boutique\/wp-json\/wp\/v2\/media\/912538"}],"wp:attachment":[{"href":"https:\/\/www.vetorino.com\/veterinaire\/confolens-16500\/boutique\/wp-json\/wp\/v2\/media?parent=549878"}],"wp:term":[{"taxonomy":"product_cat","embeddable":true,"href":"https:\/\/www.vetorino.com\/veterinaire\/confolens-16500\/boutique\/wp-json\/wp\/v2\/product_cat?post=549878"},{"taxonomy":"product_tag","embeddable":true,"href":"https:\/\/www.vetorino.com\/veterinaire\/confolens-16500\/boutique\/wp-json\/wp\/v2\/product_tag?post=549878"}],"curies":[{"name":"wp","href":"https:\/\/api.w.org\/{rel}","templated":true}]}}