{"id":549888,"date":"2023-01-31T14:48:07","date_gmt":"2023-01-31T13:48:07","guid":{"rendered":"https:\/\/www.vetorino.com\/boutique\/product\/bac-a-litiere-trixie-delio\/"},"modified":"2026-01-25T02:42:14","modified_gmt":"2026-01-25T01:42:14","slug":"bac-a-litiere-trixie-delio","status":"publish","type":"product","link":"https:\/\/www.vetorino.com\/veterinaire\/confolens-16500\/boutique\/product\/bac-a-litiere-trixie-delio\/","title":{"rendered":"Bac \u00e0 liti\u00e8re Delio"},"content":{"rendered":"<p><strong>Le Bac \u00e0 liti\u00e8re avec rebord Trixie Delio<\/strong> sera le coin de votre compagnon pour faire ses besoins. Avec un grand espace de sortie et un haut rebord, il stoppe les projections de liti\u00e8re \u00e0 l&#8217;ext\u00e9rieur. Il est disponible en une couleur: gris\/blanc.<\/p>\n<ul>\n<li>Grand espace de sortie, stoppe les projections de liti\u00e8re \u00e0 l?&#8217;ext\u00e9rieur.<\/li>\n<li>Haut rebord.<\/li>\n<li>Avec motif imprim\u00e9.<\/li>\n<li>En plastique.<\/li>\n<\/ul>\n","protected":false},"excerpt":{"rendered":"<p><strong>Le Bac \u00e0 liti\u00e8re avec rebord Trixie Delio<\/strong> sera le coin de votre compagnon pour faire ses besoins. Avec un grand espace de sortie et un haut rebord, il stoppe les projections de liti\u00e8re \u00e0 l&#8217;ext\u00e9rieur. Il est disponible en une couleur: gris\/blanc.<\/p>\n","protected":false},"featured_media":915197,"template":"","meta":[],"product_cat":[2697,12628],"product_tag":[],"class_list":{"0":"post-549888","1":"product","2":"type-product","3":"status-publish","4":"has-post-thumbnail","6":"product_cat-chat","7":"product_cat-litieres-du-chat","8":"pa_marque-trixie","10":"first","11":"instock","12":"taxable","13":"shipping-taxable","14":"purchasable","15":"product-type-simple"},"yoast_head":"<!-- This site is optimized with the Yoast SEO plugin v27.3 - https:\/\/yoast.com\/product\/yoast-seo-wordpress\/ -->\n<title>Bac \u00e0 liti\u00e8re Delio Trixie - V\u00e9torino<\/title>\n<meta name=\"description\" content=\"Le Bac \u00e0 liti\u00e8re avec rebord Trixie Delio sera le coin de votre compagnon pour faire ses besoins. Avec un grand espace de sortie et un haut rebord, il stoppe les projections de liti\u00e8re \u00e0 l&#039;ext\u00e9rieur. Il est disponible en une couleur: gris\/blanc.\" \/>\n<meta name=\"robots\" content=\"noindex, nofollow\" \/>\n<meta property=\"og:locale\" content=\"fr_FR\" \/>\n<meta property=\"og:type\" content=\"article\" \/>\n<meta property=\"og:title\" content=\"Bac \u00e0 liti\u00e8re Delio Trixie - V\u00e9torino\" \/>\n<meta property=\"og:description\" content=\"Le Bac \u00e0 liti\u00e8re avec rebord Trixie Delio sera le coin de votre compagnon pour faire ses besoins. Avec un grand espace de sortie et un haut rebord, il stoppe les projections de liti\u00e8re \u00e0 l&#039;ext\u00e9rieur. Il est disponible en une couleur: gris\/blanc.\" \/>\n<meta property=\"og:url\" content=\"https:\/\/www.vetorino.com\/veterinaire\/confolens-16500\/boutique\/product\/bac-a-litiere-trixie-delio\/\" \/>\n<meta property=\"og:site_name\" content=\"V\u00e9torino\" \/>\n<meta property=\"article:publisher\" content=\"https:\/\/www.facebook.com\/Vetorino\/\" \/>\n<meta property=\"article:modified_time\" content=\"2026-01-25T01:42:14+00:00\" \/>\n<meta property=\"og:image\" content=\"https:\/\/www.vetorino.com\/boutique\/wp-content\/uploads\/2023\/01\/xl_3198d3bba7425e7c98c50f52ca1b52d37351659966289.webp\" \/>\n\t<meta property=\"og:image:width\" content=\"1200\" \/>\n\t<meta property=\"og:image:height\" content=\"1200\" \/>\n\t<meta property=\"og:image:type\" content=\"image\/webp\" \/>\n<meta name=\"twitter:card\" content=\"summary_large_image\" \/>\n<meta name=\"twitter:label1\" content=\"Prix\" \/>\n\t<meta name=\"twitter:data1\" content=\"13,64&euro;\" \/>\n\t<meta name=\"twitter:label2\" content=\"Disponibilit\u00e9\" \/>\n\t<meta name=\"twitter:data2\" content=\"En stock\" \/>\n<script type=\"application\/ld+json\" class=\"yoast-schema-graph\">{\"@context\":\"https:\\\/\\\/schema.org\",\"@graph\":[{\"@type\":\"WebPage\",\"@id\":\"https:\\\/\\\/www.vetorino.com\\\/veterinaire\\\/evry-91000\\\/boutique\\\/product\\\/bac-a-litiere-trixie-delio\\\/\",\"url\":\"https:\\\/\\\/www.vetorino.com\\\/veterinaire\\\/evry-91000\\\/boutique\\\/product\\\/bac-a-litiere-trixie-delio\\\/\",\"name\":\"Bac \u00e0 liti\u00e8re Delio Trixie - V\u00e9torino\",\"isPartOf\":{\"@id\":\"https:\\\/\\\/www.vetorino.com\\\/boutique\\\/#website\"},\"primaryImageOfPage\":{\"@id\":\"https:\\\/\\\/www.vetorino.com\\\/veterinaire\\\/evry-91000\\\/boutique\\\/product\\\/bac-a-litiere-trixie-delio\\\/#primaryimage\"},\"image\":{\"@id\":\"https:\\\/\\\/www.vetorino.com\\\/veterinaire\\\/evry-91000\\\/boutique\\\/product\\\/bac-a-litiere-trixie-delio\\\/#primaryimage\"},\"thumbnailUrl\":\"https:\\\/\\\/www.vetorino.com\\\/boutique\\\/wp-content\\\/uploads\\\/2023\\\/01\\\/xl_3198d3bba7425e7c98c50f52ca1b52d37351659966289.webp\",\"datePublished\":\"2023-01-31T13:48:07+00:00\",\"dateModified\":\"2026-01-25T01:42:14+00:00\",\"description\":\"Le Bac \u00e0 liti\u00e8re avec rebord Trixie Delio sera le coin de votre compagnon pour faire ses besoins. Avec un grand espace de sortie et un haut rebord, il stoppe les projections de liti\u00e8re \u00e0 l'ext\u00e9rieur. Il est disponible en une couleur: gris\\\/blanc.\",\"breadcrumb\":{\"@id\":\"https:\\\/\\\/www.vetorino.com\\\/veterinaire\\\/evry-91000\\\/boutique\\\/product\\\/bac-a-litiere-trixie-delio\\\/#breadcrumb\"},\"inLanguage\":\"fr-FR\",\"potentialAction\":[{\"@type\":\"ReadAction\",\"target\":[\"https:\\\/\\\/www.vetorino.com\\\/veterinaire\\\/evry-91000\\\/boutique\\\/product\\\/bac-a-litiere-trixie-delio\\\/\"]}]},{\"@type\":\"ImageObject\",\"inLanguage\":\"fr-FR\",\"@id\":\"https:\\\/\\\/www.vetorino.com\\\/veterinaire\\\/evry-91000\\\/boutique\\\/product\\\/bac-a-litiere-trixie-delio\\\/#primaryimage\",\"url\":\"https:\\\/\\\/www.vetorino.com\\\/boutique\\\/wp-content\\\/uploads\\\/2023\\\/01\\\/xl_3198d3bba7425e7c98c50f52ca1b52d37351659966289.webp\",\"contentUrl\":\"https:\\\/\\\/www.vetorino.com\\\/boutique\\\/wp-content\\\/uploads\\\/2023\\\/01\\\/xl_3198d3bba7425e7c98c50f52ca1b52d37351659966289.webp\",\"width\":1200,\"height\":1200},{\"@type\":\"BreadcrumbList\",\"@id\":\"https:\\\/\\\/www.vetorino.com\\\/veterinaire\\\/evry-91000\\\/boutique\\\/product\\\/bac-a-litiere-trixie-delio\\\/#breadcrumb\",\"itemListElement\":[{\"@type\":\"ListItem\",\"position\":1,\"name\":\"Accueil\",\"item\":\"https:\\\/\\\/www.vetorino.com\\\/boutique\\\/\"},{\"@type\":\"ListItem\",\"position\":2,\"name\":\"Produits\",\"item\":\"https:\\\/\\\/www.vetorino.com\\\/boutique\\\/\"},{\"@type\":\"ListItem\",\"position\":3,\"name\":\"Bac \u00e0 liti\u00e8re Delio\"}]},{\"@type\":\"WebSite\",\"@id\":\"https:\\\/\\\/www.vetorino.com\\\/boutique\\\/#website\",\"url\":\"https:\\\/\\\/www.vetorino.com\\\/boutique\\\/\",\"name\":\"V\u00e9torino\",\"description\":\"\",\"publisher\":{\"@id\":\"https:\\\/\\\/www.vetorino.com\\\/boutique\\\/#organization\"},\"potentialAction\":[{\"@type\":\"SearchAction\",\"target\":{\"@type\":\"EntryPoint\",\"urlTemplate\":\"https:\\\/\\\/www.vetorino.com\\\/boutique\\\/?s={search_term_string}\"},\"query-input\":{\"@type\":\"PropertyValueSpecification\",\"valueRequired\":true,\"valueName\":\"search_term_string\"}}],\"inLanguage\":\"fr-FR\"},{\"@type\":\"Organization\",\"@id\":\"https:\\\/\\\/www.vetorino.com\\\/boutique\\\/#organization\",\"name\":\"V\u00e9torino\",\"url\":\"https:\\\/\\\/www.vetorino.com\\\/boutique\\\/\",\"logo\":{\"@type\":\"ImageObject\",\"inLanguage\":\"fr-FR\",\"@id\":\"https:\\\/\\\/www.vetorino.com\\\/boutique\\\/#\\\/schema\\\/logo\\\/image\\\/\",\"url\":\"https:\\\/\\\/www.vetorino.com\\\/boutique\\\/wp-content\\\/uploads\\\/2024\\\/10\\\/logo.jpg\",\"contentUrl\":\"https:\\\/\\\/www.vetorino.com\\\/boutique\\\/wp-content\\\/uploads\\\/2024\\\/10\\\/logo.jpg\",\"width\":1200,\"height\":610,\"caption\":\"V\u00e9torino\"},\"image\":{\"@id\":\"https:\\\/\\\/www.vetorino.com\\\/boutique\\\/#\\\/schema\\\/logo\\\/image\\\/\"},\"sameAs\":[\"https:\\\/\\\/www.facebook.com\\\/Vetorino\\\/\",\"https:\\\/\\\/www.instagram.com\\\/vetorino_off\\\/\",\"https:\\\/\\\/www.linkedin.com\\\/company\\\/vtorino\\\/\"]}]}<\/script>\n<meta property=\"product:brand\" content=\"Trixie\" \/>\n<meta property=\"product:price:amount\" content=\"13.64\" \/>\n<meta property=\"product:price:currency\" content=\"EUR\" \/>\n<meta property=\"og:availability\" content=\"instock\" \/>\n<meta property=\"product:availability\" content=\"instock\" \/>\n<meta property=\"product:retailer_item_id\" content=\"C-BAC702\" \/>\n<meta property=\"product:condition\" content=\"new\" \/>\n<!-- \/ Yoast SEO plugin. -->","yoast_head_json":{"title":"Bac \u00e0 liti\u00e8re Delio Trixie - V\u00e9torino","description":"Le Bac \u00e0 liti\u00e8re avec rebord Trixie Delio sera le coin de votre compagnon pour faire ses besoins. Avec un grand espace de sortie et un haut rebord, il stoppe les projections de liti\u00e8re \u00e0 l'ext\u00e9rieur. Il est disponible en une couleur: gris\/blanc.","robots":{"index":"noindex","follow":"nofollow"},"og_locale":"fr_FR","og_type":"article","og_title":"Bac \u00e0 liti\u00e8re Delio Trixie - V\u00e9torino","og_description":"Le Bac \u00e0 liti\u00e8re avec rebord Trixie Delio sera le coin de votre compagnon pour faire ses besoins. Avec un grand espace de sortie et un haut rebord, il stoppe les projections de liti\u00e8re \u00e0 l'ext\u00e9rieur. Il est disponible en une couleur: gris\/blanc.","og_url":"https:\/\/www.vetorino.com\/veterinaire\/confolens-16500\/boutique\/product\/bac-a-litiere-trixie-delio\/","og_site_name":"V\u00e9torino","article_publisher":"https:\/\/www.facebook.com\/Vetorino\/","article_modified_time":"2026-01-25T01:42:14+00:00","og_image":[{"width":1200,"height":1200,"url":"https:\/\/www.vetorino.com\/boutique\/wp-content\/uploads\/2023\/01\/xl_3198d3bba7425e7c98c50f52ca1b52d37351659966289.webp","type":"image\/webp"}],"twitter_card":"summary_large_image","twitter_misc":{"Prix":"13,64&euro;","Disponibilit\u00e9":"En stock"},"schema":{"@context":"https:\/\/schema.org","@graph":[{"@type":"WebPage","@id":"https:\/\/www.vetorino.com\/veterinaire\/evry-91000\/boutique\/product\/bac-a-litiere-trixie-delio\/","url":"https:\/\/www.vetorino.com\/veterinaire\/evry-91000\/boutique\/product\/bac-a-litiere-trixie-delio\/","name":"Bac \u00e0 liti\u00e8re Delio Trixie - V\u00e9torino","isPartOf":{"@id":"https:\/\/www.vetorino.com\/boutique\/#website"},"primaryImageOfPage":{"@id":"https:\/\/www.vetorino.com\/veterinaire\/evry-91000\/boutique\/product\/bac-a-litiere-trixie-delio\/#primaryimage"},"image":{"@id":"https:\/\/www.vetorino.com\/veterinaire\/evry-91000\/boutique\/product\/bac-a-litiere-trixie-delio\/#primaryimage"},"thumbnailUrl":"https:\/\/www.vetorino.com\/boutique\/wp-content\/uploads\/2023\/01\/xl_3198d3bba7425e7c98c50f52ca1b52d37351659966289.webp","datePublished":"2023-01-31T13:48:07+00:00","dateModified":"2026-01-25T01:42:14+00:00","description":"Le Bac \u00e0 liti\u00e8re avec rebord Trixie Delio sera le coin de votre compagnon pour faire ses besoins. Avec un grand espace de sortie et un haut rebord, il stoppe les projections de liti\u00e8re \u00e0 l'ext\u00e9rieur. Il est disponible en une couleur: gris\/blanc.","breadcrumb":{"@id":"https:\/\/www.vetorino.com\/veterinaire\/evry-91000\/boutique\/product\/bac-a-litiere-trixie-delio\/#breadcrumb"},"inLanguage":"fr-FR","potentialAction":[{"@type":"ReadAction","target":["https:\/\/www.vetorino.com\/veterinaire\/evry-91000\/boutique\/product\/bac-a-litiere-trixie-delio\/"]}]},{"@type":"ImageObject","inLanguage":"fr-FR","@id":"https:\/\/www.vetorino.com\/veterinaire\/evry-91000\/boutique\/product\/bac-a-litiere-trixie-delio\/#primaryimage","url":"https:\/\/www.vetorino.com\/boutique\/wp-content\/uploads\/2023\/01\/xl_3198d3bba7425e7c98c50f52ca1b52d37351659966289.webp","contentUrl":"https:\/\/www.vetorino.com\/boutique\/wp-content\/uploads\/2023\/01\/xl_3198d3bba7425e7c98c50f52ca1b52d37351659966289.webp","width":1200,"height":1200},{"@type":"BreadcrumbList","@id":"https:\/\/www.vetorino.com\/veterinaire\/evry-91000\/boutique\/product\/bac-a-litiere-trixie-delio\/#breadcrumb","itemListElement":[{"@type":"ListItem","position":1,"name":"Accueil","item":"https:\/\/www.vetorino.com\/boutique\/"},{"@type":"ListItem","position":2,"name":"Produits","item":"https:\/\/www.vetorino.com\/boutique\/"},{"@type":"ListItem","position":3,"name":"Bac \u00e0 liti\u00e8re Delio"}]},{"@type":"WebSite","@id":"https:\/\/www.vetorino.com\/boutique\/#website","url":"https:\/\/www.vetorino.com\/boutique\/","name":"V\u00e9torino","description":"","publisher":{"@id":"https:\/\/www.vetorino.com\/boutique\/#organization"},"potentialAction":[{"@type":"SearchAction","target":{"@type":"EntryPoint","urlTemplate":"https:\/\/www.vetorino.com\/boutique\/?s={search_term_string}"},"query-input":{"@type":"PropertyValueSpecification","valueRequired":true,"valueName":"search_term_string"}}],"inLanguage":"fr-FR"},{"@type":"Organization","@id":"https:\/\/www.vetorino.com\/boutique\/#organization","name":"V\u00e9torino","url":"https:\/\/www.vetorino.com\/boutique\/","logo":{"@type":"ImageObject","inLanguage":"fr-FR","@id":"https:\/\/www.vetorino.com\/boutique\/#\/schema\/logo\/image\/","url":"https:\/\/www.vetorino.com\/boutique\/wp-content\/uploads\/2024\/10\/logo.jpg","contentUrl":"https:\/\/www.vetorino.com\/boutique\/wp-content\/uploads\/2024\/10\/logo.jpg","width":1200,"height":610,"caption":"V\u00e9torino"},"image":{"@id":"https:\/\/www.vetorino.com\/boutique\/#\/schema\/logo\/image\/"},"sameAs":["https:\/\/www.facebook.com\/Vetorino\/","https:\/\/www.instagram.com\/vetorino_off\/","https:\/\/www.linkedin.com\/company\/vtorino\/"]}]},"product_brand":"Trixie","product_price_amount":"13.64","product_price_currency":"EUR","og_availability":"instock","product_availability":"instock","product_retailer_item_id":"C-BAC702","product_condition":"new"},"_links":{"self":[{"href":"https:\/\/www.vetorino.com\/veterinaire\/confolens-16500\/boutique\/wp-json\/wp\/v2\/product\/549888","targetHints":{"allow":["GET"]}}],"collection":[{"href":"https:\/\/www.vetorino.com\/veterinaire\/confolens-16500\/boutique\/wp-json\/wp\/v2\/product"}],"about":[{"href":"https:\/\/www.vetorino.com\/veterinaire\/confolens-16500\/boutique\/wp-json\/wp\/v2\/types\/product"}],"wp:featuredmedia":[{"embeddable":true,"href":"https:\/\/www.vetorino.com\/veterinaire\/confolens-16500\/boutique\/wp-json\/wp\/v2\/media\/915197"}],"wp:attachment":[{"href":"https:\/\/www.vetorino.com\/veterinaire\/confolens-16500\/boutique\/wp-json\/wp\/v2\/media?parent=549888"}],"wp:term":[{"taxonomy":"product_cat","embeddable":true,"href":"https:\/\/www.vetorino.com\/veterinaire\/confolens-16500\/boutique\/wp-json\/wp\/v2\/product_cat?post=549888"},{"taxonomy":"product_tag","embeddable":true,"href":"https:\/\/www.vetorino.com\/veterinaire\/confolens-16500\/boutique\/wp-json\/wp\/v2\/product_tag?post=549888"}],"curies":[{"name":"wp","href":"https:\/\/api.w.org\/{rel}","templated":true}]}}