{"id":549921,"date":"2023-01-31T15:08:15","date_gmt":"2023-01-31T14:08:15","guid":{"rendered":"https:\/\/www.vetorino.com\/boutique\/product\/jouet-chat-educatif-trixie\/"},"modified":"2026-04-03T09:41:22","modified_gmt":"2026-04-03T07:41:22","slug":"jouet-chat-educatif-trixie","status":"publish","type":"product","link":"https:\/\/www.vetorino.com\/veterinaire\/confolens-16500\/boutique\/product\/jouet-chat-educatif-trixie\/","title":{"rendered":"Jouet chat \u00e9ducation"},"content":{"rendered":"<p>Le jeu de strat\u00e9gie Turn Around se compose de 2 modules diff\u00e9rents pour offrir un jeu vari\u00e9 \u00e0 votre chat et r\u00e9pondre \u00e0 un besoin naturel des chats, l&#8217;activit\u00e9 physique et psychique.<br \/>\nDisposez friandises ou croquettes\u00a0dans les \u00e9l\u00e9ments rotatifs, votre chat devra faire pivoter les \u00e9l\u00e9ments pour faire tomber sa r\u00e9compense et ensuite les attraper avec ses pattes entre les c\u00f4nes du plateau inf\u00e9rieur.<\/p>\n<ul>\n<li>2 possibilit\u00e9s de jeu : base avec c\u00f4nes et 3 \u00e9l\u00e9ments rotatifs avec 2 couvercles diff\u00e9rents.<\/li>\n<li>Pieds en caoutchouc antid\u00e9rapant.<\/li>\n<li>El\u00e9ments de rotation lavables au lave-vaisselle.<\/li>\n<li>En plastique.<\/li>\n<li>Avec\u00a0manuel d&#8217;instruction pour l&#8217;entra\u00eenement.<\/li>\n<li>Conforme \u00e0 la protection des animaux selon \u00a7 18 (AT).<\/li>\n<\/ul>\n","protected":false},"excerpt":{"rendered":"<p>Le jeu de strat\u00e9gie Turn Around se compose de 2 modules diff\u00e9rents pour offrir un jeu vari\u00e9 \u00e0 votre chat et r\u00e9pondre \u00e0 un besoin naturel des chats, l&#8217;activit\u00e9 physique et psychique.<br \/>\nDisposez friandises ou croquettes\u00a0dans les \u00e9l\u00e9ments rotatifs, votre chat devra faire pivoter les \u00e9l\u00e9ments pour faire tomber sa r\u00e9compense et ensuite les attraper avec ses pattes entre les c\u00f4nes du plateau inf\u00e9rieur.<\/p>\n","protected":false},"featured_media":915296,"template":"","meta":[],"product_cat":[12548,2697,2733,12620,15793],"product_tag":[],"class_list":{"0":"post-549921","1":"product","2":"type-product","3":"status-publish","4":"has-post-thumbnail","6":"product_cat-accessoire-du-chat","7":"product_cat-chat","8":"product_cat-friandises-pour-chat","9":"product_cat-jeux-educatifs-pour-chat","10":"product_cat-jouets-pour-chat","11":"pa_marque-trixie","13":"first","14":"outofstock","15":"taxable","16":"shipping-taxable","17":"purchasable","18":"product-type-simple"},"yoast_head":"<!-- This site is optimized with the Yoast SEO plugin v27.3 - https:\/\/yoast.com\/product\/yoast-seo-wordpress\/ -->\n<title>Jouet chat \u00e9ducation Trixie - V\u00e9torino<\/title>\n<meta name=\"description\" content=\"Le jeu de strat\u00e9gie Turn Around se compose de 2 modules diff\u00e9rents pour offrir un jeu vari\u00e9 \u00e0 votre chat et r\u00e9pondre \u00e0 un besoin naturel des chats, l&#039;activit\u00e9 physique et psychique. Disposez friandises ou croquettes\u00a0dans les \u00e9l\u00e9ments rotatifs, votre chat devra faire pivoter les \u00e9l\u00e9ments pour faire tomber sa r\u00e9compense et ensuite les attraper avec ses pattes entre les c\u00f4nes du plateau inf\u00e9rieur.\" \/>\n<meta name=\"robots\" content=\"noindex, nofollow\" \/>\n<meta property=\"og:locale\" content=\"fr_FR\" \/>\n<meta property=\"og:type\" content=\"article\" \/>\n<meta property=\"og:title\" content=\"Jouet chat \u00e9ducation Trixie - V\u00e9torino\" \/>\n<meta property=\"og:description\" content=\"Le jeu de strat\u00e9gie Turn Around se compose de 2 modules diff\u00e9rents pour offrir un jeu vari\u00e9 \u00e0 votre chat et r\u00e9pondre \u00e0 un besoin naturel des chats, l&#039;activit\u00e9 physique et psychique. Disposez friandises ou croquettes\u00a0dans les \u00e9l\u00e9ments rotatifs, votre chat devra faire pivoter les \u00e9l\u00e9ments pour faire tomber sa r\u00e9compense et ensuite les attraper avec ses pattes entre les c\u00f4nes du plateau inf\u00e9rieur.\" \/>\n<meta property=\"og:url\" content=\"https:\/\/www.vetorino.com\/veterinaire\/confolens-16500\/boutique\/product\/jouet-chat-educatif-trixie\/\" \/>\n<meta property=\"og:site_name\" content=\"V\u00e9torino\" \/>\n<meta property=\"article:publisher\" content=\"https:\/\/www.facebook.com\/Vetorino\/\" \/>\n<meta property=\"article:modified_time\" content=\"2026-04-03T07:41:22+00:00\" \/>\n<meta property=\"og:image\" content=\"https:\/\/www.vetorino.com\/boutique\/wp-content\/uploads\/2023\/01\/resize.webp\" \/>\n\t<meta property=\"og:image:width\" content=\"500\" \/>\n\t<meta property=\"og:image:height\" content=\"500\" \/>\n\t<meta property=\"og:image:type\" content=\"image\/webp\" \/>\n<meta name=\"twitter:card\" content=\"summary_large_image\" \/>\n<meta name=\"twitter:label1\" content=\"Prix\" \/>\n\t<meta name=\"twitter:data1\" content=\"15,70&euro;\" \/>\n\t<meta name=\"twitter:label2\" content=\"Disponibilit\u00e9\" \/>\n\t<meta name=\"twitter:data2\" content=\"Rupture de stock\" \/>\n<script type=\"application\/ld+json\" class=\"yoast-schema-graph\">{\"@context\":\"https:\\\/\\\/schema.org\",\"@graph\":[{\"@type\":\"WebPage\",\"@id\":\"https:\\\/\\\/www.vetorino.com\\\/veterinaire\\\/evry-91000\\\/boutique\\\/product\\\/jouet-chat-educatif-trixie\\\/\",\"url\":\"https:\\\/\\\/www.vetorino.com\\\/veterinaire\\\/evry-91000\\\/boutique\\\/product\\\/jouet-chat-educatif-trixie\\\/\",\"name\":\"Jouet chat \u00e9ducation Trixie - V\u00e9torino\",\"isPartOf\":{\"@id\":\"https:\\\/\\\/www.vetorino.com\\\/boutique\\\/#website\"},\"primaryImageOfPage\":{\"@id\":\"https:\\\/\\\/www.vetorino.com\\\/veterinaire\\\/evry-91000\\\/boutique\\\/product\\\/jouet-chat-educatif-trixie\\\/#primaryimage\"},\"image\":{\"@id\":\"https:\\\/\\\/www.vetorino.com\\\/veterinaire\\\/evry-91000\\\/boutique\\\/product\\\/jouet-chat-educatif-trixie\\\/#primaryimage\"},\"thumbnailUrl\":\"https:\\\/\\\/www.vetorino.com\\\/boutique\\\/wp-content\\\/uploads\\\/2023\\\/01\\\/resize.webp\",\"datePublished\":\"2023-01-31T14:08:15+00:00\",\"dateModified\":\"2026-04-03T07:41:22+00:00\",\"description\":\"Le jeu de strat\u00e9gie Turn Around se compose de 2 modules diff\u00e9rents pour offrir un jeu vari\u00e9 \u00e0 votre chat et r\u00e9pondre \u00e0 un besoin naturel des chats, l'activit\u00e9 physique et psychique. Disposez friandises ou croquettes\u00a0dans les \u00e9l\u00e9ments rotatifs, votre chat devra faire pivoter les \u00e9l\u00e9ments pour faire tomber sa r\u00e9compense et ensuite les attraper avec ses pattes entre les c\u00f4nes du plateau inf\u00e9rieur.\",\"breadcrumb\":{\"@id\":\"https:\\\/\\\/www.vetorino.com\\\/veterinaire\\\/evry-91000\\\/boutique\\\/product\\\/jouet-chat-educatif-trixie\\\/#breadcrumb\"},\"inLanguage\":\"fr-FR\",\"potentialAction\":[{\"@type\":\"ReadAction\",\"target\":[\"https:\\\/\\\/www.vetorino.com\\\/veterinaire\\\/evry-91000\\\/boutique\\\/product\\\/jouet-chat-educatif-trixie\\\/\"]}]},{\"@type\":\"ImageObject\",\"inLanguage\":\"fr-FR\",\"@id\":\"https:\\\/\\\/www.vetorino.com\\\/veterinaire\\\/evry-91000\\\/boutique\\\/product\\\/jouet-chat-educatif-trixie\\\/#primaryimage\",\"url\":\"https:\\\/\\\/www.vetorino.com\\\/boutique\\\/wp-content\\\/uploads\\\/2023\\\/01\\\/resize.webp\",\"contentUrl\":\"https:\\\/\\\/www.vetorino.com\\\/boutique\\\/wp-content\\\/uploads\\\/2023\\\/01\\\/resize.webp\",\"width\":500,\"height\":500},{\"@type\":\"BreadcrumbList\",\"@id\":\"https:\\\/\\\/www.vetorino.com\\\/veterinaire\\\/evry-91000\\\/boutique\\\/product\\\/jouet-chat-educatif-trixie\\\/#breadcrumb\",\"itemListElement\":[{\"@type\":\"ListItem\",\"position\":1,\"name\":\"Accueil\",\"item\":\"https:\\\/\\\/www.vetorino.com\\\/boutique\\\/\"},{\"@type\":\"ListItem\",\"position\":2,\"name\":\"Produits\",\"item\":\"https:\\\/\\\/www.vetorino.com\\\/boutique\\\/\"},{\"@type\":\"ListItem\",\"position\":3,\"name\":\"Jouet chat \u00e9ducation\"}]},{\"@type\":\"WebSite\",\"@id\":\"https:\\\/\\\/www.vetorino.com\\\/boutique\\\/#website\",\"url\":\"https:\\\/\\\/www.vetorino.com\\\/boutique\\\/\",\"name\":\"V\u00e9torino\",\"description\":\"\",\"publisher\":{\"@id\":\"https:\\\/\\\/www.vetorino.com\\\/boutique\\\/#organization\"},\"potentialAction\":[{\"@type\":\"SearchAction\",\"target\":{\"@type\":\"EntryPoint\",\"urlTemplate\":\"https:\\\/\\\/www.vetorino.com\\\/boutique\\\/?s={search_term_string}\"},\"query-input\":{\"@type\":\"PropertyValueSpecification\",\"valueRequired\":true,\"valueName\":\"search_term_string\"}}],\"inLanguage\":\"fr-FR\"},{\"@type\":\"Organization\",\"@id\":\"https:\\\/\\\/www.vetorino.com\\\/boutique\\\/#organization\",\"name\":\"V\u00e9torino\",\"url\":\"https:\\\/\\\/www.vetorino.com\\\/boutique\\\/\",\"logo\":{\"@type\":\"ImageObject\",\"inLanguage\":\"fr-FR\",\"@id\":\"https:\\\/\\\/www.vetorino.com\\\/boutique\\\/#\\\/schema\\\/logo\\\/image\\\/\",\"url\":\"https:\\\/\\\/www.vetorino.com\\\/boutique\\\/wp-content\\\/uploads\\\/2024\\\/10\\\/logo.jpg\",\"contentUrl\":\"https:\\\/\\\/www.vetorino.com\\\/boutique\\\/wp-content\\\/uploads\\\/2024\\\/10\\\/logo.jpg\",\"width\":1200,\"height\":610,\"caption\":\"V\u00e9torino\"},\"image\":{\"@id\":\"https:\\\/\\\/www.vetorino.com\\\/boutique\\\/#\\\/schema\\\/logo\\\/image\\\/\"},\"sameAs\":[\"https:\\\/\\\/www.facebook.com\\\/Vetorino\\\/\",\"https:\\\/\\\/www.instagram.com\\\/vetorino_off\\\/\",\"https:\\\/\\\/www.linkedin.com\\\/company\\\/vtorino\\\/\"]}]}<\/script>\n<meta property=\"product:brand\" content=\"Trixie\" \/>\n<meta property=\"product:price:amount\" content=\"15.70\" \/>\n<meta property=\"product:price:currency\" content=\"EUR\" \/>\n<meta property=\"og:availability\" content=\"out of stock\" \/>\n<meta property=\"product:availability\" content=\"out of stock\" \/>\n<meta property=\"product:retailer_item_id\" content=\"C-JOU649\" \/>\n<meta property=\"product:condition\" content=\"new\" \/>\n<!-- \/ Yoast SEO plugin. -->","yoast_head_json":{"title":"Jouet chat \u00e9ducation Trixie - V\u00e9torino","description":"Le jeu de strat\u00e9gie Turn Around se compose de 2 modules diff\u00e9rents pour offrir un jeu vari\u00e9 \u00e0 votre chat et r\u00e9pondre \u00e0 un besoin naturel des chats, l'activit\u00e9 physique et psychique. Disposez friandises ou croquettes\u00a0dans les \u00e9l\u00e9ments rotatifs, votre chat devra faire pivoter les \u00e9l\u00e9ments pour faire tomber sa r\u00e9compense et ensuite les attraper avec ses pattes entre les c\u00f4nes du plateau inf\u00e9rieur.","robots":{"index":"noindex","follow":"nofollow"},"og_locale":"fr_FR","og_type":"article","og_title":"Jouet chat \u00e9ducation Trixie - V\u00e9torino","og_description":"Le jeu de strat\u00e9gie Turn Around se compose de 2 modules diff\u00e9rents pour offrir un jeu vari\u00e9 \u00e0 votre chat et r\u00e9pondre \u00e0 un besoin naturel des chats, l'activit\u00e9 physique et psychique. Disposez friandises ou croquettes\u00a0dans les \u00e9l\u00e9ments rotatifs, votre chat devra faire pivoter les \u00e9l\u00e9ments pour faire tomber sa r\u00e9compense et ensuite les attraper avec ses pattes entre les c\u00f4nes du plateau inf\u00e9rieur.","og_url":"https:\/\/www.vetorino.com\/veterinaire\/confolens-16500\/boutique\/product\/jouet-chat-educatif-trixie\/","og_site_name":"V\u00e9torino","article_publisher":"https:\/\/www.facebook.com\/Vetorino\/","article_modified_time":"2026-04-03T07:41:22+00:00","og_image":[{"width":500,"height":500,"url":"https:\/\/www.vetorino.com\/boutique\/wp-content\/uploads\/2023\/01\/resize.webp","type":"image\/webp"}],"twitter_card":"summary_large_image","twitter_misc":{"Prix":"15,70&euro;","Disponibilit\u00e9":"Rupture de stock"},"schema":{"@context":"https:\/\/schema.org","@graph":[{"@type":"WebPage","@id":"https:\/\/www.vetorino.com\/veterinaire\/evry-91000\/boutique\/product\/jouet-chat-educatif-trixie\/","url":"https:\/\/www.vetorino.com\/veterinaire\/evry-91000\/boutique\/product\/jouet-chat-educatif-trixie\/","name":"Jouet chat \u00e9ducation Trixie - V\u00e9torino","isPartOf":{"@id":"https:\/\/www.vetorino.com\/boutique\/#website"},"primaryImageOfPage":{"@id":"https:\/\/www.vetorino.com\/veterinaire\/evry-91000\/boutique\/product\/jouet-chat-educatif-trixie\/#primaryimage"},"image":{"@id":"https:\/\/www.vetorino.com\/veterinaire\/evry-91000\/boutique\/product\/jouet-chat-educatif-trixie\/#primaryimage"},"thumbnailUrl":"https:\/\/www.vetorino.com\/boutique\/wp-content\/uploads\/2023\/01\/resize.webp","datePublished":"2023-01-31T14:08:15+00:00","dateModified":"2026-04-03T07:41:22+00:00","description":"Le jeu de strat\u00e9gie Turn Around se compose de 2 modules diff\u00e9rents pour offrir un jeu vari\u00e9 \u00e0 votre chat et r\u00e9pondre \u00e0 un besoin naturel des chats, l'activit\u00e9 physique et psychique. Disposez friandises ou croquettes\u00a0dans les \u00e9l\u00e9ments rotatifs, votre chat devra faire pivoter les \u00e9l\u00e9ments pour faire tomber sa r\u00e9compense et ensuite les attraper avec ses pattes entre les c\u00f4nes du plateau inf\u00e9rieur.","breadcrumb":{"@id":"https:\/\/www.vetorino.com\/veterinaire\/evry-91000\/boutique\/product\/jouet-chat-educatif-trixie\/#breadcrumb"},"inLanguage":"fr-FR","potentialAction":[{"@type":"ReadAction","target":["https:\/\/www.vetorino.com\/veterinaire\/evry-91000\/boutique\/product\/jouet-chat-educatif-trixie\/"]}]},{"@type":"ImageObject","inLanguage":"fr-FR","@id":"https:\/\/www.vetorino.com\/veterinaire\/evry-91000\/boutique\/product\/jouet-chat-educatif-trixie\/#primaryimage","url":"https:\/\/www.vetorino.com\/boutique\/wp-content\/uploads\/2023\/01\/resize.webp","contentUrl":"https:\/\/www.vetorino.com\/boutique\/wp-content\/uploads\/2023\/01\/resize.webp","width":500,"height":500},{"@type":"BreadcrumbList","@id":"https:\/\/www.vetorino.com\/veterinaire\/evry-91000\/boutique\/product\/jouet-chat-educatif-trixie\/#breadcrumb","itemListElement":[{"@type":"ListItem","position":1,"name":"Accueil","item":"https:\/\/www.vetorino.com\/boutique\/"},{"@type":"ListItem","position":2,"name":"Produits","item":"https:\/\/www.vetorino.com\/boutique\/"},{"@type":"ListItem","position":3,"name":"Jouet chat \u00e9ducation"}]},{"@type":"WebSite","@id":"https:\/\/www.vetorino.com\/boutique\/#website","url":"https:\/\/www.vetorino.com\/boutique\/","name":"V\u00e9torino","description":"","publisher":{"@id":"https:\/\/www.vetorino.com\/boutique\/#organization"},"potentialAction":[{"@type":"SearchAction","target":{"@type":"EntryPoint","urlTemplate":"https:\/\/www.vetorino.com\/boutique\/?s={search_term_string}"},"query-input":{"@type":"PropertyValueSpecification","valueRequired":true,"valueName":"search_term_string"}}],"inLanguage":"fr-FR"},{"@type":"Organization","@id":"https:\/\/www.vetorino.com\/boutique\/#organization","name":"V\u00e9torino","url":"https:\/\/www.vetorino.com\/boutique\/","logo":{"@type":"ImageObject","inLanguage":"fr-FR","@id":"https:\/\/www.vetorino.com\/boutique\/#\/schema\/logo\/image\/","url":"https:\/\/www.vetorino.com\/boutique\/wp-content\/uploads\/2024\/10\/logo.jpg","contentUrl":"https:\/\/www.vetorino.com\/boutique\/wp-content\/uploads\/2024\/10\/logo.jpg","width":1200,"height":610,"caption":"V\u00e9torino"},"image":{"@id":"https:\/\/www.vetorino.com\/boutique\/#\/schema\/logo\/image\/"},"sameAs":["https:\/\/www.facebook.com\/Vetorino\/","https:\/\/www.instagram.com\/vetorino_off\/","https:\/\/www.linkedin.com\/company\/vtorino\/"]}]},"product_brand":"Trixie","product_price_amount":"15.70","product_price_currency":"EUR","og_availability":"out of stock","product_availability":"out of stock","product_retailer_item_id":"C-JOU649","product_condition":"new"},"_links":{"self":[{"href":"https:\/\/www.vetorino.com\/veterinaire\/confolens-16500\/boutique\/wp-json\/wp\/v2\/product\/549921","targetHints":{"allow":["GET"]}}],"collection":[{"href":"https:\/\/www.vetorino.com\/veterinaire\/confolens-16500\/boutique\/wp-json\/wp\/v2\/product"}],"about":[{"href":"https:\/\/www.vetorino.com\/veterinaire\/confolens-16500\/boutique\/wp-json\/wp\/v2\/types\/product"}],"wp:featuredmedia":[{"embeddable":true,"href":"https:\/\/www.vetorino.com\/veterinaire\/confolens-16500\/boutique\/wp-json\/wp\/v2\/media\/915296"}],"wp:attachment":[{"href":"https:\/\/www.vetorino.com\/veterinaire\/confolens-16500\/boutique\/wp-json\/wp\/v2\/media?parent=549921"}],"wp:term":[{"taxonomy":"product_cat","embeddable":true,"href":"https:\/\/www.vetorino.com\/veterinaire\/confolens-16500\/boutique\/wp-json\/wp\/v2\/product_cat?post=549921"},{"taxonomy":"product_tag","embeddable":true,"href":"https:\/\/www.vetorino.com\/veterinaire\/confolens-16500\/boutique\/wp-json\/wp\/v2\/product_tag?post=549921"}],"curies":[{"name":"wp","href":"https:\/\/api.w.org\/{rel}","templated":true}]}}