{"id":549925,"date":"2023-01-31T15:09:59","date_gmt":"2023-01-31T14:09:59","guid":{"rendered":"https:\/\/www.vetorino.com\/boutique\/product\/museliere-trixie-muzzle-flex\/"},"modified":"2026-02-18T18:10:57","modified_gmt":"2026-02-18T17:10:57","slug":"museliere-trixie-muzzle-flex","status":"publish","type":"product","link":"https:\/\/www.vetorino.com\/veterinaire\/confolens-16500\/boutique\/product\/museliere-trixie-muzzle-flex\/","title":{"rendered":"Museli\u00e8re Trixie Muzzle Flex"},"content":{"rendered":"<p>Museli\u00e8re Muzzle Flex, en caoutchouc.<\/p>\n<ul>\n<li>En caoutchouc\/nylon\/n\u00e9opr\u00e8ne.<\/li>\n<li>Tr\u00e8s confortable \u00e0 porter gr\u00e2ce \u00e0 sa forme ergonomique. Le silicone est souple et\u00a0ind\u00e9formable, avec des attaches en n\u00e9opr\u00e8ne matelass\u00e9es au niveau du\u00a0museau et du cou.<\/li>\n<li>Permet de boire et manger des friandises.<\/li>\n<li>Maintien\u00a0s\u00e9curis\u00e9 gr\u00e2ce aux triples attaches.<\/li>\n<li>Conforme \u00e0 la protection des animaux selon \u00a7 18 (AT).<\/li>\n<\/ul>\n","protected":false},"excerpt":{"rendered":"<p>La Museli\u00e8re Muzzle Flex de chez Trixie est une museli\u00e8re tr\u00e8s confortable \u00e0 porter gr\u00e2ce \u00e0 sa forme ergonomique en silicone souple ind\u00e9formable et ses attaches en n\u00e9opr\u00e8ne matelass\u00e9 au niveau du visage et du cou.<\/p>\n","protected":false},"featured_media":620716,"template":"","meta":[],"product_cat":[2698,2777],"product_tag":[],"class_list":{"0":"post-549925","1":"product","2":"type-product","3":"status-publish","4":"has-post-thumbnail","6":"product_cat-chien","7":"product_cat-colliers-laisses-et-harnais-pour-chien","8":"pa_marque-trixie","10":"first","11":"instock","12":"taxable","13":"shipping-taxable","14":"purchasable","15":"product-type-variable"},"yoast_head":"<!-- This site is optimized with the Yoast SEO plugin v27.3 - https:\/\/yoast.com\/product\/yoast-seo-wordpress\/ -->\n<title>Museli\u00e8re Trixie Muzzle Flex Trixie - V\u00e9torino<\/title>\n<meta name=\"description\" content=\"La Museli\u00e8re Muzzle Flex de chez Trixie est une museli\u00e8re tr\u00e8s confortable \u00e0 porter gr\u00e2ce \u00e0 sa forme ergonomique en silicone souple ind\u00e9formable et ses attaches en n\u00e9opr\u00e8ne matelass\u00e9 au niveau du visage et du cou.\" \/>\n<meta name=\"robots\" content=\"noindex, nofollow\" \/>\n<meta property=\"og:locale\" content=\"fr_FR\" \/>\n<meta property=\"og:type\" content=\"article\" \/>\n<meta property=\"og:title\" content=\"Museli\u00e8re Trixie Muzzle Flex Trixie - V\u00e9torino\" \/>\n<meta property=\"og:description\" content=\"La Museli\u00e8re Muzzle Flex de chez Trixie est une museli\u00e8re tr\u00e8s confortable \u00e0 porter gr\u00e2ce \u00e0 sa forme ergonomique en silicone souple ind\u00e9formable et ses attaches en n\u00e9opr\u00e8ne matelass\u00e9 au niveau du visage et du cou.\" \/>\n<meta property=\"og:url\" content=\"https:\/\/www.vetorino.com\/veterinaire\/confolens-16500\/boutique\/product\/museliere-trixie-muzzle-flex\/\" \/>\n<meta property=\"og:site_name\" content=\"V\u00e9torino\" \/>\n<meta property=\"article:publisher\" content=\"https:\/\/www.facebook.com\/Vetorino\/\" \/>\n<meta property=\"article:modified_time\" content=\"2026-02-18T17:10:57+00:00\" \/>\n<meta property=\"og:image\" content=\"https:\/\/www.vetorino.com\/boutique\/wp-content\/uploads\/2023\/01\/trixie_muselie_re_muzzle_flex_-_la_compagnie_des_animaux_2__1_1_1_1.jpg\" \/>\n\t<meta property=\"og:image:width\" content=\"700\" \/>\n\t<meta property=\"og:image:height\" content=\"700\" \/>\n\t<meta property=\"og:image:type\" content=\"image\/jpeg\" \/>\n<meta name=\"twitter:card\" content=\"summary_large_image\" \/>\n<meta name=\"twitter:label1\" content=\"Disponibilit\u00e9\" \/>\n\t<meta name=\"twitter:data1\" content=\"En stock\" \/>\n<script type=\"application\/ld+json\" class=\"yoast-schema-graph\">{\"@context\":\"https:\\\/\\\/schema.org\",\"@graph\":[{\"@type\":\"WebPage\",\"@id\":\"https:\\\/\\\/www.vetorino.com\\\/boutique\\\/product\\\/museliere-trixie-muzzle-flex\\\/\",\"url\":\"https:\\\/\\\/www.vetorino.com\\\/boutique\\\/product\\\/museliere-trixie-muzzle-flex\\\/\",\"name\":\"Museli\u00e8re Trixie Muzzle Flex Trixie - V\u00e9torino\",\"isPartOf\":{\"@id\":\"https:\\\/\\\/www.vetorino.com\\\/boutique\\\/#website\"},\"primaryImageOfPage\":{\"@id\":\"https:\\\/\\\/www.vetorino.com\\\/boutique\\\/product\\\/museliere-trixie-muzzle-flex\\\/#primaryimage\"},\"image\":{\"@id\":\"https:\\\/\\\/www.vetorino.com\\\/boutique\\\/product\\\/museliere-trixie-muzzle-flex\\\/#primaryimage\"},\"thumbnailUrl\":\"https:\\\/\\\/www.vetorino.com\\\/boutique\\\/wp-content\\\/uploads\\\/2023\\\/01\\\/trixie_muselie_re_muzzle_flex_-_la_compagnie_des_animaux_2__1_1_1_1.jpg\",\"datePublished\":\"2023-01-31T14:09:59+00:00\",\"dateModified\":\"2026-02-18T17:10:57+00:00\",\"description\":\"La Museli\u00e8re Muzzle Flex de chez Trixie est une museli\u00e8re tr\u00e8s confortable \u00e0 porter gr\u00e2ce \u00e0 sa forme ergonomique en silicone souple ind\u00e9formable et ses attaches en n\u00e9opr\u00e8ne matelass\u00e9 au niveau du visage et du cou.\",\"breadcrumb\":{\"@id\":\"https:\\\/\\\/www.vetorino.com\\\/boutique\\\/product\\\/museliere-trixie-muzzle-flex\\\/#breadcrumb\"},\"inLanguage\":\"fr-FR\",\"potentialAction\":[{\"@type\":\"ReadAction\",\"target\":[\"https:\\\/\\\/www.vetorino.com\\\/boutique\\\/product\\\/museliere-trixie-muzzle-flex\\\/\"]}]},{\"@type\":\"ImageObject\",\"inLanguage\":\"fr-FR\",\"@id\":\"https:\\\/\\\/www.vetorino.com\\\/boutique\\\/product\\\/museliere-trixie-muzzle-flex\\\/#primaryimage\",\"url\":\"https:\\\/\\\/www.vetorino.com\\\/boutique\\\/wp-content\\\/uploads\\\/2023\\\/01\\\/trixie_muselie_re_muzzle_flex_-_la_compagnie_des_animaux_2__1_1_1_1.jpg\",\"contentUrl\":\"https:\\\/\\\/www.vetorino.com\\\/boutique\\\/wp-content\\\/uploads\\\/2023\\\/01\\\/trixie_muselie_re_muzzle_flex_-_la_compagnie_des_animaux_2__1_1_1_1.jpg\",\"width\":700,\"height\":700},{\"@type\":\"BreadcrumbList\",\"@id\":\"https:\\\/\\\/www.vetorino.com\\\/boutique\\\/product\\\/museliere-trixie-muzzle-flex\\\/#breadcrumb\",\"itemListElement\":[{\"@type\":\"ListItem\",\"position\":1,\"name\":\"Accueil\",\"item\":\"https:\\\/\\\/www.vetorino.com\\\/boutique\\\/\"},{\"@type\":\"ListItem\",\"position\":2,\"name\":\"Produits\",\"item\":\"https:\\\/\\\/www.vetorino.com\\\/boutique\\\/\"},{\"@type\":\"ListItem\",\"position\":3,\"name\":\"Museli\u00e8re Trixie Muzzle Flex\"}]},{\"@type\":\"WebSite\",\"@id\":\"https:\\\/\\\/www.vetorino.com\\\/boutique\\\/#website\",\"url\":\"https:\\\/\\\/www.vetorino.com\\\/boutique\\\/\",\"name\":\"V\u00e9torino\",\"description\":\"\",\"publisher\":{\"@id\":\"https:\\\/\\\/www.vetorino.com\\\/boutique\\\/#organization\"},\"potentialAction\":[{\"@type\":\"SearchAction\",\"target\":{\"@type\":\"EntryPoint\",\"urlTemplate\":\"https:\\\/\\\/www.vetorino.com\\\/boutique\\\/?s={search_term_string}\"},\"query-input\":{\"@type\":\"PropertyValueSpecification\",\"valueRequired\":true,\"valueName\":\"search_term_string\"}}],\"inLanguage\":\"fr-FR\"},{\"@type\":\"Organization\",\"@id\":\"https:\\\/\\\/www.vetorino.com\\\/boutique\\\/#organization\",\"name\":\"V\u00e9torino\",\"url\":\"https:\\\/\\\/www.vetorino.com\\\/boutique\\\/\",\"logo\":{\"@type\":\"ImageObject\",\"inLanguage\":\"fr-FR\",\"@id\":\"https:\\\/\\\/www.vetorino.com\\\/boutique\\\/#\\\/schema\\\/logo\\\/image\\\/\",\"url\":\"https:\\\/\\\/www.vetorino.com\\\/boutique\\\/wp-content\\\/uploads\\\/2024\\\/10\\\/logo.jpg\",\"contentUrl\":\"https:\\\/\\\/www.vetorino.com\\\/boutique\\\/wp-content\\\/uploads\\\/2024\\\/10\\\/logo.jpg\",\"width\":1200,\"height\":610,\"caption\":\"V\u00e9torino\"},\"image\":{\"@id\":\"https:\\\/\\\/www.vetorino.com\\\/boutique\\\/#\\\/schema\\\/logo\\\/image\\\/\"},\"sameAs\":[\"https:\\\/\\\/www.facebook.com\\\/Vetorino\\\/\",\"https:\\\/\\\/www.instagram.com\\\/vetorino_off\\\/\",\"https:\\\/\\\/www.linkedin.com\\\/company\\\/vtorino\\\/\"]}]}<\/script>\n<meta property=\"product:brand\" content=\"Trixie\" \/>\n<meta property=\"og:availability\" content=\"instock\" \/>\n<meta property=\"product:availability\" content=\"instock\" \/>\n<meta property=\"product:condition\" content=\"new\" \/>\n<!-- \/ Yoast SEO plugin. -->","yoast_head_json":{"title":"Museli\u00e8re Trixie Muzzle Flex Trixie - V\u00e9torino","description":"La Museli\u00e8re Muzzle Flex de chez Trixie est une museli\u00e8re tr\u00e8s confortable \u00e0 porter gr\u00e2ce \u00e0 sa forme ergonomique en silicone souple ind\u00e9formable et ses attaches en n\u00e9opr\u00e8ne matelass\u00e9 au niveau du visage et du cou.","robots":{"index":"noindex","follow":"nofollow"},"og_locale":"fr_FR","og_type":"article","og_title":"Museli\u00e8re Trixie Muzzle Flex Trixie - V\u00e9torino","og_description":"La Museli\u00e8re Muzzle Flex de chez Trixie est une museli\u00e8re tr\u00e8s confortable \u00e0 porter gr\u00e2ce \u00e0 sa forme ergonomique en silicone souple ind\u00e9formable et ses attaches en n\u00e9opr\u00e8ne matelass\u00e9 au niveau du visage et du cou.","og_url":"https:\/\/www.vetorino.com\/veterinaire\/confolens-16500\/boutique\/product\/museliere-trixie-muzzle-flex\/","og_site_name":"V\u00e9torino","article_publisher":"https:\/\/www.facebook.com\/Vetorino\/","article_modified_time":"2026-02-18T17:10:57+00:00","og_image":[{"width":700,"height":700,"url":"https:\/\/www.vetorino.com\/boutique\/wp-content\/uploads\/2023\/01\/trixie_muselie_re_muzzle_flex_-_la_compagnie_des_animaux_2__1_1_1_1.jpg","type":"image\/jpeg"}],"twitter_card":"summary_large_image","twitter_misc":{"Disponibilit\u00e9":"En stock"},"schema":{"@context":"https:\/\/schema.org","@graph":[{"@type":"WebPage","@id":"https:\/\/www.vetorino.com\/boutique\/product\/museliere-trixie-muzzle-flex\/","url":"https:\/\/www.vetorino.com\/boutique\/product\/museliere-trixie-muzzle-flex\/","name":"Museli\u00e8re Trixie Muzzle Flex Trixie - V\u00e9torino","isPartOf":{"@id":"https:\/\/www.vetorino.com\/boutique\/#website"},"primaryImageOfPage":{"@id":"https:\/\/www.vetorino.com\/boutique\/product\/museliere-trixie-muzzle-flex\/#primaryimage"},"image":{"@id":"https:\/\/www.vetorino.com\/boutique\/product\/museliere-trixie-muzzle-flex\/#primaryimage"},"thumbnailUrl":"https:\/\/www.vetorino.com\/boutique\/wp-content\/uploads\/2023\/01\/trixie_muselie_re_muzzle_flex_-_la_compagnie_des_animaux_2__1_1_1_1.jpg","datePublished":"2023-01-31T14:09:59+00:00","dateModified":"2026-02-18T17:10:57+00:00","description":"La Museli\u00e8re Muzzle Flex de chez Trixie est une museli\u00e8re tr\u00e8s confortable \u00e0 porter gr\u00e2ce \u00e0 sa forme ergonomique en silicone souple ind\u00e9formable et ses attaches en n\u00e9opr\u00e8ne matelass\u00e9 au niveau du visage et du cou.","breadcrumb":{"@id":"https:\/\/www.vetorino.com\/boutique\/product\/museliere-trixie-muzzle-flex\/#breadcrumb"},"inLanguage":"fr-FR","potentialAction":[{"@type":"ReadAction","target":["https:\/\/www.vetorino.com\/boutique\/product\/museliere-trixie-muzzle-flex\/"]}]},{"@type":"ImageObject","inLanguage":"fr-FR","@id":"https:\/\/www.vetorino.com\/boutique\/product\/museliere-trixie-muzzle-flex\/#primaryimage","url":"https:\/\/www.vetorino.com\/boutique\/wp-content\/uploads\/2023\/01\/trixie_muselie_re_muzzle_flex_-_la_compagnie_des_animaux_2__1_1_1_1.jpg","contentUrl":"https:\/\/www.vetorino.com\/boutique\/wp-content\/uploads\/2023\/01\/trixie_muselie_re_muzzle_flex_-_la_compagnie_des_animaux_2__1_1_1_1.jpg","width":700,"height":700},{"@type":"BreadcrumbList","@id":"https:\/\/www.vetorino.com\/boutique\/product\/museliere-trixie-muzzle-flex\/#breadcrumb","itemListElement":[{"@type":"ListItem","position":1,"name":"Accueil","item":"https:\/\/www.vetorino.com\/boutique\/"},{"@type":"ListItem","position":2,"name":"Produits","item":"https:\/\/www.vetorino.com\/boutique\/"},{"@type":"ListItem","position":3,"name":"Museli\u00e8re Trixie Muzzle Flex"}]},{"@type":"WebSite","@id":"https:\/\/www.vetorino.com\/boutique\/#website","url":"https:\/\/www.vetorino.com\/boutique\/","name":"V\u00e9torino","description":"","publisher":{"@id":"https:\/\/www.vetorino.com\/boutique\/#organization"},"potentialAction":[{"@type":"SearchAction","target":{"@type":"EntryPoint","urlTemplate":"https:\/\/www.vetorino.com\/boutique\/?s={search_term_string}"},"query-input":{"@type":"PropertyValueSpecification","valueRequired":true,"valueName":"search_term_string"}}],"inLanguage":"fr-FR"},{"@type":"Organization","@id":"https:\/\/www.vetorino.com\/boutique\/#organization","name":"V\u00e9torino","url":"https:\/\/www.vetorino.com\/boutique\/","logo":{"@type":"ImageObject","inLanguage":"fr-FR","@id":"https:\/\/www.vetorino.com\/boutique\/#\/schema\/logo\/image\/","url":"https:\/\/www.vetorino.com\/boutique\/wp-content\/uploads\/2024\/10\/logo.jpg","contentUrl":"https:\/\/www.vetorino.com\/boutique\/wp-content\/uploads\/2024\/10\/logo.jpg","width":1200,"height":610,"caption":"V\u00e9torino"},"image":{"@id":"https:\/\/www.vetorino.com\/boutique\/#\/schema\/logo\/image\/"},"sameAs":["https:\/\/www.facebook.com\/Vetorino\/","https:\/\/www.instagram.com\/vetorino_off\/","https:\/\/www.linkedin.com\/company\/vtorino\/"]}]},"product_brand":"Trixie","og_availability":"instock","product_availability":"instock","product_condition":"new"},"_links":{"self":[{"href":"https:\/\/www.vetorino.com\/veterinaire\/confolens-16500\/boutique\/wp-json\/wp\/v2\/product\/549925","targetHints":{"allow":["GET"]}}],"collection":[{"href":"https:\/\/www.vetorino.com\/veterinaire\/confolens-16500\/boutique\/wp-json\/wp\/v2\/product"}],"about":[{"href":"https:\/\/www.vetorino.com\/veterinaire\/confolens-16500\/boutique\/wp-json\/wp\/v2\/types\/product"}],"wp:featuredmedia":[{"embeddable":true,"href":"https:\/\/www.vetorino.com\/veterinaire\/confolens-16500\/boutique\/wp-json\/wp\/v2\/media\/620716"}],"wp:attachment":[{"href":"https:\/\/www.vetorino.com\/veterinaire\/confolens-16500\/boutique\/wp-json\/wp\/v2\/media?parent=549925"}],"wp:term":[{"taxonomy":"product_cat","embeddable":true,"href":"https:\/\/www.vetorino.com\/veterinaire\/confolens-16500\/boutique\/wp-json\/wp\/v2\/product_cat?post=549925"},{"taxonomy":"product_tag","embeddable":true,"href":"https:\/\/www.vetorino.com\/veterinaire\/confolens-16500\/boutique\/wp-json\/wp\/v2\/product_tag?post=549925"}],"curies":[{"name":"wp","href":"https:\/\/api.w.org\/{rel}","templated":true}]}}