{"id":549947,"date":"2023-01-31T15:14:55","date_gmt":"2023-01-31T14:14:55","guid":{"rendered":"https:\/\/www.vetorino.com\/boutique\/product\/sac-de-transport-trixie-ryan\/"},"modified":"2026-04-03T03:57:44","modified_gmt":"2026-04-03T01:57:44","slug":"sac-de-transport-trixie-ryan","status":"publish","type":"product","link":"https:\/\/www.vetorino.com\/veterinaire\/confolens-16500\/boutique\/product\/sac-de-transport-trixie-ryan\/","title":{"rendered":"Sac de transport Ryan"},"content":{"rendered":"<p>Ce sac de transport pratique Trixie Friends on Tour Ryan convient aussi bien \u00e0 un chat qu&#8217;\u00e0 un petit chien. Il est id\u00e9al pour le transport chez le v\u00e9t\u00e9rinaire ou lors de courts voyages en voiture, en bus ou en train.<\/p>\n<p>Le sac est ferm\u00e9 par des fermetures \u00e0 glissi\u00e8re et peut \u00eatre ouvert par le haut et par le c\u00f4t\u00e9 (le c\u00f4t\u00e9 court du sac s&#8217;ouvre). Une \u00e9tag\u00e8re fixe assure la stabilit\u00e9. Il peut \u00eatre fix\u00e9 \u00e0 l&#8217;aide de boutons-pression afin d&#8217;\u00e9viter qu&#8217;il ne glisse. Lorsqu&#8217;il n&#8217;est pas utilis\u00e9, le fond peut \u00eatre retir\u00e9 pour essuyer facilement l&#8217;enveloppe en plastique. Une poche lat\u00e9rale pratique offre de la place, par exemple pour le carnet de vaccination, les m\u00e9dicaments ou les friandises.<\/p>\n<p><b>Caract\u00e9ristiques du sac de transport Trixie Friends on Tour Ryan :<\/b><\/p>\n<ul>\n<li>sac de transport spacieux pour chats et chiens jusqu&#8217;\u00e0 10 kg<\/li>\n<li><strong>utilisation polyvalente<\/strong> : convient aussi bien aux chats qu&#8217;aux petits chiens<\/li>\n<li><strong>ouvertures \u00e0 fermeture \u00e9clair<\/strong> : peut \u00eatre ouvert par le haut et par le c\u00f4t\u00e9, permet une manipulation sans stress<\/li>\n<li><strong>stabilit\u00e9 et s\u00e9curit\u00e9<\/strong> : une doublure solide assure la stabilit\u00e9 et emp\u00eache le fond de glisser, des boutons-pression fixent le fond<\/li>\n<li><strong>facile \u00e0 nettoyer <\/strong>: le fond peut \u00eatre retir\u00e9 et l&#8217;enveloppe en plastique essuy\u00e9e<\/li>\n<li><strong>poche lat\u00e9rale pratique<\/strong> : offre de la place pour les objets importants comme le carnet de vaccination, les m\u00e9dicaments ou les friandises<\/li>\n<li><strong>couleur <\/strong>:\n<ul>\n<li>sac : noir<\/li>\n<li>bandouli\u00e8re : \u00e0 motifs noirs et blancs,\u00a0ou noire (pas de choix possible)<\/li>\n<\/ul>\n<\/li>\n<li><strong>mati\u00e8re<\/strong> : 100% polyester<\/li>\n<\/ul>\n<p><strong>Remarque <\/strong>: la bandouli\u00e8re est soit \u00e0 motif noir et blanc, soit noire unie. Le coloris ne peut pas \u00eatre choisi.<\/p>\n","protected":false},"excerpt":{"rendered":"<p>Ce sac de transport pratique Trixie Friends on Tour Ryan convient aussi bien \u00e0 un chat qu&#8217;\u00e0 un petit chien. Il est id\u00e9al pour le transport chez le v\u00e9t\u00e9rinaire ou lors de courts voyages en voiture, en bus ou en train.<\/p>\n","protected":false},"featured_media":915315,"template":"","meta":[],"product_cat":[12550,2776,2697,2698,12595,12631],"product_tag":[],"class_list":{"0":"post-549947","1":"product","2":"type-product","3":"status-publish","4":"has-post-thumbnail","6":"product_cat-accessoires-du-chien","7":"product_cat-cages-et-transport-pour-chien","8":"product_cat-chat","9":"product_cat-chien","10":"product_cat-confort-du-chat","11":"product_cat-sortie-du-chat","12":"pa_marque-trixie","14":"first","15":"instock","16":"taxable","17":"shipping-taxable","18":"purchasable","19":"product-type-variable"},"yoast_head":"<!-- This site is optimized with the Yoast SEO plugin v27.3 - https:\/\/yoast.com\/product\/yoast-seo-wordpress\/ -->\n<title>Sac de transport Ryan Trixie - V\u00e9torino<\/title>\n<meta name=\"description\" content=\"Ce sac de transport pratique Trixie Friends on Tour Ryan convient aussi bien \u00e0 un chat qu&#039;\u00e0 un petit chien. Il est id\u00e9al pour le transport chez le v\u00e9t\u00e9rinaire ou lors de courts voyages en voiture, en bus ou en train.\" \/>\n<meta name=\"robots\" content=\"noindex, nofollow\" \/>\n<meta property=\"og:locale\" content=\"fr_FR\" \/>\n<meta property=\"og:type\" content=\"article\" \/>\n<meta property=\"og:title\" content=\"Sac de transport Ryan Trixie - V\u00e9torino\" \/>\n<meta property=\"og:description\" content=\"Ce sac de transport pratique Trixie Friends on Tour Ryan convient aussi bien \u00e0 un chat qu&#039;\u00e0 un petit chien. Il est id\u00e9al pour le transport chez le v\u00e9t\u00e9rinaire ou lors de courts voyages en voiture, en bus ou en train.\" \/>\n<meta property=\"og:url\" content=\"https:\/\/www.vetorino.com\/veterinaire\/confolens-16500\/boutique\/product\/sac-de-transport-trixie-ryan\/\" \/>\n<meta property=\"og:site_name\" content=\"V\u00e9torino\" \/>\n<meta property=\"article:publisher\" content=\"https:\/\/www.facebook.com\/Vetorino\/\" \/>\n<meta property=\"article:modified_time\" content=\"2026-04-03T01:57:44+00:00\" \/>\n<meta property=\"og:image\" content=\"https:\/\/www.vetorino.com\/boutique\/wp-content\/uploads\/2023\/01\/12920_PLA_Trixie_Nylon_Tragetasche___schwarz_1.jpg\" \/>\n\t<meta property=\"og:image:width\" content=\"800\" \/>\n\t<meta property=\"og:image:height\" content=\"800\" \/>\n\t<meta property=\"og:image:type\" content=\"image\/jpeg\" \/>\n<meta name=\"twitter:card\" content=\"summary_large_image\" \/>\n<meta name=\"twitter:label1\" content=\"Disponibilit\u00e9\" \/>\n\t<meta name=\"twitter:data1\" content=\"En stock\" \/>\n<script type=\"application\/ld+json\" class=\"yoast-schema-graph\">{\"@context\":\"https:\\\/\\\/schema.org\",\"@graph\":[{\"@type\":\"WebPage\",\"@id\":\"https:\\\/\\\/www.vetorino.com\\\/veterinaire\\\/evry-91000\\\/boutique\\\/product\\\/sac-de-transport-trixie-ryan\\\/\",\"url\":\"https:\\\/\\\/www.vetorino.com\\\/veterinaire\\\/evry-91000\\\/boutique\\\/product\\\/sac-de-transport-trixie-ryan\\\/\",\"name\":\"Sac de transport Ryan Trixie - V\u00e9torino\",\"isPartOf\":{\"@id\":\"https:\\\/\\\/www.vetorino.com\\\/boutique\\\/#website\"},\"primaryImageOfPage\":{\"@id\":\"https:\\\/\\\/www.vetorino.com\\\/veterinaire\\\/evry-91000\\\/boutique\\\/product\\\/sac-de-transport-trixie-ryan\\\/#primaryimage\"},\"image\":{\"@id\":\"https:\\\/\\\/www.vetorino.com\\\/veterinaire\\\/evry-91000\\\/boutique\\\/product\\\/sac-de-transport-trixie-ryan\\\/#primaryimage\"},\"thumbnailUrl\":\"https:\\\/\\\/www.vetorino.com\\\/boutique\\\/wp-content\\\/uploads\\\/2023\\\/01\\\/12920_PLA_Trixie_Nylon_Tragetasche___schwarz_1.jpg\",\"datePublished\":\"2023-01-31T14:14:55+00:00\",\"dateModified\":\"2026-04-03T01:57:44+00:00\",\"description\":\"Ce sac de transport pratique Trixie Friends on Tour Ryan convient aussi bien \u00e0 un chat qu'\u00e0 un petit chien. Il est id\u00e9al pour le transport chez le v\u00e9t\u00e9rinaire ou lors de courts voyages en voiture, en bus ou en train.\",\"breadcrumb\":{\"@id\":\"https:\\\/\\\/www.vetorino.com\\\/veterinaire\\\/evry-91000\\\/boutique\\\/product\\\/sac-de-transport-trixie-ryan\\\/#breadcrumb\"},\"inLanguage\":\"fr-FR\",\"potentialAction\":[{\"@type\":\"ReadAction\",\"target\":[\"https:\\\/\\\/www.vetorino.com\\\/veterinaire\\\/evry-91000\\\/boutique\\\/product\\\/sac-de-transport-trixie-ryan\\\/\"]}]},{\"@type\":\"ImageObject\",\"inLanguage\":\"fr-FR\",\"@id\":\"https:\\\/\\\/www.vetorino.com\\\/veterinaire\\\/evry-91000\\\/boutique\\\/product\\\/sac-de-transport-trixie-ryan\\\/#primaryimage\",\"url\":\"https:\\\/\\\/www.vetorino.com\\\/boutique\\\/wp-content\\\/uploads\\\/2023\\\/01\\\/12920_PLA_Trixie_Nylon_Tragetasche___schwarz_1.jpg\",\"contentUrl\":\"https:\\\/\\\/www.vetorino.com\\\/boutique\\\/wp-content\\\/uploads\\\/2023\\\/01\\\/12920_PLA_Trixie_Nylon_Tragetasche___schwarz_1.jpg\",\"width\":800,\"height\":800},{\"@type\":\"BreadcrumbList\",\"@id\":\"https:\\\/\\\/www.vetorino.com\\\/veterinaire\\\/evry-91000\\\/boutique\\\/product\\\/sac-de-transport-trixie-ryan\\\/#breadcrumb\",\"itemListElement\":[{\"@type\":\"ListItem\",\"position\":1,\"name\":\"Accueil\",\"item\":\"https:\\\/\\\/www.vetorino.com\\\/boutique\\\/\"},{\"@type\":\"ListItem\",\"position\":2,\"name\":\"Produits\",\"item\":\"https:\\\/\\\/www.vetorino.com\\\/boutique\\\/\"},{\"@type\":\"ListItem\",\"position\":3,\"name\":\"Sac de transport Ryan\"}]},{\"@type\":\"WebSite\",\"@id\":\"https:\\\/\\\/www.vetorino.com\\\/boutique\\\/#website\",\"url\":\"https:\\\/\\\/www.vetorino.com\\\/boutique\\\/\",\"name\":\"V\u00e9torino\",\"description\":\"\",\"publisher\":{\"@id\":\"https:\\\/\\\/www.vetorino.com\\\/boutique\\\/#organization\"},\"potentialAction\":[{\"@type\":\"SearchAction\",\"target\":{\"@type\":\"EntryPoint\",\"urlTemplate\":\"https:\\\/\\\/www.vetorino.com\\\/boutique\\\/?s={search_term_string}\"},\"query-input\":{\"@type\":\"PropertyValueSpecification\",\"valueRequired\":true,\"valueName\":\"search_term_string\"}}],\"inLanguage\":\"fr-FR\"},{\"@type\":\"Organization\",\"@id\":\"https:\\\/\\\/www.vetorino.com\\\/boutique\\\/#organization\",\"name\":\"V\u00e9torino\",\"url\":\"https:\\\/\\\/www.vetorino.com\\\/boutique\\\/\",\"logo\":{\"@type\":\"ImageObject\",\"inLanguage\":\"fr-FR\",\"@id\":\"https:\\\/\\\/www.vetorino.com\\\/boutique\\\/#\\\/schema\\\/logo\\\/image\\\/\",\"url\":\"https:\\\/\\\/www.vetorino.com\\\/boutique\\\/wp-content\\\/uploads\\\/2024\\\/10\\\/logo.jpg\",\"contentUrl\":\"https:\\\/\\\/www.vetorino.com\\\/boutique\\\/wp-content\\\/uploads\\\/2024\\\/10\\\/logo.jpg\",\"width\":1200,\"height\":610,\"caption\":\"V\u00e9torino\"},\"image\":{\"@id\":\"https:\\\/\\\/www.vetorino.com\\\/boutique\\\/#\\\/schema\\\/logo\\\/image\\\/\"},\"sameAs\":[\"https:\\\/\\\/www.facebook.com\\\/Vetorino\\\/\",\"https:\\\/\\\/www.instagram.com\\\/vetorino_off\\\/\",\"https:\\\/\\\/www.linkedin.com\\\/company\\\/vtorino\\\/\"]}]}<\/script>\n<meta property=\"product:brand\" content=\"Trixie\" \/>\n<meta property=\"og:availability\" content=\"instock\" \/>\n<meta property=\"product:availability\" content=\"instock\" \/>\n<meta property=\"product:condition\" content=\"new\" \/>\n<!-- \/ Yoast SEO plugin. -->","yoast_head_json":{"title":"Sac de transport Ryan Trixie - V\u00e9torino","description":"Ce sac de transport pratique Trixie Friends on Tour Ryan convient aussi bien \u00e0 un chat qu'\u00e0 un petit chien. Il est id\u00e9al pour le transport chez le v\u00e9t\u00e9rinaire ou lors de courts voyages en voiture, en bus ou en train.","robots":{"index":"noindex","follow":"nofollow"},"og_locale":"fr_FR","og_type":"article","og_title":"Sac de transport Ryan Trixie - V\u00e9torino","og_description":"Ce sac de transport pratique Trixie Friends on Tour Ryan convient aussi bien \u00e0 un chat qu'\u00e0 un petit chien. Il est id\u00e9al pour le transport chez le v\u00e9t\u00e9rinaire ou lors de courts voyages en voiture, en bus ou en train.","og_url":"https:\/\/www.vetorino.com\/veterinaire\/confolens-16500\/boutique\/product\/sac-de-transport-trixie-ryan\/","og_site_name":"V\u00e9torino","article_publisher":"https:\/\/www.facebook.com\/Vetorino\/","article_modified_time":"2026-04-03T01:57:44+00:00","og_image":[{"width":800,"height":800,"url":"https:\/\/www.vetorino.com\/boutique\/wp-content\/uploads\/2023\/01\/12920_PLA_Trixie_Nylon_Tragetasche___schwarz_1.jpg","type":"image\/jpeg"}],"twitter_card":"summary_large_image","twitter_misc":{"Disponibilit\u00e9":"En stock"},"schema":{"@context":"https:\/\/schema.org","@graph":[{"@type":"WebPage","@id":"https:\/\/www.vetorino.com\/veterinaire\/evry-91000\/boutique\/product\/sac-de-transport-trixie-ryan\/","url":"https:\/\/www.vetorino.com\/veterinaire\/evry-91000\/boutique\/product\/sac-de-transport-trixie-ryan\/","name":"Sac de transport Ryan Trixie - V\u00e9torino","isPartOf":{"@id":"https:\/\/www.vetorino.com\/boutique\/#website"},"primaryImageOfPage":{"@id":"https:\/\/www.vetorino.com\/veterinaire\/evry-91000\/boutique\/product\/sac-de-transport-trixie-ryan\/#primaryimage"},"image":{"@id":"https:\/\/www.vetorino.com\/veterinaire\/evry-91000\/boutique\/product\/sac-de-transport-trixie-ryan\/#primaryimage"},"thumbnailUrl":"https:\/\/www.vetorino.com\/boutique\/wp-content\/uploads\/2023\/01\/12920_PLA_Trixie_Nylon_Tragetasche___schwarz_1.jpg","datePublished":"2023-01-31T14:14:55+00:00","dateModified":"2026-04-03T01:57:44+00:00","description":"Ce sac de transport pratique Trixie Friends on Tour Ryan convient aussi bien \u00e0 un chat qu'\u00e0 un petit chien. Il est id\u00e9al pour le transport chez le v\u00e9t\u00e9rinaire ou lors de courts voyages en voiture, en bus ou en train.","breadcrumb":{"@id":"https:\/\/www.vetorino.com\/veterinaire\/evry-91000\/boutique\/product\/sac-de-transport-trixie-ryan\/#breadcrumb"},"inLanguage":"fr-FR","potentialAction":[{"@type":"ReadAction","target":["https:\/\/www.vetorino.com\/veterinaire\/evry-91000\/boutique\/product\/sac-de-transport-trixie-ryan\/"]}]},{"@type":"ImageObject","inLanguage":"fr-FR","@id":"https:\/\/www.vetorino.com\/veterinaire\/evry-91000\/boutique\/product\/sac-de-transport-trixie-ryan\/#primaryimage","url":"https:\/\/www.vetorino.com\/boutique\/wp-content\/uploads\/2023\/01\/12920_PLA_Trixie_Nylon_Tragetasche___schwarz_1.jpg","contentUrl":"https:\/\/www.vetorino.com\/boutique\/wp-content\/uploads\/2023\/01\/12920_PLA_Trixie_Nylon_Tragetasche___schwarz_1.jpg","width":800,"height":800},{"@type":"BreadcrumbList","@id":"https:\/\/www.vetorino.com\/veterinaire\/evry-91000\/boutique\/product\/sac-de-transport-trixie-ryan\/#breadcrumb","itemListElement":[{"@type":"ListItem","position":1,"name":"Accueil","item":"https:\/\/www.vetorino.com\/boutique\/"},{"@type":"ListItem","position":2,"name":"Produits","item":"https:\/\/www.vetorino.com\/boutique\/"},{"@type":"ListItem","position":3,"name":"Sac de transport Ryan"}]},{"@type":"WebSite","@id":"https:\/\/www.vetorino.com\/boutique\/#website","url":"https:\/\/www.vetorino.com\/boutique\/","name":"V\u00e9torino","description":"","publisher":{"@id":"https:\/\/www.vetorino.com\/boutique\/#organization"},"potentialAction":[{"@type":"SearchAction","target":{"@type":"EntryPoint","urlTemplate":"https:\/\/www.vetorino.com\/boutique\/?s={search_term_string}"},"query-input":{"@type":"PropertyValueSpecification","valueRequired":true,"valueName":"search_term_string"}}],"inLanguage":"fr-FR"},{"@type":"Organization","@id":"https:\/\/www.vetorino.com\/boutique\/#organization","name":"V\u00e9torino","url":"https:\/\/www.vetorino.com\/boutique\/","logo":{"@type":"ImageObject","inLanguage":"fr-FR","@id":"https:\/\/www.vetorino.com\/boutique\/#\/schema\/logo\/image\/","url":"https:\/\/www.vetorino.com\/boutique\/wp-content\/uploads\/2024\/10\/logo.jpg","contentUrl":"https:\/\/www.vetorino.com\/boutique\/wp-content\/uploads\/2024\/10\/logo.jpg","width":1200,"height":610,"caption":"V\u00e9torino"},"image":{"@id":"https:\/\/www.vetorino.com\/boutique\/#\/schema\/logo\/image\/"},"sameAs":["https:\/\/www.facebook.com\/Vetorino\/","https:\/\/www.instagram.com\/vetorino_off\/","https:\/\/www.linkedin.com\/company\/vtorino\/"]}]},"product_brand":"Trixie","og_availability":"instock","product_availability":"instock","product_condition":"new"},"_links":{"self":[{"href":"https:\/\/www.vetorino.com\/veterinaire\/confolens-16500\/boutique\/wp-json\/wp\/v2\/product\/549947","targetHints":{"allow":["GET"]}}],"collection":[{"href":"https:\/\/www.vetorino.com\/veterinaire\/confolens-16500\/boutique\/wp-json\/wp\/v2\/product"}],"about":[{"href":"https:\/\/www.vetorino.com\/veterinaire\/confolens-16500\/boutique\/wp-json\/wp\/v2\/types\/product"}],"wp:featuredmedia":[{"embeddable":true,"href":"https:\/\/www.vetorino.com\/veterinaire\/confolens-16500\/boutique\/wp-json\/wp\/v2\/media\/915315"}],"wp:attachment":[{"href":"https:\/\/www.vetorino.com\/veterinaire\/confolens-16500\/boutique\/wp-json\/wp\/v2\/media?parent=549947"}],"wp:term":[{"taxonomy":"product_cat","embeddable":true,"href":"https:\/\/www.vetorino.com\/veterinaire\/confolens-16500\/boutique\/wp-json\/wp\/v2\/product_cat?post=549947"},{"taxonomy":"product_tag","embeddable":true,"href":"https:\/\/www.vetorino.com\/veterinaire\/confolens-16500\/boutique\/wp-json\/wp\/v2\/product_tag?post=549947"}],"curies":[{"name":"wp","href":"https:\/\/api.w.org\/{rel}","templated":true}]}}