{"id":550583,"date":"2023-02-01T16:58:55","date_gmt":"2023-02-01T15:58:55","guid":{"rendered":"https:\/\/www.vetorino.com\/boutique\/product\/cage-metal-trixie-home-kennel-pliante-avec-bac\/"},"modified":"2026-04-03T02:42:10","modified_gmt":"2026-04-03T00:42:10","slug":"cage-metal-trixie-home-kennel-pliante-avec-bac","status":"publish","type":"product","link":"https:\/\/www.vetorino.com\/veterinaire\/confolens-16500\/boutique\/product\/cage-metal-trixie-home-kennel-pliante-avec-bac\/","title":{"rendered":"Cage de Transport Home Kennel"},"content":{"rendered":"<p>Cage de transport Kennel, <strong>solide et stable<\/strong>, elle est fabriqu\u00e9e en m\u00e9tal zingu\u00e9 tr\u00e8s r\u00e9sistant. Les parois grillag\u00e9es permettront \u00e0 votre animal d&#8217;avoir toujours un \u0153il sur son environnement et de garder un contact avec vous.<\/p>\n<p>Cette cage de transport est \u00e9quip\u00e9e d\u2019un bac en plastique que vous pourrez facilement nettoyer. Elle poss\u00e8de \u00e9galement deux portes qui s&#8217;ouvrent vers l&#8217;avant ou vers le c\u00f4t\u00e9 et facilitent son acc\u00e8s.<\/p>\n<ul>\n<li>2 portes, avant et lat\u00e9rale<\/li>\n<li>Portes avec 2 fermetures de s\u00e9curit\u00e9 chacune<\/li>\n<li>Pliable<\/li>\n<li>Bac en plastique (ABS)<\/li>\n<li>Mat\u00e9riau galvanis\u00e9<\/li>\n<\/ul>\n","protected":false},"excerpt":{"rendered":"<p>Cage de transport Kennel, <strong>solide et stable<\/strong>, elle est fabriqu\u00e9e en m\u00e9tal zingu\u00e9 tr\u00e8s r\u00e9sistant. Les parois grillag\u00e9es permettront \u00e0 votre animal d&#8217;avoir toujours un \u0153il sur son environnement et de garder un contact avec vous.<\/p>\n","protected":false},"featured_media":914952,"template":"","meta":[],"product_cat":[12550,2776,2698],"product_tag":[],"class_list":{"0":"post-550583","1":"product","2":"type-product","3":"status-publish","4":"has-post-thumbnail","6":"product_cat-accessoires-du-chien","7":"product_cat-cages-et-transport-pour-chien","8":"product_cat-chien","9":"pa_marque-trixie","11":"first","12":"instock","13":"taxable","14":"shipping-taxable","15":"purchasable","16":"product-type-variable"},"yoast_head":"<!-- This site is optimized with the Yoast SEO plugin v27.3 - https:\/\/yoast.com\/product\/yoast-seo-wordpress\/ -->\n<title>Cage de Transport Home Kennel Trixie - V\u00e9torino<\/title>\n<meta name=\"description\" content=\"Cage de transport Kennel, solide et stable, elle est fabriqu\u00e9e en m\u00e9tal zingu\u00e9 tr\u00e8s r\u00e9sistant. Les parois grillag\u00e9es permettront \u00e0 votre animal d&#039;avoir toujours un \u0153il sur son environnement et de garder un contact avec vous.\" \/>\n<meta name=\"robots\" content=\"noindex, nofollow\" \/>\n<meta property=\"og:locale\" content=\"fr_FR\" \/>\n<meta property=\"og:type\" content=\"article\" \/>\n<meta property=\"og:title\" content=\"Cage de Transport Home Kennel Trixie - V\u00e9torino\" \/>\n<meta property=\"og:description\" content=\"Cage de transport Kennel, solide et stable, elle est fabriqu\u00e9e en m\u00e9tal zingu\u00e9 tr\u00e8s r\u00e9sistant. Les parois grillag\u00e9es permettront \u00e0 votre animal d&#039;avoir toujours un \u0153il sur son environnement et de garder un contact avec vous.\" \/>\n<meta property=\"og:url\" content=\"https:\/\/www.vetorino.com\/veterinaire\/confolens-16500\/boutique\/product\/cage-metal-trixie-home-kennel-pliante-avec-bac\/\" \/>\n<meta property=\"og:site_name\" content=\"V\u00e9torino\" \/>\n<meta property=\"article:publisher\" content=\"https:\/\/www.facebook.com\/Vetorino\/\" \/>\n<meta property=\"article:modified_time\" content=\"2026-04-03T00:42:10+00:00\" \/>\n<meta property=\"og:image\" content=\"https:\/\/www.vetorino.com\/boutique\/wp-content\/uploads\/2023\/02\/65493.jpg\" \/>\n\t<meta property=\"og:image:width\" content=\"780\" \/>\n\t<meta property=\"og:image:height\" content=\"690\" \/>\n\t<meta property=\"og:image:type\" content=\"image\/jpeg\" \/>\n<meta name=\"twitter:card\" content=\"summary_large_image\" \/>\n<meta name=\"twitter:label1\" content=\"Disponibilit\u00e9\" \/>\n\t<meta name=\"twitter:data1\" content=\"En stock\" \/>\n<script type=\"application\/ld+json\" class=\"yoast-schema-graph\">{\"@context\":\"https:\\\/\\\/schema.org\",\"@graph\":[{\"@type\":\"WebPage\",\"@id\":\"https:\\\/\\\/www.vetorino.com\\\/veterinaire\\\/evry-91000\\\/boutique\\\/product\\\/cage-metal-trixie-home-kennel-pliante-avec-bac\\\/\",\"url\":\"https:\\\/\\\/www.vetorino.com\\\/veterinaire\\\/evry-91000\\\/boutique\\\/product\\\/cage-metal-trixie-home-kennel-pliante-avec-bac\\\/\",\"name\":\"Cage de Transport Home Kennel Trixie - V\u00e9torino\",\"isPartOf\":{\"@id\":\"https:\\\/\\\/www.vetorino.com\\\/boutique\\\/#website\"},\"primaryImageOfPage\":{\"@id\":\"https:\\\/\\\/www.vetorino.com\\\/veterinaire\\\/evry-91000\\\/boutique\\\/product\\\/cage-metal-trixie-home-kennel-pliante-avec-bac\\\/#primaryimage\"},\"image\":{\"@id\":\"https:\\\/\\\/www.vetorino.com\\\/veterinaire\\\/evry-91000\\\/boutique\\\/product\\\/cage-metal-trixie-home-kennel-pliante-avec-bac\\\/#primaryimage\"},\"thumbnailUrl\":\"https:\\\/\\\/www.vetorino.com\\\/boutique\\\/wp-content\\\/uploads\\\/2023\\\/02\\\/65493.jpg\",\"datePublished\":\"2023-02-01T15:58:55+00:00\",\"dateModified\":\"2026-04-03T00:42:10+00:00\",\"description\":\"Cage de transport Kennel, solide et stable, elle est fabriqu\u00e9e en m\u00e9tal zingu\u00e9 tr\u00e8s r\u00e9sistant. Les parois grillag\u00e9es permettront \u00e0 votre animal d'avoir toujours un \u0153il sur son environnement et de garder un contact avec vous.\",\"breadcrumb\":{\"@id\":\"https:\\\/\\\/www.vetorino.com\\\/veterinaire\\\/evry-91000\\\/boutique\\\/product\\\/cage-metal-trixie-home-kennel-pliante-avec-bac\\\/#breadcrumb\"},\"inLanguage\":\"fr-FR\",\"potentialAction\":[{\"@type\":\"ReadAction\",\"target\":[\"https:\\\/\\\/www.vetorino.com\\\/veterinaire\\\/evry-91000\\\/boutique\\\/product\\\/cage-metal-trixie-home-kennel-pliante-avec-bac\\\/\"]}]},{\"@type\":\"ImageObject\",\"inLanguage\":\"fr-FR\",\"@id\":\"https:\\\/\\\/www.vetorino.com\\\/veterinaire\\\/evry-91000\\\/boutique\\\/product\\\/cage-metal-trixie-home-kennel-pliante-avec-bac\\\/#primaryimage\",\"url\":\"https:\\\/\\\/www.vetorino.com\\\/boutique\\\/wp-content\\\/uploads\\\/2023\\\/02\\\/65493.jpg\",\"contentUrl\":\"https:\\\/\\\/www.vetorino.com\\\/boutique\\\/wp-content\\\/uploads\\\/2023\\\/02\\\/65493.jpg\",\"width\":780,\"height\":690},{\"@type\":\"BreadcrumbList\",\"@id\":\"https:\\\/\\\/www.vetorino.com\\\/veterinaire\\\/evry-91000\\\/boutique\\\/product\\\/cage-metal-trixie-home-kennel-pliante-avec-bac\\\/#breadcrumb\",\"itemListElement\":[{\"@type\":\"ListItem\",\"position\":1,\"name\":\"Accueil\",\"item\":\"https:\\\/\\\/www.vetorino.com\\\/boutique\\\/\"},{\"@type\":\"ListItem\",\"position\":2,\"name\":\"Produits\",\"item\":\"https:\\\/\\\/www.vetorino.com\\\/boutique\\\/\"},{\"@type\":\"ListItem\",\"position\":3,\"name\":\"Cage de Transport Home Kennel\"}]},{\"@type\":\"WebSite\",\"@id\":\"https:\\\/\\\/www.vetorino.com\\\/boutique\\\/#website\",\"url\":\"https:\\\/\\\/www.vetorino.com\\\/boutique\\\/\",\"name\":\"V\u00e9torino\",\"description\":\"\",\"publisher\":{\"@id\":\"https:\\\/\\\/www.vetorino.com\\\/boutique\\\/#organization\"},\"potentialAction\":[{\"@type\":\"SearchAction\",\"target\":{\"@type\":\"EntryPoint\",\"urlTemplate\":\"https:\\\/\\\/www.vetorino.com\\\/boutique\\\/?s={search_term_string}\"},\"query-input\":{\"@type\":\"PropertyValueSpecification\",\"valueRequired\":true,\"valueName\":\"search_term_string\"}}],\"inLanguage\":\"fr-FR\"},{\"@type\":\"Organization\",\"@id\":\"https:\\\/\\\/www.vetorino.com\\\/boutique\\\/#organization\",\"name\":\"V\u00e9torino\",\"url\":\"https:\\\/\\\/www.vetorino.com\\\/boutique\\\/\",\"logo\":{\"@type\":\"ImageObject\",\"inLanguage\":\"fr-FR\",\"@id\":\"https:\\\/\\\/www.vetorino.com\\\/boutique\\\/#\\\/schema\\\/logo\\\/image\\\/\",\"url\":\"https:\\\/\\\/www.vetorino.com\\\/boutique\\\/wp-content\\\/uploads\\\/2024\\\/10\\\/logo.jpg\",\"contentUrl\":\"https:\\\/\\\/www.vetorino.com\\\/boutique\\\/wp-content\\\/uploads\\\/2024\\\/10\\\/logo.jpg\",\"width\":1200,\"height\":610,\"caption\":\"V\u00e9torino\"},\"image\":{\"@id\":\"https:\\\/\\\/www.vetorino.com\\\/boutique\\\/#\\\/schema\\\/logo\\\/image\\\/\"},\"sameAs\":[\"https:\\\/\\\/www.facebook.com\\\/Vetorino\\\/\",\"https:\\\/\\\/www.instagram.com\\\/vetorino_off\\\/\",\"https:\\\/\\\/www.linkedin.com\\\/company\\\/vtorino\\\/\"]}]}<\/script>\n<meta property=\"product:brand\" content=\"Trixie\" \/>\n<meta property=\"og:availability\" content=\"instock\" \/>\n<meta property=\"product:availability\" content=\"instock\" \/>\n<meta property=\"product:condition\" content=\"new\" \/>\n<!-- \/ Yoast SEO plugin. -->","yoast_head_json":{"title":"Cage de Transport Home Kennel Trixie - V\u00e9torino","description":"Cage de transport Kennel, solide et stable, elle est fabriqu\u00e9e en m\u00e9tal zingu\u00e9 tr\u00e8s r\u00e9sistant. Les parois grillag\u00e9es permettront \u00e0 votre animal d'avoir toujours un \u0153il sur son environnement et de garder un contact avec vous.","robots":{"index":"noindex","follow":"nofollow"},"og_locale":"fr_FR","og_type":"article","og_title":"Cage de Transport Home Kennel Trixie - V\u00e9torino","og_description":"Cage de transport Kennel, solide et stable, elle est fabriqu\u00e9e en m\u00e9tal zingu\u00e9 tr\u00e8s r\u00e9sistant. Les parois grillag\u00e9es permettront \u00e0 votre animal d'avoir toujours un \u0153il sur son environnement et de garder un contact avec vous.","og_url":"https:\/\/www.vetorino.com\/veterinaire\/confolens-16500\/boutique\/product\/cage-metal-trixie-home-kennel-pliante-avec-bac\/","og_site_name":"V\u00e9torino","article_publisher":"https:\/\/www.facebook.com\/Vetorino\/","article_modified_time":"2026-04-03T00:42:10+00:00","og_image":[{"width":780,"height":690,"url":"https:\/\/www.vetorino.com\/boutique\/wp-content\/uploads\/2023\/02\/65493.jpg","type":"image\/jpeg"}],"twitter_card":"summary_large_image","twitter_misc":{"Disponibilit\u00e9":"En stock"},"schema":{"@context":"https:\/\/schema.org","@graph":[{"@type":"WebPage","@id":"https:\/\/www.vetorino.com\/veterinaire\/evry-91000\/boutique\/product\/cage-metal-trixie-home-kennel-pliante-avec-bac\/","url":"https:\/\/www.vetorino.com\/veterinaire\/evry-91000\/boutique\/product\/cage-metal-trixie-home-kennel-pliante-avec-bac\/","name":"Cage de Transport Home Kennel Trixie - V\u00e9torino","isPartOf":{"@id":"https:\/\/www.vetorino.com\/boutique\/#website"},"primaryImageOfPage":{"@id":"https:\/\/www.vetorino.com\/veterinaire\/evry-91000\/boutique\/product\/cage-metal-trixie-home-kennel-pliante-avec-bac\/#primaryimage"},"image":{"@id":"https:\/\/www.vetorino.com\/veterinaire\/evry-91000\/boutique\/product\/cage-metal-trixie-home-kennel-pliante-avec-bac\/#primaryimage"},"thumbnailUrl":"https:\/\/www.vetorino.com\/boutique\/wp-content\/uploads\/2023\/02\/65493.jpg","datePublished":"2023-02-01T15:58:55+00:00","dateModified":"2026-04-03T00:42:10+00:00","description":"Cage de transport Kennel, solide et stable, elle est fabriqu\u00e9e en m\u00e9tal zingu\u00e9 tr\u00e8s r\u00e9sistant. Les parois grillag\u00e9es permettront \u00e0 votre animal d'avoir toujours un \u0153il sur son environnement et de garder un contact avec vous.","breadcrumb":{"@id":"https:\/\/www.vetorino.com\/veterinaire\/evry-91000\/boutique\/product\/cage-metal-trixie-home-kennel-pliante-avec-bac\/#breadcrumb"},"inLanguage":"fr-FR","potentialAction":[{"@type":"ReadAction","target":["https:\/\/www.vetorino.com\/veterinaire\/evry-91000\/boutique\/product\/cage-metal-trixie-home-kennel-pliante-avec-bac\/"]}]},{"@type":"ImageObject","inLanguage":"fr-FR","@id":"https:\/\/www.vetorino.com\/veterinaire\/evry-91000\/boutique\/product\/cage-metal-trixie-home-kennel-pliante-avec-bac\/#primaryimage","url":"https:\/\/www.vetorino.com\/boutique\/wp-content\/uploads\/2023\/02\/65493.jpg","contentUrl":"https:\/\/www.vetorino.com\/boutique\/wp-content\/uploads\/2023\/02\/65493.jpg","width":780,"height":690},{"@type":"BreadcrumbList","@id":"https:\/\/www.vetorino.com\/veterinaire\/evry-91000\/boutique\/product\/cage-metal-trixie-home-kennel-pliante-avec-bac\/#breadcrumb","itemListElement":[{"@type":"ListItem","position":1,"name":"Accueil","item":"https:\/\/www.vetorino.com\/boutique\/"},{"@type":"ListItem","position":2,"name":"Produits","item":"https:\/\/www.vetorino.com\/boutique\/"},{"@type":"ListItem","position":3,"name":"Cage de Transport Home Kennel"}]},{"@type":"WebSite","@id":"https:\/\/www.vetorino.com\/boutique\/#website","url":"https:\/\/www.vetorino.com\/boutique\/","name":"V\u00e9torino","description":"","publisher":{"@id":"https:\/\/www.vetorino.com\/boutique\/#organization"},"potentialAction":[{"@type":"SearchAction","target":{"@type":"EntryPoint","urlTemplate":"https:\/\/www.vetorino.com\/boutique\/?s={search_term_string}"},"query-input":{"@type":"PropertyValueSpecification","valueRequired":true,"valueName":"search_term_string"}}],"inLanguage":"fr-FR"},{"@type":"Organization","@id":"https:\/\/www.vetorino.com\/boutique\/#organization","name":"V\u00e9torino","url":"https:\/\/www.vetorino.com\/boutique\/","logo":{"@type":"ImageObject","inLanguage":"fr-FR","@id":"https:\/\/www.vetorino.com\/boutique\/#\/schema\/logo\/image\/","url":"https:\/\/www.vetorino.com\/boutique\/wp-content\/uploads\/2024\/10\/logo.jpg","contentUrl":"https:\/\/www.vetorino.com\/boutique\/wp-content\/uploads\/2024\/10\/logo.jpg","width":1200,"height":610,"caption":"V\u00e9torino"},"image":{"@id":"https:\/\/www.vetorino.com\/boutique\/#\/schema\/logo\/image\/"},"sameAs":["https:\/\/www.facebook.com\/Vetorino\/","https:\/\/www.instagram.com\/vetorino_off\/","https:\/\/www.linkedin.com\/company\/vtorino\/"]}]},"product_brand":"Trixie","og_availability":"instock","product_availability":"instock","product_condition":"new"},"_links":{"self":[{"href":"https:\/\/www.vetorino.com\/veterinaire\/confolens-16500\/boutique\/wp-json\/wp\/v2\/product\/550583","targetHints":{"allow":["GET"]}}],"collection":[{"href":"https:\/\/www.vetorino.com\/veterinaire\/confolens-16500\/boutique\/wp-json\/wp\/v2\/product"}],"about":[{"href":"https:\/\/www.vetorino.com\/veterinaire\/confolens-16500\/boutique\/wp-json\/wp\/v2\/types\/product"}],"wp:featuredmedia":[{"embeddable":true,"href":"https:\/\/www.vetorino.com\/veterinaire\/confolens-16500\/boutique\/wp-json\/wp\/v2\/media\/914952"}],"wp:attachment":[{"href":"https:\/\/www.vetorino.com\/veterinaire\/confolens-16500\/boutique\/wp-json\/wp\/v2\/media?parent=550583"}],"wp:term":[{"taxonomy":"product_cat","embeddable":true,"href":"https:\/\/www.vetorino.com\/veterinaire\/confolens-16500\/boutique\/wp-json\/wp\/v2\/product_cat?post=550583"},{"taxonomy":"product_tag","embeddable":true,"href":"https:\/\/www.vetorino.com\/veterinaire\/confolens-16500\/boutique\/wp-json\/wp\/v2\/product_tag?post=550583"}],"curies":[{"name":"wp","href":"https:\/\/api.w.org\/{rel}","templated":true}]}}