{"id":550603,"date":"2023-02-01T17:06:22","date_gmt":"2023-02-01T16:06:22","guid":{"rendered":"https:\/\/www.vetorino.com\/boutique\/product\/gamelle-anti-glouton-trixie-slow-feed-2\/"},"modified":"2026-03-22T19:42:55","modified_gmt":"2026-03-22T18:42:55","slug":"gamelle-anti-glouton-trixie-slow-feed-2","status":"publish","type":"product","link":"https:\/\/www.vetorino.com\/veterinaire\/confolens-16500\/boutique\/product\/gamelle-anti-glouton-trixie-slow-feed-2\/","title":{"rendered":"Gamelle Slow Feed &#8211; chien"},"content":{"rendered":"<p>Gamelle sp\u00e9cialement con\u00e7ue <strong>pour ralentir la vitesse d&#8217;alimentation des chiens. <\/strong><\/p>\n<p>Cette gamelle est con\u00e7ue pour aider les chiens qui ont tendance \u00e0 manger trop rapidement, ce qui <strong>peut entra\u00eener des probl\u00e8mes digestifs tels que les vomissements, les ballonnements et la r\u00e9gurgitation.<\/strong><\/p>\n<p>Gamelle \u00e9quip\u00e9e d&#8217;un anneau antid\u00e9rapant en caoutchouc et<strong> lavable au lave vaisselle.<\/strong><\/p>\n","protected":false},"excerpt":{"rendered":"<p>Gamelle sp\u00e9cialement con\u00e7ue <strong>pour ralentir la vitesse d&#8217;alimentation des chiens. <\/strong><\/p>\n<p>Cette gamelle est con\u00e7ue pour aider les chiens qui ont tendance \u00e0 manger trop rapidement, ce qui <strong>peut entra\u00eener des probl\u00e8mes digestifs tels que les vomissements, les ballonnements et la r\u00e9gurgitation.<\/strong><\/p>\n<p>Gamelle \u00e9quip\u00e9e d&#8217;un anneau antid\u00e9rapant en caoutchouc et<strong> lavable au lave vaisselle.<\/strong><\/p>\n","protected":false},"featured_media":619319,"template":"","meta":[],"product_cat":[12550,2698,12607],"product_tag":[],"class_list":{"0":"post-550603","1":"product","2":"type-product","3":"status-publish","4":"has-post-thumbnail","6":"product_cat-accessoires-du-chien","7":"product_cat-chien","8":"product_cat-gamelles-pour-chien","9":"pa_marque-trixie","11":"first","12":"instock","13":"taxable","14":"shipping-taxable","15":"purchasable","16":"product-type-variable"},"yoast_head":"<!-- This site is optimized with the Yoast SEO plugin v27.3 - https:\/\/yoast.com\/product\/yoast-seo-wordpress\/ -->\n<title>Gamelle Slow Feed - chien Trixie - V\u00e9torino<\/title>\n<meta name=\"description\" content=\"Gamelle sp\u00e9cialement con\u00e7ue pour ralentir la vitesse d&#039;alimentation des chiens.   Cette gamelle est con\u00e7ue pour aider les chiens qui ont tendance \u00e0 manger trop rapidement, ce qui peut entra\u00eener des probl\u00e8mes digestifs tels que les vomissements, les ballonnements et la r\u00e9gurgitation.  Gamelle \u00e9quip\u00e9e d&#039;un anneau antid\u00e9rapant en caoutchouc et lavable au lave vaisselle.\" \/>\n<meta name=\"robots\" content=\"noindex, nofollow\" \/>\n<meta property=\"og:locale\" content=\"fr_FR\" \/>\n<meta property=\"og:type\" content=\"article\" \/>\n<meta property=\"og:title\" content=\"Gamelle Slow Feed - chien Trixie - V\u00e9torino\" \/>\n<meta property=\"og:description\" content=\"Gamelle sp\u00e9cialement con\u00e7ue pour ralentir la vitesse d&#039;alimentation des chiens.   Cette gamelle est con\u00e7ue pour aider les chiens qui ont tendance \u00e0 manger trop rapidement, ce qui peut entra\u00eener des probl\u00e8mes digestifs tels que les vomissements, les ballonnements et la r\u00e9gurgitation.  Gamelle \u00e9quip\u00e9e d&#039;un anneau antid\u00e9rapant en caoutchouc et lavable au lave vaisselle.\" \/>\n<meta property=\"og:url\" content=\"https:\/\/www.vetorino.com\/veterinaire\/confolens-16500\/boutique\/product\/gamelle-anti-glouton-trixie-slow-feed-2\/\" \/>\n<meta property=\"og:site_name\" content=\"V\u00e9torino\" \/>\n<meta property=\"article:publisher\" content=\"https:\/\/www.facebook.com\/Vetorino\/\" \/>\n<meta property=\"article:modified_time\" content=\"2026-03-22T18:42:55+00:00\" \/>\n<meta property=\"og:image\" content=\"https:\/\/www.vetorino.com\/boutique\/wp-content\/uploads\/2023\/02\/61Qjzs-QE2L._AC_SX679_.jpg\" \/>\n\t<meta property=\"og:image:width\" content=\"679\" \/>\n\t<meta property=\"og:image:height\" content=\"533\" \/>\n\t<meta property=\"og:image:type\" content=\"image\/jpeg\" \/>\n<meta name=\"twitter:card\" content=\"summary_large_image\" \/>\n<meta name=\"twitter:label1\" content=\"Disponibilit\u00e9\" \/>\n\t<meta name=\"twitter:data1\" content=\"En stock\" \/>\n<script type=\"application\/ld+json\" class=\"yoast-schema-graph\">{\"@context\":\"https:\\\/\\\/schema.org\",\"@graph\":[{\"@type\":\"WebPage\",\"@id\":\"https:\\\/\\\/www.vetorino.com\\\/boutique\\\/product\\\/gamelle-anti-glouton-trixie-slow-feed-2\\\/\",\"url\":\"https:\\\/\\\/www.vetorino.com\\\/boutique\\\/product\\\/gamelle-anti-glouton-trixie-slow-feed-2\\\/\",\"name\":\"Gamelle Slow Feed - chien Trixie - V\u00e9torino\",\"isPartOf\":{\"@id\":\"https:\\\/\\\/www.vetorino.com\\\/boutique\\\/#website\"},\"primaryImageOfPage\":{\"@id\":\"https:\\\/\\\/www.vetorino.com\\\/boutique\\\/product\\\/gamelle-anti-glouton-trixie-slow-feed-2\\\/#primaryimage\"},\"image\":{\"@id\":\"https:\\\/\\\/www.vetorino.com\\\/boutique\\\/product\\\/gamelle-anti-glouton-trixie-slow-feed-2\\\/#primaryimage\"},\"thumbnailUrl\":\"https:\\\/\\\/www.vetorino.com\\\/boutique\\\/wp-content\\\/uploads\\\/2023\\\/02\\\/61Qjzs-QE2L._AC_SX679_.jpg\",\"datePublished\":\"2023-02-01T16:06:22+00:00\",\"dateModified\":\"2026-03-22T18:42:55+00:00\",\"description\":\"Gamelle sp\u00e9cialement con\u00e7ue pour ralentir la vitesse d'alimentation des chiens. Cette gamelle est con\u00e7ue pour aider les chiens qui ont tendance \u00e0 manger trop rapidement, ce qui peut entra\u00eener des probl\u00e8mes digestifs tels que les vomissements, les ballonnements et la r\u00e9gurgitation. Gamelle \u00e9quip\u00e9e d'un anneau antid\u00e9rapant en caoutchouc et lavable au lave vaisselle.\",\"breadcrumb\":{\"@id\":\"https:\\\/\\\/www.vetorino.com\\\/boutique\\\/product\\\/gamelle-anti-glouton-trixie-slow-feed-2\\\/#breadcrumb\"},\"inLanguage\":\"fr-FR\",\"potentialAction\":[{\"@type\":\"ReadAction\",\"target\":[\"https:\\\/\\\/www.vetorino.com\\\/boutique\\\/product\\\/gamelle-anti-glouton-trixie-slow-feed-2\\\/\"]}]},{\"@type\":\"ImageObject\",\"inLanguage\":\"fr-FR\",\"@id\":\"https:\\\/\\\/www.vetorino.com\\\/boutique\\\/product\\\/gamelle-anti-glouton-trixie-slow-feed-2\\\/#primaryimage\",\"url\":\"https:\\\/\\\/www.vetorino.com\\\/boutique\\\/wp-content\\\/uploads\\\/2023\\\/02\\\/61Qjzs-QE2L._AC_SX679_.jpg\",\"contentUrl\":\"https:\\\/\\\/www.vetorino.com\\\/boutique\\\/wp-content\\\/uploads\\\/2023\\\/02\\\/61Qjzs-QE2L._AC_SX679_.jpg\",\"width\":679,\"height\":533},{\"@type\":\"BreadcrumbList\",\"@id\":\"https:\\\/\\\/www.vetorino.com\\\/boutique\\\/product\\\/gamelle-anti-glouton-trixie-slow-feed-2\\\/#breadcrumb\",\"itemListElement\":[{\"@type\":\"ListItem\",\"position\":1,\"name\":\"Accueil\",\"item\":\"https:\\\/\\\/www.vetorino.com\\\/boutique\\\/\"},{\"@type\":\"ListItem\",\"position\":2,\"name\":\"Produits\",\"item\":\"https:\\\/\\\/www.vetorino.com\\\/boutique\\\/\"},{\"@type\":\"ListItem\",\"position\":3,\"name\":\"Gamelle Slow Feed &#8211; chien\"}]},{\"@type\":\"WebSite\",\"@id\":\"https:\\\/\\\/www.vetorino.com\\\/boutique\\\/#website\",\"url\":\"https:\\\/\\\/www.vetorino.com\\\/boutique\\\/\",\"name\":\"V\u00e9torino\",\"description\":\"\",\"publisher\":{\"@id\":\"https:\\\/\\\/www.vetorino.com\\\/boutique\\\/#organization\"},\"potentialAction\":[{\"@type\":\"SearchAction\",\"target\":{\"@type\":\"EntryPoint\",\"urlTemplate\":\"https:\\\/\\\/www.vetorino.com\\\/boutique\\\/?s={search_term_string}\"},\"query-input\":{\"@type\":\"PropertyValueSpecification\",\"valueRequired\":true,\"valueName\":\"search_term_string\"}}],\"inLanguage\":\"fr-FR\"},{\"@type\":\"Organization\",\"@id\":\"https:\\\/\\\/www.vetorino.com\\\/boutique\\\/#organization\",\"name\":\"V\u00e9torino\",\"url\":\"https:\\\/\\\/www.vetorino.com\\\/boutique\\\/\",\"logo\":{\"@type\":\"ImageObject\",\"inLanguage\":\"fr-FR\",\"@id\":\"https:\\\/\\\/www.vetorino.com\\\/boutique\\\/#\\\/schema\\\/logo\\\/image\\\/\",\"url\":\"https:\\\/\\\/www.vetorino.com\\\/boutique\\\/wp-content\\\/uploads\\\/2024\\\/10\\\/logo.jpg\",\"contentUrl\":\"https:\\\/\\\/www.vetorino.com\\\/boutique\\\/wp-content\\\/uploads\\\/2024\\\/10\\\/logo.jpg\",\"width\":1200,\"height\":610,\"caption\":\"V\u00e9torino\"},\"image\":{\"@id\":\"https:\\\/\\\/www.vetorino.com\\\/boutique\\\/#\\\/schema\\\/logo\\\/image\\\/\"},\"sameAs\":[\"https:\\\/\\\/www.facebook.com\\\/Vetorino\\\/\",\"https:\\\/\\\/www.instagram.com\\\/vetorino_off\\\/\",\"https:\\\/\\\/www.linkedin.com\\\/company\\\/vtorino\\\/\"]}]}<\/script>\n<meta property=\"product:brand\" content=\"Trixie\" \/>\n<meta property=\"og:availability\" content=\"instock\" \/>\n<meta property=\"product:availability\" content=\"instock\" \/>\n<meta property=\"product:condition\" content=\"new\" \/>\n<!-- \/ Yoast SEO plugin. -->","yoast_head_json":{"title":"Gamelle Slow Feed - chien Trixie - V\u00e9torino","description":"Gamelle sp\u00e9cialement con\u00e7ue pour ralentir la vitesse d'alimentation des chiens.   Cette gamelle est con\u00e7ue pour aider les chiens qui ont tendance \u00e0 manger trop rapidement, ce qui peut entra\u00eener des probl\u00e8mes digestifs tels que les vomissements, les ballonnements et la r\u00e9gurgitation.  Gamelle \u00e9quip\u00e9e d'un anneau antid\u00e9rapant en caoutchouc et lavable au lave vaisselle.","robots":{"index":"noindex","follow":"nofollow"},"og_locale":"fr_FR","og_type":"article","og_title":"Gamelle Slow Feed - chien Trixie - V\u00e9torino","og_description":"Gamelle sp\u00e9cialement con\u00e7ue pour ralentir la vitesse d'alimentation des chiens.   Cette gamelle est con\u00e7ue pour aider les chiens qui ont tendance \u00e0 manger trop rapidement, ce qui peut entra\u00eener des probl\u00e8mes digestifs tels que les vomissements, les ballonnements et la r\u00e9gurgitation.  Gamelle \u00e9quip\u00e9e d'un anneau antid\u00e9rapant en caoutchouc et lavable au lave vaisselle.","og_url":"https:\/\/www.vetorino.com\/veterinaire\/confolens-16500\/boutique\/product\/gamelle-anti-glouton-trixie-slow-feed-2\/","og_site_name":"V\u00e9torino","article_publisher":"https:\/\/www.facebook.com\/Vetorino\/","article_modified_time":"2026-03-22T18:42:55+00:00","og_image":[{"width":679,"height":533,"url":"https:\/\/www.vetorino.com\/boutique\/wp-content\/uploads\/2023\/02\/61Qjzs-QE2L._AC_SX679_.jpg","type":"image\/jpeg"}],"twitter_card":"summary_large_image","twitter_misc":{"Disponibilit\u00e9":"En stock"},"schema":{"@context":"https:\/\/schema.org","@graph":[{"@type":"WebPage","@id":"https:\/\/www.vetorino.com\/boutique\/product\/gamelle-anti-glouton-trixie-slow-feed-2\/","url":"https:\/\/www.vetorino.com\/boutique\/product\/gamelle-anti-glouton-trixie-slow-feed-2\/","name":"Gamelle Slow Feed - chien Trixie - V\u00e9torino","isPartOf":{"@id":"https:\/\/www.vetorino.com\/boutique\/#website"},"primaryImageOfPage":{"@id":"https:\/\/www.vetorino.com\/boutique\/product\/gamelle-anti-glouton-trixie-slow-feed-2\/#primaryimage"},"image":{"@id":"https:\/\/www.vetorino.com\/boutique\/product\/gamelle-anti-glouton-trixie-slow-feed-2\/#primaryimage"},"thumbnailUrl":"https:\/\/www.vetorino.com\/boutique\/wp-content\/uploads\/2023\/02\/61Qjzs-QE2L._AC_SX679_.jpg","datePublished":"2023-02-01T16:06:22+00:00","dateModified":"2026-03-22T18:42:55+00:00","description":"Gamelle sp\u00e9cialement con\u00e7ue pour ralentir la vitesse d'alimentation des chiens. Cette gamelle est con\u00e7ue pour aider les chiens qui ont tendance \u00e0 manger trop rapidement, ce qui peut entra\u00eener des probl\u00e8mes digestifs tels que les vomissements, les ballonnements et la r\u00e9gurgitation. Gamelle \u00e9quip\u00e9e d'un anneau antid\u00e9rapant en caoutchouc et lavable au lave vaisselle.","breadcrumb":{"@id":"https:\/\/www.vetorino.com\/boutique\/product\/gamelle-anti-glouton-trixie-slow-feed-2\/#breadcrumb"},"inLanguage":"fr-FR","potentialAction":[{"@type":"ReadAction","target":["https:\/\/www.vetorino.com\/boutique\/product\/gamelle-anti-glouton-trixie-slow-feed-2\/"]}]},{"@type":"ImageObject","inLanguage":"fr-FR","@id":"https:\/\/www.vetorino.com\/boutique\/product\/gamelle-anti-glouton-trixie-slow-feed-2\/#primaryimage","url":"https:\/\/www.vetorino.com\/boutique\/wp-content\/uploads\/2023\/02\/61Qjzs-QE2L._AC_SX679_.jpg","contentUrl":"https:\/\/www.vetorino.com\/boutique\/wp-content\/uploads\/2023\/02\/61Qjzs-QE2L._AC_SX679_.jpg","width":679,"height":533},{"@type":"BreadcrumbList","@id":"https:\/\/www.vetorino.com\/boutique\/product\/gamelle-anti-glouton-trixie-slow-feed-2\/#breadcrumb","itemListElement":[{"@type":"ListItem","position":1,"name":"Accueil","item":"https:\/\/www.vetorino.com\/boutique\/"},{"@type":"ListItem","position":2,"name":"Produits","item":"https:\/\/www.vetorino.com\/boutique\/"},{"@type":"ListItem","position":3,"name":"Gamelle Slow Feed &#8211; chien"}]},{"@type":"WebSite","@id":"https:\/\/www.vetorino.com\/boutique\/#website","url":"https:\/\/www.vetorino.com\/boutique\/","name":"V\u00e9torino","description":"","publisher":{"@id":"https:\/\/www.vetorino.com\/boutique\/#organization"},"potentialAction":[{"@type":"SearchAction","target":{"@type":"EntryPoint","urlTemplate":"https:\/\/www.vetorino.com\/boutique\/?s={search_term_string}"},"query-input":{"@type":"PropertyValueSpecification","valueRequired":true,"valueName":"search_term_string"}}],"inLanguage":"fr-FR"},{"@type":"Organization","@id":"https:\/\/www.vetorino.com\/boutique\/#organization","name":"V\u00e9torino","url":"https:\/\/www.vetorino.com\/boutique\/","logo":{"@type":"ImageObject","inLanguage":"fr-FR","@id":"https:\/\/www.vetorino.com\/boutique\/#\/schema\/logo\/image\/","url":"https:\/\/www.vetorino.com\/boutique\/wp-content\/uploads\/2024\/10\/logo.jpg","contentUrl":"https:\/\/www.vetorino.com\/boutique\/wp-content\/uploads\/2024\/10\/logo.jpg","width":1200,"height":610,"caption":"V\u00e9torino"},"image":{"@id":"https:\/\/www.vetorino.com\/boutique\/#\/schema\/logo\/image\/"},"sameAs":["https:\/\/www.facebook.com\/Vetorino\/","https:\/\/www.instagram.com\/vetorino_off\/","https:\/\/www.linkedin.com\/company\/vtorino\/"]}]},"product_brand":"Trixie","og_availability":"instock","product_availability":"instock","product_condition":"new"},"_links":{"self":[{"href":"https:\/\/www.vetorino.com\/veterinaire\/confolens-16500\/boutique\/wp-json\/wp\/v2\/product\/550603","targetHints":{"allow":["GET"]}}],"collection":[{"href":"https:\/\/www.vetorino.com\/veterinaire\/confolens-16500\/boutique\/wp-json\/wp\/v2\/product"}],"about":[{"href":"https:\/\/www.vetorino.com\/veterinaire\/confolens-16500\/boutique\/wp-json\/wp\/v2\/types\/product"}],"wp:featuredmedia":[{"embeddable":true,"href":"https:\/\/www.vetorino.com\/veterinaire\/confolens-16500\/boutique\/wp-json\/wp\/v2\/media\/619319"}],"wp:attachment":[{"href":"https:\/\/www.vetorino.com\/veterinaire\/confolens-16500\/boutique\/wp-json\/wp\/v2\/media?parent=550603"}],"wp:term":[{"taxonomy":"product_cat","embeddable":true,"href":"https:\/\/www.vetorino.com\/veterinaire\/confolens-16500\/boutique\/wp-json\/wp\/v2\/product_cat?post=550603"},{"taxonomy":"product_tag","embeddable":true,"href":"https:\/\/www.vetorino.com\/veterinaire\/confolens-16500\/boutique\/wp-json\/wp\/v2\/product_tag?post=550603"}],"curies":[{"name":"wp","href":"https:\/\/api.w.org\/{rel}","templated":true}]}}