{"id":550612,"date":"2023-02-01T17:07:39","date_gmt":"2023-02-01T16:07:39","guid":{"rendered":"https:\/\/www.vetorino.com\/boutique\/product\/sac-a-litiere-trixie-simplenclean\/"},"modified":"2026-03-17T13:12:03","modified_gmt":"2026-03-17T12:12:03","slug":"sac-a-litiere-trixie-simplenclean","status":"publish","type":"product","link":"https:\/\/www.vetorino.com\/veterinaire\/confolens-16500\/boutique\/product\/sac-a-litiere-trixie-simplenclean\/","title":{"rendered":"Sac \u00e0 liti\u00e8re Simple&#8217;n&#8217;Clean"},"content":{"rendered":"<p>Avec les sacs \u00e0 liti\u00e8re Simple&#8217;n&#8217;Clean de Trixie, nettoyer le bac \u00e0 liti\u00e8re de votre chat devient\u00a0<strong>facile et rapide<\/strong> ! Ces sacs <strong>emp\u00eachent l&#8217;accumulation d&#8217;urine <\/strong>dans le bac \u00e0 liti\u00e8re, limitent les odeurs et prolongent ainsi la dur\u00e9e de vie du bac \u00e0 liti\u00e8re de votre chat.<\/p>\n<p><strong>Caract\u00e9ristiques des sacs \u00e0 liti\u00e8re Simple\u2019n\u2018 Clean :<\/strong><\/p>\n<ul>\n<li><strong>nettoyage facile : <\/strong>les sachets se fixent\u00a0dans le bac \u00e0 liti\u00e8re du chat<\/li>\n<li><strong>sacs hygi\u00e9niques pour plus de propret\u00e9<\/strong><\/li>\n<li><strong>emp\u00eachent les d\u00e9p\u00f4ts d&#8217;urine <\/strong>dans le bac<\/li>\n<li><strong>dimensions :<\/strong> taille L pour les bacs mesurant 46 x\u00a059 cm maximum<\/li>\n<li><strong>contenu :<\/strong> 10 sacs<\/li>\n<\/ul>\n","protected":false},"excerpt":{"rendered":"<p>Avec les sacs \u00e0 liti\u00e8re Simple&#8217;n&#8217;Clean de Trixie, nettoyer le bac \u00e0 liti\u00e8re de votre chat devient\u00a0<strong>facile et rapide<\/strong> ! Ces sacs <strong>emp\u00eachent l&#8217;accumulation d&#8217;urine <\/strong>dans le bac \u00e0 liti\u00e8re, limitent les odeurs et prolongent ainsi la dur\u00e9e de vie du bac \u00e0 liti\u00e8re de votre chat.<\/p>\n","protected":false},"featured_media":915214,"template":"","meta":[],"product_cat":[2697,12628],"product_tag":[],"class_list":{"0":"post-550612","1":"product","2":"type-product","3":"status-publish","4":"has-post-thumbnail","6":"product_cat-chat","7":"product_cat-litieres-du-chat","8":"pa_marque-trixie","10":"first","11":"instock","12":"taxable","13":"shipping-taxable","14":"purchasable","15":"product-type-variable"},"yoast_head":"<!-- This site is optimized with the Yoast SEO plugin v27.3 - https:\/\/yoast.com\/product\/yoast-seo-wordpress\/ -->\n<title>Sac \u00e0 liti\u00e8re Simple&#039;n&#039;Clean Trixie - V\u00e9torino<\/title>\n<meta name=\"description\" content=\"Avec les sacs \u00e0 liti\u00e8re Simple&#039;n&#039;Clean de Trixie, nettoyer le bac \u00e0 liti\u00e8re de votre chat devient\u00a0facile et rapide ! Ces sacs emp\u00eachent l&#039;accumulation d&#039;urine dans le bac \u00e0 liti\u00e8re, limitent les odeurs et prolongent ainsi la dur\u00e9e de vie du bac \u00e0 liti\u00e8re de votre chat.\" \/>\n<meta name=\"robots\" content=\"noindex, nofollow\" \/>\n<meta property=\"og:locale\" content=\"fr_FR\" \/>\n<meta property=\"og:type\" content=\"article\" \/>\n<meta property=\"og:title\" content=\"Sac \u00e0 liti\u00e8re Simple&#039;n&#039;Clean Trixie - V\u00e9torino\" \/>\n<meta property=\"og:description\" content=\"Avec les sacs \u00e0 liti\u00e8re Simple&#039;n&#039;Clean de Trixie, nettoyer le bac \u00e0 liti\u00e8re de votre chat devient\u00a0facile et rapide ! Ces sacs emp\u00eachent l&#039;accumulation d&#039;urine dans le bac \u00e0 liti\u00e8re, limitent les odeurs et prolongent ainsi la dur\u00e9e de vie du bac \u00e0 liti\u00e8re de votre chat.\" \/>\n<meta property=\"og:url\" content=\"https:\/\/www.vetorino.com\/veterinaire\/confolens-16500\/boutique\/product\/sac-a-litiere-trixie-simplenclean\/\" \/>\n<meta property=\"og:site_name\" content=\"V\u00e9torino\" \/>\n<meta property=\"article:publisher\" content=\"https:\/\/www.facebook.com\/Vetorino\/\" \/>\n<meta property=\"article:modified_time\" content=\"2026-03-17T12:12:03+00:00\" \/>\n<meta property=\"og:image\" content=\"https:\/\/www.vetorino.com\/boutique\/wp-content\/uploads\/2023\/02\/209017_pla_trixie_simplenclean_katzentoilettenbeutel_hs_01_8.jpg\" \/>\n\t<meta property=\"og:image:width\" content=\"800\" \/>\n\t<meta property=\"og:image:height\" content=\"800\" \/>\n\t<meta property=\"og:image:type\" content=\"image\/jpeg\" \/>\n<meta name=\"twitter:card\" content=\"summary_large_image\" \/>\n<meta name=\"twitter:label1\" content=\"Disponibilit\u00e9\" \/>\n\t<meta name=\"twitter:data1\" content=\"En stock\" \/>\n<script type=\"application\/ld+json\" class=\"yoast-schema-graph\">{\"@context\":\"https:\\\/\\\/schema.org\",\"@graph\":[{\"@type\":\"WebPage\",\"@id\":\"https:\\\/\\\/www.vetorino.com\\\/veterinaire\\\/evry-91000\\\/boutique\\\/product\\\/sac-a-litiere-trixie-simplenclean\\\/\",\"url\":\"https:\\\/\\\/www.vetorino.com\\\/veterinaire\\\/evry-91000\\\/boutique\\\/product\\\/sac-a-litiere-trixie-simplenclean\\\/\",\"name\":\"Sac \u00e0 liti\u00e8re Simple'n'Clean Trixie - V\u00e9torino\",\"isPartOf\":{\"@id\":\"https:\\\/\\\/www.vetorino.com\\\/boutique\\\/#website\"},\"primaryImageOfPage\":{\"@id\":\"https:\\\/\\\/www.vetorino.com\\\/veterinaire\\\/evry-91000\\\/boutique\\\/product\\\/sac-a-litiere-trixie-simplenclean\\\/#primaryimage\"},\"image\":{\"@id\":\"https:\\\/\\\/www.vetorino.com\\\/veterinaire\\\/evry-91000\\\/boutique\\\/product\\\/sac-a-litiere-trixie-simplenclean\\\/#primaryimage\"},\"thumbnailUrl\":\"https:\\\/\\\/www.vetorino.com\\\/boutique\\\/wp-content\\\/uploads\\\/2023\\\/02\\\/209017_pla_trixie_simplenclean_katzentoilettenbeutel_hs_01_8.jpg\",\"datePublished\":\"2023-02-01T16:07:39+00:00\",\"dateModified\":\"2026-03-17T12:12:03+00:00\",\"description\":\"Avec les sacs \u00e0 liti\u00e8re Simple'n'Clean de Trixie, nettoyer le bac \u00e0 liti\u00e8re de votre chat devient\u00a0facile et rapide ! Ces sacs emp\u00eachent l'accumulation d'urine dans le bac \u00e0 liti\u00e8re, limitent les odeurs et prolongent ainsi la dur\u00e9e de vie du bac \u00e0 liti\u00e8re de votre chat.\",\"breadcrumb\":{\"@id\":\"https:\\\/\\\/www.vetorino.com\\\/veterinaire\\\/evry-91000\\\/boutique\\\/product\\\/sac-a-litiere-trixie-simplenclean\\\/#breadcrumb\"},\"inLanguage\":\"fr-FR\",\"potentialAction\":[{\"@type\":\"ReadAction\",\"target\":[\"https:\\\/\\\/www.vetorino.com\\\/veterinaire\\\/evry-91000\\\/boutique\\\/product\\\/sac-a-litiere-trixie-simplenclean\\\/\"]}]},{\"@type\":\"ImageObject\",\"inLanguage\":\"fr-FR\",\"@id\":\"https:\\\/\\\/www.vetorino.com\\\/veterinaire\\\/evry-91000\\\/boutique\\\/product\\\/sac-a-litiere-trixie-simplenclean\\\/#primaryimage\",\"url\":\"https:\\\/\\\/www.vetorino.com\\\/boutique\\\/wp-content\\\/uploads\\\/2023\\\/02\\\/209017_pla_trixie_simplenclean_katzentoilettenbeutel_hs_01_8.jpg\",\"contentUrl\":\"https:\\\/\\\/www.vetorino.com\\\/boutique\\\/wp-content\\\/uploads\\\/2023\\\/02\\\/209017_pla_trixie_simplenclean_katzentoilettenbeutel_hs_01_8.jpg\",\"width\":800,\"height\":800},{\"@type\":\"BreadcrumbList\",\"@id\":\"https:\\\/\\\/www.vetorino.com\\\/veterinaire\\\/evry-91000\\\/boutique\\\/product\\\/sac-a-litiere-trixie-simplenclean\\\/#breadcrumb\",\"itemListElement\":[{\"@type\":\"ListItem\",\"position\":1,\"name\":\"Accueil\",\"item\":\"https:\\\/\\\/www.vetorino.com\\\/boutique\\\/\"},{\"@type\":\"ListItem\",\"position\":2,\"name\":\"Produits\",\"item\":\"https:\\\/\\\/www.vetorino.com\\\/boutique\\\/\"},{\"@type\":\"ListItem\",\"position\":3,\"name\":\"Sac \u00e0 liti\u00e8re Simple&#8217;n&#8217;Clean\"}]},{\"@type\":\"WebSite\",\"@id\":\"https:\\\/\\\/www.vetorino.com\\\/boutique\\\/#website\",\"url\":\"https:\\\/\\\/www.vetorino.com\\\/boutique\\\/\",\"name\":\"V\u00e9torino\",\"description\":\"\",\"publisher\":{\"@id\":\"https:\\\/\\\/www.vetorino.com\\\/boutique\\\/#organization\"},\"potentialAction\":[{\"@type\":\"SearchAction\",\"target\":{\"@type\":\"EntryPoint\",\"urlTemplate\":\"https:\\\/\\\/www.vetorino.com\\\/boutique\\\/?s={search_term_string}\"},\"query-input\":{\"@type\":\"PropertyValueSpecification\",\"valueRequired\":true,\"valueName\":\"search_term_string\"}}],\"inLanguage\":\"fr-FR\"},{\"@type\":\"Organization\",\"@id\":\"https:\\\/\\\/www.vetorino.com\\\/boutique\\\/#organization\",\"name\":\"V\u00e9torino\",\"url\":\"https:\\\/\\\/www.vetorino.com\\\/boutique\\\/\",\"logo\":{\"@type\":\"ImageObject\",\"inLanguage\":\"fr-FR\",\"@id\":\"https:\\\/\\\/www.vetorino.com\\\/boutique\\\/#\\\/schema\\\/logo\\\/image\\\/\",\"url\":\"https:\\\/\\\/www.vetorino.com\\\/boutique\\\/wp-content\\\/uploads\\\/2024\\\/10\\\/logo.jpg\",\"contentUrl\":\"https:\\\/\\\/www.vetorino.com\\\/boutique\\\/wp-content\\\/uploads\\\/2024\\\/10\\\/logo.jpg\",\"width\":1200,\"height\":610,\"caption\":\"V\u00e9torino\"},\"image\":{\"@id\":\"https:\\\/\\\/www.vetorino.com\\\/boutique\\\/#\\\/schema\\\/logo\\\/image\\\/\"},\"sameAs\":[\"https:\\\/\\\/www.facebook.com\\\/Vetorino\\\/\",\"https:\\\/\\\/www.instagram.com\\\/vetorino_off\\\/\",\"https:\\\/\\\/www.linkedin.com\\\/company\\\/vtorino\\\/\"]}]}<\/script>\n<meta property=\"product:brand\" content=\"Trixie\" \/>\n<meta property=\"og:availability\" content=\"instock\" \/>\n<meta property=\"product:availability\" content=\"instock\" \/>\n<meta property=\"product:condition\" content=\"new\" \/>\n<!-- \/ Yoast SEO plugin. -->","yoast_head_json":{"title":"Sac \u00e0 liti\u00e8re Simple'n'Clean Trixie - V\u00e9torino","description":"Avec les sacs \u00e0 liti\u00e8re Simple'n'Clean de Trixie, nettoyer le bac \u00e0 liti\u00e8re de votre chat devient\u00a0facile et rapide ! Ces sacs emp\u00eachent l'accumulation d'urine dans le bac \u00e0 liti\u00e8re, limitent les odeurs et prolongent ainsi la dur\u00e9e de vie du bac \u00e0 liti\u00e8re de votre chat.","robots":{"index":"noindex","follow":"nofollow"},"og_locale":"fr_FR","og_type":"article","og_title":"Sac \u00e0 liti\u00e8re Simple'n'Clean Trixie - V\u00e9torino","og_description":"Avec les sacs \u00e0 liti\u00e8re Simple'n'Clean de Trixie, nettoyer le bac \u00e0 liti\u00e8re de votre chat devient\u00a0facile et rapide ! Ces sacs emp\u00eachent l'accumulation d'urine dans le bac \u00e0 liti\u00e8re, limitent les odeurs et prolongent ainsi la dur\u00e9e de vie du bac \u00e0 liti\u00e8re de votre chat.","og_url":"https:\/\/www.vetorino.com\/veterinaire\/confolens-16500\/boutique\/product\/sac-a-litiere-trixie-simplenclean\/","og_site_name":"V\u00e9torino","article_publisher":"https:\/\/www.facebook.com\/Vetorino\/","article_modified_time":"2026-03-17T12:12:03+00:00","og_image":[{"width":800,"height":800,"url":"https:\/\/www.vetorino.com\/boutique\/wp-content\/uploads\/2023\/02\/209017_pla_trixie_simplenclean_katzentoilettenbeutel_hs_01_8.jpg","type":"image\/jpeg"}],"twitter_card":"summary_large_image","twitter_misc":{"Disponibilit\u00e9":"En stock"},"schema":{"@context":"https:\/\/schema.org","@graph":[{"@type":"WebPage","@id":"https:\/\/www.vetorino.com\/veterinaire\/evry-91000\/boutique\/product\/sac-a-litiere-trixie-simplenclean\/","url":"https:\/\/www.vetorino.com\/veterinaire\/evry-91000\/boutique\/product\/sac-a-litiere-trixie-simplenclean\/","name":"Sac \u00e0 liti\u00e8re Simple'n'Clean Trixie - V\u00e9torino","isPartOf":{"@id":"https:\/\/www.vetorino.com\/boutique\/#website"},"primaryImageOfPage":{"@id":"https:\/\/www.vetorino.com\/veterinaire\/evry-91000\/boutique\/product\/sac-a-litiere-trixie-simplenclean\/#primaryimage"},"image":{"@id":"https:\/\/www.vetorino.com\/veterinaire\/evry-91000\/boutique\/product\/sac-a-litiere-trixie-simplenclean\/#primaryimage"},"thumbnailUrl":"https:\/\/www.vetorino.com\/boutique\/wp-content\/uploads\/2023\/02\/209017_pla_trixie_simplenclean_katzentoilettenbeutel_hs_01_8.jpg","datePublished":"2023-02-01T16:07:39+00:00","dateModified":"2026-03-17T12:12:03+00:00","description":"Avec les sacs \u00e0 liti\u00e8re Simple'n'Clean de Trixie, nettoyer le bac \u00e0 liti\u00e8re de votre chat devient\u00a0facile et rapide ! Ces sacs emp\u00eachent l'accumulation d'urine dans le bac \u00e0 liti\u00e8re, limitent les odeurs et prolongent ainsi la dur\u00e9e de vie du bac \u00e0 liti\u00e8re de votre chat.","breadcrumb":{"@id":"https:\/\/www.vetorino.com\/veterinaire\/evry-91000\/boutique\/product\/sac-a-litiere-trixie-simplenclean\/#breadcrumb"},"inLanguage":"fr-FR","potentialAction":[{"@type":"ReadAction","target":["https:\/\/www.vetorino.com\/veterinaire\/evry-91000\/boutique\/product\/sac-a-litiere-trixie-simplenclean\/"]}]},{"@type":"ImageObject","inLanguage":"fr-FR","@id":"https:\/\/www.vetorino.com\/veterinaire\/evry-91000\/boutique\/product\/sac-a-litiere-trixie-simplenclean\/#primaryimage","url":"https:\/\/www.vetorino.com\/boutique\/wp-content\/uploads\/2023\/02\/209017_pla_trixie_simplenclean_katzentoilettenbeutel_hs_01_8.jpg","contentUrl":"https:\/\/www.vetorino.com\/boutique\/wp-content\/uploads\/2023\/02\/209017_pla_trixie_simplenclean_katzentoilettenbeutel_hs_01_8.jpg","width":800,"height":800},{"@type":"BreadcrumbList","@id":"https:\/\/www.vetorino.com\/veterinaire\/evry-91000\/boutique\/product\/sac-a-litiere-trixie-simplenclean\/#breadcrumb","itemListElement":[{"@type":"ListItem","position":1,"name":"Accueil","item":"https:\/\/www.vetorino.com\/boutique\/"},{"@type":"ListItem","position":2,"name":"Produits","item":"https:\/\/www.vetorino.com\/boutique\/"},{"@type":"ListItem","position":3,"name":"Sac \u00e0 liti\u00e8re Simple&#8217;n&#8217;Clean"}]},{"@type":"WebSite","@id":"https:\/\/www.vetorino.com\/boutique\/#website","url":"https:\/\/www.vetorino.com\/boutique\/","name":"V\u00e9torino","description":"","publisher":{"@id":"https:\/\/www.vetorino.com\/boutique\/#organization"},"potentialAction":[{"@type":"SearchAction","target":{"@type":"EntryPoint","urlTemplate":"https:\/\/www.vetorino.com\/boutique\/?s={search_term_string}"},"query-input":{"@type":"PropertyValueSpecification","valueRequired":true,"valueName":"search_term_string"}}],"inLanguage":"fr-FR"},{"@type":"Organization","@id":"https:\/\/www.vetorino.com\/boutique\/#organization","name":"V\u00e9torino","url":"https:\/\/www.vetorino.com\/boutique\/","logo":{"@type":"ImageObject","inLanguage":"fr-FR","@id":"https:\/\/www.vetorino.com\/boutique\/#\/schema\/logo\/image\/","url":"https:\/\/www.vetorino.com\/boutique\/wp-content\/uploads\/2024\/10\/logo.jpg","contentUrl":"https:\/\/www.vetorino.com\/boutique\/wp-content\/uploads\/2024\/10\/logo.jpg","width":1200,"height":610,"caption":"V\u00e9torino"},"image":{"@id":"https:\/\/www.vetorino.com\/boutique\/#\/schema\/logo\/image\/"},"sameAs":["https:\/\/www.facebook.com\/Vetorino\/","https:\/\/www.instagram.com\/vetorino_off\/","https:\/\/www.linkedin.com\/company\/vtorino\/"]}]},"product_brand":"Trixie","og_availability":"instock","product_availability":"instock","product_condition":"new"},"_links":{"self":[{"href":"https:\/\/www.vetorino.com\/veterinaire\/confolens-16500\/boutique\/wp-json\/wp\/v2\/product\/550612","targetHints":{"allow":["GET"]}}],"collection":[{"href":"https:\/\/www.vetorino.com\/veterinaire\/confolens-16500\/boutique\/wp-json\/wp\/v2\/product"}],"about":[{"href":"https:\/\/www.vetorino.com\/veterinaire\/confolens-16500\/boutique\/wp-json\/wp\/v2\/types\/product"}],"wp:featuredmedia":[{"embeddable":true,"href":"https:\/\/www.vetorino.com\/veterinaire\/confolens-16500\/boutique\/wp-json\/wp\/v2\/media\/915214"}],"wp:attachment":[{"href":"https:\/\/www.vetorino.com\/veterinaire\/confolens-16500\/boutique\/wp-json\/wp\/v2\/media?parent=550612"}],"wp:term":[{"taxonomy":"product_cat","embeddable":true,"href":"https:\/\/www.vetorino.com\/veterinaire\/confolens-16500\/boutique\/wp-json\/wp\/v2\/product_cat?post=550612"},{"taxonomy":"product_tag","embeddable":true,"href":"https:\/\/www.vetorino.com\/veterinaire\/confolens-16500\/boutique\/wp-json\/wp\/v2\/product_tag?post=550612"}],"curies":[{"name":"wp","href":"https:\/\/api.w.org\/{rel}","templated":true}]}}