{"id":550620,"date":"2023-02-01T17:09:09","date_gmt":"2023-02-01T16:09:09","guid":{"rendered":"https:\/\/www.vetorino.com\/boutique\/product\/boite-a-friandises-trixie\/"},"modified":"2025-04-09T09:24:06","modified_gmt":"2025-04-09T07:24:06","slug":"boite-a-friandises-trixie","status":"publish","type":"product","link":"https:\/\/www.vetorino.com\/veterinaire\/confolens-16500\/boutique\/product\/boite-a-friandises-trixie\/","title":{"rendered":"Bo\u00eete \u00e0 friandises Trixie"},"content":{"rendered":"<p>Au quotidien, le stockage des friandises peut \u00eatre un vrai casse-t\u00eate ! Outre les sachets qui ne se referment pas, la conservation des denr\u00e9es est bien souvent insuffisante et les friandises perdent de leur saveur.<\/p>\n<p>La boite \u00e0 croquettes est parfaite pour :<\/p>\n<ul>\n<li>Un rangement pratique.<\/li>\n<li>Une action anti-odeur.<\/li>\n<li>Une conservation optimale.<\/li>\n<\/ul>\n<p>Simple \u00e0 ouvrir via une poign\u00e9e, la Boite croquettes Chien &amp; Chat est compatible avec le lave-vaisselle.<\/p>\n<ul>\n<li>Boite croquettes Chien &amp; Chat<\/li>\n<li>En plastique<\/li>\n<li>Fermeture herm\u00e9tique<\/li>\n<li>Conserve la fraicheur de l&#8217;aliment<\/li>\n<li>Capture les odeurs<\/li>\n<li>Rangement impeccable<\/li>\n<li>Compatible en lave-vaisselle<\/li>\n<li>Couleur : TRANSPARENT &amp; BLANC<\/li>\n<\/ul>\n","protected":false},"excerpt":{"rendered":"<p>La\u00a0<strong>bo\u00eete snack Trixie<\/strong>\u00a0est fabriqu\u00e9e dans un mat\u00e9riau de grande qualit\u00e9 qui n\u2019alt\u00e8re pas le go\u00fbt des petits biscuits de votre animal de compagnie. Gr\u00e2ce \u00e0 un anneau en silicone sur son couvercle, elle est totalement herm\u00e9tique. Ainsi, la bo\u00eete est id\u00e9ale pour prot\u00e9ger les friandises de la poussi\u00e8re, de l\u2019humidit\u00e9 et de la moisissure. R\u00e9sultat, les biscuits conservent tout leur croquant et leur saveur pendant longtemps. En plus, le pot est tr\u00e8s facile d\u2019entretien : il peut passer au lave-vaisselle.<\/p>\n","protected":false},"featured_media":845346,"template":"","meta":[],"product_cat":[12548,12551,2697,2733],"product_tag":[],"class_list":{"0":"post-550620","1":"product","2":"type-product","3":"status-publish","4":"has-post-thumbnail","6":"product_cat-accessoire-du-chat","7":"product_cat-alimentation-du-chat","8":"product_cat-chat","9":"product_cat-friandises-pour-chat","10":"pa_marque-trixie","12":"first","13":"outofstock","14":"taxable","15":"shipping-taxable","16":"purchasable","17":"product-type-simple"},"yoast_head":"<!-- This site is optimized with the Yoast SEO plugin v27.3 - https:\/\/yoast.com\/product\/yoast-seo-wordpress\/ -->\n<title>Bo\u00eete \u00e0 friandises Trixie Trixie - V\u00e9torino<\/title>\n<meta name=\"description\" content=\"La\u00a0bo\u00eete snack Trixie\u00a0est fabriqu\u00e9e dans un mat\u00e9riau de grande qualit\u00e9 qui n\u2019alt\u00e8re pas le go\u00fbt des petits biscuits de votre animal de compagnie. Gr\u00e2ce \u00e0 un anneau en silicone sur son couvercle, elle est totalement herm\u00e9tique. Ainsi, la bo\u00eete est id\u00e9ale pour prot\u00e9ger les friandises de la poussi\u00e8re, de l\u2019humidit\u00e9 et de la moisissure. R\u00e9sultat, les biscuits conservent tout leur croquant et leur saveur pendant longtemps. En plus, le pot est tr\u00e8s facile d\u2019entretien : il peut passer au lave-vaisselle.\" \/>\n<meta name=\"robots\" content=\"noindex, nofollow\" \/>\n<meta property=\"og:locale\" content=\"fr_FR\" \/>\n<meta property=\"og:type\" content=\"article\" \/>\n<meta property=\"og:title\" content=\"Bo\u00eete \u00e0 friandises Trixie Trixie - V\u00e9torino\" \/>\n<meta property=\"og:description\" content=\"La\u00a0bo\u00eete snack Trixie\u00a0est fabriqu\u00e9e dans un mat\u00e9riau de grande qualit\u00e9 qui n\u2019alt\u00e8re pas le go\u00fbt des petits biscuits de votre animal de compagnie. Gr\u00e2ce \u00e0 un anneau en silicone sur son couvercle, elle est totalement herm\u00e9tique. Ainsi, la bo\u00eete est id\u00e9ale pour prot\u00e9ger les friandises de la poussi\u00e8re, de l\u2019humidit\u00e9 et de la moisissure. R\u00e9sultat, les biscuits conservent tout leur croquant et leur saveur pendant longtemps. En plus, le pot est tr\u00e8s facile d\u2019entretien : il peut passer au lave-vaisselle.\" \/>\n<meta property=\"og:url\" content=\"https:\/\/www.vetorino.com\/veterinaire\/confolens-16500\/boutique\/product\/boite-a-friandises-trixie\/\" \/>\n<meta property=\"og:site_name\" content=\"V\u00e9torino\" \/>\n<meta property=\"article:publisher\" content=\"https:\/\/www.facebook.com\/Vetorino\/\" \/>\n<meta property=\"article:modified_time\" content=\"2025-04-09T07:24:06+00:00\" \/>\n<meta property=\"og:image\" content=\"https:\/\/www.vetorino.com\/boutique\/wp-content\/uploads\/2023\/02\/chiens-trixie-boite-croquettes-chien-chat-21640460426-560x560-quality82.png\" \/>\n\t<meta property=\"og:image:width\" content=\"500\" \/>\n\t<meta property=\"og:image:height\" content=\"500\" \/>\n\t<meta property=\"og:image:type\" content=\"image\/png\" \/>\n<meta name=\"twitter:card\" content=\"summary_large_image\" \/>\n<meta name=\"twitter:label1\" content=\"Prix\" \/>\n\t<meta name=\"twitter:data1\" content=\"10,25&euro;\" \/>\n\t<meta name=\"twitter:label2\" content=\"Disponibilit\u00e9\" \/>\n\t<meta name=\"twitter:data2\" content=\"Rupture de stock\" \/>\n<script type=\"application\/ld+json\" class=\"yoast-schema-graph\">{\"@context\":\"https:\\\/\\\/schema.org\",\"@graph\":[{\"@type\":\"WebPage\",\"@id\":\"https:\\\/\\\/www.vetorino.com\\\/veterinaire\\\/vaulxenvelin-69120\\\/boutique\\\/product\\\/boite-a-friandises-trixie\\\/\",\"url\":\"https:\\\/\\\/www.vetorino.com\\\/veterinaire\\\/vaulxenvelin-69120\\\/boutique\\\/product\\\/boite-a-friandises-trixie\\\/\",\"name\":\"Bo\u00eete \u00e0 friandises Trixie Trixie - V\u00e9torino\",\"isPartOf\":{\"@id\":\"https:\\\/\\\/www.vetorino.com\\\/boutique\\\/#website\"},\"primaryImageOfPage\":{\"@id\":\"https:\\\/\\\/www.vetorino.com\\\/veterinaire\\\/vaulxenvelin-69120\\\/boutique\\\/product\\\/boite-a-friandises-trixie\\\/#primaryimage\"},\"image\":{\"@id\":\"https:\\\/\\\/www.vetorino.com\\\/veterinaire\\\/vaulxenvelin-69120\\\/boutique\\\/product\\\/boite-a-friandises-trixie\\\/#primaryimage\"},\"thumbnailUrl\":\"https:\\\/\\\/www.vetorino.com\\\/boutique\\\/wp-content\\\/uploads\\\/2023\\\/02\\\/chiens-trixie-boite-croquettes-chien-chat-21640460426-560x560-quality82.png\",\"datePublished\":\"2023-02-01T16:09:09+00:00\",\"dateModified\":\"2025-04-09T07:24:06+00:00\",\"description\":\"La\u00a0bo\u00eete snack Trixie\u00a0est fabriqu\u00e9e dans un mat\u00e9riau de grande qualit\u00e9 qui n\u2019alt\u00e8re pas le go\u00fbt des petits biscuits de votre animal de compagnie. Gr\u00e2ce \u00e0 un anneau en silicone sur son couvercle, elle est totalement herm\u00e9tique. Ainsi, la bo\u00eete est id\u00e9ale pour prot\u00e9ger les friandises de la poussi\u00e8re, de l\u2019humidit\u00e9 et de la moisissure. R\u00e9sultat, les biscuits conservent tout leur croquant et leur saveur pendant longtemps. En plus, le pot est tr\u00e8s facile d\u2019entretien : il peut passer au lave-vaisselle.\",\"breadcrumb\":{\"@id\":\"https:\\\/\\\/www.vetorino.com\\\/veterinaire\\\/vaulxenvelin-69120\\\/boutique\\\/product\\\/boite-a-friandises-trixie\\\/#breadcrumb\"},\"inLanguage\":\"fr-FR\",\"potentialAction\":[{\"@type\":\"ReadAction\",\"target\":[\"https:\\\/\\\/www.vetorino.com\\\/veterinaire\\\/vaulxenvelin-69120\\\/boutique\\\/product\\\/boite-a-friandises-trixie\\\/\"]}]},{\"@type\":\"ImageObject\",\"inLanguage\":\"fr-FR\",\"@id\":\"https:\\\/\\\/www.vetorino.com\\\/veterinaire\\\/vaulxenvelin-69120\\\/boutique\\\/product\\\/boite-a-friandises-trixie\\\/#primaryimage\",\"url\":\"https:\\\/\\\/www.vetorino.com\\\/boutique\\\/wp-content\\\/uploads\\\/2023\\\/02\\\/chiens-trixie-boite-croquettes-chien-chat-21640460426-560x560-quality82.png\",\"contentUrl\":\"https:\\\/\\\/www.vetorino.com\\\/boutique\\\/wp-content\\\/uploads\\\/2023\\\/02\\\/chiens-trixie-boite-croquettes-chien-chat-21640460426-560x560-quality82.png\",\"width\":500,\"height\":500},{\"@type\":\"BreadcrumbList\",\"@id\":\"https:\\\/\\\/www.vetorino.com\\\/veterinaire\\\/vaulxenvelin-69120\\\/boutique\\\/product\\\/boite-a-friandises-trixie\\\/#breadcrumb\",\"itemListElement\":[{\"@type\":\"ListItem\",\"position\":1,\"name\":\"Accueil\",\"item\":\"https:\\\/\\\/www.vetorino.com\\\/boutique\\\/\"},{\"@type\":\"ListItem\",\"position\":2,\"name\":\"Produits\",\"item\":\"https:\\\/\\\/www.vetorino.com\\\/boutique\\\/\"},{\"@type\":\"ListItem\",\"position\":3,\"name\":\"Bo\u00eete \u00e0 friandises Trixie\"}]},{\"@type\":\"WebSite\",\"@id\":\"https:\\\/\\\/www.vetorino.com\\\/boutique\\\/#website\",\"url\":\"https:\\\/\\\/www.vetorino.com\\\/boutique\\\/\",\"name\":\"V\u00e9torino\",\"description\":\"\",\"publisher\":{\"@id\":\"https:\\\/\\\/www.vetorino.com\\\/boutique\\\/#organization\"},\"potentialAction\":[{\"@type\":\"SearchAction\",\"target\":{\"@type\":\"EntryPoint\",\"urlTemplate\":\"https:\\\/\\\/www.vetorino.com\\\/boutique\\\/?s={search_term_string}\"},\"query-input\":{\"@type\":\"PropertyValueSpecification\",\"valueRequired\":true,\"valueName\":\"search_term_string\"}}],\"inLanguage\":\"fr-FR\"},{\"@type\":\"Organization\",\"@id\":\"https:\\\/\\\/www.vetorino.com\\\/boutique\\\/#organization\",\"name\":\"V\u00e9torino\",\"url\":\"https:\\\/\\\/www.vetorino.com\\\/boutique\\\/\",\"logo\":{\"@type\":\"ImageObject\",\"inLanguage\":\"fr-FR\",\"@id\":\"https:\\\/\\\/www.vetorino.com\\\/boutique\\\/#\\\/schema\\\/logo\\\/image\\\/\",\"url\":\"https:\\\/\\\/www.vetorino.com\\\/boutique\\\/wp-content\\\/uploads\\\/2024\\\/10\\\/logo.jpg\",\"contentUrl\":\"https:\\\/\\\/www.vetorino.com\\\/boutique\\\/wp-content\\\/uploads\\\/2024\\\/10\\\/logo.jpg\",\"width\":1200,\"height\":610,\"caption\":\"V\u00e9torino\"},\"image\":{\"@id\":\"https:\\\/\\\/www.vetorino.com\\\/boutique\\\/#\\\/schema\\\/logo\\\/image\\\/\"},\"sameAs\":[\"https:\\\/\\\/www.facebook.com\\\/Vetorino\\\/\",\"https:\\\/\\\/www.instagram.com\\\/vetorino_off\\\/\",\"https:\\\/\\\/www.linkedin.com\\\/company\\\/vtorino\\\/\"]}]}<\/script>\n<meta property=\"product:brand\" content=\"Trixie\" \/>\n<meta property=\"product:price:amount\" content=\"10.25\" \/>\n<meta property=\"product:price:currency\" content=\"EUR\" \/>\n<meta property=\"og:availability\" content=\"out of stock\" \/>\n<meta property=\"product:availability\" content=\"out of stock\" \/>\n<meta property=\"product:retailer_item_id\" content=\"C-BOI720\" \/>\n<meta property=\"product:condition\" content=\"new\" \/>\n<!-- \/ Yoast SEO plugin. -->","yoast_head_json":{"title":"Bo\u00eete \u00e0 friandises Trixie Trixie - V\u00e9torino","description":"La\u00a0bo\u00eete snack Trixie\u00a0est fabriqu\u00e9e dans un mat\u00e9riau de grande qualit\u00e9 qui n\u2019alt\u00e8re pas le go\u00fbt des petits biscuits de votre animal de compagnie. Gr\u00e2ce \u00e0 un anneau en silicone sur son couvercle, elle est totalement herm\u00e9tique. Ainsi, la bo\u00eete est id\u00e9ale pour prot\u00e9ger les friandises de la poussi\u00e8re, de l\u2019humidit\u00e9 et de la moisissure. R\u00e9sultat, les biscuits conservent tout leur croquant et leur saveur pendant longtemps. En plus, le pot est tr\u00e8s facile d\u2019entretien : il peut passer au lave-vaisselle.","robots":{"index":"noindex","follow":"nofollow"},"og_locale":"fr_FR","og_type":"article","og_title":"Bo\u00eete \u00e0 friandises Trixie Trixie - V\u00e9torino","og_description":"La\u00a0bo\u00eete snack Trixie\u00a0est fabriqu\u00e9e dans un mat\u00e9riau de grande qualit\u00e9 qui n\u2019alt\u00e8re pas le go\u00fbt des petits biscuits de votre animal de compagnie. Gr\u00e2ce \u00e0 un anneau en silicone sur son couvercle, elle est totalement herm\u00e9tique. Ainsi, la bo\u00eete est id\u00e9ale pour prot\u00e9ger les friandises de la poussi\u00e8re, de l\u2019humidit\u00e9 et de la moisissure. R\u00e9sultat, les biscuits conservent tout leur croquant et leur saveur pendant longtemps. En plus, le pot est tr\u00e8s facile d\u2019entretien : il peut passer au lave-vaisselle.","og_url":"https:\/\/www.vetorino.com\/veterinaire\/confolens-16500\/boutique\/product\/boite-a-friandises-trixie\/","og_site_name":"V\u00e9torino","article_publisher":"https:\/\/www.facebook.com\/Vetorino\/","article_modified_time":"2025-04-09T07:24:06+00:00","og_image":[{"width":500,"height":500,"url":"https:\/\/www.vetorino.com\/boutique\/wp-content\/uploads\/2023\/02\/chiens-trixie-boite-croquettes-chien-chat-21640460426-560x560-quality82.png","type":"image\/png"}],"twitter_card":"summary_large_image","twitter_misc":{"Prix":"10,25&euro;","Disponibilit\u00e9":"Rupture de stock"},"schema":{"@context":"https:\/\/schema.org","@graph":[{"@type":"WebPage","@id":"https:\/\/www.vetorino.com\/veterinaire\/vaulxenvelin-69120\/boutique\/product\/boite-a-friandises-trixie\/","url":"https:\/\/www.vetorino.com\/veterinaire\/vaulxenvelin-69120\/boutique\/product\/boite-a-friandises-trixie\/","name":"Bo\u00eete \u00e0 friandises Trixie Trixie - V\u00e9torino","isPartOf":{"@id":"https:\/\/www.vetorino.com\/boutique\/#website"},"primaryImageOfPage":{"@id":"https:\/\/www.vetorino.com\/veterinaire\/vaulxenvelin-69120\/boutique\/product\/boite-a-friandises-trixie\/#primaryimage"},"image":{"@id":"https:\/\/www.vetorino.com\/veterinaire\/vaulxenvelin-69120\/boutique\/product\/boite-a-friandises-trixie\/#primaryimage"},"thumbnailUrl":"https:\/\/www.vetorino.com\/boutique\/wp-content\/uploads\/2023\/02\/chiens-trixie-boite-croquettes-chien-chat-21640460426-560x560-quality82.png","datePublished":"2023-02-01T16:09:09+00:00","dateModified":"2025-04-09T07:24:06+00:00","description":"La\u00a0bo\u00eete snack Trixie\u00a0est fabriqu\u00e9e dans un mat\u00e9riau de grande qualit\u00e9 qui n\u2019alt\u00e8re pas le go\u00fbt des petits biscuits de votre animal de compagnie. Gr\u00e2ce \u00e0 un anneau en silicone sur son couvercle, elle est totalement herm\u00e9tique. Ainsi, la bo\u00eete est id\u00e9ale pour prot\u00e9ger les friandises de la poussi\u00e8re, de l\u2019humidit\u00e9 et de la moisissure. R\u00e9sultat, les biscuits conservent tout leur croquant et leur saveur pendant longtemps. En plus, le pot est tr\u00e8s facile d\u2019entretien : il peut passer au lave-vaisselle.","breadcrumb":{"@id":"https:\/\/www.vetorino.com\/veterinaire\/vaulxenvelin-69120\/boutique\/product\/boite-a-friandises-trixie\/#breadcrumb"},"inLanguage":"fr-FR","potentialAction":[{"@type":"ReadAction","target":["https:\/\/www.vetorino.com\/veterinaire\/vaulxenvelin-69120\/boutique\/product\/boite-a-friandises-trixie\/"]}]},{"@type":"ImageObject","inLanguage":"fr-FR","@id":"https:\/\/www.vetorino.com\/veterinaire\/vaulxenvelin-69120\/boutique\/product\/boite-a-friandises-trixie\/#primaryimage","url":"https:\/\/www.vetorino.com\/boutique\/wp-content\/uploads\/2023\/02\/chiens-trixie-boite-croquettes-chien-chat-21640460426-560x560-quality82.png","contentUrl":"https:\/\/www.vetorino.com\/boutique\/wp-content\/uploads\/2023\/02\/chiens-trixie-boite-croquettes-chien-chat-21640460426-560x560-quality82.png","width":500,"height":500},{"@type":"BreadcrumbList","@id":"https:\/\/www.vetorino.com\/veterinaire\/vaulxenvelin-69120\/boutique\/product\/boite-a-friandises-trixie\/#breadcrumb","itemListElement":[{"@type":"ListItem","position":1,"name":"Accueil","item":"https:\/\/www.vetorino.com\/boutique\/"},{"@type":"ListItem","position":2,"name":"Produits","item":"https:\/\/www.vetorino.com\/boutique\/"},{"@type":"ListItem","position":3,"name":"Bo\u00eete \u00e0 friandises Trixie"}]},{"@type":"WebSite","@id":"https:\/\/www.vetorino.com\/boutique\/#website","url":"https:\/\/www.vetorino.com\/boutique\/","name":"V\u00e9torino","description":"","publisher":{"@id":"https:\/\/www.vetorino.com\/boutique\/#organization"},"potentialAction":[{"@type":"SearchAction","target":{"@type":"EntryPoint","urlTemplate":"https:\/\/www.vetorino.com\/boutique\/?s={search_term_string}"},"query-input":{"@type":"PropertyValueSpecification","valueRequired":true,"valueName":"search_term_string"}}],"inLanguage":"fr-FR"},{"@type":"Organization","@id":"https:\/\/www.vetorino.com\/boutique\/#organization","name":"V\u00e9torino","url":"https:\/\/www.vetorino.com\/boutique\/","logo":{"@type":"ImageObject","inLanguage":"fr-FR","@id":"https:\/\/www.vetorino.com\/boutique\/#\/schema\/logo\/image\/","url":"https:\/\/www.vetorino.com\/boutique\/wp-content\/uploads\/2024\/10\/logo.jpg","contentUrl":"https:\/\/www.vetorino.com\/boutique\/wp-content\/uploads\/2024\/10\/logo.jpg","width":1200,"height":610,"caption":"V\u00e9torino"},"image":{"@id":"https:\/\/www.vetorino.com\/boutique\/#\/schema\/logo\/image\/"},"sameAs":["https:\/\/www.facebook.com\/Vetorino\/","https:\/\/www.instagram.com\/vetorino_off\/","https:\/\/www.linkedin.com\/company\/vtorino\/"]}]},"product_brand":"Trixie","product_price_amount":"10.25","product_price_currency":"EUR","og_availability":"out of stock","product_availability":"out of stock","product_retailer_item_id":"C-BOI720","product_condition":"new"},"_links":{"self":[{"href":"https:\/\/www.vetorino.com\/veterinaire\/confolens-16500\/boutique\/wp-json\/wp\/v2\/product\/550620","targetHints":{"allow":["GET"]}}],"collection":[{"href":"https:\/\/www.vetorino.com\/veterinaire\/confolens-16500\/boutique\/wp-json\/wp\/v2\/product"}],"about":[{"href":"https:\/\/www.vetorino.com\/veterinaire\/confolens-16500\/boutique\/wp-json\/wp\/v2\/types\/product"}],"wp:featuredmedia":[{"embeddable":true,"href":"https:\/\/www.vetorino.com\/veterinaire\/confolens-16500\/boutique\/wp-json\/wp\/v2\/media\/845346"}],"wp:attachment":[{"href":"https:\/\/www.vetorino.com\/veterinaire\/confolens-16500\/boutique\/wp-json\/wp\/v2\/media?parent=550620"}],"wp:term":[{"taxonomy":"product_cat","embeddable":true,"href":"https:\/\/www.vetorino.com\/veterinaire\/confolens-16500\/boutique\/wp-json\/wp\/v2\/product_cat?post=550620"},{"taxonomy":"product_tag","embeddable":true,"href":"https:\/\/www.vetorino.com\/veterinaire\/confolens-16500\/boutique\/wp-json\/wp\/v2\/product_tag?post=550620"}],"curies":[{"name":"wp","href":"https:\/\/api.w.org\/{rel}","templated":true}]}}