{"id":550623,"date":"2023-02-01T17:11:47","date_gmt":"2023-02-01T16:11:47","guid":{"rendered":"https:\/\/www.vetorino.com\/boutique\/product\/filtre-pour-bac-a-litiere-dangle-trixie-maro\/"},"modified":"2026-02-24T02:42:12","modified_gmt":"2026-02-24T01:42:12","slug":"filtre-pour-bac-a-litiere-dangle-trixie-maro","status":"publish","type":"product","link":"https:\/\/www.vetorino.com\/veterinaire\/confolens-16500\/boutique\/product\/filtre-pour-bac-a-litiere-dangle-trixie-maro\/","title":{"rendered":"Filtre pour bac \u00e0 liti\u00e8re d&#8217;angle Maro"},"content":{"rendered":"<p class=\"h1\"><strong>Filtre pour bac \u00e0 liti\u00e8re d&#8217;angle trixie Maro<br \/>\n<\/strong><\/p>\n<div class=\"rich-description\">\n<div class=\"description\">\n<div class=\"rich-content\">\n<p>Le filtre \u00e0 charbon actif est destin\u00e9 \u00e0 remplac\u00e9 le filtre usag\u00e9 ou arriv\u00e9 en fin de vie du <strong>bac \u00e0 liti\u00e8re de la gamme Mao<\/strong>, de Trixie.<\/p>\n<p>Le <strong>bac \u00e0 liti\u00e8re Maro<\/strong> est en vente sur notre boutique en ligne.<\/p>\n<p>Ce bac \u00e0 liti\u00e8re d&#8217;angle se glisse \u00e0 l&#8217;angle d&#8217;un mur pour un gain de place maximum ! Son filtre \u00e0 charbon neutralise les odeurs de mani\u00e8re naturelle et sans risque pour votre chat.<\/p>\n<p>Il est n\u00e9cessaire de<strong> changer le filtre \u00e0 charbon<\/strong> r\u00e9guli\u00e8rement pour <strong>une efficacit\u00e9 optimale.<\/strong><\/p>\n<\/div>\n<\/div>\n<\/div>\n<p class=\"h1\"><strong>\u00a0<\/strong><\/p>\n","protected":false},"excerpt":{"rendered":"<p class=\"h1\"><strong>Filtre pour bac \u00e0 liti\u00e8re d&#8217;angle trixie Maro<br \/>\n<\/strong><\/p>\n<div class=\"rich-description\">\n<div class=\"description\">\n<div class=\"rich-content\">\n<p>Le filtre \u00e0 charbon actif est destin\u00e9 \u00e0 remplac\u00e9 le filtre usag\u00e9 ou arriv\u00e9 en fin de vie du <strong>bac \u00e0 liti\u00e8re de la gamme Mao<\/strong>, de Trixie.<\/p>\n<\/div>\n<\/div>\n<\/div>\n","protected":false},"featured_media":915203,"template":"","meta":[],"product_cat":[12548,2697,12628],"product_tag":[],"class_list":{"0":"post-550623","1":"product","2":"type-product","3":"status-publish","4":"has-post-thumbnail","6":"product_cat-accessoire-du-chat","7":"product_cat-chat","8":"product_cat-litieres-du-chat","9":"pa_marque-trixie","11":"first","12":"instock","13":"taxable","14":"shipping-taxable","15":"purchasable","16":"product-type-simple"},"yoast_head":"<!-- This site is optimized with the Yoast SEO plugin v27.3 - https:\/\/yoast.com\/product\/yoast-seo-wordpress\/ -->\n<title>Filtre pour bac \u00e0 liti\u00e8re d&#039;angle Maro Trixie - V\u00e9torino<\/title>\n<meta name=\"description\" content=\"Filtre pour bac \u00e0 liti\u00e8re d&#039;angle trixie Maro       Le filtre \u00e0 charbon actif est destin\u00e9 \u00e0 remplac\u00e9 le filtre usag\u00e9 ou arriv\u00e9 en fin de vie du bac \u00e0 liti\u00e8re de la gamme Mao, de Trixie.\" \/>\n<meta name=\"robots\" content=\"noindex, nofollow\" \/>\n<meta property=\"og:locale\" content=\"fr_FR\" \/>\n<meta property=\"og:type\" content=\"article\" \/>\n<meta property=\"og:title\" content=\"Filtre pour bac \u00e0 liti\u00e8re d&#039;angle Maro Trixie - V\u00e9torino\" \/>\n<meta property=\"og:description\" content=\"Filtre pour bac \u00e0 liti\u00e8re d&#039;angle trixie Maro       Le filtre \u00e0 charbon actif est destin\u00e9 \u00e0 remplac\u00e9 le filtre usag\u00e9 ou arriv\u00e9 en fin de vie du bac \u00e0 liti\u00e8re de la gamme Mao, de Trixie.\" \/>\n<meta property=\"og:url\" content=\"https:\/\/www.vetorino.com\/veterinaire\/confolens-16500\/boutique\/product\/filtre-pour-bac-a-litiere-dangle-trixie-maro\/\" \/>\n<meta property=\"og:site_name\" content=\"V\u00e9torino\" \/>\n<meta property=\"article:publisher\" content=\"https:\/\/www.facebook.com\/Vetorino\/\" \/>\n<meta property=\"article:modified_time\" content=\"2026-02-24T01:42:12+00:00\" \/>\n<meta property=\"og:image\" content=\"https:\/\/www.vetorino.com\/boutique\/wp-content\/uploads\/2023\/02\/trixie_bac_liti_re_d_angle_maro_avec_filtre_1.jpg\" \/>\n\t<meta property=\"og:image:width\" content=\"900\" \/>\n\t<meta property=\"og:image:height\" content=\"599\" \/>\n\t<meta property=\"og:image:type\" content=\"image\/jpeg\" \/>\n<meta name=\"twitter:card\" content=\"summary_large_image\" \/>\n<meta name=\"twitter:label1\" content=\"Prix\" \/>\n\t<meta name=\"twitter:data1\" content=\"2,10&euro;\" \/>\n\t<meta name=\"twitter:label2\" content=\"Disponibilit\u00e9\" \/>\n\t<meta name=\"twitter:data2\" content=\"En stock\" \/>\n<script type=\"application\/ld+json\" class=\"yoast-schema-graph\">{\"@context\":\"https:\\\/\\\/schema.org\",\"@graph\":[{\"@type\":\"WebPage\",\"@id\":\"https:\\\/\\\/www.vetorino.com\\\/veterinaire\\\/evry-91000\\\/boutique\\\/product\\\/filtre-pour-bac-a-litiere-dangle-trixie-maro\\\/\",\"url\":\"https:\\\/\\\/www.vetorino.com\\\/veterinaire\\\/evry-91000\\\/boutique\\\/product\\\/filtre-pour-bac-a-litiere-dangle-trixie-maro\\\/\",\"name\":\"Filtre pour bac \u00e0 liti\u00e8re d'angle Maro Trixie - V\u00e9torino\",\"isPartOf\":{\"@id\":\"https:\\\/\\\/www.vetorino.com\\\/boutique\\\/#website\"},\"primaryImageOfPage\":{\"@id\":\"https:\\\/\\\/www.vetorino.com\\\/veterinaire\\\/evry-91000\\\/boutique\\\/product\\\/filtre-pour-bac-a-litiere-dangle-trixie-maro\\\/#primaryimage\"},\"image\":{\"@id\":\"https:\\\/\\\/www.vetorino.com\\\/veterinaire\\\/evry-91000\\\/boutique\\\/product\\\/filtre-pour-bac-a-litiere-dangle-trixie-maro\\\/#primaryimage\"},\"thumbnailUrl\":\"https:\\\/\\\/www.vetorino.com\\\/boutique\\\/wp-content\\\/uploads\\\/2023\\\/02\\\/trixie_bac_liti_re_d_angle_maro_avec_filtre_1.jpg\",\"datePublished\":\"2023-02-01T16:11:47+00:00\",\"dateModified\":\"2026-02-24T01:42:12+00:00\",\"description\":\"Filtre pour bac \u00e0 liti\u00e8re d'angle trixie Maro Le filtre \u00e0 charbon actif est destin\u00e9 \u00e0 remplac\u00e9 le filtre usag\u00e9 ou arriv\u00e9 en fin de vie du bac \u00e0 liti\u00e8re de la gamme Mao, de Trixie.\",\"breadcrumb\":{\"@id\":\"https:\\\/\\\/www.vetorino.com\\\/veterinaire\\\/evry-91000\\\/boutique\\\/product\\\/filtre-pour-bac-a-litiere-dangle-trixie-maro\\\/#breadcrumb\"},\"inLanguage\":\"fr-FR\",\"potentialAction\":[{\"@type\":\"ReadAction\",\"target\":[\"https:\\\/\\\/www.vetorino.com\\\/veterinaire\\\/evry-91000\\\/boutique\\\/product\\\/filtre-pour-bac-a-litiere-dangle-trixie-maro\\\/\"]}]},{\"@type\":\"ImageObject\",\"inLanguage\":\"fr-FR\",\"@id\":\"https:\\\/\\\/www.vetorino.com\\\/veterinaire\\\/evry-91000\\\/boutique\\\/product\\\/filtre-pour-bac-a-litiere-dangle-trixie-maro\\\/#primaryimage\",\"url\":\"https:\\\/\\\/www.vetorino.com\\\/boutique\\\/wp-content\\\/uploads\\\/2023\\\/02\\\/trixie_bac_liti_re_d_angle_maro_avec_filtre_1.jpg\",\"contentUrl\":\"https:\\\/\\\/www.vetorino.com\\\/boutique\\\/wp-content\\\/uploads\\\/2023\\\/02\\\/trixie_bac_liti_re_d_angle_maro_avec_filtre_1.jpg\",\"width\":900,\"height\":599},{\"@type\":\"BreadcrumbList\",\"@id\":\"https:\\\/\\\/www.vetorino.com\\\/veterinaire\\\/evry-91000\\\/boutique\\\/product\\\/filtre-pour-bac-a-litiere-dangle-trixie-maro\\\/#breadcrumb\",\"itemListElement\":[{\"@type\":\"ListItem\",\"position\":1,\"name\":\"Accueil\",\"item\":\"https:\\\/\\\/www.vetorino.com\\\/boutique\\\/\"},{\"@type\":\"ListItem\",\"position\":2,\"name\":\"Produits\",\"item\":\"https:\\\/\\\/www.vetorino.com\\\/boutique\\\/\"},{\"@type\":\"ListItem\",\"position\":3,\"name\":\"Filtre pour bac \u00e0 liti\u00e8re d&#8217;angle Maro\"}]},{\"@type\":\"WebSite\",\"@id\":\"https:\\\/\\\/www.vetorino.com\\\/boutique\\\/#website\",\"url\":\"https:\\\/\\\/www.vetorino.com\\\/boutique\\\/\",\"name\":\"V\u00e9torino\",\"description\":\"\",\"publisher\":{\"@id\":\"https:\\\/\\\/www.vetorino.com\\\/boutique\\\/#organization\"},\"potentialAction\":[{\"@type\":\"SearchAction\",\"target\":{\"@type\":\"EntryPoint\",\"urlTemplate\":\"https:\\\/\\\/www.vetorino.com\\\/boutique\\\/?s={search_term_string}\"},\"query-input\":{\"@type\":\"PropertyValueSpecification\",\"valueRequired\":true,\"valueName\":\"search_term_string\"}}],\"inLanguage\":\"fr-FR\"},{\"@type\":\"Organization\",\"@id\":\"https:\\\/\\\/www.vetorino.com\\\/boutique\\\/#organization\",\"name\":\"V\u00e9torino\",\"url\":\"https:\\\/\\\/www.vetorino.com\\\/boutique\\\/\",\"logo\":{\"@type\":\"ImageObject\",\"inLanguage\":\"fr-FR\",\"@id\":\"https:\\\/\\\/www.vetorino.com\\\/boutique\\\/#\\\/schema\\\/logo\\\/image\\\/\",\"url\":\"https:\\\/\\\/www.vetorino.com\\\/boutique\\\/wp-content\\\/uploads\\\/2024\\\/10\\\/logo.jpg\",\"contentUrl\":\"https:\\\/\\\/www.vetorino.com\\\/boutique\\\/wp-content\\\/uploads\\\/2024\\\/10\\\/logo.jpg\",\"width\":1200,\"height\":610,\"caption\":\"V\u00e9torino\"},\"image\":{\"@id\":\"https:\\\/\\\/www.vetorino.com\\\/boutique\\\/#\\\/schema\\\/logo\\\/image\\\/\"},\"sameAs\":[\"https:\\\/\\\/www.facebook.com\\\/Vetorino\\\/\",\"https:\\\/\\\/www.instagram.com\\\/vetorino_off\\\/\",\"https:\\\/\\\/www.linkedin.com\\\/company\\\/vtorino\\\/\"]}]}<\/script>\n<meta property=\"product:brand\" content=\"Trixie\" \/>\n<meta property=\"product:price:amount\" content=\"2.10\" \/>\n<meta property=\"product:price:currency\" content=\"EUR\" \/>\n<meta property=\"og:availability\" content=\"instock\" \/>\n<meta property=\"product:availability\" content=\"instock\" \/>\n<meta property=\"product:retailer_item_id\" content=\"C-FIL700\" \/>\n<meta property=\"product:condition\" content=\"new\" \/>\n<!-- \/ Yoast SEO plugin. -->","yoast_head_json":{"title":"Filtre pour bac \u00e0 liti\u00e8re d'angle Maro Trixie - V\u00e9torino","description":"Filtre pour bac \u00e0 liti\u00e8re d'angle trixie Maro       Le filtre \u00e0 charbon actif est destin\u00e9 \u00e0 remplac\u00e9 le filtre usag\u00e9 ou arriv\u00e9 en fin de vie du bac \u00e0 liti\u00e8re de la gamme Mao, de Trixie.","robots":{"index":"noindex","follow":"nofollow"},"og_locale":"fr_FR","og_type":"article","og_title":"Filtre pour bac \u00e0 liti\u00e8re d'angle Maro Trixie - V\u00e9torino","og_description":"Filtre pour bac \u00e0 liti\u00e8re d'angle trixie Maro       Le filtre \u00e0 charbon actif est destin\u00e9 \u00e0 remplac\u00e9 le filtre usag\u00e9 ou arriv\u00e9 en fin de vie du bac \u00e0 liti\u00e8re de la gamme Mao, de Trixie.","og_url":"https:\/\/www.vetorino.com\/veterinaire\/confolens-16500\/boutique\/product\/filtre-pour-bac-a-litiere-dangle-trixie-maro\/","og_site_name":"V\u00e9torino","article_publisher":"https:\/\/www.facebook.com\/Vetorino\/","article_modified_time":"2026-02-24T01:42:12+00:00","og_image":[{"width":900,"height":599,"url":"https:\/\/www.vetorino.com\/boutique\/wp-content\/uploads\/2023\/02\/trixie_bac_liti_re_d_angle_maro_avec_filtre_1.jpg","type":"image\/jpeg"}],"twitter_card":"summary_large_image","twitter_misc":{"Prix":"2,10&euro;","Disponibilit\u00e9":"En stock"},"schema":{"@context":"https:\/\/schema.org","@graph":[{"@type":"WebPage","@id":"https:\/\/www.vetorino.com\/veterinaire\/evry-91000\/boutique\/product\/filtre-pour-bac-a-litiere-dangle-trixie-maro\/","url":"https:\/\/www.vetorino.com\/veterinaire\/evry-91000\/boutique\/product\/filtre-pour-bac-a-litiere-dangle-trixie-maro\/","name":"Filtre pour bac \u00e0 liti\u00e8re d'angle Maro Trixie - V\u00e9torino","isPartOf":{"@id":"https:\/\/www.vetorino.com\/boutique\/#website"},"primaryImageOfPage":{"@id":"https:\/\/www.vetorino.com\/veterinaire\/evry-91000\/boutique\/product\/filtre-pour-bac-a-litiere-dangle-trixie-maro\/#primaryimage"},"image":{"@id":"https:\/\/www.vetorino.com\/veterinaire\/evry-91000\/boutique\/product\/filtre-pour-bac-a-litiere-dangle-trixie-maro\/#primaryimage"},"thumbnailUrl":"https:\/\/www.vetorino.com\/boutique\/wp-content\/uploads\/2023\/02\/trixie_bac_liti_re_d_angle_maro_avec_filtre_1.jpg","datePublished":"2023-02-01T16:11:47+00:00","dateModified":"2026-02-24T01:42:12+00:00","description":"Filtre pour bac \u00e0 liti\u00e8re d'angle trixie Maro Le filtre \u00e0 charbon actif est destin\u00e9 \u00e0 remplac\u00e9 le filtre usag\u00e9 ou arriv\u00e9 en fin de vie du bac \u00e0 liti\u00e8re de la gamme Mao, de Trixie.","breadcrumb":{"@id":"https:\/\/www.vetorino.com\/veterinaire\/evry-91000\/boutique\/product\/filtre-pour-bac-a-litiere-dangle-trixie-maro\/#breadcrumb"},"inLanguage":"fr-FR","potentialAction":[{"@type":"ReadAction","target":["https:\/\/www.vetorino.com\/veterinaire\/evry-91000\/boutique\/product\/filtre-pour-bac-a-litiere-dangle-trixie-maro\/"]}]},{"@type":"ImageObject","inLanguage":"fr-FR","@id":"https:\/\/www.vetorino.com\/veterinaire\/evry-91000\/boutique\/product\/filtre-pour-bac-a-litiere-dangle-trixie-maro\/#primaryimage","url":"https:\/\/www.vetorino.com\/boutique\/wp-content\/uploads\/2023\/02\/trixie_bac_liti_re_d_angle_maro_avec_filtre_1.jpg","contentUrl":"https:\/\/www.vetorino.com\/boutique\/wp-content\/uploads\/2023\/02\/trixie_bac_liti_re_d_angle_maro_avec_filtre_1.jpg","width":900,"height":599},{"@type":"BreadcrumbList","@id":"https:\/\/www.vetorino.com\/veterinaire\/evry-91000\/boutique\/product\/filtre-pour-bac-a-litiere-dangle-trixie-maro\/#breadcrumb","itemListElement":[{"@type":"ListItem","position":1,"name":"Accueil","item":"https:\/\/www.vetorino.com\/boutique\/"},{"@type":"ListItem","position":2,"name":"Produits","item":"https:\/\/www.vetorino.com\/boutique\/"},{"@type":"ListItem","position":3,"name":"Filtre pour bac \u00e0 liti\u00e8re d&#8217;angle Maro"}]},{"@type":"WebSite","@id":"https:\/\/www.vetorino.com\/boutique\/#website","url":"https:\/\/www.vetorino.com\/boutique\/","name":"V\u00e9torino","description":"","publisher":{"@id":"https:\/\/www.vetorino.com\/boutique\/#organization"},"potentialAction":[{"@type":"SearchAction","target":{"@type":"EntryPoint","urlTemplate":"https:\/\/www.vetorino.com\/boutique\/?s={search_term_string}"},"query-input":{"@type":"PropertyValueSpecification","valueRequired":true,"valueName":"search_term_string"}}],"inLanguage":"fr-FR"},{"@type":"Organization","@id":"https:\/\/www.vetorino.com\/boutique\/#organization","name":"V\u00e9torino","url":"https:\/\/www.vetorino.com\/boutique\/","logo":{"@type":"ImageObject","inLanguage":"fr-FR","@id":"https:\/\/www.vetorino.com\/boutique\/#\/schema\/logo\/image\/","url":"https:\/\/www.vetorino.com\/boutique\/wp-content\/uploads\/2024\/10\/logo.jpg","contentUrl":"https:\/\/www.vetorino.com\/boutique\/wp-content\/uploads\/2024\/10\/logo.jpg","width":1200,"height":610,"caption":"V\u00e9torino"},"image":{"@id":"https:\/\/www.vetorino.com\/boutique\/#\/schema\/logo\/image\/"},"sameAs":["https:\/\/www.facebook.com\/Vetorino\/","https:\/\/www.instagram.com\/vetorino_off\/","https:\/\/www.linkedin.com\/company\/vtorino\/"]}]},"product_brand":"Trixie","product_price_amount":"2.10","product_price_currency":"EUR","og_availability":"instock","product_availability":"instock","product_retailer_item_id":"C-FIL700","product_condition":"new"},"_links":{"self":[{"href":"https:\/\/www.vetorino.com\/veterinaire\/confolens-16500\/boutique\/wp-json\/wp\/v2\/product\/550623","targetHints":{"allow":["GET"]}}],"collection":[{"href":"https:\/\/www.vetorino.com\/veterinaire\/confolens-16500\/boutique\/wp-json\/wp\/v2\/product"}],"about":[{"href":"https:\/\/www.vetorino.com\/veterinaire\/confolens-16500\/boutique\/wp-json\/wp\/v2\/types\/product"}],"wp:featuredmedia":[{"embeddable":true,"href":"https:\/\/www.vetorino.com\/veterinaire\/confolens-16500\/boutique\/wp-json\/wp\/v2\/media\/915203"}],"wp:attachment":[{"href":"https:\/\/www.vetorino.com\/veterinaire\/confolens-16500\/boutique\/wp-json\/wp\/v2\/media?parent=550623"}],"wp:term":[{"taxonomy":"product_cat","embeddable":true,"href":"https:\/\/www.vetorino.com\/veterinaire\/confolens-16500\/boutique\/wp-json\/wp\/v2\/product_cat?post=550623"},{"taxonomy":"product_tag","embeddable":true,"href":"https:\/\/www.vetorino.com\/veterinaire\/confolens-16500\/boutique\/wp-json\/wp\/v2\/product_tag?post=550623"}],"curies":[{"name":"wp","href":"https:\/\/api.w.org\/{rel}","templated":true}]}}