{"id":550633,"date":"2023-02-01T17:13:45","date_gmt":"2023-02-01T16:13:45","guid":{"rendered":"https:\/\/www.vetorino.com\/boutique\/product\/gamelle-trixie-double-bol-en-ceramique-sur-support-metal\/"},"modified":"2026-03-21T00:27:22","modified_gmt":"2026-03-20T23:27:22","slug":"gamelle-trixie-double-bol-en-ceramique-sur-support-metal","status":"publish","type":"product","link":"https:\/\/www.vetorino.com\/veterinaire\/confolens-16500\/boutique\/product\/gamelle-trixie-double-bol-en-ceramique-sur-support-metal\/","title":{"rendered":"Gamelle double bol en c\u00e9ramique"},"content":{"rendered":"<p><strong>Les gamelles doubles en c\u00e9ramique sont pratiques et esth\u00e9tiques pour donner \u00e0 manger \u00e0 votre chien ou chat. Elles sont utilis\u00e9es pour fournir de la nourriture et de l&#8217;eau \u00e0 un animal en m\u00eame temps.<\/strong><\/p>\n<p>Les avantages de la gamelle double bol en c\u00e9ramique :<\/p>\n<ul>\n<li>Les bols sont fabriqu\u00e9s en c\u00e9ramique, un mat\u00e9riau durable, non-toxique et facile \u00e0 nettoyer. Support m\u00e9tal, enduit, noir.<\/li>\n<li>Comportent deux bols s\u00e9par\u00e9s sur le m\u00eame support pour combiner la nourriture et l&#8217;eau, ce qui peut \u00eatre pratique pour les propri\u00e9taires d&#8217;animaux.<\/li>\n<li>Les gamelles doubles en c\u00e9ramique disposent de pieds en caoutchouc antid\u00e9rapante pour maintenir les gamelles lorsque votre animal mange.<\/li>\n<li>Ecuelles lavables au lave-vaisselle.<\/li>\n<li>Disponibles en 2 coloris diff\u00e9rents (noir\/rouge, bleu\/gris).<\/li>\n<\/ul>\n","protected":false},"excerpt":{"rendered":"<p><strong>Les gamelles doubles en c\u00e9ramique sont pratiques et esth\u00e9tiques pour donner \u00e0 manger \u00e0 votre chien ou chat. Elles sont utilis\u00e9es pour fournir de la nourriture et de l&#8217;eau \u00e0 un animal en m\u00eame temps.<\/strong><\/p>\n","protected":false},"featured_media":915830,"template":"","meta":[],"product_cat":[12548,12550,2697,2698,12596,12606],"product_tag":[],"class_list":{"0":"post-550633","1":"product","2":"type-product","3":"status-publish","4":"has-post-thumbnail","6":"product_cat-accessoire-du-chat","7":"product_cat-accessoires-du-chien","8":"product_cat-chat","9":"product_cat-chien","10":"product_cat-confort-du-chien","11":"product_cat-gamelles-pour-chat","12":"pa_marque-trixie","14":"first","15":"instock","16":"taxable","17":"shipping-taxable","18":"purchasable","19":"product-type-variable"},"yoast_head":"<!-- This site is optimized with the Yoast SEO plugin v27.3 - https:\/\/yoast.com\/product\/yoast-seo-wordpress\/ -->\n<title>Gamelle double bol en c\u00e9ramique Trixie - V\u00e9torino<\/title>\n<meta name=\"description\" content=\"Les gamelles doubles en c\u00e9ramique sont pratiques et esth\u00e9tiques pour donner \u00e0 manger \u00e0 votre chien ou chat. Elles sont utilis\u00e9es pour fournir de la nourriture et de l&#039;eau \u00e0 un animal en m\u00eame temps.\" \/>\n<meta name=\"robots\" content=\"noindex, nofollow\" \/>\n<meta property=\"og:locale\" content=\"fr_FR\" \/>\n<meta property=\"og:type\" content=\"article\" \/>\n<meta property=\"og:title\" content=\"Gamelle double bol en c\u00e9ramique Trixie - V\u00e9torino\" \/>\n<meta property=\"og:description\" content=\"Les gamelles doubles en c\u00e9ramique sont pratiques et esth\u00e9tiques pour donner \u00e0 manger \u00e0 votre chien ou chat. Elles sont utilis\u00e9es pour fournir de la nourriture et de l&#039;eau \u00e0 un animal en m\u00eame temps.\" \/>\n<meta property=\"og:url\" content=\"https:\/\/www.vetorino.com\/veterinaire\/confolens-16500\/boutique\/product\/gamelle-trixie-double-bol-en-ceramique-sur-support-metal\/\" \/>\n<meta property=\"og:site_name\" content=\"V\u00e9torino\" \/>\n<meta property=\"article:publisher\" content=\"https:\/\/www.facebook.com\/Vetorino\/\" \/>\n<meta property=\"article:modified_time\" content=\"2026-03-20T23:27:22+00:00\" \/>\n<meta property=\"og:image\" content=\"https:\/\/www.vetorino.com\/boutique\/wp-content\/uploads\/2023\/02\/gamelle-double-bol-en-ceramique.webp\" \/>\n\t<meta property=\"og:image:width\" content=\"800\" \/>\n\t<meta property=\"og:image:height\" content=\"800\" \/>\n\t<meta property=\"og:image:type\" content=\"image\/webp\" \/>\n<meta name=\"twitter:card\" content=\"summary_large_image\" \/>\n<meta name=\"twitter:label1\" content=\"Disponibilit\u00e9\" \/>\n\t<meta name=\"twitter:data1\" content=\"En stock\" \/>\n<script type=\"application\/ld+json\" class=\"yoast-schema-graph\">{\"@context\":\"https:\\\/\\\/schema.org\",\"@graph\":[{\"@type\":\"WebPage\",\"@id\":\"https:\\\/\\\/www.vetorino.com\\\/veterinaire\\\/evry-91000\\\/boutique\\\/product\\\/gamelle-trixie-double-bol-en-ceramique-sur-support-metal\\\/\",\"url\":\"https:\\\/\\\/www.vetorino.com\\\/veterinaire\\\/evry-91000\\\/boutique\\\/product\\\/gamelle-trixie-double-bol-en-ceramique-sur-support-metal\\\/\",\"name\":\"Gamelle double bol en c\u00e9ramique Trixie - V\u00e9torino\",\"isPartOf\":{\"@id\":\"https:\\\/\\\/www.vetorino.com\\\/boutique\\\/#website\"},\"primaryImageOfPage\":{\"@id\":\"https:\\\/\\\/www.vetorino.com\\\/veterinaire\\\/evry-91000\\\/boutique\\\/product\\\/gamelle-trixie-double-bol-en-ceramique-sur-support-metal\\\/#primaryimage\"},\"image\":{\"@id\":\"https:\\\/\\\/www.vetorino.com\\\/veterinaire\\\/evry-91000\\\/boutique\\\/product\\\/gamelle-trixie-double-bol-en-ceramique-sur-support-metal\\\/#primaryimage\"},\"thumbnailUrl\":\"https:\\\/\\\/www.vetorino.com\\\/boutique\\\/wp-content\\\/uploads\\\/2023\\\/02\\\/gamelle-double-bol-en-ceramique.webp\",\"datePublished\":\"2023-02-01T16:13:45+00:00\",\"dateModified\":\"2026-03-20T23:27:22+00:00\",\"description\":\"Les gamelles doubles en c\u00e9ramique sont pratiques et esth\u00e9tiques pour donner \u00e0 manger \u00e0 votre chien ou chat. Elles sont utilis\u00e9es pour fournir de la nourriture et de l'eau \u00e0 un animal en m\u00eame temps.\",\"breadcrumb\":{\"@id\":\"https:\\\/\\\/www.vetorino.com\\\/veterinaire\\\/evry-91000\\\/boutique\\\/product\\\/gamelle-trixie-double-bol-en-ceramique-sur-support-metal\\\/#breadcrumb\"},\"inLanguage\":\"fr-FR\",\"potentialAction\":[{\"@type\":\"ReadAction\",\"target\":[\"https:\\\/\\\/www.vetorino.com\\\/veterinaire\\\/evry-91000\\\/boutique\\\/product\\\/gamelle-trixie-double-bol-en-ceramique-sur-support-metal\\\/\"]}]},{\"@type\":\"ImageObject\",\"inLanguage\":\"fr-FR\",\"@id\":\"https:\\\/\\\/www.vetorino.com\\\/veterinaire\\\/evry-91000\\\/boutique\\\/product\\\/gamelle-trixie-double-bol-en-ceramique-sur-support-metal\\\/#primaryimage\",\"url\":\"https:\\\/\\\/www.vetorino.com\\\/boutique\\\/wp-content\\\/uploads\\\/2023\\\/02\\\/gamelle-double-bol-en-ceramique.webp\",\"contentUrl\":\"https:\\\/\\\/www.vetorino.com\\\/boutique\\\/wp-content\\\/uploads\\\/2023\\\/02\\\/gamelle-double-bol-en-ceramique.webp\",\"width\":800,\"height\":800},{\"@type\":\"BreadcrumbList\",\"@id\":\"https:\\\/\\\/www.vetorino.com\\\/veterinaire\\\/evry-91000\\\/boutique\\\/product\\\/gamelle-trixie-double-bol-en-ceramique-sur-support-metal\\\/#breadcrumb\",\"itemListElement\":[{\"@type\":\"ListItem\",\"position\":1,\"name\":\"Accueil\",\"item\":\"https:\\\/\\\/www.vetorino.com\\\/boutique\\\/\"},{\"@type\":\"ListItem\",\"position\":2,\"name\":\"Produits\",\"item\":\"https:\\\/\\\/www.vetorino.com\\\/boutique\\\/\"},{\"@type\":\"ListItem\",\"position\":3,\"name\":\"Gamelle double bol en c\u00e9ramique\"}]},{\"@type\":\"WebSite\",\"@id\":\"https:\\\/\\\/www.vetorino.com\\\/boutique\\\/#website\",\"url\":\"https:\\\/\\\/www.vetorino.com\\\/boutique\\\/\",\"name\":\"V\u00e9torino\",\"description\":\"\",\"publisher\":{\"@id\":\"https:\\\/\\\/www.vetorino.com\\\/boutique\\\/#organization\"},\"potentialAction\":[{\"@type\":\"SearchAction\",\"target\":{\"@type\":\"EntryPoint\",\"urlTemplate\":\"https:\\\/\\\/www.vetorino.com\\\/boutique\\\/?s={search_term_string}\"},\"query-input\":{\"@type\":\"PropertyValueSpecification\",\"valueRequired\":true,\"valueName\":\"search_term_string\"}}],\"inLanguage\":\"fr-FR\"},{\"@type\":\"Organization\",\"@id\":\"https:\\\/\\\/www.vetorino.com\\\/boutique\\\/#organization\",\"name\":\"V\u00e9torino\",\"url\":\"https:\\\/\\\/www.vetorino.com\\\/boutique\\\/\",\"logo\":{\"@type\":\"ImageObject\",\"inLanguage\":\"fr-FR\",\"@id\":\"https:\\\/\\\/www.vetorino.com\\\/boutique\\\/#\\\/schema\\\/logo\\\/image\\\/\",\"url\":\"https:\\\/\\\/www.vetorino.com\\\/boutique\\\/wp-content\\\/uploads\\\/2024\\\/10\\\/logo.jpg\",\"contentUrl\":\"https:\\\/\\\/www.vetorino.com\\\/boutique\\\/wp-content\\\/uploads\\\/2024\\\/10\\\/logo.jpg\",\"width\":1200,\"height\":610,\"caption\":\"V\u00e9torino\"},\"image\":{\"@id\":\"https:\\\/\\\/www.vetorino.com\\\/boutique\\\/#\\\/schema\\\/logo\\\/image\\\/\"},\"sameAs\":[\"https:\\\/\\\/www.facebook.com\\\/Vetorino\\\/\",\"https:\\\/\\\/www.instagram.com\\\/vetorino_off\\\/\",\"https:\\\/\\\/www.linkedin.com\\\/company\\\/vtorino\\\/\"]}]}<\/script>\n<meta property=\"product:brand\" content=\"Trixie\" \/>\n<meta property=\"og:availability\" content=\"instock\" \/>\n<meta property=\"product:availability\" content=\"instock\" \/>\n<meta property=\"product:condition\" content=\"new\" \/>\n<!-- \/ Yoast SEO plugin. -->","yoast_head_json":{"title":"Gamelle double bol en c\u00e9ramique Trixie - V\u00e9torino","description":"Les gamelles doubles en c\u00e9ramique sont pratiques et esth\u00e9tiques pour donner \u00e0 manger \u00e0 votre chien ou chat. Elles sont utilis\u00e9es pour fournir de la nourriture et de l'eau \u00e0 un animal en m\u00eame temps.","robots":{"index":"noindex","follow":"nofollow"},"og_locale":"fr_FR","og_type":"article","og_title":"Gamelle double bol en c\u00e9ramique Trixie - V\u00e9torino","og_description":"Les gamelles doubles en c\u00e9ramique sont pratiques et esth\u00e9tiques pour donner \u00e0 manger \u00e0 votre chien ou chat. Elles sont utilis\u00e9es pour fournir de la nourriture et de l'eau \u00e0 un animal en m\u00eame temps.","og_url":"https:\/\/www.vetorino.com\/veterinaire\/confolens-16500\/boutique\/product\/gamelle-trixie-double-bol-en-ceramique-sur-support-metal\/","og_site_name":"V\u00e9torino","article_publisher":"https:\/\/www.facebook.com\/Vetorino\/","article_modified_time":"2026-03-20T23:27:22+00:00","og_image":[{"width":800,"height":800,"url":"https:\/\/www.vetorino.com\/boutique\/wp-content\/uploads\/2023\/02\/gamelle-double-bol-en-ceramique.webp","type":"image\/webp"}],"twitter_card":"summary_large_image","twitter_misc":{"Disponibilit\u00e9":"En stock"},"schema":{"@context":"https:\/\/schema.org","@graph":[{"@type":"WebPage","@id":"https:\/\/www.vetorino.com\/veterinaire\/evry-91000\/boutique\/product\/gamelle-trixie-double-bol-en-ceramique-sur-support-metal\/","url":"https:\/\/www.vetorino.com\/veterinaire\/evry-91000\/boutique\/product\/gamelle-trixie-double-bol-en-ceramique-sur-support-metal\/","name":"Gamelle double bol en c\u00e9ramique Trixie - V\u00e9torino","isPartOf":{"@id":"https:\/\/www.vetorino.com\/boutique\/#website"},"primaryImageOfPage":{"@id":"https:\/\/www.vetorino.com\/veterinaire\/evry-91000\/boutique\/product\/gamelle-trixie-double-bol-en-ceramique-sur-support-metal\/#primaryimage"},"image":{"@id":"https:\/\/www.vetorino.com\/veterinaire\/evry-91000\/boutique\/product\/gamelle-trixie-double-bol-en-ceramique-sur-support-metal\/#primaryimage"},"thumbnailUrl":"https:\/\/www.vetorino.com\/boutique\/wp-content\/uploads\/2023\/02\/gamelle-double-bol-en-ceramique.webp","datePublished":"2023-02-01T16:13:45+00:00","dateModified":"2026-03-20T23:27:22+00:00","description":"Les gamelles doubles en c\u00e9ramique sont pratiques et esth\u00e9tiques pour donner \u00e0 manger \u00e0 votre chien ou chat. Elles sont utilis\u00e9es pour fournir de la nourriture et de l'eau \u00e0 un animal en m\u00eame temps.","breadcrumb":{"@id":"https:\/\/www.vetorino.com\/veterinaire\/evry-91000\/boutique\/product\/gamelle-trixie-double-bol-en-ceramique-sur-support-metal\/#breadcrumb"},"inLanguage":"fr-FR","potentialAction":[{"@type":"ReadAction","target":["https:\/\/www.vetorino.com\/veterinaire\/evry-91000\/boutique\/product\/gamelle-trixie-double-bol-en-ceramique-sur-support-metal\/"]}]},{"@type":"ImageObject","inLanguage":"fr-FR","@id":"https:\/\/www.vetorino.com\/veterinaire\/evry-91000\/boutique\/product\/gamelle-trixie-double-bol-en-ceramique-sur-support-metal\/#primaryimage","url":"https:\/\/www.vetorino.com\/boutique\/wp-content\/uploads\/2023\/02\/gamelle-double-bol-en-ceramique.webp","contentUrl":"https:\/\/www.vetorino.com\/boutique\/wp-content\/uploads\/2023\/02\/gamelle-double-bol-en-ceramique.webp","width":800,"height":800},{"@type":"BreadcrumbList","@id":"https:\/\/www.vetorino.com\/veterinaire\/evry-91000\/boutique\/product\/gamelle-trixie-double-bol-en-ceramique-sur-support-metal\/#breadcrumb","itemListElement":[{"@type":"ListItem","position":1,"name":"Accueil","item":"https:\/\/www.vetorino.com\/boutique\/"},{"@type":"ListItem","position":2,"name":"Produits","item":"https:\/\/www.vetorino.com\/boutique\/"},{"@type":"ListItem","position":3,"name":"Gamelle double bol en c\u00e9ramique"}]},{"@type":"WebSite","@id":"https:\/\/www.vetorino.com\/boutique\/#website","url":"https:\/\/www.vetorino.com\/boutique\/","name":"V\u00e9torino","description":"","publisher":{"@id":"https:\/\/www.vetorino.com\/boutique\/#organization"},"potentialAction":[{"@type":"SearchAction","target":{"@type":"EntryPoint","urlTemplate":"https:\/\/www.vetorino.com\/boutique\/?s={search_term_string}"},"query-input":{"@type":"PropertyValueSpecification","valueRequired":true,"valueName":"search_term_string"}}],"inLanguage":"fr-FR"},{"@type":"Organization","@id":"https:\/\/www.vetorino.com\/boutique\/#organization","name":"V\u00e9torino","url":"https:\/\/www.vetorino.com\/boutique\/","logo":{"@type":"ImageObject","inLanguage":"fr-FR","@id":"https:\/\/www.vetorino.com\/boutique\/#\/schema\/logo\/image\/","url":"https:\/\/www.vetorino.com\/boutique\/wp-content\/uploads\/2024\/10\/logo.jpg","contentUrl":"https:\/\/www.vetorino.com\/boutique\/wp-content\/uploads\/2024\/10\/logo.jpg","width":1200,"height":610,"caption":"V\u00e9torino"},"image":{"@id":"https:\/\/www.vetorino.com\/boutique\/#\/schema\/logo\/image\/"},"sameAs":["https:\/\/www.facebook.com\/Vetorino\/","https:\/\/www.instagram.com\/vetorino_off\/","https:\/\/www.linkedin.com\/company\/vtorino\/"]}]},"product_brand":"Trixie","og_availability":"instock","product_availability":"instock","product_condition":"new"},"_links":{"self":[{"href":"https:\/\/www.vetorino.com\/veterinaire\/confolens-16500\/boutique\/wp-json\/wp\/v2\/product\/550633","targetHints":{"allow":["GET"]}}],"collection":[{"href":"https:\/\/www.vetorino.com\/veterinaire\/confolens-16500\/boutique\/wp-json\/wp\/v2\/product"}],"about":[{"href":"https:\/\/www.vetorino.com\/veterinaire\/confolens-16500\/boutique\/wp-json\/wp\/v2\/types\/product"}],"wp:featuredmedia":[{"embeddable":true,"href":"https:\/\/www.vetorino.com\/veterinaire\/confolens-16500\/boutique\/wp-json\/wp\/v2\/media\/915830"}],"wp:attachment":[{"href":"https:\/\/www.vetorino.com\/veterinaire\/confolens-16500\/boutique\/wp-json\/wp\/v2\/media?parent=550633"}],"wp:term":[{"taxonomy":"product_cat","embeddable":true,"href":"https:\/\/www.vetorino.com\/veterinaire\/confolens-16500\/boutique\/wp-json\/wp\/v2\/product_cat?post=550633"},{"taxonomy":"product_tag","embeddable":true,"href":"https:\/\/www.vetorino.com\/veterinaire\/confolens-16500\/boutique\/wp-json\/wp\/v2\/product_tag?post=550633"}],"curies":[{"name":"wp","href":"https:\/\/api.w.org\/{rel}","templated":true}]}}