{"id":550675,"date":"2023-02-01T17:21:24","date_gmt":"2023-02-01T16:21:24","guid":{"rendered":"https:\/\/www.vetorino.com\/boutique\/product\/jouet-chat-trixie-junior-doudou-ours-my-catnip\/"},"modified":"2023-07-13T02:42:10","modified_gmt":"2023-07-13T00:42:10","slug":"jouet-chat-trixie-junior-doudou-ours-my-catnip","status":"publish","type":"product","link":"https:\/\/www.vetorino.com\/veterinaire\/confolens-16500\/boutique\/product\/jouet-chat-trixie-junior-doudou-ours-my-catnip\/","title":{"rendered":"Jouet chat Trixie : Junior Doudou Ours My Catnip"},"content":{"rendered":"<ul>\n<li>En polyester.<\/li>\n<li>Herbe \u00e0 chat : Catnip (cataire).<\/li>\n<\/ul>\n","protected":false},"excerpt":{"rendered":"<p><strong>Les chatons qui sont mis en contact avec l&#8217;effet incitatif de jeu d\u00e8s le plus jeune \u00e2ge auront aussi des comportements positifs lorsqu&#8217;ils seront adultes. Ce doudou sera donc parfait comme jouet quotidien.<\/strong><\/p>\n<p><strong>Caract\u00e9ristiques\u00a0 :<\/strong><br \/>\nDimensions : 13 \u00d7 13 cm<br \/>\nMati\u00e8re : En polyester (peluche)<br \/>\nHerbe \u00e0 chat Catnip (cataire)<\/p>\n","protected":false},"featured_media":619995,"template":"","meta":[],"product_cat":[2697,12620,2774],"product_tag":[],"class_list":{"0":"post-550675","1":"product","2":"type-product","3":"status-publish","4":"has-post-thumbnail","6":"product_cat-chat","7":"product_cat-jeux-educatifs-pour-chat","8":"product_cat-souris-peluches-pour-chat","9":"pa_marque-trixie","11":"first","12":"outofstock","13":"taxable","14":"shipping-taxable","15":"purchasable","16":"product-type-simple"},"yoast_head":"<!-- This site is optimized with the Yoast SEO plugin v27.3 - https:\/\/yoast.com\/product\/yoast-seo-wordpress\/ -->\n<title>Jouet chat Trixie : Junior Doudou Ours My Catnip Trixie - V\u00e9torino<\/title>\n<meta name=\"description\" content=\"Les chatons qui sont mis en contact avec l&#039;effet incitatif de jeu d\u00e8s le plus jeune \u00e2ge auront aussi des comportements positifs lorsqu&#039;ils seront adultes. Ce doudou sera donc parfait comme jouet quotidien.  Caract\u00e9ristiques\u00a0 : Dimensions : 13 \u00d7 13 cm Mati\u00e8re : En polyester (peluche) Herbe \u00e0 chat Catnip (cataire)\" \/>\n<meta name=\"robots\" content=\"noindex, nofollow\" \/>\n<meta property=\"og:locale\" content=\"fr_FR\" \/>\n<meta property=\"og:type\" content=\"article\" \/>\n<meta property=\"og:title\" content=\"Jouet chat Trixie : Junior Doudou Ours My Catnip Trixie - V\u00e9torino\" \/>\n<meta property=\"og:description\" content=\"Les chatons qui sont mis en contact avec l&#039;effet incitatif de jeu d\u00e8s le plus jeune \u00e2ge auront aussi des comportements positifs lorsqu&#039;ils seront adultes. Ce doudou sera donc parfait comme jouet quotidien.  Caract\u00e9ristiques\u00a0 : Dimensions : 13 \u00d7 13 cm Mati\u00e8re : En polyester (peluche) Herbe \u00e0 chat Catnip (cataire)\" \/>\n<meta property=\"og:url\" content=\"https:\/\/www.vetorino.com\/veterinaire\/confolens-16500\/boutique\/product\/jouet-chat-trixie-junior-doudou-ours-my-catnip\/\" \/>\n<meta property=\"og:site_name\" content=\"V\u00e9torino\" \/>\n<meta property=\"article:publisher\" content=\"https:\/\/www.facebook.com\/Vetorino\/\" \/>\n<meta property=\"article:modified_time\" content=\"2023-07-13T00:42:10+00:00\" \/>\n<meta property=\"og:image\" content=\"https:\/\/www.vetorino.com\/boutique\/wp-content\/uploads\/2023\/02\/lm_577fde9264cf376fffe2ee4ddf4a988880d1599003034.jpg\" \/>\n\t<meta property=\"og:image:width\" content=\"800\" \/>\n\t<meta property=\"og:image:height\" content=\"431\" \/>\n\t<meta property=\"og:image:type\" content=\"image\/jpeg\" \/>\n<meta name=\"twitter:card\" content=\"summary_large_image\" \/>\n<meta name=\"twitter:label1\" content=\"Prix\" \/>\n\t<meta name=\"twitter:data1\" content=\"5,72&euro;\" \/>\n\t<meta name=\"twitter:label2\" content=\"Disponibilit\u00e9\" \/>\n\t<meta name=\"twitter:data2\" content=\"Rupture de stock\" \/>\n<script type=\"application\/ld+json\" class=\"yoast-schema-graph\">{\"@context\":\"https:\\\/\\\/schema.org\",\"@graph\":[{\"@type\":\"WebPage\",\"@id\":\"https:\\\/\\\/www.vetorino.com\\\/boutique\\\/product\\\/jouet-chat-trixie-junior-doudou-ours-my-catnip\\\/\",\"url\":\"https:\\\/\\\/www.vetorino.com\\\/boutique\\\/product\\\/jouet-chat-trixie-junior-doudou-ours-my-catnip\\\/\",\"name\":\"Jouet chat Trixie : Junior Doudou Ours My Catnip Trixie - V\u00e9torino\",\"isPartOf\":{\"@id\":\"https:\\\/\\\/www.vetorino.com\\\/boutique\\\/#website\"},\"primaryImageOfPage\":{\"@id\":\"https:\\\/\\\/www.vetorino.com\\\/boutique\\\/product\\\/jouet-chat-trixie-junior-doudou-ours-my-catnip\\\/#primaryimage\"},\"image\":{\"@id\":\"https:\\\/\\\/www.vetorino.com\\\/boutique\\\/product\\\/jouet-chat-trixie-junior-doudou-ours-my-catnip\\\/#primaryimage\"},\"thumbnailUrl\":\"https:\\\/\\\/www.vetorino.com\\\/boutique\\\/wp-content\\\/uploads\\\/2023\\\/02\\\/lm_577fde9264cf376fffe2ee4ddf4a988880d1599003034.jpg\",\"datePublished\":\"2023-02-01T16:21:24+00:00\",\"dateModified\":\"2023-07-13T00:42:10+00:00\",\"description\":\"Les chatons qui sont mis en contact avec l'effet incitatif de jeu d\u00e8s le plus jeune \u00e2ge auront aussi des comportements positifs lorsqu'ils seront adultes. Ce doudou sera donc parfait comme jouet quotidien. Caract\u00e9ristiques\u00a0 : Dimensions : 13 \u00d7 13 cm Mati\u00e8re : En polyester (peluche) Herbe \u00e0 chat Catnip (cataire)\",\"breadcrumb\":{\"@id\":\"https:\\\/\\\/www.vetorino.com\\\/boutique\\\/product\\\/jouet-chat-trixie-junior-doudou-ours-my-catnip\\\/#breadcrumb\"},\"inLanguage\":\"fr-FR\",\"potentialAction\":[{\"@type\":\"ReadAction\",\"target\":[\"https:\\\/\\\/www.vetorino.com\\\/boutique\\\/product\\\/jouet-chat-trixie-junior-doudou-ours-my-catnip\\\/\"]}]},{\"@type\":\"ImageObject\",\"inLanguage\":\"fr-FR\",\"@id\":\"https:\\\/\\\/www.vetorino.com\\\/boutique\\\/product\\\/jouet-chat-trixie-junior-doudou-ours-my-catnip\\\/#primaryimage\",\"url\":\"https:\\\/\\\/www.vetorino.com\\\/boutique\\\/wp-content\\\/uploads\\\/2023\\\/02\\\/lm_577fde9264cf376fffe2ee4ddf4a988880d1599003034.jpg\",\"contentUrl\":\"https:\\\/\\\/www.vetorino.com\\\/boutique\\\/wp-content\\\/uploads\\\/2023\\\/02\\\/lm_577fde9264cf376fffe2ee4ddf4a988880d1599003034.jpg\",\"width\":800,\"height\":431},{\"@type\":\"BreadcrumbList\",\"@id\":\"https:\\\/\\\/www.vetorino.com\\\/boutique\\\/product\\\/jouet-chat-trixie-junior-doudou-ours-my-catnip\\\/#breadcrumb\",\"itemListElement\":[{\"@type\":\"ListItem\",\"position\":1,\"name\":\"Accueil\",\"item\":\"https:\\\/\\\/www.vetorino.com\\\/boutique\\\/\"},{\"@type\":\"ListItem\",\"position\":2,\"name\":\"Produits\",\"item\":\"https:\\\/\\\/www.vetorino.com\\\/boutique\\\/\"},{\"@type\":\"ListItem\",\"position\":3,\"name\":\"Jouet chat Trixie : Junior Doudou Ours My Catnip\"}]},{\"@type\":\"WebSite\",\"@id\":\"https:\\\/\\\/www.vetorino.com\\\/boutique\\\/#website\",\"url\":\"https:\\\/\\\/www.vetorino.com\\\/boutique\\\/\",\"name\":\"V\u00e9torino\",\"description\":\"\",\"publisher\":{\"@id\":\"https:\\\/\\\/www.vetorino.com\\\/boutique\\\/#organization\"},\"potentialAction\":[{\"@type\":\"SearchAction\",\"target\":{\"@type\":\"EntryPoint\",\"urlTemplate\":\"https:\\\/\\\/www.vetorino.com\\\/boutique\\\/?s={search_term_string}\"},\"query-input\":{\"@type\":\"PropertyValueSpecification\",\"valueRequired\":true,\"valueName\":\"search_term_string\"}}],\"inLanguage\":\"fr-FR\"},{\"@type\":\"Organization\",\"@id\":\"https:\\\/\\\/www.vetorino.com\\\/boutique\\\/#organization\",\"name\":\"V\u00e9torino\",\"url\":\"https:\\\/\\\/www.vetorino.com\\\/boutique\\\/\",\"logo\":{\"@type\":\"ImageObject\",\"inLanguage\":\"fr-FR\",\"@id\":\"https:\\\/\\\/www.vetorino.com\\\/boutique\\\/#\\\/schema\\\/logo\\\/image\\\/\",\"url\":\"https:\\\/\\\/www.vetorino.com\\\/boutique\\\/wp-content\\\/uploads\\\/2024\\\/10\\\/logo.jpg\",\"contentUrl\":\"https:\\\/\\\/www.vetorino.com\\\/boutique\\\/wp-content\\\/uploads\\\/2024\\\/10\\\/logo.jpg\",\"width\":1200,\"height\":610,\"caption\":\"V\u00e9torino\"},\"image\":{\"@id\":\"https:\\\/\\\/www.vetorino.com\\\/boutique\\\/#\\\/schema\\\/logo\\\/image\\\/\"},\"sameAs\":[\"https:\\\/\\\/www.facebook.com\\\/Vetorino\\\/\",\"https:\\\/\\\/www.instagram.com\\\/vetorino_off\\\/\",\"https:\\\/\\\/www.linkedin.com\\\/company\\\/vtorino\\\/\"]}]}<\/script>\n<meta property=\"product:brand\" content=\"Trixie\" \/>\n<meta property=\"product:price:amount\" content=\"5.72\" \/>\n<meta property=\"product:price:currency\" content=\"EUR\" \/>\n<meta property=\"og:availability\" content=\"out of stock\" \/>\n<meta property=\"product:availability\" content=\"out of stock\" \/>\n<meta property=\"product:retailer_item_id\" content=\"C-JOU331\" \/>\n<meta property=\"product:condition\" content=\"new\" \/>\n<!-- \/ Yoast SEO plugin. -->","yoast_head_json":{"title":"Jouet chat Trixie : Junior Doudou Ours My Catnip Trixie - V\u00e9torino","description":"Les chatons qui sont mis en contact avec l'effet incitatif de jeu d\u00e8s le plus jeune \u00e2ge auront aussi des comportements positifs lorsqu'ils seront adultes. Ce doudou sera donc parfait comme jouet quotidien.  Caract\u00e9ristiques\u00a0 : Dimensions : 13 \u00d7 13 cm Mati\u00e8re : En polyester (peluche) Herbe \u00e0 chat Catnip (cataire)","robots":{"index":"noindex","follow":"nofollow"},"og_locale":"fr_FR","og_type":"article","og_title":"Jouet chat Trixie : Junior Doudou Ours My Catnip Trixie - V\u00e9torino","og_description":"Les chatons qui sont mis en contact avec l'effet incitatif de jeu d\u00e8s le plus jeune \u00e2ge auront aussi des comportements positifs lorsqu'ils seront adultes. Ce doudou sera donc parfait comme jouet quotidien.  Caract\u00e9ristiques\u00a0 : Dimensions : 13 \u00d7 13 cm Mati\u00e8re : En polyester (peluche) Herbe \u00e0 chat Catnip (cataire)","og_url":"https:\/\/www.vetorino.com\/veterinaire\/confolens-16500\/boutique\/product\/jouet-chat-trixie-junior-doudou-ours-my-catnip\/","og_site_name":"V\u00e9torino","article_publisher":"https:\/\/www.facebook.com\/Vetorino\/","article_modified_time":"2023-07-13T00:42:10+00:00","og_image":[{"width":800,"height":431,"url":"https:\/\/www.vetorino.com\/boutique\/wp-content\/uploads\/2023\/02\/lm_577fde9264cf376fffe2ee4ddf4a988880d1599003034.jpg","type":"image\/jpeg"}],"twitter_card":"summary_large_image","twitter_misc":{"Prix":"5,72&euro;","Disponibilit\u00e9":"Rupture de stock"},"schema":{"@context":"https:\/\/schema.org","@graph":[{"@type":"WebPage","@id":"https:\/\/www.vetorino.com\/boutique\/product\/jouet-chat-trixie-junior-doudou-ours-my-catnip\/","url":"https:\/\/www.vetorino.com\/boutique\/product\/jouet-chat-trixie-junior-doudou-ours-my-catnip\/","name":"Jouet chat Trixie : Junior Doudou Ours My Catnip Trixie - V\u00e9torino","isPartOf":{"@id":"https:\/\/www.vetorino.com\/boutique\/#website"},"primaryImageOfPage":{"@id":"https:\/\/www.vetorino.com\/boutique\/product\/jouet-chat-trixie-junior-doudou-ours-my-catnip\/#primaryimage"},"image":{"@id":"https:\/\/www.vetorino.com\/boutique\/product\/jouet-chat-trixie-junior-doudou-ours-my-catnip\/#primaryimage"},"thumbnailUrl":"https:\/\/www.vetorino.com\/boutique\/wp-content\/uploads\/2023\/02\/lm_577fde9264cf376fffe2ee4ddf4a988880d1599003034.jpg","datePublished":"2023-02-01T16:21:24+00:00","dateModified":"2023-07-13T00:42:10+00:00","description":"Les chatons qui sont mis en contact avec l'effet incitatif de jeu d\u00e8s le plus jeune \u00e2ge auront aussi des comportements positifs lorsqu'ils seront adultes. Ce doudou sera donc parfait comme jouet quotidien. Caract\u00e9ristiques\u00a0 : Dimensions : 13 \u00d7 13 cm Mati\u00e8re : En polyester (peluche) Herbe \u00e0 chat Catnip (cataire)","breadcrumb":{"@id":"https:\/\/www.vetorino.com\/boutique\/product\/jouet-chat-trixie-junior-doudou-ours-my-catnip\/#breadcrumb"},"inLanguage":"fr-FR","potentialAction":[{"@type":"ReadAction","target":["https:\/\/www.vetorino.com\/boutique\/product\/jouet-chat-trixie-junior-doudou-ours-my-catnip\/"]}]},{"@type":"ImageObject","inLanguage":"fr-FR","@id":"https:\/\/www.vetorino.com\/boutique\/product\/jouet-chat-trixie-junior-doudou-ours-my-catnip\/#primaryimage","url":"https:\/\/www.vetorino.com\/boutique\/wp-content\/uploads\/2023\/02\/lm_577fde9264cf376fffe2ee4ddf4a988880d1599003034.jpg","contentUrl":"https:\/\/www.vetorino.com\/boutique\/wp-content\/uploads\/2023\/02\/lm_577fde9264cf376fffe2ee4ddf4a988880d1599003034.jpg","width":800,"height":431},{"@type":"BreadcrumbList","@id":"https:\/\/www.vetorino.com\/boutique\/product\/jouet-chat-trixie-junior-doudou-ours-my-catnip\/#breadcrumb","itemListElement":[{"@type":"ListItem","position":1,"name":"Accueil","item":"https:\/\/www.vetorino.com\/boutique\/"},{"@type":"ListItem","position":2,"name":"Produits","item":"https:\/\/www.vetorino.com\/boutique\/"},{"@type":"ListItem","position":3,"name":"Jouet chat Trixie : Junior Doudou Ours My Catnip"}]},{"@type":"WebSite","@id":"https:\/\/www.vetorino.com\/boutique\/#website","url":"https:\/\/www.vetorino.com\/boutique\/","name":"V\u00e9torino","description":"","publisher":{"@id":"https:\/\/www.vetorino.com\/boutique\/#organization"},"potentialAction":[{"@type":"SearchAction","target":{"@type":"EntryPoint","urlTemplate":"https:\/\/www.vetorino.com\/boutique\/?s={search_term_string}"},"query-input":{"@type":"PropertyValueSpecification","valueRequired":true,"valueName":"search_term_string"}}],"inLanguage":"fr-FR"},{"@type":"Organization","@id":"https:\/\/www.vetorino.com\/boutique\/#organization","name":"V\u00e9torino","url":"https:\/\/www.vetorino.com\/boutique\/","logo":{"@type":"ImageObject","inLanguage":"fr-FR","@id":"https:\/\/www.vetorino.com\/boutique\/#\/schema\/logo\/image\/","url":"https:\/\/www.vetorino.com\/boutique\/wp-content\/uploads\/2024\/10\/logo.jpg","contentUrl":"https:\/\/www.vetorino.com\/boutique\/wp-content\/uploads\/2024\/10\/logo.jpg","width":1200,"height":610,"caption":"V\u00e9torino"},"image":{"@id":"https:\/\/www.vetorino.com\/boutique\/#\/schema\/logo\/image\/"},"sameAs":["https:\/\/www.facebook.com\/Vetorino\/","https:\/\/www.instagram.com\/vetorino_off\/","https:\/\/www.linkedin.com\/company\/vtorino\/"]}]},"product_brand":"Trixie","product_price_amount":"5.72","product_price_currency":"EUR","og_availability":"out of stock","product_availability":"out of stock","product_retailer_item_id":"C-JOU331","product_condition":"new"},"_links":{"self":[{"href":"https:\/\/www.vetorino.com\/veterinaire\/confolens-16500\/boutique\/wp-json\/wp\/v2\/product\/550675","targetHints":{"allow":["GET"]}}],"collection":[{"href":"https:\/\/www.vetorino.com\/veterinaire\/confolens-16500\/boutique\/wp-json\/wp\/v2\/product"}],"about":[{"href":"https:\/\/www.vetorino.com\/veterinaire\/confolens-16500\/boutique\/wp-json\/wp\/v2\/types\/product"}],"wp:featuredmedia":[{"embeddable":true,"href":"https:\/\/www.vetorino.com\/veterinaire\/confolens-16500\/boutique\/wp-json\/wp\/v2\/media\/619995"}],"wp:attachment":[{"href":"https:\/\/www.vetorino.com\/veterinaire\/confolens-16500\/boutique\/wp-json\/wp\/v2\/media?parent=550675"}],"wp:term":[{"taxonomy":"product_cat","embeddable":true,"href":"https:\/\/www.vetorino.com\/veterinaire\/confolens-16500\/boutique\/wp-json\/wp\/v2\/product_cat?post=550675"},{"taxonomy":"product_tag","embeddable":true,"href":"https:\/\/www.vetorino.com\/veterinaire\/confolens-16500\/boutique\/wp-json\/wp\/v2\/product_tag?post=550675"}],"curies":[{"name":"wp","href":"https:\/\/api.w.org\/{rel}","templated":true}]}}