{"id":550731,"date":"2023-02-01T17:37:50","date_gmt":"2023-02-01T16:37:50","guid":{"rendered":"https:\/\/www.vetorino.com\/boutique\/product\/tapis-de-fouille-trixie-junior\/"},"modified":"2024-07-07T02:42:14","modified_gmt":"2024-07-07T00:42:14","slug":"tapis-de-fouille-trixie-junior","status":"publish","type":"product","link":"https:\/\/www.vetorino.com\/veterinaire\/confolens-16500\/boutique\/product\/tapis-de-fouille-trixie-junior\/","title":{"rendered":"Tapis \u00e0 renifle Junior pour chiot et chaton"},"content":{"rendered":"<p>Ce tapis \u00e0 renifler est id\u00e9al pour entra\u00eener l&#8217;odorat de nos petits compagnons. Ce <b>jouet\u00a0<\/b>dot\u00e9 de jolies franges pourra non seulement d\u00e9corer votre int\u00e9rieur mais aussi vous permettre d&#8217;y\u00a0<strong>cacher des friandises et des croquettes<\/strong>.<\/p>\n<p>Une fois cach\u00e9e, la nourriture est facile \u00e0 retrouver, ce qui rend le tapis de fouille Trixie Junior id\u00e9al pour les chiots et les chatons. Il peut \u00eatre utilis\u00e9 pour l&#8217;entra\u00eenement mais aussi pour emp\u00eacher votre chien ou votre chat d&#8217;engloutir la nourriture. Le tapis poss\u00e8de une\u00a0<strong>plaque en plastique<\/strong>\u00a0qui lui conf\u00e8re une grande stabilit\u00e9.<\/p>\n<p><strong>Caract\u00e9ristiques du tapis \u00e0 renifler Trixie Junior pour chiot et chaton :<\/strong><\/p>\n<ul>\n<li>tapis rond \u00e0 franges pour chien et chat<\/li>\n<li>sp\u00e9cialement con\u00e7u pour les chiots et les chatons<\/li>\n<li><strong>surface douce :<\/strong> id\u00e9al pour les c\u00e2lins et le cocooning<\/li>\n<li><strong>pour des entra\u00eenements ludiques :<\/strong> cachez les friandises dans les franges et exercez l&#8217;odorat de votre animal en les lui faisant chercher<\/li>\n<li><strong>emp\u00eache votre animal d&#8217;engloutir la nourriture :<\/strong> \u00e9vite les ballonnements et les troubles digestifs<\/li>\n<li><strong>plaque en plastique amovible :<\/strong> emp\u00eache le tapis de se plier, peut \u00eatre retir\u00e9e pour nettoyer le tapis<\/li>\n<li>joli design\u00a0dans des couleurs tendances : bel objet d\u00e9coratif<\/li>\n<li>niveau de difficult\u00e9 : 1<\/li>\n<li>notice d&#8217;entra\u00eenement fournie<\/li>\n<li><strong>coloris :<\/strong> rose \/ menthe \u00e0 l&#8217;eau \/ gris<\/li>\n<li><strong>mat\u00e9riau :<\/strong> 100 % polyester<\/li>\n<li><strong>dimensions :<\/strong>\n<ul>\n<li>dimensions totales : 38 cm de diam\u00e8tre<\/li>\n<li>franges : L 4 cm<\/li>\n<\/ul>\n<\/li>\n<li><strong>conseil d&#8217;entretien :<\/strong> lavable en machine \u00e0 30 \u00b0C<\/li>\n<\/ul>\n","protected":false},"excerpt":{"rendered":"<p>Ce tapis \u00e0 renifler est id\u00e9al pour entra\u00eener l&#8217;odorat de nos petits compagnons. Ce <b>jouet\u00a0<\/b>dot\u00e9 de jolies franges pourra non seulement d\u00e9corer votre int\u00e9rieur mais aussi vous permettre d&#8217;y\u00a0<strong>cacher des friandises et des croquettes<\/strong>.<\/p>\n","protected":false},"featured_media":915084,"template":"","meta":[],"product_cat":[12550,2698,12621,2805],"product_tag":[],"class_list":{"0":"post-550731","1":"product","2":"type-product","3":"status-publish","4":"has-post-thumbnail","6":"product_cat-accessoires-du-chien","7":"product_cat-chien","8":"product_cat-jeux-educatifs-pour-chien","9":"product_cat-peluches-pour-chien","10":"pa_marque-trixie","12":"first","13":"outofstock","14":"taxable","15":"shipping-taxable","16":"purchasable","17":"product-type-simple"},"yoast_head":"<!-- This site is optimized with the Yoast SEO plugin v27.3 - https:\/\/yoast.com\/product\/yoast-seo-wordpress\/ -->\n<title>Tapis \u00e0 renifle Junior pour chiot et chaton Trixie - V\u00e9torino<\/title>\n<meta name=\"description\" content=\"Ce tapis \u00e0 renifler est id\u00e9al pour entra\u00eener l&#039;odorat de nos petits compagnons. Ce jouet\u00a0dot\u00e9 de jolies franges pourra non seulement d\u00e9corer votre int\u00e9rieur mais aussi vous permettre d&#039;y\u00a0cacher des friandises et des croquettes.\" \/>\n<meta name=\"robots\" content=\"noindex, nofollow\" \/>\n<meta property=\"og:locale\" content=\"fr_FR\" \/>\n<meta property=\"og:type\" content=\"article\" \/>\n<meta property=\"og:title\" content=\"Tapis \u00e0 renifle Junior pour chiot et chaton Trixie - V\u00e9torino\" \/>\n<meta property=\"og:description\" content=\"Ce tapis \u00e0 renifler est id\u00e9al pour entra\u00eener l&#039;odorat de nos petits compagnons. Ce jouet\u00a0dot\u00e9 de jolies franges pourra non seulement d\u00e9corer votre int\u00e9rieur mais aussi vous permettre d&#039;y\u00a0cacher des friandises et des croquettes.\" \/>\n<meta property=\"og:url\" content=\"https:\/\/www.vetorino.com\/veterinaire\/confolens-16500\/boutique\/product\/tapis-de-fouille-trixie-junior\/\" \/>\n<meta property=\"og:site_name\" content=\"V\u00e9torino\" \/>\n<meta property=\"article:publisher\" content=\"https:\/\/www.facebook.com\/Vetorino\/\" \/>\n<meta property=\"article:modified_time\" content=\"2024-07-07T00:42:14+00:00\" \/>\n<meta property=\"og:image\" content=\"https:\/\/www.vetorino.com\/boutique\/wp-content\/uploads\/2023\/02\/122207_pla_trixie_junior_schnuffelteppich_hs_01_7.jpg\" \/>\n\t<meta property=\"og:image:width\" content=\"800\" \/>\n\t<meta property=\"og:image:height\" content=\"800\" \/>\n\t<meta property=\"og:image:type\" content=\"image\/jpeg\" \/>\n<meta name=\"twitter:card\" content=\"summary_large_image\" \/>\n<meta name=\"twitter:label1\" content=\"Prix\" \/>\n\t<meta name=\"twitter:data1\" content=\"16,80&euro;\" \/>\n\t<meta name=\"twitter:label2\" content=\"Disponibilit\u00e9\" \/>\n\t<meta name=\"twitter:data2\" content=\"Rupture de stock\" \/>\n<script type=\"application\/ld+json\" class=\"yoast-schema-graph\">{\"@context\":\"https:\\\/\\\/schema.org\",\"@graph\":[{\"@type\":\"WebPage\",\"@id\":\"https:\\\/\\\/www.vetorino.com\\\/veterinaire\\\/evry-91000\\\/boutique\\\/product\\\/tapis-de-fouille-trixie-junior\\\/\",\"url\":\"https:\\\/\\\/www.vetorino.com\\\/veterinaire\\\/evry-91000\\\/boutique\\\/product\\\/tapis-de-fouille-trixie-junior\\\/\",\"name\":\"Tapis \u00e0 renifle Junior pour chiot et chaton Trixie - V\u00e9torino\",\"isPartOf\":{\"@id\":\"https:\\\/\\\/www.vetorino.com\\\/boutique\\\/#website\"},\"primaryImageOfPage\":{\"@id\":\"https:\\\/\\\/www.vetorino.com\\\/veterinaire\\\/evry-91000\\\/boutique\\\/product\\\/tapis-de-fouille-trixie-junior\\\/#primaryimage\"},\"image\":{\"@id\":\"https:\\\/\\\/www.vetorino.com\\\/veterinaire\\\/evry-91000\\\/boutique\\\/product\\\/tapis-de-fouille-trixie-junior\\\/#primaryimage\"},\"thumbnailUrl\":\"https:\\\/\\\/www.vetorino.com\\\/boutique\\\/wp-content\\\/uploads\\\/2023\\\/02\\\/122207_pla_trixie_junior_schnuffelteppich_hs_01_7.jpg\",\"datePublished\":\"2023-02-01T16:37:50+00:00\",\"dateModified\":\"2024-07-07T00:42:14+00:00\",\"description\":\"Ce tapis \u00e0 renifler est id\u00e9al pour entra\u00eener l'odorat de nos petits compagnons. Ce jouet\u00a0dot\u00e9 de jolies franges pourra non seulement d\u00e9corer votre int\u00e9rieur mais aussi vous permettre d'y\u00a0cacher des friandises et des croquettes.\",\"breadcrumb\":{\"@id\":\"https:\\\/\\\/www.vetorino.com\\\/veterinaire\\\/evry-91000\\\/boutique\\\/product\\\/tapis-de-fouille-trixie-junior\\\/#breadcrumb\"},\"inLanguage\":\"fr-FR\",\"potentialAction\":[{\"@type\":\"ReadAction\",\"target\":[\"https:\\\/\\\/www.vetorino.com\\\/veterinaire\\\/evry-91000\\\/boutique\\\/product\\\/tapis-de-fouille-trixie-junior\\\/\"]}]},{\"@type\":\"ImageObject\",\"inLanguage\":\"fr-FR\",\"@id\":\"https:\\\/\\\/www.vetorino.com\\\/veterinaire\\\/evry-91000\\\/boutique\\\/product\\\/tapis-de-fouille-trixie-junior\\\/#primaryimage\",\"url\":\"https:\\\/\\\/www.vetorino.com\\\/boutique\\\/wp-content\\\/uploads\\\/2023\\\/02\\\/122207_pla_trixie_junior_schnuffelteppich_hs_01_7.jpg\",\"contentUrl\":\"https:\\\/\\\/www.vetorino.com\\\/boutique\\\/wp-content\\\/uploads\\\/2023\\\/02\\\/122207_pla_trixie_junior_schnuffelteppich_hs_01_7.jpg\",\"width\":800,\"height\":800},{\"@type\":\"BreadcrumbList\",\"@id\":\"https:\\\/\\\/www.vetorino.com\\\/veterinaire\\\/evry-91000\\\/boutique\\\/product\\\/tapis-de-fouille-trixie-junior\\\/#breadcrumb\",\"itemListElement\":[{\"@type\":\"ListItem\",\"position\":1,\"name\":\"Accueil\",\"item\":\"https:\\\/\\\/www.vetorino.com\\\/boutique\\\/\"},{\"@type\":\"ListItem\",\"position\":2,\"name\":\"Produits\",\"item\":\"https:\\\/\\\/www.vetorino.com\\\/boutique\\\/\"},{\"@type\":\"ListItem\",\"position\":3,\"name\":\"Tapis \u00e0 renifle Junior pour chiot et chaton\"}]},{\"@type\":\"WebSite\",\"@id\":\"https:\\\/\\\/www.vetorino.com\\\/boutique\\\/#website\",\"url\":\"https:\\\/\\\/www.vetorino.com\\\/boutique\\\/\",\"name\":\"V\u00e9torino\",\"description\":\"\",\"publisher\":{\"@id\":\"https:\\\/\\\/www.vetorino.com\\\/boutique\\\/#organization\"},\"potentialAction\":[{\"@type\":\"SearchAction\",\"target\":{\"@type\":\"EntryPoint\",\"urlTemplate\":\"https:\\\/\\\/www.vetorino.com\\\/boutique\\\/?s={search_term_string}\"},\"query-input\":{\"@type\":\"PropertyValueSpecification\",\"valueRequired\":true,\"valueName\":\"search_term_string\"}}],\"inLanguage\":\"fr-FR\"},{\"@type\":\"Organization\",\"@id\":\"https:\\\/\\\/www.vetorino.com\\\/boutique\\\/#organization\",\"name\":\"V\u00e9torino\",\"url\":\"https:\\\/\\\/www.vetorino.com\\\/boutique\\\/\",\"logo\":{\"@type\":\"ImageObject\",\"inLanguage\":\"fr-FR\",\"@id\":\"https:\\\/\\\/www.vetorino.com\\\/boutique\\\/#\\\/schema\\\/logo\\\/image\\\/\",\"url\":\"https:\\\/\\\/www.vetorino.com\\\/boutique\\\/wp-content\\\/uploads\\\/2024\\\/10\\\/logo.jpg\",\"contentUrl\":\"https:\\\/\\\/www.vetorino.com\\\/boutique\\\/wp-content\\\/uploads\\\/2024\\\/10\\\/logo.jpg\",\"width\":1200,\"height\":610,\"caption\":\"V\u00e9torino\"},\"image\":{\"@id\":\"https:\\\/\\\/www.vetorino.com\\\/boutique\\\/#\\\/schema\\\/logo\\\/image\\\/\"},\"sameAs\":[\"https:\\\/\\\/www.facebook.com\\\/Vetorino\\\/\",\"https:\\\/\\\/www.instagram.com\\\/vetorino_off\\\/\",\"https:\\\/\\\/www.linkedin.com\\\/company\\\/vtorino\\\/\"]}]}<\/script>\n<meta property=\"product:brand\" content=\"Trixie\" \/>\n<meta property=\"product:price:amount\" content=\"16.80\" \/>\n<meta property=\"product:price:currency\" content=\"EUR\" \/>\n<meta property=\"og:availability\" content=\"out of stock\" \/>\n<meta property=\"product:availability\" content=\"out of stock\" \/>\n<meta property=\"product:retailer_item_id\" content=\"C-TAP764\" \/>\n<meta property=\"product:condition\" content=\"new\" \/>\n<!-- \/ Yoast SEO plugin. -->","yoast_head_json":{"title":"Tapis \u00e0 renifle Junior pour chiot et chaton Trixie - V\u00e9torino","description":"Ce tapis \u00e0 renifler est id\u00e9al pour entra\u00eener l'odorat de nos petits compagnons. Ce jouet\u00a0dot\u00e9 de jolies franges pourra non seulement d\u00e9corer votre int\u00e9rieur mais aussi vous permettre d'y\u00a0cacher des friandises et des croquettes.","robots":{"index":"noindex","follow":"nofollow"},"og_locale":"fr_FR","og_type":"article","og_title":"Tapis \u00e0 renifle Junior pour chiot et chaton Trixie - V\u00e9torino","og_description":"Ce tapis \u00e0 renifler est id\u00e9al pour entra\u00eener l'odorat de nos petits compagnons. Ce jouet\u00a0dot\u00e9 de jolies franges pourra non seulement d\u00e9corer votre int\u00e9rieur mais aussi vous permettre d'y\u00a0cacher des friandises et des croquettes.","og_url":"https:\/\/www.vetorino.com\/veterinaire\/confolens-16500\/boutique\/product\/tapis-de-fouille-trixie-junior\/","og_site_name":"V\u00e9torino","article_publisher":"https:\/\/www.facebook.com\/Vetorino\/","article_modified_time":"2024-07-07T00:42:14+00:00","og_image":[{"width":800,"height":800,"url":"https:\/\/www.vetorino.com\/boutique\/wp-content\/uploads\/2023\/02\/122207_pla_trixie_junior_schnuffelteppich_hs_01_7.jpg","type":"image\/jpeg"}],"twitter_card":"summary_large_image","twitter_misc":{"Prix":"16,80&euro;","Disponibilit\u00e9":"Rupture de stock"},"schema":{"@context":"https:\/\/schema.org","@graph":[{"@type":"WebPage","@id":"https:\/\/www.vetorino.com\/veterinaire\/evry-91000\/boutique\/product\/tapis-de-fouille-trixie-junior\/","url":"https:\/\/www.vetorino.com\/veterinaire\/evry-91000\/boutique\/product\/tapis-de-fouille-trixie-junior\/","name":"Tapis \u00e0 renifle Junior pour chiot et chaton Trixie - V\u00e9torino","isPartOf":{"@id":"https:\/\/www.vetorino.com\/boutique\/#website"},"primaryImageOfPage":{"@id":"https:\/\/www.vetorino.com\/veterinaire\/evry-91000\/boutique\/product\/tapis-de-fouille-trixie-junior\/#primaryimage"},"image":{"@id":"https:\/\/www.vetorino.com\/veterinaire\/evry-91000\/boutique\/product\/tapis-de-fouille-trixie-junior\/#primaryimage"},"thumbnailUrl":"https:\/\/www.vetorino.com\/boutique\/wp-content\/uploads\/2023\/02\/122207_pla_trixie_junior_schnuffelteppich_hs_01_7.jpg","datePublished":"2023-02-01T16:37:50+00:00","dateModified":"2024-07-07T00:42:14+00:00","description":"Ce tapis \u00e0 renifler est id\u00e9al pour entra\u00eener l'odorat de nos petits compagnons. Ce jouet\u00a0dot\u00e9 de jolies franges pourra non seulement d\u00e9corer votre int\u00e9rieur mais aussi vous permettre d'y\u00a0cacher des friandises et des croquettes.","breadcrumb":{"@id":"https:\/\/www.vetorino.com\/veterinaire\/evry-91000\/boutique\/product\/tapis-de-fouille-trixie-junior\/#breadcrumb"},"inLanguage":"fr-FR","potentialAction":[{"@type":"ReadAction","target":["https:\/\/www.vetorino.com\/veterinaire\/evry-91000\/boutique\/product\/tapis-de-fouille-trixie-junior\/"]}]},{"@type":"ImageObject","inLanguage":"fr-FR","@id":"https:\/\/www.vetorino.com\/veterinaire\/evry-91000\/boutique\/product\/tapis-de-fouille-trixie-junior\/#primaryimage","url":"https:\/\/www.vetorino.com\/boutique\/wp-content\/uploads\/2023\/02\/122207_pla_trixie_junior_schnuffelteppich_hs_01_7.jpg","contentUrl":"https:\/\/www.vetorino.com\/boutique\/wp-content\/uploads\/2023\/02\/122207_pla_trixie_junior_schnuffelteppich_hs_01_7.jpg","width":800,"height":800},{"@type":"BreadcrumbList","@id":"https:\/\/www.vetorino.com\/veterinaire\/evry-91000\/boutique\/product\/tapis-de-fouille-trixie-junior\/#breadcrumb","itemListElement":[{"@type":"ListItem","position":1,"name":"Accueil","item":"https:\/\/www.vetorino.com\/boutique\/"},{"@type":"ListItem","position":2,"name":"Produits","item":"https:\/\/www.vetorino.com\/boutique\/"},{"@type":"ListItem","position":3,"name":"Tapis \u00e0 renifle Junior pour chiot et chaton"}]},{"@type":"WebSite","@id":"https:\/\/www.vetorino.com\/boutique\/#website","url":"https:\/\/www.vetorino.com\/boutique\/","name":"V\u00e9torino","description":"","publisher":{"@id":"https:\/\/www.vetorino.com\/boutique\/#organization"},"potentialAction":[{"@type":"SearchAction","target":{"@type":"EntryPoint","urlTemplate":"https:\/\/www.vetorino.com\/boutique\/?s={search_term_string}"},"query-input":{"@type":"PropertyValueSpecification","valueRequired":true,"valueName":"search_term_string"}}],"inLanguage":"fr-FR"},{"@type":"Organization","@id":"https:\/\/www.vetorino.com\/boutique\/#organization","name":"V\u00e9torino","url":"https:\/\/www.vetorino.com\/boutique\/","logo":{"@type":"ImageObject","inLanguage":"fr-FR","@id":"https:\/\/www.vetorino.com\/boutique\/#\/schema\/logo\/image\/","url":"https:\/\/www.vetorino.com\/boutique\/wp-content\/uploads\/2024\/10\/logo.jpg","contentUrl":"https:\/\/www.vetorino.com\/boutique\/wp-content\/uploads\/2024\/10\/logo.jpg","width":1200,"height":610,"caption":"V\u00e9torino"},"image":{"@id":"https:\/\/www.vetorino.com\/boutique\/#\/schema\/logo\/image\/"},"sameAs":["https:\/\/www.facebook.com\/Vetorino\/","https:\/\/www.instagram.com\/vetorino_off\/","https:\/\/www.linkedin.com\/company\/vtorino\/"]}]},"product_brand":"Trixie","product_price_amount":"16.80","product_price_currency":"EUR","og_availability":"out of stock","product_availability":"out of stock","product_retailer_item_id":"C-TAP764","product_condition":"new"},"_links":{"self":[{"href":"https:\/\/www.vetorino.com\/veterinaire\/confolens-16500\/boutique\/wp-json\/wp\/v2\/product\/550731","targetHints":{"allow":["GET"]}}],"collection":[{"href":"https:\/\/www.vetorino.com\/veterinaire\/confolens-16500\/boutique\/wp-json\/wp\/v2\/product"}],"about":[{"href":"https:\/\/www.vetorino.com\/veterinaire\/confolens-16500\/boutique\/wp-json\/wp\/v2\/types\/product"}],"wp:featuredmedia":[{"embeddable":true,"href":"https:\/\/www.vetorino.com\/veterinaire\/confolens-16500\/boutique\/wp-json\/wp\/v2\/media\/915084"}],"wp:attachment":[{"href":"https:\/\/www.vetorino.com\/veterinaire\/confolens-16500\/boutique\/wp-json\/wp\/v2\/media?parent=550731"}],"wp:term":[{"taxonomy":"product_cat","embeddable":true,"href":"https:\/\/www.vetorino.com\/veterinaire\/confolens-16500\/boutique\/wp-json\/wp\/v2\/product_cat?post=550731"},{"taxonomy":"product_tag","embeddable":true,"href":"https:\/\/www.vetorino.com\/veterinaire\/confolens-16500\/boutique\/wp-json\/wp\/v2\/product_tag?post=550731"}],"curies":[{"name":"wp","href":"https:\/\/api.w.org\/{rel}","templated":true}]}}