{"id":550739,"date":"2023-02-01T17:40:25","date_gmt":"2023-02-01T16:40:25","guid":{"rendered":"https:\/\/www.vetorino.com\/boutique\/product\/plaid-polaire-trixie-kimmy\/"},"modified":"2025-12-23T16:38:48","modified_gmt":"2025-12-23T15:38:48","slug":"plaid-polaire-trixie-kimmy","status":"publish","type":"product","link":"https:\/\/www.vetorino.com\/veterinaire\/confolens-16500\/boutique\/product\/plaid-polaire-trixie-kimmy\/","title":{"rendered":"Couverture Kimmy pour chien et chat"},"content":{"rendered":"<p>Cette couverture douillette et moelleuse trouvera sa place sur votre canap\u00e9 ou au fond du panier de votre animal. Sa mati\u00e8re <strong>incroyablement douce <\/strong>invitera tous les chiens et chats \u00e0 d&#8217;agr\u00e9ables instants c\u00e2lins, bien au chaud. La couverture\u00a0 Kimmy de la marque Trixie est <strong>lavable en machine jusqu&#8217;\u00e0 60\u00b0C<\/strong> et convient donc parfaitement\u00a0<strong>pour les animaux allergiques<\/strong>.\u00a0<strong>\u00a0<\/strong><\/p>\n<p><strong>Caract\u00e9ristiques de la couverture Trixie Kimmy pour chien et chat :\u00a0<\/strong><\/p>\n<ul>\n<li>couverture pour chat et chien, \u00e0 disposer sur le canap\u00e9,\u00a0sur le\u00a0coussin ou panier de votre chien ou chat<\/li>\n<li>id\u00e9ale pour les propri\u00e9taires de chats et\/ou chiens<\/li>\n<li><strong>prot\u00e8ge les surfaces <\/strong>des poils et de la salet\u00e9<\/li>\n<li><strong>convient aux animaux allergiques :<\/strong> lavable \u00e0 60\u00b0C pour \u00e9liminer les acariens, le pollen et les squames efficacement<\/li>\n<li><strong>mati\u00e8re tr\u00e8s douce : <\/strong>agr\u00e9able au toucher<\/li>\n<li>couverture r\u00e9versible<\/li>\n<li><strong>coloris :<\/strong> gris<\/li>\n<li><strong>mat\u00e9riau :<\/strong>\u00a0100 % polyester<\/li>\n<li><strong>dimension <\/strong>:\n<ul>\n<li>L 100 x l 75 cm<\/li>\n<\/ul>\n<\/li>\n<li><strong>conseils d&#8217;entretien : <\/strong>lavable en machine \u00e0 60\u00b0C, passe au s\u00e8che-linge, \u00e0 laver s\u00e9par\u00e9ment<\/li>\n<\/ul>\n<p>&nbsp;<\/p>\n","protected":false},"excerpt":{"rendered":"<p>Cette couverture douillette et moelleuse trouvera sa place sur votre canap\u00e9 ou au fond du panier de votre animal. Sa mati\u00e8re <strong>incroyablement douce <\/strong>invitera tous les chiens et chats \u00e0 d&#8217;agr\u00e9ables instants c\u00e2lins, bien au chaud. La couverture\u00a0 Kimmy de la marque Trixie est <strong>lavable en machine jusqu&#8217;\u00e0 60\u00b0C<\/strong> et convient donc parfaitement\u00a0<strong>pour les animaux allergiques<\/strong><\/p>\n","protected":false},"featured_media":915090,"template":"","meta":[],"product_cat":[2697,2698,12595,12596],"product_tag":[],"class_list":{"0":"post-550739","1":"product","2":"type-product","3":"status-publish","4":"has-post-thumbnail","6":"product_cat-chat","7":"product_cat-chien","8":"product_cat-confort-du-chat","9":"product_cat-confort-du-chien","10":"pa_marque-trixie","12":"first","13":"instock","14":"taxable","15":"shipping-taxable","16":"purchasable","17":"product-type-simple"},"yoast_head":"<!-- This site is optimized with the Yoast SEO plugin v27.3 - https:\/\/yoast.com\/product\/yoast-seo-wordpress\/ -->\n<title>Couverture Kimmy pour chien et chat Trixie - V\u00e9torino<\/title>\n<meta name=\"description\" content=\"Cette couverture douillette et moelleuse trouvera sa place sur votre canap\u00e9 ou au fond du panier de votre animal. Sa mati\u00e8re incroyablement douce invitera tous les chiens et chats \u00e0 d&#039;agr\u00e9ables instants c\u00e2lins, bien au chaud. La couverture\u00a0 Kimmy de la marque Trixie est lavable en machine jusqu&#039;\u00e0 60\u00b0C et convient donc parfaitement\u00a0pour les animaux allergiques\" \/>\n<meta name=\"robots\" content=\"noindex, nofollow\" \/>\n<meta property=\"og:locale\" content=\"fr_FR\" \/>\n<meta property=\"og:type\" content=\"article\" \/>\n<meta property=\"og:title\" content=\"Couverture Kimmy pour chien et chat Trixie - V\u00e9torino\" \/>\n<meta property=\"og:description\" content=\"Cette couverture douillette et moelleuse trouvera sa place sur votre canap\u00e9 ou au fond du panier de votre animal. Sa mati\u00e8re incroyablement douce invitera tous les chiens et chats \u00e0 d&#039;agr\u00e9ables instants c\u00e2lins, bien au chaud. La couverture\u00a0 Kimmy de la marque Trixie est lavable en machine jusqu&#039;\u00e0 60\u00b0C et convient donc parfaitement\u00a0pour les animaux allergiques\" \/>\n<meta property=\"og:url\" content=\"https:\/\/www.vetorino.com\/veterinaire\/confolens-16500\/boutique\/product\/plaid-polaire-trixie-kimmy\/\" \/>\n<meta property=\"og:site_name\" content=\"V\u00e9torino\" \/>\n<meta property=\"article:publisher\" content=\"https:\/\/www.facebook.com\/Vetorino\/\" \/>\n<meta property=\"article:modified_time\" content=\"2025-12-23T15:38:48+00:00\" \/>\n<meta property=\"og:image\" content=\"https:\/\/www.vetorino.com\/boutique\/wp-content\/uploads\/2023\/02\/211400_pla_trixie_decke_kimmy_hs_01_1.jpg\" \/>\n\t<meta property=\"og:image:width\" content=\"800\" \/>\n\t<meta property=\"og:image:height\" content=\"800\" \/>\n\t<meta property=\"og:image:type\" content=\"image\/jpeg\" \/>\n<meta name=\"twitter:card\" content=\"summary_large_image\" \/>\n<meta name=\"twitter:label1\" content=\"Prix\" \/>\n\t<meta name=\"twitter:data1\" content=\"9,72&euro;\" \/>\n\t<meta name=\"twitter:label2\" content=\"Disponibilit\u00e9\" \/>\n\t<meta name=\"twitter:data2\" content=\"En stock\" \/>\n<script type=\"application\/ld+json\" class=\"yoast-schema-graph\">{\"@context\":\"https:\\\/\\\/schema.org\",\"@graph\":[{\"@type\":\"WebPage\",\"@id\":\"https:\\\/\\\/www.vetorino.com\\\/veterinaire\\\/evry-91000\\\/boutique\\\/product\\\/plaid-polaire-trixie-kimmy\\\/\",\"url\":\"https:\\\/\\\/www.vetorino.com\\\/veterinaire\\\/evry-91000\\\/boutique\\\/product\\\/plaid-polaire-trixie-kimmy\\\/\",\"name\":\"Couverture Kimmy pour chien et chat Trixie - V\u00e9torino\",\"isPartOf\":{\"@id\":\"https:\\\/\\\/www.vetorino.com\\\/boutique\\\/#website\"},\"primaryImageOfPage\":{\"@id\":\"https:\\\/\\\/www.vetorino.com\\\/veterinaire\\\/evry-91000\\\/boutique\\\/product\\\/plaid-polaire-trixie-kimmy\\\/#primaryimage\"},\"image\":{\"@id\":\"https:\\\/\\\/www.vetorino.com\\\/veterinaire\\\/evry-91000\\\/boutique\\\/product\\\/plaid-polaire-trixie-kimmy\\\/#primaryimage\"},\"thumbnailUrl\":\"https:\\\/\\\/www.vetorino.com\\\/boutique\\\/wp-content\\\/uploads\\\/2023\\\/02\\\/211400_pla_trixie_decke_kimmy_hs_01_1.jpg\",\"datePublished\":\"2023-02-01T16:40:25+00:00\",\"dateModified\":\"2025-12-23T15:38:48+00:00\",\"description\":\"Cette couverture douillette et moelleuse trouvera sa place sur votre canap\u00e9 ou au fond du panier de votre animal. Sa mati\u00e8re incroyablement douce invitera tous les chiens et chats \u00e0 d'agr\u00e9ables instants c\u00e2lins, bien au chaud. La couverture\u00a0 Kimmy de la marque Trixie est lavable en machine jusqu'\u00e0 60\u00b0C et convient donc parfaitement\u00a0pour les animaux allergiques\",\"breadcrumb\":{\"@id\":\"https:\\\/\\\/www.vetorino.com\\\/veterinaire\\\/evry-91000\\\/boutique\\\/product\\\/plaid-polaire-trixie-kimmy\\\/#breadcrumb\"},\"inLanguage\":\"fr-FR\",\"potentialAction\":[{\"@type\":\"ReadAction\",\"target\":[\"https:\\\/\\\/www.vetorino.com\\\/veterinaire\\\/evry-91000\\\/boutique\\\/product\\\/plaid-polaire-trixie-kimmy\\\/\"]}]},{\"@type\":\"ImageObject\",\"inLanguage\":\"fr-FR\",\"@id\":\"https:\\\/\\\/www.vetorino.com\\\/veterinaire\\\/evry-91000\\\/boutique\\\/product\\\/plaid-polaire-trixie-kimmy\\\/#primaryimage\",\"url\":\"https:\\\/\\\/www.vetorino.com\\\/boutique\\\/wp-content\\\/uploads\\\/2023\\\/02\\\/211400_pla_trixie_decke_kimmy_hs_01_1.jpg\",\"contentUrl\":\"https:\\\/\\\/www.vetorino.com\\\/boutique\\\/wp-content\\\/uploads\\\/2023\\\/02\\\/211400_pla_trixie_decke_kimmy_hs_01_1.jpg\",\"width\":800,\"height\":800},{\"@type\":\"BreadcrumbList\",\"@id\":\"https:\\\/\\\/www.vetorino.com\\\/veterinaire\\\/evry-91000\\\/boutique\\\/product\\\/plaid-polaire-trixie-kimmy\\\/#breadcrumb\",\"itemListElement\":[{\"@type\":\"ListItem\",\"position\":1,\"name\":\"Accueil\",\"item\":\"https:\\\/\\\/www.vetorino.com\\\/boutique\\\/\"},{\"@type\":\"ListItem\",\"position\":2,\"name\":\"Produits\",\"item\":\"https:\\\/\\\/www.vetorino.com\\\/boutique\\\/\"},{\"@type\":\"ListItem\",\"position\":3,\"name\":\"Couverture Kimmy pour chien et chat\"}]},{\"@type\":\"WebSite\",\"@id\":\"https:\\\/\\\/www.vetorino.com\\\/boutique\\\/#website\",\"url\":\"https:\\\/\\\/www.vetorino.com\\\/boutique\\\/\",\"name\":\"V\u00e9torino\",\"description\":\"\",\"publisher\":{\"@id\":\"https:\\\/\\\/www.vetorino.com\\\/boutique\\\/#organization\"},\"potentialAction\":[{\"@type\":\"SearchAction\",\"target\":{\"@type\":\"EntryPoint\",\"urlTemplate\":\"https:\\\/\\\/www.vetorino.com\\\/boutique\\\/?s={search_term_string}\"},\"query-input\":{\"@type\":\"PropertyValueSpecification\",\"valueRequired\":true,\"valueName\":\"search_term_string\"}}],\"inLanguage\":\"fr-FR\"},{\"@type\":\"Organization\",\"@id\":\"https:\\\/\\\/www.vetorino.com\\\/boutique\\\/#organization\",\"name\":\"V\u00e9torino\",\"url\":\"https:\\\/\\\/www.vetorino.com\\\/boutique\\\/\",\"logo\":{\"@type\":\"ImageObject\",\"inLanguage\":\"fr-FR\",\"@id\":\"https:\\\/\\\/www.vetorino.com\\\/boutique\\\/#\\\/schema\\\/logo\\\/image\\\/\",\"url\":\"https:\\\/\\\/www.vetorino.com\\\/boutique\\\/wp-content\\\/uploads\\\/2024\\\/10\\\/logo.jpg\",\"contentUrl\":\"https:\\\/\\\/www.vetorino.com\\\/boutique\\\/wp-content\\\/uploads\\\/2024\\\/10\\\/logo.jpg\",\"width\":1200,\"height\":610,\"caption\":\"V\u00e9torino\"},\"image\":{\"@id\":\"https:\\\/\\\/www.vetorino.com\\\/boutique\\\/#\\\/schema\\\/logo\\\/image\\\/\"},\"sameAs\":[\"https:\\\/\\\/www.facebook.com\\\/Vetorino\\\/\",\"https:\\\/\\\/www.instagram.com\\\/vetorino_off\\\/\",\"https:\\\/\\\/www.linkedin.com\\\/company\\\/vtorino\\\/\"]}]}<\/script>\n<meta property=\"product:brand\" content=\"Trixie\" \/>\n<meta property=\"product:price:amount\" content=\"9.72\" \/>\n<meta property=\"product:price:currency\" content=\"EUR\" \/>\n<meta property=\"og:availability\" content=\"instock\" \/>\n<meta property=\"product:availability\" content=\"instock\" \/>\n<meta property=\"product:retailer_item_id\" content=\"C-PLA613\" \/>\n<meta property=\"product:condition\" content=\"new\" \/>\n<!-- \/ Yoast SEO plugin. -->","yoast_head_json":{"title":"Couverture Kimmy pour chien et chat Trixie - V\u00e9torino","description":"Cette couverture douillette et moelleuse trouvera sa place sur votre canap\u00e9 ou au fond du panier de votre animal. Sa mati\u00e8re incroyablement douce invitera tous les chiens et chats \u00e0 d'agr\u00e9ables instants c\u00e2lins, bien au chaud. La couverture\u00a0 Kimmy de la marque Trixie est lavable en machine jusqu'\u00e0 60\u00b0C et convient donc parfaitement\u00a0pour les animaux allergiques","robots":{"index":"noindex","follow":"nofollow"},"og_locale":"fr_FR","og_type":"article","og_title":"Couverture Kimmy pour chien et chat Trixie - V\u00e9torino","og_description":"Cette couverture douillette et moelleuse trouvera sa place sur votre canap\u00e9 ou au fond du panier de votre animal. Sa mati\u00e8re incroyablement douce invitera tous les chiens et chats \u00e0 d'agr\u00e9ables instants c\u00e2lins, bien au chaud. La couverture\u00a0 Kimmy de la marque Trixie est lavable en machine jusqu'\u00e0 60\u00b0C et convient donc parfaitement\u00a0pour les animaux allergiques","og_url":"https:\/\/www.vetorino.com\/veterinaire\/confolens-16500\/boutique\/product\/plaid-polaire-trixie-kimmy\/","og_site_name":"V\u00e9torino","article_publisher":"https:\/\/www.facebook.com\/Vetorino\/","article_modified_time":"2025-12-23T15:38:48+00:00","og_image":[{"width":800,"height":800,"url":"https:\/\/www.vetorino.com\/boutique\/wp-content\/uploads\/2023\/02\/211400_pla_trixie_decke_kimmy_hs_01_1.jpg","type":"image\/jpeg"}],"twitter_card":"summary_large_image","twitter_misc":{"Prix":"9,72&euro;","Disponibilit\u00e9":"En stock"},"schema":{"@context":"https:\/\/schema.org","@graph":[{"@type":"WebPage","@id":"https:\/\/www.vetorino.com\/veterinaire\/evry-91000\/boutique\/product\/plaid-polaire-trixie-kimmy\/","url":"https:\/\/www.vetorino.com\/veterinaire\/evry-91000\/boutique\/product\/plaid-polaire-trixie-kimmy\/","name":"Couverture Kimmy pour chien et chat Trixie - V\u00e9torino","isPartOf":{"@id":"https:\/\/www.vetorino.com\/boutique\/#website"},"primaryImageOfPage":{"@id":"https:\/\/www.vetorino.com\/veterinaire\/evry-91000\/boutique\/product\/plaid-polaire-trixie-kimmy\/#primaryimage"},"image":{"@id":"https:\/\/www.vetorino.com\/veterinaire\/evry-91000\/boutique\/product\/plaid-polaire-trixie-kimmy\/#primaryimage"},"thumbnailUrl":"https:\/\/www.vetorino.com\/boutique\/wp-content\/uploads\/2023\/02\/211400_pla_trixie_decke_kimmy_hs_01_1.jpg","datePublished":"2023-02-01T16:40:25+00:00","dateModified":"2025-12-23T15:38:48+00:00","description":"Cette couverture douillette et moelleuse trouvera sa place sur votre canap\u00e9 ou au fond du panier de votre animal. Sa mati\u00e8re incroyablement douce invitera tous les chiens et chats \u00e0 d'agr\u00e9ables instants c\u00e2lins, bien au chaud. La couverture\u00a0 Kimmy de la marque Trixie est lavable en machine jusqu'\u00e0 60\u00b0C et convient donc parfaitement\u00a0pour les animaux allergiques","breadcrumb":{"@id":"https:\/\/www.vetorino.com\/veterinaire\/evry-91000\/boutique\/product\/plaid-polaire-trixie-kimmy\/#breadcrumb"},"inLanguage":"fr-FR","potentialAction":[{"@type":"ReadAction","target":["https:\/\/www.vetorino.com\/veterinaire\/evry-91000\/boutique\/product\/plaid-polaire-trixie-kimmy\/"]}]},{"@type":"ImageObject","inLanguage":"fr-FR","@id":"https:\/\/www.vetorino.com\/veterinaire\/evry-91000\/boutique\/product\/plaid-polaire-trixie-kimmy\/#primaryimage","url":"https:\/\/www.vetorino.com\/boutique\/wp-content\/uploads\/2023\/02\/211400_pla_trixie_decke_kimmy_hs_01_1.jpg","contentUrl":"https:\/\/www.vetorino.com\/boutique\/wp-content\/uploads\/2023\/02\/211400_pla_trixie_decke_kimmy_hs_01_1.jpg","width":800,"height":800},{"@type":"BreadcrumbList","@id":"https:\/\/www.vetorino.com\/veterinaire\/evry-91000\/boutique\/product\/plaid-polaire-trixie-kimmy\/#breadcrumb","itemListElement":[{"@type":"ListItem","position":1,"name":"Accueil","item":"https:\/\/www.vetorino.com\/boutique\/"},{"@type":"ListItem","position":2,"name":"Produits","item":"https:\/\/www.vetorino.com\/boutique\/"},{"@type":"ListItem","position":3,"name":"Couverture Kimmy pour chien et chat"}]},{"@type":"WebSite","@id":"https:\/\/www.vetorino.com\/boutique\/#website","url":"https:\/\/www.vetorino.com\/boutique\/","name":"V\u00e9torino","description":"","publisher":{"@id":"https:\/\/www.vetorino.com\/boutique\/#organization"},"potentialAction":[{"@type":"SearchAction","target":{"@type":"EntryPoint","urlTemplate":"https:\/\/www.vetorino.com\/boutique\/?s={search_term_string}"},"query-input":{"@type":"PropertyValueSpecification","valueRequired":true,"valueName":"search_term_string"}}],"inLanguage":"fr-FR"},{"@type":"Organization","@id":"https:\/\/www.vetorino.com\/boutique\/#organization","name":"V\u00e9torino","url":"https:\/\/www.vetorino.com\/boutique\/","logo":{"@type":"ImageObject","inLanguage":"fr-FR","@id":"https:\/\/www.vetorino.com\/boutique\/#\/schema\/logo\/image\/","url":"https:\/\/www.vetorino.com\/boutique\/wp-content\/uploads\/2024\/10\/logo.jpg","contentUrl":"https:\/\/www.vetorino.com\/boutique\/wp-content\/uploads\/2024\/10\/logo.jpg","width":1200,"height":610,"caption":"V\u00e9torino"},"image":{"@id":"https:\/\/www.vetorino.com\/boutique\/#\/schema\/logo\/image\/"},"sameAs":["https:\/\/www.facebook.com\/Vetorino\/","https:\/\/www.instagram.com\/vetorino_off\/","https:\/\/www.linkedin.com\/company\/vtorino\/"]}]},"product_brand":"Trixie","product_price_amount":"9.72","product_price_currency":"EUR","og_availability":"instock","product_availability":"instock","product_retailer_item_id":"C-PLA613","product_condition":"new"},"_links":{"self":[{"href":"https:\/\/www.vetorino.com\/veterinaire\/confolens-16500\/boutique\/wp-json\/wp\/v2\/product\/550739","targetHints":{"allow":["GET"]}}],"collection":[{"href":"https:\/\/www.vetorino.com\/veterinaire\/confolens-16500\/boutique\/wp-json\/wp\/v2\/product"}],"about":[{"href":"https:\/\/www.vetorino.com\/veterinaire\/confolens-16500\/boutique\/wp-json\/wp\/v2\/types\/product"}],"wp:featuredmedia":[{"embeddable":true,"href":"https:\/\/www.vetorino.com\/veterinaire\/confolens-16500\/boutique\/wp-json\/wp\/v2\/media\/915090"}],"wp:attachment":[{"href":"https:\/\/www.vetorino.com\/veterinaire\/confolens-16500\/boutique\/wp-json\/wp\/v2\/media?parent=550739"}],"wp:term":[{"taxonomy":"product_cat","embeddable":true,"href":"https:\/\/www.vetorino.com\/veterinaire\/confolens-16500\/boutique\/wp-json\/wp\/v2\/product_cat?post=550739"},{"taxonomy":"product_tag","embeddable":true,"href":"https:\/\/www.vetorino.com\/veterinaire\/confolens-16500\/boutique\/wp-json\/wp\/v2\/product_tag?post=550739"}],"curies":[{"name":"wp","href":"https:\/\/api.w.org\/{rel}","templated":true}]}}