{"id":579710,"date":"2023-03-24T16:17:50","date_gmt":"2023-03-24T15:17:50","guid":{"rendered":"https:\/\/www.vetorino.com\/boutique\/product\/hyaloral-chiot-petites-et-moyennes-races\/"},"modified":"2026-01-28T02:42:17","modified_gmt":"2026-01-28T01:42:17","slug":"hyaloral-chiot-petites-et-moyennes-races","status":"publish","type":"product","link":"https:\/\/www.vetorino.com\/veterinaire\/confolens-16500\/boutique\/product\/hyaloral-chiot-petites-et-moyennes-races\/","title":{"rendered":"Hyaloral comprim\u00e9s chien Petites et Moyennes races"},"content":{"rendered":"<p>Le compl\u00e9ment alimentaire Hyaloral pour chien poss\u00e8de un m\u00e9lange efficace de substances vitales qui favorise la sant\u00e9 des os, des articulations, des ligaments, des tendons et des muscles. Ces comprim\u00e9s augmentent ainsi la mobilit\u00e9 de votre chien et sa joie de vivre. Leur formule a \u00e9t\u00e9 sp\u00e9cialement adapt\u00e9e pour les chiens de petites et moyennes races qui p\u00e8sent jusqu&#8217;\u00e0 20 kg. Elle contient du\u00a0<strong>collag\u00e8ne hydrolys\u00e9 par enzymatique de grande puret\u00e9\u200b\u200b\u200b\u200b\u200b\u200b<\/strong>\u00a0qui emp\u00eache la d\u00e9g\u00e9n\u00e9ration articulaire et favorise la r\u00e9g\u00e9n\u00e9ration du cartilage.<strong>\u00a0<\/strong>L&#8217;<strong>acide hyaluronique<\/strong>\u00a0est le principal composant du liquide synovial\u00a0et a un r\u00f4le de &#8220;lubrifiant&#8221;\u00a0pour les articulations. La\u00a0<strong>g<\/strong><strong>lucosamine et le sulfate de chondro\u00eftine\u00a0<\/strong>font partie int\u00e9grante du cartilage et favorisent la solidit\u00e9, l&#8217;\u00e9lasticit\u00e9 et la stabilit\u00e9 des articulations.<br \/>\nHyaloral contient \u00e9galement du\u00a0<strong>gamma oryzanol<\/strong>\u00a0est un stimulateur musculaire, qui stimule le m\u00e9tabolisme pour une musculature forte et favorise l&#8217;appareil locomoteur du chien. La recette de cet aliment compl\u00e9mentaire permet en outre de pr\u00e9venir de raidissement des tendons et des ligaments provoqu\u00e9 par une carence, mais aussi de soulager les sympt\u00f4mes en cas d&#8217;arthrite ou de toute autre inflammation du cartilage et des articulations.<\/p>\n<p><strong>Caract\u00e9ristiques du\u00a0compl\u00e9ment alimentaire Hyaloral pour chien :<\/strong><\/p>\n<ul>\n<li>aliment compl\u00e9mentaire pour les chiens adultes pesant jusqu&#8217;\u00e0\u00a020 kg<\/li>\n<li>id\u00e9al pour les chiens ayant une mobilit\u00e9 r\u00e9duite en raison de douleurs articulaires\u00a0ou de tout autre trouble musculo-squelettique<\/li>\n<li><strong>m\u00e9lange de substances vitales efficaces :<\/strong>\u00a0favorise la sant\u00e9 des os, des articulations, des ligaments, des tendons et des muscles<\/li>\n<li><strong>favorise la r\u00e9g\u00e9n\u00e9ration du cartilage :\u00a0<\/strong>le collag\u00e8ne hydrolys\u00e9 par enzymatique de grande puret\u00e9\u200b\u200b\u200b\u200b\u200b\u00a0emp\u00eache la d\u00e9g\u00e9n\u00e9ration du tissu cartilagineux et favorise sa r\u00e9g\u00e9n\u00e9ration<\/li>\n<li><strong>fluide synovial intact\u00a0:<\/strong>\u00a0l&#8217;acide hyaluronique lubrifie les articulations et favorise la mobilit\u00e9<\/li>\n<li><strong>glucosamine &amp; sulfate de chondro\u00eftine :\u00a0<\/strong>partie int\u00e9grante du cartilage, favorisent la solidit\u00e9, l&#8217;\u00e9lasticit\u00e9 et la stabilit\u00e9 des articulations<\/li>\n<li><strong>gamma oryzanol :<\/strong>\u00a0stimulateur musculaire naturel<\/li>\n<li><strong>favorise la sant\u00e9 des tendons et des ligaments :<\/strong>\u00a0emp\u00eache leur\u00a0raidissement provoqu\u00e9 par une carence<\/li>\n<li><strong>action anti-inflammatoire\u00a0<\/strong>: soulage les douleurs<\/li>\n<\/ul>\n","protected":false},"excerpt":{"rendered":"<p>Le compl\u00e9ment alimentaire Hyaloral pour chien poss\u00e8de un m\u00e9lange efficace de substances vitales qui favorise la sant\u00e9 des os, des articulations, des ligaments, des tendons et des muscles.<\/p>\n","protected":false},"featured_media":601026,"template":"","meta":[],"product_cat":[12552,2738,2698],"product_tag":[],"class_list":{"0":"post-579710","1":"product","2":"type-product","3":"status-publish","4":"has-post-thumbnail","6":"product_cat-alimentation-du-chien","7":"product_cat-aliments-complementaires-pour-chien","8":"product_cat-chien","9":"pa_marque-pharmadiet","11":"first","12":"instock","13":"taxable","14":"shipping-taxable","15":"purchasable","16":"product-type-simple"},"yoast_head":"<!-- This site is optimized with the Yoast SEO plugin v27.3 - https:\/\/yoast.com\/product\/yoast-seo-wordpress\/ -->\n<title>Hyaloral comprim\u00e9s chien Petites et Moyennes races Pharmadiet - V\u00e9torino<\/title>\n<meta name=\"description\" content=\"Le compl\u00e9ment alimentaire Hyaloral pour chien poss\u00e8de un m\u00e9lange efficace de substances vitales qui favorise la sant\u00e9 des os, des articulations, des ligaments, des tendons et des muscles.\" \/>\n<meta name=\"robots\" content=\"noindex, nofollow\" \/>\n<meta property=\"og:locale\" content=\"fr_FR\" \/>\n<meta property=\"og:type\" content=\"article\" \/>\n<meta property=\"og:title\" content=\"Hyaloral comprim\u00e9s chien Petites et Moyennes races Pharmadiet - V\u00e9torino\" \/>\n<meta property=\"og:description\" content=\"Le compl\u00e9ment alimentaire Hyaloral pour chien poss\u00e8de un m\u00e9lange efficace de substances vitales qui favorise la sant\u00e9 des os, des articulations, des ligaments, des tendons et des muscles.\" \/>\n<meta property=\"og:url\" content=\"https:\/\/www.vetorino.com\/veterinaire\/confolens-16500\/boutique\/product\/hyaloral-chiot-petites-et-moyennes-races\/\" \/>\n<meta property=\"og:site_name\" content=\"V\u00e9torino\" \/>\n<meta property=\"article:publisher\" content=\"https:\/\/www.facebook.com\/Vetorino\/\" \/>\n<meta property=\"article:modified_time\" content=\"2026-01-28T01:42:17+00:00\" \/>\n<meta property=\"og:image\" content=\"https:\/\/www.vetorino.com\/boutique\/wp-content\/uploads\/2023\/03\/hyaloral-razas-pequenas-y-medianas-63ed2fafda32b_g.jpg\" \/>\n\t<meta property=\"og:image:width\" content=\"512\" \/>\n\t<meta property=\"og:image:height\" content=\"512\" \/>\n\t<meta property=\"og:image:type\" content=\"image\/jpeg\" \/>\n<meta name=\"twitter:card\" content=\"summary_large_image\" \/>\n<meta name=\"twitter:label1\" content=\"Prix\" \/>\n\t<meta name=\"twitter:data1\" content=\"56,68&euro;\" \/>\n\t<meta name=\"twitter:label2\" content=\"Disponibilit\u00e9\" \/>\n\t<meta name=\"twitter:data2\" content=\"En stock\" \/>\n<script type=\"application\/ld+json\" class=\"yoast-schema-graph\">{\"@context\":\"https:\\\/\\\/schema.org\",\"@graph\":[{\"@type\":\"WebPage\",\"@id\":\"https:\\\/\\\/www.vetorino.com\\\/boutique\\\/product\\\/hyaloral-chiot-petites-et-moyennes-races\\\/\",\"url\":\"https:\\\/\\\/www.vetorino.com\\\/boutique\\\/product\\\/hyaloral-chiot-petites-et-moyennes-races\\\/\",\"name\":\"Hyaloral comprim\u00e9s chien Petites et Moyennes races Pharmadiet - V\u00e9torino\",\"isPartOf\":{\"@id\":\"https:\\\/\\\/www.vetorino.com\\\/boutique\\\/#website\"},\"primaryImageOfPage\":{\"@id\":\"https:\\\/\\\/www.vetorino.com\\\/boutique\\\/product\\\/hyaloral-chiot-petites-et-moyennes-races\\\/#primaryimage\"},\"image\":{\"@id\":\"https:\\\/\\\/www.vetorino.com\\\/boutique\\\/product\\\/hyaloral-chiot-petites-et-moyennes-races\\\/#primaryimage\"},\"thumbnailUrl\":\"https:\\\/\\\/www.vetorino.com\\\/boutique\\\/wp-content\\\/uploads\\\/2023\\\/03\\\/hyaloral-razas-pequenas-y-medianas-63ed2fafda32b_g.jpg\",\"datePublished\":\"2023-03-24T15:17:50+00:00\",\"dateModified\":\"2026-01-28T01:42:17+00:00\",\"description\":\"Le compl\u00e9ment alimentaire Hyaloral pour chien poss\u00e8de un m\u00e9lange efficace de substances vitales qui favorise la sant\u00e9 des os, des articulations, des ligaments, des tendons et des muscles.\",\"breadcrumb\":{\"@id\":\"https:\\\/\\\/www.vetorino.com\\\/boutique\\\/product\\\/hyaloral-chiot-petites-et-moyennes-races\\\/#breadcrumb\"},\"inLanguage\":\"fr-FR\",\"potentialAction\":[{\"@type\":\"ReadAction\",\"target\":[\"https:\\\/\\\/www.vetorino.com\\\/boutique\\\/product\\\/hyaloral-chiot-petites-et-moyennes-races\\\/\"]}]},{\"@type\":\"ImageObject\",\"inLanguage\":\"fr-FR\",\"@id\":\"https:\\\/\\\/www.vetorino.com\\\/boutique\\\/product\\\/hyaloral-chiot-petites-et-moyennes-races\\\/#primaryimage\",\"url\":\"https:\\\/\\\/www.vetorino.com\\\/boutique\\\/wp-content\\\/uploads\\\/2023\\\/03\\\/hyaloral-razas-pequenas-y-medianas-63ed2fafda32b_g.jpg\",\"contentUrl\":\"https:\\\/\\\/www.vetorino.com\\\/boutique\\\/wp-content\\\/uploads\\\/2023\\\/03\\\/hyaloral-razas-pequenas-y-medianas-63ed2fafda32b_g.jpg\",\"width\":512,\"height\":512},{\"@type\":\"BreadcrumbList\",\"@id\":\"https:\\\/\\\/www.vetorino.com\\\/boutique\\\/product\\\/hyaloral-chiot-petites-et-moyennes-races\\\/#breadcrumb\",\"itemListElement\":[{\"@type\":\"ListItem\",\"position\":1,\"name\":\"Accueil\",\"item\":\"https:\\\/\\\/www.vetorino.com\\\/boutique\\\/\"},{\"@type\":\"ListItem\",\"position\":2,\"name\":\"Produits\",\"item\":\"https:\\\/\\\/www.vetorino.com\\\/boutique\\\/\"},{\"@type\":\"ListItem\",\"position\":3,\"name\":\"Hyaloral comprim\u00e9s chien Petites et Moyennes races\"}]},{\"@type\":\"WebSite\",\"@id\":\"https:\\\/\\\/www.vetorino.com\\\/boutique\\\/#website\",\"url\":\"https:\\\/\\\/www.vetorino.com\\\/boutique\\\/\",\"name\":\"V\u00e9torino\",\"description\":\"\",\"publisher\":{\"@id\":\"https:\\\/\\\/www.vetorino.com\\\/boutique\\\/#organization\"},\"potentialAction\":[{\"@type\":\"SearchAction\",\"target\":{\"@type\":\"EntryPoint\",\"urlTemplate\":\"https:\\\/\\\/www.vetorino.com\\\/boutique\\\/?s={search_term_string}\"},\"query-input\":{\"@type\":\"PropertyValueSpecification\",\"valueRequired\":true,\"valueName\":\"search_term_string\"}}],\"inLanguage\":\"fr-FR\"},{\"@type\":\"Organization\",\"@id\":\"https:\\\/\\\/www.vetorino.com\\\/boutique\\\/#organization\",\"name\":\"V\u00e9torino\",\"url\":\"https:\\\/\\\/www.vetorino.com\\\/boutique\\\/\",\"logo\":{\"@type\":\"ImageObject\",\"inLanguage\":\"fr-FR\",\"@id\":\"https:\\\/\\\/www.vetorino.com\\\/boutique\\\/#\\\/schema\\\/logo\\\/image\\\/\",\"url\":\"https:\\\/\\\/www.vetorino.com\\\/boutique\\\/wp-content\\\/uploads\\\/2024\\\/10\\\/logo.jpg\",\"contentUrl\":\"https:\\\/\\\/www.vetorino.com\\\/boutique\\\/wp-content\\\/uploads\\\/2024\\\/10\\\/logo.jpg\",\"width\":1200,\"height\":610,\"caption\":\"V\u00e9torino\"},\"image\":{\"@id\":\"https:\\\/\\\/www.vetorino.com\\\/boutique\\\/#\\\/schema\\\/logo\\\/image\\\/\"},\"sameAs\":[\"https:\\\/\\\/www.facebook.com\\\/Vetorino\\\/\",\"https:\\\/\\\/www.instagram.com\\\/vetorino_off\\\/\",\"https:\\\/\\\/www.linkedin.com\\\/company\\\/vtorino\\\/\"]}]}<\/script>\n<meta property=\"product:brand\" content=\"Pharmadiet\" \/>\n<meta property=\"product:price:amount\" content=\"56.68\" \/>\n<meta property=\"product:price:currency\" content=\"EUR\" \/>\n<meta property=\"og:availability\" content=\"instock\" \/>\n<meta property=\"product:availability\" content=\"instock\" \/>\n<meta property=\"product:retailer_item_id\" content=\"C-HYA006\" \/>\n<meta property=\"product:condition\" content=\"new\" \/>\n<!-- \/ Yoast SEO plugin. -->","yoast_head_json":{"title":"Hyaloral comprim\u00e9s chien Petites et Moyennes races Pharmadiet - V\u00e9torino","description":"Le compl\u00e9ment alimentaire Hyaloral pour chien poss\u00e8de un m\u00e9lange efficace de substances vitales qui favorise la sant\u00e9 des os, des articulations, des ligaments, des tendons et des muscles.","robots":{"index":"noindex","follow":"nofollow"},"og_locale":"fr_FR","og_type":"article","og_title":"Hyaloral comprim\u00e9s chien Petites et Moyennes races Pharmadiet - V\u00e9torino","og_description":"Le compl\u00e9ment alimentaire Hyaloral pour chien poss\u00e8de un m\u00e9lange efficace de substances vitales qui favorise la sant\u00e9 des os, des articulations, des ligaments, des tendons et des muscles.","og_url":"https:\/\/www.vetorino.com\/veterinaire\/confolens-16500\/boutique\/product\/hyaloral-chiot-petites-et-moyennes-races\/","og_site_name":"V\u00e9torino","article_publisher":"https:\/\/www.facebook.com\/Vetorino\/","article_modified_time":"2026-01-28T01:42:17+00:00","og_image":[{"width":512,"height":512,"url":"https:\/\/www.vetorino.com\/boutique\/wp-content\/uploads\/2023\/03\/hyaloral-razas-pequenas-y-medianas-63ed2fafda32b_g.jpg","type":"image\/jpeg"}],"twitter_card":"summary_large_image","twitter_misc":{"Prix":"56,68&euro;","Disponibilit\u00e9":"En stock"},"schema":{"@context":"https:\/\/schema.org","@graph":[{"@type":"WebPage","@id":"https:\/\/www.vetorino.com\/boutique\/product\/hyaloral-chiot-petites-et-moyennes-races\/","url":"https:\/\/www.vetorino.com\/boutique\/product\/hyaloral-chiot-petites-et-moyennes-races\/","name":"Hyaloral comprim\u00e9s chien Petites et Moyennes races Pharmadiet - V\u00e9torino","isPartOf":{"@id":"https:\/\/www.vetorino.com\/boutique\/#website"},"primaryImageOfPage":{"@id":"https:\/\/www.vetorino.com\/boutique\/product\/hyaloral-chiot-petites-et-moyennes-races\/#primaryimage"},"image":{"@id":"https:\/\/www.vetorino.com\/boutique\/product\/hyaloral-chiot-petites-et-moyennes-races\/#primaryimage"},"thumbnailUrl":"https:\/\/www.vetorino.com\/boutique\/wp-content\/uploads\/2023\/03\/hyaloral-razas-pequenas-y-medianas-63ed2fafda32b_g.jpg","datePublished":"2023-03-24T15:17:50+00:00","dateModified":"2026-01-28T01:42:17+00:00","description":"Le compl\u00e9ment alimentaire Hyaloral pour chien poss\u00e8de un m\u00e9lange efficace de substances vitales qui favorise la sant\u00e9 des os, des articulations, des ligaments, des tendons et des muscles.","breadcrumb":{"@id":"https:\/\/www.vetorino.com\/boutique\/product\/hyaloral-chiot-petites-et-moyennes-races\/#breadcrumb"},"inLanguage":"fr-FR","potentialAction":[{"@type":"ReadAction","target":["https:\/\/www.vetorino.com\/boutique\/product\/hyaloral-chiot-petites-et-moyennes-races\/"]}]},{"@type":"ImageObject","inLanguage":"fr-FR","@id":"https:\/\/www.vetorino.com\/boutique\/product\/hyaloral-chiot-petites-et-moyennes-races\/#primaryimage","url":"https:\/\/www.vetorino.com\/boutique\/wp-content\/uploads\/2023\/03\/hyaloral-razas-pequenas-y-medianas-63ed2fafda32b_g.jpg","contentUrl":"https:\/\/www.vetorino.com\/boutique\/wp-content\/uploads\/2023\/03\/hyaloral-razas-pequenas-y-medianas-63ed2fafda32b_g.jpg","width":512,"height":512},{"@type":"BreadcrumbList","@id":"https:\/\/www.vetorino.com\/boutique\/product\/hyaloral-chiot-petites-et-moyennes-races\/#breadcrumb","itemListElement":[{"@type":"ListItem","position":1,"name":"Accueil","item":"https:\/\/www.vetorino.com\/boutique\/"},{"@type":"ListItem","position":2,"name":"Produits","item":"https:\/\/www.vetorino.com\/boutique\/"},{"@type":"ListItem","position":3,"name":"Hyaloral comprim\u00e9s chien Petites et Moyennes races"}]},{"@type":"WebSite","@id":"https:\/\/www.vetorino.com\/boutique\/#website","url":"https:\/\/www.vetorino.com\/boutique\/","name":"V\u00e9torino","description":"","publisher":{"@id":"https:\/\/www.vetorino.com\/boutique\/#organization"},"potentialAction":[{"@type":"SearchAction","target":{"@type":"EntryPoint","urlTemplate":"https:\/\/www.vetorino.com\/boutique\/?s={search_term_string}"},"query-input":{"@type":"PropertyValueSpecification","valueRequired":true,"valueName":"search_term_string"}}],"inLanguage":"fr-FR"},{"@type":"Organization","@id":"https:\/\/www.vetorino.com\/boutique\/#organization","name":"V\u00e9torino","url":"https:\/\/www.vetorino.com\/boutique\/","logo":{"@type":"ImageObject","inLanguage":"fr-FR","@id":"https:\/\/www.vetorino.com\/boutique\/#\/schema\/logo\/image\/","url":"https:\/\/www.vetorino.com\/boutique\/wp-content\/uploads\/2024\/10\/logo.jpg","contentUrl":"https:\/\/www.vetorino.com\/boutique\/wp-content\/uploads\/2024\/10\/logo.jpg","width":1200,"height":610,"caption":"V\u00e9torino"},"image":{"@id":"https:\/\/www.vetorino.com\/boutique\/#\/schema\/logo\/image\/"},"sameAs":["https:\/\/www.facebook.com\/Vetorino\/","https:\/\/www.instagram.com\/vetorino_off\/","https:\/\/www.linkedin.com\/company\/vtorino\/"]}]},"product_brand":"Pharmadiet","product_price_amount":"56.68","product_price_currency":"EUR","og_availability":"instock","product_availability":"instock","product_retailer_item_id":"C-HYA006","product_condition":"new"},"_links":{"self":[{"href":"https:\/\/www.vetorino.com\/veterinaire\/confolens-16500\/boutique\/wp-json\/wp\/v2\/product\/579710","targetHints":{"allow":["GET"]}}],"collection":[{"href":"https:\/\/www.vetorino.com\/veterinaire\/confolens-16500\/boutique\/wp-json\/wp\/v2\/product"}],"about":[{"href":"https:\/\/www.vetorino.com\/veterinaire\/confolens-16500\/boutique\/wp-json\/wp\/v2\/types\/product"}],"wp:featuredmedia":[{"embeddable":true,"href":"https:\/\/www.vetorino.com\/veterinaire\/confolens-16500\/boutique\/wp-json\/wp\/v2\/media\/601026"}],"wp:attachment":[{"href":"https:\/\/www.vetorino.com\/veterinaire\/confolens-16500\/boutique\/wp-json\/wp\/v2\/media?parent=579710"}],"wp:term":[{"taxonomy":"product_cat","embeddable":true,"href":"https:\/\/www.vetorino.com\/veterinaire\/confolens-16500\/boutique\/wp-json\/wp\/v2\/product_cat?post=579710"},{"taxonomy":"product_tag","embeddable":true,"href":"https:\/\/www.vetorino.com\/veterinaire\/confolens-16500\/boutique\/wp-json\/wp\/v2\/product_tag?post=579710"}],"curies":[{"name":"wp","href":"https:\/\/api.w.org\/{rel}","templated":true}]}}