{"id":873967,"date":"2024-03-21T16:04:23","date_gmt":"2024-03-21T15:04:23","guid":{"rendered":"https:\/\/www.vetorino.com\/boutique\/product\/collier-de-controle-halti\/"},"modified":"2026-03-20T02:42:11","modified_gmt":"2026-03-20T01:42:11","slug":"collier-de-controle-halti","status":"publish","type":"product","link":"https:\/\/www.vetorino.com\/veterinaire\/confolens-16500\/boutique\/product\/collier-de-controle-halti\/","title":{"rendered":"Licol Halti"},"content":{"rendered":"<p>Le licol Halti est r\u00e9put\u00e9 pour \u00eatre un accessoire simple et efficace pour\u00a0<strong>\u00e9duquer son chien de mani\u00e8re positive<\/strong>. Il suffit de l&#8217;enfiler \u00e0 son animal pour que celui-ci se laisse naturellement guider par vous, ce qui facilite consid\u00e9rablement l&#8217;entra\u00eenement.<\/p>\n<p>Le licol de dressage Halti poss\u00e8de la particularit\u00e9 d&#8217;avoir un effet\u00a0<strong>museli\u00e8re\u00a0<\/strong>qui referme la m\u00e2choire de votre chien lorsque celui-ci exerce une trop forte traction sur sa laisse. L&#8217;anneau se rel\u00e2che d\u00e8s que l&#8217;animal arr\u00eate de tirer et lui permet d&#8217;ouvrir de nouveau sa gueule.<\/p>\n<p>R\u00e9glable en continu, ce licol de dressage est<strong>\u00a0tr\u00e8s confortable<\/strong>. Dites adieu aux promenades d\u00e9sagr\u00e9ables, &#8220;accroch\u00e9&#8221; au bout de la laisse que votre chien ne cesse de tirer !<\/p>\n<p><strong>Caract\u00e9ristiques du licol\u00a0Halti, noir pour chien\u00a0<\/strong><b>:<\/b><\/p>\n<ul>\n<li>licol de dressage pour chien<\/li>\n<li>\u00e9ducation<strong>\u00a0non-violente<\/strong><\/li>\n<li><strong>effet museli\u00e8re :<\/strong>\u00a0un anneau referme la m\u00e2choire du chien lorsqu&#8217;il tire et la rel\u00e2che lorsqu&#8217;il arr\u00eate<\/li>\n<li><strong>tr\u00e8s confortable :<\/strong>\u00a0r\u00e9glable en continu, muserolle rembourr\u00e9e<\/li>\n<li><strong>emp\u00eache le chien de tirer sur sa laisse<\/strong><\/li>\n<li><strong>mousqueton en acier :\u00a0<\/strong>pour une fixation s\u00fbre au collier<\/li>\n<li><strong>empi\u00e8cements r\u00e9fl\u00e9chissants \u00e0 la muserolle\u00a0:<\/strong>\u00a0pour une meilleure visibilit\u00e9<\/li>\n<li>guide d&#8217;entra\u00eenement inclus avec des conseils pratiques<\/li>\n<li><strong>coloris :<\/strong>\u00a0noir<\/li>\n<\/ul>\n<p><strong>Tableau des tailles :<\/strong><\/p>\n<table border=\"\" width=\"70%\">\n<colgroup>\n<col width=\"20%\" \/>\n<col width=\"20%\" \/>\n<col width=\"20%\" \/>\n<col width=\"40%\" \/><\/colgroup>\n<tbody>\n<tr>\n<td align=\"center\"><small><b>Taille<\/b><\/small><\/td>\n<td align=\"center\"><small><b>Muserolle<\/b><\/small><\/td>\n<td align=\"center\"><small><b>Tour de cou<\/b><\/small><\/td>\n<td align=\"center\"><small><b>Convient \u00e0 :<\/b><\/small><\/td>\n<\/tr>\n<tr>\n<td align=\"center\"><small>2<\/small><\/td>\n<td align=\"center\"><small>8 &#8211; 13 cm de diam\u00e8tre environ<\/small><\/td>\n<td align=\"center\"><small>35 &#8211; 48 cm<\/small><\/td>\n<td align=\"center\"><small>Bouvier australien, Bedlington terrier Scottish terrier, Shar Pei, Staffordshire Bull terrier, Schnauzer moyen, Braque hongrois<\/small><\/td>\n<\/tr>\n<tr>\n<td align=\"center\"><small>3<\/small><\/td>\n<td align=\"center\"><small>10 &#8211; 16 cm de diam\u00e8tre environ<\/small><\/td>\n<td align=\"center\"><small>40 &#8211; 54 cm<\/small><\/td>\n<td align=\"center\"><small>Bull Terrier, Golden Retriever, Husky, Labrador, Malamute, Setters, Braque de Weimar, Berger allemand<\/small><\/td>\n<\/tr>\n<tr>\n<td align=\"center\"><small>4<\/small><\/td>\n<td align=\"center\"><small>12 &#8211; 18 cm de diam\u00e8tre environ<\/small><\/td>\n<td align=\"center\"><small>46 &#8211; 62 cm<\/small><\/td>\n<td align=\"center\"><small>Akita Inu, Bouvier bernois, Bull Mastiff, Schnauzer g\u00e9ant, L\u00e9vrier irlandais, Terre-neuve, Rottweiler<\/small><\/td>\n<\/tr>\n<\/tbody>\n<\/table>\n","protected":false},"excerpt":{"rendered":"<p>Licol de dressage pour une\u00a0<strong>\u00e9ducation positive<\/strong>,<b>\u00a0effet museli\u00e8re en cas de forte traction<\/b>, muserolle rembourr\u00e9e pour un maximum de confort,\u00a0<b>r\u00e9glable en continu<\/b>, guide d&#8217;entra\u00eenement inclus.<\/p>\n","protected":false},"featured_media":592872,"template":"","meta":[],"product_cat":[12550,2698,2777],"product_tag":[],"class_list":{"0":"post-873967","1":"product","2":"type-product","3":"status-publish","4":"has-post-thumbnail","6":"product_cat-accessoires-du-chien","7":"product_cat-chien","8":"product_cat-colliers-laisses-et-harnais-pour-chien","9":"pa_marque-company-of-animals","11":"first","12":"instock","13":"taxable","14":"shipping-taxable","15":"purchasable","16":"product-type-variable"},"yoast_head":"<!-- This site is optimized with the Yoast SEO plugin v27.3 - https:\/\/yoast.com\/product\/yoast-seo-wordpress\/ -->\n<title>Licol Halti Company of Animals - V\u00e9torino<\/title>\n<meta name=\"description\" content=\"Licol de dressage pour une\u00a0\u00e9ducation positive,\u00a0effet museli\u00e8re en cas de forte traction, muserolle rembourr\u00e9e pour un maximum de confort,\u00a0r\u00e9glable en continu, guide d&#039;entra\u00eenement inclus.\" \/>\n<meta name=\"robots\" content=\"noindex, nofollow\" \/>\n<meta property=\"og:locale\" content=\"fr_FR\" \/>\n<meta property=\"og:type\" content=\"article\" \/>\n<meta property=\"og:title\" content=\"Licol Halti Company of Animals - V\u00e9torino\" \/>\n<meta property=\"og:description\" content=\"Licol de dressage pour une\u00a0\u00e9ducation positive,\u00a0effet museli\u00e8re en cas de forte traction, muserolle rembourr\u00e9e pour un maximum de confort,\u00a0r\u00e9glable en continu, guide d&#039;entra\u00eenement inclus.\" \/>\n<meta property=\"og:url\" content=\"https:\/\/www.vetorino.com\/veterinaire\/confolens-16500\/boutique\/product\/collier-de-controle-halti\/\" \/>\n<meta property=\"og:site_name\" content=\"V\u00e9torino\" \/>\n<meta property=\"article:publisher\" content=\"https:\/\/www.facebook.com\/Vetorino\/\" \/>\n<meta property=\"article:modified_time\" content=\"2026-03-20T01:42:11+00:00\" \/>\n<meta property=\"og:image\" content=\"https:\/\/www.vetorino.com\/boutique\/wp-content\/uploads\/2022\/07\/81RwhPY61L._AC_SX679_.jpg\" \/>\n\t<meta property=\"og:image:width\" content=\"679\" \/>\n\t<meta property=\"og:image:height\" content=\"667\" \/>\n\t<meta property=\"og:image:type\" content=\"image\/jpeg\" \/>\n<meta name=\"twitter:card\" content=\"summary_large_image\" \/>\n<meta name=\"twitter:label1\" content=\"Disponibilit\u00e9\" \/>\n\t<meta name=\"twitter:data1\" content=\"En stock\" \/>\n<script type=\"application\/ld+json\" class=\"yoast-schema-graph\">{\"@context\":\"https:\\\/\\\/schema.org\",\"@graph\":[{\"@type\":\"WebPage\",\"@id\":\"https:\\\/\\\/www.vetorino.com\\\/boutique\\\/product\\\/collier-de-controle-halti\\\/\",\"url\":\"https:\\\/\\\/www.vetorino.com\\\/boutique\\\/product\\\/collier-de-controle-halti\\\/\",\"name\":\"Licol Halti Company of Animals - V\u00e9torino\",\"isPartOf\":{\"@id\":\"https:\\\/\\\/www.vetorino.com\\\/boutique\\\/#website\"},\"primaryImageOfPage\":{\"@id\":\"https:\\\/\\\/www.vetorino.com\\\/boutique\\\/product\\\/collier-de-controle-halti\\\/#primaryimage\"},\"image\":{\"@id\":\"https:\\\/\\\/www.vetorino.com\\\/boutique\\\/product\\\/collier-de-controle-halti\\\/#primaryimage\"},\"thumbnailUrl\":\"https:\\\/\\\/www.vetorino.com\\\/boutique\\\/wp-content\\\/uploads\\\/2022\\\/07\\\/81RwhPY61L._AC_SX679_.jpg\",\"datePublished\":\"2024-03-21T15:04:23+00:00\",\"dateModified\":\"2026-03-20T01:42:11+00:00\",\"description\":\"Licol de dressage pour une\u00a0\u00e9ducation positive,\u00a0effet museli\u00e8re en cas de forte traction, muserolle rembourr\u00e9e pour un maximum de confort,\u00a0r\u00e9glable en continu, guide d'entra\u00eenement inclus.\",\"breadcrumb\":{\"@id\":\"https:\\\/\\\/www.vetorino.com\\\/boutique\\\/product\\\/collier-de-controle-halti\\\/#breadcrumb\"},\"inLanguage\":\"fr-FR\",\"potentialAction\":[{\"@type\":\"ReadAction\",\"target\":[\"https:\\\/\\\/www.vetorino.com\\\/boutique\\\/product\\\/collier-de-controle-halti\\\/\"]}]},{\"@type\":\"ImageObject\",\"inLanguage\":\"fr-FR\",\"@id\":\"https:\\\/\\\/www.vetorino.com\\\/boutique\\\/product\\\/collier-de-controle-halti\\\/#primaryimage\",\"url\":\"https:\\\/\\\/www.vetorino.com\\\/boutique\\\/wp-content\\\/uploads\\\/2022\\\/07\\\/81RwhPY61L._AC_SX679_.jpg\",\"contentUrl\":\"https:\\\/\\\/www.vetorino.com\\\/boutique\\\/wp-content\\\/uploads\\\/2022\\\/07\\\/81RwhPY61L._AC_SX679_.jpg\",\"width\":679,\"height\":667},{\"@type\":\"BreadcrumbList\",\"@id\":\"https:\\\/\\\/www.vetorino.com\\\/boutique\\\/product\\\/collier-de-controle-halti\\\/#breadcrumb\",\"itemListElement\":[{\"@type\":\"ListItem\",\"position\":1,\"name\":\"Accueil\",\"item\":\"https:\\\/\\\/www.vetorino.com\\\/boutique\\\/\"},{\"@type\":\"ListItem\",\"position\":2,\"name\":\"Produits\",\"item\":\"https:\\\/\\\/www.vetorino.com\\\/boutique\\\/\"},{\"@type\":\"ListItem\",\"position\":3,\"name\":\"Licol Halti\"}]},{\"@type\":\"WebSite\",\"@id\":\"https:\\\/\\\/www.vetorino.com\\\/boutique\\\/#website\",\"url\":\"https:\\\/\\\/www.vetorino.com\\\/boutique\\\/\",\"name\":\"V\u00e9torino\",\"description\":\"\",\"publisher\":{\"@id\":\"https:\\\/\\\/www.vetorino.com\\\/boutique\\\/#organization\"},\"potentialAction\":[{\"@type\":\"SearchAction\",\"target\":{\"@type\":\"EntryPoint\",\"urlTemplate\":\"https:\\\/\\\/www.vetorino.com\\\/boutique\\\/?s={search_term_string}\"},\"query-input\":{\"@type\":\"PropertyValueSpecification\",\"valueRequired\":true,\"valueName\":\"search_term_string\"}}],\"inLanguage\":\"fr-FR\"},{\"@type\":\"Organization\",\"@id\":\"https:\\\/\\\/www.vetorino.com\\\/boutique\\\/#organization\",\"name\":\"V\u00e9torino\",\"url\":\"https:\\\/\\\/www.vetorino.com\\\/boutique\\\/\",\"logo\":{\"@type\":\"ImageObject\",\"inLanguage\":\"fr-FR\",\"@id\":\"https:\\\/\\\/www.vetorino.com\\\/boutique\\\/#\\\/schema\\\/logo\\\/image\\\/\",\"url\":\"https:\\\/\\\/www.vetorino.com\\\/boutique\\\/wp-content\\\/uploads\\\/2024\\\/10\\\/logo.jpg\",\"contentUrl\":\"https:\\\/\\\/www.vetorino.com\\\/boutique\\\/wp-content\\\/uploads\\\/2024\\\/10\\\/logo.jpg\",\"width\":1200,\"height\":610,\"caption\":\"V\u00e9torino\"},\"image\":{\"@id\":\"https:\\\/\\\/www.vetorino.com\\\/boutique\\\/#\\\/schema\\\/logo\\\/image\\\/\"},\"sameAs\":[\"https:\\\/\\\/www.facebook.com\\\/Vetorino\\\/\",\"https:\\\/\\\/www.instagram.com\\\/vetorino_off\\\/\",\"https:\\\/\\\/www.linkedin.com\\\/company\\\/vtorino\\\/\"]}]}<\/script>\n<meta property=\"product:brand\" content=\"Company of Animals\" \/>\n<meta property=\"og:availability\" content=\"instock\" \/>\n<meta property=\"product:availability\" content=\"instock\" \/>\n<meta property=\"product:condition\" content=\"new\" \/>\n<!-- \/ Yoast SEO plugin. -->","yoast_head_json":{"title":"Licol Halti Company of Animals - V\u00e9torino","description":"Licol de dressage pour une\u00a0\u00e9ducation positive,\u00a0effet museli\u00e8re en cas de forte traction, muserolle rembourr\u00e9e pour un maximum de confort,\u00a0r\u00e9glable en continu, guide d'entra\u00eenement inclus.","robots":{"index":"noindex","follow":"nofollow"},"og_locale":"fr_FR","og_type":"article","og_title":"Licol Halti Company of Animals - V\u00e9torino","og_description":"Licol de dressage pour une\u00a0\u00e9ducation positive,\u00a0effet museli\u00e8re en cas de forte traction, muserolle rembourr\u00e9e pour un maximum de confort,\u00a0r\u00e9glable en continu, guide d'entra\u00eenement inclus.","og_url":"https:\/\/www.vetorino.com\/veterinaire\/confolens-16500\/boutique\/product\/collier-de-controle-halti\/","og_site_name":"V\u00e9torino","article_publisher":"https:\/\/www.facebook.com\/Vetorino\/","article_modified_time":"2026-03-20T01:42:11+00:00","og_image":[{"width":679,"height":667,"url":"https:\/\/www.vetorino.com\/boutique\/wp-content\/uploads\/2022\/07\/81RwhPY61L._AC_SX679_.jpg","type":"image\/jpeg"}],"twitter_card":"summary_large_image","twitter_misc":{"Disponibilit\u00e9":"En stock"},"schema":{"@context":"https:\/\/schema.org","@graph":[{"@type":"WebPage","@id":"https:\/\/www.vetorino.com\/boutique\/product\/collier-de-controle-halti\/","url":"https:\/\/www.vetorino.com\/boutique\/product\/collier-de-controle-halti\/","name":"Licol Halti Company of Animals - V\u00e9torino","isPartOf":{"@id":"https:\/\/www.vetorino.com\/boutique\/#website"},"primaryImageOfPage":{"@id":"https:\/\/www.vetorino.com\/boutique\/product\/collier-de-controle-halti\/#primaryimage"},"image":{"@id":"https:\/\/www.vetorino.com\/boutique\/product\/collier-de-controle-halti\/#primaryimage"},"thumbnailUrl":"https:\/\/www.vetorino.com\/boutique\/wp-content\/uploads\/2022\/07\/81RwhPY61L._AC_SX679_.jpg","datePublished":"2024-03-21T15:04:23+00:00","dateModified":"2026-03-20T01:42:11+00:00","description":"Licol de dressage pour une\u00a0\u00e9ducation positive,\u00a0effet museli\u00e8re en cas de forte traction, muserolle rembourr\u00e9e pour un maximum de confort,\u00a0r\u00e9glable en continu, guide d'entra\u00eenement inclus.","breadcrumb":{"@id":"https:\/\/www.vetorino.com\/boutique\/product\/collier-de-controle-halti\/#breadcrumb"},"inLanguage":"fr-FR","potentialAction":[{"@type":"ReadAction","target":["https:\/\/www.vetorino.com\/boutique\/product\/collier-de-controle-halti\/"]}]},{"@type":"ImageObject","inLanguage":"fr-FR","@id":"https:\/\/www.vetorino.com\/boutique\/product\/collier-de-controle-halti\/#primaryimage","url":"https:\/\/www.vetorino.com\/boutique\/wp-content\/uploads\/2022\/07\/81RwhPY61L._AC_SX679_.jpg","contentUrl":"https:\/\/www.vetorino.com\/boutique\/wp-content\/uploads\/2022\/07\/81RwhPY61L._AC_SX679_.jpg","width":679,"height":667},{"@type":"BreadcrumbList","@id":"https:\/\/www.vetorino.com\/boutique\/product\/collier-de-controle-halti\/#breadcrumb","itemListElement":[{"@type":"ListItem","position":1,"name":"Accueil","item":"https:\/\/www.vetorino.com\/boutique\/"},{"@type":"ListItem","position":2,"name":"Produits","item":"https:\/\/www.vetorino.com\/boutique\/"},{"@type":"ListItem","position":3,"name":"Licol Halti"}]},{"@type":"WebSite","@id":"https:\/\/www.vetorino.com\/boutique\/#website","url":"https:\/\/www.vetorino.com\/boutique\/","name":"V\u00e9torino","description":"","publisher":{"@id":"https:\/\/www.vetorino.com\/boutique\/#organization"},"potentialAction":[{"@type":"SearchAction","target":{"@type":"EntryPoint","urlTemplate":"https:\/\/www.vetorino.com\/boutique\/?s={search_term_string}"},"query-input":{"@type":"PropertyValueSpecification","valueRequired":true,"valueName":"search_term_string"}}],"inLanguage":"fr-FR"},{"@type":"Organization","@id":"https:\/\/www.vetorino.com\/boutique\/#organization","name":"V\u00e9torino","url":"https:\/\/www.vetorino.com\/boutique\/","logo":{"@type":"ImageObject","inLanguage":"fr-FR","@id":"https:\/\/www.vetorino.com\/boutique\/#\/schema\/logo\/image\/","url":"https:\/\/www.vetorino.com\/boutique\/wp-content\/uploads\/2024\/10\/logo.jpg","contentUrl":"https:\/\/www.vetorino.com\/boutique\/wp-content\/uploads\/2024\/10\/logo.jpg","width":1200,"height":610,"caption":"V\u00e9torino"},"image":{"@id":"https:\/\/www.vetorino.com\/boutique\/#\/schema\/logo\/image\/"},"sameAs":["https:\/\/www.facebook.com\/Vetorino\/","https:\/\/www.instagram.com\/vetorino_off\/","https:\/\/www.linkedin.com\/company\/vtorino\/"]}]},"product_brand":"Company of Animals","og_availability":"instock","product_availability":"instock","product_condition":"new"},"_links":{"self":[{"href":"https:\/\/www.vetorino.com\/veterinaire\/confolens-16500\/boutique\/wp-json\/wp\/v2\/product\/873967","targetHints":{"allow":["GET"]}}],"collection":[{"href":"https:\/\/www.vetorino.com\/veterinaire\/confolens-16500\/boutique\/wp-json\/wp\/v2\/product"}],"about":[{"href":"https:\/\/www.vetorino.com\/veterinaire\/confolens-16500\/boutique\/wp-json\/wp\/v2\/types\/product"}],"wp:featuredmedia":[{"embeddable":true,"href":"https:\/\/www.vetorino.com\/veterinaire\/confolens-16500\/boutique\/wp-json\/wp\/v2\/media\/592872"}],"wp:attachment":[{"href":"https:\/\/www.vetorino.com\/veterinaire\/confolens-16500\/boutique\/wp-json\/wp\/v2\/media?parent=873967"}],"wp:term":[{"taxonomy":"product_cat","embeddable":true,"href":"https:\/\/www.vetorino.com\/veterinaire\/confolens-16500\/boutique\/wp-json\/wp\/v2\/product_cat?post=873967"},{"taxonomy":"product_tag","embeddable":true,"href":"https:\/\/www.vetorino.com\/veterinaire\/confolens-16500\/boutique\/wp-json\/wp\/v2\/product_tag?post=873967"}],"curies":[{"name":"wp","href":"https:\/\/api.w.org\/{rel}","templated":true}]}}