{"id":90316,"date":"2020-06-26T13:48:43","date_gmt":"2020-06-26T11:48:43","guid":{"rendered":"https:\/\/www.vetorino.com\/boutique\/product\/arbre-a-chat-banana-leaf-jade\/"},"modified":"2026-04-01T23:51:01","modified_gmt":"2026-04-01T21:51:01","slug":"arbre-a-chat-banana-leaf-jade","status":"publish","type":"product","link":"https:\/\/www.vetorino.com\/veterinaire\/confolens-16500\/boutique\/product\/arbre-a-chat-banana-leaf-jade\/","title":{"rendered":"Arbre \u00e0 chat Banana Leaf Jade"},"content":{"rendered":"<div class=\"hidden\">Le Petit arbre \u00e0 chat Banana Leaf Jade <strong>allie esth\u00e9tique et fonctionnalit\u00e9<\/strong> pour offrir \u00e0 votre chat <strong>un espace confortable et durable. <\/strong><\/div>\n<p><\/p>\n<div><\/div>\n<div class=\"hidden\">Fabriqu\u00e9 \u00e0 partir de feuilles de bananier tress\u00e9es \u00e0 la main, ce mod\u00e8le unique est non seulemen<strong>t robuste et r\u00e9sistant aux griffes<\/strong>, mais \u00e9galement <strong>ind\u00e9modable.<\/strong><\/div>\n<p><\/p>\n<div><\/div>\n<div class=\"hidden\">Ses surfaces de couchage rembourr\u00e9es et sa corbeille spacieuse garantissent \u00e0 votre compagnon des moments de d\u00e9tente incomparables.<\/div>\n<p><\/p>\n<div><\/div>\n<div class=\"hidden\"><strong>Caract\u00e9ristiques ;<\/strong><\/div>\n<p><\/p>\n<ul>\n<li><em>Fabriqu\u00e9 en feuilles de bananier tress\u00e9es \u00e0 la main, \u00e0 la fois robustes et r\u00e9sistantes aux griffes<\/em><\/li>\n<li><em>Alc\u00f4ve spacieuse : \u00f8 38 x 30 cm pour un confort optimal <\/em><\/li>\n<li><em>Surfaces de couchage rembourr\u00e9es : 45 x 30 cm et corbeille \u00f8 42 cm <\/em><\/li>\n<li><em>Socle stable : 70 x 37,5 x 1,5 cm, id\u00e9al pour la s\u00e9curit\u00e9 de votre chat <\/em><\/li>\n<li><em>Coussin lavable \u00e0 30\u00b0C pour une hygi\u00e8ne parfaite<\/em><\/li>\n<\/ul>\n","protected":false},"excerpt":{"rendered":"<div class=\"hidden\">Le Petit arbre \u00e0 chat Banana Leaf Jade <strong>allie esth\u00e9tique et fonctionnalit\u00e9<\/strong> pour offrir \u00e0 votre chat <strong>un espace confortable et durable. <\/strong><\/div>\n<p><\/p>\n<div><\/div>\n<div class=\"hidden\">Fabriqu\u00e9 \u00e0 partir de feuilles de bananier tress\u00e9es \u00e0 la main, ce mod\u00e8le unique est non seulemen<strong>t robuste et r\u00e9sistant aux griffes<\/strong>, mais \u00e9galement <strong>ind\u00e9modable.<\/strong><\/div>\n<p><\/p>\n<div><\/div>\n<div class=\"hidden\">Ses surfaces de couchage rembourr\u00e9es et sa corbeille spacieuse garantissent \u00e0 votre compagnon des moments de d\u00e9tente incomparables.<\/div>\n<p><\/p>\n<div><\/div>\n<div class=\"hidden\"><strong>Caract\u00e9ristiques ;<\/strong><\/div>\n<p><\/p>\n<ul>\n<li><em>Fabriqu\u00e9 en feuilles de bananier tress\u00e9es \u00e0 la main, \u00e0 la fois robustes et r\u00e9sistantes aux griffes<\/em><\/li>\n<li><em>Alc\u00f4ve spacieuse : \u00f8 38 x 30 cm pour un confort optimal <\/em><\/li>\n<li><em>Surfaces de couchage rembourr\u00e9es : 45 x 30 cm et corbeille \u00f8 42 cm <\/em><\/li>\n<li><em>Socle stable : 70 x 37,5 x 1,5 cm, id\u00e9al pour la s\u00e9curit\u00e9 de votre chat <\/em><\/li>\n<li><em>Coussin lavable \u00e0 30\u00b0C pour une hygi\u00e8ne parfaite<\/em><\/li>\n<\/ul>\n","protected":false},"featured_media":1450725,"template":"","meta":[],"product_cat":[2748,2697,12595],"product_tag":[],"class_list":{"0":"post-90316","1":"product","2":"type-product","3":"status-publish","4":"has-post-thumbnail","6":"product_cat-arbres-a-chat-griffoirs","7":"product_cat-chat","8":"product_cat-confort-du-chat","9":"pa_marque-materiel","11":"first","12":"outofstock","13":"taxable","14":"shipping-taxable","15":"purchasable","16":"product-type-simple"},"yoast_head":"<!-- This site is optimized with the Yoast SEO plugin v27.3 - https:\/\/yoast.com\/product\/yoast-seo-wordpress\/ -->\n<title>Arbre \u00e0 chat Banana Leaf Jade Mat\u00e9riel - V\u00e9torino<\/title>\n<meta name=\"description\" content=\"Le Petit arbre \u00e0 chat Banana Leaf Jade allie esth\u00e9tique et fonctionnalit\u00e9 pour offrir \u00e0 votre chat un espace confortable et durable.    Fabriqu\u00e9 \u00e0 partir de feuilles de bananier tress\u00e9es \u00e0 la main, ce mod\u00e8le unique est non seulement robuste et r\u00e9sistant aux griffes, mais \u00e9galement ind\u00e9modable.   Ses surfaces de couchage rembourr\u00e9es et sa corbeille spacieuse garantissent \u00e0 votre compagnon des moments de d\u00e9tente incomparables.   Caract\u00e9ristiques ;    Fabriqu\u00e9 en feuilles de bananier tress\u00e9es \u00e0 la main, \u00e0 la fois robustes et r\u00e9sistantes aux griffes  Alc\u00f4ve spacieuse : \u00f8 38 x 30 cm pour un confort optimal   Surfaces de couchage rembourr\u00e9es : 45 x 30 cm et corbeille \u00f8 42 cm   Socle stable : 70 x 37,5 x 1,5 cm, id\u00e9al pour la s\u00e9curit\u00e9 de votre chat   Coussin lavable \u00e0 30\u00b0C pour une hygi\u00e8ne parfaite\" \/>\n<meta name=\"robots\" content=\"noindex, nofollow\" \/>\n<meta property=\"og:locale\" content=\"fr_FR\" \/>\n<meta property=\"og:type\" content=\"article\" \/>\n<meta property=\"og:title\" content=\"Arbre \u00e0 chat Banana Leaf Jade Mat\u00e9riel - V\u00e9torino\" \/>\n<meta property=\"og:description\" content=\"Le Petit arbre \u00e0 chat Banana Leaf Jade allie esth\u00e9tique et fonctionnalit\u00e9 pour offrir \u00e0 votre chat un espace confortable et durable.    Fabriqu\u00e9 \u00e0 partir de feuilles de bananier tress\u00e9es \u00e0 la main, ce mod\u00e8le unique est non seulement robuste et r\u00e9sistant aux griffes, mais \u00e9galement ind\u00e9modable.   Ses surfaces de couchage rembourr\u00e9es et sa corbeille spacieuse garantissent \u00e0 votre compagnon des moments de d\u00e9tente incomparables.   Caract\u00e9ristiques ;    Fabriqu\u00e9 en feuilles de bananier tress\u00e9es \u00e0 la main, \u00e0 la fois robustes et r\u00e9sistantes aux griffes  Alc\u00f4ve spacieuse : \u00f8 38 x 30 cm pour un confort optimal   Surfaces de couchage rembourr\u00e9es : 45 x 30 cm et corbeille \u00f8 42 cm   Socle stable : 70 x 37,5 x 1,5 cm, id\u00e9al pour la s\u00e9curit\u00e9 de votre chat   Coussin lavable \u00e0 30\u00b0C pour une hygi\u00e8ne parfaite\" \/>\n<meta property=\"og:url\" content=\"https:\/\/www.vetorino.com\/veterinaire\/confolens-16500\/boutique\/product\/arbre-a-chat-banana-leaf-jade\/\" \/>\n<meta property=\"og:site_name\" content=\"V\u00e9torino\" \/>\n<meta property=\"article:publisher\" content=\"https:\/\/www.facebook.com\/Vetorino\/\" \/>\n<meta property=\"article:modified_time\" content=\"2026-04-01T21:51:01+00:00\" \/>\n<meta property=\"og:image\" content=\"https:\/\/www.vetorino.com\/boutique\/wp-content\/uploads\/2020\/06\/arbre-chat-banana-leaf.webp\" \/>\n\t<meta property=\"og:image:width\" content=\"1886\" \/>\n\t<meta property=\"og:image:height\" content=\"2560\" \/>\n\t<meta property=\"og:image:type\" content=\"image\/webp\" \/>\n<meta name=\"twitter:card\" content=\"summary_large_image\" \/>\n<meta name=\"twitter:label1\" content=\"Prix\" \/>\n\t<meta name=\"twitter:data1\" content=\"141,88&euro;\" \/>\n\t<meta name=\"twitter:label2\" content=\"Disponibilit\u00e9\" \/>\n\t<meta name=\"twitter:data2\" content=\"Rupture de stock\" \/>\n<script type=\"application\/ld+json\" class=\"yoast-schema-graph\">{\"@context\":\"https:\\\/\\\/schema.org\",\"@graph\":[{\"@type\":\"WebPage\",\"@id\":\"https:\\\/\\\/www.vetorino.com\\\/boutique\\\/product\\\/arbre-a-chat-banana-leaf-jade\\\/\",\"url\":\"https:\\\/\\\/www.vetorino.com\\\/boutique\\\/product\\\/arbre-a-chat-banana-leaf-jade\\\/\",\"name\":\"Arbre \u00e0 chat Banana Leaf Jade Mat\u00e9riel - V\u00e9torino\",\"isPartOf\":{\"@id\":\"https:\\\/\\\/www.vetorino.com\\\/boutique\\\/#website\"},\"primaryImageOfPage\":{\"@id\":\"https:\\\/\\\/www.vetorino.com\\\/boutique\\\/product\\\/arbre-a-chat-banana-leaf-jade\\\/#primaryimage\"},\"image\":{\"@id\":\"https:\\\/\\\/www.vetorino.com\\\/boutique\\\/product\\\/arbre-a-chat-banana-leaf-jade\\\/#primaryimage\"},\"thumbnailUrl\":\"https:\\\/\\\/www.vetorino.com\\\/boutique\\\/wp-content\\\/uploads\\\/2020\\\/06\\\/arbre-chat-banana-leaf.webp\",\"datePublished\":\"2020-06-26T11:48:43+00:00\",\"dateModified\":\"2026-04-01T21:51:01+00:00\",\"description\":\"Le Petit arbre \u00e0 chat Banana Leaf Jade allie esth\u00e9tique et fonctionnalit\u00e9 pour offrir \u00e0 votre chat un espace confortable et durable. Fabriqu\u00e9 \u00e0 partir de feuilles de bananier tress\u00e9es \u00e0 la main, ce mod\u00e8le unique est non seulement robuste et r\u00e9sistant aux griffes, mais \u00e9galement ind\u00e9modable. Ses surfaces de couchage rembourr\u00e9es et sa corbeille spacieuse garantissent \u00e0 votre compagnon des moments de d\u00e9tente incomparables. Caract\u00e9ristiques ; Fabriqu\u00e9 en feuilles de bananier tress\u00e9es \u00e0 la main, \u00e0 la fois robustes et r\u00e9sistantes aux griffes Alc\u00f4ve spacieuse : \u00f8 38 x 30 cm pour un confort optimal Surfaces de couchage rembourr\u00e9es : 45 x 30 cm et corbeille \u00f8 42 cm Socle stable : 70 x 37,5 x 1,5 cm, id\u00e9al pour la s\u00e9curit\u00e9 de votre chat Coussin lavable \u00e0 30\u00b0C pour une hygi\u00e8ne parfaite\",\"breadcrumb\":{\"@id\":\"https:\\\/\\\/www.vetorino.com\\\/boutique\\\/product\\\/arbre-a-chat-banana-leaf-jade\\\/#breadcrumb\"},\"inLanguage\":\"fr-FR\",\"potentialAction\":[{\"@type\":\"ReadAction\",\"target\":[\"https:\\\/\\\/www.vetorino.com\\\/boutique\\\/product\\\/arbre-a-chat-banana-leaf-jade\\\/\"]}]},{\"@type\":\"ImageObject\",\"inLanguage\":\"fr-FR\",\"@id\":\"https:\\\/\\\/www.vetorino.com\\\/boutique\\\/product\\\/arbre-a-chat-banana-leaf-jade\\\/#primaryimage\",\"url\":\"https:\\\/\\\/www.vetorino.com\\\/boutique\\\/wp-content\\\/uploads\\\/2020\\\/06\\\/arbre-chat-banana-leaf.webp\",\"contentUrl\":\"https:\\\/\\\/www.vetorino.com\\\/boutique\\\/wp-content\\\/uploads\\\/2020\\\/06\\\/arbre-chat-banana-leaf.webp\",\"width\":1886,\"height\":2560},{\"@type\":\"BreadcrumbList\",\"@id\":\"https:\\\/\\\/www.vetorino.com\\\/boutique\\\/product\\\/arbre-a-chat-banana-leaf-jade\\\/#breadcrumb\",\"itemListElement\":[{\"@type\":\"ListItem\",\"position\":1,\"name\":\"Accueil\",\"item\":\"https:\\\/\\\/www.vetorino.com\\\/boutique\\\/\"},{\"@type\":\"ListItem\",\"position\":2,\"name\":\"Produits\",\"item\":\"https:\\\/\\\/www.vetorino.com\\\/boutique\\\/\"},{\"@type\":\"ListItem\",\"position\":3,\"name\":\"Arbre \u00e0 chat Banana Leaf Jade\"}]},{\"@type\":\"WebSite\",\"@id\":\"https:\\\/\\\/www.vetorino.com\\\/boutique\\\/#website\",\"url\":\"https:\\\/\\\/www.vetorino.com\\\/boutique\\\/\",\"name\":\"V\u00e9torino\",\"description\":\"\",\"publisher\":{\"@id\":\"https:\\\/\\\/www.vetorino.com\\\/boutique\\\/#organization\"},\"potentialAction\":[{\"@type\":\"SearchAction\",\"target\":{\"@type\":\"EntryPoint\",\"urlTemplate\":\"https:\\\/\\\/www.vetorino.com\\\/boutique\\\/?s={search_term_string}\"},\"query-input\":{\"@type\":\"PropertyValueSpecification\",\"valueRequired\":true,\"valueName\":\"search_term_string\"}}],\"inLanguage\":\"fr-FR\"},{\"@type\":\"Organization\",\"@id\":\"https:\\\/\\\/www.vetorino.com\\\/boutique\\\/#organization\",\"name\":\"V\u00e9torino\",\"url\":\"https:\\\/\\\/www.vetorino.com\\\/boutique\\\/\",\"logo\":{\"@type\":\"ImageObject\",\"inLanguage\":\"fr-FR\",\"@id\":\"https:\\\/\\\/www.vetorino.com\\\/boutique\\\/#\\\/schema\\\/logo\\\/image\\\/\",\"url\":\"https:\\\/\\\/www.vetorino.com\\\/boutique\\\/wp-content\\\/uploads\\\/2024\\\/10\\\/logo.jpg\",\"contentUrl\":\"https:\\\/\\\/www.vetorino.com\\\/boutique\\\/wp-content\\\/uploads\\\/2024\\\/10\\\/logo.jpg\",\"width\":1200,\"height\":610,\"caption\":\"V\u00e9torino\"},\"image\":{\"@id\":\"https:\\\/\\\/www.vetorino.com\\\/boutique\\\/#\\\/schema\\\/logo\\\/image\\\/\"},\"sameAs\":[\"https:\\\/\\\/www.facebook.com\\\/Vetorino\\\/\",\"https:\\\/\\\/www.instagram.com\\\/vetorino_off\\\/\",\"https:\\\/\\\/www.linkedin.com\\\/company\\\/vtorino\\\/\"]}]}<\/script>\n<meta property=\"product:brand\" content=\"Mat\u00e9riel\" \/>\n<meta property=\"product:price:amount\" content=\"141.88\" \/>\n<meta property=\"product:price:currency\" content=\"EUR\" \/>\n<meta property=\"og:availability\" content=\"out of stock\" \/>\n<meta property=\"product:availability\" content=\"out of stock\" \/>\n<meta property=\"product:retailer_item_id\" content=\"C-ARB725\" \/>\n<meta property=\"product:condition\" content=\"new\" \/>\n<!-- \/ Yoast SEO plugin. -->","yoast_head_json":{"title":"Arbre \u00e0 chat Banana Leaf Jade Mat\u00e9riel - V\u00e9torino","description":"Le Petit arbre \u00e0 chat Banana Leaf Jade allie esth\u00e9tique et fonctionnalit\u00e9 pour offrir \u00e0 votre chat un espace confortable et durable.    Fabriqu\u00e9 \u00e0 partir de feuilles de bananier tress\u00e9es \u00e0 la main, ce mod\u00e8le unique est non seulement robuste et r\u00e9sistant aux griffes, mais \u00e9galement ind\u00e9modable.   Ses surfaces de couchage rembourr\u00e9es et sa corbeille spacieuse garantissent \u00e0 votre compagnon des moments de d\u00e9tente incomparables.   Caract\u00e9ristiques ;    Fabriqu\u00e9 en feuilles de bananier tress\u00e9es \u00e0 la main, \u00e0 la fois robustes et r\u00e9sistantes aux griffes  Alc\u00f4ve spacieuse : \u00f8 38 x 30 cm pour un confort optimal   Surfaces de couchage rembourr\u00e9es : 45 x 30 cm et corbeille \u00f8 42 cm   Socle stable : 70 x 37,5 x 1,5 cm, id\u00e9al pour la s\u00e9curit\u00e9 de votre chat   Coussin lavable \u00e0 30\u00b0C pour une hygi\u00e8ne parfaite","robots":{"index":"noindex","follow":"nofollow"},"og_locale":"fr_FR","og_type":"article","og_title":"Arbre \u00e0 chat Banana Leaf Jade Mat\u00e9riel - V\u00e9torino","og_description":"Le Petit arbre \u00e0 chat Banana Leaf Jade allie esth\u00e9tique et fonctionnalit\u00e9 pour offrir \u00e0 votre chat un espace confortable et durable.    Fabriqu\u00e9 \u00e0 partir de feuilles de bananier tress\u00e9es \u00e0 la main, ce mod\u00e8le unique est non seulement robuste et r\u00e9sistant aux griffes, mais \u00e9galement ind\u00e9modable.   Ses surfaces de couchage rembourr\u00e9es et sa corbeille spacieuse garantissent \u00e0 votre compagnon des moments de d\u00e9tente incomparables.   Caract\u00e9ristiques ;    Fabriqu\u00e9 en feuilles de bananier tress\u00e9es \u00e0 la main, \u00e0 la fois robustes et r\u00e9sistantes aux griffes  Alc\u00f4ve spacieuse : \u00f8 38 x 30 cm pour un confort optimal   Surfaces de couchage rembourr\u00e9es : 45 x 30 cm et corbeille \u00f8 42 cm   Socle stable : 70 x 37,5 x 1,5 cm, id\u00e9al pour la s\u00e9curit\u00e9 de votre chat   Coussin lavable \u00e0 30\u00b0C pour une hygi\u00e8ne parfaite","og_url":"https:\/\/www.vetorino.com\/veterinaire\/confolens-16500\/boutique\/product\/arbre-a-chat-banana-leaf-jade\/","og_site_name":"V\u00e9torino","article_publisher":"https:\/\/www.facebook.com\/Vetorino\/","article_modified_time":"2026-04-01T21:51:01+00:00","og_image":[{"width":1886,"height":2560,"url":"https:\/\/www.vetorino.com\/boutique\/wp-content\/uploads\/2020\/06\/arbre-chat-banana-leaf.webp","type":"image\/webp"}],"twitter_card":"summary_large_image","twitter_misc":{"Prix":"141,88&euro;","Disponibilit\u00e9":"Rupture de stock"},"schema":{"@context":"https:\/\/schema.org","@graph":[{"@type":"WebPage","@id":"https:\/\/www.vetorino.com\/boutique\/product\/arbre-a-chat-banana-leaf-jade\/","url":"https:\/\/www.vetorino.com\/boutique\/product\/arbre-a-chat-banana-leaf-jade\/","name":"Arbre \u00e0 chat Banana Leaf Jade Mat\u00e9riel - V\u00e9torino","isPartOf":{"@id":"https:\/\/www.vetorino.com\/boutique\/#website"},"primaryImageOfPage":{"@id":"https:\/\/www.vetorino.com\/boutique\/product\/arbre-a-chat-banana-leaf-jade\/#primaryimage"},"image":{"@id":"https:\/\/www.vetorino.com\/boutique\/product\/arbre-a-chat-banana-leaf-jade\/#primaryimage"},"thumbnailUrl":"https:\/\/www.vetorino.com\/boutique\/wp-content\/uploads\/2020\/06\/arbre-chat-banana-leaf.webp","datePublished":"2020-06-26T11:48:43+00:00","dateModified":"2026-04-01T21:51:01+00:00","description":"Le Petit arbre \u00e0 chat Banana Leaf Jade allie esth\u00e9tique et fonctionnalit\u00e9 pour offrir \u00e0 votre chat un espace confortable et durable. Fabriqu\u00e9 \u00e0 partir de feuilles de bananier tress\u00e9es \u00e0 la main, ce mod\u00e8le unique est non seulement robuste et r\u00e9sistant aux griffes, mais \u00e9galement ind\u00e9modable. Ses surfaces de couchage rembourr\u00e9es et sa corbeille spacieuse garantissent \u00e0 votre compagnon des moments de d\u00e9tente incomparables. Caract\u00e9ristiques ; Fabriqu\u00e9 en feuilles de bananier tress\u00e9es \u00e0 la main, \u00e0 la fois robustes et r\u00e9sistantes aux griffes Alc\u00f4ve spacieuse : \u00f8 38 x 30 cm pour un confort optimal Surfaces de couchage rembourr\u00e9es : 45 x 30 cm et corbeille \u00f8 42 cm Socle stable : 70 x 37,5 x 1,5 cm, id\u00e9al pour la s\u00e9curit\u00e9 de votre chat Coussin lavable \u00e0 30\u00b0C pour une hygi\u00e8ne parfaite","breadcrumb":{"@id":"https:\/\/www.vetorino.com\/boutique\/product\/arbre-a-chat-banana-leaf-jade\/#breadcrumb"},"inLanguage":"fr-FR","potentialAction":[{"@type":"ReadAction","target":["https:\/\/www.vetorino.com\/boutique\/product\/arbre-a-chat-banana-leaf-jade\/"]}]},{"@type":"ImageObject","inLanguage":"fr-FR","@id":"https:\/\/www.vetorino.com\/boutique\/product\/arbre-a-chat-banana-leaf-jade\/#primaryimage","url":"https:\/\/www.vetorino.com\/boutique\/wp-content\/uploads\/2020\/06\/arbre-chat-banana-leaf.webp","contentUrl":"https:\/\/www.vetorino.com\/boutique\/wp-content\/uploads\/2020\/06\/arbre-chat-banana-leaf.webp","width":1886,"height":2560},{"@type":"BreadcrumbList","@id":"https:\/\/www.vetorino.com\/boutique\/product\/arbre-a-chat-banana-leaf-jade\/#breadcrumb","itemListElement":[{"@type":"ListItem","position":1,"name":"Accueil","item":"https:\/\/www.vetorino.com\/boutique\/"},{"@type":"ListItem","position":2,"name":"Produits","item":"https:\/\/www.vetorino.com\/boutique\/"},{"@type":"ListItem","position":3,"name":"Arbre \u00e0 chat Banana Leaf Jade"}]},{"@type":"WebSite","@id":"https:\/\/www.vetorino.com\/boutique\/#website","url":"https:\/\/www.vetorino.com\/boutique\/","name":"V\u00e9torino","description":"","publisher":{"@id":"https:\/\/www.vetorino.com\/boutique\/#organization"},"potentialAction":[{"@type":"SearchAction","target":{"@type":"EntryPoint","urlTemplate":"https:\/\/www.vetorino.com\/boutique\/?s={search_term_string}"},"query-input":{"@type":"PropertyValueSpecification","valueRequired":true,"valueName":"search_term_string"}}],"inLanguage":"fr-FR"},{"@type":"Organization","@id":"https:\/\/www.vetorino.com\/boutique\/#organization","name":"V\u00e9torino","url":"https:\/\/www.vetorino.com\/boutique\/","logo":{"@type":"ImageObject","inLanguage":"fr-FR","@id":"https:\/\/www.vetorino.com\/boutique\/#\/schema\/logo\/image\/","url":"https:\/\/www.vetorino.com\/boutique\/wp-content\/uploads\/2024\/10\/logo.jpg","contentUrl":"https:\/\/www.vetorino.com\/boutique\/wp-content\/uploads\/2024\/10\/logo.jpg","width":1200,"height":610,"caption":"V\u00e9torino"},"image":{"@id":"https:\/\/www.vetorino.com\/boutique\/#\/schema\/logo\/image\/"},"sameAs":["https:\/\/www.facebook.com\/Vetorino\/","https:\/\/www.instagram.com\/vetorino_off\/","https:\/\/www.linkedin.com\/company\/vtorino\/"]}]},"product_brand":"Mat\u00e9riel","product_price_amount":"141.88","product_price_currency":"EUR","og_availability":"out of stock","product_availability":"out of stock","product_retailer_item_id":"C-ARB725","product_condition":"new"},"_links":{"self":[{"href":"https:\/\/www.vetorino.com\/veterinaire\/confolens-16500\/boutique\/wp-json\/wp\/v2\/product\/90316","targetHints":{"allow":["GET"]}}],"collection":[{"href":"https:\/\/www.vetorino.com\/veterinaire\/confolens-16500\/boutique\/wp-json\/wp\/v2\/product"}],"about":[{"href":"https:\/\/www.vetorino.com\/veterinaire\/confolens-16500\/boutique\/wp-json\/wp\/v2\/types\/product"}],"wp:featuredmedia":[{"embeddable":true,"href":"https:\/\/www.vetorino.com\/veterinaire\/confolens-16500\/boutique\/wp-json\/wp\/v2\/media\/1450725"}],"wp:attachment":[{"href":"https:\/\/www.vetorino.com\/veterinaire\/confolens-16500\/boutique\/wp-json\/wp\/v2\/media?parent=90316"}],"wp:term":[{"taxonomy":"product_cat","embeddable":true,"href":"https:\/\/www.vetorino.com\/veterinaire\/confolens-16500\/boutique\/wp-json\/wp\/v2\/product_cat?post=90316"},{"taxonomy":"product_tag","embeddable":true,"href":"https:\/\/www.vetorino.com\/veterinaire\/confolens-16500\/boutique\/wp-json\/wp\/v2\/product_tag?post=90316"}],"curies":[{"name":"wp","href":"https:\/\/api.w.org\/{rel}","templated":true}]}}