{"id":903342,"date":"2024-04-23T12:21:08","date_gmt":"2024-04-23T10:21:08","guid":{"rendered":"https:\/\/www.vetorino.com\/boutique\/product\/anandavet-medium-2\/"},"modified":"2026-03-25T02:42:09","modified_gmt":"2026-03-25T01:42:09","slug":"anandavet-medium-2","status":"publish","type":"product","link":"https:\/\/www.vetorino.com\/veterinaire\/confolens-16500\/boutique\/product\/anandavet-medium-2\/","title":{"rendered":"AnandaVet Medium Chien"},"content":{"rendered":"<p>L&#8217;huile AnandaVet pour chien Medium <strong>aide rapidement les chiens \u00e2g\u00e9s ou en baisse de forme<\/strong>.<\/p>\n<ul>\n<li>Elle peut s\u2019utiliser en cures de plusieurs semaines.<\/li>\n<li>Il s\u2019agit d\u2019un produit de bien-\u00eatre \u00e0 base d&#8217;huile de chanvre qui ne se substitue pas au traitement habituel.<\/li>\n<li>AnandaVet est <strong>fabriqu\u00e9 en France.<\/strong><\/li>\n<\/ul>\n<p><strong>Comment utiliser AnandaVet ?<\/strong><\/p>\n<p>2 gouttes\/kg ou 0.06 ml\/kg, matin et soir directement sur la muqueuse buccales ( \u00e0 l&#8217;aide de la pipette ou d&#8217;une seringue).<\/p>\n","protected":false},"excerpt":{"rendered":"<p>L&#8217;huile AnandaVet pour chien Medium <strong>aide rapidement les chiens \u00e2g\u00e9s ou en baisse de forme<\/strong>.<\/p>\n<ul>\n<li>Elle peut s\u2019utiliser en cures de plusieurs semaines.<\/li>\n<li>Il s\u2019agit d\u2019un produit de bien-\u00eatre \u00e0 base d&#8217;huile de chanvre qui ne se substitue pas au traitement habituel.<\/li>\n<li>AnandaVet est <strong>fabriqu\u00e9 en France.<\/strong><\/li>\n<\/ul>\n","protected":false},"featured_media":1329018,"template":"","meta":[],"product_cat":[12552,2738,2698,12568],"product_tag":[],"class_list":{"0":"post-903342","1":"product","2":"type-product","3":"status-publish","4":"has-post-thumbnail","6":"product_cat-alimentation-du-chien","7":"product_cat-aliments-complementaires-pour-chien","8":"product_cat-chien","9":"product_cat-produit-veterinaire-du-chien","10":"pa_marque-zamz-bien-etre","12":"first","13":"instock","14":"taxable","15":"shipping-taxable","16":"purchasable","17":"product-type-simple"},"yoast_head":"<!-- This site is optimized with the Yoast SEO plugin v27.3 - https:\/\/yoast.com\/product\/yoast-seo-wordpress\/ -->\n<title>AnandaVet Medium Chien ZamZ - V\u00e9torino<\/title>\n<meta name=\"description\" content=\"L&#039;huile AnandaVet pour chien Medium aide rapidement les chiens \u00e2g\u00e9s ou en baisse de forme.   Elle peut s\u2019utiliser en cures de plusieurs semaines.  Il s\u2019agit d\u2019un produit de bien-\u00eatre \u00e0 base d&#039;huile de chanvre qui ne se substitue pas au traitement habituel.  AnandaVet est fabriqu\u00e9 en France.\" \/>\n<meta name=\"robots\" content=\"noindex, nofollow\" \/>\n<meta property=\"og:locale\" content=\"fr_FR\" \/>\n<meta property=\"og:type\" content=\"article\" \/>\n<meta property=\"og:title\" content=\"AnandaVet Medium Chien ZamZ - V\u00e9torino\" \/>\n<meta property=\"og:description\" content=\"L&#039;huile AnandaVet pour chien Medium aide rapidement les chiens \u00e2g\u00e9s ou en baisse de forme.   Elle peut s\u2019utiliser en cures de plusieurs semaines.  Il s\u2019agit d\u2019un produit de bien-\u00eatre \u00e0 base d&#039;huile de chanvre qui ne se substitue pas au traitement habituel.  AnandaVet est fabriqu\u00e9 en France.\" \/>\n<meta property=\"og:url\" content=\"https:\/\/www.vetorino.com\/veterinaire\/confolens-16500\/boutique\/product\/anandavet-medium-2\/\" \/>\n<meta property=\"og:site_name\" content=\"V\u00e9torino\" \/>\n<meta property=\"article:publisher\" content=\"https:\/\/www.facebook.com\/Vetorino\/\" \/>\n<meta property=\"article:modified_time\" content=\"2026-03-25T01:42:09+00:00\" \/>\n<meta property=\"og:image\" content=\"https:\/\/www.vetorino.com\/boutique\/wp-content\/uploads\/2024\/04\/AnandaVet-Medium-chien.png\" \/>\n\t<meta property=\"og:image:width\" content=\"800\" \/>\n\t<meta property=\"og:image:height\" content=\"800\" \/>\n\t<meta property=\"og:image:type\" content=\"image\/png\" \/>\n<meta name=\"twitter:card\" content=\"summary_large_image\" \/>\n<meta name=\"twitter:label1\" content=\"Prix\" \/>\n\t<meta name=\"twitter:data1\" content=\"27,80&euro;\" \/>\n\t<meta name=\"twitter:label2\" content=\"Disponibilit\u00e9\" \/>\n\t<meta name=\"twitter:data2\" content=\"En stock\" \/>\n<script type=\"application\/ld+json\" class=\"yoast-schema-graph\">{\"@context\":\"https:\\\/\\\/schema.org\",\"@graph\":[{\"@type\":\"WebPage\",\"@id\":\"https:\\\/\\\/www.vetorino.com\\\/veterinaire\\\/evry-91000\\\/boutique\\\/product\\\/anandavet-medium-2\\\/\",\"url\":\"https:\\\/\\\/www.vetorino.com\\\/veterinaire\\\/evry-91000\\\/boutique\\\/product\\\/anandavet-medium-2\\\/\",\"name\":\"AnandaVet Medium Chien ZamZ - V\u00e9torino\",\"isPartOf\":{\"@id\":\"https:\\\/\\\/www.vetorino.com\\\/boutique\\\/#website\"},\"primaryImageOfPage\":{\"@id\":\"https:\\\/\\\/www.vetorino.com\\\/veterinaire\\\/evry-91000\\\/boutique\\\/product\\\/anandavet-medium-2\\\/#primaryimage\"},\"image\":{\"@id\":\"https:\\\/\\\/www.vetorino.com\\\/veterinaire\\\/evry-91000\\\/boutique\\\/product\\\/anandavet-medium-2\\\/#primaryimage\"},\"thumbnailUrl\":\"https:\\\/\\\/www.vetorino.com\\\/boutique\\\/wp-content\\\/uploads\\\/2024\\\/04\\\/AnandaVet-Medium-chien.png\",\"datePublished\":\"2024-04-23T10:21:08+00:00\",\"dateModified\":\"2026-03-25T01:42:09+00:00\",\"description\":\"L'huile AnandaVet pour chien Medium aide rapidement les chiens \u00e2g\u00e9s ou en baisse de forme. Elle peut s\u2019utiliser en cures de plusieurs semaines. Il s\u2019agit d\u2019un produit de bien-\u00eatre \u00e0 base d'huile de chanvre qui ne se substitue pas au traitement habituel. AnandaVet est fabriqu\u00e9 en France.\",\"breadcrumb\":{\"@id\":\"https:\\\/\\\/www.vetorino.com\\\/veterinaire\\\/evry-91000\\\/boutique\\\/product\\\/anandavet-medium-2\\\/#breadcrumb\"},\"inLanguage\":\"fr-FR\",\"potentialAction\":[{\"@type\":\"ReadAction\",\"target\":[\"https:\\\/\\\/www.vetorino.com\\\/veterinaire\\\/evry-91000\\\/boutique\\\/product\\\/anandavet-medium-2\\\/\"]}]},{\"@type\":\"ImageObject\",\"inLanguage\":\"fr-FR\",\"@id\":\"https:\\\/\\\/www.vetorino.com\\\/veterinaire\\\/evry-91000\\\/boutique\\\/product\\\/anandavet-medium-2\\\/#primaryimage\",\"url\":\"https:\\\/\\\/www.vetorino.com\\\/boutique\\\/wp-content\\\/uploads\\\/2024\\\/04\\\/AnandaVet-Medium-chien.png\",\"contentUrl\":\"https:\\\/\\\/www.vetorino.com\\\/boutique\\\/wp-content\\\/uploads\\\/2024\\\/04\\\/AnandaVet-Medium-chien.png\",\"width\":800,\"height\":800},{\"@type\":\"BreadcrumbList\",\"@id\":\"https:\\\/\\\/www.vetorino.com\\\/veterinaire\\\/evry-91000\\\/boutique\\\/product\\\/anandavet-medium-2\\\/#breadcrumb\",\"itemListElement\":[{\"@type\":\"ListItem\",\"position\":1,\"name\":\"Accueil\",\"item\":\"https:\\\/\\\/www.vetorino.com\\\/boutique\\\/\"},{\"@type\":\"ListItem\",\"position\":2,\"name\":\"Produits\",\"item\":\"https:\\\/\\\/www.vetorino.com\\\/boutique\\\/\"},{\"@type\":\"ListItem\",\"position\":3,\"name\":\"AnandaVet Medium Chien\"}]},{\"@type\":\"WebSite\",\"@id\":\"https:\\\/\\\/www.vetorino.com\\\/boutique\\\/#website\",\"url\":\"https:\\\/\\\/www.vetorino.com\\\/boutique\\\/\",\"name\":\"V\u00e9torino\",\"description\":\"\",\"publisher\":{\"@id\":\"https:\\\/\\\/www.vetorino.com\\\/boutique\\\/#organization\"},\"potentialAction\":[{\"@type\":\"SearchAction\",\"target\":{\"@type\":\"EntryPoint\",\"urlTemplate\":\"https:\\\/\\\/www.vetorino.com\\\/boutique\\\/?s={search_term_string}\"},\"query-input\":{\"@type\":\"PropertyValueSpecification\",\"valueRequired\":true,\"valueName\":\"search_term_string\"}}],\"inLanguage\":\"fr-FR\"},{\"@type\":\"Organization\",\"@id\":\"https:\\\/\\\/www.vetorino.com\\\/boutique\\\/#organization\",\"name\":\"V\u00e9torino\",\"url\":\"https:\\\/\\\/www.vetorino.com\\\/boutique\\\/\",\"logo\":{\"@type\":\"ImageObject\",\"inLanguage\":\"fr-FR\",\"@id\":\"https:\\\/\\\/www.vetorino.com\\\/boutique\\\/#\\\/schema\\\/logo\\\/image\\\/\",\"url\":\"https:\\\/\\\/www.vetorino.com\\\/boutique\\\/wp-content\\\/uploads\\\/2024\\\/10\\\/logo.jpg\",\"contentUrl\":\"https:\\\/\\\/www.vetorino.com\\\/boutique\\\/wp-content\\\/uploads\\\/2024\\\/10\\\/logo.jpg\",\"width\":1200,\"height\":610,\"caption\":\"V\u00e9torino\"},\"image\":{\"@id\":\"https:\\\/\\\/www.vetorino.com\\\/boutique\\\/#\\\/schema\\\/logo\\\/image\\\/\"},\"sameAs\":[\"https:\\\/\\\/www.facebook.com\\\/Vetorino\\\/\",\"https:\\\/\\\/www.instagram.com\\\/vetorino_off\\\/\",\"https:\\\/\\\/www.linkedin.com\\\/company\\\/vtorino\\\/\"]}]}<\/script>\n<meta property=\"product:brand\" content=\"ZamZ\" \/>\n<meta property=\"product:price:amount\" content=\"27.80\" \/>\n<meta property=\"product:price:currency\" content=\"EUR\" \/>\n<meta property=\"og:availability\" content=\"instock\" \/>\n<meta property=\"product:availability\" content=\"instock\" \/>\n<meta property=\"product:retailer_item_id\" content=\"C-ANA022\" \/>\n<meta property=\"product:condition\" content=\"new\" \/>\n<!-- \/ Yoast SEO plugin. -->","yoast_head_json":{"title":"AnandaVet Medium Chien ZamZ - V\u00e9torino","description":"L'huile AnandaVet pour chien Medium aide rapidement les chiens \u00e2g\u00e9s ou en baisse de forme.   Elle peut s\u2019utiliser en cures de plusieurs semaines.  Il s\u2019agit d\u2019un produit de bien-\u00eatre \u00e0 base d'huile de chanvre qui ne se substitue pas au traitement habituel.  AnandaVet est fabriqu\u00e9 en France.","robots":{"index":"noindex","follow":"nofollow"},"og_locale":"fr_FR","og_type":"article","og_title":"AnandaVet Medium Chien ZamZ - V\u00e9torino","og_description":"L'huile AnandaVet pour chien Medium aide rapidement les chiens \u00e2g\u00e9s ou en baisse de forme.   Elle peut s\u2019utiliser en cures de plusieurs semaines.  Il s\u2019agit d\u2019un produit de bien-\u00eatre \u00e0 base d'huile de chanvre qui ne se substitue pas au traitement habituel.  AnandaVet est fabriqu\u00e9 en France.","og_url":"https:\/\/www.vetorino.com\/veterinaire\/confolens-16500\/boutique\/product\/anandavet-medium-2\/","og_site_name":"V\u00e9torino","article_publisher":"https:\/\/www.facebook.com\/Vetorino\/","article_modified_time":"2026-03-25T01:42:09+00:00","og_image":[{"width":800,"height":800,"url":"https:\/\/www.vetorino.com\/boutique\/wp-content\/uploads\/2024\/04\/AnandaVet-Medium-chien.png","type":"image\/png"}],"twitter_card":"summary_large_image","twitter_misc":{"Prix":"27,80&euro;","Disponibilit\u00e9":"En stock"},"schema":{"@context":"https:\/\/schema.org","@graph":[{"@type":"WebPage","@id":"https:\/\/www.vetorino.com\/veterinaire\/evry-91000\/boutique\/product\/anandavet-medium-2\/","url":"https:\/\/www.vetorino.com\/veterinaire\/evry-91000\/boutique\/product\/anandavet-medium-2\/","name":"AnandaVet Medium Chien ZamZ - V\u00e9torino","isPartOf":{"@id":"https:\/\/www.vetorino.com\/boutique\/#website"},"primaryImageOfPage":{"@id":"https:\/\/www.vetorino.com\/veterinaire\/evry-91000\/boutique\/product\/anandavet-medium-2\/#primaryimage"},"image":{"@id":"https:\/\/www.vetorino.com\/veterinaire\/evry-91000\/boutique\/product\/anandavet-medium-2\/#primaryimage"},"thumbnailUrl":"https:\/\/www.vetorino.com\/boutique\/wp-content\/uploads\/2024\/04\/AnandaVet-Medium-chien.png","datePublished":"2024-04-23T10:21:08+00:00","dateModified":"2026-03-25T01:42:09+00:00","description":"L'huile AnandaVet pour chien Medium aide rapidement les chiens \u00e2g\u00e9s ou en baisse de forme. Elle peut s\u2019utiliser en cures de plusieurs semaines. Il s\u2019agit d\u2019un produit de bien-\u00eatre \u00e0 base d'huile de chanvre qui ne se substitue pas au traitement habituel. AnandaVet est fabriqu\u00e9 en France.","breadcrumb":{"@id":"https:\/\/www.vetorino.com\/veterinaire\/evry-91000\/boutique\/product\/anandavet-medium-2\/#breadcrumb"},"inLanguage":"fr-FR","potentialAction":[{"@type":"ReadAction","target":["https:\/\/www.vetorino.com\/veterinaire\/evry-91000\/boutique\/product\/anandavet-medium-2\/"]}]},{"@type":"ImageObject","inLanguage":"fr-FR","@id":"https:\/\/www.vetorino.com\/veterinaire\/evry-91000\/boutique\/product\/anandavet-medium-2\/#primaryimage","url":"https:\/\/www.vetorino.com\/boutique\/wp-content\/uploads\/2024\/04\/AnandaVet-Medium-chien.png","contentUrl":"https:\/\/www.vetorino.com\/boutique\/wp-content\/uploads\/2024\/04\/AnandaVet-Medium-chien.png","width":800,"height":800},{"@type":"BreadcrumbList","@id":"https:\/\/www.vetorino.com\/veterinaire\/evry-91000\/boutique\/product\/anandavet-medium-2\/#breadcrumb","itemListElement":[{"@type":"ListItem","position":1,"name":"Accueil","item":"https:\/\/www.vetorino.com\/boutique\/"},{"@type":"ListItem","position":2,"name":"Produits","item":"https:\/\/www.vetorino.com\/boutique\/"},{"@type":"ListItem","position":3,"name":"AnandaVet Medium Chien"}]},{"@type":"WebSite","@id":"https:\/\/www.vetorino.com\/boutique\/#website","url":"https:\/\/www.vetorino.com\/boutique\/","name":"V\u00e9torino","description":"","publisher":{"@id":"https:\/\/www.vetorino.com\/boutique\/#organization"},"potentialAction":[{"@type":"SearchAction","target":{"@type":"EntryPoint","urlTemplate":"https:\/\/www.vetorino.com\/boutique\/?s={search_term_string}"},"query-input":{"@type":"PropertyValueSpecification","valueRequired":true,"valueName":"search_term_string"}}],"inLanguage":"fr-FR"},{"@type":"Organization","@id":"https:\/\/www.vetorino.com\/boutique\/#organization","name":"V\u00e9torino","url":"https:\/\/www.vetorino.com\/boutique\/","logo":{"@type":"ImageObject","inLanguage":"fr-FR","@id":"https:\/\/www.vetorino.com\/boutique\/#\/schema\/logo\/image\/","url":"https:\/\/www.vetorino.com\/boutique\/wp-content\/uploads\/2024\/10\/logo.jpg","contentUrl":"https:\/\/www.vetorino.com\/boutique\/wp-content\/uploads\/2024\/10\/logo.jpg","width":1200,"height":610,"caption":"V\u00e9torino"},"image":{"@id":"https:\/\/www.vetorino.com\/boutique\/#\/schema\/logo\/image\/"},"sameAs":["https:\/\/www.facebook.com\/Vetorino\/","https:\/\/www.instagram.com\/vetorino_off\/","https:\/\/www.linkedin.com\/company\/vtorino\/"]}]},"product_brand":"ZamZ","product_price_amount":"27.80","product_price_currency":"EUR","og_availability":"instock","product_availability":"instock","product_retailer_item_id":"C-ANA022","product_condition":"new"},"_links":{"self":[{"href":"https:\/\/www.vetorino.com\/veterinaire\/confolens-16500\/boutique\/wp-json\/wp\/v2\/product\/903342","targetHints":{"allow":["GET"]}}],"collection":[{"href":"https:\/\/www.vetorino.com\/veterinaire\/confolens-16500\/boutique\/wp-json\/wp\/v2\/product"}],"about":[{"href":"https:\/\/www.vetorino.com\/veterinaire\/confolens-16500\/boutique\/wp-json\/wp\/v2\/types\/product"}],"wp:featuredmedia":[{"embeddable":true,"href":"https:\/\/www.vetorino.com\/veterinaire\/confolens-16500\/boutique\/wp-json\/wp\/v2\/media\/1329018"}],"wp:attachment":[{"href":"https:\/\/www.vetorino.com\/veterinaire\/confolens-16500\/boutique\/wp-json\/wp\/v2\/media?parent=903342"}],"wp:term":[{"taxonomy":"product_cat","embeddable":true,"href":"https:\/\/www.vetorino.com\/veterinaire\/confolens-16500\/boutique\/wp-json\/wp\/v2\/product_cat?post=903342"},{"taxonomy":"product_tag","embeddable":true,"href":"https:\/\/www.vetorino.com\/veterinaire\/confolens-16500\/boutique\/wp-json\/wp\/v2\/product_tag?post=903342"}],"curies":[{"name":"wp","href":"https:\/\/api.w.org\/{rel}","templated":true}]}}