{"id":90363,"date":"2020-06-26T13:49:06","date_gmt":"2020-06-26T11:49:06","guid":{"rendered":"https:\/\/www.vetorino.com\/boutique\/product\/art-hyal\/"},"modified":"2026-04-01T09:41:21","modified_gmt":"2026-04-01T07:41:21","slug":"art-hyal","status":"publish","type":"product","link":"https:\/\/www.vetorino.com\/veterinaire\/confolens-16500\/boutique\/product\/art-hyal\/","title":{"rendered":"Art-Hyal &#8211; chien"},"content":{"rendered":"<div class=\"hidden\">\n<div class=\"tabs product-tabs visible--desktop\">\n<div id=\"tab-content\" class=\"tab-content mb-4\">\n<div id=\"description\" class=\"tab-pane fade show active\" role=\"tabpanel\">\n<div class=\"product-description\">\n<p><strong>Aliment compl\u00e9mentaire<\/strong> pour chiens et chats pour maintenir <strong>le bon fonctionnement des cartilages articulaires et des articulations.<\/strong><\/p>\n<p>Il est recommand\u00e9 pour les <strong>jeunes animaux<\/strong> pendant la<strong> p\u00e9riode de croissance intensive<\/strong> ainsi que <strong>pour les animaux plus \u00e2g\u00e9s.<\/strong><\/p>\n<\/div>\n<p>Art-Hyal associe les <strong>3 composants les plus importants de la matrice intercellulaire du tissu cartilagineux<\/strong> et la<strong> vitamine C<\/strong> :<\/p>\n<div class=\"product-description\">\n<p>La <strong>GLUCOSAMINE<\/strong> est n\u00e9cessaire pour la production de glycosaminoglycanes qui forment la base structurelle de la matrice extracellulaire des cartilages articulaires.<\/p>\n<p>La <strong>CHONDROITINE<\/strong> est utilis\u00e9 par les cartilages articulaires pour produire la matrice extracellulaire. Elle assure l&#8217;hydratation correcte des cartilages articulaires, garantissant leur r\u00e9silience et leur \u00e9lasticit\u00e9.<\/p>\n<p>L&#8217;<strong>ACIDE HYALURONIIQUE<\/strong> est b\u00e9n\u00e9fique pour les animaux ayant des probl\u00e8mes articulaires et osseux tels que l&#8217;arthrose. L&#8217;acide hyaluronique aiderait \u00e0 r\u00e9duire l&#8217;inflammation et la douleur dans les articulations, \u00e0 am\u00e9liorer la mobilit\u00e9 articulaire et \u00e0 ralentir la progression de la d\u00e9g\u00e9n\u00e9rescence articulaire.<\/p>\n<p>La <strong>VITAMINE C<\/strong> a des propri\u00e9t\u00e9s antioxydantes.<\/p>\n<p>&nbsp;<\/p>\n<\/div>\n<\/div>\n<\/div>\n<\/div>\n<section class=\"product-accessories mdc_accessories_block mt-3\"><\/section>\n<\/div>\n","protected":false},"excerpt":{"rendered":"<div id=\"product-description-short-4440\">\n<p><strong>Aliment compl\u00e9mentaire<\/strong> pour chiens et chats pour maintenir <strong>le bon fonctionnement des cartilages articulaires et des articulations.<\/strong><\/p>\n<p>Il est recommand\u00e9 pour les <strong>jeunes animaux<\/strong> pendant la<strong> p\u00e9riode de croissance intensive<\/strong> ainsi que <strong>pour les animaux plus \u00e2g\u00e9s.<\/strong><\/p>\n<\/div>\n<div class=\"product-actions\">\n<div class=\"product-variants\"><\/div>\n<div class=\"mdj_product_master\"><\/div>\n<div class=\"mdc_product_actions_block\">\n<div class=\"product-add-to-cart mdc_product_add_cart_block\">\n<div class=\"product-quantity mdc_product_quantity_row row align-items-center no-gutters\">\n<div class=\"qty mdc_quantity_block col-auto\">\n<div class=\"input-group bootstrap-touchspin bootstrap-touchspin-injected\"><\/div>\n<\/div>\n<\/div>\n<\/div>\n<\/div>\n<\/div>\n","protected":false},"featured_media":1643724,"template":"","meta":[],"product_cat":[2738,2698,12633],"product_tag":[],"class_list":{"0":"post-90363","1":"product","2":"type-product","3":"status-publish","4":"has-post-thumbnail","6":"product_cat-aliments-complementaires-pour-chien","7":"product_cat-chien","8":"product_cat-soutien-articulaire-du-chien","9":"pa_marque-vetexpert","11":"first","12":"instock","13":"taxable","14":"shipping-taxable","15":"purchasable","16":"product-type-simple"},"yoast_head":"<!-- This site is optimized with the Yoast SEO plugin v27.3 - https:\/\/yoast.com\/product\/yoast-seo-wordpress\/ -->\n<title>Art-Hyal - chien Vetexpert - V\u00e9torino<\/title>\n<meta name=\"description\" content=\"Aliment compl\u00e9mentaire pour chiens et chats pour maintenir le bon fonctionnement des cartilages articulaires et des articulations.  Il est recommand\u00e9 pour les jeunes animaux pendant la p\u00e9riode de croissance intensive ainsi que pour les animaux plus \u00e2g\u00e9s.\" \/>\n<meta name=\"robots\" content=\"noindex, nofollow\" \/>\n<meta property=\"og:locale\" content=\"fr_FR\" \/>\n<meta property=\"og:type\" content=\"article\" \/>\n<meta property=\"og:title\" content=\"Art-Hyal - chien Vetexpert - V\u00e9torino\" \/>\n<meta property=\"og:description\" content=\"Aliment compl\u00e9mentaire pour chiens et chats pour maintenir le bon fonctionnement des cartilages articulaires et des articulations.  Il est recommand\u00e9 pour les jeunes animaux pendant la p\u00e9riode de croissance intensive ainsi que pour les animaux plus \u00e2g\u00e9s.\" \/>\n<meta property=\"og:url\" content=\"https:\/\/www.vetorino.com\/veterinaire\/confolens-16500\/boutique\/product\/art-hyal\/\" \/>\n<meta property=\"og:site_name\" content=\"V\u00e9torino\" \/>\n<meta property=\"article:publisher\" content=\"https:\/\/www.facebook.com\/Vetorino\/\" \/>\n<meta property=\"article:modified_time\" content=\"2026-04-01T07:41:21+00:00\" \/>\n<meta property=\"og:image\" content=\"https:\/\/www.vetorino.com\/boutique\/wp-content\/uploads\/2020\/06\/art-hyal.webp\" \/>\n\t<meta property=\"og:image:width\" content=\"800\" \/>\n\t<meta property=\"og:image:height\" content=\"800\" \/>\n\t<meta property=\"og:image:type\" content=\"image\/webp\" \/>\n<meta name=\"twitter:card\" content=\"summary_large_image\" \/>\n<meta name=\"twitter:label1\" content=\"Prix\" \/>\n\t<meta name=\"twitter:data1\" content=\"47,90&euro;\" \/>\n\t<meta name=\"twitter:label2\" content=\"Disponibilit\u00e9\" \/>\n\t<meta name=\"twitter:data2\" content=\"En stock\" \/>\n<script type=\"application\/ld+json\" class=\"yoast-schema-graph\">{\"@context\":\"https:\\\/\\\/schema.org\",\"@graph\":[{\"@type\":\"WebPage\",\"@id\":\"https:\\\/\\\/www.vetorino.com\\\/boutique\\\/product\\\/art-hyal\\\/\",\"url\":\"https:\\\/\\\/www.vetorino.com\\\/boutique\\\/product\\\/art-hyal\\\/\",\"name\":\"Art-Hyal - chien Vetexpert - V\u00e9torino\",\"isPartOf\":{\"@id\":\"https:\\\/\\\/www.vetorino.com\\\/boutique\\\/#website\"},\"primaryImageOfPage\":{\"@id\":\"https:\\\/\\\/www.vetorino.com\\\/boutique\\\/product\\\/art-hyal\\\/#primaryimage\"},\"image\":{\"@id\":\"https:\\\/\\\/www.vetorino.com\\\/boutique\\\/product\\\/art-hyal\\\/#primaryimage\"},\"thumbnailUrl\":\"https:\\\/\\\/www.vetorino.com\\\/boutique\\\/wp-content\\\/uploads\\\/2020\\\/06\\\/art-hyal.webp\",\"datePublished\":\"2020-06-26T11:49:06+00:00\",\"dateModified\":\"2026-04-01T07:41:21+00:00\",\"description\":\"Aliment compl\u00e9mentaire pour chiens et chats pour maintenir le bon fonctionnement des cartilages articulaires et des articulations. Il est recommand\u00e9 pour les jeunes animaux pendant la p\u00e9riode de croissance intensive ainsi que pour les animaux plus \u00e2g\u00e9s.\",\"breadcrumb\":{\"@id\":\"https:\\\/\\\/www.vetorino.com\\\/boutique\\\/product\\\/art-hyal\\\/#breadcrumb\"},\"inLanguage\":\"fr-FR\",\"potentialAction\":[{\"@type\":\"ReadAction\",\"target\":[\"https:\\\/\\\/www.vetorino.com\\\/boutique\\\/product\\\/art-hyal\\\/\"]}]},{\"@type\":\"ImageObject\",\"inLanguage\":\"fr-FR\",\"@id\":\"https:\\\/\\\/www.vetorino.com\\\/boutique\\\/product\\\/art-hyal\\\/#primaryimage\",\"url\":\"https:\\\/\\\/www.vetorino.com\\\/boutique\\\/wp-content\\\/uploads\\\/2020\\\/06\\\/art-hyal.webp\",\"contentUrl\":\"https:\\\/\\\/www.vetorino.com\\\/boutique\\\/wp-content\\\/uploads\\\/2020\\\/06\\\/art-hyal.webp\",\"width\":800,\"height\":800},{\"@type\":\"BreadcrumbList\",\"@id\":\"https:\\\/\\\/www.vetorino.com\\\/boutique\\\/product\\\/art-hyal\\\/#breadcrumb\",\"itemListElement\":[{\"@type\":\"ListItem\",\"position\":1,\"name\":\"Accueil\",\"item\":\"https:\\\/\\\/www.vetorino.com\\\/boutique\\\/\"},{\"@type\":\"ListItem\",\"position\":2,\"name\":\"Produits\",\"item\":\"https:\\\/\\\/www.vetorino.com\\\/boutique\\\/\"},{\"@type\":\"ListItem\",\"position\":3,\"name\":\"Art-Hyal &#8211; chien\"}]},{\"@type\":\"WebSite\",\"@id\":\"https:\\\/\\\/www.vetorino.com\\\/boutique\\\/#website\",\"url\":\"https:\\\/\\\/www.vetorino.com\\\/boutique\\\/\",\"name\":\"V\u00e9torino\",\"description\":\"\",\"publisher\":{\"@id\":\"https:\\\/\\\/www.vetorino.com\\\/boutique\\\/#organization\"},\"potentialAction\":[{\"@type\":\"SearchAction\",\"target\":{\"@type\":\"EntryPoint\",\"urlTemplate\":\"https:\\\/\\\/www.vetorino.com\\\/boutique\\\/?s={search_term_string}\"},\"query-input\":{\"@type\":\"PropertyValueSpecification\",\"valueRequired\":true,\"valueName\":\"search_term_string\"}}],\"inLanguage\":\"fr-FR\"},{\"@type\":\"Organization\",\"@id\":\"https:\\\/\\\/www.vetorino.com\\\/boutique\\\/#organization\",\"name\":\"V\u00e9torino\",\"url\":\"https:\\\/\\\/www.vetorino.com\\\/boutique\\\/\",\"logo\":{\"@type\":\"ImageObject\",\"inLanguage\":\"fr-FR\",\"@id\":\"https:\\\/\\\/www.vetorino.com\\\/boutique\\\/#\\\/schema\\\/logo\\\/image\\\/\",\"url\":\"https:\\\/\\\/www.vetorino.com\\\/boutique\\\/wp-content\\\/uploads\\\/2024\\\/10\\\/logo.jpg\",\"contentUrl\":\"https:\\\/\\\/www.vetorino.com\\\/boutique\\\/wp-content\\\/uploads\\\/2024\\\/10\\\/logo.jpg\",\"width\":1200,\"height\":610,\"caption\":\"V\u00e9torino\"},\"image\":{\"@id\":\"https:\\\/\\\/www.vetorino.com\\\/boutique\\\/#\\\/schema\\\/logo\\\/image\\\/\"},\"sameAs\":[\"https:\\\/\\\/www.facebook.com\\\/Vetorino\\\/\",\"https:\\\/\\\/www.instagram.com\\\/vetorino_off\\\/\",\"https:\\\/\\\/www.linkedin.com\\\/company\\\/vtorino\\\/\"]}]}<\/script>\n<meta property=\"product:brand\" content=\"Vetexpert\" \/>\n<meta property=\"product:price:amount\" content=\"47.90\" \/>\n<meta property=\"product:price:currency\" content=\"EUR\" \/>\n<meta property=\"og:availability\" content=\"instock\" \/>\n<meta property=\"product:availability\" content=\"instock\" \/>\n<meta property=\"product:retailer_item_id\" content=\"C-ART014\" \/>\n<meta property=\"product:condition\" content=\"new\" \/>\n<!-- \/ Yoast SEO plugin. -->","yoast_head_json":{"title":"Art-Hyal - chien Vetexpert - V\u00e9torino","description":"Aliment compl\u00e9mentaire pour chiens et chats pour maintenir le bon fonctionnement des cartilages articulaires et des articulations.  Il est recommand\u00e9 pour les jeunes animaux pendant la p\u00e9riode de croissance intensive ainsi que pour les animaux plus \u00e2g\u00e9s.","robots":{"index":"noindex","follow":"nofollow"},"og_locale":"fr_FR","og_type":"article","og_title":"Art-Hyal - chien Vetexpert - V\u00e9torino","og_description":"Aliment compl\u00e9mentaire pour chiens et chats pour maintenir le bon fonctionnement des cartilages articulaires et des articulations.  Il est recommand\u00e9 pour les jeunes animaux pendant la p\u00e9riode de croissance intensive ainsi que pour les animaux plus \u00e2g\u00e9s.","og_url":"https:\/\/www.vetorino.com\/veterinaire\/confolens-16500\/boutique\/product\/art-hyal\/","og_site_name":"V\u00e9torino","article_publisher":"https:\/\/www.facebook.com\/Vetorino\/","article_modified_time":"2026-04-01T07:41:21+00:00","og_image":[{"width":800,"height":800,"url":"https:\/\/www.vetorino.com\/boutique\/wp-content\/uploads\/2020\/06\/art-hyal.webp","type":"image\/webp"}],"twitter_card":"summary_large_image","twitter_misc":{"Prix":"47,90&euro;","Disponibilit\u00e9":"En stock"},"schema":{"@context":"https:\/\/schema.org","@graph":[{"@type":"WebPage","@id":"https:\/\/www.vetorino.com\/boutique\/product\/art-hyal\/","url":"https:\/\/www.vetorino.com\/boutique\/product\/art-hyal\/","name":"Art-Hyal - chien Vetexpert - V\u00e9torino","isPartOf":{"@id":"https:\/\/www.vetorino.com\/boutique\/#website"},"primaryImageOfPage":{"@id":"https:\/\/www.vetorino.com\/boutique\/product\/art-hyal\/#primaryimage"},"image":{"@id":"https:\/\/www.vetorino.com\/boutique\/product\/art-hyal\/#primaryimage"},"thumbnailUrl":"https:\/\/www.vetorino.com\/boutique\/wp-content\/uploads\/2020\/06\/art-hyal.webp","datePublished":"2020-06-26T11:49:06+00:00","dateModified":"2026-04-01T07:41:21+00:00","description":"Aliment compl\u00e9mentaire pour chiens et chats pour maintenir le bon fonctionnement des cartilages articulaires et des articulations. Il est recommand\u00e9 pour les jeunes animaux pendant la p\u00e9riode de croissance intensive ainsi que pour les animaux plus \u00e2g\u00e9s.","breadcrumb":{"@id":"https:\/\/www.vetorino.com\/boutique\/product\/art-hyal\/#breadcrumb"},"inLanguage":"fr-FR","potentialAction":[{"@type":"ReadAction","target":["https:\/\/www.vetorino.com\/boutique\/product\/art-hyal\/"]}]},{"@type":"ImageObject","inLanguage":"fr-FR","@id":"https:\/\/www.vetorino.com\/boutique\/product\/art-hyal\/#primaryimage","url":"https:\/\/www.vetorino.com\/boutique\/wp-content\/uploads\/2020\/06\/art-hyal.webp","contentUrl":"https:\/\/www.vetorino.com\/boutique\/wp-content\/uploads\/2020\/06\/art-hyal.webp","width":800,"height":800},{"@type":"BreadcrumbList","@id":"https:\/\/www.vetorino.com\/boutique\/product\/art-hyal\/#breadcrumb","itemListElement":[{"@type":"ListItem","position":1,"name":"Accueil","item":"https:\/\/www.vetorino.com\/boutique\/"},{"@type":"ListItem","position":2,"name":"Produits","item":"https:\/\/www.vetorino.com\/boutique\/"},{"@type":"ListItem","position":3,"name":"Art-Hyal &#8211; chien"}]},{"@type":"WebSite","@id":"https:\/\/www.vetorino.com\/boutique\/#website","url":"https:\/\/www.vetorino.com\/boutique\/","name":"V\u00e9torino","description":"","publisher":{"@id":"https:\/\/www.vetorino.com\/boutique\/#organization"},"potentialAction":[{"@type":"SearchAction","target":{"@type":"EntryPoint","urlTemplate":"https:\/\/www.vetorino.com\/boutique\/?s={search_term_string}"},"query-input":{"@type":"PropertyValueSpecification","valueRequired":true,"valueName":"search_term_string"}}],"inLanguage":"fr-FR"},{"@type":"Organization","@id":"https:\/\/www.vetorino.com\/boutique\/#organization","name":"V\u00e9torino","url":"https:\/\/www.vetorino.com\/boutique\/","logo":{"@type":"ImageObject","inLanguage":"fr-FR","@id":"https:\/\/www.vetorino.com\/boutique\/#\/schema\/logo\/image\/","url":"https:\/\/www.vetorino.com\/boutique\/wp-content\/uploads\/2024\/10\/logo.jpg","contentUrl":"https:\/\/www.vetorino.com\/boutique\/wp-content\/uploads\/2024\/10\/logo.jpg","width":1200,"height":610,"caption":"V\u00e9torino"},"image":{"@id":"https:\/\/www.vetorino.com\/boutique\/#\/schema\/logo\/image\/"},"sameAs":["https:\/\/www.facebook.com\/Vetorino\/","https:\/\/www.instagram.com\/vetorino_off\/","https:\/\/www.linkedin.com\/company\/vtorino\/"]}]},"product_brand":"Vetexpert","product_price_amount":"47.90","product_price_currency":"EUR","og_availability":"instock","product_availability":"instock","product_retailer_item_id":"C-ART014","product_condition":"new"},"_links":{"self":[{"href":"https:\/\/www.vetorino.com\/veterinaire\/confolens-16500\/boutique\/wp-json\/wp\/v2\/product\/90363","targetHints":{"allow":["GET"]}}],"collection":[{"href":"https:\/\/www.vetorino.com\/veterinaire\/confolens-16500\/boutique\/wp-json\/wp\/v2\/product"}],"about":[{"href":"https:\/\/www.vetorino.com\/veterinaire\/confolens-16500\/boutique\/wp-json\/wp\/v2\/types\/product"}],"wp:featuredmedia":[{"embeddable":true,"href":"https:\/\/www.vetorino.com\/veterinaire\/confolens-16500\/boutique\/wp-json\/wp\/v2\/media\/1643724"}],"wp:attachment":[{"href":"https:\/\/www.vetorino.com\/veterinaire\/confolens-16500\/boutique\/wp-json\/wp\/v2\/media?parent=90363"}],"wp:term":[{"taxonomy":"product_cat","embeddable":true,"href":"https:\/\/www.vetorino.com\/veterinaire\/confolens-16500\/boutique\/wp-json\/wp\/v2\/product_cat?post=90363"},{"taxonomy":"product_tag","embeddable":true,"href":"https:\/\/www.vetorino.com\/veterinaire\/confolens-16500\/boutique\/wp-json\/wp\/v2\/product_tag?post=90363"}],"curies":[{"name":"wp","href":"https:\/\/api.w.org\/{rel}","templated":true}]}}