{"id":90404,"date":"2020-06-26T13:49:26","date_gmt":"2020-06-26T11:49:26","guid":{"rendered":"https:\/\/www.vetorino.com\/boutique\/product\/axisurf-spray-plus\/"},"modified":"2022-02-24T10:05:16","modified_gmt":"2022-02-24T09:05:16","slug":"axisurf-spray-plus","status":"publish","type":"product","link":"https:\/\/www.vetorino.com\/veterinaire\/confolens-16500\/boutique\/product\/axisurf-spray-plus\/","title":{"rendered":"Nettoyant d\u00e9sinfectant Axisurf Spray Plus"},"content":{"rendered":"<div class='hidden'>AXIENCE<\/div>\n<div class='hidden'>Chats<\/div>\n<p>BIONETTOYAGE DES SURFACES<\/p>\n<p>Solution pr\u00eate \u00e0 l&#8217;emploi destin\u00e9e au nettoyage et \u00e0 la d\u00e9sinfection des surfaces et \u00e9quipements, homologu\u00e9e en environnement v\u00e9t\u00e9rinaire.<br \/>Biocide v\u00e9t\u00e9rinaire, Bact\u00e9ricide et Levuricide.<\/p>\n","protected":false},"excerpt":{"rendered":"<p>AXIENCE Chats BIONETTOYAGE DES SURFACES Solution pr\u00eate \u00e0 l&#8217;emploi destin\u00e9e au nettoyage et \u00e0 la d\u00e9sinfection des surfaces et \u00e9quipements, homologu\u00e9e en environnement v\u00e9t\u00e9rinaire.Biocide v\u00e9t\u00e9rinaire, Bact\u00e9ricide et Levuricide.<\/p>\n","protected":false},"featured_media":90402,"template":"","meta":[],"product_cat":[6871,2697],"product_tag":[],"class_list":{"0":"post-90404","1":"product","2":"type-product","3":"status-publish","4":"has-post-thumbnail","6":"product_cat-caprins","7":"product_cat-chat","8":"pa_marque-axience","10":"first","11":"outofstock","12":"taxable","13":"shipping-taxable","14":"purchasable","15":"product-type-simple"},"yoast_head":"<!-- This site is optimized with the Yoast SEO plugin v27.3 - https:\/\/yoast.com\/product\/yoast-seo-wordpress\/ -->\n<title>Nettoyant d\u00e9sinfectant Axisurf Spray Plus Axience - V\u00e9torino<\/title>\n<meta name=\"description\" content=\"AXIENCEChatsBIONETTOYAGE DES SURFACESSolution pr\u00eate \u00e0 l&#039;emploi destin\u00e9e au nettoyage et \u00e0 la d\u00e9sinfection des surfaces et \u00e9quipements, homologu\u00e9e en\" \/>\n<meta name=\"robots\" content=\"noindex, nofollow\" \/>\n<meta property=\"og:locale\" content=\"fr_FR\" \/>\n<meta property=\"og:type\" content=\"article\" \/>\n<meta property=\"og:title\" content=\"Nettoyant d\u00e9sinfectant Axisurf Spray Plus Axience - V\u00e9torino\" \/>\n<meta property=\"og:description\" content=\"AXIENCEChatsBIONETTOYAGE DES SURFACESSolution pr\u00eate \u00e0 l&#039;emploi destin\u00e9e au nettoyage et \u00e0 la d\u00e9sinfection des surfaces et \u00e9quipements, homologu\u00e9e en\" \/>\n<meta property=\"og:url\" content=\"https:\/\/www.vetorino.com\/veterinaire\/confolens-16500\/boutique\/product\/axisurf-spray-plus\/\" \/>\n<meta property=\"og:site_name\" content=\"V\u00e9torino\" \/>\n<meta property=\"article:publisher\" content=\"https:\/\/www.facebook.com\/Vetorino\/\" \/>\n<meta property=\"article:modified_time\" content=\"2022-02-24T09:05:16+00:00\" \/>\n<meta property=\"og:image\" content=\"https:\/\/www.vetorino.com\/boutique\/wp-content\/uploads\/2020\/06\/FilsAXI416FormatMediumTypeIM-8.png\" \/>\n\t<meta property=\"og:image:width\" content=\"400\" \/>\n\t<meta property=\"og:image:height\" content=\"400\" \/>\n\t<meta property=\"og:image:type\" content=\"image\/png\" \/>\n<meta name=\"twitter:card\" content=\"summary_large_image\" \/>\n<meta name=\"twitter:label1\" content=\"Prix\" \/>\n\t<meta name=\"twitter:data1\" content=\"99,14&euro;\" \/>\n\t<meta name=\"twitter:label2\" content=\"Disponibilit\u00e9\" \/>\n\t<meta name=\"twitter:data2\" content=\"Rupture de stock\" \/>\n<script type=\"application\/ld+json\" class=\"yoast-schema-graph\">{\"@context\":\"https:\\\/\\\/schema.org\",\"@graph\":[{\"@type\":\"WebPage\",\"@id\":\"https:\\\/\\\/www.vetorino.com\\\/boutique\\\/product\\\/axisurf-spray-plus\\\/\",\"url\":\"https:\\\/\\\/www.vetorino.com\\\/boutique\\\/product\\\/axisurf-spray-plus\\\/\",\"name\":\"Nettoyant d\u00e9sinfectant Axisurf Spray Plus Axience - V\u00e9torino\",\"isPartOf\":{\"@id\":\"https:\\\/\\\/www.vetorino.com\\\/boutique\\\/#website\"},\"primaryImageOfPage\":{\"@id\":\"https:\\\/\\\/www.vetorino.com\\\/boutique\\\/product\\\/axisurf-spray-plus\\\/#primaryimage\"},\"image\":{\"@id\":\"https:\\\/\\\/www.vetorino.com\\\/boutique\\\/product\\\/axisurf-spray-plus\\\/#primaryimage\"},\"thumbnailUrl\":\"https:\\\/\\\/www.vetorino.com\\\/boutique\\\/wp-content\\\/uploads\\\/2020\\\/06\\\/FilsAXI416FormatMediumTypeIM-8.png\",\"datePublished\":\"2020-06-26T11:49:26+00:00\",\"dateModified\":\"2022-02-24T09:05:16+00:00\",\"description\":\"AXIENCEChatsBIONETTOYAGE DES SURFACESSolution pr\u00eate \u00e0 l'emploi destin\u00e9e au nettoyage et \u00e0 la d\u00e9sinfection des surfaces et \u00e9quipements, homologu\u00e9e en\",\"breadcrumb\":{\"@id\":\"https:\\\/\\\/www.vetorino.com\\\/boutique\\\/product\\\/axisurf-spray-plus\\\/#breadcrumb\"},\"inLanguage\":\"fr-FR\",\"potentialAction\":[{\"@type\":\"ReadAction\",\"target\":[\"https:\\\/\\\/www.vetorino.com\\\/boutique\\\/product\\\/axisurf-spray-plus\\\/\"]}]},{\"@type\":\"ImageObject\",\"inLanguage\":\"fr-FR\",\"@id\":\"https:\\\/\\\/www.vetorino.com\\\/boutique\\\/product\\\/axisurf-spray-plus\\\/#primaryimage\",\"url\":\"https:\\\/\\\/www.vetorino.com\\\/boutique\\\/wp-content\\\/uploads\\\/2020\\\/06\\\/FilsAXI416FormatMediumTypeIM-8.png\",\"contentUrl\":\"https:\\\/\\\/www.vetorino.com\\\/boutique\\\/wp-content\\\/uploads\\\/2020\\\/06\\\/FilsAXI416FormatMediumTypeIM-8.png\",\"width\":400,\"height\":400},{\"@type\":\"BreadcrumbList\",\"@id\":\"https:\\\/\\\/www.vetorino.com\\\/boutique\\\/product\\\/axisurf-spray-plus\\\/#breadcrumb\",\"itemListElement\":[{\"@type\":\"ListItem\",\"position\":1,\"name\":\"Accueil\",\"item\":\"https:\\\/\\\/www.vetorino.com\\\/boutique\\\/\"},{\"@type\":\"ListItem\",\"position\":2,\"name\":\"Produits\",\"item\":\"https:\\\/\\\/www.vetorino.com\\\/boutique\\\/\"},{\"@type\":\"ListItem\",\"position\":3,\"name\":\"Nettoyant d\u00e9sinfectant Axisurf Spray Plus\"}]},{\"@type\":\"WebSite\",\"@id\":\"https:\\\/\\\/www.vetorino.com\\\/boutique\\\/#website\",\"url\":\"https:\\\/\\\/www.vetorino.com\\\/boutique\\\/\",\"name\":\"V\u00e9torino\",\"description\":\"\",\"publisher\":{\"@id\":\"https:\\\/\\\/www.vetorino.com\\\/boutique\\\/#organization\"},\"potentialAction\":[{\"@type\":\"SearchAction\",\"target\":{\"@type\":\"EntryPoint\",\"urlTemplate\":\"https:\\\/\\\/www.vetorino.com\\\/boutique\\\/?s={search_term_string}\"},\"query-input\":{\"@type\":\"PropertyValueSpecification\",\"valueRequired\":true,\"valueName\":\"search_term_string\"}}],\"inLanguage\":\"fr-FR\"},{\"@type\":\"Organization\",\"@id\":\"https:\\\/\\\/www.vetorino.com\\\/boutique\\\/#organization\",\"name\":\"V\u00e9torino\",\"url\":\"https:\\\/\\\/www.vetorino.com\\\/boutique\\\/\",\"logo\":{\"@type\":\"ImageObject\",\"inLanguage\":\"fr-FR\",\"@id\":\"https:\\\/\\\/www.vetorino.com\\\/boutique\\\/#\\\/schema\\\/logo\\\/image\\\/\",\"url\":\"https:\\\/\\\/www.vetorino.com\\\/boutique\\\/wp-content\\\/uploads\\\/2024\\\/10\\\/logo.jpg\",\"contentUrl\":\"https:\\\/\\\/www.vetorino.com\\\/boutique\\\/wp-content\\\/uploads\\\/2024\\\/10\\\/logo.jpg\",\"width\":1200,\"height\":610,\"caption\":\"V\u00e9torino\"},\"image\":{\"@id\":\"https:\\\/\\\/www.vetorino.com\\\/boutique\\\/#\\\/schema\\\/logo\\\/image\\\/\"},\"sameAs\":[\"https:\\\/\\\/www.facebook.com\\\/Vetorino\\\/\",\"https:\\\/\\\/www.instagram.com\\\/vetorino_off\\\/\",\"https:\\\/\\\/www.linkedin.com\\\/company\\\/vtorino\\\/\"]}]}<\/script>\n<meta property=\"product:brand\" content=\"Axience\" \/>\n<meta property=\"product:price:amount\" content=\"99.14\" \/>\n<meta property=\"product:price:currency\" content=\"EUR\" \/>\n<meta property=\"og:availability\" content=\"out of stock\" \/>\n<meta property=\"product:availability\" content=\"out of stock\" \/>\n<meta property=\"product:retailer_item_id\" content=\"C-AXI416\" \/>\n<meta property=\"product:condition\" content=\"new\" \/>\n<!-- \/ Yoast SEO plugin. -->","yoast_head_json":{"title":"Nettoyant d\u00e9sinfectant Axisurf Spray Plus Axience - V\u00e9torino","description":"AXIENCEChatsBIONETTOYAGE DES SURFACESSolution pr\u00eate \u00e0 l'emploi destin\u00e9e au nettoyage et \u00e0 la d\u00e9sinfection des surfaces et \u00e9quipements, homologu\u00e9e en","robots":{"index":"noindex","follow":"nofollow"},"og_locale":"fr_FR","og_type":"article","og_title":"Nettoyant d\u00e9sinfectant Axisurf Spray Plus Axience - V\u00e9torino","og_description":"AXIENCEChatsBIONETTOYAGE DES SURFACESSolution pr\u00eate \u00e0 l'emploi destin\u00e9e au nettoyage et \u00e0 la d\u00e9sinfection des surfaces et \u00e9quipements, homologu\u00e9e en","og_url":"https:\/\/www.vetorino.com\/veterinaire\/confolens-16500\/boutique\/product\/axisurf-spray-plus\/","og_site_name":"V\u00e9torino","article_publisher":"https:\/\/www.facebook.com\/Vetorino\/","article_modified_time":"2022-02-24T09:05:16+00:00","og_image":[{"width":400,"height":400,"url":"https:\/\/www.vetorino.com\/boutique\/wp-content\/uploads\/2020\/06\/FilsAXI416FormatMediumTypeIM-8.png","type":"image\/png"}],"twitter_card":"summary_large_image","twitter_misc":{"Prix":"99,14&euro;","Disponibilit\u00e9":"Rupture de stock"},"schema":{"@context":"https:\/\/schema.org","@graph":[{"@type":"WebPage","@id":"https:\/\/www.vetorino.com\/boutique\/product\/axisurf-spray-plus\/","url":"https:\/\/www.vetorino.com\/boutique\/product\/axisurf-spray-plus\/","name":"Nettoyant d\u00e9sinfectant Axisurf Spray Plus Axience - V\u00e9torino","isPartOf":{"@id":"https:\/\/www.vetorino.com\/boutique\/#website"},"primaryImageOfPage":{"@id":"https:\/\/www.vetorino.com\/boutique\/product\/axisurf-spray-plus\/#primaryimage"},"image":{"@id":"https:\/\/www.vetorino.com\/boutique\/product\/axisurf-spray-plus\/#primaryimage"},"thumbnailUrl":"https:\/\/www.vetorino.com\/boutique\/wp-content\/uploads\/2020\/06\/FilsAXI416FormatMediumTypeIM-8.png","datePublished":"2020-06-26T11:49:26+00:00","dateModified":"2022-02-24T09:05:16+00:00","description":"AXIENCEChatsBIONETTOYAGE DES SURFACESSolution pr\u00eate \u00e0 l'emploi destin\u00e9e au nettoyage et \u00e0 la d\u00e9sinfection des surfaces et \u00e9quipements, homologu\u00e9e en","breadcrumb":{"@id":"https:\/\/www.vetorino.com\/boutique\/product\/axisurf-spray-plus\/#breadcrumb"},"inLanguage":"fr-FR","potentialAction":[{"@type":"ReadAction","target":["https:\/\/www.vetorino.com\/boutique\/product\/axisurf-spray-plus\/"]}]},{"@type":"ImageObject","inLanguage":"fr-FR","@id":"https:\/\/www.vetorino.com\/boutique\/product\/axisurf-spray-plus\/#primaryimage","url":"https:\/\/www.vetorino.com\/boutique\/wp-content\/uploads\/2020\/06\/FilsAXI416FormatMediumTypeIM-8.png","contentUrl":"https:\/\/www.vetorino.com\/boutique\/wp-content\/uploads\/2020\/06\/FilsAXI416FormatMediumTypeIM-8.png","width":400,"height":400},{"@type":"BreadcrumbList","@id":"https:\/\/www.vetorino.com\/boutique\/product\/axisurf-spray-plus\/#breadcrumb","itemListElement":[{"@type":"ListItem","position":1,"name":"Accueil","item":"https:\/\/www.vetorino.com\/boutique\/"},{"@type":"ListItem","position":2,"name":"Produits","item":"https:\/\/www.vetorino.com\/boutique\/"},{"@type":"ListItem","position":3,"name":"Nettoyant d\u00e9sinfectant Axisurf Spray Plus"}]},{"@type":"WebSite","@id":"https:\/\/www.vetorino.com\/boutique\/#website","url":"https:\/\/www.vetorino.com\/boutique\/","name":"V\u00e9torino","description":"","publisher":{"@id":"https:\/\/www.vetorino.com\/boutique\/#organization"},"potentialAction":[{"@type":"SearchAction","target":{"@type":"EntryPoint","urlTemplate":"https:\/\/www.vetorino.com\/boutique\/?s={search_term_string}"},"query-input":{"@type":"PropertyValueSpecification","valueRequired":true,"valueName":"search_term_string"}}],"inLanguage":"fr-FR"},{"@type":"Organization","@id":"https:\/\/www.vetorino.com\/boutique\/#organization","name":"V\u00e9torino","url":"https:\/\/www.vetorino.com\/boutique\/","logo":{"@type":"ImageObject","inLanguage":"fr-FR","@id":"https:\/\/www.vetorino.com\/boutique\/#\/schema\/logo\/image\/","url":"https:\/\/www.vetorino.com\/boutique\/wp-content\/uploads\/2024\/10\/logo.jpg","contentUrl":"https:\/\/www.vetorino.com\/boutique\/wp-content\/uploads\/2024\/10\/logo.jpg","width":1200,"height":610,"caption":"V\u00e9torino"},"image":{"@id":"https:\/\/www.vetorino.com\/boutique\/#\/schema\/logo\/image\/"},"sameAs":["https:\/\/www.facebook.com\/Vetorino\/","https:\/\/www.instagram.com\/vetorino_off\/","https:\/\/www.linkedin.com\/company\/vtorino\/"]}]},"product_brand":"Axience","product_price_amount":"99.14","product_price_currency":"EUR","og_availability":"out of stock","product_availability":"out of stock","product_retailer_item_id":"C-AXI416","product_condition":"new"},"_links":{"self":[{"href":"https:\/\/www.vetorino.com\/veterinaire\/confolens-16500\/boutique\/wp-json\/wp\/v2\/product\/90404","targetHints":{"allow":["GET"]}}],"collection":[{"href":"https:\/\/www.vetorino.com\/veterinaire\/confolens-16500\/boutique\/wp-json\/wp\/v2\/product"}],"about":[{"href":"https:\/\/www.vetorino.com\/veterinaire\/confolens-16500\/boutique\/wp-json\/wp\/v2\/types\/product"}],"wp:featuredmedia":[{"embeddable":true,"href":"https:\/\/www.vetorino.com\/veterinaire\/confolens-16500\/boutique\/wp-json\/wp\/v2\/media\/90402"}],"wp:attachment":[{"href":"https:\/\/www.vetorino.com\/veterinaire\/confolens-16500\/boutique\/wp-json\/wp\/v2\/media?parent=90404"}],"wp:term":[{"taxonomy":"product_cat","embeddable":true,"href":"https:\/\/www.vetorino.com\/veterinaire\/confolens-16500\/boutique\/wp-json\/wp\/v2\/product_cat?post=90404"},{"taxonomy":"product_tag","embeddable":true,"href":"https:\/\/www.vetorino.com\/veterinaire\/confolens-16500\/boutique\/wp-json\/wp\/v2\/product_tag?post=90404"}],"curies":[{"name":"wp","href":"https:\/\/api.w.org\/{rel}","templated":true}]}}