{"id":906439,"date":"2024-04-26T17:52:29","date_gmt":"2024-04-26T15:52:29","guid":{"rendered":"https:\/\/www.vetorino.com\/boutique\/product\/jouet-chien-wouapy-corde-de-jeu-elingue\/"},"modified":"2026-02-04T02:42:10","modified_gmt":"2026-02-04T01:42:10","slug":"jouet-chien-wouapy-corde-de-jeu-elingue","status":"publish","type":"product","link":"https:\/\/www.vetorino.com\/veterinaire\/confolens-16500\/boutique\/product\/jouet-chien-wouapy-corde-de-jeu-elingue\/","title":{"rendered":"Jouet corde noeud pour chiens et chiots d&#8217;Elingue"},"content":{"rendered":"<p><strong>Les jouets corde pour chiens et chiots par Wouapy<\/strong> offre couleur et r\u00e9sistance qui occuperont votre chien lors de vos absences.<\/p>\n<p>Ces jouets corde <strong>stimulent l&#8217;interactivit\u00e9<\/strong> entre vous et votre fid\u00e8le compagnon, avec ce jouet vous pourrez vous amuser \u00e0 le lancer, le tirer ou encore votre chien pourra le m\u00e2cher. Ces jouets sont tr\u00e8s r\u00e9sistants et sont constitu\u00e9s de fibres int\u00e9rieures en coton recycl\u00e9.<\/p>\n<p>Plusieurs mod\u00e8le de corde avec des n\u0153uds diff\u00e9rents sont disponibles d\u00e8s maintenant sur notre site internet.<\/p>\n<ul>\n<li>Con\u00e7u pour les chiens et les chiots<\/li>\n<li>Stimule l&#8217;interactivit\u00e9<\/li>\n<li>R\u00e9sistant<\/li>\n<li>En coton recycl\u00e9<\/li>\n<\/ul>\n","protected":false},"excerpt":{"rendered":"<p>Ces jouets corde <strong>stimulent l&#8217;interactivit\u00e9<\/strong> entre vous et votre fid\u00e8le compagnon, avec ce jouet vous pourrez vous amuser \u00e0 le lancer, le tirer ou encore votre chien pourra le m\u00e2cher. Ces jouets sont tr\u00e8s r\u00e9sistants et sont constitu\u00e9s de fibres int\u00e9rieures en coton recycl\u00e9.<\/p>\n","protected":false},"featured_media":908964,"template":"","meta":[],"product_cat":[12550,2698,2802,12621],"product_tag":[],"class_list":{"0":"post-906439","1":"product","2":"type-product","3":"status-publish","4":"has-post-thumbnail","6":"product_cat-accessoires-du-chien","7":"product_cat-chien","8":"product_cat-jouets-a-macher-pour-chien","9":"product_cat-jeux-educatifs-pour-chien","10":"pa_marque-wouapy","12":"first","13":"instock","14":"taxable","15":"shipping-taxable","16":"purchasable","17":"product-type-simple"},"yoast_head":"<!-- This site is optimized with the Yoast SEO plugin v27.3 - https:\/\/yoast.com\/product\/yoast-seo-wordpress\/ -->\n<title>Jouet corde noeud pour chiens et chiots d&#039;Elingue Wouapy - V\u00e9torino<\/title>\n<meta name=\"description\" content=\"Ces jouets corde stimulent l&#039;interactivit\u00e9 entre vous et votre fid\u00e8le compagnon, avec ce jouet vous pourrez vous amuser \u00e0 le lancer, le tirer ou encore votre chien pourra le m\u00e2cher. Ces jouets sont tr\u00e8s r\u00e9sistants et sont constitu\u00e9s de fibres int\u00e9rieures en coton recycl\u00e9.\" \/>\n<meta name=\"robots\" content=\"noindex, nofollow\" \/>\n<meta property=\"og:locale\" content=\"fr_FR\" \/>\n<meta property=\"og:type\" content=\"article\" \/>\n<meta property=\"og:title\" content=\"Jouet corde noeud pour chiens et chiots d&#039;Elingue Wouapy - V\u00e9torino\" \/>\n<meta property=\"og:description\" content=\"Ces jouets corde stimulent l&#039;interactivit\u00e9 entre vous et votre fid\u00e8le compagnon, avec ce jouet vous pourrez vous amuser \u00e0 le lancer, le tirer ou encore votre chien pourra le m\u00e2cher. Ces jouets sont tr\u00e8s r\u00e9sistants et sont constitu\u00e9s de fibres int\u00e9rieures en coton recycl\u00e9.\" \/>\n<meta property=\"og:url\" content=\"https:\/\/www.vetorino.com\/veterinaire\/confolens-16500\/boutique\/product\/jouet-chien-wouapy-corde-de-jeu-elingue\/\" \/>\n<meta property=\"og:site_name\" content=\"V\u00e9torino\" \/>\n<meta property=\"article:publisher\" content=\"https:\/\/www.facebook.com\/Vetorino\/\" \/>\n<meta property=\"article:modified_time\" content=\"2026-02-04T01:42:10+00:00\" \/>\n<meta property=\"og:image\" content=\"https:\/\/www.vetorino.com\/boutique\/wp-content\/uploads\/2024\/04\/0683-0093-Zoom-01.jpg\" \/>\n\t<meta property=\"og:image:width\" content=\"1164\" \/>\n\t<meta property=\"og:image:height\" content=\"850\" \/>\n\t<meta property=\"og:image:type\" content=\"image\/jpeg\" \/>\n<meta name=\"twitter:card\" content=\"summary_large_image\" \/>\n<meta name=\"twitter:label1\" content=\"Prix\" \/>\n\t<meta name=\"twitter:data1\" content=\"2,01&euro;\" \/>\n\t<meta name=\"twitter:label2\" content=\"Disponibilit\u00e9\" \/>\n\t<meta name=\"twitter:data2\" content=\"En stock\" \/>\n<script type=\"application\/ld+json\" class=\"yoast-schema-graph\">{\"@context\":\"https:\\\/\\\/schema.org\",\"@graph\":[{\"@type\":\"WebPage\",\"@id\":\"https:\\\/\\\/www.vetorino.com\\\/boutique\\\/product\\\/jouet-chien-wouapy-corde-de-jeu-elingue\\\/\",\"url\":\"https:\\\/\\\/www.vetorino.com\\\/boutique\\\/product\\\/jouet-chien-wouapy-corde-de-jeu-elingue\\\/\",\"name\":\"Jouet corde noeud pour chiens et chiots d'Elingue Wouapy - V\u00e9torino\",\"isPartOf\":{\"@id\":\"https:\\\/\\\/www.vetorino.com\\\/boutique\\\/#website\"},\"primaryImageOfPage\":{\"@id\":\"https:\\\/\\\/www.vetorino.com\\\/boutique\\\/product\\\/jouet-chien-wouapy-corde-de-jeu-elingue\\\/#primaryimage\"},\"image\":{\"@id\":\"https:\\\/\\\/www.vetorino.com\\\/boutique\\\/product\\\/jouet-chien-wouapy-corde-de-jeu-elingue\\\/#primaryimage\"},\"thumbnailUrl\":\"https:\\\/\\\/www.vetorino.com\\\/boutique\\\/wp-content\\\/uploads\\\/2024\\\/04\\\/0683-0093-Zoom-01.jpg\",\"datePublished\":\"2024-04-26T15:52:29+00:00\",\"dateModified\":\"2026-02-04T01:42:10+00:00\",\"description\":\"Ces jouets corde stimulent l'interactivit\u00e9 entre vous et votre fid\u00e8le compagnon, avec ce jouet vous pourrez vous amuser \u00e0 le lancer, le tirer ou encore votre chien pourra le m\u00e2cher. Ces jouets sont tr\u00e8s r\u00e9sistants et sont constitu\u00e9s de fibres int\u00e9rieures en coton recycl\u00e9.\",\"breadcrumb\":{\"@id\":\"https:\\\/\\\/www.vetorino.com\\\/boutique\\\/product\\\/jouet-chien-wouapy-corde-de-jeu-elingue\\\/#breadcrumb\"},\"inLanguage\":\"fr-FR\",\"potentialAction\":[{\"@type\":\"ReadAction\",\"target\":[\"https:\\\/\\\/www.vetorino.com\\\/boutique\\\/product\\\/jouet-chien-wouapy-corde-de-jeu-elingue\\\/\"]}]},{\"@type\":\"ImageObject\",\"inLanguage\":\"fr-FR\",\"@id\":\"https:\\\/\\\/www.vetorino.com\\\/boutique\\\/product\\\/jouet-chien-wouapy-corde-de-jeu-elingue\\\/#primaryimage\",\"url\":\"https:\\\/\\\/www.vetorino.com\\\/boutique\\\/wp-content\\\/uploads\\\/2024\\\/04\\\/0683-0093-Zoom-01.jpg\",\"contentUrl\":\"https:\\\/\\\/www.vetorino.com\\\/boutique\\\/wp-content\\\/uploads\\\/2024\\\/04\\\/0683-0093-Zoom-01.jpg\",\"width\":1164,\"height\":850},{\"@type\":\"BreadcrumbList\",\"@id\":\"https:\\\/\\\/www.vetorino.com\\\/boutique\\\/product\\\/jouet-chien-wouapy-corde-de-jeu-elingue\\\/#breadcrumb\",\"itemListElement\":[{\"@type\":\"ListItem\",\"position\":1,\"name\":\"Accueil\",\"item\":\"https:\\\/\\\/www.vetorino.com\\\/boutique\\\/\"},{\"@type\":\"ListItem\",\"position\":2,\"name\":\"Produits\",\"item\":\"https:\\\/\\\/www.vetorino.com\\\/boutique\\\/\"},{\"@type\":\"ListItem\",\"position\":3,\"name\":\"Jouet corde noeud pour chiens et chiots d&#8217;Elingue\"}]},{\"@type\":\"WebSite\",\"@id\":\"https:\\\/\\\/www.vetorino.com\\\/boutique\\\/#website\",\"url\":\"https:\\\/\\\/www.vetorino.com\\\/boutique\\\/\",\"name\":\"V\u00e9torino\",\"description\":\"\",\"publisher\":{\"@id\":\"https:\\\/\\\/www.vetorino.com\\\/boutique\\\/#organization\"},\"potentialAction\":[{\"@type\":\"SearchAction\",\"target\":{\"@type\":\"EntryPoint\",\"urlTemplate\":\"https:\\\/\\\/www.vetorino.com\\\/boutique\\\/?s={search_term_string}\"},\"query-input\":{\"@type\":\"PropertyValueSpecification\",\"valueRequired\":true,\"valueName\":\"search_term_string\"}}],\"inLanguage\":\"fr-FR\"},{\"@type\":\"Organization\",\"@id\":\"https:\\\/\\\/www.vetorino.com\\\/boutique\\\/#organization\",\"name\":\"V\u00e9torino\",\"url\":\"https:\\\/\\\/www.vetorino.com\\\/boutique\\\/\",\"logo\":{\"@type\":\"ImageObject\",\"inLanguage\":\"fr-FR\",\"@id\":\"https:\\\/\\\/www.vetorino.com\\\/boutique\\\/#\\\/schema\\\/logo\\\/image\\\/\",\"url\":\"https:\\\/\\\/www.vetorino.com\\\/boutique\\\/wp-content\\\/uploads\\\/2024\\\/10\\\/logo.jpg\",\"contentUrl\":\"https:\\\/\\\/www.vetorino.com\\\/boutique\\\/wp-content\\\/uploads\\\/2024\\\/10\\\/logo.jpg\",\"width\":1200,\"height\":610,\"caption\":\"V\u00e9torino\"},\"image\":{\"@id\":\"https:\\\/\\\/www.vetorino.com\\\/boutique\\\/#\\\/schema\\\/logo\\\/image\\\/\"},\"sameAs\":[\"https:\\\/\\\/www.facebook.com\\\/Vetorino\\\/\",\"https:\\\/\\\/www.instagram.com\\\/vetorino_off\\\/\",\"https:\\\/\\\/www.linkedin.com\\\/company\\\/vtorino\\\/\"]}]}<\/script>\n<meta property=\"product:brand\" content=\"Wouapy\" \/>\n<meta property=\"product:price:amount\" content=\"2.01\" \/>\n<meta property=\"product:price:currency\" content=\"EUR\" \/>\n<meta property=\"og:availability\" content=\"instock\" \/>\n<meta property=\"product:availability\" content=\"instock\" \/>\n<meta property=\"product:retailer_item_id\" content=\"C-JOU997\" \/>\n<meta property=\"product:condition\" content=\"new\" \/>\n<!-- \/ Yoast SEO plugin. -->","yoast_head_json":{"title":"Jouet corde noeud pour chiens et chiots d'Elingue Wouapy - V\u00e9torino","description":"Ces jouets corde stimulent l'interactivit\u00e9 entre vous et votre fid\u00e8le compagnon, avec ce jouet vous pourrez vous amuser \u00e0 le lancer, le tirer ou encore votre chien pourra le m\u00e2cher. Ces jouets sont tr\u00e8s r\u00e9sistants et sont constitu\u00e9s de fibres int\u00e9rieures en coton recycl\u00e9.","robots":{"index":"noindex","follow":"nofollow"},"og_locale":"fr_FR","og_type":"article","og_title":"Jouet corde noeud pour chiens et chiots d'Elingue Wouapy - V\u00e9torino","og_description":"Ces jouets corde stimulent l'interactivit\u00e9 entre vous et votre fid\u00e8le compagnon, avec ce jouet vous pourrez vous amuser \u00e0 le lancer, le tirer ou encore votre chien pourra le m\u00e2cher. Ces jouets sont tr\u00e8s r\u00e9sistants et sont constitu\u00e9s de fibres int\u00e9rieures en coton recycl\u00e9.","og_url":"https:\/\/www.vetorino.com\/veterinaire\/confolens-16500\/boutique\/product\/jouet-chien-wouapy-corde-de-jeu-elingue\/","og_site_name":"V\u00e9torino","article_publisher":"https:\/\/www.facebook.com\/Vetorino\/","article_modified_time":"2026-02-04T01:42:10+00:00","og_image":[{"width":1164,"height":850,"url":"https:\/\/www.vetorino.com\/boutique\/wp-content\/uploads\/2024\/04\/0683-0093-Zoom-01.jpg","type":"image\/jpeg"}],"twitter_card":"summary_large_image","twitter_misc":{"Prix":"2,01&euro;","Disponibilit\u00e9":"En stock"},"schema":{"@context":"https:\/\/schema.org","@graph":[{"@type":"WebPage","@id":"https:\/\/www.vetorino.com\/boutique\/product\/jouet-chien-wouapy-corde-de-jeu-elingue\/","url":"https:\/\/www.vetorino.com\/boutique\/product\/jouet-chien-wouapy-corde-de-jeu-elingue\/","name":"Jouet corde noeud pour chiens et chiots d'Elingue Wouapy - V\u00e9torino","isPartOf":{"@id":"https:\/\/www.vetorino.com\/boutique\/#website"},"primaryImageOfPage":{"@id":"https:\/\/www.vetorino.com\/boutique\/product\/jouet-chien-wouapy-corde-de-jeu-elingue\/#primaryimage"},"image":{"@id":"https:\/\/www.vetorino.com\/boutique\/product\/jouet-chien-wouapy-corde-de-jeu-elingue\/#primaryimage"},"thumbnailUrl":"https:\/\/www.vetorino.com\/boutique\/wp-content\/uploads\/2024\/04\/0683-0093-Zoom-01.jpg","datePublished":"2024-04-26T15:52:29+00:00","dateModified":"2026-02-04T01:42:10+00:00","description":"Ces jouets corde stimulent l'interactivit\u00e9 entre vous et votre fid\u00e8le compagnon, avec ce jouet vous pourrez vous amuser \u00e0 le lancer, le tirer ou encore votre chien pourra le m\u00e2cher. Ces jouets sont tr\u00e8s r\u00e9sistants et sont constitu\u00e9s de fibres int\u00e9rieures en coton recycl\u00e9.","breadcrumb":{"@id":"https:\/\/www.vetorino.com\/boutique\/product\/jouet-chien-wouapy-corde-de-jeu-elingue\/#breadcrumb"},"inLanguage":"fr-FR","potentialAction":[{"@type":"ReadAction","target":["https:\/\/www.vetorino.com\/boutique\/product\/jouet-chien-wouapy-corde-de-jeu-elingue\/"]}]},{"@type":"ImageObject","inLanguage":"fr-FR","@id":"https:\/\/www.vetorino.com\/boutique\/product\/jouet-chien-wouapy-corde-de-jeu-elingue\/#primaryimage","url":"https:\/\/www.vetorino.com\/boutique\/wp-content\/uploads\/2024\/04\/0683-0093-Zoom-01.jpg","contentUrl":"https:\/\/www.vetorino.com\/boutique\/wp-content\/uploads\/2024\/04\/0683-0093-Zoom-01.jpg","width":1164,"height":850},{"@type":"BreadcrumbList","@id":"https:\/\/www.vetorino.com\/boutique\/product\/jouet-chien-wouapy-corde-de-jeu-elingue\/#breadcrumb","itemListElement":[{"@type":"ListItem","position":1,"name":"Accueil","item":"https:\/\/www.vetorino.com\/boutique\/"},{"@type":"ListItem","position":2,"name":"Produits","item":"https:\/\/www.vetorino.com\/boutique\/"},{"@type":"ListItem","position":3,"name":"Jouet corde noeud pour chiens et chiots d&#8217;Elingue"}]},{"@type":"WebSite","@id":"https:\/\/www.vetorino.com\/boutique\/#website","url":"https:\/\/www.vetorino.com\/boutique\/","name":"V\u00e9torino","description":"","publisher":{"@id":"https:\/\/www.vetorino.com\/boutique\/#organization"},"potentialAction":[{"@type":"SearchAction","target":{"@type":"EntryPoint","urlTemplate":"https:\/\/www.vetorino.com\/boutique\/?s={search_term_string}"},"query-input":{"@type":"PropertyValueSpecification","valueRequired":true,"valueName":"search_term_string"}}],"inLanguage":"fr-FR"},{"@type":"Organization","@id":"https:\/\/www.vetorino.com\/boutique\/#organization","name":"V\u00e9torino","url":"https:\/\/www.vetorino.com\/boutique\/","logo":{"@type":"ImageObject","inLanguage":"fr-FR","@id":"https:\/\/www.vetorino.com\/boutique\/#\/schema\/logo\/image\/","url":"https:\/\/www.vetorino.com\/boutique\/wp-content\/uploads\/2024\/10\/logo.jpg","contentUrl":"https:\/\/www.vetorino.com\/boutique\/wp-content\/uploads\/2024\/10\/logo.jpg","width":1200,"height":610,"caption":"V\u00e9torino"},"image":{"@id":"https:\/\/www.vetorino.com\/boutique\/#\/schema\/logo\/image\/"},"sameAs":["https:\/\/www.facebook.com\/Vetorino\/","https:\/\/www.instagram.com\/vetorino_off\/","https:\/\/www.linkedin.com\/company\/vtorino\/"]}]},"product_brand":"Wouapy","product_price_amount":"2.01","product_price_currency":"EUR","og_availability":"instock","product_availability":"instock","product_retailer_item_id":"C-JOU997","product_condition":"new"},"_links":{"self":[{"href":"https:\/\/www.vetorino.com\/veterinaire\/confolens-16500\/boutique\/wp-json\/wp\/v2\/product\/906439","targetHints":{"allow":["GET"]}}],"collection":[{"href":"https:\/\/www.vetorino.com\/veterinaire\/confolens-16500\/boutique\/wp-json\/wp\/v2\/product"}],"about":[{"href":"https:\/\/www.vetorino.com\/veterinaire\/confolens-16500\/boutique\/wp-json\/wp\/v2\/types\/product"}],"wp:featuredmedia":[{"embeddable":true,"href":"https:\/\/www.vetorino.com\/veterinaire\/confolens-16500\/boutique\/wp-json\/wp\/v2\/media\/908964"}],"wp:attachment":[{"href":"https:\/\/www.vetorino.com\/veterinaire\/confolens-16500\/boutique\/wp-json\/wp\/v2\/media?parent=906439"}],"wp:term":[{"taxonomy":"product_cat","embeddable":true,"href":"https:\/\/www.vetorino.com\/veterinaire\/confolens-16500\/boutique\/wp-json\/wp\/v2\/product_cat?post=906439"},{"taxonomy":"product_tag","embeddable":true,"href":"https:\/\/www.vetorino.com\/veterinaire\/confolens-16500\/boutique\/wp-json\/wp\/v2\/product_tag?post=906439"}],"curies":[{"name":"wp","href":"https:\/\/api.w.org\/{rel}","templated":true}]}}